{"id":457,"date":"2021-06-28T17:53:37","date_gmt":"2021-06-28T17:53:37","guid":{"rendered":"https:\/\/sirplay.com\/casino\/?page_id=457"},"modified":"2025-04-04T11:47:40","modified_gmt":"2025-04-04T11:47:40","slug":"plataforma-de-cassino-online","status":"publish","type":"page","link":"https:\/\/sirplay.com\/casino\/plataforma-de-cassino-online\/","title":{"rendered":"Plataforma de cassino online"},"content":{"rendered":"<div id=\"cs-content\" class=\"cs-content\"><div class=\"x-section e457-e1 mcp-0 mcp-1 mcp-2\"><div class=\"x-row e457-e2 mcp-7 mcp-8 mcp-9 mcp-a mcp-b mcp-c mcp-l mcp-m\"><div class=\"x-row-inner\"><div class=\"x-col e457-e3 mcp-w mcp-x mcp-y mcp-z mcp-10\"><div class=\"x-text x-text-headline e457-e4 mcp-1e mcp-1f mcp-1g mcp-1h\"><div class=\"x-text-content\"><div class=\"x-text-content-text\"><h1 class=\"x-text-content-text-primary\">Crie sua pr&oacute;pria <strong>plataforma de cassino<\/strong> online<\/h1>\n<\/div><\/div><\/div><div class=\"x-text x-content e457-e5 mcp-1r mcp-1s mcp-1t mcp-1u mcp-1v mcp-1w mcp-1x\"><\/div><div class=\"x-text x-content e457-e6 mcp-1s mcp-1u mcp-1v mcp-1x mcp-1y mcp-1z mcp-20\"><p>Oferecemos <strong>White Label Cassino<\/strong> com Software e Ferramentas de Negocia&ccedil;&atilde;o:<br \/>- Controles da conta do jogador<br \/>- Pol&iacute;tica de seguran&ccedil;a<br \/>- Controles Administrativos<br \/>- Gest&atilde;o de ativos<br \/>- Auto-monitoramento<br \/>- Equipamento de jogo<br \/>- Broker Turnkey<br \/>- API Web<br \/>- Jackpot progressivo<br \/>- Feed Games, Site<br \/>- Forma&ccedil;&atilde;o da companhia<br \/>- Licen&ccedil;a de jogo<br \/>- Consultoria ponta a ponta para iniciar o neg&oacute;cio do Casino<\/p><\/div><\/div><div class=\"x-col e457-e7 mcp-w mcp-x mcp-10 mcp-11 mcp-12 mcp-13 mcp-14 mcp-15 mcp-16 mcp-17\"><div class=\"x-frame x-frame-video-embed e457-e8 mcp-26 mcp-27\"><div class=\"x-frame-inner\"><div class=\"x-video x-video-embed\"><iframe loading=\"lazy\" width=\"560\" height=\"315\" src=\"https:\/\/www.youtube.com\/embed\/nkmlRmcZ1vM?rel=0\" frameborder=\"0\" allow=\"accelerometer; autoplay; encrypted-media; gyroscope; picture-in-picture\" allowfullscreen><\/iframe><\/div><\/div><\/div><\/div><\/div><\/div><\/div><div class=\"x-section e457-e9 mcp-0 mcp-2 mcp-3\"><div class=\"x-row e457-e10 mcp-7 mcp-8 mcp-9 mcp-b mcp-c mcp-d mcp-l mcp-n\"><div class=\"x-row-inner\"><div class=\"x-col e457-e11 mcp-w mcp-x mcp-y mcp-16 mcp-17\"><span class=\"x-image e457-e12 mcp-28\"><img decoding=\"async\" src=\"https:\/\/sirplay.com\/casino\/wp-content\/uploads\/2025\/04\/plataforma-de-cassino.jpg\" width=\"668\" height=\"682\" alt=\"plataforma de cassino\" loading=\"lazy\"><\/span><\/div><div class=\"x-col e457-e13 mcp-w mcp-x mcp-y mcp-z\"><div class=\"x-text x-text-headline e457-e14 mcp-1e mcp-1f mcp-1g mcp-1h\"><div class=\"x-text-content\"><div class=\"x-text-content-text\"><h2 class=\"x-text-content-text-primary\">Oferecemos solu&ccedil;&otilde;es de <strong>cassino online prontas para uso<\/strong>, literalmente!<\/h2>\n<\/div><\/div><\/div><hr class=\"x-line e457-e15 mcp-29 mcp-2a\"\/><hr class=\"x-line e457-e16 mcp-29 mcp-2a\"\/><div class=\"x-text x-content e457-e17 mcp-1u mcp-1x mcp-20 mcp-21 mcp-22\"><p>Configura\u00e7\u00e3o da empresa e abertura de conta banc\u00e1ria<\/p>\n<p>Conformidade com regulamentos e licen\u00e7a de jogo<\/p>\n<p>Solu\u00e7\u00e3o de etiqueta em branco para cassino<\/p>\n<p>Logotipo e marca do site<\/p>\n<p>Ferramentas de negocia\u00e7\u00e3o (treinamento)<\/p>\n<p>Processadores de gateway de pagamento<\/p>\n<p>Servi\u00e7os de marketing e promo\u00e7\u00e3o<\/p>\n<p>Suporte ao Cliente<\/p><\/div><hr class=\"x-line e457-e18 mcp-29 mcp-2a\"\/><\/div><\/div><\/div><\/div><div class=\"x-section e457-e19 mcp-0 mcp-2 mcp-4\"><div class=\"x-row e457-e20 mcp-7 mcp-9 mcp-b mcp-d mcp-e mcp-f mcp-g mcp-h mcp-o mcp-p\"><div class=\"x-row-inner\"><div class=\"x-col e457-e21 mcp-w mcp-x mcp-18\"><div class=\"x-text x-text-headline e457-e22 mcp-1e mcp-1f mcp-1g mcp-1h mcp-1i\"><div class=\"x-text-content\"><div class=\"x-text-content-text\"><h1 class=\"x-text-content-text-primary\">Quais ser&atilde;o os benef&iacute;cios?<br \/><strong>deixe-nos explicar<\/strong><\/h1>\n<\/div><\/div><\/div><div class=\"x-text x-content e457-e23 mcp-1r mcp-1s mcp-1u mcp-1v mcp-1w mcp-1x mcp-23\">Se voc\u00ea deseja entrar no neg\u00f3cio de jogos de azar online, uma solu\u00e7\u00e3o de white label do cassino pode ajud\u00e1-lo a dar os primeiros passos.<\/div><div class=\"x-text x-content e457-e24 mcp-1u mcp-1x mcp-20 mcp-21 mcp-22\"><p>Aproveite os nossos servi&ccedil;os profissionais e experi&ecirc;ncia, bem como as nossas plataformas e tecnologia de casino. Nossos parceiros regulamentados recebem todo o suporte de que precisam para entrar na ind&uacute;stria de cassinos online e s&atilde;o fornecidos com vers&otilde;es com \/ sem marca de nossas plataformas.<\/p>\n<p>Come&ccedil;ar um cassino online pode ser complicado! &Eacute; por isso que criamos um ambiente de Casino completo, com os melhores fornecedores de jogos, com o objectivo de lhe oferecer a mais vasta selec&ccedil;&atilde;o de slots e jogos de casino online, com mais de 3000 jogos. A matem&aacute;tica do jogo &eacute; segura e certificada.<\/p>\n<p>Com extensas ferramentas de gerenciamento de risco para permitir uma configura&ccedil;&atilde;o r&aacute;pida e f&aacute;cil, que est&aacute; pronta para crescer conforme o seu neg&oacute;cio cresce.<\/p><\/div><\/div><\/div><\/div><div class=\"x-row x-container max width e457-e25 mcp-7 mcp-8 mcp-9 mcp-b mcp-d mcp-f mcp-g mcp-h mcp-o mcp-q\"><div class=\"x-row-inner\"><div class=\"x-col e457-e26 mcp-w mcp-x mcp-18 mcp-19\"><span class=\"x-image e457-e27 mcp-28\"><img decoding=\"async\" src=\"https:\/\/sirplay.com\/casino\/wp-content\/uploads\/2025\/04\/plataforma-esportivas.jpg\" width=\"1430\" height=\"520\" alt=\"plataforma de cassino\" loading=\"lazy\"><\/span><\/div><\/div><\/div><\/div><div class=\"x-section e457-e28 mcp-0 mcp-2 mcp-3 mcp-5\"><div class=\"x-row e457-e29 mcp-7 mcp-8 mcp-9 mcp-b mcp-c mcp-d mcp-l mcp-r\"><div class=\"x-row-inner\"><div class=\"x-col e457-e30 mcp-w mcp-x mcp-y mcp-z mcp-10\"><div class=\"x-text x-text-headline e457-e31 mcp-1e mcp-1f mcp-1g mcp-1j\"><div class=\"x-text-content\"><div class=\"x-text-content-text\"><h3 class=\"x-text-content-text-primary\"><strong>O que temos para voc&ecirc;?<\/strong><\/h3>\n<\/div><\/div><\/div><div class=\"x-text x-text-headline e457-e32 mcp-1e mcp-1f mcp-1g mcp-1h\"><div class=\"x-text-content\"><div class=\"x-text-content-text\"><h3 class=\"x-text-content-text-primary\">Solu&ccedil;&otilde;es completas para cassinos com etiqueta em branco<\/h3>\n<\/div><\/div><\/div><div class=\"x-text x-content e457-e33 mcp-1r mcp-1s mcp-1t mcp-1u mcp-1v mcp-1w mcp-1x\"><\/div><div class=\"x-text x-content e457-e34 mcp-1s mcp-1u mcp-1v mcp-1x mcp-1y mcp-1z mcp-20\"><ul>\n<li>\n<p>Procedimentos de Verifica&ccedil;&atilde;o, aprovados pelos &oacute;rg&atilde;os reguladores<\/p>\n<\/li>\n<li>\n<p>Gateways de pagamento de jogos de azar, incluindo criptomoedas<\/p>\n<\/li>\n<li>\n<p>Ferramentas de marketing de afiliados, sistema de refer&ecirc;ncia e m&iacute;dia social<\/p>\n<\/li>\n<li>\n<p>Notifica&ccedil;&otilde;es push para celular, notifica&ccedil;&otilde;es push na Web e mensagens no aplicativo<\/p>\n<\/li>\n<li>\n<p>Controle de conta de jogador, registro e verifica&ccedil;&atilde;o, sistema de detec&ccedil;&atilde;o de contas fraudulentas<\/p>\n<\/li>\n<li>\n<p>Ferramentas de geolocaliza&ccedil;&atilde;o para extrair informa&ccedil;&otilde;es de localiza&ccedil;&atilde;o do endere&ccedil;o IP<br \/>sim, tem mais<\/p>\n<p><br \/>Espere, tem mais<\/p>\n<p>A plataforma do Sirplay &eacute; otimizada para desempenho excepcional e alta estabilidade. Usamos a tecnologia mais recente, com desempenho at&eacute; 2x mais r&aacute;pido do que a plataforma convencional de cassino.<br \/>Nossa longa experi&ecirc;ncia e nossa intui&ccedil;&atilde;o deram origem ao aplicativo mais r&aacute;pido e poderoso que existe hoje em dia.<\/p>\n<\/li>\n<\/ul><\/div><div class=\"x-row e457-e35 mcp-7 mcp-8 mcp-9 mcp-b mcp-d mcp-f mcp-h mcp-i mcp-s\"><div class=\"x-row-inner\"><div class=\"x-col e457-e36 mcp-w mcp-x mcp-18\"><\/div><\/div><\/div><\/div><div class=\"x-col e457-e37 mcp-w mcp-x mcp-10 mcp-11 mcp-12 mcp-13 mcp-18 mcp-1a\"><span class=\"x-image e457-e38 mcp-28\"><img decoding=\"async\" src=\"https:\/\/sirplay.com\/casino\/wp-content\/uploads\/2021\/12\/online-casino-platform.jpg\" width=\"843\" height=\"543\" alt=\"online casino platform\" loading=\"lazy\"><\/span><\/div><\/div><\/div><\/div><div class=\"x-section e457-e39 mcp-0 mcp-2 mcp-3\"><div class=\"x-row e457-e40 mcp-7 mcp-8 mcp-9 mcp-b mcp-c mcp-d mcp-l mcp-t\"><div class=\"x-row-inner\"><div class=\"x-col e457-e41 mcp-w mcp-x mcp-y mcp-16 mcp-17\"><span class=\"x-image e457-e42 mcp-28\"><img decoding=\"async\" src=\"https:\/\/sirplay.com\/casino\/wp-content\/uploads\/2025\/04\/gateway-de-pagamento.png\" width=\"1707\" height=\"960\" alt=\"gateway de pagamento\" loading=\"lazy\"><\/span><\/div><div class=\"x-col e457-e43 mcp-w mcp-x mcp-y mcp-z\"><div class=\"x-text x-text-headline e457-e44 mcp-1e mcp-1f mcp-1g mcp-1k\"><div class=\"x-text-content\"><div class=\"x-text-content-text\"><h2 class=\"x-text-content-text-primary\"><strong>Sistemas de pagamento prontos para uso<\/strong><\/h2>\n<\/div><\/div><\/div><div class=\"x-text x-content e457-e45 mcp-1s mcp-1t mcp-1u mcp-1v mcp-1w mcp-1x mcp-1z mcp-20 mcp-24\">Integramos m\u00e9todos de pagamento de classe mundial para jogos. F\u00e1cil de usar e gerenciar todos os seus canais de pagamento.<\/div><div class=\"x-text x-content e457-e46 mcp-1s mcp-1t mcp-1u mcp-1v mcp-1w mcp-1x mcp-1z mcp-20 mcp-24\"><p><strong>Flutterwave<\/strong><br \/>Gateway de pagamento online dispon&iacute;vel em qualquer lugar do mundo.<\/p>\n<p><strong>Paystack<\/strong><br \/>Pagamentos modernos online e offline para a &Aacute;frica<\/p>\n<p><strong>PayU<\/strong><br \/>Servi&ccedil;os de pagamento online na Am&eacute;rica do Sul.<\/p>\n<p><strong>Mercado Pago<\/strong><br \/>m&eacute;todos por excel&ecirc;ncia na Am&eacute;rica Latina<\/p>\n<p><strong>Bitcoin e criptomoedas<\/strong><br \/>A plataforma aceita todas as criptomoedas existentes atualmente.<\/p><\/div><\/div><\/div><\/div><\/div><div class=\"x-section e457-e47 mcp-0 mcp-6\"><div class=\"x-bg\" aria-hidden=\"true\"><div class=\"x-bg-layer-lower-image\"><\/div><\/div><div class=\"x-row x-container max width e457-e48 mcp-7 mcp-8 mcp-d mcp-h mcp-j mcp-u\"><div class=\"x-bg\" aria-hidden=\"true\"><div class=\"x-bg-layer-lower-color\"><\/div><\/div><div class=\"x-row-inner\"><div class=\"x-col e457-e49 mcp-w mcp-11 mcp-12 mcp-1b\"><div class=\"x-text x-text-headline e457-e50 mcp-1e mcp-1f mcp-1l mcp-1m mcp-1n\"><div class=\"x-text-content\"><div class=\"x-text-content-text\"><h2 class=\"x-text-content-text-primary\">Contact Us<\/h2>\n<\/div><\/div><\/div><hr class=\"x-line e457-e51 mcp-2a mcp-2b\"\/><div class=\"x-text x-text-headline has-graphic e457-e52 mcp-1e mcp-1m mcp-1n mcp-1o mcp-1p\"><div class=\"x-text-content\"><span class=\"x-graphic\" aria-hidden=\"true\"><i class=\"x-icon x-graphic-child x-graphic-icon x-graphic-primary\" aria-hidden=\"true\" data-x-icon-l=\"&#x40;\"><\/i><\/span><div class=\"x-text-content-text\"><h1 class=\"x-text-content-text-primary\">sales@sirplay.com<\/h1>\n<\/div><\/div><\/div><hr class=\"x-line e457-e53 mcp-2a mcp-2b\"\/><div class=\"x-text x-text-headline has-graphic e457-e54 mcp-1e mcp-1m mcp-1n mcp-1o mcp-1p\"><div class=\"x-text-content\"><span class=\"x-graphic\" aria-hidden=\"true\"><i class=\"x-icon x-graphic-child x-graphic-icon x-graphic-primary\" aria-hidden=\"true\" data-x-icon-l=\"&#xf2a0;\"><\/i><\/span><div class=\"x-text-content-text\"><h1 class=\"x-text-content-text-primary\">+39 3513960904<\/h1>\n<\/div><\/div><\/div><hr class=\"x-line e457-e55 mcp-2a mcp-2b\"\/><div class=\"x-text x-text-headline has-graphic e457-e56 mcp-1e mcp-1m mcp-1n mcp-1o mcp-1p\"><div class=\"x-text-content\"><span class=\"x-graphic\" aria-hidden=\"true\"><i class=\"x-icon x-graphic-child x-graphic-icon x-graphic-primary\" aria-hidden=\"true\" data-x-icon-l=\"&#xf017;\"><\/i><\/span><div class=\"x-text-content-text\"><h1 class=\"x-text-content-text-primary\">Open 24\/7!<\/h1>\n<\/div><\/div><\/div><hr class=\"x-line e457-e57 mcp-2a mcp-2c\"\/><div class=\"x-row e457-e58 mcp-7 mcp-8 mcp-9 mcp-a mcp-f mcp-g mcp-h mcp-k mcp-o mcp-v\"><div class=\"x-row-inner\"><div class=\"x-col e457-e59 mcp-w mcp-x mcp-11 mcp-13 mcp-14 mcp-18 mcp-1c\"><a class=\"x-anchor x-anchor-button has-graphic e457-e60 mcp-2d\" tabindex=\"0\" href=\"https:\/\/api.whatsapp.com\/send?phone=393513960904&amp;text=Hello\" target=\"_blank\" rel=\"noopener noreferrer\"><div class=\"x-anchor-content\"><span class=\"x-graphic\" aria-hidden=\"true\"><i class=\"x-icon x-graphic-child x-graphic-icon x-graphic-primary\" aria-hidden=\"true\" data-x-icon-b=\"&#xf232;\"><\/i><\/span><\/div><\/a><a class=\"x-anchor x-anchor-button has-graphic e457-e61 mcp-2d\" tabindex=\"0\" href=\"skype:manager.sirplay?chat\" target=\"_blank\" rel=\"noopener noreferrer\"><div class=\"x-anchor-content\"><span class=\"x-graphic\" aria-hidden=\"true\"><i class=\"x-icon x-graphic-child x-graphic-icon x-graphic-primary\" aria-hidden=\"true\" data-x-icon-b=\"&#xf17e;\"><\/i><\/span><\/div><\/a><\/div><\/div><\/div><\/div><div class=\"x-col e457-e62 mcp-w mcp-x mcp-17 mcp-1d\"><div class=\"x-text x-text-headline e457-e63 mcp-1e mcp-1n mcp-1p mcp-1q\"><div class=\"x-text-content\"><div class=\"x-text-content-text\"><h3 class=\"x-text-content-text-primary\">Entrar em contato<\/h3>\n<\/div><\/div><\/div><div class=\"x-form-integration x-form-integration-contact-form-7 e457-e64 mcp-2e\">\n<div class=\"wpcf7 no-js\" id=\"wpcf7-f82-o1\" lang=\"en-US\" dir=\"ltr\" data-wpcf7-id=\"82\">\n<div class=\"screen-reader-response\"><p role=\"status\" aria-live=\"polite\" aria-atomic=\"true\"><\/p> <ul><\/ul><\/div>\n<form action=\"\/casino\/wp-json\/wp\/v2\/pages\/457#wpcf7-f82-o1\" method=\"post\" class=\"wpcf7-form init\" aria-label=\"Contact form\" novalidate=\"novalidate\" data-status=\"init\">\n<fieldset class=\"hidden-fields-container\"><input type=\"hidden\" name=\"_wpcf7\" value=\"82\" \/><input type=\"hidden\" name=\"_wpcf7_version\" value=\"6.1.4\" \/><input type=\"hidden\" name=\"_wpcf7_locale\" value=\"en_US\" \/><input type=\"hidden\" name=\"_wpcf7_unit_tag\" value=\"wpcf7-f82-o1\" \/><input type=\"hidden\" name=\"_wpcf7_container_post\" value=\"0\" \/><input type=\"hidden\" name=\"_wpcf7_posted_data_hash\" value=\"\" \/><input type=\"hidden\" name=\"_wpcf7_recaptcha_response\" value=\"\" \/>\n<\/fieldset>\n<p><label> Full Name<br \/>\n<span class=\"wpcf7-form-control-wrap\" data-name=\"your-name\"><input size=\"40\" maxlength=\"400\" class=\"wpcf7-form-control wpcf7-text wpcf7-validates-as-required\" aria-required=\"true\" aria-invalid=\"false\" value=\"\" type=\"text\" name=\"your-name\" \/><\/span> <\/label>\n<\/p>\n<p><label> Your email<br \/>\n<span class=\"wpcf7-form-control-wrap\" data-name=\"your-email\"><input size=\"40\" maxlength=\"400\" class=\"wpcf7-form-control wpcf7-email wpcf7-validates-as-required wpcf7-text wpcf7-validates-as-email\" aria-required=\"true\" aria-invalid=\"false\" value=\"\" type=\"email\" name=\"your-email\" \/><\/span> <\/label>\n<\/p>\n<p><label> Country<br \/>\n<span class=\"wpcf7-form-control-wrap\" data-name=\"countrytext-54\"><input size=\"40\" class=\"wpcf7-form-control wpcf7-countrytext wpcf7-text wpcf7-validates-as-countrytext\" aria-invalid=\"false\" value=\"\" type=\"text\" name=\"countrytext-54\" \/><\/span> <\/label>\n<\/p>\n<p><label> Phone Number<br \/>\n<span class=\"wpcf7-form-control-wrap\" data-name=\"phonetext-462\"><input size=\"40\" class=\"wpcf7-form-control wpcf7-phonetext wpcf7-text wpcf7-validates-as-phonetext\" aria-invalid=\"false\" value=\"\" type=\"text\" name=\"phonetext-462\" \/><input type=\"hidden\" name=\"phonetext-462-country-code\" class=\"wpcf7-phonetext-country-code\" \/><\/span> <\/label>\n<\/p>\n<p><label> Message<br \/>\n<span class=\"wpcf7-form-control-wrap\" data-name=\"your-message\"><textarea cols=\"40\" rows=\"10\" maxlength=\"2000\" class=\"wpcf7-form-control wpcf7-textarea\" aria-invalid=\"false\" name=\"your-message\"><\/textarea><\/span> <\/label>\n<\/p>\n<p><input class=\"wpcf7-form-control wpcf7-submit has-spinner\" type=\"submit\" value=\"Submit\" \/>\n<\/p><div class=\"wpcf7-response-output\" aria-hidden=\"true\"><\/div>\n<\/form>\n<\/div>\n<\/div><hr class=\"x-line e457-e65 mcp-29 mcp-2a\"\/><div class=\"x-text x-content e457-e66 mcp-1u mcp-1v mcp-20 mcp-21 mcp-25\">We don\u2019t share your personal information with anyone. Check out our \"<a href=\"https:\/\/sirplay.com\/privacy-policy\/\" target=\"_blank\" rel=\"noopener\">privacy policy<\/a>\" for more information<\/div><\/div><\/div><\/div><\/div><\/div>\n","protected":false},"excerpt":{"rendered":"<p>Crie sua pr&oacute;pria plataforma de cassino online Oferecemos White Label Cassino com Software e Ferramentas de Negocia&ccedil;&atilde;o:- Controles da conta do jogador- Pol&iacute;tica de seguran&ccedil;a- Controles Administrativos- Gest&atilde;o de ativos- Auto-monitoramento- Equipamento de jogo- Broker Turnkey- API Web- Jackpot progressivo- Feed Games, Site- Forma&ccedil;&atilde;o da companhia- Licen&ccedil;a de jogo- Consultoria ponta a ponta para iniciar o neg&oacute;cio do CasinoOferecemos solu&ccedil;&otilde;es &#8230; <a href=\"https:\/\/sirplay.com\/casino\/plataforma-de-cassino-online\/\" class=\"more-link\">Read More<\/a><\/p>\n","protected":false},"author":1,"featured_media":0,"parent":0,"menu_order":0,"comment_status":"closed","ping_status":"closed","template":"template-blank-4.php","meta":{"footnotes":""},"class_list":["post-457","page","type-page","status-publish","hentry","no-post-thumbnail"],"aioseo_notices":[],"_links":{"self":[{"href":"https:\/\/sirplay.com\/casino\/wp-json\/wp\/v2\/pages\/457","targetHints":{"allow":["GET"]}}],"collection":[{"href":"https:\/\/sirplay.com\/casino\/wp-json\/wp\/v2\/pages"}],"about":[{"href":"https:\/\/sirplay.com\/casino\/wp-json\/wp\/v2\/types\/page"}],"author":[{"embeddable":true,"href":"https:\/\/sirplay.com\/casino\/wp-json\/wp\/v2\/users\/1"}],"replies":[{"embeddable":true,"href":"https:\/\/sirplay.com\/casino\/wp-json\/wp\/v2\/comments?post=457"}],"version-history":[{"count":6,"href":"https:\/\/sirplay.com\/casino\/wp-json\/wp\/v2\/pages\/457\/revisions"}],"predecessor-version":[{"id":639,"href":"https:\/\/sirplay.com\/casino\/wp-json\/wp\/v2\/pages\/457\/revisions\/639"}],"wp:attachment":[{"href":"https:\/\/sirplay.com\/casino\/wp-json\/wp\/v2\/media?parent=457"}],"curies":[{"name":"wp","href":"https:\/\/api.w.org\/{rel}","templated":true}]}}