{"id":18810,"date":"2021-06-04T09:29:50","date_gmt":"2021-06-04T09:29:50","guid":{"rendered":"https:\/\/sirplay.com\/wettterminals\/"},"modified":"2024-06-09T11:50:57","modified_gmt":"2024-06-09T11:50:57","slug":"wettterminals","status":"publish","type":"page","link":"https:\/\/sirplay.com\/de\/wettterminals\/","title":{"rendered":"Wettterminals"},"content":{"rendered":"<div class=\"wpb-content-wrapper\"><p>[vc_row][vc_column][vc_column_text]<strong>Unsere Einzelhandels-Wettterminals sind als All-in-One-L\u00f6sungen<\/strong>\u00a0mit einem\u00a0<strong>Drucker<\/strong>, einem\u00a0<strong>POS<\/strong>, einem Android-System\u00a0und unserer Wettsoftware-Ready konzipiert -to-Go.<\/p>\n<p>Um ein profitables und ansprechendes Einkaufserlebnis zu schaffen, besuchen Sie den Abschnitt Sportwetten-Terminals:\u00a0<a href=\"https:\/\/sirplay.com\/sports-betting-software\/retail-solutions\/\">Omnichannel-Plattform zur Verwaltung des Einzelhandels L\u00f6sungen<\/a><\/p>\n<p>Wenn wir sagen \u2013 Sirplay ist der Experte f\u00fcr Gaming-L\u00f6sungen, der das Beste bietet \u2013 meinen wir, dass wir es auch f\u00fcr Ihre Wettshops tun.<\/p>\n<p>Sie passen in Ihre Handfl\u00e4che und sind daher\u00a0<strong>perfekt auch f\u00fcr die kleinsten Wettb\u00fcros<\/strong>.[\/vc_column_text][\/vc_column][\/vc_row][vc_row css=&#8221;.vc_custom_1541546704203{margin-top: 30px !important;margin-bottom: 100px !important;}&#8221;][vc_column][vc_row_inner css=&#8221;.vc_custom_1541538802692{margin-top: 65px !important;}&#8221;][vc_column_inner width=&#8221;1\/2&#8243;][vc_custom_heading text=&#8221;All-in-One-Sportwetten-Terminals Android POS&#8221; font_container=&#8221;tag:h2|font_size:40px|text_align:left|color:%23a0c528|line_height:40px&#8221; use_theme_fonts=&#8221;yes&#8221; css_animation=&#8221;none&#8221; css=&#8221;.vc_custom_1622741815768{margin-top: 3px !important;margin-bottom: 35px !important;}&#8221;][vc_single_image image=&#8221;18590&#8243; img_size=&#8221;full&#8221; alignment=&#8221;center&#8221;][vc_column_text css_animation=&#8221;none&#8221; css=&#8221;.vc_custom_1621012798328{margin-bottom: 45px !important;}&#8221;]<\/p>\n<p style=\"max-width: 500px; margin-bottom: 30px;\"><strong>Android OS<\/strong> &#8211; letzte Version<br \/>\nWi-Fi-Konnektivit\u00e4t +4g-Netzwerk<br \/>\nDual-Sim-Karte<br \/>\nBarcode-Scanner<br \/>\n5\u2033 LCD<br \/>\nTastatur<br \/>\nInterner erweiterbarer Speicher<br \/>\nKontaktloser Kartenleser<br \/>\n5MP-Kamera[\/vc_column_text][vc_column_text css_animation=&#8221;none&#8221;]<\/p>\n<div class=\"niva-separator\" style=\"height: 4px; background: #A0C528; width: 60px; border-radius: 5px;\"><\/div>\n<p>[\/vc_column_text][\/vc_column_inner][vc_column_inner width=&#8221;1\/2&#8243; offset=&#8221;vc_hidden-xs&#8221; css=&#8221;.vc_custom_1621013239504{background-color: #a0c528 !important;}&#8221;][vc_single_image image=&#8221;18629&#8243; img_size=&#8221;full&#8221; alignment=&#8221;center&#8221;][vc_custom_heading text=&#8221;All-in-One-Sportwetten-Terminals andorid POS&#8221; font_container=&#8221;tag:h2|font_size:40px|text_align:left|color:%23ffffff|line_height:40px&#8221; use_theme_fonts=&#8221;yes&#8221; css_animation=&#8221;none&#8221; css=&#8221;.vc_custom_1621013256057{margin-top: 3px !important;margin-bottom: 35px !important;}&#8221;][vc_column_text]<\/p>\n<p style=\"color: #ffffff;\"><strong>Android<\/strong> letztes Betriebssystem<br \/>\nIntegriertes 4.0 Bluetooth<br \/>\nWLAN-Konnektivit\u00e4t + 3g\/4g-Netzwerk<br \/>\nEingebauter 58-mm-Thermodrucker<br \/>\nNFC-\/Chipkarten-\/Magnetstreifenkarten werden unterst\u00fctzt<br \/>\n1D- und 2D-Barcode-Scanner<br \/>\nGPS integriert<br \/>\nDoppeldisplays: Touchscreen und Kundendisplay<br \/>\n7\u2033 LCD[\/vc_column_text][\/vc_column_inner][\/vc_row_inner][vc_row_inner css=&#8221;.vc_custom_1541538802692{margin-top: 65px !important;}&#8221;][vc_column_inner width=&#8221;1\/2&#8243; offset=&#8221;vc_hidden-xs&#8221; css=&#8221;.vc_custom_1621013239504{background-color: #a0c528 !important;}&#8221;][vc_single_image image=&#8221;18639&#8243; img_size=&#8221;full&#8221; alignment=&#8221;center&#8221;][vc_custom_heading text=&#8221;Tragbarer Mini-Ticket-Bluetooth-Drucker&#8221; font_container=&#8221;tag:h2|font_size:40px|text_align:left|color:%23ffffff|line_height:40px&#8221; use_theme_fonts=&#8221;yes&#8221; css_animation=&#8221;none&#8221; css=&#8221;.vc_custom_1621417419903{margin-top: 3px !important;margin-bottom: 35px !important;}&#8221;][vc_column_text]<\/p>\n<p style=\"color: #ffffff;\"><strong>Hi-Tech-Design<\/strong><br \/>\nMini-Abmessungen f\u00fcr die Hosentasche \u2013 110 mm x 45 mm x 85 mm<br \/>\nIntegrierte Bluetooth-WLAN-Konnektivit\u00e4t + 2g\/3g\/4g-Netzwerk<br \/>\nUnterst\u00fctzt 1d\/2d-Barcode<br \/>\nEingebauter Thermodrucker mit 10m Autonomie![\/vc_column_text][\/vc_column_inner][vc_column_inner width=&#8221;1\/2&#8243;][vc_custom_heading text=&#8221;Android Mini-Ticketdrucker&#8221; font_container=&#8221;tag:h2|font_size:40px|text_align:left|color:%23a0c528|line_height:40px&#8221; use_theme_fonts=&#8221;yes&#8221; css_animation=&#8221;none&#8221; css=&#8221;.vc_custom_1621417910064{margin-top: 3px !important;margin-bottom: 35px !important;}&#8221;][vc_single_image image=&#8221;18649&#8243; img_size=&#8221;full&#8221; alignment=&#8221;center&#8221;][vc_column_text css_animation=&#8221;none&#8221; css=&#8221;.vc_custom_1621417966198{margin-bottom: 45px !important;}&#8221;]<\/p>\n<p style=\"max-width: 500px; margin-bottom: 30px;\"><strong>Android<\/strong> letztes Betriebssystem<br \/>\nWi-Fi-Konnektivit\u00e4t +3g\/4g-Netzwerk<br \/>\n2D-Barcode + QR-Code-Scanner integriert<br \/>\nEingebauter 58-mm-Thermodrucker<br \/>\n5,5\u2033 LCD<br \/>\n5200 mAh Akku[\/vc_column_text][vc_column_text css_animation=&#8221;none&#8221;]<\/p>\n<div class=\"niva-separator\" style=\"height: 4px; background: #A0C528; width: 60px; border-radius: 5px;\"><\/div>\n<p>[\/vc_column_text][\/vc_column_inner][\/vc_row_inner][vc_row_inner css=&#8221;.vc_custom_1541538802692{margin-top: 65px !important;}&#8221;][vc_column_inner width=&#8221;1\/2&#8243;][vc_custom_heading text=&#8221;Mobile Pos Thermo-Bluetooth-Drucker&#8221; font_container=&#8221;tag:h2|font_size:40px|text_align:left|color:%23a0c528|line_height:40px&#8221; use_theme_fonts=&#8221;yes&#8221; css_animation=&#8221;none&#8221; css=&#8221;.vc_custom_1621418068629{margin-top: 3px !important;margin-bottom: 35px !important;}&#8221;][vc_single_image image=&#8221;18659&#8243; img_size=&#8221;full&#8221; alignment=&#8221;center&#8221;][vc_column_text css_animation=&#8221;none&#8221; css=&#8221;.vc_custom_1621418282987{margin-bottom: 45px !important;}&#8221;]<\/p>\n<p style=\"max-width: 500px; margin-bottom: 30px;\"><strong>3-Zoll<\/strong> breiter Druckmechanismus<br \/>\nPassende Einhandma\u00dfe<br \/>\nWi-Fi-Konnektivit\u00e4t + 2.0\/3.0 Bluetooth<br \/>\nUnterst\u00fctzt 2D-Barcode<br \/>\nEingebauter <strong>78\/58-mm-Thermodrucker<\/strong><br \/>\nKontaktloses\/Magnetisches\/Smart Card-Leseger\u00e4t[\/vc_column_text][vc_column_text css_animation=&#8221;none&#8221;]<\/p>\n<div class=\"niva-separator\" style=\"height: 4px; background: #A0C528; width: 60px; border-radius: 5px;\"><\/div>\n<p>[\/vc_column_text][\/vc_column_inner][vc_column_inner width=&#8221;1\/2&#8243; offset=&#8221;vc_hidden-xs&#8221; css=&#8221;.vc_custom_1621013239504{background-color: #a0c528 !important;}&#8221;][vc_custom_heading text=&#8221;Kontaktieren Sie uns, um mehr zu erfahren oder eine Demo der besten Wettterminals der Branche zu erhalten.&#8221; font_container=&#8221;tag:h3|font_size:30px|text_align:left|color:%23ffffff|line_height:30px&#8221; use_theme_fonts=&#8221;yes&#8221; css_animation=&#8221;none&#8221; css=&#8221;.vc_custom_1621418431855{margin-top: 3px !important;margin-bottom: 35px !important;}&#8221;]\n<div class=\"wpcf7 no-js\" id=\"wpcf7-f19229-o1\" lang=\"de-DE\" dir=\"ltr\" data-wpcf7-id=\"19229\">\n<div class=\"screen-reader-response\"><p role=\"status\" aria-live=\"polite\" aria-atomic=\"true\"><\/p> <ul><\/ul><\/div>\n<form action=\"\/de\/wp-json\/wp\/v2\/pages\/18810#wpcf7-f19229-o1\" method=\"post\" class=\"wpcf7-form init\" aria-label=\"Kontaktformular\" novalidate=\"novalidate\" data-status=\"init\">\n<fieldset class=\"hidden-fields-container\"><input type=\"hidden\" name=\"_wpcf7\" value=\"19229\" \/><input type=\"hidden\" name=\"_wpcf7_version\" value=\"6.1.5\" \/><input type=\"hidden\" name=\"_wpcf7_locale\" value=\"de_DE\" \/><input type=\"hidden\" name=\"_wpcf7_unit_tag\" value=\"wpcf7-f19229-o1\" \/><input type=\"hidden\" name=\"_wpcf7_container_post\" value=\"0\" \/><input type=\"hidden\" name=\"_wpcf7_posted_data_hash\" value=\"\" \/>\n<\/fieldset>\n<p><label> Vollst\u00e4ndiger Name<br \/>\n<span class=\"wpcf7-form-control-wrap\" data-name=\"your-name\"><input size=\"40\" maxlength=\"400\" class=\"wpcf7-form-control wpcf7-text wpcf7-validates-as-required\" aria-required=\"true\" aria-invalid=\"false\" value=\"\" type=\"text\" name=\"your-name\" \/><\/span> <\/label>\n<\/p>\n<p><label> Deine E-Mail<br \/>\n<span class=\"wpcf7-form-control-wrap\" data-name=\"your-email\"><input size=\"40\" maxlength=\"400\" class=\"wpcf7-form-control wpcf7-email wpcf7-validates-as-required wpcf7-text wpcf7-validates-as-email\" aria-required=\"true\" aria-invalid=\"false\" value=\"\" type=\"email\" name=\"your-email\" \/><\/span> <\/label>\n<\/p>\n<p><label> Land<br \/>\n<span class=\"wpcf7-form-control-wrap\" data-name=\"countrytext-54\"><input size=\"40\" class=\"wpcf7-form-control wpcf7-countrytext wpcf7-text wpcf7-validates-as-countrytext\" aria-invalid=\"false\" value=\"\" type=\"text\" name=\"countrytext-54\" \/><\/span> <\/label>\n<\/p>\n<p><label> Telefonnummer<br \/>\n<span class=\"wpcf7-form-control-wrap\" data-name=\"phonetext-462\"><input size=\"40\" class=\"wpcf7-form-control wpcf7-phonetext wpcf7-text wpcf7-validates-as-phonetext\" aria-invalid=\"false\" value=\"\" type=\"text\" name=\"phonetext-462\" \/><input type=\"hidden\" name=\"phonetext-462-country-code\" class=\"wpcf7-phonetext-country-code\" \/><\/span> <\/label>\n<\/p>\n<p><label> Telefonnummer<br \/>\n<span class=\"wpcf7-form-control-wrap\" data-name=\"your-message\"><textarea cols=\"40\" rows=\"10\" maxlength=\"2000\" class=\"wpcf7-form-control wpcf7-textarea\" aria-invalid=\"false\" name=\"your-message\"><\/textarea><\/span> <\/label>\n<\/p>\n<p><input class=\"wpcf7-form-control wpcf7-submit has-spinner\" type=\"submit\" value=\"Einreichen\" \/>\n<\/p><div class=\"wpcf7-response-output\" aria-hidden=\"true\"><\/div>\n<\/form>\n<\/div>\n[\/vc_column_inner][\/vc_row_inner][\/vc_column][\/vc_row][vc_row full_width=&#8221;stretch_row&#8221; css=&#8221;.vc_custom_1621418719491{margin-bottom: 0px !important;padding-top: 25px !important;padding-bottom: 25px !important;background-color: #a0c528 !important;}&#8221;][vc_column css=&#8221;.vc_custom_1538908117168{padding-top: 0px !important;}&#8221;][vc_custom_heading text=&#8221;Wenn Sie Terminals f\u00fcr Ihre Wettb\u00fcros oder Selbstbedienungsterminals f\u00fcr Casinos suchen, besuchen Sie bitte unseren Bereich f\u00fcr Einzelhandelsl\u00f6sungen.&#8221; font_container=&#8221;tag:h3|font_size:22px|text_align:center|color:%23ffffff|line_height:24px&#8221; use_theme_fonts=&#8221;yes&#8221; css=&#8221;.vc_custom_1621419721581{margin-top: 0px !important;margin-bottom: 0px !important;}&#8221; link=&#8221;url:https%3A%2F%2Fsirplay.com%2Fsports-betting-software%2Fretail-solutions%2F|title:Einzelhandelsl%C3%B6sungen|target:_blank|&#8221;][\/vc_column][\/vc_row]<\/p>\n<\/div>","protected":false},"excerpt":{"rendered":"<p>[vc_row][vc_column][vc_column_text]Unsere Einzelhandels-Wettterminals sind als All-in-One-L\u00f6sungen\u00a0mit einem\u00a0Drucker, einem\u00a0POS, einem Android-System\u00a0und unserer Wettsoftware-Ready konzipiert -to-Go. Um ein profitables und ansprechendes Einkaufserlebnis zu schaffen, besuchen Sie den Abschnitt Sportwetten-Terminals:\u00a0Omnichannel-Plattform zur Verwaltung des Einzelhandels L\u00f6sungen Wenn wir sagen \u2013 Sirplay ist der Experte f\u00fcr Gaming-L\u00f6sungen, der das Beste bietet \u2013 meinen wir, dass wir es auch f\u00fcr Ihre Wettshops [&hellip;]<\/p>\n","protected":false},"author":1,"featured_media":18629,"parent":0,"menu_order":0,"comment_status":"closed","ping_status":"closed","template":"","meta":{"footnotes":""},"class_list":["post-18810","page","type-page","status-publish","has-post-thumbnail","hentry"],"yoast_head":"<!-- This site is optimized with the Yoast SEO Premium plugin v27.3 (Yoast SEO v27.3) - https:\/\/yoast.com\/product\/yoast-seo-premium-wordpress\/ -->\n<title>Wettterminals - Sirplay<\/title>\n<meta name=\"description\" content=\"Unsere Einzelhandels-Wettterminals sind als All-in-One-L\u00f6sungen mit einem Drucker, einem POS, einem Android-System und unserer Wettsoftware-Ready konzipiert -to-Go.\" \/>\n<meta name=\"robots\" content=\"index, follow, max-snippet:-1, max-image-preview:large, max-video-preview:-1\" \/>\n<link rel=\"canonical\" href=\"https:\/\/sirplay.com\/de\/wettterminals\/\" \/>\n<meta property=\"og:locale\" content=\"de_DE\" \/>\n<meta property=\"og:type\" content=\"article\" \/>\n<meta property=\"og:title\" content=\"Wettterminals\" \/>\n<meta property=\"og:description\" content=\"Wettterminals\" \/>\n<meta property=\"og:url\" content=\"https:\/\/sirplay.com\/de\/wettterminals\/\" \/>\n<meta property=\"og:site_name\" content=\"Sirplay\" \/>\n<meta property=\"article:modified_time\" content=\"2024-06-09T11:50:57+00:00\" \/>\n<meta property=\"og:image\" content=\"https:\/\/sirplay.com\/wp-content\/uploads\/2021\/05\/Tousei-Android-Handheld-Payment-POS-Tablet-Terminal-1.png\" \/>\n\t<meta property=\"og:image:width\" content=\"418\" \/>\n\t<meta property=\"og:image:height\" content=\"418\" \/>\n\t<meta property=\"og:image:type\" content=\"image\/png\" \/>\n<meta name=\"twitter:card\" content=\"summary_large_image\" \/>\n<meta name=\"twitter:site\" content=\"@sirplay\" \/>\n<meta name=\"twitter:label1\" content=\"Gesch\u00e4tzte Lesezeit\" \/>\n\t<meta name=\"twitter:data1\" content=\"2\u00a0Minuten\" \/>\n<script type=\"application\/ld+json\" class=\"yoast-schema-graph\">{\"@context\":\"https:\\\/\\\/schema.org\",\"@graph\":[{\"@type\":\"WebPage\",\"@id\":\"https:\\\/\\\/sirplay.com\\\/de\\\/wettterminals\\\/\",\"url\":\"https:\\\/\\\/sirplay.com\\\/de\\\/wettterminals\\\/\",\"name\":\"Wettterminals - Sirplay\",\"isPartOf\":{\"@id\":\"https:\\\/\\\/sirplay.com\\\/de\\\/#website\"},\"primaryImageOfPage\":{\"@id\":\"https:\\\/\\\/sirplay.com\\\/de\\\/wettterminals\\\/#primaryimage\"},\"image\":{\"@id\":\"https:\\\/\\\/sirplay.com\\\/de\\\/wettterminals\\\/#primaryimage\"},\"thumbnailUrl\":\"https:\\\/\\\/sirplay.com\\\/wp-content\\\/uploads\\\/2021\\\/05\\\/Tousei-Android-Handheld-Payment-POS-Tablet-Terminal-1.png\",\"datePublished\":\"2021-06-04T09:29:50+00:00\",\"dateModified\":\"2024-06-09T11:50:57+00:00\",\"description\":\"Unsere Einzelhandels-Wettterminals sind als All-in-One-L\u00f6sungen mit einem Drucker, einem POS, einem Android-System und unserer Wettsoftware-Ready konzipiert -to-Go.\",\"breadcrumb\":{\"@id\":\"https:\\\/\\\/sirplay.com\\\/de\\\/wettterminals\\\/#breadcrumb\"},\"inLanguage\":\"de\",\"potentialAction\":[{\"@type\":\"ReadAction\",\"target\":[\"https:\\\/\\\/sirplay.com\\\/de\\\/wettterminals\\\/\"]}]},{\"@type\":\"ImageObject\",\"inLanguage\":\"de\",\"@id\":\"https:\\\/\\\/sirplay.com\\\/de\\\/wettterminals\\\/#primaryimage\",\"url\":\"https:\\\/\\\/sirplay.com\\\/wp-content\\\/uploads\\\/2021\\\/05\\\/Tousei-Android-Handheld-Payment-POS-Tablet-Terminal-1.png\",\"contentUrl\":\"https:\\\/\\\/sirplay.com\\\/wp-content\\\/uploads\\\/2021\\\/05\\\/Tousei-Android-Handheld-Payment-POS-Tablet-Terminal-1.png\",\"width\":418,\"height\":418,\"caption\":\"Android-Handheld-Zahlungs-POS-Tablet-Terminal\"},{\"@type\":\"BreadcrumbList\",\"@id\":\"https:\\\/\\\/sirplay.com\\\/de\\\/wettterminals\\\/#breadcrumb\",\"itemListElement\":[{\"@type\":\"ListItem\",\"position\":1,\"name\":\"Home\",\"item\":\"https:\\\/\\\/sirplay.com\\\/de\\\/\"},{\"@type\":\"ListItem\",\"position\":2,\"name\":\"Wettterminals\"}]},{\"@type\":\"WebSite\",\"@id\":\"https:\\\/\\\/sirplay.com\\\/de\\\/#website\",\"url\":\"https:\\\/\\\/sirplay.com\\\/de\\\/\",\"name\":\"Sportsbook software provider\",\"description\":\"Sports betting software online and Retail ssbts  - White label casino\",\"publisher\":{\"@id\":\"https:\\\/\\\/sirplay.com\\\/de\\\/#organization\"},\"alternateName\":\"White label casino\",\"potentialAction\":[{\"@type\":\"SearchAction\",\"target\":{\"@type\":\"EntryPoint\",\"urlTemplate\":\"https:\\\/\\\/sirplay.com\\\/de\\\/?s={search_term_string}\"},\"query-input\":{\"@type\":\"PropertyValueSpecification\",\"valueRequired\":true,\"valueName\":\"search_term_string\"}}],\"inLanguage\":\"de\"},{\"@type\":\"Organization\",\"@id\":\"https:\\\/\\\/sirplay.com\\\/de\\\/#organization\",\"name\":\"Sirplay\",\"alternateName\":\"Sirplay white label\",\"url\":\"https:\\\/\\\/sirplay.com\\\/de\\\/\",\"logo\":{\"@type\":\"ImageObject\",\"inLanguage\":\"de\",\"@id\":\"https:\\\/\\\/sirplay.com\\\/de\\\/#\\\/schema\\\/logo\\\/image\\\/\",\"url\":\"https:\\\/\\\/sirplay.com\\\/wp-content\\\/uploads\\\/2021\\\/03\\\/cropped-sirplayICO.png\",\"contentUrl\":\"https:\\\/\\\/sirplay.com\\\/wp-content\\\/uploads\\\/2021\\\/03\\\/cropped-sirplayICO.png\",\"width\":512,\"height\":512,\"caption\":\"Sirplay\"},\"image\":{\"@id\":\"https:\\\/\\\/sirplay.com\\\/de\\\/#\\\/schema\\\/logo\\\/image\\\/\"},\"sameAs\":[\"https:\\\/\\\/x.com\\\/sirplay\",\"https:\\\/\\\/www.linkedin.com\\\/company\\\/sirplay\",\"https:\\\/\\\/www.youtube.com\\\/user\\\/BookmakerSolutions\"]}]}<\/script>\n<!-- \/ Yoast SEO Premium plugin. -->","yoast_head_json":{"title":"Wettterminals - Sirplay","description":"Unsere Einzelhandels-Wettterminals sind als All-in-One-L\u00f6sungen mit einem Drucker, einem POS, einem Android-System und unserer Wettsoftware-Ready konzipiert -to-Go.","robots":{"index":"index","follow":"follow","max-snippet":"max-snippet:-1","max-image-preview":"max-image-preview:large","max-video-preview":"max-video-preview:-1"},"canonical":"https:\/\/sirplay.com\/de\/wettterminals\/","og_locale":"de_DE","og_type":"article","og_title":"Wettterminals","og_description":"Wettterminals","og_url":"https:\/\/sirplay.com\/de\/wettterminals\/","og_site_name":"Sirplay","article_modified_time":"2024-06-09T11:50:57+00:00","og_image":[{"width":418,"height":418,"url":"https:\/\/sirplay.com\/wp-content\/uploads\/2021\/05\/Tousei-Android-Handheld-Payment-POS-Tablet-Terminal-1.png","type":"image\/png"}],"twitter_card":"summary_large_image","twitter_site":"@sirplay","twitter_misc":{"Gesch\u00e4tzte Lesezeit":"2\u00a0Minuten"},"schema":{"@context":"https:\/\/schema.org","@graph":[{"@type":"WebPage","@id":"https:\/\/sirplay.com\/de\/wettterminals\/","url":"https:\/\/sirplay.com\/de\/wettterminals\/","name":"Wettterminals - Sirplay","isPartOf":{"@id":"https:\/\/sirplay.com\/de\/#website"},"primaryImageOfPage":{"@id":"https:\/\/sirplay.com\/de\/wettterminals\/#primaryimage"},"image":{"@id":"https:\/\/sirplay.com\/de\/wettterminals\/#primaryimage"},"thumbnailUrl":"https:\/\/sirplay.com\/wp-content\/uploads\/2021\/05\/Tousei-Android-Handheld-Payment-POS-Tablet-Terminal-1.png","datePublished":"2021-06-04T09:29:50+00:00","dateModified":"2024-06-09T11:50:57+00:00","description":"Unsere Einzelhandels-Wettterminals sind als All-in-One-L\u00f6sungen mit einem Drucker, einem POS, einem Android-System und unserer Wettsoftware-Ready konzipiert -to-Go.","breadcrumb":{"@id":"https:\/\/sirplay.com\/de\/wettterminals\/#breadcrumb"},"inLanguage":"de","potentialAction":[{"@type":"ReadAction","target":["https:\/\/sirplay.com\/de\/wettterminals\/"]}]},{"@type":"ImageObject","inLanguage":"de","@id":"https:\/\/sirplay.com\/de\/wettterminals\/#primaryimage","url":"https:\/\/sirplay.com\/wp-content\/uploads\/2021\/05\/Tousei-Android-Handheld-Payment-POS-Tablet-Terminal-1.png","contentUrl":"https:\/\/sirplay.com\/wp-content\/uploads\/2021\/05\/Tousei-Android-Handheld-Payment-POS-Tablet-Terminal-1.png","width":418,"height":418,"caption":"Android-Handheld-Zahlungs-POS-Tablet-Terminal"},{"@type":"BreadcrumbList","@id":"https:\/\/sirplay.com\/de\/wettterminals\/#breadcrumb","itemListElement":[{"@type":"ListItem","position":1,"name":"Home","item":"https:\/\/sirplay.com\/de\/"},{"@type":"ListItem","position":2,"name":"Wettterminals"}]},{"@type":"WebSite","@id":"https:\/\/sirplay.com\/de\/#website","url":"https:\/\/sirplay.com\/de\/","name":"Sportsbook software provider","description":"Sports betting software online and Retail ssbts  - White label casino","publisher":{"@id":"https:\/\/sirplay.com\/de\/#organization"},"alternateName":"White label casino","potentialAction":[{"@type":"SearchAction","target":{"@type":"EntryPoint","urlTemplate":"https:\/\/sirplay.com\/de\/?s={search_term_string}"},"query-input":{"@type":"PropertyValueSpecification","valueRequired":true,"valueName":"search_term_string"}}],"inLanguage":"de"},{"@type":"Organization","@id":"https:\/\/sirplay.com\/de\/#organization","name":"Sirplay","alternateName":"Sirplay white label","url":"https:\/\/sirplay.com\/de\/","logo":{"@type":"ImageObject","inLanguage":"de","@id":"https:\/\/sirplay.com\/de\/#\/schema\/logo\/image\/","url":"https:\/\/sirplay.com\/wp-content\/uploads\/2021\/03\/cropped-sirplayICO.png","contentUrl":"https:\/\/sirplay.com\/wp-content\/uploads\/2021\/03\/cropped-sirplayICO.png","width":512,"height":512,"caption":"Sirplay"},"image":{"@id":"https:\/\/sirplay.com\/de\/#\/schema\/logo\/image\/"},"sameAs":["https:\/\/x.com\/sirplay","https:\/\/www.linkedin.com\/company\/sirplay","https:\/\/www.youtube.com\/user\/BookmakerSolutions"]}]}},"_links":{"self":[{"href":"https:\/\/sirplay.com\/de\/wp-json\/wp\/v2\/pages\/18810","targetHints":{"allow":["GET"]}}],"collection":[{"href":"https:\/\/sirplay.com\/de\/wp-json\/wp\/v2\/pages"}],"about":[{"href":"https:\/\/sirplay.com\/de\/wp-json\/wp\/v2\/types\/page"}],"author":[{"embeddable":true,"href":"https:\/\/sirplay.com\/de\/wp-json\/wp\/v2\/users\/1"}],"replies":[{"embeddable":true,"href":"https:\/\/sirplay.com\/de\/wp-json\/wp\/v2\/comments?post=18810"}],"version-history":[{"count":1,"href":"https:\/\/sirplay.com\/de\/wp-json\/wp\/v2\/pages\/18810\/revisions"}],"predecessor-version":[{"id":21584,"href":"https:\/\/sirplay.com\/de\/wp-json\/wp\/v2\/pages\/18810\/revisions\/21584"}],"wp:featuredmedia":[{"embeddable":true,"href":"https:\/\/sirplay.com\/de\/wp-json\/wp\/v2\/media\/18629"}],"wp:attachment":[{"href":"https:\/\/sirplay.com\/de\/wp-json\/wp\/v2\/media?parent=18810"}],"curies":[{"name":"wp","href":"https:\/\/api.w.org\/{rel}","templated":true}]}}