{"id":19039,"date":"2021-06-14T10:48:17","date_gmt":"2021-06-14T10:48:17","guid":{"rendered":"https:\/\/sirplay.com\/wettplattform\/"},"modified":"2026-01-05T09:57:25","modified_gmt":"2026-01-05T09:57:25","slug":"wettplattform","status":"publish","type":"page","link":"https:\/\/sirplay.com\/de\/wettplattform\/","title":{"rendered":"Wettplattform"},"content":{"rendered":"<div class=\"wpb-content-wrapper\"><p>[vc_row][vc_column][vc_column_text css=&#8221;&#8221;]<\/p>\n<div class=\"anchor-heading-wrapper\">\n<h2 id=\"moderne-wettl-sungen-f-r-ihr-buchmacher-gesch-ft-sirplay-ltd\" class=\"anchor-heading\" data-name=\"moderne-wettl-sungen-f-r-ihr-buchmacher-gesch-ft-sirplay-ltd\">Moderne Wettl\u00f6sungen f\u00fcr Ihr Buchmacher-Gesch\u00e4ft \u2013 Sirplay LTD<\/h2>\n<p>&nbsp;<\/p>\n<\/div>\n<p><strong>Entdecken Sie die innovative Wettsoftware von Sirplay: Mehr Gewinn, h\u00f6here Effizienz und maximale Sicherheit f\u00fcr Sportwetten-Anbieter weltweit. Finden Sie heraus, was unsere Plattform einzigartig macht!<\/strong><\/p>\n<div class=\"anchor-heading-wrapper\">\n<h3 id=\"warum-sollten-sie-sich-f-r-sirplay-entscheiden-die-wichtigsten-vorteile-im-berblick\" class=\"anchor-heading\" data-name=\"warum-sollten-sie-sich-f-r-sirplay-entscheiden-die-wichtigsten-vorteile-im-berblick\"><img loading=\"lazy\" class=\"alignnone wp-image-21943 size-full\" title=\"sportwetten software\" src=\"https:\/\/sirplay.com\/wp-content\/uploads\/2024\/09\/sports-betting-software-scaled.webp\" alt=\"sportwetten software\" width=\"2560\" height=\"931\" srcset=\"https:\/\/sirplay.com\/wp-content\/uploads\/2024\/09\/sports-betting-software-scaled.webp 2560w, https:\/\/sirplay.com\/wp-content\/uploads\/2024\/09\/sports-betting-software-scaled-300x109.webp 300w, https:\/\/sirplay.com\/wp-content\/uploads\/2024\/09\/sports-betting-software-scaled-1024x372.webp 1024w, https:\/\/sirplay.com\/wp-content\/uploads\/2024\/09\/sports-betting-software-768x279.webp 768w, https:\/\/sirplay.com\/wp-content\/uploads\/2024\/09\/sports-betting-software-scaled-1536x559.webp 1536w, https:\/\/sirplay.com\/wp-content\/uploads\/2024\/09\/sports-betting-software-scaled-2048x745.webp 2048w\" sizes=\"auto, (max-width: 2560px) 100vw, 2560px\" \/>Warum sollten Sie sich f\u00fcr Sirplay entscheiden? Die wichtigsten Vorteile im \u00dcberblick:<\/h3>\n<p>&nbsp;<\/p>\n<\/div>\n<div class=\"anchor-heading-wrapper\">\n<h4 id=\"1-umfassende-sportwetten-suite\" class=\"anchor-heading\" data-name=\"1-umfassende-sportwetten-suite\">1. Umfassende Sportwetten-Suite<\/h4>\n<\/div>\n<p>Unsere Software deckt ein breites Spektrum an Sportarten ab. Von Football, Tennis, Basketball und Baseball bis hin zu modernen Trends wie Esports \u2013 Sie gestalten Ihr pers\u00f6nliches Wett-Men\u00fc!<\/p>\n<p><strong>Top-Sportarten zu exklusiven Quoten:<\/strong><br \/>\nFu\u00dfball, Tischtennis, Volleyball, American Football, Rugby, MotoGP, Formel 1, Golf, Cricket, Hockey und viele weitere Disziplinen, laufend aktualisiert.<img loading=\"lazy\" class=\"size-medium wp-image-21842 alignright\" src=\"https:\/\/sirplay.com\/wp-content\/uploads\/2024\/09\/AI-Automated-trading-tools-294x300.webp\" alt=\"AI Automated trading tools\" width=\"294\" height=\"300\" srcset=\"https:\/\/sirplay.com\/wp-content\/uploads\/2024\/09\/AI-Automated-trading-tools-294x300.webp 294w, https:\/\/sirplay.com\/wp-content\/uploads\/2024\/09\/AI-Automated-trading-tools.webp 600w\" sizes=\"auto, (max-width: 294px) 100vw, 294px\" \/><\/p>\n<p>&nbsp;<\/p>\n<div class=\"anchor-heading-wrapper\">\n<h4 id=\"2-benutzerfreundliche-und-flexible-plattform\" class=\"anchor-heading\" data-name=\"2-benutzerfreundliche-und-flexible-plattform\">2. Benutzerfreundliche und flexible Plattform<\/h4>\n<\/div>\n<p>Unsere Multi-Plattform-Architektur unterst\u00fctzt Desktop, Tablets und mobile Ger\u00e4te (iOS und Android). Ob Online- oder offline Gesch\u00e4ft, Casino- oder Lotterie-L\u00f6sungen \u2011 unsere Software ist vielseitig erweiterbar.<\/p>\n<p>&nbsp;<\/p>\n<div class=\"anchor-heading-wrapper\">\n<h4 id=\"3-technologische-innovation-und-automatisierung\" class=\"anchor-heading\" data-name=\"3-technologische-innovation-und-automatisierung\">3. Technologische Innovation und Automatisierung<\/h4>\n<\/div>\n<ul>\n<li><strong>Automatisierte Quotenfeeds &amp; intelligente Wettabrechnung<\/strong><\/li>\n<li><strong>Live-Wetten<\/strong>\u00a0mit hochpr\u00e4ziser Quoten-Aktualisierung<\/li>\n<li><strong>Wettmanagement in Echtzeit:<\/strong>\u00a0Fertige Reportings und \u00dcberwachungstools informieren Sie stets \u00fcber Ihre Performance<\/li>\n<\/ul>\n<p>&nbsp;<\/p>\n<div class=\"anchor-heading-wrapper\">\n<h4 data-name=\"4-multiw-hrung-kryptow-hrungen-integriert\"><img loading=\"lazy\" class=\"wp-image-22539 size-medium alignright\" src=\"https:\/\/sirplay.com\/wp-content\/uploads\/2025\/05\/live-casino-platform-300x285.png\" alt=\"live casino platform\" width=\"300\" height=\"285\" srcset=\"https:\/\/sirplay.com\/wp-content\/uploads\/2025\/05\/live-casino-platform-300x285.png 300w, https:\/\/sirplay.com\/wp-content\/uploads\/2025\/05\/live-casino-platform.png 500w\" sizes=\"auto, (max-width: 300px) 100vw, 300px\" \/><\/h4>\n<h4 id=\"4-multiw-hrung-kryptow-hrungen-integriert\" class=\"anchor-heading\" data-name=\"4-multiw-hrung-kryptow-hrungen-integriert\">4. Multiw\u00e4hrung &amp; Kryptow\u00e4hrungen integriert<\/h4>\n<\/div>\n<p>Setzen Sie auf traditionelle W\u00e4hrungen oder bieten Sie innovative Zahlungsoptionen mit Bitcoin und DeFi-Token. Die Software ist vollst\u00e4ndig mehrsprachig konzipiert und eignet sich somit f\u00fcr verschiedene M\u00e4rkte.<\/p>\n<p>&nbsp;<\/p>\n<div class=\"anchor-heading-wrapper\">\n<h3 id=\"antworten-auf-die-h-ufigsten-fragen\" class=\"anchor-heading\" data-name=\"antworten-auf-die-h-ufigsten-fragen\">Antworten auf die h\u00e4ufigsten Fragen<\/h3>\n<\/div>\n<p><strong>Kann ich Online- und Offline-Wetten kombinieren?<\/strong><br \/>\nJa! Dank flexibler Terminals, Selbstbedienungskioske und Cyber-Caf\u00e9-L\u00f6sungen.<\/p>\n<p><strong>Wie sicher ist die L\u00f6sung?<\/strong><br \/>\nWir sind ISO-zertifiziert, arbeiten DSGVO-konform und bieten Monitoring-Tools f\u00fcr Fraud prevention.<\/p>\n<p><strong>Was zeichnet unseren Support aus?<\/strong><br \/>\n24\/7 &#8211; Remote Maintenance, schnelle Probleml\u00f6sungen &amp; Kundenzufriedenheit als oberste Priorit\u00e4t.<\/p>\n<p>&nbsp;<\/p>\n<hr \/>\n<div class=\"anchor-heading-wrapper\">\n<h4 data-name=\"zusatzvorteile-auf-einen-blick\"><\/h4>\n<h4 id=\"zusatzvorteile-auf-einen-blick\" class=\"anchor-heading\" data-name=\"zusatzvorteile-auf-einen-blick\">Zusatzvorteile auf einen Blick:<\/h4>\n<p>&nbsp;<\/p>\n<\/div>\n<ul>\n<li>Individuell konfigurierbares Bonusmodul<\/li>\n<li>Handelstools zur Steuerung &amp; Insights von Nutzertrends<\/li>\n<li>Drittspielintegration (ca. 500+ Casino-Spiele verf\u00fcgbar)<\/li>\n<li>Reports und Strategieweiterentwicklungen gemeinsam mit IHNEN!!<\/li>\n<\/ul>\n<p>Erfahren Sie mehr \u00fcber unsere umfassenden Dienstleistungen, erhalten Sie Best Practices zur Optimierung Ihrer Buchmacher-Strategie \u2011\u00a0<span data-state=\"closed\"><a class=\"kZ98Q\" href=\"#contact\" data-underline=\"\">Kontakt \u2192<\/a><\/span>\u00a0unsere Expertenberater beraten Sie gerne![\/vc_column_text][vc_row_inner][vc_column_inner][\/vc_column_inner][\/vc_row_inner][\/vc_column][\/vc_row][vc_row full_width=&#8221;stretch_row&#8221; css=&#8221;.vc_custom_1541539222800{padding-top: 55px !important;padding-bottom: 80px !important;}&#8221;][vc_column width=&#8221;1\/2&#8243; el_id=&#8221;contact&#8221;][vc_column_text css_animation=&#8221;none&#8221; css=&#8221;.vc_custom_1767606922207{margin-top: 50px !important;margin-bottom: 40px !important;}&#8221;]<\/p>\n<h6 class=\"section-title wow fadeInUp dark_title animated\">KONTAKTIERE UNS!<\/h6>\n<h2 class=\"section-subtitle wow fadeInUp dark_subtitle animated\">Reden wir \u00fcber Strategie<\/h2>\n<p>&nbsp;<\/p>\n<p style=\"max-width: 650px;\">Setzen Sie sich mit einem Sirplay-Experten in Verbindung, um eine detaillierte Diskussion dar\u00fcber zu erhalten, wie unsere Dienste Ihrem Wettgesch\u00e4ft Vorteile bringen und Ihre eigene Strategie entwickeln k\u00f6nnen.<\/p>\n<p>[\/vc_column_text][vc_column_text css=&#8221;&#8221;]&nbsp;<\/p>\n<p><img loading=\"lazy\" class=\"size-full wp-image-22667 aligncenter\" src=\"https:\/\/sirplay.com\/wp-content\/uploads\/2025\/11\/telegram.png\" alt=\"Telegram\" width=\"64\" height=\"64\" \/><\/p>\n<div class=\"tgme_page_extra\" style=\"text-align: center;\"><a href=\"https:\/\/t.me\/SirplaySales\">@SirplaySales<\/a><\/div>\n<p>&nbsp;<\/p>\n<p><img loading=\"lazy\" class=\"size-full wp-image-16974 aligncenter\" src=\"https:\/\/sirplay.com\/gaming-experts\/wp-content\/uploads\/2022\/06\/Whatsapp.jpg\" alt=\"Whatsapp\" width=\"60\" height=\"60\" \/><\/p>\n<p style=\"text-align: center;\"><a href=\"https:\/\/api.whatsapp.com\/send?phone=3513960904&amp;text=More%20info\" target=\"_blank\" rel=\"noopener\">+39 3513960904<\/a><\/p>\n<p>[\/vc_column_text][\/vc_column][vc_column width=&#8221;1\/2&#8243;][vc_column_text css_animation=&#8221;fadeInUp&#8221; css=&#8221;.vc_custom_1619547042726{padding-bottom: 50px !important;}&#8221;]<\/p>\n<h4 class=\"x-text-content-text-primary\">Melden Sie sich f\u00fcr Ihre Strategiesitzung an<\/h4>\n<p>[\/vc_column_text]\n<div class=\"wpcf7 no-js\" id=\"wpcf7-f19229-o1\" lang=\"de-DE\" dir=\"ltr\" data-wpcf7-id=\"19229\">\n<div class=\"screen-reader-response\"><p role=\"status\" aria-live=\"polite\" aria-atomic=\"true\"><\/p> <ul><\/ul><\/div>\n<form action=\"\/de\/wp-json\/wp\/v2\/pages\/19039#wpcf7-f19229-o1\" method=\"post\" class=\"wpcf7-form init\" aria-label=\"Kontaktformular\" novalidate=\"novalidate\" data-status=\"init\">\n<fieldset class=\"hidden-fields-container\"><input type=\"hidden\" name=\"_wpcf7\" value=\"19229\" \/><input type=\"hidden\" name=\"_wpcf7_version\" value=\"6.1.5\" \/><input type=\"hidden\" name=\"_wpcf7_locale\" value=\"de_DE\" \/><input type=\"hidden\" name=\"_wpcf7_unit_tag\" value=\"wpcf7-f19229-o1\" \/><input type=\"hidden\" name=\"_wpcf7_container_post\" value=\"0\" \/><input type=\"hidden\" name=\"_wpcf7_posted_data_hash\" value=\"\" \/>\n<\/fieldset>\n<p><label> Vollst\u00e4ndiger Name<br \/>\n<span class=\"wpcf7-form-control-wrap\" data-name=\"your-name\"><input size=\"40\" maxlength=\"400\" class=\"wpcf7-form-control wpcf7-text wpcf7-validates-as-required\" aria-required=\"true\" aria-invalid=\"false\" value=\"\" type=\"text\" name=\"your-name\" \/><\/span> <\/label>\n<\/p>\n<p><label> Deine E-Mail<br \/>\n<span class=\"wpcf7-form-control-wrap\" data-name=\"your-email\"><input size=\"40\" maxlength=\"400\" class=\"wpcf7-form-control wpcf7-email wpcf7-validates-as-required wpcf7-text wpcf7-validates-as-email\" aria-required=\"true\" aria-invalid=\"false\" value=\"\" type=\"email\" name=\"your-email\" \/><\/span> <\/label>\n<\/p>\n<p><label> Land<br \/>\n<span class=\"wpcf7-form-control-wrap\" data-name=\"countrytext-54\"><input size=\"40\" class=\"wpcf7-form-control wpcf7-countrytext wpcf7-text wpcf7-validates-as-countrytext\" aria-invalid=\"false\" value=\"\" type=\"text\" name=\"countrytext-54\" \/><\/span> <\/label>\n<\/p>\n<p><label> Telefonnummer<br \/>\n<span class=\"wpcf7-form-control-wrap\" data-name=\"phonetext-462\"><input size=\"40\" class=\"wpcf7-form-control wpcf7-phonetext wpcf7-text wpcf7-validates-as-phonetext\" aria-invalid=\"false\" value=\"\" type=\"text\" name=\"phonetext-462\" \/><input type=\"hidden\" name=\"phonetext-462-country-code\" class=\"wpcf7-phonetext-country-code\" \/><\/span> <\/label>\n<\/p>\n<p><label> Telefonnummer<br \/>\n<span class=\"wpcf7-form-control-wrap\" data-name=\"your-message\"><textarea cols=\"40\" rows=\"10\" maxlength=\"2000\" class=\"wpcf7-form-control wpcf7-textarea\" aria-invalid=\"false\" name=\"your-message\"><\/textarea><\/span> <\/label>\n<\/p>\n<p><input class=\"wpcf7-form-control wpcf7-submit has-spinner\" type=\"submit\" value=\"Einreichen\" \/>\n<\/p><div class=\"wpcf7-response-output\" aria-hidden=\"true\"><\/div>\n<\/form>\n<\/div>\n[\/vc_column][\/vc_row]<\/p>\n<\/div>","protected":false},"excerpt":{"rendered":"<p>[vc_row][vc_column][vc_column_text css=&#8221;&#8221;] Moderne Wettl\u00f6sungen f\u00fcr Ihr Buchmacher-Gesch\u00e4ft \u2013 Sirplay LTD &nbsp; Entdecken Sie die innovative Wettsoftware von Sirplay: Mehr Gewinn, h\u00f6here Effizienz und maximale Sicherheit f\u00fcr Sportwetten-Anbieter weltweit. Finden Sie heraus, was unsere Plattform einzigartig macht! Warum sollten Sie sich f\u00fcr Sirplay entscheiden? Die wichtigsten Vorteile im \u00dcberblick: &nbsp; 1. Umfassende Sportwetten-Suite Unsere Software deckt [&hellip;]<\/p>\n","protected":false},"author":1,"featured_media":17902,"parent":0,"menu_order":0,"comment_status":"closed","ping_status":"closed","template":"","meta":{"footnotes":""},"class_list":["post-19039","page","type-page","status-publish","has-post-thumbnail","hentry"],"yoast_head":"<!-- This site is optimized with the Yoast SEO Premium plugin v27.3 (Yoast SEO v27.3) - https:\/\/yoast.com\/product\/yoast-seo-premium-wordpress\/ -->\n<title>Wettplattform - Sirplay<\/title>\n<meta name=\"description\" content=\"Sirplay LTD hat die Wettl\u00f6sungen f\u00fcr Ihr Buchmachergesch\u00e4ft.Bei der Sportwetten-Software von Sirplay ist die Anzahl der Spieler\" \/>\n<meta name=\"robots\" content=\"index, follow, max-snippet:-1, max-image-preview:large, max-video-preview:-1\" \/>\n<link rel=\"canonical\" href=\"https:\/\/sirplay.com\/de\/wettplattform\/\" \/>\n<meta property=\"og:locale\" content=\"de_DE\" \/>\n<meta property=\"og:type\" content=\"article\" \/>\n<meta property=\"og:title\" content=\"Wettplattform\" \/>\n<meta property=\"og:description\" content=\"Wettplattform\" \/>\n<meta property=\"og:url\" content=\"https:\/\/sirplay.com\/de\/wettplattform\/\" \/>\n<meta property=\"og:site_name\" content=\"Sirplay\" \/>\n<meta property=\"article:modified_time\" content=\"2026-01-05T09:57:25+00:00\" \/>\n<meta property=\"og:image\" content=\"https:\/\/sirplay.com\/wp-content\/uploads\/2021\/04\/casino_software-1.jpg\" \/>\n\t<meta property=\"og:image:width\" content=\"520\" \/>\n\t<meta property=\"og:image:height\" content=\"280\" \/>\n\t<meta property=\"og:image:type\" content=\"image\/jpeg\" \/>\n<meta name=\"twitter:card\" content=\"summary_large_image\" \/>\n<meta name=\"twitter:site\" content=\"@sirplay\" \/>\n<meta name=\"twitter:label1\" content=\"Gesch\u00e4tzte Lesezeit\" \/>\n\t<meta name=\"twitter:data1\" content=\"2\u00a0Minuten\" \/>\n<script type=\"application\/ld+json\" class=\"yoast-schema-graph\">{\"@context\":\"https:\\\/\\\/schema.org\",\"@graph\":[{\"@type\":\"WebPage\",\"@id\":\"https:\\\/\\\/sirplay.com\\\/de\\\/wettplattform\\\/\",\"url\":\"https:\\\/\\\/sirplay.com\\\/de\\\/wettplattform\\\/\",\"name\":\"Wettplattform - Sirplay\",\"isPartOf\":{\"@id\":\"https:\\\/\\\/sirplay.com\\\/de\\\/#website\"},\"primaryImageOfPage\":{\"@id\":\"https:\\\/\\\/sirplay.com\\\/de\\\/wettplattform\\\/#primaryimage\"},\"image\":{\"@id\":\"https:\\\/\\\/sirplay.com\\\/de\\\/wettplattform\\\/#primaryimage\"},\"thumbnailUrl\":\"https:\\\/\\\/sirplay.com\\\/wp-content\\\/uploads\\\/2021\\\/04\\\/casino_software-1.jpg\",\"datePublished\":\"2021-06-14T10:48:17+00:00\",\"dateModified\":\"2026-01-05T09:57:25+00:00\",\"description\":\"Sirplay LTD hat die Wettl\u00f6sungen f\u00fcr Ihr Buchmachergesch\u00e4ft.Bei der Sportwetten-Software von Sirplay ist die Anzahl der Spieler\",\"breadcrumb\":{\"@id\":\"https:\\\/\\\/sirplay.com\\\/de\\\/wettplattform\\\/#breadcrumb\"},\"inLanguage\":\"de\",\"potentialAction\":[{\"@type\":\"ReadAction\",\"target\":[\"https:\\\/\\\/sirplay.com\\\/de\\\/wettplattform\\\/\"]}]},{\"@type\":\"ImageObject\",\"inLanguage\":\"de\",\"@id\":\"https:\\\/\\\/sirplay.com\\\/de\\\/wettplattform\\\/#primaryimage\",\"url\":\"https:\\\/\\\/sirplay.com\\\/wp-content\\\/uploads\\\/2021\\\/04\\\/casino_software-1.jpg\",\"contentUrl\":\"https:\\\/\\\/sirplay.com\\\/wp-content\\\/uploads\\\/2021\\\/04\\\/casino_software-1.jpg\",\"width\":520,\"height\":280,\"caption\":\"Casino-Software\"},{\"@type\":\"BreadcrumbList\",\"@id\":\"https:\\\/\\\/sirplay.com\\\/de\\\/wettplattform\\\/#breadcrumb\",\"itemListElement\":[{\"@type\":\"ListItem\",\"position\":1,\"name\":\"Home\",\"item\":\"https:\\\/\\\/sirplay.com\\\/de\\\/\"},{\"@type\":\"ListItem\",\"position\":2,\"name\":\"Wettplattform\"}]},{\"@type\":\"WebSite\",\"@id\":\"https:\\\/\\\/sirplay.com\\\/de\\\/#website\",\"url\":\"https:\\\/\\\/sirplay.com\\\/de\\\/\",\"name\":\"Sportsbook software provider\",\"description\":\"Sports betting software online and Retail ssbts  - White label casino\",\"publisher\":{\"@id\":\"https:\\\/\\\/sirplay.com\\\/de\\\/#organization\"},\"alternateName\":\"White label casino\",\"potentialAction\":[{\"@type\":\"SearchAction\",\"target\":{\"@type\":\"EntryPoint\",\"urlTemplate\":\"https:\\\/\\\/sirplay.com\\\/de\\\/?s={search_term_string}\"},\"query-input\":{\"@type\":\"PropertyValueSpecification\",\"valueRequired\":true,\"valueName\":\"search_term_string\"}}],\"inLanguage\":\"de\"},{\"@type\":\"Organization\",\"@id\":\"https:\\\/\\\/sirplay.com\\\/de\\\/#organization\",\"name\":\"Sirplay\",\"alternateName\":\"Sirplay white label\",\"url\":\"https:\\\/\\\/sirplay.com\\\/de\\\/\",\"logo\":{\"@type\":\"ImageObject\",\"inLanguage\":\"de\",\"@id\":\"https:\\\/\\\/sirplay.com\\\/de\\\/#\\\/schema\\\/logo\\\/image\\\/\",\"url\":\"https:\\\/\\\/sirplay.com\\\/wp-content\\\/uploads\\\/2021\\\/03\\\/cropped-sirplayICO.png\",\"contentUrl\":\"https:\\\/\\\/sirplay.com\\\/wp-content\\\/uploads\\\/2021\\\/03\\\/cropped-sirplayICO.png\",\"width\":512,\"height\":512,\"caption\":\"Sirplay\"},\"image\":{\"@id\":\"https:\\\/\\\/sirplay.com\\\/de\\\/#\\\/schema\\\/logo\\\/image\\\/\"},\"sameAs\":[\"https:\\\/\\\/x.com\\\/sirplay\",\"https:\\\/\\\/www.linkedin.com\\\/company\\\/sirplay\",\"https:\\\/\\\/www.youtube.com\\\/user\\\/BookmakerSolutions\"]}]}<\/script>\n<!-- \/ Yoast SEO Premium plugin. -->","yoast_head_json":{"title":"Wettplattform - Sirplay","description":"Sirplay LTD hat die Wettl\u00f6sungen f\u00fcr Ihr Buchmachergesch\u00e4ft.Bei der Sportwetten-Software von Sirplay ist die Anzahl der Spieler","robots":{"index":"index","follow":"follow","max-snippet":"max-snippet:-1","max-image-preview":"max-image-preview:large","max-video-preview":"max-video-preview:-1"},"canonical":"https:\/\/sirplay.com\/de\/wettplattform\/","og_locale":"de_DE","og_type":"article","og_title":"Wettplattform","og_description":"Wettplattform","og_url":"https:\/\/sirplay.com\/de\/wettplattform\/","og_site_name":"Sirplay","article_modified_time":"2026-01-05T09:57:25+00:00","og_image":[{"width":520,"height":280,"url":"https:\/\/sirplay.com\/wp-content\/uploads\/2021\/04\/casino_software-1.jpg","type":"image\/jpeg"}],"twitter_card":"summary_large_image","twitter_site":"@sirplay","twitter_misc":{"Gesch\u00e4tzte Lesezeit":"2\u00a0Minuten"},"schema":{"@context":"https:\/\/schema.org","@graph":[{"@type":"WebPage","@id":"https:\/\/sirplay.com\/de\/wettplattform\/","url":"https:\/\/sirplay.com\/de\/wettplattform\/","name":"Wettplattform - Sirplay","isPartOf":{"@id":"https:\/\/sirplay.com\/de\/#website"},"primaryImageOfPage":{"@id":"https:\/\/sirplay.com\/de\/wettplattform\/#primaryimage"},"image":{"@id":"https:\/\/sirplay.com\/de\/wettplattform\/#primaryimage"},"thumbnailUrl":"https:\/\/sirplay.com\/wp-content\/uploads\/2021\/04\/casino_software-1.jpg","datePublished":"2021-06-14T10:48:17+00:00","dateModified":"2026-01-05T09:57:25+00:00","description":"Sirplay LTD hat die Wettl\u00f6sungen f\u00fcr Ihr Buchmachergesch\u00e4ft.Bei der Sportwetten-Software von Sirplay ist die Anzahl der Spieler","breadcrumb":{"@id":"https:\/\/sirplay.com\/de\/wettplattform\/#breadcrumb"},"inLanguage":"de","potentialAction":[{"@type":"ReadAction","target":["https:\/\/sirplay.com\/de\/wettplattform\/"]}]},{"@type":"ImageObject","inLanguage":"de","@id":"https:\/\/sirplay.com\/de\/wettplattform\/#primaryimage","url":"https:\/\/sirplay.com\/wp-content\/uploads\/2021\/04\/casino_software-1.jpg","contentUrl":"https:\/\/sirplay.com\/wp-content\/uploads\/2021\/04\/casino_software-1.jpg","width":520,"height":280,"caption":"Casino-Software"},{"@type":"BreadcrumbList","@id":"https:\/\/sirplay.com\/de\/wettplattform\/#breadcrumb","itemListElement":[{"@type":"ListItem","position":1,"name":"Home","item":"https:\/\/sirplay.com\/de\/"},{"@type":"ListItem","position":2,"name":"Wettplattform"}]},{"@type":"WebSite","@id":"https:\/\/sirplay.com\/de\/#website","url":"https:\/\/sirplay.com\/de\/","name":"Sportsbook software provider","description":"Sports betting software online and Retail ssbts  - White label casino","publisher":{"@id":"https:\/\/sirplay.com\/de\/#organization"},"alternateName":"White label casino","potentialAction":[{"@type":"SearchAction","target":{"@type":"EntryPoint","urlTemplate":"https:\/\/sirplay.com\/de\/?s={search_term_string}"},"query-input":{"@type":"PropertyValueSpecification","valueRequired":true,"valueName":"search_term_string"}}],"inLanguage":"de"},{"@type":"Organization","@id":"https:\/\/sirplay.com\/de\/#organization","name":"Sirplay","alternateName":"Sirplay white label","url":"https:\/\/sirplay.com\/de\/","logo":{"@type":"ImageObject","inLanguage":"de","@id":"https:\/\/sirplay.com\/de\/#\/schema\/logo\/image\/","url":"https:\/\/sirplay.com\/wp-content\/uploads\/2021\/03\/cropped-sirplayICO.png","contentUrl":"https:\/\/sirplay.com\/wp-content\/uploads\/2021\/03\/cropped-sirplayICO.png","width":512,"height":512,"caption":"Sirplay"},"image":{"@id":"https:\/\/sirplay.com\/de\/#\/schema\/logo\/image\/"},"sameAs":["https:\/\/x.com\/sirplay","https:\/\/www.linkedin.com\/company\/sirplay","https:\/\/www.youtube.com\/user\/BookmakerSolutions"]}]}},"_links":{"self":[{"href":"https:\/\/sirplay.com\/de\/wp-json\/wp\/v2\/pages\/19039","targetHints":{"allow":["GET"]}}],"collection":[{"href":"https:\/\/sirplay.com\/de\/wp-json\/wp\/v2\/pages"}],"about":[{"href":"https:\/\/sirplay.com\/de\/wp-json\/wp\/v2\/types\/page"}],"author":[{"embeddable":true,"href":"https:\/\/sirplay.com\/de\/wp-json\/wp\/v2\/users\/1"}],"replies":[{"embeddable":true,"href":"https:\/\/sirplay.com\/de\/wp-json\/wp\/v2\/comments?post=19039"}],"version-history":[{"count":4,"href":"https:\/\/sirplay.com\/de\/wp-json\/wp\/v2\/pages\/19039\/revisions"}],"predecessor-version":[{"id":22714,"href":"https:\/\/sirplay.com\/de\/wp-json\/wp\/v2\/pages\/19039\/revisions\/22714"}],"wp:featuredmedia":[{"embeddable":true,"href":"https:\/\/sirplay.com\/de\/wp-json\/wp\/v2\/media\/17902"}],"wp:attachment":[{"href":"https:\/\/sirplay.com\/de\/wp-json\/wp\/v2\/media?parent=19039"}],"curies":[{"name":"wp","href":"https:\/\/api.w.org\/{rel}","templated":true}]}}