{"id":19070,"date":"2021-06-14T16:41:42","date_gmt":"2021-06-14T16:41:42","guid":{"rendered":"https:\/\/sirplay.com\/white-label-sportwetten-loesung\/"},"modified":"2024-06-10T09:52:49","modified_gmt":"2024-06-10T09:52:49","slug":"white-label-sportwetten-loesung","status":"publish","type":"page","link":"https:\/\/sirplay.com\/de\/white-label-sportwetten-loesung\/","title":{"rendered":"White-Label-Sportwetten-L\u00f6sung"},"content":{"rendered":"<div class=\"wpb-content-wrapper\"><p>[vc_row][vc_column width=&#8221;1\/2&#8243;][vc_column_text css=&#8221;.vc_custom_1618392530070{margin-top: 30px !important;}&#8221;]Die <strong>White-Label-Sportwettenl\u00f6sung<\/strong> von Sirplay ist ein vollst\u00e4ndig verwalteter zertifizierter Sportwettenanbieter.<\/p>\n<p>Der Nutzen dieser Art von L\u00f6sung liegt in der <strong>Schnelligkeit bei der Erstellung und Bereitstellung<\/strong> der Website. Tats\u00e4chlich k\u00f6nnen unsere Mitarbeiter die Website in zehn Werktagen nach Kundenwunsch einrichten und mit dem Aufbau einer <strong>kundenspezifischen . fortfahren -ma\u00dfgeschneiderte Sportwetten-Website<\/strong>.<\/p>\n<p><strong>Wir bieten spezialisiertes Hosting<\/strong>, alle erforderlichen Software- und Sportwetten-Daten-Feeds, Risikomanagement und Kundensupport-Services[\/vc_column_text][\/vc_column][vc_column width=&#8221;1\/2&#8243;][vc_single_image image=&#8221;19364&#8243; img_size=&#8221;full&#8221; alignment=&#8221;center&#8221;][\/vc_column][\/vc_row][vc_row][vc_column][vc_column_text css=&#8221;.vc_custom_1618388956228{margin-top: 30px !important;}&#8221;]<\/p>\n<ul>\n<li>Erstellung einer Website,<strong> Branding, Anpassung<\/strong> und Testen der Sportwetten der Kunden<\/li>\n<li>Regelm\u00e4\u00dfige Updates und Funktions-Upgrades<\/li>\n<li><strong>Hardwareeinrichtung<\/strong>, Hosting, \u00dcberwachung rund um die Uhr und Support<\/li>\n<li><strong>Gro\u00dfe Auswahl an Wettm\u00e4rkten<\/strong>, Sportkategorien und Ligen<\/li>\n<li>Wettenannahme und Abrechnung<\/li>\n<li>Risikomanagement-, Buchhaltungs- und \u00dcberwachungstools<\/li>\n<\/ul>\n<p>Dank enger Zusammenarbeit mit unseren Kunden bauen wir unsere Sportwetten-Software kontinuierlich aus und machen sie damit schneller, zuverl\u00e4ssiger und einfacher zu bedienen.[\/vc_column_text][\/vc_column][\/vc_row][vc_row css=&#8221;.vc_custom_1541546704203{margin-top: 30px !important;margin-bottom: 100px !important;}&#8221;][vc_column][vc_row_inner css=&#8221;.vc_custom_1541538906962{margin-top: 75px !important;}&#8221;][vc_column_inner width=&#8221;1\/2&#8243; offset=&#8221;vc_hidden-xs&#8221;][vc_column_text el_class=&#8221;rotation&#8221;][\/vc_column_text][vc_single_image image=&#8221;19350&#8243; img_size=&#8221;full&#8221;][\/vc_column_inner][vc_column_inner width=&#8221;1\/2&#8243;][vc_custom_heading text=&#8221;Anpassungen&#8221; font_container=&#8221;tag:h2|font_size:50px|text_align:left|color:%23a0c528|line_height:50px&#8221; use_theme_fonts=&#8221;yes&#8221; css_animation=&#8221;none&#8221; css=&#8221;.vc_custom_1620205228145{margin-top: 3px !important;margin-bottom: 35px !important;}&#8221;][vc_custom_heading text=&#8221;Einzigartig sein&#8221; font_container=&#8221;tag:h3|font_size:34px|text_align:left|color:%23000000|line_height:34px&#8221; use_theme_fonts=&#8221;yes&#8221; css_animation=&#8221;none&#8221; css=&#8221;.vc_custom_1620205288219{margin-top: 0px !important;margin-bottom: 35px !important;}&#8221;][vc_column_text css_animation=&#8221;none&#8221; css=&#8221;.vc_custom_1620205542146{margin-bottom: 45px !important;}&#8221;]Der <strong>Sirplay-Berater zeigt Ihnen verschiedene Buchmacher<\/strong>, alle Plattformen sind mehrsprachig und mehrw\u00e4hrungsf\u00e4hig, wo die Anpassung an Ihre Buchmacher-Gesch\u00e4ftsanforderungen angepasst ist, und beginnt Ihre ersten Schritte in der Sirplay-Welt.[\/vc_column_text][vc_column_text css_animation=&#8221;none&#8221;]<\/p>\n<div class=\"niva-separator\" style=\"height: 4px; background: #A0C528; width: 60px; border-radius: 5px;\"><\/div>\n<p>[\/vc_column_text][\/vc_column_inner][\/vc_row_inner][vc_row_inner css=&#8221;.vc_custom_1541538911605{margin-top: 75px !important;}&#8221;][vc_column_inner width=&#8221;1\/2&#8243;][vc_custom_heading text=&#8221;Chancen&#8221; font_container=&#8221;tag:h2|font_size:50px|text_align:left|color:%23a0c528|line_height:50px&#8221; use_theme_fonts=&#8221;yes&#8221; css_animation=&#8221;none&#8221; css=&#8221;.vc_custom_1620205942416{margin-top: 3px !important;margin-bottom: 35px !important;}&#8221;][vc_custom_heading text=&#8221;Der Motor der Plattform&#8221; font_container=&#8221;tag:h3|font_size:34px|text_align:left|color:%23000000|line_height:34px&#8221; use_theme_fonts=&#8221;yes&#8221; css_animation=&#8221;none&#8221; css=&#8221;.vc_custom_1620205982287{margin-top: 0px !important;margin-bottom: 35px !important;}&#8221;][vc_column_text css_animation=&#8221;none&#8221; css=&#8221;.vc_custom_1620206139668{margin-bottom: 45px !important;}&#8221;]<\/p>\n<p style=\"max-width: 500px; margin-bottom: 30px;\">Wir haben bereits <strong>die besten Quotenanbieter der Welt integriert<\/strong> und wenn Ihnen das nicht reicht, k\u00f6nnen wir auch Ihren Favoriten integrieren integrate Anbieter.<\/p>\n<p><strong>Passen Sie die angezeigten Quoten<\/strong> auf 5 verschiedene Arten an, unterschiedliche Quotenergebnisse: europ\u00e4isches Format (<strong>dezimale Quoten<\/strong>), britisches Format (<strong>fraktionierte Quoten<\/strong>) oder amerikanisch Format (<strong>Moneyline-Quoten<\/strong>), einschlie\u00dflich des Quotenformats <strong>Hongkong, Indo und Malaiisch<\/strong>.[\/vc_column_text][vc_column_text css_animation=&#8221;none&#8221;]<\/p>\n<div class=\"niva-separator\" style=\"height: 4px; background: #A0C528; width: 60px; border-radius: 5px;\"><\/div>\n<p>[\/vc_column_text][\/vc_column_inner][vc_column_inner width=&#8221;1\/2&#8243; offset=&#8221;vc_hidden-xs&#8221;][vc_column_text el_class=&#8221;rotation&#8221;][\/vc_column_text][vc_single_image image=&#8221;19374&#8243; img_size=&#8221;full&#8221;][\/vc_column_inner][\/vc_row_inner][vc_row_inner css=&#8221;.vc_custom_1541538931204{margin-top: 75px !important;margin-bottom: 0px !important;}&#8221;][vc_column_inner width=&#8221;1\/2&#8243; offset=&#8221;vc_hidden-xs&#8221;][vc_single_image image=&#8221;18260&#8243; img_size=&#8221;full&#8221;][\/vc_column_inner][vc_column_inner width=&#8221;1\/2&#8243;][vc_custom_heading text=&#8221;Marketing Werkzeuge&#8221; font_container=&#8221;tag:h2|font_size:50px|text_align:left|color:%23a0c528|line_height:50px&#8221; use_theme_fonts=&#8221;yes&#8221; css_animation=&#8221;none&#8221; css=&#8221;.vc_custom_1620207772943{margin-top: 3px !important;margin-bottom: 30px !important;}&#8221;][vc_custom_heading text=&#8221;Bonus und Werbeaktionen&#8221; font_container=&#8221;tag:h3|font_size:34px|text_align:left|color:%23000000|line_height:34px&#8221; use_theme_fonts=&#8221;yes&#8221; css_animation=&#8221;none&#8221; css=&#8221;.vc_custom_1620208089837{margin-top: 0px !important;margin-bottom: 35px !important;}&#8221;][vc_column_text css_animation=&#8221;none&#8221; css=&#8221;.vc_custom_1620208062251{margin-bottom: 45px !important;}&#8221;]<\/p>\n<p style=\"max-width: 500px; margin-bottom: 30px;\"><strong>Die Gewinnung neuer Spieler ist ein wichtiger Punkt<\/strong>, Sirplay stellt je nach zu erreichendem Ziel verschiedene Tools zur Verf\u00fcgung. Wir haben die Verwaltung von Mitgliedschaften vereinfacht und unsere Bonus-Engine erm\u00f6glicht es Ihnen, auf dem Markt wettbewerbsf\u00e4hig zu sein.<\/p>\n<p>[\/vc_column_text][vc_column_text css_animation=&#8221;none&#8221; el_id=&#8221;contact&#8221;]<\/p>\n<div class=\"niva-separator\" style=\"height: 4px; background: #A0C528; width: 60px; border-radius: 5px;\"><\/div>\n<p>[\/vc_column_text][\/vc_column_inner][\/vc_row_inner][\/vc_column][\/vc_row][vc_row full_width=&#8221;stretch_row&#8221; css=&#8221;.vc_custom_1624628755444{margin-bottom: 0px !important;padding-bottom: 50px !important;background-color: #f2f2f2 !important;}&#8221;][vc_column width=&#8221;1\/2&#8243; css=&#8221;.vc_custom_1538908117168{padding-top: 0px !important;}&#8221;][vc_custom_heading text=&#8221;Buchen Sie eine Demo bei unserem Betreiber.&#8221; font_container=&#8221;tag:h3|font_size:50px|text_align:left|color:%23a0c528|line_height:50px&#8221; use_theme_fonts=&#8221;yes&#8221; css_animation=&#8221;none&#8221; css=&#8221;.vc_custom_1624628788834{margin-top: 30px !important;margin-bottom: 30px !important;}&#8221;][vc_column_text]<strong>Normalerweise dauert es 15 Minuten<\/strong> w\u00e4hrend der Vorf\u00fchrungen werden Ihnen verschiedene durchgef\u00fchrte Arbeiten und eine Liste der Plattformen sowohl von Buchmachern in der Produktion als auch bei praktischen Tests auf Testplattformen gezeigt.<\/p>\n<p><strong>Unser Operator wird auf Ihre Anfragen h\u00f6ren und alle Ihre Fragen beantworten.<\/strong><br \/>\n<strong>Our operator will listen to your requests and answer all your questions.<\/strong>[\/vc_column_text][\/vc_column][vc_column width=&#8221;1\/2&#8243;]\n<div class=\"wpcf7 no-js\" id=\"wpcf7-f19229-o1\" lang=\"de-DE\" dir=\"ltr\" data-wpcf7-id=\"19229\">\n<div class=\"screen-reader-response\"><p role=\"status\" aria-live=\"polite\" aria-atomic=\"true\"><\/p> <ul><\/ul><\/div>\n<form action=\"\/de\/wp-json\/wp\/v2\/pages\/19070#wpcf7-f19229-o1\" method=\"post\" class=\"wpcf7-form init\" aria-label=\"Kontaktformular\" novalidate=\"novalidate\" data-status=\"init\">\n<fieldset class=\"hidden-fields-container\"><input type=\"hidden\" name=\"_wpcf7\" value=\"19229\" \/><input type=\"hidden\" name=\"_wpcf7_version\" value=\"6.1.5\" \/><input type=\"hidden\" name=\"_wpcf7_locale\" value=\"de_DE\" \/><input type=\"hidden\" name=\"_wpcf7_unit_tag\" value=\"wpcf7-f19229-o1\" \/><input type=\"hidden\" name=\"_wpcf7_container_post\" value=\"0\" \/><input type=\"hidden\" name=\"_wpcf7_posted_data_hash\" value=\"\" \/>\n<\/fieldset>\n<p><label> Vollst\u00e4ndiger Name<br \/>\n<span class=\"wpcf7-form-control-wrap\" data-name=\"your-name\"><input size=\"40\" maxlength=\"400\" class=\"wpcf7-form-control wpcf7-text wpcf7-validates-as-required\" aria-required=\"true\" aria-invalid=\"false\" value=\"\" type=\"text\" name=\"your-name\" \/><\/span> <\/label>\n<\/p>\n<p><label> Deine E-Mail<br \/>\n<span class=\"wpcf7-form-control-wrap\" data-name=\"your-email\"><input size=\"40\" maxlength=\"400\" class=\"wpcf7-form-control wpcf7-email wpcf7-validates-as-required wpcf7-text wpcf7-validates-as-email\" aria-required=\"true\" aria-invalid=\"false\" value=\"\" type=\"email\" name=\"your-email\" \/><\/span> <\/label>\n<\/p>\n<p><label> Land<br \/>\n<span class=\"wpcf7-form-control-wrap\" data-name=\"countrytext-54\"><input size=\"40\" class=\"wpcf7-form-control wpcf7-countrytext wpcf7-text wpcf7-validates-as-countrytext\" aria-invalid=\"false\" value=\"\" type=\"text\" name=\"countrytext-54\" \/><\/span> <\/label>\n<\/p>\n<p><label> Telefonnummer<br \/>\n<span class=\"wpcf7-form-control-wrap\" data-name=\"phonetext-462\"><input size=\"40\" class=\"wpcf7-form-control wpcf7-phonetext wpcf7-text wpcf7-validates-as-phonetext\" aria-invalid=\"false\" value=\"\" type=\"text\" name=\"phonetext-462\" \/><input type=\"hidden\" name=\"phonetext-462-country-code\" class=\"wpcf7-phonetext-country-code\" \/><\/span> <\/label>\n<\/p>\n<p><label> Telefonnummer<br \/>\n<span class=\"wpcf7-form-control-wrap\" data-name=\"your-message\"><textarea cols=\"40\" rows=\"10\" maxlength=\"2000\" class=\"wpcf7-form-control wpcf7-textarea\" aria-invalid=\"false\" name=\"your-message\"><\/textarea><\/span> <\/label>\n<\/p>\n<p><input class=\"wpcf7-form-control wpcf7-submit has-spinner\" type=\"submit\" value=\"Einreichen\" \/>\n<\/p><div class=\"wpcf7-response-output\" aria-hidden=\"true\"><\/div>\n<\/form>\n<\/div>\n[\/vc_column][\/vc_row][vc_row][vc_column width=&#8221;1\/4&#8243;][vc_single_image image=&#8221;18677&#8243; img_size=&#8221;full&#8221; alignment=&#8221;center&#8221;][\/vc_column][vc_column width=&#8221;3\/4&#8243;][vc_custom_heading text=&#8221;Ohne Risiko&#8221; font_container=&#8221;tag:h3|font_size:50px|text_align:left|color:%23a0c528|line_height:50px&#8221; use_theme_fonts=&#8221;yes&#8221; css_animation=&#8221;none&#8221; css=&#8221;.vc_custom_1621586289785{margin-top: 3px !important;margin-bottom: 30px !important;}&#8221;][vc_custom_heading text=&#8221;Handels- und Risikomanagementdienstleistungen&#8221; font_container=&#8221;tag:h4|font_size:34px|text_align:left|color:%23000000|line_height:34px&#8221; use_theme_fonts=&#8221;yes&#8221; css_animation=&#8221;none&#8221; css=&#8221;.vc_custom_1621586341809{margin-top: 0px !important;margin-bottom: 35px !important;}&#8221;][vc_column_text css_animation=&#8221;none&#8221; css=&#8221;.vc_custom_1621586425271{margin-bottom: 45px !important;}&#8221;]Wir bieten Trading- und Risikomanagement-Services, Quotenmanagement-Beratung und Gewinndeckung, was bedeutet, dass WIR SIE BEZAHLEN, WENN SIE VERLIEREN![\/vc_column_text][\/vc_column][\/vc_row][vc_row][vc_column width=&#8221;1\/4&#8243;][vc_single_image image=&#8221;18240&#8243; img_size=&#8221;full&#8221;][\/vc_column][vc_column width=&#8221;3\/4&#8243;][vc_custom_heading text=&#8221;Sportwetten-Branding&#8221; font_container=&#8221;tag:h3|font_size:50px|text_align:left|color:%23a0c528|line_height:50px&#8221; use_theme_fonts=&#8221;yes&#8221; css_animation=&#8221;none&#8221; css=&#8221;.vc_custom_1620231267255{margin-top: 3px !important;margin-bottom: 30px !important;}&#8221;][vc_custom_heading text=&#8221;Unbegrenzte Layouts&#8221; font_container=&#8221;tag:h4|font_size:34px|text_align:left|color:%23000000|line_height:34px&#8221; use_theme_fonts=&#8221;yes&#8221; css_animation=&#8221;none&#8221; css=&#8221;.vc_custom_1620231275670{margin-top: 0px !important;margin-bottom: 35px !important;}&#8221;][vc_column_text css_animation=&#8221;none&#8221; css=&#8221;.vc_custom_1620207431670{margin-bottom: 45px !important;}&#8221;]W\u00e4hlen Sie aus <strong>vielen Sportwetten-Layouts<\/strong>, alle unterschiedlich, oder erstellen Sie einfach Ihr Buchmacher-Layout \u00fcber die<strong>Schnittstellen-API<\/strong>, wo Ihr Entwicklungsteam alles erstellt, was Sie m\u00f6chten.[\/vc_column_text][\/vc_column][\/vc_row][vc_row][vc_column width=&#8221;1\/4&#8243;][vc_single_image image=&#8221;18291&#8243; img_size=&#8221;full&#8221;][\/vc_column][vc_column width=&#8221;3\/4&#8243;][vc_custom_heading text=&#8221;Mehrere Sprachen und mehrere W\u00e4hrungen&#8221; font_container=&#8221;tag:h3|font_size:50px|text_align:left|color:%23a0c528|line_height:50px&#8221; use_theme_fonts=&#8221;yes&#8221; css_animation=&#8221;none&#8221; css=&#8221;.vc_custom_1620231301241{margin-top: 3px !important;margin-bottom: 30px !important;}&#8221;][vc_custom_heading text=&#8221;Internationalisierung &#8211; i18N&#8221; font_container=&#8221;tag:h4|font_size:34px|text_align:left|color:%23000000|line_height:34px&#8221; use_theme_fonts=&#8221;yes&#8221; css_animation=&#8221;none&#8221; css=&#8221;.vc_custom_1620231451947{margin-top: 0px !important;margin-bottom: 35px !important;}&#8221;][vc_column_text css_animation=&#8221;none&#8221; css=&#8221;.vc_custom_1718013167050{margin-bottom: 45px !important;}&#8221;]Sie k\u00f6nnen ganz einfach <strong>Sprache und W\u00e4hrung<\/strong> ausw\u00e4hlen, die Sie auf der Plattform anzeigen m\u00f6chten, einschlie\u00dflich <a href=\"https:\/\/sirplay.com\">Kryptow\u00e4hrungen<\/a>.[\/vc_column_text][\/vc_column][\/vc_row]<\/p>\n<\/div>","protected":false},"excerpt":{"rendered":"<p>[vc_row][vc_column width=&#8221;1\/2&#8243;][vc_column_text css=&#8221;.vc_custom_1618392530070{margin-top: 30px !important;}&#8221;]Die White-Label-Sportwettenl\u00f6sung von Sirplay ist ein vollst\u00e4ndig verwalteter zertifizierter Sportwettenanbieter. Der Nutzen dieser Art von L\u00f6sung liegt in der Schnelligkeit bei der Erstellung und Bereitstellung der Website. Tats\u00e4chlich k\u00f6nnen unsere Mitarbeiter die Website in zehn Werktagen nach Kundenwunsch einrichten und mit dem Aufbau einer kundenspezifischen . fortfahren -ma\u00dfgeschneiderte Sportwetten-Website. Wir bieten [&hellip;]<\/p>\n","protected":false},"author":1,"featured_media":19364,"parent":0,"menu_order":0,"comment_status":"closed","ping_status":"closed","template":"","meta":{"footnotes":""},"class_list":["post-19070","page","type-page","status-publish","has-post-thumbnail","hentry"],"yoast_head":"<!-- This site is optimized with the Yoast SEO Premium plugin v27.3 (Yoast SEO v27.3) - https:\/\/yoast.com\/product\/yoast-seo-premium-wordpress\/ -->\n<title>White-Label-Sportwetten-L\u00f6sung - Sirplay<\/title>\n<meta name=\"description\" content=\"Die White-Label-Sportwettenl\u00f6sung von Sirplay ist ein vollst\u00e4ndig verwalteter zertifizierter Sportwettenanbieter.\" \/>\n<meta name=\"robots\" content=\"index, follow, max-snippet:-1, max-image-preview:large, max-video-preview:-1\" \/>\n<link rel=\"canonical\" href=\"https:\/\/sirplay.com\/de\/white-label-sportwetten-loesung\/\" \/>\n<meta property=\"og:locale\" content=\"de_DE\" \/>\n<meta property=\"og:type\" content=\"article\" \/>\n<meta property=\"og:title\" content=\"White-Label-Sportwetten-L\u00f6sung\" \/>\n<meta property=\"og:description\" content=\"White-Label-Sportwetten-L\u00f6sung\" \/>\n<meta property=\"og:url\" content=\"https:\/\/sirplay.com\/de\/white-label-sportwetten-loesung\/\" \/>\n<meta property=\"og:site_name\" content=\"Sirplay\" \/>\n<meta property=\"article:modified_time\" content=\"2024-06-10T09:52:49+00:00\" \/>\n<meta property=\"og:image\" content=\"https:\/\/sirplay.com\/wp-content\/uploads\/2021\/06\/white-label-sportsbook.png\" \/>\n\t<meta property=\"og:image:width\" content=\"600\" \/>\n\t<meta property=\"og:image:height\" content=\"462\" \/>\n\t<meta property=\"og:image:type\" content=\"image\/png\" \/>\n<meta name=\"twitter:card\" content=\"summary_large_image\" \/>\n<meta name=\"twitter:site\" content=\"@sirplay\" \/>\n<meta name=\"twitter:label1\" content=\"Gesch\u00e4tzte Lesezeit\" \/>\n\t<meta name=\"twitter:data1\" content=\"3\u00a0Minuten\" \/>\n<script type=\"application\/ld+json\" class=\"yoast-schema-graph\">{\"@context\":\"https:\\\/\\\/schema.org\",\"@graph\":[{\"@type\":\"WebPage\",\"@id\":\"https:\\\/\\\/sirplay.com\\\/de\\\/white-label-sportwetten-loesung\\\/\",\"url\":\"https:\\\/\\\/sirplay.com\\\/de\\\/white-label-sportwetten-loesung\\\/\",\"name\":\"White-Label-Sportwetten-L\u00f6sung - Sirplay\",\"isPartOf\":{\"@id\":\"https:\\\/\\\/sirplay.com\\\/de\\\/#website\"},\"primaryImageOfPage\":{\"@id\":\"https:\\\/\\\/sirplay.com\\\/de\\\/white-label-sportwetten-loesung\\\/#primaryimage\"},\"image\":{\"@id\":\"https:\\\/\\\/sirplay.com\\\/de\\\/white-label-sportwetten-loesung\\\/#primaryimage\"},\"thumbnailUrl\":\"https:\\\/\\\/sirplay.com\\\/wp-content\\\/uploads\\\/2021\\\/06\\\/white-label-sportsbook.png\",\"datePublished\":\"2021-06-14T16:41:42+00:00\",\"dateModified\":\"2024-06-10T09:52:49+00:00\",\"description\":\"Die White-Label-Sportwettenl\u00f6sung von Sirplay ist ein vollst\u00e4ndig verwalteter zertifizierter Sportwettenanbieter.\",\"breadcrumb\":{\"@id\":\"https:\\\/\\\/sirplay.com\\\/de\\\/white-label-sportwetten-loesung\\\/#breadcrumb\"},\"inLanguage\":\"de\",\"potentialAction\":[{\"@type\":\"ReadAction\",\"target\":[\"https:\\\/\\\/sirplay.com\\\/de\\\/white-label-sportwetten-loesung\\\/\"]}]},{\"@type\":\"ImageObject\",\"inLanguage\":\"de\",\"@id\":\"https:\\\/\\\/sirplay.com\\\/de\\\/white-label-sportwetten-loesung\\\/#primaryimage\",\"url\":\"https:\\\/\\\/sirplay.com\\\/wp-content\\\/uploads\\\/2021\\\/06\\\/white-label-sportsbook.png\",\"contentUrl\":\"https:\\\/\\\/sirplay.com\\\/wp-content\\\/uploads\\\/2021\\\/06\\\/white-label-sportsbook.png\",\"width\":600,\"height\":462,\"caption\":\"White-Label-Sportwetten\"},{\"@type\":\"BreadcrumbList\",\"@id\":\"https:\\\/\\\/sirplay.com\\\/de\\\/white-label-sportwetten-loesung\\\/#breadcrumb\",\"itemListElement\":[{\"@type\":\"ListItem\",\"position\":1,\"name\":\"Home\",\"item\":\"https:\\\/\\\/sirplay.com\\\/de\\\/\"},{\"@type\":\"ListItem\",\"position\":2,\"name\":\"White-Label-Sportwetten-L\u00f6sung\"}]},{\"@type\":\"WebSite\",\"@id\":\"https:\\\/\\\/sirplay.com\\\/de\\\/#website\",\"url\":\"https:\\\/\\\/sirplay.com\\\/de\\\/\",\"name\":\"Sportsbook software provider\",\"description\":\"Sports betting software online and Retail ssbts  - White label casino\",\"publisher\":{\"@id\":\"https:\\\/\\\/sirplay.com\\\/de\\\/#organization\"},\"alternateName\":\"White label casino\",\"potentialAction\":[{\"@type\":\"SearchAction\",\"target\":{\"@type\":\"EntryPoint\",\"urlTemplate\":\"https:\\\/\\\/sirplay.com\\\/de\\\/?s={search_term_string}\"},\"query-input\":{\"@type\":\"PropertyValueSpecification\",\"valueRequired\":true,\"valueName\":\"search_term_string\"}}],\"inLanguage\":\"de\"},{\"@type\":\"Organization\",\"@id\":\"https:\\\/\\\/sirplay.com\\\/de\\\/#organization\",\"name\":\"Sirplay\",\"alternateName\":\"Sirplay white label\",\"url\":\"https:\\\/\\\/sirplay.com\\\/de\\\/\",\"logo\":{\"@type\":\"ImageObject\",\"inLanguage\":\"de\",\"@id\":\"https:\\\/\\\/sirplay.com\\\/de\\\/#\\\/schema\\\/logo\\\/image\\\/\",\"url\":\"https:\\\/\\\/sirplay.com\\\/wp-content\\\/uploads\\\/2021\\\/03\\\/cropped-sirplayICO.png\",\"contentUrl\":\"https:\\\/\\\/sirplay.com\\\/wp-content\\\/uploads\\\/2021\\\/03\\\/cropped-sirplayICO.png\",\"width\":512,\"height\":512,\"caption\":\"Sirplay\"},\"image\":{\"@id\":\"https:\\\/\\\/sirplay.com\\\/de\\\/#\\\/schema\\\/logo\\\/image\\\/\"},\"sameAs\":[\"https:\\\/\\\/x.com\\\/sirplay\",\"https:\\\/\\\/www.linkedin.com\\\/company\\\/sirplay\",\"https:\\\/\\\/www.youtube.com\\\/user\\\/BookmakerSolutions\"]}]}<\/script>\n<!-- \/ Yoast SEO Premium plugin. -->","yoast_head_json":{"title":"White-Label-Sportwetten-L\u00f6sung - Sirplay","description":"Die White-Label-Sportwettenl\u00f6sung von Sirplay ist ein vollst\u00e4ndig verwalteter zertifizierter Sportwettenanbieter.","robots":{"index":"index","follow":"follow","max-snippet":"max-snippet:-1","max-image-preview":"max-image-preview:large","max-video-preview":"max-video-preview:-1"},"canonical":"https:\/\/sirplay.com\/de\/white-label-sportwetten-loesung\/","og_locale":"de_DE","og_type":"article","og_title":"White-Label-Sportwetten-L\u00f6sung","og_description":"White-Label-Sportwetten-L\u00f6sung","og_url":"https:\/\/sirplay.com\/de\/white-label-sportwetten-loesung\/","og_site_name":"Sirplay","article_modified_time":"2024-06-10T09:52:49+00:00","og_image":[{"width":600,"height":462,"url":"https:\/\/sirplay.com\/wp-content\/uploads\/2021\/06\/white-label-sportsbook.png","type":"image\/png"}],"twitter_card":"summary_large_image","twitter_site":"@sirplay","twitter_misc":{"Gesch\u00e4tzte Lesezeit":"3\u00a0Minuten"},"schema":{"@context":"https:\/\/schema.org","@graph":[{"@type":"WebPage","@id":"https:\/\/sirplay.com\/de\/white-label-sportwetten-loesung\/","url":"https:\/\/sirplay.com\/de\/white-label-sportwetten-loesung\/","name":"White-Label-Sportwetten-L\u00f6sung - Sirplay","isPartOf":{"@id":"https:\/\/sirplay.com\/de\/#website"},"primaryImageOfPage":{"@id":"https:\/\/sirplay.com\/de\/white-label-sportwetten-loesung\/#primaryimage"},"image":{"@id":"https:\/\/sirplay.com\/de\/white-label-sportwetten-loesung\/#primaryimage"},"thumbnailUrl":"https:\/\/sirplay.com\/wp-content\/uploads\/2021\/06\/white-label-sportsbook.png","datePublished":"2021-06-14T16:41:42+00:00","dateModified":"2024-06-10T09:52:49+00:00","description":"Die White-Label-Sportwettenl\u00f6sung von Sirplay ist ein vollst\u00e4ndig verwalteter zertifizierter Sportwettenanbieter.","breadcrumb":{"@id":"https:\/\/sirplay.com\/de\/white-label-sportwetten-loesung\/#breadcrumb"},"inLanguage":"de","potentialAction":[{"@type":"ReadAction","target":["https:\/\/sirplay.com\/de\/white-label-sportwetten-loesung\/"]}]},{"@type":"ImageObject","inLanguage":"de","@id":"https:\/\/sirplay.com\/de\/white-label-sportwetten-loesung\/#primaryimage","url":"https:\/\/sirplay.com\/wp-content\/uploads\/2021\/06\/white-label-sportsbook.png","contentUrl":"https:\/\/sirplay.com\/wp-content\/uploads\/2021\/06\/white-label-sportsbook.png","width":600,"height":462,"caption":"White-Label-Sportwetten"},{"@type":"BreadcrumbList","@id":"https:\/\/sirplay.com\/de\/white-label-sportwetten-loesung\/#breadcrumb","itemListElement":[{"@type":"ListItem","position":1,"name":"Home","item":"https:\/\/sirplay.com\/de\/"},{"@type":"ListItem","position":2,"name":"White-Label-Sportwetten-L\u00f6sung"}]},{"@type":"WebSite","@id":"https:\/\/sirplay.com\/de\/#website","url":"https:\/\/sirplay.com\/de\/","name":"Sportsbook software provider","description":"Sports betting software online and Retail ssbts  - White label casino","publisher":{"@id":"https:\/\/sirplay.com\/de\/#organization"},"alternateName":"White label casino","potentialAction":[{"@type":"SearchAction","target":{"@type":"EntryPoint","urlTemplate":"https:\/\/sirplay.com\/de\/?s={search_term_string}"},"query-input":{"@type":"PropertyValueSpecification","valueRequired":true,"valueName":"search_term_string"}}],"inLanguage":"de"},{"@type":"Organization","@id":"https:\/\/sirplay.com\/de\/#organization","name":"Sirplay","alternateName":"Sirplay white label","url":"https:\/\/sirplay.com\/de\/","logo":{"@type":"ImageObject","inLanguage":"de","@id":"https:\/\/sirplay.com\/de\/#\/schema\/logo\/image\/","url":"https:\/\/sirplay.com\/wp-content\/uploads\/2021\/03\/cropped-sirplayICO.png","contentUrl":"https:\/\/sirplay.com\/wp-content\/uploads\/2021\/03\/cropped-sirplayICO.png","width":512,"height":512,"caption":"Sirplay"},"image":{"@id":"https:\/\/sirplay.com\/de\/#\/schema\/logo\/image\/"},"sameAs":["https:\/\/x.com\/sirplay","https:\/\/www.linkedin.com\/company\/sirplay","https:\/\/www.youtube.com\/user\/BookmakerSolutions"]}]}},"_links":{"self":[{"href":"https:\/\/sirplay.com\/de\/wp-json\/wp\/v2\/pages\/19070","targetHints":{"allow":["GET"]}}],"collection":[{"href":"https:\/\/sirplay.com\/de\/wp-json\/wp\/v2\/pages"}],"about":[{"href":"https:\/\/sirplay.com\/de\/wp-json\/wp\/v2\/types\/page"}],"author":[{"embeddable":true,"href":"https:\/\/sirplay.com\/de\/wp-json\/wp\/v2\/users\/1"}],"replies":[{"embeddable":true,"href":"https:\/\/sirplay.com\/de\/wp-json\/wp\/v2\/comments?post=19070"}],"version-history":[{"count":2,"href":"https:\/\/sirplay.com\/de\/wp-json\/wp\/v2\/pages\/19070\/revisions"}],"predecessor-version":[{"id":21630,"href":"https:\/\/sirplay.com\/de\/wp-json\/wp\/v2\/pages\/19070\/revisions\/21630"}],"wp:featuredmedia":[{"embeddable":true,"href":"https:\/\/sirplay.com\/de\/wp-json\/wp\/v2\/media\/19364"}],"wp:attachment":[{"href":"https:\/\/sirplay.com\/de\/wp-json\/wp\/v2\/media?parent=19070"}],"curies":[{"name":"wp","href":"https:\/\/api.w.org\/{rel}","templated":true}]}}