{"id":22084,"date":"2024-09-26T18:21:27","date_gmt":"2024-09-26T18:21:27","guid":{"rendered":"https:\/\/sirplay.com\/sportwetten-plattform\/loesungen-fuer-den-einzelhandel\/"},"modified":"2026-01-29T16:22:04","modified_gmt":"2026-01-29T16:22:04","slug":"loesungen-fuer-den-einzelhandel","status":"publish","type":"page","link":"https:\/\/sirplay.com\/de\/sportwetten-plattform\/loesungen-fuer-den-einzelhandel\/","title":{"rendered":"L\u00f6sungen f\u00fcr den Einzelhandel"},"content":{"rendered":"<div class=\"wpb-content-wrapper\"><p>[vc_row][vc_column width=&#8221;2\/3&#8243; offset=&#8221;vc_col-xs-12&#8243;][vc_custom_heading text=&#8221;Selbstbedienungs-Wettterminals SSBTs &#8211; Einzelhandel in Wettshops&#8221; font_container=&#8221;tag:h2|font_size:36px|text_align:left|line_height:46px&#8221; use_theme_fonts=&#8221;yes&#8221; css=&#8221;.vc_custom_1769702043582{margin-top: 15px !important;margin-bottom: 25px !important;}&#8221; el_class=&#8221;looking-for-heading&#8221;][vc_empty_space height=&#8221;45px&#8221;][vc_column_text css=&#8221;.vc_custom_1769702393229{margin-bottom: 40px !important;}&#8221;]<\/p>\n<div class=\"anchor-heading-wrapper\">\n<h3 id=\"self-service-betting-terminals-ssbts\" class=\"anchor-heading\" data-name=\"self-service-betting-terminals-ssbts\">Selbstbedienungs-Wettterminals (SSBTs)<\/h3>\n<\/div>\n<p>Sirplay bietet Selbstbedienungs-Wettterminals, an denen die Kunden ihre Wetten selbst platzieren k\u00f6nnen, was die Wartezeiten verk\u00fcrzt und die Effizienz in stark frequentierten Bereichen verbessert.<\/p>\n<div class=\"anchor-heading-wrapper\">\n<h3 id=\"retail-betting-management\" class=\"anchor-heading\" data-name=\"retail-betting-management\">Verwaltung von Einzelhandelswetten<\/h3>\n<\/div>\n<p>Ihre Software rationalisiert die Verwaltung von Wettshops und bietet Tools f\u00fcr Echtzeit-Quoten und Kundenbindung.<\/p>\n<div class=\"anchor-heading-wrapper\">\n<h3 id=\"over-the-counter-betting\" class=\"anchor-heading\" data-name=\"over-the-counter-betting\">Over-the-Counter-Wetten<\/h3>\n<\/div>\n<p>Sirplay unterst\u00fctzt auch traditionelle Schalterwetten und erm\u00f6glicht so schnelle und reibungslose pers\u00f6nliche Transaktionen f\u00fcr Kunden.<\/p>\n<div class=\"anchor-heading-wrapper\">\n<h3 id=\"user-friendly-interface\" class=\"anchor-heading\" data-name=\"user-friendly-interface\">Benutzerfreundliches Interface<\/h3>\n<\/div>\n<p>Das Unternehmen entwirft intuitive Benutzeroberfl\u00e4chen sowohl f\u00fcr Wettterminals als auch f\u00fcr Selbstbedienungsoptionen, die es den Benutzern leicht machen, zu navigieren und Wetten zu platzieren.<\/p>\n<div class=\"anchor-heading-wrapper\">\n<h3 id=\"integration-capabilities\" class=\"anchor-heading\" data-name=\"integration-capabilities\">F\u00e4higkeiten zur Integration<\/h3>\n<\/div>\n<p>Die Software von Sirplay l\u00e4sst sich nahtlos in bestehende Einzelhandelssysteme integrieren und erm\u00f6glicht es den Betreibern, die Funktionen anzupassen und gleichzeitig die Einhaltung lokaler Vorschriften zu gew\u00e4hrleisten.<\/p>\n<div class=\"anchor-heading-wrapper\">\n<h3 id=\"risk-management-tools\" class=\"anchor-heading\" data-name=\"risk-management-tools\">Tools f\u00fcr das Risikomanagement<\/h3>\n<\/div>\n<p>Dazu geh\u00f6ren Tools f\u00fcr das Risikomanagement und die Berichterstattung, die Betreibern helfen, Wettdaten zu analysieren und risikoreiche Aktivit\u00e4ten zu \u00fcberwachen.<\/p>\n<div class=\"anchor-heading-wrapper\">\n<h3 id=\"payment-processing-solutions\" class=\"anchor-heading\" data-name=\"payment-processing-solutions\">L\u00f6sungen f\u00fcr die Zahlungsabwicklung<\/h3>\n<\/div>\n<p>Sirplay unterst\u00fctzt verschiedene Zahlungsmethoden und sorgt f\u00fcr reibungslose Ein- und Auszahlungen, um die Kundenzufriedenheit zu erh\u00f6hen.<\/p>\n<div class=\"anchor-heading-wrapper\">\n<h3 id=\"marketing-module\" class=\"anchor-heading\" data-name=\"marketing-module\">Marketing Modul<\/h3>\n<\/div>\n<p>Die Software bietet Marketing-Tools, mit denen Betreiber Werbeaktionen und Treueprogramme erstellen k\u00f6nnen, um Kunden zu gewinnen und zu binden.<\/p>\n<div class=\"anchor-heading-wrapper\">\n<h3 id=\"future-ready-solutions\" class=\"anchor-heading\" data-name=\"future-ready-solutions\">Zukunftssichere L\u00f6sungen<\/h3>\n<\/div>\n<p>Sirplay ist bestrebt, seine Technologie weiterzuentwickeln und Trends wie fortschrittliche Analysen und Gamification-Erlebnisse einzubeziehen, um seine Kunden wettbewerbsf\u00e4hig zu halten.[\/vc_column_text][vc_empty_space height=&#8221;45px&#8221;][\/vc_column][vc_column width=&#8221;1\/3&#8243;][vc_empty_space height=&#8221;45px&#8221;][vc_single_image image=&#8221;21971&#8243; img_size=&#8221;full&#8221; add_caption=&#8221;yes&#8221; alignment=&#8221;center&#8221; css=&#8221;&#8221;][vc_empty_space height=&#8221;45px&#8221;][\/vc_column][\/vc_row][vc_row][vc_column offset=&#8221;vc_col-xs-12&#8243;][vc_empty_space height=&#8221;45px&#8221;][vc_custom_heading text=&#8221;Wir machen es Ihnen leicht, online in den Einzelhandel einzusteigen&#8221; font_container=&#8221;tag:h2|font_size:32px|text_align:center|color:%23a0c528|line_height:42px&#8221; use_theme_fonts=&#8221;yes&#8221; css_animation=&#8221;none&#8221; css=&#8221;.vc_custom_1727189784539{margin-top: 3px !important;margin-bottom: 35px !important;}&#8221;]<style type=\"text\/css\">\n                .sweetthemes_button .btn_custom_69fcc8b8abfb9 {\n                    background: rgba(255,255,255,0.99) !important;\n                }\n                .sweetthemes_button .btn_custom_69fcc8b8abfb9:hover {                   \n                    color: rgba(255,255,255,0.99) !important;                     \n                }\n                .sweetthemes_button .btn_custom_69fcc8b8abfb9:before {\n                    background: #a0c528 !important;\n                }\n                .sweetthemes_button .btn_custom_69fcc8b8abfb9 {\n                    border-color: #e2e2e2 !important;\n                }\n                .sweetthemes_button .btn_custom_69fcc8b8abfb9:hover {                   \n                    border-color:  !important;                     \n                }\n\n              <\/style><div class=\"text-center sweetthemes_button \"><a  href=\"#contact\" class=\"button-winona btn btn-sm btn_custom_69fcc8b8abfb9\" style=\"color:rgba(10,10,10,0.99)\">\n        <i class=\"fa fa-phone\"><\/i>\n    GET QUOTE<\/a><\/div>[vc_empty_space height=&#8221;45px&#8221;][\/vc_column][\/vc_row][vc_row full_width=&#8221;stretch_row&#8221; css=&#8221;.vc_custom_1656008710904{margin-top: 100px !important;padding-bottom: 80px !important;}&#8221;][vc_column width=&#8221;1\/2&#8243; el_id=&#8221;contact&#8221;][vc_column_text css_animation=&#8221;none&#8221; css=&#8221;.vc_custom_1656024061759{margin-top: 0px !important;margin-bottom: 40px !important;}&#8221;]<\/p>\n<h3><strong>Kontaktiere uns<\/strong><\/h3>\n<p style=\"max-width: 650px;\">Verbinden Sie sich mit einem Sirplay-Experten f\u00fcr eine ausf\u00fchrliche Diskussion dar\u00fcber, wie unsere Dienste Ihrem Wettgesch\u00e4ft Vorteile bringen k\u00f6nnten, und entwickeln Sie Ihre eigene Strategie.<\/p>\n<p>[\/vc_column_text][vc_column_text css=&#8221;&#8221;]<img loading=\"lazy\" class=\"size-full wp-image-22667 aligncenter\" src=\"https:\/\/sirplay.com\/wp-content\/uploads\/2025\/11\/telegram.png\" alt=\"Telegramm\" width=\"64\" height=\"64\"><\/p>\n<div class=\"tgme_page_extra\" style=\"text-align: center;\"><a href=\"https:\/\/t.me\/SirplaySales\">@SirplaySales<\/a><\/div>\n<p>&nbsp;<\/p>\n<p><img loading=\"lazy\" class=\"size-full wp-image-16974 aligncenter\" src=\"https:\/\/sirplay.com\/gaming-experts\/wp-content\/uploads\/2022\/06\/Whatsapp.jpg\" alt=\"Whatsapp\" width=\"60\" height=\"60\"><\/p>\n<p style=\"text-align: center;\"><a href=\"https:\/\/api.whatsapp.com\/send?phone=3513960904&amp;text=More%20info\" target=\"_blank\" rel=\"noopener\">+39 3513960904<\/a><\/p>\n<p>[\/vc_column_text][\/vc_column][vc_column width=&#8221;1\/2&#8243;]\n<div class=\"wpcf7 no-js\" id=\"wpcf7-f19229-o1\" lang=\"de-DE\" dir=\"ltr\" data-wpcf7-id=\"19229\">\n<div class=\"screen-reader-response\"><p role=\"status\" aria-live=\"polite\" aria-atomic=\"true\"><\/p> <ul><\/ul><\/div>\n<form action=\"\/de\/wp-json\/wp\/v2\/pages\/22084#wpcf7-f19229-o1\" method=\"post\" class=\"wpcf7-form init\" aria-label=\"Kontaktformular\" novalidate=\"novalidate\" data-status=\"init\">\n<fieldset class=\"hidden-fields-container\"><input type=\"hidden\" name=\"_wpcf7\" value=\"19229\" \/><input type=\"hidden\" name=\"_wpcf7_version\" value=\"6.1.5\" \/><input type=\"hidden\" name=\"_wpcf7_locale\" value=\"de_DE\" \/><input type=\"hidden\" name=\"_wpcf7_unit_tag\" value=\"wpcf7-f19229-o1\" \/><input type=\"hidden\" name=\"_wpcf7_container_post\" value=\"0\" \/><input type=\"hidden\" name=\"_wpcf7_posted_data_hash\" value=\"\" \/>\n<\/fieldset>\n<p><label> Vollst\u00e4ndiger Name<br \/>\n<span class=\"wpcf7-form-control-wrap\" data-name=\"your-name\"><input size=\"40\" maxlength=\"400\" class=\"wpcf7-form-control wpcf7-text wpcf7-validates-as-required\" aria-required=\"true\" aria-invalid=\"false\" value=\"\" type=\"text\" name=\"your-name\" \/><\/span> <\/label>\n<\/p>\n<p><label> Deine E-Mail<br \/>\n<span class=\"wpcf7-form-control-wrap\" data-name=\"your-email\"><input size=\"40\" maxlength=\"400\" class=\"wpcf7-form-control wpcf7-email wpcf7-validates-as-required wpcf7-text wpcf7-validates-as-email\" aria-required=\"true\" aria-invalid=\"false\" value=\"\" type=\"email\" name=\"your-email\" \/><\/span> <\/label>\n<\/p>\n<p><label> Land<br \/>\n<span class=\"wpcf7-form-control-wrap\" data-name=\"countrytext-54\"><input size=\"40\" class=\"wpcf7-form-control wpcf7-countrytext wpcf7-text wpcf7-validates-as-countrytext\" aria-invalid=\"false\" value=\"\" type=\"text\" name=\"countrytext-54\" \/><\/span> <\/label>\n<\/p>\n<p><label> Telefonnummer<br \/>\n<span class=\"wpcf7-form-control-wrap\" data-name=\"phonetext-462\"><input size=\"40\" class=\"wpcf7-form-control wpcf7-phonetext wpcf7-text wpcf7-validates-as-phonetext\" aria-invalid=\"false\" value=\"\" type=\"text\" name=\"phonetext-462\" \/><input type=\"hidden\" name=\"phonetext-462-country-code\" class=\"wpcf7-phonetext-country-code\" \/><\/span> <\/label>\n<\/p>\n<p><label> Telefonnummer<br \/>\n<span class=\"wpcf7-form-control-wrap\" data-name=\"your-message\"><textarea cols=\"40\" rows=\"10\" maxlength=\"2000\" class=\"wpcf7-form-control wpcf7-textarea\" aria-invalid=\"false\" name=\"your-message\"><\/textarea><\/span> <\/label>\n<\/p>\n<p><input class=\"wpcf7-form-control wpcf7-submit has-spinner\" type=\"submit\" value=\"Einreichen\" \/>\n<\/p><div class=\"wpcf7-response-output\" aria-hidden=\"true\"><\/div>\n<\/form>\n<\/div>\n[vc_row_inner][vc_column_inner][vc_column_text]Wir geben Ihre pers\u00f6nlichen Daten an niemanden weiter. Weitere Informationen finden Sie in unserer \u201eDatenschutzerkl\u00e4rung\u201c.[\/vc_column_text][\/vc_column_inner][\/vc_row_inner][\/vc_column][\/vc_row][vc_row][vc_column][vc_column_text css=&#8221;&#8221;][\/vc_column_text][\/vc_column][\/vc_row]<\/p>\n<\/div>","protected":false},"excerpt":{"rendered":"<p>[vc_row][vc_column width=&#8221;2\/3&#8243; offset=&#8221;vc_col-xs-12&#8243;][vc_custom_heading text=&#8221;Selbstbedienungs-Wettterminals SSBTs &#8211; Einzelhandel in Wettshops&#8221; font_container=&#8221;tag:h2|font_size:36px|text_align:left|line_height:46px&#8221; use_theme_fonts=&#8221;yes&#8221; css=&#8221;.vc_custom_1769702043582{margin-top: 15px !important;margin-bottom: 25px !important;}&#8221; el_class=&#8221;looking-for-heading&#8221;][vc_empty_space height=&#8221;45px&#8221;][vc_column_text css=&#8221;.vc_custom_1769702393229{margin-bottom: 40px !important;}&#8221;] Selbstbedienungs-Wettterminals (SSBTs) Sirplay bietet Selbstbedienungs-Wettterminals, an denen die Kunden ihre Wetten selbst platzieren k\u00f6nnen, was die Wartezeiten verk\u00fcrzt und die Effizienz in stark frequentierten Bereichen verbessert. Verwaltung von Einzelhandelswetten Ihre Software rationalisiert die Verwaltung [&hellip;]<\/p>\n","protected":false},"author":3,"featured_media":21960,"parent":22058,"menu_order":0,"comment_status":"closed","ping_status":"closed","template":"","meta":{"footnotes":""},"class_list":["post-22084","page","type-page","status-publish","has-post-thumbnail","hentry"],"yoast_head":"<!-- This site is optimized with the Yoast SEO Premium plugin v27.3 (Yoast SEO v27.3) - https:\/\/yoast.com\/product\/yoast-seo-premium-wordpress\/ -->\n<title>- Self-Service Betting Terminals SSBTs<\/title>\n<meta name=\"description\" content=\"Self-Service Betting Terminals SSBTs - Die wichtigsten Angebote von Sirplay f\u00fcr den Einzelhandel in Wettshops lassen sich leicht in das bestehende Einzelhandelssystem integrieren\" \/>\n<meta name=\"robots\" content=\"index, follow, max-snippet:-1, max-image-preview:large, max-video-preview:-1\" \/>\n<link rel=\"canonical\" href=\"https:\/\/sirplay.com\/de\/sportwetten-plattform\/loesungen-fuer-den-einzelhandel\/\" \/>\n<meta property=\"og:locale\" content=\"de_DE\" \/>\n<meta property=\"og:type\" content=\"article\" \/>\n<meta property=\"og:title\" content=\"L\u00f6sungen f\u00fcr den Einzelhandel\" \/>\n<meta property=\"og:description\" content=\"L\u00f6sungen f\u00fcr den Einzelhandel\" \/>\n<meta property=\"og:url\" content=\"https:\/\/sirplay.com\/de\/sportwetten-plattform\/loesungen-fuer-den-einzelhandel\/\" \/>\n<meta property=\"og:site_name\" content=\"Sirplay\" \/>\n<meta property=\"article:modified_time\" content=\"2026-01-29T16:22:04+00:00\" \/>\n<meta property=\"og:image\" content=\"https:\/\/sirplay.com\/wp-content\/uploads\/2024\/09\/SSBTs.jpg\" \/>\n\t<meta property=\"og:image:width\" content=\"500\" \/>\n\t<meta property=\"og:image:height\" content=\"500\" \/>\n\t<meta property=\"og:image:type\" content=\"image\/jpeg\" \/>\n<meta name=\"twitter:card\" content=\"summary_large_image\" \/>\n<meta name=\"twitter:site\" content=\"@sirplay\" \/>\n<meta name=\"twitter:label1\" content=\"Gesch\u00e4tzte Lesezeit\" \/>\n\t<meta name=\"twitter:data1\" content=\"3\u00a0Minuten\" \/>\n<script type=\"application\/ld+json\" class=\"yoast-schema-graph\">{\"@context\":\"https:\\\/\\\/schema.org\",\"@graph\":[{\"@type\":\"WebPage\",\"@id\":\"https:\\\/\\\/sirplay.com\\\/de\\\/sportwetten-plattform\\\/loesungen-fuer-den-einzelhandel\\\/\",\"url\":\"https:\\\/\\\/sirplay.com\\\/de\\\/sportwetten-plattform\\\/loesungen-fuer-den-einzelhandel\\\/\",\"name\":\"- Self-Service Betting Terminals SSBTs\",\"isPartOf\":{\"@id\":\"https:\\\/\\\/sirplay.com\\\/de\\\/#website\"},\"primaryImageOfPage\":{\"@id\":\"https:\\\/\\\/sirplay.com\\\/de\\\/sportwetten-plattform\\\/loesungen-fuer-den-einzelhandel\\\/#primaryimage\"},\"image\":{\"@id\":\"https:\\\/\\\/sirplay.com\\\/de\\\/sportwetten-plattform\\\/loesungen-fuer-den-einzelhandel\\\/#primaryimage\"},\"thumbnailUrl\":\"https:\\\/\\\/sirplay.com\\\/wp-content\\\/uploads\\\/2024\\\/09\\\/SSBTs.jpg\",\"datePublished\":\"2024-09-26T18:21:27+00:00\",\"dateModified\":\"2026-01-29T16:22:04+00:00\",\"description\":\"Self-Service Betting Terminals SSBTs - Die wichtigsten Angebote von Sirplay f\u00fcr den Einzelhandel in Wettshops lassen sich leicht in das bestehende Einzelhandelssystem integrieren\",\"breadcrumb\":{\"@id\":\"https:\\\/\\\/sirplay.com\\\/de\\\/sportwetten-plattform\\\/loesungen-fuer-den-einzelhandel\\\/#breadcrumb\"},\"inLanguage\":\"de\",\"potentialAction\":[{\"@type\":\"ReadAction\",\"target\":[\"https:\\\/\\\/sirplay.com\\\/de\\\/sportwetten-plattform\\\/loesungen-fuer-den-einzelhandel\\\/\"]}]},{\"@type\":\"ImageObject\",\"inLanguage\":\"de\",\"@id\":\"https:\\\/\\\/sirplay.com\\\/de\\\/sportwetten-plattform\\\/loesungen-fuer-den-einzelhandel\\\/#primaryimage\",\"url\":\"https:\\\/\\\/sirplay.com\\\/wp-content\\\/uploads\\\/2024\\\/09\\\/SSBTs.jpg\",\"contentUrl\":\"https:\\\/\\\/sirplay.com\\\/wp-content\\\/uploads\\\/2024\\\/09\\\/SSBTs.jpg\",\"width\":500,\"height\":500,\"caption\":\"Selbstbedienungs-Wettterminals SSBTs\"},{\"@type\":\"BreadcrumbList\",\"@id\":\"https:\\\/\\\/sirplay.com\\\/de\\\/sportwetten-plattform\\\/loesungen-fuer-den-einzelhandel\\\/#breadcrumb\",\"itemListElement\":[{\"@type\":\"ListItem\",\"position\":1,\"name\":\"Home\",\"item\":\"https:\\\/\\\/sirplay.com\\\/de\\\/\"},{\"@type\":\"ListItem\",\"position\":2,\"name\":\"Sportwetten-Plattform\",\"item\":\"https:\\\/\\\/sirplay.com\\\/de\\\/sportwetten-plattform\\\/\"},{\"@type\":\"ListItem\",\"position\":3,\"name\":\"L\u00f6sungen f\u00fcr den Einzelhandel\"}]},{\"@type\":\"WebSite\",\"@id\":\"https:\\\/\\\/sirplay.com\\\/de\\\/#website\",\"url\":\"https:\\\/\\\/sirplay.com\\\/de\\\/\",\"name\":\"Sportsbook software provider\",\"description\":\"Sports betting software online and Retail ssbts  - White label casino\",\"publisher\":{\"@id\":\"https:\\\/\\\/sirplay.com\\\/de\\\/#organization\"},\"alternateName\":\"White label casino\",\"potentialAction\":[{\"@type\":\"SearchAction\",\"target\":{\"@type\":\"EntryPoint\",\"urlTemplate\":\"https:\\\/\\\/sirplay.com\\\/de\\\/?s={search_term_string}\"},\"query-input\":{\"@type\":\"PropertyValueSpecification\",\"valueRequired\":true,\"valueName\":\"search_term_string\"}}],\"inLanguage\":\"de\"},{\"@type\":\"Organization\",\"@id\":\"https:\\\/\\\/sirplay.com\\\/de\\\/#organization\",\"name\":\"Sirplay\",\"alternateName\":\"Sirplay white label\",\"url\":\"https:\\\/\\\/sirplay.com\\\/de\\\/\",\"logo\":{\"@type\":\"ImageObject\",\"inLanguage\":\"de\",\"@id\":\"https:\\\/\\\/sirplay.com\\\/de\\\/#\\\/schema\\\/logo\\\/image\\\/\",\"url\":\"https:\\\/\\\/sirplay.com\\\/wp-content\\\/uploads\\\/2021\\\/03\\\/cropped-sirplayICO.png\",\"contentUrl\":\"https:\\\/\\\/sirplay.com\\\/wp-content\\\/uploads\\\/2021\\\/03\\\/cropped-sirplayICO.png\",\"width\":512,\"height\":512,\"caption\":\"Sirplay\"},\"image\":{\"@id\":\"https:\\\/\\\/sirplay.com\\\/de\\\/#\\\/schema\\\/logo\\\/image\\\/\"},\"sameAs\":[\"https:\\\/\\\/x.com\\\/sirplay\",\"https:\\\/\\\/www.linkedin.com\\\/company\\\/sirplay\",\"https:\\\/\\\/www.youtube.com\\\/user\\\/BookmakerSolutions\"]}]}<\/script>\n<!-- \/ Yoast SEO Premium plugin. -->","yoast_head_json":{"title":"- Self-Service Betting Terminals SSBTs","description":"Self-Service Betting Terminals SSBTs - Die wichtigsten Angebote von Sirplay f\u00fcr den Einzelhandel in Wettshops lassen sich leicht in das bestehende Einzelhandelssystem integrieren","robots":{"index":"index","follow":"follow","max-snippet":"max-snippet:-1","max-image-preview":"max-image-preview:large","max-video-preview":"max-video-preview:-1"},"canonical":"https:\/\/sirplay.com\/de\/sportwetten-plattform\/loesungen-fuer-den-einzelhandel\/","og_locale":"de_DE","og_type":"article","og_title":"L\u00f6sungen f\u00fcr den Einzelhandel","og_description":"L\u00f6sungen f\u00fcr den Einzelhandel","og_url":"https:\/\/sirplay.com\/de\/sportwetten-plattform\/loesungen-fuer-den-einzelhandel\/","og_site_name":"Sirplay","article_modified_time":"2026-01-29T16:22:04+00:00","og_image":[{"width":500,"height":500,"url":"https:\/\/sirplay.com\/wp-content\/uploads\/2024\/09\/SSBTs.jpg","type":"image\/jpeg"}],"twitter_card":"summary_large_image","twitter_site":"@sirplay","twitter_misc":{"Gesch\u00e4tzte Lesezeit":"3\u00a0Minuten"},"schema":{"@context":"https:\/\/schema.org","@graph":[{"@type":"WebPage","@id":"https:\/\/sirplay.com\/de\/sportwetten-plattform\/loesungen-fuer-den-einzelhandel\/","url":"https:\/\/sirplay.com\/de\/sportwetten-plattform\/loesungen-fuer-den-einzelhandel\/","name":"- Self-Service Betting Terminals SSBTs","isPartOf":{"@id":"https:\/\/sirplay.com\/de\/#website"},"primaryImageOfPage":{"@id":"https:\/\/sirplay.com\/de\/sportwetten-plattform\/loesungen-fuer-den-einzelhandel\/#primaryimage"},"image":{"@id":"https:\/\/sirplay.com\/de\/sportwetten-plattform\/loesungen-fuer-den-einzelhandel\/#primaryimage"},"thumbnailUrl":"https:\/\/sirplay.com\/wp-content\/uploads\/2024\/09\/SSBTs.jpg","datePublished":"2024-09-26T18:21:27+00:00","dateModified":"2026-01-29T16:22:04+00:00","description":"Self-Service Betting Terminals SSBTs - Die wichtigsten Angebote von Sirplay f\u00fcr den Einzelhandel in Wettshops lassen sich leicht in das bestehende Einzelhandelssystem integrieren","breadcrumb":{"@id":"https:\/\/sirplay.com\/de\/sportwetten-plattform\/loesungen-fuer-den-einzelhandel\/#breadcrumb"},"inLanguage":"de","potentialAction":[{"@type":"ReadAction","target":["https:\/\/sirplay.com\/de\/sportwetten-plattform\/loesungen-fuer-den-einzelhandel\/"]}]},{"@type":"ImageObject","inLanguage":"de","@id":"https:\/\/sirplay.com\/de\/sportwetten-plattform\/loesungen-fuer-den-einzelhandel\/#primaryimage","url":"https:\/\/sirplay.com\/wp-content\/uploads\/2024\/09\/SSBTs.jpg","contentUrl":"https:\/\/sirplay.com\/wp-content\/uploads\/2024\/09\/SSBTs.jpg","width":500,"height":500,"caption":"Selbstbedienungs-Wettterminals SSBTs"},{"@type":"BreadcrumbList","@id":"https:\/\/sirplay.com\/de\/sportwetten-plattform\/loesungen-fuer-den-einzelhandel\/#breadcrumb","itemListElement":[{"@type":"ListItem","position":1,"name":"Home","item":"https:\/\/sirplay.com\/de\/"},{"@type":"ListItem","position":2,"name":"Sportwetten-Plattform","item":"https:\/\/sirplay.com\/de\/sportwetten-plattform\/"},{"@type":"ListItem","position":3,"name":"L\u00f6sungen f\u00fcr den Einzelhandel"}]},{"@type":"WebSite","@id":"https:\/\/sirplay.com\/de\/#website","url":"https:\/\/sirplay.com\/de\/","name":"Sportsbook software provider","description":"Sports betting software online and Retail ssbts  - White label casino","publisher":{"@id":"https:\/\/sirplay.com\/de\/#organization"},"alternateName":"White label casino","potentialAction":[{"@type":"SearchAction","target":{"@type":"EntryPoint","urlTemplate":"https:\/\/sirplay.com\/de\/?s={search_term_string}"},"query-input":{"@type":"PropertyValueSpecification","valueRequired":true,"valueName":"search_term_string"}}],"inLanguage":"de"},{"@type":"Organization","@id":"https:\/\/sirplay.com\/de\/#organization","name":"Sirplay","alternateName":"Sirplay white label","url":"https:\/\/sirplay.com\/de\/","logo":{"@type":"ImageObject","inLanguage":"de","@id":"https:\/\/sirplay.com\/de\/#\/schema\/logo\/image\/","url":"https:\/\/sirplay.com\/wp-content\/uploads\/2021\/03\/cropped-sirplayICO.png","contentUrl":"https:\/\/sirplay.com\/wp-content\/uploads\/2021\/03\/cropped-sirplayICO.png","width":512,"height":512,"caption":"Sirplay"},"image":{"@id":"https:\/\/sirplay.com\/de\/#\/schema\/logo\/image\/"},"sameAs":["https:\/\/x.com\/sirplay","https:\/\/www.linkedin.com\/company\/sirplay","https:\/\/www.youtube.com\/user\/BookmakerSolutions"]}]}},"_links":{"self":[{"href":"https:\/\/sirplay.com\/de\/wp-json\/wp\/v2\/pages\/22084","targetHints":{"allow":["GET"]}}],"collection":[{"href":"https:\/\/sirplay.com\/de\/wp-json\/wp\/v2\/pages"}],"about":[{"href":"https:\/\/sirplay.com\/de\/wp-json\/wp\/v2\/types\/page"}],"author":[{"embeddable":true,"href":"https:\/\/sirplay.com\/de\/wp-json\/wp\/v2\/users\/3"}],"replies":[{"embeddable":true,"href":"https:\/\/sirplay.com\/de\/wp-json\/wp\/v2\/comments?post=22084"}],"version-history":[{"count":5,"href":"https:\/\/sirplay.com\/de\/wp-json\/wp\/v2\/pages\/22084\/revisions"}],"predecessor-version":[{"id":22777,"href":"https:\/\/sirplay.com\/de\/wp-json\/wp\/v2\/pages\/22084\/revisions\/22777"}],"up":[{"embeddable":true,"href":"https:\/\/sirplay.com\/de\/wp-json\/wp\/v2\/pages\/22058"}],"wp:featuredmedia":[{"embeddable":true,"href":"https:\/\/sirplay.com\/de\/wp-json\/wp\/v2\/media\/21960"}],"wp:attachment":[{"href":"https:\/\/sirplay.com\/de\/wp-json\/wp\/v2\/media?parent=22084"}],"curies":[{"name":"wp","href":"https:\/\/api.w.org\/{rel}","templated":true}]}}