{"id":22116,"date":"2024-09-26T18:24:24","date_gmt":"2024-09-26T18:24:24","guid":{"rendered":"https:\/\/sirplay.com\/sportwetten-plattform\/esports-wettsoftware\/"},"modified":"2026-01-29T16:06:37","modified_gmt":"2026-01-29T16:06:37","slug":"esports-wettsoftware","status":"publish","type":"page","link":"https:\/\/sirplay.com\/de\/sportwetten-plattform\/esports-wettsoftware\/","title":{"rendered":"eSports-Wettsoftware"},"content":{"rendered":"<div class=\"wpb-content-wrapper\"><p>[vc_row][vc_column width=&#8221;1\/2&#8243; offset=&#8221;vc_col-xs-12&#8243;][vc_custom_heading text=&#8221;Esports-Wettsoftware: Ihr Tor zu einer neuen Welt des Wettens&#8221; font_container=&#8221;tag:h2|font_size:40px|text_align:left|line_height:46px&#8221; use_theme_fonts=&#8221;yes&#8221; css=&#8221;.vc_custom_1727196167003{margin-top: 15px !important;margin-bottom: 25px !important;}&#8221; el_class=&#8221;looking-for-heading&#8221;][vc_column_text css=&#8221;.vc_custom_1727197309437{margin-bottom: 40px !important;}&#8221;]Entdecken Sie die fortschrittliche esports-Wettsoftware von Sirplay, die f\u00fcr optimale Leistung und Skalierbarkeit entwickelt wurde. Nutzen Sie die modernsten Funktionen, um eine wachsende Zahl von esports-Wettenden anzusprechen und die operative Effizienz zu verbessern. <\/p>\n<p>&nbsp;<\/p>\n<p>Eine umfassende \u00dcbersicht finden Sie hier:[\/vc_column_text]<style type=\"text\/css\">\n                .sweetthemes_button .btn_custom_69e040a121867 {\n                    background: rgba(255,255,255,0.99) !important;\n                }\n                .sweetthemes_button .btn_custom_69e040a121867:hover {                   \n                    color: rgba(255,255,255,0.99) !important;                     \n                }\n                .sweetthemes_button .btn_custom_69e040a121867:before {\n                    background: #a0c528 !important;\n                }\n                .sweetthemes_button .btn_custom_69e040a121867 {\n                    border-color: #e2e2e2 !important;\n                }\n                .sweetthemes_button .btn_custom_69e040a121867:hover {                   \n                    border-color:  !important;                     \n                }\n\n              <\/style><div class=\"text-center sweetthemes_button \"><a  href=\"#contact\" class=\"button-winona btn btn-sm btn_custom_69e040a121867\" style=\"color:rgba(10,10,10,0.99)\">\n        <i class=\"fa fa-phone\"><\/i>\n    REQUEST DEMO<\/a><\/div>[vc_empty_space height=&#8221;50px&#8221;][\/vc_column][vc_column width=&#8221;1\/2&#8243;][vc_empty_space height=&#8221;45px&#8221;][vc_single_image image=&#8221;21985&#8243; img_size=&#8221;full&#8221; add_caption=&#8221;yes&#8221; alignment=&#8221;center&#8221; css=&#8221;&#8221;][vc_empty_space height=&#8221;45px&#8221;][\/vc_column][\/vc_row][vc_row css=&#8221;.vc_custom_1664190139448{margin-top: 60px !important;margin-bottom: 120px !important;}&#8221;][vc_column width=&#8221;1\/2&#8243;][vc_single_image image=&#8221;22010&#8243; img_size=&#8221;full&#8221; alignment=&#8221;center&#8221; css=&#8221;&#8221;][vc_empty_space height=&#8221;52px&#8221;][\/vc_column][vc_column width=&#8221;1\/2&#8243;][vc_custom_heading text=&#8221;Ein sich entwickelndes Esports-Wett-\u00d6kosystem&#8221; font_container=&#8221;tag:h2|font_size:32px|text_align:left|color:%23a0c528|line_height:36px&#8221; use_theme_fonts=&#8221;yes&#8221; css_animation=&#8221;none&#8221; css=&#8221;.vc_custom_1727196691159{margin-top: 3px !important;margin-bottom: 35px !important;}&#8221;][vc_column_text css_animation=&#8221;none&#8221; css=&#8221;.vc_custom_1727196706115{margin-bottom: 45px !important;}&#8221;]Erreichen Sie ein j\u00fcngeres Publikum und steigern Sie die Wettaktivit\u00e4t mit unserem 360\u00b0-Ansatz f\u00fcr esports-Wetten. Unsere fortschrittlichen Funktionen sorgen f\u00fcr ein Engagement rund um die Uhr, damit Ihre Plattform in der dynamischen esports-Landschaft florieren kann.[\/vc_column_text][\/vc_column][\/vc_row][vc_row][vc_column offset=&#8221;vc_col-xs-12&#8243;][vc_empty_space height=&#8221;45px&#8221;][vc_custom_heading text=&#8221;Umfangreiche Live-Esports-M\u00e4rkte f\u00fcr mehr Engagement&#8221; font_container=&#8221;tag:h2|font_size:32px|text_align:center|color:%23a0c528|line_height:42px&#8221; use_theme_fonts=&#8221;yes&#8221; css_animation=&#8221;none&#8221; css=&#8221;.vc_custom_1727196887365{margin-top: 3px !important;margin-bottom: 35px !important;}&#8221;][vc_column_text css=&#8221;&#8221;]Ziehen Sie mit unserem umfangreichen Angebot an Live-M\u00e4rkten sowohl neue als auch bestehende Esports-Wetter an. Unsere Plattform bietet die gr\u00f6\u00dfte Anzahl an Echtzeit-Wettoptionen und stellt sicher, dass Ihre Nutzer immer gen\u00fcgend M\u00f6glichkeiten zum Wetten haben.[\/vc_column_text][vc_empty_space height=&#8221;45px&#8221;][vc_single_image image=&#8221;22021&#8243; img_size=&#8221;full&#8221; alignment=&#8221;center&#8221; css=&#8221;&#8221;][vc_empty_space height=&#8221;42px&#8221;][\/vc_column][\/vc_row][vc_row css=&#8221;.vc_custom_1664190139448{margin-top: 60px !important;margin-bottom: 120px !important;}&#8221;][vc_column width=&#8221;2\/3&#8243;][vc_custom_heading text=&#8221;Live Esports Veranstaltungen: Erleben Sie die Action in Echtzeit&#8221; font_container=&#8221;tag:h2|font_size:34px|text_align:center|color:%23a0c528|line_height:36px&#8221; use_theme_fonts=&#8221;yes&#8221; css_animation=&#8221;none&#8221; css=&#8221;.vc_custom_1727197112829{margin-top: 3px !important;margin-bottom: 35px !important;}&#8221;][vc_single_image image=&#8221;22032&#8243; img_size=&#8221;full&#8221; add_caption=&#8221;yes&#8221; css=&#8221;&#8221;][vc_column_text css=&#8221;&#8221;]Bleiben Sie auf dem Laufenden mit Live-Esports-Events, die in Echtzeit gestreamt werden. Nehmen Sie an einer Vielzahl von Wettbewerben teil, die beliebte Titel wie League of Legends, Dota 2 und CS:GO umfassen. Erleben Sie unvergleichliche Spannung und Wettm\u00f6glichkeiten mit unserer umfassenden Berichterstattung \u00fcber Live-Esports-Matches.[\/vc_column_text][vc_empty_space height=&#8221;52px&#8221;][\/vc_column][vc_column width=&#8221;1\/3&#8243;][vc_custom_heading text=&#8221;Esports Berichterstattung&#8221; font_container=&#8221;tag:h2|font_size:30px|text_align:left|line_height:36px&#8221; use_theme_fonts=&#8221;yes&#8221; css_animation=&#8221;none&#8221; css=&#8221;.vc_custom_1727197206816{margin-top: 3px !important;margin-bottom: 35px !important;}&#8221;][vc_column_text css=&#8221;&#8221;]Counter-Strike 2<\/p>\n<p>Dota 2<\/p>\n<p>Liga der Legenden<\/p>\n<p>Valorant<\/p>\n<p>Counter-Strike 2 Duelle<\/p>\n<p>Regenbogen Sechs<\/p>\n<p>CoD<\/p>\n<p>K\u00f6nige des Ruhmes<\/p>\n<p>Warcraft<\/p>\n<p>Rocket League<\/p>\n<p>Mobile Legenden: Bang Bang<\/p>\n<p>Starcraft II<\/p>\n<p>Overwatch 2<\/p>\n<p>Hearthstone<\/p>\n<p>Arena der Tapferkeit<\/p>\n<p>Zeitalter der Reiche<\/p>\n<p>Wild Rift<\/p>\n<p>HALO<\/p>\n<p>eFootball<\/p>\n<p>eBasketball<\/p>\n<p>eCricket[\/vc_column_text][\/vc_column][\/vc_row][vc_row full_width=&#8221;stretch_row&#8221; css=&#8221;.vc_custom_1656008710904{margin-top: 100px !important;padding-bottom: 80px !important;}&#8221;][vc_column width=&#8221;1\/2&#8243; el_id=&#8221;contact&#8221;][vc_column_text css_animation=&#8221;none&#8221; css=&#8221;.vc_custom_1656024061759{margin-top: 0px !important;margin-bottom: 40px !important;}&#8221;]<\/p>\n<h3><strong>Kontakt US<\/strong><\/h3>\n<p style=\"max-width: 650px;\">Setzen Sie sich mit einem Sirplay-Experten in Verbindung, um ausf\u00fchrlich zu besprechen, wie unsere Dienstleistungen Ihrem Wettgesch\u00e4ft zugute kommen k\u00f6nnen und um Ihre eigene Strategie zu entwickeln.<\/p>\n<p>[\/vc_column_text][vc_column_text]<\/p>\n<p style=\"text-align: center;\"><img loading=\"lazy\" class=\"size-full wp-image-16975 aligncenter\" src=\"https:\/\/sirplay.com\/gaming-experts\/wp-content\/uploads\/2022\/06\/Skype_logo.png\" alt=\"Skype\" width=\"140\" height=\"63\"><\/p>\n<p style=\"text-align: center;\">  <a href=\"skype:manager.sirplay?chat\">Englisch<\/a> <a href=\"skype:anna.sirplay?chat\">Spanisch<\/a><\/p>\n<p>&nbsp;<\/p>\n<p><img loading=\"lazy\" class=\"size-full wp-image-16974 aligncenter\" src=\"https:\/\/sirplay.com\/gaming-experts\/wp-content\/uploads\/2022\/06\/Whatsapp.jpg\" alt=\"Whatsapp\" width=\"60\" height=\"60\"><\/p>\n<p style=\"text-align: center;\"><a href=\"https:\/\/api.whatsapp.com\/send?phone=3513960904&amp;text=More%20info\" target=\"_blank\" rel=\"noopener\">+39 3513960904<\/a><\/p>\n<p>[\/vc_column_text][\/vc_column][vc_column width=&#8221;1\/2&#8243;]\n<div class=\"wpcf7 no-js\" id=\"wpcf7-f19229-o1\" lang=\"de-DE\" dir=\"ltr\" data-wpcf7-id=\"19229\">\n<div class=\"screen-reader-response\"><p role=\"status\" aria-live=\"polite\" aria-atomic=\"true\"><\/p> <ul><\/ul><\/div>\n<form action=\"\/de\/wp-json\/wp\/v2\/pages\/22116#wpcf7-f19229-o1\" method=\"post\" class=\"wpcf7-form init\" aria-label=\"Kontaktformular\" novalidate=\"novalidate\" data-status=\"init\">\n<fieldset class=\"hidden-fields-container\"><input type=\"hidden\" name=\"_wpcf7\" value=\"19229\" \/><input type=\"hidden\" name=\"_wpcf7_version\" value=\"6.1.5\" \/><input type=\"hidden\" name=\"_wpcf7_locale\" value=\"de_DE\" \/><input type=\"hidden\" name=\"_wpcf7_unit_tag\" value=\"wpcf7-f19229-o1\" \/><input type=\"hidden\" name=\"_wpcf7_container_post\" value=\"0\" \/><input type=\"hidden\" name=\"_wpcf7_posted_data_hash\" value=\"\" \/>\n<\/fieldset>\n<p><label> Vollst\u00e4ndiger Name<br \/>\n<span class=\"wpcf7-form-control-wrap\" data-name=\"your-name\"><input size=\"40\" maxlength=\"400\" class=\"wpcf7-form-control wpcf7-text wpcf7-validates-as-required\" aria-required=\"true\" aria-invalid=\"false\" value=\"\" type=\"text\" name=\"your-name\" \/><\/span> <\/label>\n<\/p>\n<p><label> Deine E-Mail<br \/>\n<span class=\"wpcf7-form-control-wrap\" data-name=\"your-email\"><input size=\"40\" maxlength=\"400\" class=\"wpcf7-form-control wpcf7-email wpcf7-validates-as-required wpcf7-text wpcf7-validates-as-email\" aria-required=\"true\" aria-invalid=\"false\" value=\"\" type=\"email\" name=\"your-email\" \/><\/span> <\/label>\n<\/p>\n<p><label> Land<br \/>\n<span class=\"wpcf7-form-control-wrap\" data-name=\"countrytext-54\"><input size=\"40\" class=\"wpcf7-form-control wpcf7-countrytext wpcf7-text wpcf7-validates-as-countrytext\" aria-invalid=\"false\" value=\"\" type=\"text\" name=\"countrytext-54\" \/><\/span> <\/label>\n<\/p>\n<p><label> Telefonnummer<br \/>\n<span class=\"wpcf7-form-control-wrap\" data-name=\"phonetext-462\"><input size=\"40\" class=\"wpcf7-form-control wpcf7-phonetext wpcf7-text wpcf7-validates-as-phonetext\" aria-invalid=\"false\" value=\"\" type=\"text\" name=\"phonetext-462\" \/><input type=\"hidden\" name=\"phonetext-462-country-code\" class=\"wpcf7-phonetext-country-code\" \/><\/span> <\/label>\n<\/p>\n<p><label> Telefonnummer<br \/>\n<span class=\"wpcf7-form-control-wrap\" data-name=\"your-message\"><textarea cols=\"40\" rows=\"10\" maxlength=\"2000\" class=\"wpcf7-form-control wpcf7-textarea\" aria-invalid=\"false\" name=\"your-message\"><\/textarea><\/span> <\/label>\n<\/p>\n<p><input class=\"wpcf7-form-control wpcf7-submit has-spinner\" type=\"submit\" value=\"Einreichen\" \/>\n<\/p><div class=\"wpcf7-response-output\" aria-hidden=\"true\"><\/div>\n<\/form>\n<\/div>\n[vc_row_inner][vc_column_inner][vc_column_text]Wir geben Ihre pers\u00f6nlichen Daten nicht an Dritte weiter. Weitere Informationen finden Sie in unserer &#8220;Datenschutzerkl\u00e4rung&#8221;.[\/vc_column_text][\/vc_column_inner][\/vc_row_inner][\/vc_column][\/vc_row][vc_row][vc_column][vc_column_text css=&#8221;&#8221;][\/vc_column_text][\/vc_column][\/vc_row]<\/p>\n<\/div>","protected":false},"excerpt":{"rendered":"<p>[vc_row][vc_column width=&#8221;1\/2&#8243; offset=&#8221;vc_col-xs-12&#8243;][vc_custom_heading text=&#8221;Esports-Wettsoftware: Ihr Tor zu einer neuen Welt des Wettens&#8221; font_container=&#8221;tag:h2|font_size:40px|text_align:left|line_height:46px&#8221; use_theme_fonts=&#8221;yes&#8221; css=&#8221;.vc_custom_1727196167003{margin-top: 15px !important;margin-bottom: 25px !important;}&#8221; el_class=&#8221;looking-for-heading&#8221;][vc_column_text css=&#8221;.vc_custom_1727197309437{margin-bottom: 40px !important;}&#8221;]Entdecken Sie die fortschrittliche esports-Wettsoftware von Sirplay, die f\u00fcr optimale Leistung und Skalierbarkeit entwickelt wurde. Nutzen Sie die modernsten Funktionen, um eine wachsende Zahl von esports-Wettenden anzusprechen und die operative Effizienz zu verbessern. [&hellip;]<\/p>\n","protected":false},"author":7,"featured_media":22010,"parent":22058,"menu_order":0,"comment_status":"closed","ping_status":"closed","template":"","meta":{"footnotes":""},"class_list":["post-22116","page","type-page","status-publish","has-post-thumbnail","hentry"],"yoast_head":"<!-- This site is optimized with the Yoast SEO Premium plugin v27.3 (Yoast SEO v27.3) - https:\/\/yoast.com\/product\/yoast-seo-premium-wordpress\/ -->\n<title>eSports-Wettsoftware - Sirplay<\/title>\n<meta name=\"description\" content=\"Entdecken Sie Sirplays fortschrittliche esports-Wettsoftware: Leistungsstark, skalierbar und ideal, um eine steigende Zahl an Wettkunden zu begeistern\" \/>\n<meta name=\"robots\" content=\"index, follow, max-snippet:-1, max-image-preview:large, max-video-preview:-1\" \/>\n<link rel=\"canonical\" href=\"https:\/\/sirplay.com\/de\/sportwetten-plattform\/esports-wettsoftware\/\" \/>\n<meta property=\"og:locale\" content=\"de_DE\" \/>\n<meta property=\"og:type\" content=\"article\" \/>\n<meta property=\"og:title\" content=\"eSports-Wettsoftware\" \/>\n<meta property=\"og:description\" content=\"eSports-Wettsoftware\" \/>\n<meta property=\"og:url\" content=\"https:\/\/sirplay.com\/de\/sportwetten-plattform\/esports-wettsoftware\/\" \/>\n<meta property=\"og:site_name\" content=\"Sirplay\" \/>\n<meta property=\"article:modified_time\" content=\"2026-01-29T16:06:37+00:00\" \/>\n<meta property=\"og:image\" content=\"https:\/\/sirplay.com\/wp-content\/uploads\/2024\/09\/esports-betting-ecosystrm.jpg\" \/>\n\t<meta property=\"og:image:width\" content=\"600\" \/>\n\t<meta property=\"og:image:height\" content=\"610\" \/>\n\t<meta property=\"og:image:type\" content=\"image\/jpeg\" \/>\n<meta name=\"twitter:card\" content=\"summary_large_image\" \/>\n<meta name=\"twitter:site\" content=\"@sirplay\" \/>\n<meta name=\"twitter:label1\" content=\"Gesch\u00e4tzte Lesezeit\" \/>\n\t<meta name=\"twitter:data1\" content=\"3\u00a0Minuten\" \/>\n<script type=\"application\/ld+json\" class=\"yoast-schema-graph\">{\"@context\":\"https:\\\/\\\/schema.org\",\"@graph\":[{\"@type\":\"WebPage\",\"@id\":\"https:\\\/\\\/sirplay.com\\\/de\\\/sportwetten-plattform\\\/esports-wettsoftware\\\/\",\"url\":\"https:\\\/\\\/sirplay.com\\\/de\\\/sportwetten-plattform\\\/esports-wettsoftware\\\/\",\"name\":\"eSports-Wettsoftware - Sirplay\",\"isPartOf\":{\"@id\":\"https:\\\/\\\/sirplay.com\\\/de\\\/#website\"},\"primaryImageOfPage\":{\"@id\":\"https:\\\/\\\/sirplay.com\\\/de\\\/sportwetten-plattform\\\/esports-wettsoftware\\\/#primaryimage\"},\"image\":{\"@id\":\"https:\\\/\\\/sirplay.com\\\/de\\\/sportwetten-plattform\\\/esports-wettsoftware\\\/#primaryimage\"},\"thumbnailUrl\":\"https:\\\/\\\/sirplay.com\\\/wp-content\\\/uploads\\\/2024\\\/09\\\/esports-betting-ecosystrm.jpg\",\"datePublished\":\"2024-09-26T18:24:24+00:00\",\"dateModified\":\"2026-01-29T16:06:37+00:00\",\"description\":\"Entdecken Sie Sirplays fortschrittliche esports-Wettsoftware: Leistungsstark, skalierbar und ideal, um eine steigende Zahl an Wettkunden zu begeistern\",\"breadcrumb\":{\"@id\":\"https:\\\/\\\/sirplay.com\\\/de\\\/sportwetten-plattform\\\/esports-wettsoftware\\\/#breadcrumb\"},\"inLanguage\":\"de\",\"potentialAction\":[{\"@type\":\"ReadAction\",\"target\":[\"https:\\\/\\\/sirplay.com\\\/de\\\/sportwetten-plattform\\\/esports-wettsoftware\\\/\"]}]},{\"@type\":\"ImageObject\",\"inLanguage\":\"de\",\"@id\":\"https:\\\/\\\/sirplay.com\\\/de\\\/sportwetten-plattform\\\/esports-wettsoftware\\\/#primaryimage\",\"url\":\"https:\\\/\\\/sirplay.com\\\/wp-content\\\/uploads\\\/2024\\\/09\\\/esports-betting-ecosystrm.jpg\",\"contentUrl\":\"https:\\\/\\\/sirplay.com\\\/wp-content\\\/uploads\\\/2024\\\/09\\\/esports-betting-ecosystrm.jpg\",\"width\":600,\"height\":610,\"caption\":\"eSports betting software\"},{\"@type\":\"BreadcrumbList\",\"@id\":\"https:\\\/\\\/sirplay.com\\\/de\\\/sportwetten-plattform\\\/esports-wettsoftware\\\/#breadcrumb\",\"itemListElement\":[{\"@type\":\"ListItem\",\"position\":1,\"name\":\"Home\",\"item\":\"https:\\\/\\\/sirplay.com\\\/de\\\/\"},{\"@type\":\"ListItem\",\"position\":2,\"name\":\"Sportwetten-Plattform\",\"item\":\"https:\\\/\\\/sirplay.com\\\/de\\\/sportwetten-plattform\\\/\"},{\"@type\":\"ListItem\",\"position\":3,\"name\":\"eSports-Wettsoftware\"}]},{\"@type\":\"WebSite\",\"@id\":\"https:\\\/\\\/sirplay.com\\\/de\\\/#website\",\"url\":\"https:\\\/\\\/sirplay.com\\\/de\\\/\",\"name\":\"Sportsbook software provider\",\"description\":\"Sports betting software online and Retail ssbts  - White label casino\",\"publisher\":{\"@id\":\"https:\\\/\\\/sirplay.com\\\/de\\\/#organization\"},\"alternateName\":\"White label casino\",\"potentialAction\":[{\"@type\":\"SearchAction\",\"target\":{\"@type\":\"EntryPoint\",\"urlTemplate\":\"https:\\\/\\\/sirplay.com\\\/de\\\/?s={search_term_string}\"},\"query-input\":{\"@type\":\"PropertyValueSpecification\",\"valueRequired\":true,\"valueName\":\"search_term_string\"}}],\"inLanguage\":\"de\"},{\"@type\":\"Organization\",\"@id\":\"https:\\\/\\\/sirplay.com\\\/de\\\/#organization\",\"name\":\"Sirplay\",\"alternateName\":\"Sirplay white label\",\"url\":\"https:\\\/\\\/sirplay.com\\\/de\\\/\",\"logo\":{\"@type\":\"ImageObject\",\"inLanguage\":\"de\",\"@id\":\"https:\\\/\\\/sirplay.com\\\/de\\\/#\\\/schema\\\/logo\\\/image\\\/\",\"url\":\"https:\\\/\\\/sirplay.com\\\/wp-content\\\/uploads\\\/2021\\\/03\\\/cropped-sirplayICO.png\",\"contentUrl\":\"https:\\\/\\\/sirplay.com\\\/wp-content\\\/uploads\\\/2021\\\/03\\\/cropped-sirplayICO.png\",\"width\":512,\"height\":512,\"caption\":\"Sirplay\"},\"image\":{\"@id\":\"https:\\\/\\\/sirplay.com\\\/de\\\/#\\\/schema\\\/logo\\\/image\\\/\"},\"sameAs\":[\"https:\\\/\\\/x.com\\\/sirplay\",\"https:\\\/\\\/www.linkedin.com\\\/company\\\/sirplay\",\"https:\\\/\\\/www.youtube.com\\\/user\\\/BookmakerSolutions\"]}]}<\/script>\n<!-- \/ Yoast SEO Premium plugin. -->","yoast_head_json":{"title":"eSports-Wettsoftware - Sirplay","description":"Entdecken Sie Sirplays fortschrittliche esports-Wettsoftware: Leistungsstark, skalierbar und ideal, um eine steigende Zahl an Wettkunden zu begeistern","robots":{"index":"index","follow":"follow","max-snippet":"max-snippet:-1","max-image-preview":"max-image-preview:large","max-video-preview":"max-video-preview:-1"},"canonical":"https:\/\/sirplay.com\/de\/sportwetten-plattform\/esports-wettsoftware\/","og_locale":"de_DE","og_type":"article","og_title":"eSports-Wettsoftware","og_description":"eSports-Wettsoftware","og_url":"https:\/\/sirplay.com\/de\/sportwetten-plattform\/esports-wettsoftware\/","og_site_name":"Sirplay","article_modified_time":"2026-01-29T16:06:37+00:00","og_image":[{"width":600,"height":610,"url":"https:\/\/sirplay.com\/wp-content\/uploads\/2024\/09\/esports-betting-ecosystrm.jpg","type":"image\/jpeg"}],"twitter_card":"summary_large_image","twitter_site":"@sirplay","twitter_misc":{"Gesch\u00e4tzte Lesezeit":"3\u00a0Minuten"},"schema":{"@context":"https:\/\/schema.org","@graph":[{"@type":"WebPage","@id":"https:\/\/sirplay.com\/de\/sportwetten-plattform\/esports-wettsoftware\/","url":"https:\/\/sirplay.com\/de\/sportwetten-plattform\/esports-wettsoftware\/","name":"eSports-Wettsoftware - Sirplay","isPartOf":{"@id":"https:\/\/sirplay.com\/de\/#website"},"primaryImageOfPage":{"@id":"https:\/\/sirplay.com\/de\/sportwetten-plattform\/esports-wettsoftware\/#primaryimage"},"image":{"@id":"https:\/\/sirplay.com\/de\/sportwetten-plattform\/esports-wettsoftware\/#primaryimage"},"thumbnailUrl":"https:\/\/sirplay.com\/wp-content\/uploads\/2024\/09\/esports-betting-ecosystrm.jpg","datePublished":"2024-09-26T18:24:24+00:00","dateModified":"2026-01-29T16:06:37+00:00","description":"Entdecken Sie Sirplays fortschrittliche esports-Wettsoftware: Leistungsstark, skalierbar und ideal, um eine steigende Zahl an Wettkunden zu begeistern","breadcrumb":{"@id":"https:\/\/sirplay.com\/de\/sportwetten-plattform\/esports-wettsoftware\/#breadcrumb"},"inLanguage":"de","potentialAction":[{"@type":"ReadAction","target":["https:\/\/sirplay.com\/de\/sportwetten-plattform\/esports-wettsoftware\/"]}]},{"@type":"ImageObject","inLanguage":"de","@id":"https:\/\/sirplay.com\/de\/sportwetten-plattform\/esports-wettsoftware\/#primaryimage","url":"https:\/\/sirplay.com\/wp-content\/uploads\/2024\/09\/esports-betting-ecosystrm.jpg","contentUrl":"https:\/\/sirplay.com\/wp-content\/uploads\/2024\/09\/esports-betting-ecosystrm.jpg","width":600,"height":610,"caption":"eSports betting software"},{"@type":"BreadcrumbList","@id":"https:\/\/sirplay.com\/de\/sportwetten-plattform\/esports-wettsoftware\/#breadcrumb","itemListElement":[{"@type":"ListItem","position":1,"name":"Home","item":"https:\/\/sirplay.com\/de\/"},{"@type":"ListItem","position":2,"name":"Sportwetten-Plattform","item":"https:\/\/sirplay.com\/de\/sportwetten-plattform\/"},{"@type":"ListItem","position":3,"name":"eSports-Wettsoftware"}]},{"@type":"WebSite","@id":"https:\/\/sirplay.com\/de\/#website","url":"https:\/\/sirplay.com\/de\/","name":"Sportsbook software provider","description":"Sports betting software online and Retail ssbts  - White label casino","publisher":{"@id":"https:\/\/sirplay.com\/de\/#organization"},"alternateName":"White label casino","potentialAction":[{"@type":"SearchAction","target":{"@type":"EntryPoint","urlTemplate":"https:\/\/sirplay.com\/de\/?s={search_term_string}"},"query-input":{"@type":"PropertyValueSpecification","valueRequired":true,"valueName":"search_term_string"}}],"inLanguage":"de"},{"@type":"Organization","@id":"https:\/\/sirplay.com\/de\/#organization","name":"Sirplay","alternateName":"Sirplay white label","url":"https:\/\/sirplay.com\/de\/","logo":{"@type":"ImageObject","inLanguage":"de","@id":"https:\/\/sirplay.com\/de\/#\/schema\/logo\/image\/","url":"https:\/\/sirplay.com\/wp-content\/uploads\/2021\/03\/cropped-sirplayICO.png","contentUrl":"https:\/\/sirplay.com\/wp-content\/uploads\/2021\/03\/cropped-sirplayICO.png","width":512,"height":512,"caption":"Sirplay"},"image":{"@id":"https:\/\/sirplay.com\/de\/#\/schema\/logo\/image\/"},"sameAs":["https:\/\/x.com\/sirplay","https:\/\/www.linkedin.com\/company\/sirplay","https:\/\/www.youtube.com\/user\/BookmakerSolutions"]}]}},"_links":{"self":[{"href":"https:\/\/sirplay.com\/de\/wp-json\/wp\/v2\/pages\/22116","targetHints":{"allow":["GET"]}}],"collection":[{"href":"https:\/\/sirplay.com\/de\/wp-json\/wp\/v2\/pages"}],"about":[{"href":"https:\/\/sirplay.com\/de\/wp-json\/wp\/v2\/types\/page"}],"author":[{"embeddable":true,"href":"https:\/\/sirplay.com\/de\/wp-json\/wp\/v2\/users\/7"}],"replies":[{"embeddable":true,"href":"https:\/\/sirplay.com\/de\/wp-json\/wp\/v2\/comments?post=22116"}],"version-history":[{"count":6,"href":"https:\/\/sirplay.com\/de\/wp-json\/wp\/v2\/pages\/22116\/revisions"}],"predecessor-version":[{"id":22774,"href":"https:\/\/sirplay.com\/de\/wp-json\/wp\/v2\/pages\/22116\/revisions\/22774"}],"up":[{"embeddable":true,"href":"https:\/\/sirplay.com\/de\/wp-json\/wp\/v2\/pages\/22058"}],"wp:featuredmedia":[{"embeddable":true,"href":"https:\/\/sirplay.com\/de\/wp-json\/wp\/v2\/media\/22010"}],"wp:attachment":[{"href":"https:\/\/sirplay.com\/de\/wp-json\/wp\/v2\/media?parent=22116"}],"curies":[{"name":"wp","href":"https:\/\/api.w.org\/{rel}","templated":true}]}}