{"id":18736,"date":"2021-05-28T16:58:02","date_gmt":"2021-05-28T16:58:02","guid":{"rendered":"https:\/\/sirplay.com\/sobre-nosotros\/"},"modified":"2024-06-09T07:31:00","modified_gmt":"2024-06-09T07:31:00","slug":"sobre-nosotros","status":"publish","type":"page","link":"https:\/\/sirplay.com\/es\/sobre-nosotros\/","title":{"rendered":"Sobre nosotros"},"content":{"rendered":"<div class=\"wpb-content-wrapper\"><p>[vc_row full_width=&#8221;stretch_row_content_no_spaces&#8221; css=&#8221;.vc_custom_1616354721852{margin-bottom: 0px !important;padding-top: 50px !important;padding-bottom: 100px !important;background-image: url(https:\/\/sirplay.com\/wp-content\/uploads\/2021\/03\/we-are-sirplay.jpg) !important;}&#8221; el_class=&#8221;text-center slider-moving&#8221;][vc_column css_animation=&#8221;none&#8221; css=&#8221;.vc_custom_1616345350411{margin-top: 25px !important;}&#8221; offset=&#8221;vc_col-xs-12&#8243;][vc_custom_heading text=&#8221;Definitivamente est\u00e1s intrigado&#8221; font_container=&#8221;tag:h2|font_size:60px|text_align:center|line_height:60px&#8221; use_theme_fonts=&#8221;yes&#8221; css=&#8221;.vc_custom_1539894365782{margin-top: 5px !important;margin-bottom: 20px !important;}&#8221; el_class=&#8221;letter-spacing2px looking-for-heading&#8221;]<script>\n                jQuery(function(){\n                    jQuery(\".mt_typed_text_69f4753dab2ce\").typed({\n                      strings: ['qui\u00e9nes somos', 'qu\u00e9 hacemos'],\n                      typeSpeed: 1,\n                      backDelay: 2000,\n                      loop: true\n                    });\n                });\n              <\/script><style>.parent-typed-text.mt_typed_text123_69f4753dab2cf .mt_typed_text { color: !important;}<\/style><div class=\"parent-typed-text mt_typed_text123_69f4753dab2cf\" style=\"font-size:55px; line-height:55px; letter-spacing:-2px\"><span class=\"mt_typed-beforetext\" style=\"color:\">para descubrir <\/span><span class=\"mt_typed_text mt_typed_text_69f4753dab2ce\"><\/span><span class=\"mt_typed-aftertext\" style=\"color:\"> <\/span><\/div>[vc_column_text css=&#8221;.vc_custom_1625220673497{margin-top: 30px !important;}&#8221;]<\/p>\n<p style=\"text-align: center;\">Una empresa que se esfuerza constantemente para encontrar soluciones innovadoras para las necesidades comerciales<\/p>\n<p>[\/vc_column_text][\/vc_column][\/vc_row][vc_row full_height=&#8221;yes&#8221; equal_height=&#8221;yes&#8221; css=&#8221;.vc_custom_1616354967514{margin-top: 100px !important;margin-bottom: 55px !important;}&#8221;][vc_column css=&#8221;.vc_custom_1619278567607{padding-top: 0px !important;padding-right: 0px !important;padding-bottom: 0px !important;padding-left: 0px !important;background-position: center !important;background-repeat: no-repeat !important;background-size: contain !important;}&#8221;]<div class=\"title-subtile-holder text-left\"><h6 class=\"section-title  dark_title\">Sirplay<\/h6><h1 class=\"section-subtitle  dark_subtitle\">Expertos en Soluciones de Apuestas<\/h1><p class=\"section-description  light_description\"><\/p><\/div>[vc_single_image image=&#8221;19634&#8243; img_size=&#8221;full&#8221; add_caption=&#8221;yes&#8221; alignment=&#8221;center&#8221;][vc_empty_space height=&#8221;20px&#8221;][vc_column_text css_animation=&#8221;none&#8221;]<strong> Sirplay es un proveedor de apuestas deportivas y juegos con 15 a\u00f1os de experiencia en la industria de los juegos de azar <\/strong>. Suministramos servicios a casas de apuestas, loter\u00edas y organizaciones de apuestas en mercados regulados desde el 2005.<\/p>\n<p>&nbsp;<\/p>\n<blockquote><p><i> <span style=\"font-weight: 400;\"> \u201cSomos estrategas creativos, nerds y comunicadores con una gran pasi\u00f3n por los juegos en l\u00ednea y trabajamos duro para que nuestros clientes logren el \u00e9xito en sus negocios\u201d.<\/span><\/i><\/p><\/blockquote>\n<p>&nbsp;<\/p>\n<p><span style=\"font-weight: 400;\"> Nuestra plataforma de juegos es solo una de las razones que llevaron a Sirplay a ser la Casa de Software Internacional que es hoy. <strong> Con 15 a\u00f1os de experiencia en la industria del juego, Sirplay ofrece servicios a m\u00e1s de 40 casas de apuestas en 11 pa\u00edses en todo el mundo. <\/strong> <\/span> <span style=\"font-weight: 400;\"><br \/>\n<\/span>[\/vc_column_text][\/vc_column][\/vc_row][vc_row full_width=&#8221;stretch_row&#8221; css=&#8221;.vc_custom_1541546331337{margin-top: 10px !important;margin-bottom: 30px !important;}&#8221;][vc_column][vc_row_inner css=&#8221;.vc_custom_1541546282879{padding-top: 10px !important;padding-bottom: 40px !important;}&#8221;][vc_column_inner width=&#8221;1\/4&#8243;]<div class=\"stats-block statistics\"><div class=\"stats-head\"><p class=\"stat-number skill\"><\/p><\/div><div class=\"stats-content percentage\" data-perc=\"40\"><span class=\"skill-count\" style=\"color: # a0c528\">40<\/span><p style=\"color: # 000000\">Corredores de apuestas<\/p><\/div><\/div>[\/vc_column_inner][vc_column_inner width=&#8221;1\/4&#8243;]<div class=\"stats-block statistics\"><div class=\"stats-head\"><p class=\"stat-number skill\"><\/p><\/div><div class=\"stats-content percentage\" data-perc=\"11\"><span class=\"skill-count\" style=\"color: # a0c528\">11<\/span><p style=\"color: # 000000\">Pa\u00edses<\/p><\/div><\/div>[\/vc_column_inner][vc_column_inner width=&#8221;1\/4&#8243;]<div class=\"stats-block statistics\"><div class=\"stats-head\"><p class=\"stat-number skill\"><\/p><\/div><div class=\"stats-content percentage\" data-perc=\"9\"><span class=\"skill-count\" style=\"color: # a0c528\">9<\/span><p style=\"color: # 000000\">Licencias<\/p><\/div><\/div>[\/vc_column_inner][vc_column_inner width=&#8221;1\/4&#8243;]<div class=\"stats-block statistics\"><div class=\"stats-head\"><p class=\"stat-number skill\"><\/p><\/div><div class=\"stats-content percentage\" data-perc=\"4\"><span class=\"skill-count\" style=\"color: # a0c528\">4<\/span><p style=\"color: # 000000\">Certificaciones<\/p><\/div><\/div>[\/vc_column_inner][\/vc_row_inner][\/vc_column][\/vc_row][vc_row full_width=&#8221;stretch_row&#8221; css=&#8221;.vc_custom_1541539222800{padding-top: 55px !important;padding-bottom: 80px !important;}&#8221;][vc_column width=&#8221;1\/2&#8243; el_id=&#8221;contact&#8221;][vc_column_text css_animation=&#8221;none&#8221; css=&#8221;.vc_custom_1655828331448{padding-bottom: 40px !important;}&#8221;]<\/p>\n<h2>Cont\u00e1ctenos<\/h2>\n<p style=\"max-width: 650px;\">Comun\u00edcate con un experto de Sirplay para conversar en detalle sobre nuestros servicios. Te apoyamos en tus proyectos y negocio creando una estrategia espec\u00edfica para ti.<\/p>\n<p>[\/vc_column_text][vc_column_text]<img loading=\"lazy\" class=\"size-full wp-image-16975 aligncenter\" src=\"https:\/\/sirplay.com\/gaming-experts\/wp-content\/uploads\/2022\/06\/Skype_logo.png\" alt=\"Skype\" width=\"140\" height=\"63\" \/><\/p>\n<p>&nbsp;<\/p>\n<p style=\"text-align: center;\"><a href=\"skype:manager.sirplay?chat\">English<\/a>\u00a0\u00a0<a href=\"skype:anna.sirplay?chat\">Spanish<\/a>\u00a0\u00a0<a href=\"skype:anna.sirplay?chat\">Portugu\u00eas<\/a><\/p>\n<p>&nbsp;<\/p>\n<p>&nbsp;<\/p>\n<p><img loading=\"lazy\" class=\"size-full wp-image-16974 aligncenter\" src=\"https:\/\/sirplay.com\/gaming-experts\/wp-content\/uploads\/2022\/06\/Whatsapp.jpg\" alt=\"Whatsapp\" width=\"60\" height=\"60\" \/><\/p>\n<p style=\"text-align: center;\"><a href=\"https:\/\/api.whatsapp.com\/send?phone=3513960904&amp;text=More%20info\" target=\"_blank\" rel=\"noopener\">+39 3513960904<\/a><\/p>\n<p>[\/vc_column_text][\/vc_column][vc_column width=&#8221;1\/2&#8243;][vc_column_text css_animation=&#8221;none&#8221; css=&#8221;.vc_custom_1655826731160{padding-bottom: 50px !important;}&#8221;]<\/p>\n<h4 class=\"x-text-content-text-primary\">Mandanos un mensaje:<\/h4>\n<p>[\/vc_column_text]\n<div class=\"wpcf7 no-js\" id=\"wpcf7-f19225-o1\" lang=\"es-ES\" dir=\"ltr\" data-wpcf7-id=\"19225\">\n<div class=\"screen-reader-response\"><p role=\"status\" aria-live=\"polite\" aria-atomic=\"true\"><\/p> <ul><\/ul><\/div>\n<form action=\"\/es\/wp-json\/wp\/v2\/pages\/18736#wpcf7-f19225-o1\" method=\"post\" class=\"wpcf7-form init\" aria-label=\"Formulario de contacto\" novalidate=\"novalidate\" data-status=\"init\">\n<fieldset class=\"hidden-fields-container\"><input type=\"hidden\" name=\"_wpcf7\" value=\"19225\" \/><input type=\"hidden\" name=\"_wpcf7_version\" value=\"6.1.5\" \/><input type=\"hidden\" name=\"_wpcf7_locale\" value=\"es_ES\" \/><input type=\"hidden\" name=\"_wpcf7_unit_tag\" value=\"wpcf7-f19225-o1\" \/><input type=\"hidden\" name=\"_wpcf7_container_post\" value=\"0\" \/><input type=\"hidden\" name=\"_wpcf7_posted_data_hash\" value=\"\" \/>\n<\/fieldset>\n<p><label> Nombre completo<br \/>\n<span class=\"wpcf7-form-control-wrap\" data-name=\"your-name\"><input size=\"40\" maxlength=\"400\" class=\"wpcf7-form-control wpcf7-text wpcf7-validates-as-required\" aria-required=\"true\" aria-invalid=\"false\" value=\"\" type=\"text\" name=\"your-name\" \/><\/span> <\/label>\n<\/p>\n<p><label> Tu correo electr\u00f3nico<br \/>\n<span class=\"wpcf7-form-control-wrap\" data-name=\"your-email\"><input size=\"40\" maxlength=\"400\" class=\"wpcf7-form-control wpcf7-email wpcf7-validates-as-required wpcf7-text wpcf7-validates-as-email\" aria-required=\"true\" aria-invalid=\"false\" value=\"\" type=\"email\" name=\"your-email\" \/><\/span> <\/label>\n<\/p>\n<p><label> Pa\u00eds<br \/>\n<span class=\"wpcf7-form-control-wrap\" data-name=\"countrytext-54\"><input size=\"40\" class=\"wpcf7-form-control wpcf7-countrytext wpcf7-text wpcf7-validates-as-countrytext\" aria-invalid=\"false\" value=\"\" type=\"text\" name=\"countrytext-54\" \/><\/span> <\/label>\n<\/p>\n<p><label> N\u00famero de tel\u00e9fono<br \/>\n<span class=\"wpcf7-form-control-wrap\" data-name=\"phonetext-462\"><input size=\"40\" class=\"wpcf7-form-control wpcf7-phonetext wpcf7-text wpcf7-validates-as-phonetext\" aria-invalid=\"false\" value=\"\" type=\"text\" name=\"phonetext-462\" \/><input type=\"hidden\" name=\"phonetext-462-country-code\" class=\"wpcf7-phonetext-country-code\" \/><\/span> <\/label>\n<\/p>\n<p><label> Mensaje<br \/>\n<span class=\"wpcf7-form-control-wrap\" data-name=\"your-message\"><textarea cols=\"40\" rows=\"10\" maxlength=\"2000\" class=\"wpcf7-form-control wpcf7-textarea\" aria-invalid=\"false\" name=\"your-message\"><\/textarea><\/span> <\/label>\n<\/p>\n<p><input class=\"wpcf7-form-control wpcf7-submit has-spinner\" type=\"submit\" value=\"Enviar\" \/>\n<\/p><div class=\"wpcf7-response-output\" aria-hidden=\"true\"><\/div>\n<\/form>\n<\/div>\n[vc_column_text css=&#8221;.vc_custom_1655823969880{padding-top: 20px !important;}&#8221;]<span style=\"color: #808080;\">Valoramos su privacidad y nunca compartiremos ni venderemos sus datos. Lea nuestra <a style=\"color: #808080;\" href=\"https:\/\/sirplay.com\/es\/politica-de-privacidad-de-sirplay\/\" target=\"_blank\" rel=\"noopener\">pol\u00edtica de privacidad<\/a> completa.<\/span>[\/vc_column_text][\/vc_column][\/vc_row][vc_row full_width=&#8221;stretch_row&#8221; css=&#8221;.vc_custom_1620317717999{margin-bottom: 0px !important;padding-top: 65px !important;background-color: #f6f6f6 !important;}&#8221;][vc_column][vc_column_text]<\/p>\n<h2>Nuestra misi\u00f3n y visi\u00f3n<\/h2>\n<p>Nuestra misi\u00f3n en Sirplay es proporcionar un servicio de calidad poniendo a disposici\u00f3n nuestro conocimiento del sector y nuestra experiencia afiliando personas, organizaciones y empresas leales cuyos miembros viven y respiran deporte, una plataforma para ganar con sus pasatiempos.<br \/>\n<strong> La visi\u00f3n de Sirplay <\/strong> es la de lograr un entretenimiento nuevo, apoyar a los amantes del deporte y del sector del juego en general y creer en los proyectos de sus Clientes.<\/p>\n<p>&nbsp;<\/p>\n<h2>Nuestra ventaja competitiva<\/h2>\n<p>Independientemente de la publicidad que haga y los servicios que ofrezca, los apostadores miran una cosa, \u00a1cu\u00e1nto pueden ganar!<\/p>\n<p>Sirplay ha desarrollado su propio <strong> algoritmo matem\u00e1tico para la gesti\u00f3n de riesgos <\/strong> y durante los \u00faltimos 15 a\u00f1os ha corregido y modificado continuamente esta f\u00f3rmula. Esto permite que nuestro algoritmo sea cada vez m\u00e1s preciso y confiable. <strong> Hoy nuestro equipo gestiona con seguridad 1 mill\u00f3n de apuestas al d\u00eda. Y gracias a este secreto<\/strong>, todos los clientes de Sirplay cierran el mes con n\u00fameros positivos e ingresos elevados.<\/p>\n<p>&nbsp;<\/p>\n<p>Sirplay tambi\u00e9n puede afirmar de contar con un equipo de profesionales altamente cualificados que trabaja a lado de los clientes apoyandolos en lo que necesitan. Nuestro know-how y \u00e9xito tambi\u00e9n se deben a las herramientas disponibles en el software, que permiten analizar continuamente los datos con reportes que proporcionan una visi\u00f3n completa de la actividad de las apuestas deportivas colocadas por cada jugador o tienda de apuestas en los diferentes mercados.[\/vc_column_text][\/vc_column][\/vc_row][vc_row full_width=&#8221;stretch_row_content&#8221; css=&#8221;.vc_custom_1620317675333{background-color: #f6f6f6 !important;}&#8221;][vc_column][vc_single_image image=&#8221;18403&#8243; img_size=&#8221;full&#8221; alignment=&#8221;center&#8221;][\/vc_column][\/vc_row][vc_row full_width=&#8221;stretch_row_content_no_spaces&#8221; css=&#8221;.vc_custom_1541546060775{padding-top: 55px !important;padding-bottom: 0px !important;}&#8221;][vc_column width=&#8221;1\/4&#8243;][\/vc_column][vc_column width=&#8221;1\/2&#8243;][vc_column_text]<\/p>\n<h2>Sirplay en los mercados de juegos de Latinoam\u00e9rica y \u00c1frica<\/h2>\n<p>La reputaci\u00f3n de una empresa surge de su presencia en un territorio. Desde un principio, Sirplay ha decidido invertir en nuevos mercados y ahora estamos en gran parte de Sudam\u00e9rica y \u00c1frica, con oficinas de ventas y soporte ubicadas en Lima, agentes locales en Nigeria y con Clientes de prestigio en ambas \u00e1reas.<\/p>\n<p>&nbsp;<\/p>\n<h2>Sirplay est\u00e1 certificada<\/h2>\n<p>Sirplay trabaja para asegurar que la aplicaci\u00f3n cumpla con todas las reglas publicadas por la jurisdicci\u00f3n. El sistema de apuestas deportivas de Sirplay ha sido probado y certificado por organismos l\u00edderes de la industria.<strong> El software de apuestas deportivas de Sirplay ya ha obtenido 4 certificaciones de calidad y seguridad, y otras est\u00e1n en camino.<\/strong><\/p>\n<p>&nbsp;<\/p>\n<h2>Nuestros socios<\/h2>\n<p>Sirplay busca constantemente los mejores socios de juegos y entretenimiento para garantizar una experiencia de juego exclusiva para sus Clientes y Jugadores. Gracias a los acuerdos de asociaci\u00f3n alcanzados con varios casinos y proveedores de juegos virtuales &#8211; l\u00edderes internacionales en la industria &#8211; <strong>Sirplay integr\u00f3 su Plataforma de Apuestas Deportivas con una amplia gama de juegos: m\u00e1quinas tragamonedas, juegos de mesa, casino en vivo, juegos virtuales, juegos de fantas\u00eda<\/strong>, etc.<\/p>\n<p>&nbsp;<\/p>\n<p><strong>Los juegos est\u00e1n disponibles para computadoras de escritorio y dispositivos m\u00f3viles<\/strong> con gr\u00e1ficos, animaci\u00f3n y audio de alta calidad, adem\u00e1s del men\u00fa intuitivo y f\u00e1cil de usar. La creaci\u00f3n de nuestras casas de apuestas se apoya en un r\u00e1pido proceso de integraci\u00f3n que combina la escalabilidad, la flexibilidad y el rendimiento de un software de apuestas con los m\u00e1s altos niveles de seguridad y confiabilidad, ofreciendo a los clientes la m\u00e1s amplia gama de juegos disponibles en el sector y as\u00ed, la soluci\u00f3n de juego perfecta.[\/vc_column_text][\/vc_column][vc_column width=&#8221;1\/4&#8243;][\/vc_column][\/vc_row]<\/p>\n<\/div>","protected":false},"excerpt":{"rendered":"<p>\t\t\t\t<![CDATA[]]>\t\t<\/p>\n","protected":false},"author":1,"featured_media":17632,"parent":0,"menu_order":0,"comment_status":"closed","ping_status":"closed","template":"","meta":{"footnotes":""},"class_list":["post-18736","page","type-page","status-publish","has-post-thumbnail","hentry"],"yoast_head":"<!-- This site is optimized with the Yoast SEO Premium plugin v27.3 (Yoast SEO v27.3) - https:\/\/yoast.com\/product\/yoast-seo-premium-wordpress\/ -->\n<title>Sobre nosotros - Sirplay<\/title>\n<meta name=\"description\" content=\"Nuestra misi\u00f3n en Sirplay es proporcionar un servicio de calidad poniendo a disposici\u00f3n nuestro conocimiento del sector y nuestra experiencia afiliando\" \/>\n<meta name=\"robots\" content=\"index, follow, max-snippet:-1, max-image-preview:large, max-video-preview:-1\" \/>\n<link rel=\"canonical\" href=\"https:\/\/sirplay.com\/es\/sobre-nosotros\/\" \/>\n<meta property=\"og:locale\" content=\"es_ES\" \/>\n<meta property=\"og:type\" content=\"article\" \/>\n<meta property=\"og:title\" content=\"Sobre nosotros\" \/>\n<meta property=\"og:description\" content=\"Sobre nosotros\" \/>\n<meta property=\"og:url\" content=\"https:\/\/sirplay.com\/es\/sobre-nosotros\/\" \/>\n<meta property=\"og:site_name\" content=\"Sirplay\" \/>\n<meta property=\"article:modified_time\" content=\"2024-06-09T07:31:00+00:00\" \/>\n<meta property=\"og:image\" content=\"https:\/\/sirplay.com\/wp-content\/uploads\/2021\/03\/Sirplay.jpg\" \/>\n\t<meta property=\"og:image:width\" content=\"576\" \/>\n\t<meta property=\"og:image:height\" content=\"378\" \/>\n\t<meta property=\"og:image:type\" content=\"image\/jpeg\" \/>\n<meta name=\"twitter:card\" content=\"summary_large_image\" \/>\n<meta name=\"twitter:site\" content=\"@sirplay\" \/>\n<meta name=\"twitter:label1\" content=\"Tiempo de lectura\" \/>\n\t<meta name=\"twitter:data1\" content=\"5 minutos\" \/>\n<script type=\"application\/ld+json\" class=\"yoast-schema-graph\">{\"@context\":\"https:\\\/\\\/schema.org\",\"@graph\":[{\"@type\":\"WebPage\",\"@id\":\"https:\\\/\\\/sirplay.com\\\/es\\\/sobre-nosotros\\\/\",\"url\":\"https:\\\/\\\/sirplay.com\\\/es\\\/sobre-nosotros\\\/\",\"name\":\"Sobre nosotros - Sirplay\",\"isPartOf\":{\"@id\":\"https:\\\/\\\/sirplay.com\\\/es\\\/#website\"},\"primaryImageOfPage\":{\"@id\":\"https:\\\/\\\/sirplay.com\\\/es\\\/sobre-nosotros\\\/#primaryimage\"},\"image\":{\"@id\":\"https:\\\/\\\/sirplay.com\\\/es\\\/sobre-nosotros\\\/#primaryimage\"},\"thumbnailUrl\":\"https:\\\/\\\/sirplay.com\\\/wp-content\\\/uploads\\\/2021\\\/03\\\/Sirplay.jpg\",\"datePublished\":\"2021-05-28T16:58:02+00:00\",\"dateModified\":\"2024-06-09T07:31:00+00:00\",\"description\":\"Nuestra misi\u00f3n en Sirplay es proporcionar un servicio de calidad poniendo a disposici\u00f3n nuestro conocimiento del sector y nuestra experiencia afiliando\",\"breadcrumb\":{\"@id\":\"https:\\\/\\\/sirplay.com\\\/es\\\/sobre-nosotros\\\/#breadcrumb\"},\"inLanguage\":\"es\",\"potentialAction\":[{\"@type\":\"ReadAction\",\"target\":[\"https:\\\/\\\/sirplay.com\\\/es\\\/sobre-nosotros\\\/\"]}]},{\"@type\":\"ImageObject\",\"inLanguage\":\"es\",\"@id\":\"https:\\\/\\\/sirplay.com\\\/es\\\/sobre-nosotros\\\/#primaryimage\",\"url\":\"https:\\\/\\\/sirplay.com\\\/wp-content\\\/uploads\\\/2021\\\/03\\\/Sirplay.jpg\",\"contentUrl\":\"https:\\\/\\\/sirplay.com\\\/wp-content\\\/uploads\\\/2021\\\/03\\\/Sirplay.jpg\",\"width\":576,\"height\":378,\"caption\":\"sirplay\"},{\"@type\":\"BreadcrumbList\",\"@id\":\"https:\\\/\\\/sirplay.com\\\/es\\\/sobre-nosotros\\\/#breadcrumb\",\"itemListElement\":[{\"@type\":\"ListItem\",\"position\":1,\"name\":\"Home\",\"item\":\"https:\\\/\\\/sirplay.com\\\/es\\\/\"},{\"@type\":\"ListItem\",\"position\":2,\"name\":\"Sobre nosotros\"}]},{\"@type\":\"WebSite\",\"@id\":\"https:\\\/\\\/sirplay.com\\\/es\\\/#website\",\"url\":\"https:\\\/\\\/sirplay.com\\\/es\\\/\",\"name\":\"Sportsbook software provider\",\"description\":\"Sports betting software online and Retail ssbts  - White label casino\",\"publisher\":{\"@id\":\"https:\\\/\\\/sirplay.com\\\/es\\\/#organization\"},\"alternateName\":\"White label casino\",\"potentialAction\":[{\"@type\":\"SearchAction\",\"target\":{\"@type\":\"EntryPoint\",\"urlTemplate\":\"https:\\\/\\\/sirplay.com\\\/es\\\/?s={search_term_string}\"},\"query-input\":{\"@type\":\"PropertyValueSpecification\",\"valueRequired\":true,\"valueName\":\"search_term_string\"}}],\"inLanguage\":\"es\"},{\"@type\":\"Organization\",\"@id\":\"https:\\\/\\\/sirplay.com\\\/es\\\/#organization\",\"name\":\"Sirplay\",\"alternateName\":\"Sirplay white label\",\"url\":\"https:\\\/\\\/sirplay.com\\\/es\\\/\",\"logo\":{\"@type\":\"ImageObject\",\"inLanguage\":\"es\",\"@id\":\"https:\\\/\\\/sirplay.com\\\/es\\\/#\\\/schema\\\/logo\\\/image\\\/\",\"url\":\"https:\\\/\\\/sirplay.com\\\/wp-content\\\/uploads\\\/2021\\\/03\\\/cropped-sirplayICO.png\",\"contentUrl\":\"https:\\\/\\\/sirplay.com\\\/wp-content\\\/uploads\\\/2021\\\/03\\\/cropped-sirplayICO.png\",\"width\":512,\"height\":512,\"caption\":\"Sirplay\"},\"image\":{\"@id\":\"https:\\\/\\\/sirplay.com\\\/es\\\/#\\\/schema\\\/logo\\\/image\\\/\"},\"sameAs\":[\"https:\\\/\\\/x.com\\\/sirplay\",\"https:\\\/\\\/www.linkedin.com\\\/company\\\/sirplay\",\"https:\\\/\\\/www.youtube.com\\\/user\\\/BookmakerSolutions\"]}]}<\/script>\n<!-- \/ Yoast SEO Premium plugin. -->","yoast_head_json":{"title":"Sobre nosotros - Sirplay","description":"Nuestra misi\u00f3n en Sirplay es proporcionar un servicio de calidad poniendo a disposici\u00f3n nuestro conocimiento del sector y nuestra experiencia afiliando","robots":{"index":"index","follow":"follow","max-snippet":"max-snippet:-1","max-image-preview":"max-image-preview:large","max-video-preview":"max-video-preview:-1"},"canonical":"https:\/\/sirplay.com\/es\/sobre-nosotros\/","og_locale":"es_ES","og_type":"article","og_title":"Sobre nosotros","og_description":"Sobre nosotros","og_url":"https:\/\/sirplay.com\/es\/sobre-nosotros\/","og_site_name":"Sirplay","article_modified_time":"2024-06-09T07:31:00+00:00","og_image":[{"width":576,"height":378,"url":"https:\/\/sirplay.com\/wp-content\/uploads\/2021\/03\/Sirplay.jpg","type":"image\/jpeg"}],"twitter_card":"summary_large_image","twitter_site":"@sirplay","twitter_misc":{"Tiempo de lectura":"5 minutos"},"schema":{"@context":"https:\/\/schema.org","@graph":[{"@type":"WebPage","@id":"https:\/\/sirplay.com\/es\/sobre-nosotros\/","url":"https:\/\/sirplay.com\/es\/sobre-nosotros\/","name":"Sobre nosotros - Sirplay","isPartOf":{"@id":"https:\/\/sirplay.com\/es\/#website"},"primaryImageOfPage":{"@id":"https:\/\/sirplay.com\/es\/sobre-nosotros\/#primaryimage"},"image":{"@id":"https:\/\/sirplay.com\/es\/sobre-nosotros\/#primaryimage"},"thumbnailUrl":"https:\/\/sirplay.com\/wp-content\/uploads\/2021\/03\/Sirplay.jpg","datePublished":"2021-05-28T16:58:02+00:00","dateModified":"2024-06-09T07:31:00+00:00","description":"Nuestra misi\u00f3n en Sirplay es proporcionar un servicio de calidad poniendo a disposici\u00f3n nuestro conocimiento del sector y nuestra experiencia afiliando","breadcrumb":{"@id":"https:\/\/sirplay.com\/es\/sobre-nosotros\/#breadcrumb"},"inLanguage":"es","potentialAction":[{"@type":"ReadAction","target":["https:\/\/sirplay.com\/es\/sobre-nosotros\/"]}]},{"@type":"ImageObject","inLanguage":"es","@id":"https:\/\/sirplay.com\/es\/sobre-nosotros\/#primaryimage","url":"https:\/\/sirplay.com\/wp-content\/uploads\/2021\/03\/Sirplay.jpg","contentUrl":"https:\/\/sirplay.com\/wp-content\/uploads\/2021\/03\/Sirplay.jpg","width":576,"height":378,"caption":"sirplay"},{"@type":"BreadcrumbList","@id":"https:\/\/sirplay.com\/es\/sobre-nosotros\/#breadcrumb","itemListElement":[{"@type":"ListItem","position":1,"name":"Home","item":"https:\/\/sirplay.com\/es\/"},{"@type":"ListItem","position":2,"name":"Sobre nosotros"}]},{"@type":"WebSite","@id":"https:\/\/sirplay.com\/es\/#website","url":"https:\/\/sirplay.com\/es\/","name":"Sportsbook software provider","description":"Sports betting software online and Retail ssbts  - White label casino","publisher":{"@id":"https:\/\/sirplay.com\/es\/#organization"},"alternateName":"White label casino","potentialAction":[{"@type":"SearchAction","target":{"@type":"EntryPoint","urlTemplate":"https:\/\/sirplay.com\/es\/?s={search_term_string}"},"query-input":{"@type":"PropertyValueSpecification","valueRequired":true,"valueName":"search_term_string"}}],"inLanguage":"es"},{"@type":"Organization","@id":"https:\/\/sirplay.com\/es\/#organization","name":"Sirplay","alternateName":"Sirplay white label","url":"https:\/\/sirplay.com\/es\/","logo":{"@type":"ImageObject","inLanguage":"es","@id":"https:\/\/sirplay.com\/es\/#\/schema\/logo\/image\/","url":"https:\/\/sirplay.com\/wp-content\/uploads\/2021\/03\/cropped-sirplayICO.png","contentUrl":"https:\/\/sirplay.com\/wp-content\/uploads\/2021\/03\/cropped-sirplayICO.png","width":512,"height":512,"caption":"Sirplay"},"image":{"@id":"https:\/\/sirplay.com\/es\/#\/schema\/logo\/image\/"},"sameAs":["https:\/\/x.com\/sirplay","https:\/\/www.linkedin.com\/company\/sirplay","https:\/\/www.youtube.com\/user\/BookmakerSolutions"]}]}},"_links":{"self":[{"href":"https:\/\/sirplay.com\/es\/wp-json\/wp\/v2\/pages\/18736","targetHints":{"allow":["GET"]}}],"collection":[{"href":"https:\/\/sirplay.com\/es\/wp-json\/wp\/v2\/pages"}],"about":[{"href":"https:\/\/sirplay.com\/es\/wp-json\/wp\/v2\/types\/page"}],"author":[{"embeddable":true,"href":"https:\/\/sirplay.com\/es\/wp-json\/wp\/v2\/users\/1"}],"replies":[{"embeddable":true,"href":"https:\/\/sirplay.com\/es\/wp-json\/wp\/v2\/comments?post=18736"}],"version-history":[{"count":6,"href":"https:\/\/sirplay.com\/es\/wp-json\/wp\/v2\/pages\/18736\/revisions"}],"predecessor-version":[{"id":21528,"href":"https:\/\/sirplay.com\/es\/wp-json\/wp\/v2\/pages\/18736\/revisions\/21528"}],"wp:featuredmedia":[{"embeddable":true,"href":"https:\/\/sirplay.com\/es\/wp-json\/wp\/v2\/media\/17632"}],"wp:attachment":[{"href":"https:\/\/sirplay.com\/es\/wp-json\/wp\/v2\/media?parent=18736"}],"curies":[{"name":"wp","href":"https:\/\/api.w.org\/{rel}","templated":true}]}}