{"id":18740,"date":"2021-05-28T17:16:39","date_gmt":"2021-05-28T17:16:39","guid":{"rendered":"https:\/\/sirplay.com\/terminales-de-apuestas\/"},"modified":"2024-06-09T07:35:19","modified_gmt":"2024-06-09T07:35:19","slug":"terminales-de-apuestas","status":"publish","type":"page","link":"https:\/\/sirplay.com\/es\/terminales-de-apuestas\/","title":{"rendered":"Terminales de apuestas"},"content":{"rendered":"<div class=\"wpb-content-wrapper\"><p>[vc_row][vc_column][vc_column_text]<strong> Nuestros terminales de apuestas para ventas f\u00edsicas est\u00e1n dise\u00f1ados para ser soluciones todo en uno.\u00a0<\/strong> Con una <strong> impresora<\/strong>, un <strong> punto de venta<\/strong>, un sistema Android y nuestro software de apuestas est\u00e1s listo para empezar.<\/p>\n<p>Para crear una experiencia rentable y atractiva en tu punto de venta, visita la secci\u00f3n Terminales de apuestas deportivas: <a href=\"https:\/\/sirplay.com\/sports-betting-software\/retail-solutions\/\"> Plataforma omnicanal para administrar un negocio f\u00edsico.<\/a><\/p>\n<p>Somos expertos en soluciones de juego tanto online como f\u00edsicas.<\/p>\n<p>Nuestros Terminales pueden caber en la palma de tu mano, lo que significa que son <strong> perfectos tambi\u00e9n para las tiendas de apuestas m\u00e1s peque\u00f1as <\/strong>.[\/vc_column_text][\/vc_column][\/vc_row][vc_row css=&#8221;.vc_custom_1541546704203{margin-top: 30px !important;margin-bottom: 100px !important;}&#8221;][vc_column][vc_row_inner css=&#8221;.vc_custom_1541538802692{margin-top: 65px !important;}&#8221;][vc_column_inner width=&#8221;1\/2&#8243;][vc_custom_heading text=&#8221;Terminales todo en uno para apuestas deportivas Android POS&#8221; font_container=&#8221;tag:h2|font_size:40px|text_align:left|color:%23a0c528|line_height:40px&#8221; use_theme_fonts=&#8221;yes&#8221; css_animation=&#8221;none&#8221; css=&#8221;.vc_custom_1622741815768{margin-top: 3px !important;margin-bottom: 35px !important;}&#8221;][vc_single_image image=&#8221;18595&#8243; img_size=&#8221;full&#8221; alignment=&#8221;center&#8221;][vc_column_text css_animation=&#8221;none&#8221; css=&#8221;.vc_custom_1621012798328{margin-bottom: 45px !important;}&#8221;]<\/p>\n<p style=\"max-width: 500px; margin-bottom: 30px;\"><strong> SO Android <\/strong> &#8211; \u00faltima versi\u00f3n<br \/>\nConectividad Wi-Fi + Red 4G<br \/>\nTarjeta Dual Sim<br \/>\nEsc\u00e1ner de c\u00f3digo de barras<br \/>\nLCD de 5 \u2033<br \/>\nTeclado<br \/>\nMemoria interna extensible<br \/>\nLector de tarjetas sin contacto<br \/>\nC\u00e1mara de 5 megap\u00edxeles[\/vc_column_text][vc_column_text css_animation=&#8221;none&#8221;]<\/p>\n<div class=\"niva-separator\" style=\"height: 4px; background: # A0C528; width: 60px; border-radius: 5px;\"><\/div>\n<p>[\/vc_column_text][\/vc_column_inner][vc_column_inner width=&#8221;1\/2&#8243; offset=&#8221;vc_hidden-xs&#8221; css=&#8221;.vc_custom_1621013239504{background-color: #a0c528 !important;}&#8221;][vc_single_image image=&#8221;18634&#8243; img_size=&#8221;full&#8221; alignment=&#8221;center&#8221;][vc_custom_heading text=&#8221;Terminales todo en uno de apuestas deportivas andorid POS&#8221; font_container=&#8221;tag:h2|font_size:40px|text_align:left|color:%23ffffff|line_height:40px&#8221; use_theme_fonts=&#8221;yes&#8221; css_animation=&#8221;none&#8221; css=&#8221;.vc_custom_1621013256057{margin-top: 3px !important;margin-bottom: 35px !important;}&#8221;][vc_column_text]<\/p>\n<p style=\"color: #ffffff;\"><strong> Android <\/strong> \u00faltimo SO<br \/>\nBluetooth 4.0 integrado<br \/>\nConectividad Wi-Fi + red 3g \/ 4g<br \/>\nImpresora t\u00e9rmica incorporada de 58 mm<br \/>\nAdmite NFC \/ tarjetas con chip \/ tarjetas de banda magn\u00e9tica<br \/>\nEsc\u00e1ner de c\u00f3digo de barras 1D y 2D<br \/>\nGPS integrado<br \/>\nPantallas duales: pantalla t\u00e1ctil y pantalla para el cliente<br \/>\nLCD de 7\u2033[\/vc_column_text][\/vc_column_inner][\/vc_row_inner][vc_row_inner css=&#8221;.vc_custom_1541538802692{margin-top: 65px !important;}&#8221;][vc_column_inner width=&#8221;1\/2&#8243; offset=&#8221;vc_hidden-xs&#8221; css=&#8221;.vc_custom_1621013239504{background-color: #a0c528 !important;}&#8221;][vc_single_image image=&#8221;18644&#8243; img_size=&#8221;full&#8221; alignment=&#8221;center&#8221;][vc_custom_heading text=&#8221;Impresora bluetooth port\u00e1til mini ticket&#8221; font_container=&#8221;tag:h2|font_size:40px|text_align:left|color:%23ffffff|line_height:40px&#8221; use_theme_fonts=&#8221;yes&#8221; css_animation=&#8221;none&#8221; css=&#8221;.vc_custom_1621417419903{margin-top: 3px !important;margin-bottom: 35px !important;}&#8221;][vc_column_text]<\/p>\n<p style=\"color: #ffffff;\"><strong> Dise\u00f1o de alta tecnolog\u00eda <\/strong><br \/>\nDimensiones peque\u00f1as que se ajustan a su bolsillo: 110 mm x 45 mm x 85 mm<br \/>\nConectividad Wi-Fi integrada por Bluetooth + red 2g \/ 3g \/ 4g<br \/>\nAdmite c\u00f3digos de barras 1d \/ 2d<br \/>\nImpresora t\u00e9rmica incorporada, \u00a1con 10 m de autonom\u00eda![\/vc_column_text][\/vc_column_inner][vc_column_inner width=&#8221;1\/2&#8243;][vc_custom_heading text=&#8221;Mini impresora de tickets Android&#8221; font_container=&#8221;tag:h2|font_size:40px|text_align:left|color:%23a0c528|line_height:40px&#8221; use_theme_fonts=&#8221;yes&#8221; css_animation=&#8221;none&#8221; css=&#8221;.vc_custom_1621417910064{margin-top: 3px !important;margin-bottom: 35px !important;}&#8221;][vc_single_image image=&#8221;18654&#8243; img_size=&#8221;full&#8221; alignment=&#8221;center&#8221;][vc_column_text css_animation=&#8221;none&#8221; css=&#8221;.vc_custom_1621417966198{margin-bottom: 45px !important;}&#8221;]<\/p>\n<p style=\"max-width: 500px; margin-bottom: 30px;\"><strong> Android <\/strong> \u00faltimo SO<br \/>\nConectividad Wi-Fi + red 3g \/ 4g<br \/>\nEsc\u00e1ner de c\u00f3digo de barras 2D + c\u00f3digo QR integrado<br \/>\nImpresora t\u00e9rmica incorporada de 58 mm<br \/>\nLCD de 5.5 \u2033<br \/>\nBater\u00eda de 5200 mAh[\/vc_column_text][vc_column_text css_animation=&#8221;none&#8221;]<\/p>\n<div class=\"niva-separator\" style=\"height: 4px; background: # A0C528; width: 60px; border-radius: 5px;\"><\/div>\n<p>[\/vc_column_text][\/vc_column_inner][\/vc_row_inner][vc_row_inner css=&#8221;.vc_custom_1541538802692{margin-top: 65px !important;}&#8221;][vc_column_inner width=&#8221;1\/2&#8243;][vc_custom_heading text=&#8221;Impresora t\u00e9rmica bluetooth pos m\u00f3vil&#8221; font_container=&#8221;tag:h2|font_size:40px|text_align:left|color:%23a0c528|line_height:40px&#8221; use_theme_fonts=&#8221;yes&#8221; css_animation=&#8221;none&#8221; css=&#8221;.vc_custom_1621418068629{margin-top: 3px !important;margin-bottom: 35px !important;}&#8221;][vc_single_image image=&#8221;18664&#8243; img_size=&#8221;full&#8221; alignment=&#8221;center&#8221;][vc_column_text css_animation=&#8221;none&#8221; css=&#8221;.vc_custom_1621418282987{margin-bottom: 45px !important;}&#8221;]<\/p>\n<p style=\"max-width: 500px; margin-bottom: 30px;\">Mecanismo de impresi\u00f3n de <strong> 3 pulgadas <\/strong> de ancho<br \/>\nDimensiones ajustadas con una mano<br \/>\nConectividad Wi-Fi + 2.0 \/ 3.0 Bluetooth<br \/>\nAdmite c\u00f3digo de barras 2D<br \/>\n<strong> Impresora t\u00e9rmica de 78\/58 mm incorporada <\/strong><br \/>\nLector de tarjetas sin contacto \/ magn\u00e9tico \/ inteligente[\/vc_column_text][vc_column_text css_animation=&#8221;none&#8221;]<\/p>\n<div class=\"niva-separator\" style=\"height: 4px; background: # A0C528; width: 60px; border-radius: 5px;\"><\/div>\n<p>[\/vc_column_text][\/vc_column_inner][vc_column_inner width=&#8221;1\/2&#8243; offset=&#8221;vc_hidden-xs&#8221; css=&#8221;.vc_custom_1621013239504{background-color: #a0c528 !important;}&#8221;][vc_custom_heading text=&#8221;Cont\u00e1ctenos para saber m\u00e1s o coordinar una demostraci\u00f3n de las mejores terminales de apuestas para tu negocio.&#8221; font_container=&#8221;tag:h3|font_size:30px|text_align:left|color:%23ffffff|line_height:30px&#8221; use_theme_fonts=&#8221;yes&#8221; css_animation=&#8221;none&#8221; css=&#8221;.vc_custom_1625485278419{margin-top: 3px !important;margin-bottom: 35px !important;}&#8221;]\n<div class=\"wpcf7 no-js\" id=\"wpcf7-f19225-o1\" lang=\"es-ES\" dir=\"ltr\" data-wpcf7-id=\"19225\">\n<div class=\"screen-reader-response\"><p role=\"status\" aria-live=\"polite\" aria-atomic=\"true\"><\/p> <ul><\/ul><\/div>\n<form action=\"\/es\/wp-json\/wp\/v2\/pages\/18740#wpcf7-f19225-o1\" method=\"post\" class=\"wpcf7-form init\" aria-label=\"Formulario de contacto\" novalidate=\"novalidate\" data-status=\"init\">\n<fieldset class=\"hidden-fields-container\"><input type=\"hidden\" name=\"_wpcf7\" value=\"19225\" \/><input type=\"hidden\" name=\"_wpcf7_version\" value=\"6.1.5\" \/><input type=\"hidden\" name=\"_wpcf7_locale\" value=\"es_ES\" \/><input type=\"hidden\" name=\"_wpcf7_unit_tag\" value=\"wpcf7-f19225-o1\" \/><input type=\"hidden\" name=\"_wpcf7_container_post\" value=\"0\" \/><input type=\"hidden\" name=\"_wpcf7_posted_data_hash\" value=\"\" \/>\n<\/fieldset>\n<p><label> Nombre completo<br \/>\n<span class=\"wpcf7-form-control-wrap\" data-name=\"your-name\"><input size=\"40\" maxlength=\"400\" class=\"wpcf7-form-control wpcf7-text wpcf7-validates-as-required\" aria-required=\"true\" aria-invalid=\"false\" value=\"\" type=\"text\" name=\"your-name\" \/><\/span> <\/label>\n<\/p>\n<p><label> Tu correo electr\u00f3nico<br \/>\n<span class=\"wpcf7-form-control-wrap\" data-name=\"your-email\"><input size=\"40\" maxlength=\"400\" class=\"wpcf7-form-control wpcf7-email wpcf7-validates-as-required wpcf7-text wpcf7-validates-as-email\" aria-required=\"true\" aria-invalid=\"false\" value=\"\" type=\"email\" name=\"your-email\" \/><\/span> <\/label>\n<\/p>\n<p><label> Pa\u00eds<br \/>\n<span class=\"wpcf7-form-control-wrap\" data-name=\"countrytext-54\"><input size=\"40\" class=\"wpcf7-form-control wpcf7-countrytext wpcf7-text wpcf7-validates-as-countrytext\" aria-invalid=\"false\" value=\"\" type=\"text\" name=\"countrytext-54\" \/><\/span> <\/label>\n<\/p>\n<p><label> N\u00famero de tel\u00e9fono<br \/>\n<span class=\"wpcf7-form-control-wrap\" data-name=\"phonetext-462\"><input size=\"40\" class=\"wpcf7-form-control wpcf7-phonetext wpcf7-text wpcf7-validates-as-phonetext\" aria-invalid=\"false\" value=\"\" type=\"text\" name=\"phonetext-462\" \/><input type=\"hidden\" name=\"phonetext-462-country-code\" class=\"wpcf7-phonetext-country-code\" \/><\/span> <\/label>\n<\/p>\n<p><label> Mensaje<br \/>\n<span class=\"wpcf7-form-control-wrap\" data-name=\"your-message\"><textarea cols=\"40\" rows=\"10\" maxlength=\"2000\" class=\"wpcf7-form-control wpcf7-textarea\" aria-invalid=\"false\" name=\"your-message\"><\/textarea><\/span> <\/label>\n<\/p>\n<p><input class=\"wpcf7-form-control wpcf7-submit has-spinner\" type=\"submit\" value=\"Enviar\" \/>\n<\/p><div class=\"wpcf7-response-output\" aria-hidden=\"true\"><\/div>\n<\/form>\n<\/div>\n[\/vc_column_inner][\/vc_row_inner][\/vc_column][\/vc_row][vc_row full_width=&#8221;stretch_row&#8221; css=&#8221;.vc_custom_1621418719491{margin-bottom: 0px !important;padding-top: 25px !important;padding-bottom: 25px !important;background-color: #a0c528 !important;}&#8221;][vc_column css=&#8221;.vc_custom_1538908117168{padding-top: 0px !important;}&#8221;][vc_custom_heading text=&#8221;Si est\u00e1s buscando terminales para tus tiendas de apuestas o terminales de autoservicio para Casino, visita nuestra secci\u00f3n de soluciones para ventas f\u00edsicas.&#8221; font_container=&#8221;tag:h3|font_size:22px|text_align:center|color:%23ffffff|line_height:24px&#8221; use_theme_fonts=&#8221;yes&#8221; css=&#8221;.vc_custom_1625483198916{margin-top: 0px !important;margin-bottom: 0px !important;}&#8221; link=&#8221;url:https%3A%2F%2Fsirplay.com%2Fsports-betting-software%2Fretail-solutions%2F|title:Soluciones%20minoristas|target:_blank|&#8221;][\/vc_column][\/vc_row]<\/p>\n<\/div>","protected":false},"excerpt":{"rendered":"<p>[vc_row][vc_column][vc_column_text] Nuestros terminales de apuestas para ventas f\u00edsicas est\u00e1n dise\u00f1ados para ser soluciones todo en uno.\u00a0 Con una impresora, un punto de venta, un sistema Android y nuestro software de apuestas est\u00e1s listo para empezar. Para crear una experiencia rentable y atractiva en tu punto de venta, visita la secci\u00f3n Terminales de apuestas deportivas: Plataforma [&hellip;]<\/p>\n","protected":false},"author":1,"featured_media":18634,"parent":0,"menu_order":0,"comment_status":"closed","ping_status":"closed","template":"","meta":{"footnotes":""},"class_list":["post-18740","page","type-page","status-publish","has-post-thumbnail","hentry"],"yoast_head":"<!-- This site is optimized with the Yoast SEO Premium plugin v27.3 (Yoast SEO v27.3) - https:\/\/yoast.com\/product\/yoast-seo-premium-wordpress\/ -->\n<title>Terminales de apuestas - Sirplay<\/title>\n<meta name=\"description\" content=\"Nuestros terminales de apuestas para ventas f\u00edsicas est\u00e1n dise\u00f1ados para ser soluciones todo en uno. Con una impresora, un punto de venta\" \/>\n<meta name=\"robots\" content=\"index, follow, max-snippet:-1, max-image-preview:large, max-video-preview:-1\" \/>\n<link rel=\"canonical\" href=\"https:\/\/sirplay.com\/es\/terminales-de-apuestas\/\" \/>\n<meta property=\"og:locale\" content=\"es_ES\" \/>\n<meta property=\"og:type\" content=\"article\" \/>\n<meta property=\"og:title\" content=\"Terminales de apuestas\" \/>\n<meta property=\"og:description\" content=\"Terminales de apuestas\" \/>\n<meta property=\"og:url\" content=\"https:\/\/sirplay.com\/es\/terminales-de-apuestas\/\" \/>\n<meta property=\"og:site_name\" content=\"Sirplay\" \/>\n<meta property=\"article:modified_time\" content=\"2024-06-09T07:35:19+00:00\" \/>\n<meta property=\"og:image\" content=\"https:\/\/sirplay.com\/wp-content\/uploads\/2021\/05\/Tousei-Android-Handheld-Payment-POS-Tablet-Terminal-1.png\" \/>\n\t<meta property=\"og:image:width\" content=\"418\" \/>\n\t<meta property=\"og:image:height\" content=\"418\" \/>\n\t<meta property=\"og:image:type\" content=\"image\/png\" \/>\n<meta name=\"twitter:card\" content=\"summary_large_image\" \/>\n<meta name=\"twitter:site\" content=\"@sirplay\" \/>\n<meta name=\"twitter:label1\" content=\"Tiempo de lectura\" \/>\n\t<meta name=\"twitter:data1\" content=\"3 minutos\" \/>\n<script type=\"application\/ld+json\" class=\"yoast-schema-graph\">{\"@context\":\"https:\\\/\\\/schema.org\",\"@graph\":[{\"@type\":\"WebPage\",\"@id\":\"https:\\\/\\\/sirplay.com\\\/es\\\/terminales-de-apuestas\\\/\",\"url\":\"https:\\\/\\\/sirplay.com\\\/es\\\/terminales-de-apuestas\\\/\",\"name\":\"Terminales de apuestas - Sirplay\",\"isPartOf\":{\"@id\":\"https:\\\/\\\/sirplay.com\\\/es\\\/#website\"},\"primaryImageOfPage\":{\"@id\":\"https:\\\/\\\/sirplay.com\\\/es\\\/terminales-de-apuestas\\\/#primaryimage\"},\"image\":{\"@id\":\"https:\\\/\\\/sirplay.com\\\/es\\\/terminales-de-apuestas\\\/#primaryimage\"},\"thumbnailUrl\":\"https:\\\/\\\/sirplay.com\\\/wp-content\\\/uploads\\\/2021\\\/05\\\/Tousei-Android-Handheld-Payment-POS-Tablet-Terminal-1.png\",\"datePublished\":\"2021-05-28T17:16:39+00:00\",\"dateModified\":\"2024-06-09T07:35:19+00:00\",\"description\":\"Nuestros terminales de apuestas para ventas f\u00edsicas est\u00e1n dise\u00f1ados para ser soluciones todo en uno. Con una impresora, un punto de venta\",\"breadcrumb\":{\"@id\":\"https:\\\/\\\/sirplay.com\\\/es\\\/terminales-de-apuestas\\\/#breadcrumb\"},\"inLanguage\":\"es\",\"potentialAction\":[{\"@type\":\"ReadAction\",\"target\":[\"https:\\\/\\\/sirplay.com\\\/es\\\/terminales-de-apuestas\\\/\"]}]},{\"@type\":\"ImageObject\",\"inLanguage\":\"es\",\"@id\":\"https:\\\/\\\/sirplay.com\\\/es\\\/terminales-de-apuestas\\\/#primaryimage\",\"url\":\"https:\\\/\\\/sirplay.com\\\/wp-content\\\/uploads\\\/2021\\\/05\\\/Tousei-Android-Handheld-Payment-POS-Tablet-Terminal-1.png\",\"contentUrl\":\"https:\\\/\\\/sirplay.com\\\/wp-content\\\/uploads\\\/2021\\\/05\\\/Tousei-Android-Handheld-Payment-POS-Tablet-Terminal-1.png\",\"width\":418,\"height\":418,\"caption\":\"Terminal de tableta de punto de venta de pago port\u00e1til Android Tousei\"},{\"@type\":\"BreadcrumbList\",\"@id\":\"https:\\\/\\\/sirplay.com\\\/es\\\/terminales-de-apuestas\\\/#breadcrumb\",\"itemListElement\":[{\"@type\":\"ListItem\",\"position\":1,\"name\":\"Home\",\"item\":\"https:\\\/\\\/sirplay.com\\\/es\\\/\"},{\"@type\":\"ListItem\",\"position\":2,\"name\":\"Terminales de apuestas\"}]},{\"@type\":\"WebSite\",\"@id\":\"https:\\\/\\\/sirplay.com\\\/es\\\/#website\",\"url\":\"https:\\\/\\\/sirplay.com\\\/es\\\/\",\"name\":\"Sportsbook software provider\",\"description\":\"Sports betting software online and Retail ssbts  - White label casino\",\"publisher\":{\"@id\":\"https:\\\/\\\/sirplay.com\\\/es\\\/#organization\"},\"alternateName\":\"White label casino\",\"potentialAction\":[{\"@type\":\"SearchAction\",\"target\":{\"@type\":\"EntryPoint\",\"urlTemplate\":\"https:\\\/\\\/sirplay.com\\\/es\\\/?s={search_term_string}\"},\"query-input\":{\"@type\":\"PropertyValueSpecification\",\"valueRequired\":true,\"valueName\":\"search_term_string\"}}],\"inLanguage\":\"es\"},{\"@type\":\"Organization\",\"@id\":\"https:\\\/\\\/sirplay.com\\\/es\\\/#organization\",\"name\":\"Sirplay\",\"alternateName\":\"Sirplay white label\",\"url\":\"https:\\\/\\\/sirplay.com\\\/es\\\/\",\"logo\":{\"@type\":\"ImageObject\",\"inLanguage\":\"es\",\"@id\":\"https:\\\/\\\/sirplay.com\\\/es\\\/#\\\/schema\\\/logo\\\/image\\\/\",\"url\":\"https:\\\/\\\/sirplay.com\\\/wp-content\\\/uploads\\\/2021\\\/03\\\/cropped-sirplayICO.png\",\"contentUrl\":\"https:\\\/\\\/sirplay.com\\\/wp-content\\\/uploads\\\/2021\\\/03\\\/cropped-sirplayICO.png\",\"width\":512,\"height\":512,\"caption\":\"Sirplay\"},\"image\":{\"@id\":\"https:\\\/\\\/sirplay.com\\\/es\\\/#\\\/schema\\\/logo\\\/image\\\/\"},\"sameAs\":[\"https:\\\/\\\/x.com\\\/sirplay\",\"https:\\\/\\\/www.linkedin.com\\\/company\\\/sirplay\",\"https:\\\/\\\/www.youtube.com\\\/user\\\/BookmakerSolutions\"]}]}<\/script>\n<!-- \/ Yoast SEO Premium plugin. -->","yoast_head_json":{"title":"Terminales de apuestas - Sirplay","description":"Nuestros terminales de apuestas para ventas f\u00edsicas est\u00e1n dise\u00f1ados para ser soluciones todo en uno. Con una impresora, un punto de venta","robots":{"index":"index","follow":"follow","max-snippet":"max-snippet:-1","max-image-preview":"max-image-preview:large","max-video-preview":"max-video-preview:-1"},"canonical":"https:\/\/sirplay.com\/es\/terminales-de-apuestas\/","og_locale":"es_ES","og_type":"article","og_title":"Terminales de apuestas","og_description":"Terminales de apuestas","og_url":"https:\/\/sirplay.com\/es\/terminales-de-apuestas\/","og_site_name":"Sirplay","article_modified_time":"2024-06-09T07:35:19+00:00","og_image":[{"width":418,"height":418,"url":"https:\/\/sirplay.com\/wp-content\/uploads\/2021\/05\/Tousei-Android-Handheld-Payment-POS-Tablet-Terminal-1.png","type":"image\/png"}],"twitter_card":"summary_large_image","twitter_site":"@sirplay","twitter_misc":{"Tiempo de lectura":"3 minutos"},"schema":{"@context":"https:\/\/schema.org","@graph":[{"@type":"WebPage","@id":"https:\/\/sirplay.com\/es\/terminales-de-apuestas\/","url":"https:\/\/sirplay.com\/es\/terminales-de-apuestas\/","name":"Terminales de apuestas - Sirplay","isPartOf":{"@id":"https:\/\/sirplay.com\/es\/#website"},"primaryImageOfPage":{"@id":"https:\/\/sirplay.com\/es\/terminales-de-apuestas\/#primaryimage"},"image":{"@id":"https:\/\/sirplay.com\/es\/terminales-de-apuestas\/#primaryimage"},"thumbnailUrl":"https:\/\/sirplay.com\/wp-content\/uploads\/2021\/05\/Tousei-Android-Handheld-Payment-POS-Tablet-Terminal-1.png","datePublished":"2021-05-28T17:16:39+00:00","dateModified":"2024-06-09T07:35:19+00:00","description":"Nuestros terminales de apuestas para ventas f\u00edsicas est\u00e1n dise\u00f1ados para ser soluciones todo en uno. Con una impresora, un punto de venta","breadcrumb":{"@id":"https:\/\/sirplay.com\/es\/terminales-de-apuestas\/#breadcrumb"},"inLanguage":"es","potentialAction":[{"@type":"ReadAction","target":["https:\/\/sirplay.com\/es\/terminales-de-apuestas\/"]}]},{"@type":"ImageObject","inLanguage":"es","@id":"https:\/\/sirplay.com\/es\/terminales-de-apuestas\/#primaryimage","url":"https:\/\/sirplay.com\/wp-content\/uploads\/2021\/05\/Tousei-Android-Handheld-Payment-POS-Tablet-Terminal-1.png","contentUrl":"https:\/\/sirplay.com\/wp-content\/uploads\/2021\/05\/Tousei-Android-Handheld-Payment-POS-Tablet-Terminal-1.png","width":418,"height":418,"caption":"Terminal de tableta de punto de venta de pago port\u00e1til Android Tousei"},{"@type":"BreadcrumbList","@id":"https:\/\/sirplay.com\/es\/terminales-de-apuestas\/#breadcrumb","itemListElement":[{"@type":"ListItem","position":1,"name":"Home","item":"https:\/\/sirplay.com\/es\/"},{"@type":"ListItem","position":2,"name":"Terminales de apuestas"}]},{"@type":"WebSite","@id":"https:\/\/sirplay.com\/es\/#website","url":"https:\/\/sirplay.com\/es\/","name":"Sportsbook software provider","description":"Sports betting software online and Retail ssbts  - White label casino","publisher":{"@id":"https:\/\/sirplay.com\/es\/#organization"},"alternateName":"White label casino","potentialAction":[{"@type":"SearchAction","target":{"@type":"EntryPoint","urlTemplate":"https:\/\/sirplay.com\/es\/?s={search_term_string}"},"query-input":{"@type":"PropertyValueSpecification","valueRequired":true,"valueName":"search_term_string"}}],"inLanguage":"es"},{"@type":"Organization","@id":"https:\/\/sirplay.com\/es\/#organization","name":"Sirplay","alternateName":"Sirplay white label","url":"https:\/\/sirplay.com\/es\/","logo":{"@type":"ImageObject","inLanguage":"es","@id":"https:\/\/sirplay.com\/es\/#\/schema\/logo\/image\/","url":"https:\/\/sirplay.com\/wp-content\/uploads\/2021\/03\/cropped-sirplayICO.png","contentUrl":"https:\/\/sirplay.com\/wp-content\/uploads\/2021\/03\/cropped-sirplayICO.png","width":512,"height":512,"caption":"Sirplay"},"image":{"@id":"https:\/\/sirplay.com\/es\/#\/schema\/logo\/image\/"},"sameAs":["https:\/\/x.com\/sirplay","https:\/\/www.linkedin.com\/company\/sirplay","https:\/\/www.youtube.com\/user\/BookmakerSolutions"]}]}},"_links":{"self":[{"href":"https:\/\/sirplay.com\/es\/wp-json\/wp\/v2\/pages\/18740","targetHints":{"allow":["GET"]}}],"collection":[{"href":"https:\/\/sirplay.com\/es\/wp-json\/wp\/v2\/pages"}],"about":[{"href":"https:\/\/sirplay.com\/es\/wp-json\/wp\/v2\/types\/page"}],"author":[{"embeddable":true,"href":"https:\/\/sirplay.com\/es\/wp-json\/wp\/v2\/users\/1"}],"replies":[{"embeddable":true,"href":"https:\/\/sirplay.com\/es\/wp-json\/wp\/v2\/comments?post=18740"}],"version-history":[{"count":1,"href":"https:\/\/sirplay.com\/es\/wp-json\/wp\/v2\/pages\/18740\/revisions"}],"predecessor-version":[{"id":21531,"href":"https:\/\/sirplay.com\/es\/wp-json\/wp\/v2\/pages\/18740\/revisions\/21531"}],"wp:featuredmedia":[{"embeddable":true,"href":"https:\/\/sirplay.com\/es\/wp-json\/wp\/v2\/media\/18634"}],"wp:attachment":[{"href":"https:\/\/sirplay.com\/es\/wp-json\/wp\/v2\/media?parent=18740"}],"curies":[{"name":"wp","href":"https:\/\/api.w.org\/{rel}","templated":true}]}}