{"id":18824,"date":"2021-06-04T10:05:55","date_gmt":"2021-06-04T10:05:55","guid":{"rendered":"https:\/\/sirplay.com\/software-de-apuestas-deportivas-bitcoin\/"},"modified":"2024-01-25T16:08:25","modified_gmt":"2024-01-25T16:08:25","slug":"apuestas-deportivas-bitcoin","status":"publish","type":"page","link":"https:\/\/sirplay.com\/es\/apuestas-deportivas-bitcoin\/","title":{"rendered":"Apuestas deportivas bitcoin"},"content":{"rendered":"<div class=\"wpb-content-wrapper\"><p>[vc_row css=&#8221;.vc_custom_1617808948945{margin-top: 60px !important;}&#8221;][vc_column width=&#8221;1\/2&#8243;][vc_column_text]Sirplay pone a disposici\u00f3n una plataforma de apuestas con bitcoin. Brindamos esta oportunidad a todos los Bookmakers m\u00e1s innovadores.<\/p>\n<p>Nuestra empresa comprendi\u00f3 las potencialidades de Bitcoin en la industria de las apuestas hace tiempo, utilizando, a partir del a\u00f1o 2017, la criptomoneda como un m\u00e9todo de pago en su software de apuestas deportivas.[\/vc_column_text][\/vc_column][vc_column width=&#8221;1\/2&#8243;][vc_video link=&#8221;https:\/\/www.youtube.com\/watch?v=VeeIBRtNBis&#8221; align=&#8221;center&#8221;][\/vc_column][\/vc_row][vc_row css=&#8221;.vc_custom_1617809354258{margin-top: 60px !important;}&#8221;][vc_column width=&#8221;1\/2&#8243;][vc_column_text][\/vc_column_text][vc_single_image image=&#8221;17880&#8243; img_size=&#8221;large&#8221;][\/vc_column][vc_column width=&#8221;1\/2&#8243;][vc_column_text]<\/p>\n<h2>Apuestas deportivas en Bitcoin con nuestras funciones:<\/h2>\n<ul>\n<li>Desarrollo de marca y personalizaci\u00f3n incluidos<\/li>\n<li>Gesti\u00f3n de tarifas y comisiones de blockchain<\/li>\n<li>Los mejores socios internacionales para juegos de casino y virtuales<\/li>\n<\/ul>\n<p>Miles de juegos y partidos disponibles<br \/>\n\u00a1Todo listo en dos semanas![\/vc_column_text]<div class=\"mt-icon-listgroup-item wow \"><div class=\"mt-icon-listgroup-holder\">\n                  <div class=\"mt-icon-listgroup-icon-holder-inner\"><a ><i style=\"margin-right:px; color:;font-size:px\" class=\"\"><\/i><\/a><\/div>\n                <div class=\"mt-icon-listgroup-content-holder-inner\">\n                  <a  class=\"mt-icon-listgroup-title\" style=\"font-size: px; color: \"><\/a>\n                  <p class=\"mt-icon-listgroup-text\" style=\"font-size: px; color: \"><\/p><\/div>\n              <\/div><\/div>[\/vc_column][\/vc_row][vc_row css=&#8221;.vc_custom_1617810076393{margin-top: 60px !important;}&#8221;][vc_column][vc_column_text]<\/p>\n<h2 style=\"text-align: center;\">Apuestas Bitcoin: C\u00f3mo usar en tu plataforma en l\u00ednea<\/h2>\n<p>Sirplay ofrece <strong> dos formas de utilizar tu plataforma de apuestas <\/strong> como soluci\u00f3n en Bitcoin: como una opci\u00f3n de m\u00e9todo de pago o como moneda configurada en la plataforma. La diferencia parece leve pero es enorme.[\/vc_column_text][\/vc_column][\/vc_row][vc_row css=&#8221;.vc_custom_1617810076393{margin-top: 60px !important;}&#8221;][vc_column width=&#8221;1\/3&#8243;][vc_column_text]<\/p>\n<h3>M\u00e9todo de pago<\/h3>\n<p>Los bitcoins se pueden cambiar por la moneda configurada en la plataforma durante el dep\u00f3sito y\/o el retiro, como si el Wallet Bitcoin fuera una cuenta bancaria o una tarjeta de cr\u00e9dito.[\/vc_column_text][\/vc_column][vc_column width=&#8221;1\/3&#8243;][vc_single_image image=&#8221;19669&#8243; img_size=&#8221;full&#8221; add_caption=&#8221;yes&#8221; alignment=&#8221;center&#8221;][\/vc_column][vc_column width=&#8221;1\/3&#8243;][vc_column_text]<\/p>\n<h3>Moneda<\/h3>\n<p>El Bitcoin puede usarse como moneda para tu software de apuestas, utilizando la criptomoneda en todo el flujo econ\u00f3mico, evitando riesgos y administrando tus propias comisiones.[\/vc_column_text][\/vc_column][\/vc_row][vc_row][vc_column css=&#8221;.vc_custom_1655833545000{padding-top: 40px !important;padding-bottom: 40px !important;}&#8221;][vc_text_separator title=&#8221;&#8221;][vc_empty_space height=&#8221;42px&#8221;][\/vc_column][\/vc_row][vc_row full_width=&#8221;stretch_row&#8221; css=&#8221;.vc_custom_1655833152521{margin-top: 50px !important;padding-top: 55px !important;padding-bottom: 80px !important;}&#8221;][vc_column width=&#8221;1\/2&#8243; el_id=&#8221;contact&#8221;][vc_column_text css_animation=&#8221;none&#8221; css=&#8221;.vc_custom_1669631791228{padding-bottom: 40px !important;}&#8221;]<\/p>\n<h2>Cont\u00e1ctenos<\/h2>\n<p style=\"max-width: 650px;\">Comun\u00edcate con un experto de Sirplay para conversar en detalle sobre nuestros servicios. Te apoyamos en tus proyectos y negocio creando una estrategia espec\u00edfica para ti.<\/p>\n<p>[\/vc_column_text][vc_column_text]<img loading=\"lazy\" class=\"size-full wp-image-16975 aligncenter\" src=\"https:\/\/sirplay.com\/gaming-experts\/wp-content\/uploads\/2022\/06\/Skype_logo.png\" alt=\"Skype\" width=\"140\" height=\"63\" \/><\/p>\n<p>&nbsp;<\/p>\n<p style=\"text-align: center;\"><a href=\"skype:manager.sirplay?chat\">English<\/a>\u00a0\u00a0<a href=\"skype:anna.sirplay?chat\">Spanish<\/a>\u00a0\u00a0<a href=\"skype:anna.sirplay?chat\">Portugu\u00eas<\/a><\/p>\n<p>&nbsp;<\/p>\n<p><img loading=\"lazy\" class=\"size-full wp-image-16974 aligncenter\" src=\"https:\/\/sirplay.com\/gaming-experts\/wp-content\/uploads\/2022\/06\/Whatsapp.jpg\" alt=\"Whatsapp\" width=\"60\" height=\"60\" \/><\/p>\n<p style=\"text-align: center;\"><a href=\"https:\/\/api.whatsapp.com\/send?phone=3513960904&amp;text=More%20info\" target=\"_blank\" rel=\"noopener\">+39 3513960904<\/a><\/p>\n<p>[\/vc_column_text][\/vc_column][vc_column width=&#8221;1\/2&#8243;][vc_column_text css_animation=&#8221;none&#8221; css=&#8221;.vc_custom_1655826731160{padding-bottom: 50px !important;}&#8221;]<\/p>\n<h4 class=\"x-text-content-text-primary\">Mandanos un mensaje:<\/h4>\n<p>[\/vc_column_text]\n<div class=\"wpcf7 no-js\" id=\"wpcf7-f19225-o1\" lang=\"es-ES\" dir=\"ltr\" data-wpcf7-id=\"19225\">\n<div class=\"screen-reader-response\"><p role=\"status\" aria-live=\"polite\" aria-atomic=\"true\"><\/p> <ul><\/ul><\/div>\n<form action=\"\/es\/wp-json\/wp\/v2\/pages\/18824#wpcf7-f19225-o1\" method=\"post\" class=\"wpcf7-form init\" aria-label=\"Formulario de contacto\" novalidate=\"novalidate\" data-status=\"init\">\n<fieldset class=\"hidden-fields-container\"><input type=\"hidden\" name=\"_wpcf7\" value=\"19225\" \/><input type=\"hidden\" name=\"_wpcf7_version\" value=\"6.1.5\" \/><input type=\"hidden\" name=\"_wpcf7_locale\" value=\"es_ES\" \/><input type=\"hidden\" name=\"_wpcf7_unit_tag\" value=\"wpcf7-f19225-o1\" \/><input type=\"hidden\" name=\"_wpcf7_container_post\" value=\"0\" \/><input type=\"hidden\" name=\"_wpcf7_posted_data_hash\" value=\"\" \/>\n<\/fieldset>\n<p><label> Nombre completo<br \/>\n<span class=\"wpcf7-form-control-wrap\" data-name=\"your-name\"><input size=\"40\" maxlength=\"400\" class=\"wpcf7-form-control wpcf7-text wpcf7-validates-as-required\" aria-required=\"true\" aria-invalid=\"false\" value=\"\" type=\"text\" name=\"your-name\" \/><\/span> <\/label>\n<\/p>\n<p><label> Tu correo electr\u00f3nico<br \/>\n<span class=\"wpcf7-form-control-wrap\" data-name=\"your-email\"><input size=\"40\" maxlength=\"400\" class=\"wpcf7-form-control wpcf7-email wpcf7-validates-as-required wpcf7-text wpcf7-validates-as-email\" aria-required=\"true\" aria-invalid=\"false\" value=\"\" type=\"email\" name=\"your-email\" \/><\/span> <\/label>\n<\/p>\n<p><label> Pa\u00eds<br \/>\n<span class=\"wpcf7-form-control-wrap\" data-name=\"countrytext-54\"><input size=\"40\" class=\"wpcf7-form-control wpcf7-countrytext wpcf7-text wpcf7-validates-as-countrytext\" aria-invalid=\"false\" value=\"\" type=\"text\" name=\"countrytext-54\" \/><\/span> <\/label>\n<\/p>\n<p><label> N\u00famero de tel\u00e9fono<br \/>\n<span class=\"wpcf7-form-control-wrap\" data-name=\"phonetext-462\"><input size=\"40\" class=\"wpcf7-form-control wpcf7-phonetext wpcf7-text wpcf7-validates-as-phonetext\" aria-invalid=\"false\" value=\"\" type=\"text\" name=\"phonetext-462\" \/><input type=\"hidden\" name=\"phonetext-462-country-code\" class=\"wpcf7-phonetext-country-code\" \/><\/span> <\/label>\n<\/p>\n<p><label> Mensaje<br \/>\n<span class=\"wpcf7-form-control-wrap\" data-name=\"your-message\"><textarea cols=\"40\" rows=\"10\" maxlength=\"2000\" class=\"wpcf7-form-control wpcf7-textarea\" aria-invalid=\"false\" name=\"your-message\"><\/textarea><\/span> <\/label>\n<\/p>\n<p><input class=\"wpcf7-form-control wpcf7-submit has-spinner\" type=\"submit\" value=\"Enviar\" \/>\n<\/p><div class=\"wpcf7-response-output\" aria-hidden=\"true\"><\/div>\n<\/form>\n<\/div>\n[vc_column_text css=&#8221;.vc_custom_1655823969880{padding-top: 20px !important;}&#8221;]<span style=\"color: #808080;\">Valoramos su privacidad y nunca compartiremos ni venderemos sus datos. Lea nuestra <a style=\"color: #808080;\" href=\"https:\/\/sirplay.com\/es\/politica-de-privacidad-de-sirplay\/\" target=\"_blank\" rel=\"noopener\">pol\u00edtica de privacidad<\/a> completa.<\/span>[\/vc_column_text][\/vc_column][\/vc_row]<\/p>\n<\/div>","protected":false},"excerpt":{"rendered":"<p>[vc_row css=&#8221;.vc_custom_1617808948945{margin-top: 60px !important;}&#8221;][vc_column width=&#8221;1\/2&#8243;][vc_column_text]Sirplay pone a disposici\u00f3n una plataforma de apuestas con bitcoin. Brindamos esta oportunidad a todos los Bookmakers m\u00e1s innovadores. Nuestra empresa comprendi\u00f3 las potencialidades de Bitcoin en la industria de las apuestas hace tiempo, utilizando, a partir del a\u00f1o 2017, la criptomoneda como un m\u00e9todo de pago en su software de [&hellip;]<\/p>\n","protected":false},"author":1,"featured_media":17880,"parent":0,"menu_order":0,"comment_status":"closed","ping_status":"closed","template":"","meta":{"footnotes":""},"class_list":["post-18824","page","type-page","status-publish","has-post-thumbnail","hentry"],"yoast_head":"<!-- This site is optimized with the Yoast SEO Premium plugin v27.3 (Yoast SEO v27.3) - https:\/\/yoast.com\/product\/yoast-seo-premium-wordpress\/ -->\n<title>Apuestas deportivas bitcoin - Sirplay<\/title>\n<meta name=\"description\" content=\"Sirplay pone a disposici\u00f3n una plataforma de apuestas con bitcoin, brindamos esta oportunidad a todos los Bookmakers m\u00e1s innovadores.\" \/>\n<meta name=\"robots\" content=\"index, follow, max-snippet:-1, max-image-preview:large, max-video-preview:-1\" \/>\n<link rel=\"canonical\" href=\"https:\/\/sirplay.com\/es\/apuestas-deportivas-bitcoin\/\" \/>\n<meta property=\"og:locale\" content=\"es_ES\" \/>\n<meta property=\"og:type\" content=\"article\" \/>\n<meta property=\"og:title\" content=\"Apuestas deportivas bitcoin\" \/>\n<meta property=\"og:description\" content=\"Apuestas deportivas bitcoin\" \/>\n<meta property=\"og:url\" content=\"https:\/\/sirplay.com\/es\/apuestas-deportivas-bitcoin\/\" \/>\n<meta property=\"og:site_name\" content=\"Sirplay\" \/>\n<meta property=\"article:modified_time\" content=\"2024-01-25T16:08:25+00:00\" \/>\n<meta property=\"og:image\" content=\"https:\/\/sirplay.com\/wp-content\/uploads\/2021\/04\/crypto_sportsbook.jpg\" \/>\n\t<meta property=\"og:image:width\" content=\"520\" \/>\n\t<meta property=\"og:image:height\" content=\"280\" \/>\n\t<meta property=\"og:image:type\" content=\"image\/jpeg\" \/>\n<meta name=\"twitter:card\" content=\"summary_large_image\" \/>\n<meta name=\"twitter:site\" content=\"@sirplay\" \/>\n<meta name=\"twitter:label1\" content=\"Tiempo de lectura\" \/>\n\t<meta name=\"twitter:data1\" content=\"2 minutos\" \/>\n<script type=\"application\/ld+json\" class=\"yoast-schema-graph\">{\"@context\":\"https:\\\/\\\/schema.org\",\"@graph\":[{\"@type\":\"WebPage\",\"@id\":\"https:\\\/\\\/sirplay.com\\\/es\\\/apuestas-deportivas-bitcoin\\\/\",\"url\":\"https:\\\/\\\/sirplay.com\\\/es\\\/apuestas-deportivas-bitcoin\\\/\",\"name\":\"Apuestas deportivas bitcoin - Sirplay\",\"isPartOf\":{\"@id\":\"https:\\\/\\\/sirplay.com\\\/es\\\/#website\"},\"primaryImageOfPage\":{\"@id\":\"https:\\\/\\\/sirplay.com\\\/es\\\/apuestas-deportivas-bitcoin\\\/#primaryimage\"},\"image\":{\"@id\":\"https:\\\/\\\/sirplay.com\\\/es\\\/apuestas-deportivas-bitcoin\\\/#primaryimage\"},\"thumbnailUrl\":\"https:\\\/\\\/sirplay.com\\\/wp-content\\\/uploads\\\/2021\\\/04\\\/crypto_sportsbook.jpg\",\"datePublished\":\"2021-06-04T10:05:55+00:00\",\"dateModified\":\"2024-01-25T16:08:25+00:00\",\"description\":\"Sirplay pone a disposici\u00f3n una plataforma de apuestas con bitcoin, brindamos esta oportunidad a todos los Bookmakers m\u00e1s innovadores.\",\"breadcrumb\":{\"@id\":\"https:\\\/\\\/sirplay.com\\\/es\\\/apuestas-deportivas-bitcoin\\\/#breadcrumb\"},\"inLanguage\":\"es\",\"potentialAction\":[{\"@type\":\"ReadAction\",\"target\":[\"https:\\\/\\\/sirplay.com\\\/es\\\/apuestas-deportivas-bitcoin\\\/\"]}]},{\"@type\":\"ImageObject\",\"inLanguage\":\"es\",\"@id\":\"https:\\\/\\\/sirplay.com\\\/es\\\/apuestas-deportivas-bitcoin\\\/#primaryimage\",\"url\":\"https:\\\/\\\/sirplay.com\\\/wp-content\\\/uploads\\\/2021\\\/04\\\/crypto_sportsbook.jpg\",\"contentUrl\":\"https:\\\/\\\/sirplay.com\\\/wp-content\\\/uploads\\\/2021\\\/04\\\/crypto_sportsbook.jpg\",\"width\":520,\"height\":280,\"caption\":\"cripto apuestas deportivas\"},{\"@type\":\"BreadcrumbList\",\"@id\":\"https:\\\/\\\/sirplay.com\\\/es\\\/apuestas-deportivas-bitcoin\\\/#breadcrumb\",\"itemListElement\":[{\"@type\":\"ListItem\",\"position\":1,\"name\":\"Home\",\"item\":\"https:\\\/\\\/sirplay.com\\\/es\\\/\"},{\"@type\":\"ListItem\",\"position\":2,\"name\":\"Apuestas deportivas bitcoin\"}]},{\"@type\":\"WebSite\",\"@id\":\"https:\\\/\\\/sirplay.com\\\/es\\\/#website\",\"url\":\"https:\\\/\\\/sirplay.com\\\/es\\\/\",\"name\":\"Sportsbook software provider\",\"description\":\"Sports betting software online and Retail ssbts  - White label casino\",\"publisher\":{\"@id\":\"https:\\\/\\\/sirplay.com\\\/es\\\/#organization\"},\"alternateName\":\"White label casino\",\"potentialAction\":[{\"@type\":\"SearchAction\",\"target\":{\"@type\":\"EntryPoint\",\"urlTemplate\":\"https:\\\/\\\/sirplay.com\\\/es\\\/?s={search_term_string}\"},\"query-input\":{\"@type\":\"PropertyValueSpecification\",\"valueRequired\":true,\"valueName\":\"search_term_string\"}}],\"inLanguage\":\"es\"},{\"@type\":\"Organization\",\"@id\":\"https:\\\/\\\/sirplay.com\\\/es\\\/#organization\",\"name\":\"Sirplay\",\"alternateName\":\"Sirplay white label\",\"url\":\"https:\\\/\\\/sirplay.com\\\/es\\\/\",\"logo\":{\"@type\":\"ImageObject\",\"inLanguage\":\"es\",\"@id\":\"https:\\\/\\\/sirplay.com\\\/es\\\/#\\\/schema\\\/logo\\\/image\\\/\",\"url\":\"https:\\\/\\\/sirplay.com\\\/wp-content\\\/uploads\\\/2021\\\/03\\\/cropped-sirplayICO.png\",\"contentUrl\":\"https:\\\/\\\/sirplay.com\\\/wp-content\\\/uploads\\\/2021\\\/03\\\/cropped-sirplayICO.png\",\"width\":512,\"height\":512,\"caption\":\"Sirplay\"},\"image\":{\"@id\":\"https:\\\/\\\/sirplay.com\\\/es\\\/#\\\/schema\\\/logo\\\/image\\\/\"},\"sameAs\":[\"https:\\\/\\\/x.com\\\/sirplay\",\"https:\\\/\\\/www.linkedin.com\\\/company\\\/sirplay\",\"https:\\\/\\\/www.youtube.com\\\/user\\\/BookmakerSolutions\"]}]}<\/script>\n<!-- \/ Yoast SEO Premium plugin. -->","yoast_head_json":{"title":"Apuestas deportivas bitcoin - Sirplay","description":"Sirplay pone a disposici\u00f3n una plataforma de apuestas con bitcoin, brindamos esta oportunidad a todos los Bookmakers m\u00e1s innovadores.","robots":{"index":"index","follow":"follow","max-snippet":"max-snippet:-1","max-image-preview":"max-image-preview:large","max-video-preview":"max-video-preview:-1"},"canonical":"https:\/\/sirplay.com\/es\/apuestas-deportivas-bitcoin\/","og_locale":"es_ES","og_type":"article","og_title":"Apuestas deportivas bitcoin","og_description":"Apuestas deportivas bitcoin","og_url":"https:\/\/sirplay.com\/es\/apuestas-deportivas-bitcoin\/","og_site_name":"Sirplay","article_modified_time":"2024-01-25T16:08:25+00:00","og_image":[{"width":520,"height":280,"url":"https:\/\/sirplay.com\/wp-content\/uploads\/2021\/04\/crypto_sportsbook.jpg","type":"image\/jpeg"}],"twitter_card":"summary_large_image","twitter_site":"@sirplay","twitter_misc":{"Tiempo de lectura":"2 minutos"},"schema":{"@context":"https:\/\/schema.org","@graph":[{"@type":"WebPage","@id":"https:\/\/sirplay.com\/es\/apuestas-deportivas-bitcoin\/","url":"https:\/\/sirplay.com\/es\/apuestas-deportivas-bitcoin\/","name":"Apuestas deportivas bitcoin - Sirplay","isPartOf":{"@id":"https:\/\/sirplay.com\/es\/#website"},"primaryImageOfPage":{"@id":"https:\/\/sirplay.com\/es\/apuestas-deportivas-bitcoin\/#primaryimage"},"image":{"@id":"https:\/\/sirplay.com\/es\/apuestas-deportivas-bitcoin\/#primaryimage"},"thumbnailUrl":"https:\/\/sirplay.com\/wp-content\/uploads\/2021\/04\/crypto_sportsbook.jpg","datePublished":"2021-06-04T10:05:55+00:00","dateModified":"2024-01-25T16:08:25+00:00","description":"Sirplay pone a disposici\u00f3n una plataforma de apuestas con bitcoin, brindamos esta oportunidad a todos los Bookmakers m\u00e1s innovadores.","breadcrumb":{"@id":"https:\/\/sirplay.com\/es\/apuestas-deportivas-bitcoin\/#breadcrumb"},"inLanguage":"es","potentialAction":[{"@type":"ReadAction","target":["https:\/\/sirplay.com\/es\/apuestas-deportivas-bitcoin\/"]}]},{"@type":"ImageObject","inLanguage":"es","@id":"https:\/\/sirplay.com\/es\/apuestas-deportivas-bitcoin\/#primaryimage","url":"https:\/\/sirplay.com\/wp-content\/uploads\/2021\/04\/crypto_sportsbook.jpg","contentUrl":"https:\/\/sirplay.com\/wp-content\/uploads\/2021\/04\/crypto_sportsbook.jpg","width":520,"height":280,"caption":"cripto apuestas deportivas"},{"@type":"BreadcrumbList","@id":"https:\/\/sirplay.com\/es\/apuestas-deportivas-bitcoin\/#breadcrumb","itemListElement":[{"@type":"ListItem","position":1,"name":"Home","item":"https:\/\/sirplay.com\/es\/"},{"@type":"ListItem","position":2,"name":"Apuestas deportivas bitcoin"}]},{"@type":"WebSite","@id":"https:\/\/sirplay.com\/es\/#website","url":"https:\/\/sirplay.com\/es\/","name":"Sportsbook software provider","description":"Sports betting software online and Retail ssbts  - White label casino","publisher":{"@id":"https:\/\/sirplay.com\/es\/#organization"},"alternateName":"White label casino","potentialAction":[{"@type":"SearchAction","target":{"@type":"EntryPoint","urlTemplate":"https:\/\/sirplay.com\/es\/?s={search_term_string}"},"query-input":{"@type":"PropertyValueSpecification","valueRequired":true,"valueName":"search_term_string"}}],"inLanguage":"es"},{"@type":"Organization","@id":"https:\/\/sirplay.com\/es\/#organization","name":"Sirplay","alternateName":"Sirplay white label","url":"https:\/\/sirplay.com\/es\/","logo":{"@type":"ImageObject","inLanguage":"es","@id":"https:\/\/sirplay.com\/es\/#\/schema\/logo\/image\/","url":"https:\/\/sirplay.com\/wp-content\/uploads\/2021\/03\/cropped-sirplayICO.png","contentUrl":"https:\/\/sirplay.com\/wp-content\/uploads\/2021\/03\/cropped-sirplayICO.png","width":512,"height":512,"caption":"Sirplay"},"image":{"@id":"https:\/\/sirplay.com\/es\/#\/schema\/logo\/image\/"},"sameAs":["https:\/\/x.com\/sirplay","https:\/\/www.linkedin.com\/company\/sirplay","https:\/\/www.youtube.com\/user\/BookmakerSolutions"]}]}},"_links":{"self":[{"href":"https:\/\/sirplay.com\/es\/wp-json\/wp\/v2\/pages\/18824","targetHints":{"allow":["GET"]}}],"collection":[{"href":"https:\/\/sirplay.com\/es\/wp-json\/wp\/v2\/pages"}],"about":[{"href":"https:\/\/sirplay.com\/es\/wp-json\/wp\/v2\/types\/page"}],"author":[{"embeddable":true,"href":"https:\/\/sirplay.com\/es\/wp-json\/wp\/v2\/users\/1"}],"replies":[{"embeddable":true,"href":"https:\/\/sirplay.com\/es\/wp-json\/wp\/v2\/comments?post=18824"}],"version-history":[{"count":12,"href":"https:\/\/sirplay.com\/es\/wp-json\/wp\/v2\/pages\/18824\/revisions"}],"predecessor-version":[{"id":21298,"href":"https:\/\/sirplay.com\/es\/wp-json\/wp\/v2\/pages\/18824\/revisions\/21298"}],"wp:featuredmedia":[{"embeddable":true,"href":"https:\/\/sirplay.com\/es\/wp-json\/wp\/v2\/media\/17880"}],"wp:attachment":[{"href":"https:\/\/sirplay.com\/es\/wp-json\/wp\/v2\/media?parent=18824"}],"curies":[{"name":"wp","href":"https:\/\/api.w.org\/{rel}","templated":true}]}}