{"id":18961,"date":"2021-06-11T11:22:33","date_gmt":"2021-06-11T11:22:33","guid":{"rendered":"https:\/\/sirplay.com\/politica-de-privacidad-de-sirplay\/"},"modified":"2024-06-09T07:23:35","modified_gmt":"2024-06-09T07:23:35","slug":"politica-de-privacidad-de-sirplay","status":"publish","type":"page","link":"https:\/\/sirplay.com\/es\/politica-de-privacidad-de-sirplay\/","title":{"rendered":"Pol\u00edtica de privacidad de Sirplay"},"content":{"rendered":"<div class=\"wpb-content-wrapper\"><p>[vc_row][vc_column][vc_column_text]<\/p>\n<p><strong> SIRPLAY <\/strong><\/p>\n<p><strong> POL\u00cdTICA DE PRIVACIDAD <\/strong><\/p>\n<p>Su privacidad es importante para nosotros. Es pol\u00edtica de Sirplay ltd respetar su privacidad con respecto a cualquier informaci\u00f3n que podamos recopilar de usted en nuestro sitio web, http:\/\/sirplay.com y otros sitios que poseemos y operamos.<\/p>\n<p>Solo solicitamos informaci\u00f3n personal cuando realmente la necesitamos para brindarle un servicio. Lo recopilamos por medios justos y legales, con su conocimiento y consentimiento. Tambi\u00e9n le informamos por qu\u00e9 lo recopilamos y c\u00f3mo se utilizar\u00e1.<\/p>\n<p>Solo retenemos la informaci\u00f3n recopilada durante el tiempo que sea necesario para brindarle el servicio solicitado. Los datos que almacenamos los protegeremos dentro de medios comercialmente aceptables para evitar p\u00e9rdidas y robos, as\u00ed como el acceso, divulgaci\u00f3n, copia, uso o modificaci\u00f3n no autorizados.<\/p>\n<p>No compartimos ninguna informaci\u00f3n de identificaci\u00f3n personal p\u00fablicamente o con terceros, excepto cuando as\u00ed lo requiera la ley.<\/p>\n<p>Nuestro sitio web puede tener enlaces a sitios externos que no son operados por nosotros. Tenga en cuenta que no tenemos control sobre el contenido y las pr\u00e1cticas de estos sitios, y no podemos aceptar responsabilidad u obligaci\u00f3n por sus respectivas pol\u00edticas de privacidad.<\/p>\n<p>Usted es libre de rechazar nuestra solicitud de informaci\u00f3n personal, en el entendimiento de que es posible que no podamos brindarle algunos de los servicios que desea.<\/p>\n<p>Su uso continuado de nuestro sitio web se considerar\u00e1 como la aceptaci\u00f3n de nuestras pr\u00e1cticas en torno a la privacidad y la informaci\u00f3n personal. Si tiene alguna pregunta sobre c\u00f3mo manejamos los datos del usuario y la informaci\u00f3n personal, no dude en contactarnos.<\/p>\n<p>Esta pol\u00edtica es efectiva a partir del 1 de diciembre de 2018.<\/p>\n<p>[\/vc_column_text][\/vc_column][\/vc_row]<\/p>\n<\/div>","protected":false},"excerpt":{"rendered":"<p>[vc_row][vc_column][vc_column_text] SIRPLAY POL\u00cdTICA DE PRIVACIDAD Su privacidad es importante para nosotros. Es pol\u00edtica de Sirplay ltd respetar su privacidad con respecto a cualquier informaci\u00f3n que podamos recopilar de usted en nuestro sitio web, http:\/\/sirplay.com y otros sitios que poseemos y operamos. Solo solicitamos informaci\u00f3n personal cuando realmente la necesitamos para brindarle un servicio. Lo recopilamos [&hellip;]<\/p>\n","protected":false},"author":1,"featured_media":0,"parent":0,"menu_order":0,"comment_status":"closed","ping_status":"closed","template":"","meta":{"footnotes":""},"class_list":["post-18961","page","type-page","status-publish","hentry"],"yoast_head":"<!-- This site is optimized with the Yoast SEO Premium plugin v27.3 (Yoast SEO v27.3) - https:\/\/yoast.com\/product\/yoast-seo-premium-wordpress\/ -->\n<title>Pol\u00edtica de privacidad de Sirplay - Sirplay<\/title>\n<meta name=\"description\" content=\"Su privacidad es importante para nosotros. Es pol\u00edtica de Sirplay ltd respetar su privacidad con respecto a cualquier informaci\u00f3n que\" \/>\n<meta name=\"robots\" content=\"index, follow, max-snippet:-1, max-image-preview:large, max-video-preview:-1\" \/>\n<link rel=\"canonical\" href=\"https:\/\/sirplay.com\/es\/politica-de-privacidad-de-sirplay\/\" \/>\n<meta property=\"og:locale\" content=\"es_ES\" \/>\n<meta property=\"og:type\" content=\"article\" \/>\n<meta property=\"og:title\" content=\"Pol\u00edtica de privacidad de Sirplay\" \/>\n<meta property=\"og:description\" content=\"Pol\u00edtica de privacidad de Sirplay\" \/>\n<meta property=\"og:url\" content=\"https:\/\/sirplay.com\/es\/politica-de-privacidad-de-sirplay\/\" \/>\n<meta property=\"og:site_name\" content=\"Sirplay\" \/>\n<meta property=\"article:modified_time\" content=\"2024-06-09T07:23:35+00:00\" \/>\n<meta property=\"og:image\" content=\"https:\/\/sirplay.com\/wp-content\/uploads\/2026\/02\/sirplay.com-social.jpg\" \/>\n\t<meta property=\"og:image:width\" content=\"1696\" \/>\n\t<meta property=\"og:image:height\" content=\"608\" \/>\n\t<meta property=\"og:image:type\" content=\"image\/jpeg\" \/>\n<meta name=\"twitter:card\" content=\"summary_large_image\" \/>\n<meta name=\"twitter:site\" content=\"@sirplay\" \/>\n<meta name=\"twitter:label1\" content=\"Tiempo de lectura\" \/>\n\t<meta name=\"twitter:data1\" content=\"2 minutos\" \/>\n<script type=\"application\/ld+json\" class=\"yoast-schema-graph\">{\"@context\":\"https:\\\/\\\/schema.org\",\"@graph\":[{\"@type\":\"WebPage\",\"@id\":\"https:\\\/\\\/sirplay.com\\\/es\\\/politica-de-privacidad-de-sirplay\\\/\",\"url\":\"https:\\\/\\\/sirplay.com\\\/es\\\/politica-de-privacidad-de-sirplay\\\/\",\"name\":\"Pol\u00edtica de privacidad de Sirplay - Sirplay\",\"isPartOf\":{\"@id\":\"https:\\\/\\\/sirplay.com\\\/es\\\/#website\"},\"datePublished\":\"2021-06-11T11:22:33+00:00\",\"dateModified\":\"2024-06-09T07:23:35+00:00\",\"description\":\"Su privacidad es importante para nosotros. Es pol\u00edtica de Sirplay ltd respetar su privacidad con respecto a cualquier informaci\u00f3n que\",\"breadcrumb\":{\"@id\":\"https:\\\/\\\/sirplay.com\\\/es\\\/politica-de-privacidad-de-sirplay\\\/#breadcrumb\"},\"inLanguage\":\"es\",\"potentialAction\":[{\"@type\":\"ReadAction\",\"target\":[\"https:\\\/\\\/sirplay.com\\\/es\\\/politica-de-privacidad-de-sirplay\\\/\"]}]},{\"@type\":\"BreadcrumbList\",\"@id\":\"https:\\\/\\\/sirplay.com\\\/es\\\/politica-de-privacidad-de-sirplay\\\/#breadcrumb\",\"itemListElement\":[{\"@type\":\"ListItem\",\"position\":1,\"name\":\"Home\",\"item\":\"https:\\\/\\\/sirplay.com\\\/es\\\/\"},{\"@type\":\"ListItem\",\"position\":2,\"name\":\"Pol\u00edtica de privacidad de Sirplay\"}]},{\"@type\":\"WebSite\",\"@id\":\"https:\\\/\\\/sirplay.com\\\/es\\\/#website\",\"url\":\"https:\\\/\\\/sirplay.com\\\/es\\\/\",\"name\":\"Sportsbook software provider\",\"description\":\"Sports betting software online and Retail ssbts  - White label casino\",\"publisher\":{\"@id\":\"https:\\\/\\\/sirplay.com\\\/es\\\/#organization\"},\"alternateName\":\"White label casino\",\"potentialAction\":[{\"@type\":\"SearchAction\",\"target\":{\"@type\":\"EntryPoint\",\"urlTemplate\":\"https:\\\/\\\/sirplay.com\\\/es\\\/?s={search_term_string}\"},\"query-input\":{\"@type\":\"PropertyValueSpecification\",\"valueRequired\":true,\"valueName\":\"search_term_string\"}}],\"inLanguage\":\"es\"},{\"@type\":\"Organization\",\"@id\":\"https:\\\/\\\/sirplay.com\\\/es\\\/#organization\",\"name\":\"Sirplay\",\"alternateName\":\"Sirplay white label\",\"url\":\"https:\\\/\\\/sirplay.com\\\/es\\\/\",\"logo\":{\"@type\":\"ImageObject\",\"inLanguage\":\"es\",\"@id\":\"https:\\\/\\\/sirplay.com\\\/es\\\/#\\\/schema\\\/logo\\\/image\\\/\",\"url\":\"https:\\\/\\\/sirplay.com\\\/wp-content\\\/uploads\\\/2021\\\/03\\\/cropped-sirplayICO.png\",\"contentUrl\":\"https:\\\/\\\/sirplay.com\\\/wp-content\\\/uploads\\\/2021\\\/03\\\/cropped-sirplayICO.png\",\"width\":512,\"height\":512,\"caption\":\"Sirplay\"},\"image\":{\"@id\":\"https:\\\/\\\/sirplay.com\\\/es\\\/#\\\/schema\\\/logo\\\/image\\\/\"},\"sameAs\":[\"https:\\\/\\\/x.com\\\/sirplay\",\"https:\\\/\\\/www.linkedin.com\\\/company\\\/sirplay\",\"https:\\\/\\\/www.youtube.com\\\/user\\\/BookmakerSolutions\"]}]}<\/script>\n<!-- \/ Yoast SEO Premium plugin. -->","yoast_head_json":{"title":"Pol\u00edtica de privacidad de Sirplay - Sirplay","description":"Su privacidad es importante para nosotros. Es pol\u00edtica de Sirplay ltd respetar su privacidad con respecto a cualquier informaci\u00f3n que","robots":{"index":"index","follow":"follow","max-snippet":"max-snippet:-1","max-image-preview":"max-image-preview:large","max-video-preview":"max-video-preview:-1"},"canonical":"https:\/\/sirplay.com\/es\/politica-de-privacidad-de-sirplay\/","og_locale":"es_ES","og_type":"article","og_title":"Pol\u00edtica de privacidad de Sirplay","og_description":"Pol\u00edtica de privacidad de Sirplay","og_url":"https:\/\/sirplay.com\/es\/politica-de-privacidad-de-sirplay\/","og_site_name":"Sirplay","article_modified_time":"2024-06-09T07:23:35+00:00","og_image":[{"width":1696,"height":608,"url":"https:\/\/sirplay.com\/wp-content\/uploads\/2026\/02\/sirplay.com-social.jpg","type":"image\/jpeg"}],"twitter_card":"summary_large_image","twitter_site":"@sirplay","twitter_misc":{"Tiempo de lectura":"2 minutos"},"schema":{"@context":"https:\/\/schema.org","@graph":[{"@type":"WebPage","@id":"https:\/\/sirplay.com\/es\/politica-de-privacidad-de-sirplay\/","url":"https:\/\/sirplay.com\/es\/politica-de-privacidad-de-sirplay\/","name":"Pol\u00edtica de privacidad de Sirplay - Sirplay","isPartOf":{"@id":"https:\/\/sirplay.com\/es\/#website"},"datePublished":"2021-06-11T11:22:33+00:00","dateModified":"2024-06-09T07:23:35+00:00","description":"Su privacidad es importante para nosotros. Es pol\u00edtica de Sirplay ltd respetar su privacidad con respecto a cualquier informaci\u00f3n que","breadcrumb":{"@id":"https:\/\/sirplay.com\/es\/politica-de-privacidad-de-sirplay\/#breadcrumb"},"inLanguage":"es","potentialAction":[{"@type":"ReadAction","target":["https:\/\/sirplay.com\/es\/politica-de-privacidad-de-sirplay\/"]}]},{"@type":"BreadcrumbList","@id":"https:\/\/sirplay.com\/es\/politica-de-privacidad-de-sirplay\/#breadcrumb","itemListElement":[{"@type":"ListItem","position":1,"name":"Home","item":"https:\/\/sirplay.com\/es\/"},{"@type":"ListItem","position":2,"name":"Pol\u00edtica de privacidad de Sirplay"}]},{"@type":"WebSite","@id":"https:\/\/sirplay.com\/es\/#website","url":"https:\/\/sirplay.com\/es\/","name":"Sportsbook software provider","description":"Sports betting software online and Retail ssbts  - White label casino","publisher":{"@id":"https:\/\/sirplay.com\/es\/#organization"},"alternateName":"White label casino","potentialAction":[{"@type":"SearchAction","target":{"@type":"EntryPoint","urlTemplate":"https:\/\/sirplay.com\/es\/?s={search_term_string}"},"query-input":{"@type":"PropertyValueSpecification","valueRequired":true,"valueName":"search_term_string"}}],"inLanguage":"es"},{"@type":"Organization","@id":"https:\/\/sirplay.com\/es\/#organization","name":"Sirplay","alternateName":"Sirplay white label","url":"https:\/\/sirplay.com\/es\/","logo":{"@type":"ImageObject","inLanguage":"es","@id":"https:\/\/sirplay.com\/es\/#\/schema\/logo\/image\/","url":"https:\/\/sirplay.com\/wp-content\/uploads\/2021\/03\/cropped-sirplayICO.png","contentUrl":"https:\/\/sirplay.com\/wp-content\/uploads\/2021\/03\/cropped-sirplayICO.png","width":512,"height":512,"caption":"Sirplay"},"image":{"@id":"https:\/\/sirplay.com\/es\/#\/schema\/logo\/image\/"},"sameAs":["https:\/\/x.com\/sirplay","https:\/\/www.linkedin.com\/company\/sirplay","https:\/\/www.youtube.com\/user\/BookmakerSolutions"]}]}},"_links":{"self":[{"href":"https:\/\/sirplay.com\/es\/wp-json\/wp\/v2\/pages\/18961","targetHints":{"allow":["GET"]}}],"collection":[{"href":"https:\/\/sirplay.com\/es\/wp-json\/wp\/v2\/pages"}],"about":[{"href":"https:\/\/sirplay.com\/es\/wp-json\/wp\/v2\/types\/page"}],"author":[{"embeddable":true,"href":"https:\/\/sirplay.com\/es\/wp-json\/wp\/v2\/users\/1"}],"replies":[{"embeddable":true,"href":"https:\/\/sirplay.com\/es\/wp-json\/wp\/v2\/comments?post=18961"}],"version-history":[{"count":1,"href":"https:\/\/sirplay.com\/es\/wp-json\/wp\/v2\/pages\/18961\/revisions"}],"predecessor-version":[{"id":21526,"href":"https:\/\/sirplay.com\/es\/wp-json\/wp\/v2\/pages\/18961\/revisions\/21526"}],"wp:attachment":[{"href":"https:\/\/sirplay.com\/es\/wp-json\/wp\/v2\/media?parent=18961"}],"curies":[{"name":"wp","href":"https:\/\/api.w.org\/{rel}","templated":true}]}}