{"id":22080,"date":"2024-09-26T18:18:54","date_gmt":"2024-09-26T18:18:54","guid":{"rendered":"https:\/\/sirplay.com\/software-de-apuestas-deportivas-2\/soluciones-para-minoristas\/"},"modified":"2026-01-29T16:06:36","modified_gmt":"2026-01-29T16:06:36","slug":"soluciones-para-minoristas","status":"publish","type":"page","link":"https:\/\/sirplay.com\/es\/software-de-apuestas-deportivas-2\/soluciones-para-minoristas\/","title":{"rendered":"Soluciones para minoristas"},"content":{"rendered":"<div class=\"wpb-content-wrapper\"><p>[vc_row][vc_column width=&#8221;2\/3&#8243; offset=&#8221;vc_col-xs-12&#8243;][vc_custom_heading text=&#8221;Terminales de autoservicio de apuestas SSBT &#8211; Venta al por menor en casas de apuestas&#8221; font_container=&#8221;tag:h2|font_size:36px|text_align:left|line_height:46px&#8221; use_theme_fonts=&#8221;yes&#8221; css=&#8221;.vc_custom_1769702043582{margin-top: 15px !important;margin-bottom: 25px !important;}&#8221; el_class=&#8221;looking-for-heading&#8221;][vc_empty_space height=&#8221;45px&#8221;][vc_column_text css=&#8221;.vc_custom_1769702393229{margin-bottom: 40px !important;}&#8221;]<\/p>\n<div class=\"anchor-heading-wrapper\">\n<h3 id=\"self-service-betting-terminals-ssbts\" class=\"anchor-heading\" data-name=\"self-service-betting-terminals-ssbts\">Terminales de apuestas de autoservicio (SSBT)<\/h3>\n<\/div>\n<p>Sirplay ofrece terminales de apuestas de autoservicio que permiten a los clientes hacer sus propias apuestas, reduciendo los tiempos de espera y mejorando la eficacia en zonas muy concurridas.<\/p>\n<div class=\"anchor-heading-wrapper\">\n<h3 id=\"retail-betting-management\" class=\"anchor-heading\" data-name=\"retail-betting-management\">Gesti\u00f3n de apuestas minoristas<\/h3>\n<\/div>\n<p>Su software agiliza la gesti\u00f3n de las casas de apuestas, proporcionando herramientas para las cuotas en tiempo real y la participaci\u00f3n de los clientes.<\/p>\n<div class=\"anchor-heading-wrapper\">\n<h3 id=\"over-the-counter-betting\" class=\"anchor-heading\" data-name=\"over-the-counter-betting\">Apuestas en ventanilla<\/h3>\n<\/div>\n<p>Sirplay tambi\u00e9n es compatible con las apuestas tradicionales en ventanilla, lo que permite a los clientes realizar transacciones r\u00e1pidas y sin problemas en persona.<\/p>\n<div class=\"anchor-heading-wrapper\">\n<h3 id=\"user-friendly-interface\" class=\"anchor-heading\" data-name=\"user-friendly-interface\">Interfaz f\u00e1cil de usar<\/h3>\n<\/div>\n<p>La empresa dise\u00f1a interfaces intuitivas tanto para los terminales de apuestas como para las opciones de autoservicio, facilitando a los usuarios la navegaci\u00f3n y la realizaci\u00f3n de apuestas.<\/p>\n<div class=\"anchor-heading-wrapper\">\n<h3 id=\"integration-capabilities\" class=\"anchor-heading\" data-name=\"integration-capabilities\">Capacidades de integraci\u00f3n<\/h3>\n<\/div>\n<p>El software de Sirplay se integra perfectamente con los sistemas de venta al por menor existentes, lo que permite a los operadores personalizar las funciones a la vez que garantizan el cumplimiento de la normativa local.<\/p>\n<div class=\"anchor-heading-wrapper\">\n<h3 id=\"risk-management-tools\" class=\"anchor-heading\" data-name=\"risk-management-tools\">Herramientas de gesti\u00f3n de riesgos<\/h3>\n<\/div>\n<p>Se incluyen herramientas para la gesti\u00f3n de riesgos y la elaboraci\u00f3n de informes, que ayudan a los operadores a analizar los datos de las apuestas y a controlar las actividades de alto riesgo.<\/p>\n<div class=\"anchor-heading-wrapper\">\n<h3 id=\"payment-processing-solutions\" class=\"anchor-heading\" data-name=\"payment-processing-solutions\">Soluciones de procesamiento de pagos<\/h3>\n<\/div>\n<p>Sirplay admite varios m\u00e9todos de pago, garantizando dep\u00f3sitos y retiradas sin problemas para mejorar la satisfacci\u00f3n del cliente.<\/p>\n<div class=\"anchor-heading-wrapper\">\n<h3 id=\"marketing-module\" class=\"anchor-heading\" data-name=\"marketing-module\">M\u00f3dulo de Marketing<\/h3>\n<\/div>\n<p>El software incluye herramientas de marketing para ayudar a los operadores a crear promociones y programas de fidelizaci\u00f3n para atraer y retener a los clientes.<\/p>\n<div class=\"anchor-heading-wrapper\">\n<h3 id=\"future-ready-solutions\" class=\"anchor-heading\" data-name=\"future-ready-solutions\">Soluciones preparadas para el futuro<\/h3>\n<\/div>\n<p>Sirplay se compromete a hacer evolucionar su tecnolog\u00eda, incorporando tendencias como la anal\u00edtica avanzada y las experiencias gamificadas para que sus clientes sigan siendo competitivos.[\/vc_column_text][vc_empty_space height=&#8221;45px&#8221;][\/vc_column][vc_column width=&#8221;1\/3&#8243;][vc_empty_space height=&#8221;45px&#8221;][vc_single_image image=&#8221;21976&#8243; img_size=&#8221;full&#8221; add_caption=&#8221;yes&#8221; alignment=&#8221;center&#8221; css=&#8221;&#8221;][vc_empty_space height=&#8221;45px&#8221;][\/vc_column][\/vc_row][vc_row][vc_column offset=&#8221;vc_col-xs-12&#8243;][vc_empty_space height=&#8221;45px&#8221;][vc_custom_heading text=&#8221;Te facilitamos la conexi\u00f3n online con el comercio minorista&#8221; font_container=&#8221;tag:h2|font_size:32px|text_align:center|color:%23a0c528|line_height:42px&#8221; use_theme_fonts=&#8221;yes&#8221; css_animation=&#8221;none&#8221; css=&#8221;.vc_custom_1727189784539{margin-top: 3px !important;margin-bottom: 35px !important;}&#8221;]<style type=\"text\/css\">\n                .sweetthemes_button .btn_custom_6a061c7a493be {\n                    background: rgba(255,255,255,0.99) !important;\n                }\n                .sweetthemes_button .btn_custom_6a061c7a493be:hover {                   \n                    color: rgba(255,255,255,0.99) !important;                     \n                }\n                .sweetthemes_button .btn_custom_6a061c7a493be:before {\n                    background: #a0c528 !important;\n                }\n                .sweetthemes_button .btn_custom_6a061c7a493be {\n                    border-color: #e2e2e2 !important;\n                }\n                .sweetthemes_button .btn_custom_6a061c7a493be:hover {                   \n                    border-color:  !important;                     \n                }\n\n              <\/style><div class=\"text-center sweetthemes_button \"><a  href=\"#contact\" class=\"button-winona btn btn-sm btn_custom_6a061c7a493be\" style=\"color:rgba(10,10,10,0.99)\">\n        <i class=\"fa fa-phone\"><\/i>\n    GET QUOTE<\/a><\/div>[vc_empty_space height=&#8221;45px&#8221;][\/vc_column][\/vc_row][vc_row full_width=&#8221;stretch_row&#8221; css=&#8221;.vc_custom_1656008710904{margin-top: 100px !important;padding-bottom: 80px !important;}&#8221;][vc_column width=&#8221;1\/2&#8243; el_id=&#8221;contact&#8221;][vc_column_text css_animation=&#8221;none&#8221; css=&#8221;.vc_custom_1656024061759{margin-top: 0px !important;margin-bottom: 40px !important;}&#8221;]<\/p>\n<h3><strong>Cont\u00e1ctenos<\/strong><\/h3>\n<p style=\"max-width: 650px;\">Con\u00e9ctese con nosotros para una discusi\u00f3n detallada sobre c\u00f3mo nuestros servicios pueden brindarle beneficios a su negocio de apuestas.<\/p>\n<p>[\/vc_column_text][vc_column_text css=&#8221;&#8221;]<img loading=\"lazy\" class=\"size-full wp-image-22667 aligncenter\" src=\"https:\/\/sirplay.com\/wp-content\/uploads\/2025\/11\/telegram.png\" alt=\"Telegrama\" width=\"64\" height=\"64\"><\/p>\n<div class=\"tgme_page_extra\" style=\"text-align: center;\"><a href=\"https:\/\/t.me\/SirplaySales\">@VentasSirplay<\/a><\/div>\n<p>&nbsp;<\/p>\n<p><img loading=\"lazy\" class=\"size-full wp-image-16974 aligncenter\" src=\"https:\/\/sirplay.com\/gaming-experts\/wp-content\/uploads\/2022\/06\/Whatsapp.jpg\" alt=\"Whatsapp\" width=\"60\" height=\"60\"><\/p>\n<p style=\"text-align: center;\"><a href=\"https:\/\/api.whatsapp.com\/send?phone=3513960904&amp;text=More%20info\" target=\"_blank\" rel=\"noopener\">+39 3513960904<\/a><\/p>\n<p>[\/vc_column_text][\/vc_column][vc_column width=&#8221;1\/2&#8243;]\n<div class=\"wpcf7 no-js\" id=\"wpcf7-f19225-o1\" lang=\"es-ES\" dir=\"ltr\" data-wpcf7-id=\"19225\">\n<div class=\"screen-reader-response\"><p role=\"status\" aria-live=\"polite\" aria-atomic=\"true\"><\/p> <ul><\/ul><\/div>\n<form action=\"\/es\/wp-json\/wp\/v2\/pages\/22080#wpcf7-f19225-o1\" method=\"post\" class=\"wpcf7-form init\" aria-label=\"Formulario de contacto\" novalidate=\"novalidate\" data-status=\"init\">\n<fieldset class=\"hidden-fields-container\"><input type=\"hidden\" name=\"_wpcf7\" value=\"19225\" \/><input type=\"hidden\" name=\"_wpcf7_version\" value=\"6.1.5\" \/><input type=\"hidden\" name=\"_wpcf7_locale\" value=\"es_ES\" \/><input type=\"hidden\" name=\"_wpcf7_unit_tag\" value=\"wpcf7-f19225-o1\" \/><input type=\"hidden\" name=\"_wpcf7_container_post\" value=\"0\" \/><input type=\"hidden\" name=\"_wpcf7_posted_data_hash\" value=\"\" \/>\n<\/fieldset>\n<p><label> Nombre completo<br \/>\n<span class=\"wpcf7-form-control-wrap\" data-name=\"your-name\"><input size=\"40\" maxlength=\"400\" class=\"wpcf7-form-control wpcf7-text wpcf7-validates-as-required\" aria-required=\"true\" aria-invalid=\"false\" value=\"\" type=\"text\" name=\"your-name\" \/><\/span> <\/label>\n<\/p>\n<p><label> Tu correo electr\u00f3nico<br \/>\n<span class=\"wpcf7-form-control-wrap\" data-name=\"your-email\"><input size=\"40\" maxlength=\"400\" class=\"wpcf7-form-control wpcf7-email wpcf7-validates-as-required wpcf7-text wpcf7-validates-as-email\" aria-required=\"true\" aria-invalid=\"false\" value=\"\" type=\"email\" name=\"your-email\" \/><\/span> <\/label>\n<\/p>\n<p><label> Pa\u00eds<br \/>\n<span class=\"wpcf7-form-control-wrap\" data-name=\"countrytext-54\"><input size=\"40\" class=\"wpcf7-form-control wpcf7-countrytext wpcf7-text wpcf7-validates-as-countrytext\" aria-invalid=\"false\" value=\"\" type=\"text\" name=\"countrytext-54\" \/><\/span> <\/label>\n<\/p>\n<p><label> N\u00famero de tel\u00e9fono<br \/>\n<span class=\"wpcf7-form-control-wrap\" data-name=\"phonetext-462\"><input size=\"40\" class=\"wpcf7-form-control wpcf7-phonetext wpcf7-text wpcf7-validates-as-phonetext\" aria-invalid=\"false\" value=\"\" type=\"text\" name=\"phonetext-462\" \/><input type=\"hidden\" name=\"phonetext-462-country-code\" class=\"wpcf7-phonetext-country-code\" \/><\/span> <\/label>\n<\/p>\n<p><label> Mensaje<br \/>\n<span class=\"wpcf7-form-control-wrap\" data-name=\"your-message\"><textarea cols=\"40\" rows=\"10\" maxlength=\"2000\" class=\"wpcf7-form-control wpcf7-textarea\" aria-invalid=\"false\" name=\"your-message\"><\/textarea><\/span> <\/label>\n<\/p>\n<p><input class=\"wpcf7-form-control wpcf7-submit has-spinner\" type=\"submit\" value=\"Enviar\" \/>\n<\/p><div class=\"wpcf7-response-output\" aria-hidden=\"true\"><\/div>\n<\/form>\n<\/div>\n[vc_row_inner][vc_column_inner][vc_column_text]No compartimos su informaci\u00f3n personal con nadie. Consulta nuestra &#8220;pol\u00edtica de privacidad&#8221; para m\u00e1s informaci\u00f3n.[\/vc_column_text][\/vc_column_inner][\/vc_row_inner][\/vc_column][\/vc_row][vc_row][vc_column][vc_column_text css=&#8221;&#8221;][\/vc_column_text][\/vc_column][\/vc_row]<\/p>\n<\/div>","protected":false},"excerpt":{"rendered":"<p>[vc_row][vc_column width=&#8221;2\/3&#8243; offset=&#8221;vc_col-xs-12&#8243;][vc_custom_heading text=&#8221;Terminales de autoservicio de apuestas SSBT &#8211; Venta al por menor en casas de apuestas&#8221; font_container=&#8221;tag:h2|font_size:36px|text_align:left|line_height:46px&#8221; use_theme_fonts=&#8221;yes&#8221; css=&#8221;.vc_custom_1769702043582{margin-top: 15px !important;margin-bottom: 25px !important;}&#8221; el_class=&#8221;looking-for-heading&#8221;][vc_empty_space height=&#8221;45px&#8221;][vc_column_text css=&#8221;.vc_custom_1769702393229{margin-bottom: 40px !important;}&#8221;] Terminales de apuestas de autoservicio (SSBT) Sirplay ofrece terminales de apuestas de autoservicio que permiten a los clientes hacer sus propias apuestas, reduciendo los tiempos [&hellip;]<\/p>\n","protected":false},"author":3,"featured_media":21965,"parent":22047,"menu_order":0,"comment_status":"closed","ping_status":"closed","template":"","meta":{"footnotes":""},"class_list":["post-22080","page","type-page","status-publish","has-post-thumbnail","hentry"],"yoast_head":"<!-- This site is optimized with the Yoast SEO Premium plugin v27.3 (Yoast SEO v27.3) - https:\/\/yoast.com\/product\/yoast-seo-premium-wordpress\/ -->\n<title>- Terminales de Apuestas de Autoservicio SSBTs<\/title>\n<meta name=\"description\" content=\"Terminales de Autoservicio de Apuestas SSBTs - Ofertas clave de Sirplay para la venta al por menor en locales de apuestas f\u00e1cilmente integrables en el sistema de venta al por menor existente\" \/>\n<meta name=\"robots\" content=\"index, follow, max-snippet:-1, max-image-preview:large, max-video-preview:-1\" \/>\n<link rel=\"canonical\" href=\"https:\/\/sirplay.com\/es\/software-de-apuestas-deportivas-2\/soluciones-para-minoristas\/\" \/>\n<meta property=\"og:locale\" content=\"es_ES\" \/>\n<meta property=\"og:type\" content=\"article\" \/>\n<meta property=\"og:title\" content=\"Soluciones para minoristas\" \/>\n<meta property=\"og:description\" content=\"Soluciones para minoristas\" \/>\n<meta property=\"og:url\" content=\"https:\/\/sirplay.com\/es\/software-de-apuestas-deportivas-2\/soluciones-para-minoristas\/\" \/>\n<meta property=\"og:site_name\" content=\"Sirplay\" \/>\n<meta property=\"article:modified_time\" content=\"2026-01-29T16:06:36+00:00\" \/>\n<meta property=\"og:image\" content=\"https:\/\/sirplay.com\/wp-content\/uploads\/2024\/09\/SSBTs.jpg\" \/>\n\t<meta property=\"og:image:width\" content=\"500\" \/>\n\t<meta property=\"og:image:height\" content=\"500\" \/>\n\t<meta property=\"og:image:type\" content=\"image\/jpeg\" \/>\n<meta name=\"twitter:card\" content=\"summary_large_image\" \/>\n<meta name=\"twitter:site\" content=\"@sirplay\" \/>\n<meta name=\"twitter:label1\" content=\"Tiempo de lectura\" \/>\n\t<meta name=\"twitter:data1\" content=\"3 minutos\" \/>\n<script type=\"application\/ld+json\" class=\"yoast-schema-graph\">{\"@context\":\"https:\\\/\\\/schema.org\",\"@graph\":[{\"@type\":\"WebPage\",\"@id\":\"https:\\\/\\\/sirplay.com\\\/es\\\/software-de-apuestas-deportivas-2\\\/soluciones-para-minoristas\\\/\",\"url\":\"https:\\\/\\\/sirplay.com\\\/es\\\/software-de-apuestas-deportivas-2\\\/soluciones-para-minoristas\\\/\",\"name\":\"- Terminales de Apuestas de Autoservicio SSBTs\",\"isPartOf\":{\"@id\":\"https:\\\/\\\/sirplay.com\\\/es\\\/#website\"},\"primaryImageOfPage\":{\"@id\":\"https:\\\/\\\/sirplay.com\\\/es\\\/software-de-apuestas-deportivas-2\\\/soluciones-para-minoristas\\\/#primaryimage\"},\"image\":{\"@id\":\"https:\\\/\\\/sirplay.com\\\/es\\\/software-de-apuestas-deportivas-2\\\/soluciones-para-minoristas\\\/#primaryimage\"},\"thumbnailUrl\":\"https:\\\/\\\/sirplay.com\\\/wp-content\\\/uploads\\\/2024\\\/09\\\/SSBTs.jpg\",\"datePublished\":\"2024-09-26T18:18:54+00:00\",\"dateModified\":\"2026-01-29T16:06:36+00:00\",\"description\":\"Terminales de Autoservicio de Apuestas SSBTs - Ofertas clave de Sirplay para la venta al por menor en locales de apuestas f\u00e1cilmente integrables en el sistema de venta al por menor existente\",\"breadcrumb\":{\"@id\":\"https:\\\/\\\/sirplay.com\\\/es\\\/software-de-apuestas-deportivas-2\\\/soluciones-para-minoristas\\\/#breadcrumb\"},\"inLanguage\":\"es\",\"potentialAction\":[{\"@type\":\"ReadAction\",\"target\":[\"https:\\\/\\\/sirplay.com\\\/es\\\/software-de-apuestas-deportivas-2\\\/soluciones-para-minoristas\\\/\"]}]},{\"@type\":\"ImageObject\",\"inLanguage\":\"es\",\"@id\":\"https:\\\/\\\/sirplay.com\\\/es\\\/software-de-apuestas-deportivas-2\\\/soluciones-para-minoristas\\\/#primaryimage\",\"url\":\"https:\\\/\\\/sirplay.com\\\/wp-content\\\/uploads\\\/2024\\\/09\\\/SSBTs.jpg\",\"contentUrl\":\"https:\\\/\\\/sirplay.com\\\/wp-content\\\/uploads\\\/2024\\\/09\\\/SSBTs.jpg\",\"width\":500,\"height\":500,\"caption\":\"Terminales de apuestas de autoservicio SSBT\"},{\"@type\":\"BreadcrumbList\",\"@id\":\"https:\\\/\\\/sirplay.com\\\/es\\\/software-de-apuestas-deportivas-2\\\/soluciones-para-minoristas\\\/#breadcrumb\",\"itemListElement\":[{\"@type\":\"ListItem\",\"position\":1,\"name\":\"Home\",\"item\":\"https:\\\/\\\/sirplay.com\\\/es\\\/\"},{\"@type\":\"ListItem\",\"position\":2,\"name\":\"Software de apuestas deportivas\",\"item\":\"https:\\\/\\\/sirplay.com\\\/es\\\/software-de-apuestas-deportivas-2\\\/\"},{\"@type\":\"ListItem\",\"position\":3,\"name\":\"Soluciones para minoristas\"}]},{\"@type\":\"WebSite\",\"@id\":\"https:\\\/\\\/sirplay.com\\\/es\\\/#website\",\"url\":\"https:\\\/\\\/sirplay.com\\\/es\\\/\",\"name\":\"Sportsbook software provider\",\"description\":\"Sports betting software online and Retail ssbts  - White label casino\",\"publisher\":{\"@id\":\"https:\\\/\\\/sirplay.com\\\/es\\\/#organization\"},\"alternateName\":\"White label casino\",\"potentialAction\":[{\"@type\":\"SearchAction\",\"target\":{\"@type\":\"EntryPoint\",\"urlTemplate\":\"https:\\\/\\\/sirplay.com\\\/es\\\/?s={search_term_string}\"},\"query-input\":{\"@type\":\"PropertyValueSpecification\",\"valueRequired\":true,\"valueName\":\"search_term_string\"}}],\"inLanguage\":\"es\"},{\"@type\":\"Organization\",\"@id\":\"https:\\\/\\\/sirplay.com\\\/es\\\/#organization\",\"name\":\"Sirplay\",\"alternateName\":\"Sirplay white label\",\"url\":\"https:\\\/\\\/sirplay.com\\\/es\\\/\",\"logo\":{\"@type\":\"ImageObject\",\"inLanguage\":\"es\",\"@id\":\"https:\\\/\\\/sirplay.com\\\/es\\\/#\\\/schema\\\/logo\\\/image\\\/\",\"url\":\"https:\\\/\\\/sirplay.com\\\/wp-content\\\/uploads\\\/2021\\\/03\\\/cropped-sirplayICO.png\",\"contentUrl\":\"https:\\\/\\\/sirplay.com\\\/wp-content\\\/uploads\\\/2021\\\/03\\\/cropped-sirplayICO.png\",\"width\":512,\"height\":512,\"caption\":\"Sirplay\"},\"image\":{\"@id\":\"https:\\\/\\\/sirplay.com\\\/es\\\/#\\\/schema\\\/logo\\\/image\\\/\"},\"sameAs\":[\"https:\\\/\\\/x.com\\\/sirplay\",\"https:\\\/\\\/www.linkedin.com\\\/company\\\/sirplay\",\"https:\\\/\\\/www.youtube.com\\\/user\\\/BookmakerSolutions\"]}]}<\/script>\n<!-- \/ Yoast SEO Premium plugin. -->","yoast_head_json":{"title":"- Terminales de Apuestas de Autoservicio SSBTs","description":"Terminales de Autoservicio de Apuestas SSBTs - Ofertas clave de Sirplay para la venta al por menor en locales de apuestas f\u00e1cilmente integrables en el sistema de venta al por menor existente","robots":{"index":"index","follow":"follow","max-snippet":"max-snippet:-1","max-image-preview":"max-image-preview:large","max-video-preview":"max-video-preview:-1"},"canonical":"https:\/\/sirplay.com\/es\/software-de-apuestas-deportivas-2\/soluciones-para-minoristas\/","og_locale":"es_ES","og_type":"article","og_title":"Soluciones para minoristas","og_description":"Soluciones para minoristas","og_url":"https:\/\/sirplay.com\/es\/software-de-apuestas-deportivas-2\/soluciones-para-minoristas\/","og_site_name":"Sirplay","article_modified_time":"2026-01-29T16:06:36+00:00","og_image":[{"width":500,"height":500,"url":"https:\/\/sirplay.com\/wp-content\/uploads\/2024\/09\/SSBTs.jpg","type":"image\/jpeg"}],"twitter_card":"summary_large_image","twitter_site":"@sirplay","twitter_misc":{"Tiempo de lectura":"3 minutos"},"schema":{"@context":"https:\/\/schema.org","@graph":[{"@type":"WebPage","@id":"https:\/\/sirplay.com\/es\/software-de-apuestas-deportivas-2\/soluciones-para-minoristas\/","url":"https:\/\/sirplay.com\/es\/software-de-apuestas-deportivas-2\/soluciones-para-minoristas\/","name":"- Terminales de Apuestas de Autoservicio SSBTs","isPartOf":{"@id":"https:\/\/sirplay.com\/es\/#website"},"primaryImageOfPage":{"@id":"https:\/\/sirplay.com\/es\/software-de-apuestas-deportivas-2\/soluciones-para-minoristas\/#primaryimage"},"image":{"@id":"https:\/\/sirplay.com\/es\/software-de-apuestas-deportivas-2\/soluciones-para-minoristas\/#primaryimage"},"thumbnailUrl":"https:\/\/sirplay.com\/wp-content\/uploads\/2024\/09\/SSBTs.jpg","datePublished":"2024-09-26T18:18:54+00:00","dateModified":"2026-01-29T16:06:36+00:00","description":"Terminales de Autoservicio de Apuestas SSBTs - Ofertas clave de Sirplay para la venta al por menor en locales de apuestas f\u00e1cilmente integrables en el sistema de venta al por menor existente","breadcrumb":{"@id":"https:\/\/sirplay.com\/es\/software-de-apuestas-deportivas-2\/soluciones-para-minoristas\/#breadcrumb"},"inLanguage":"es","potentialAction":[{"@type":"ReadAction","target":["https:\/\/sirplay.com\/es\/software-de-apuestas-deportivas-2\/soluciones-para-minoristas\/"]}]},{"@type":"ImageObject","inLanguage":"es","@id":"https:\/\/sirplay.com\/es\/software-de-apuestas-deportivas-2\/soluciones-para-minoristas\/#primaryimage","url":"https:\/\/sirplay.com\/wp-content\/uploads\/2024\/09\/SSBTs.jpg","contentUrl":"https:\/\/sirplay.com\/wp-content\/uploads\/2024\/09\/SSBTs.jpg","width":500,"height":500,"caption":"Terminales de apuestas de autoservicio SSBT"},{"@type":"BreadcrumbList","@id":"https:\/\/sirplay.com\/es\/software-de-apuestas-deportivas-2\/soluciones-para-minoristas\/#breadcrumb","itemListElement":[{"@type":"ListItem","position":1,"name":"Home","item":"https:\/\/sirplay.com\/es\/"},{"@type":"ListItem","position":2,"name":"Software de apuestas deportivas","item":"https:\/\/sirplay.com\/es\/software-de-apuestas-deportivas-2\/"},{"@type":"ListItem","position":3,"name":"Soluciones para minoristas"}]},{"@type":"WebSite","@id":"https:\/\/sirplay.com\/es\/#website","url":"https:\/\/sirplay.com\/es\/","name":"Sportsbook software provider","description":"Sports betting software online and Retail ssbts  - White label casino","publisher":{"@id":"https:\/\/sirplay.com\/es\/#organization"},"alternateName":"White label casino","potentialAction":[{"@type":"SearchAction","target":{"@type":"EntryPoint","urlTemplate":"https:\/\/sirplay.com\/es\/?s={search_term_string}"},"query-input":{"@type":"PropertyValueSpecification","valueRequired":true,"valueName":"search_term_string"}}],"inLanguage":"es"},{"@type":"Organization","@id":"https:\/\/sirplay.com\/es\/#organization","name":"Sirplay","alternateName":"Sirplay white label","url":"https:\/\/sirplay.com\/es\/","logo":{"@type":"ImageObject","inLanguage":"es","@id":"https:\/\/sirplay.com\/es\/#\/schema\/logo\/image\/","url":"https:\/\/sirplay.com\/wp-content\/uploads\/2021\/03\/cropped-sirplayICO.png","contentUrl":"https:\/\/sirplay.com\/wp-content\/uploads\/2021\/03\/cropped-sirplayICO.png","width":512,"height":512,"caption":"Sirplay"},"image":{"@id":"https:\/\/sirplay.com\/es\/#\/schema\/logo\/image\/"},"sameAs":["https:\/\/x.com\/sirplay","https:\/\/www.linkedin.com\/company\/sirplay","https:\/\/www.youtube.com\/user\/BookmakerSolutions"]}]}},"_links":{"self":[{"href":"https:\/\/sirplay.com\/es\/wp-json\/wp\/v2\/pages\/22080","targetHints":{"allow":["GET"]}}],"collection":[{"href":"https:\/\/sirplay.com\/es\/wp-json\/wp\/v2\/pages"}],"about":[{"href":"https:\/\/sirplay.com\/es\/wp-json\/wp\/v2\/types\/page"}],"author":[{"embeddable":true,"href":"https:\/\/sirplay.com\/es\/wp-json\/wp\/v2\/users\/3"}],"replies":[{"embeddable":true,"href":"https:\/\/sirplay.com\/es\/wp-json\/wp\/v2\/comments?post=22080"}],"version-history":[{"count":8,"href":"https:\/\/sirplay.com\/es\/wp-json\/wp\/v2\/pages\/22080\/revisions"}],"predecessor-version":[{"id":22768,"href":"https:\/\/sirplay.com\/es\/wp-json\/wp\/v2\/pages\/22080\/revisions\/22768"}],"up":[{"embeddable":true,"href":"https:\/\/sirplay.com\/es\/wp-json\/wp\/v2\/pages\/22047"}],"wp:featuredmedia":[{"embeddable":true,"href":"https:\/\/sirplay.com\/es\/wp-json\/wp\/v2\/media\/21965"}],"wp:attachment":[{"href":"https:\/\/sirplay.com\/es\/wp-json\/wp\/v2\/media?parent=22080"}],"curies":[{"name":"wp","href":"https:\/\/api.w.org\/{rel}","templated":true}]}}