{"id":22124,"date":"2024-09-26T18:24:49","date_gmt":"2024-09-26T18:24:49","guid":{"rendered":"https:\/\/sirplay.com\/software-de-apuestas-deportivas-2\/software-de-apuestas-esports\/"},"modified":"2026-01-29T16:06:44","modified_gmt":"2026-01-29T16:06:44","slug":"software-de-apuestas-esports","status":"publish","type":"page","link":"https:\/\/sirplay.com\/es\/software-de-apuestas-deportivas-2\/software-de-apuestas-esports\/","title":{"rendered":"Software de apuestas eSports"},"content":{"rendered":"<div class=\"wpb-content-wrapper\"><p>[vc_row][vc_column width=&#8221;1\/2&#8243; offset=&#8221;vc_col-xs-12&#8243;][vc_custom_heading text=&#8221;Software de apuestas deportivas: tu puerta a un nuevo mundo de apuestas&#8221; font_container=&#8221;tag:h2|font_size:40px|text_align:left|line_height:46px&#8221; use_theme_fonts=&#8221;yes&#8221; css=&#8221;.vc_custom_1727196167003{margin-top: 15px !important;margin-bottom: 25px !important;}&#8221; el_class=&#8221;looking-for-heading&#8221;][vc_column_text css=&#8221;.vc_custom_1727197309437{margin-bottom: 40px !important;}&#8221;]Explora el avanzado software de apuestas de esports de Sirplay, dise\u00f1ado para un rendimiento y una escalabilidad \u00f3ptimos. Aprovecha las funciones m\u00e1s avanzadas para atraer a un grupo demogr\u00e1fico cada vez mayor de apostantes de esports y mejorar la eficacia operativa. <\/p>\n<p>&nbsp;<\/p>\n<p>Para una visi\u00f3n global, por favor:[\/vc_column_text]<style type=\"text\/css\">\n                .sweetthemes_button .btn_custom_69ff3c45d1a4e {\n                    background: rgba(255,255,255,0.99) !important;\n                }\n                .sweetthemes_button .btn_custom_69ff3c45d1a4e:hover {                   \n                    color: rgba(255,255,255,0.99) !important;                     \n                }\n                .sweetthemes_button .btn_custom_69ff3c45d1a4e:before {\n                    background: #a0c528 !important;\n                }\n                .sweetthemes_button .btn_custom_69ff3c45d1a4e {\n                    border-color: #e2e2e2 !important;\n                }\n                .sweetthemes_button .btn_custom_69ff3c45d1a4e:hover {                   \n                    border-color:  !important;                     \n                }\n\n              <\/style><div class=\"text-center sweetthemes_button \"><a  href=\"#contact\" class=\"button-winona btn btn-sm btn_custom_69ff3c45d1a4e\" style=\"color:rgba(10,10,10,0.99)\">\n        <i class=\"fa fa-phone\"><\/i>\n    REQUEST DEMO<\/a><\/div>[vc_empty_space height=&#8221;50px&#8221;][\/vc_column][vc_column width=&#8221;1\/2&#8243;][vc_empty_space height=&#8221;45px&#8221;][vc_single_image image=&#8221;21990&#8243; img_size=&#8221;full&#8221; add_caption=&#8221;yes&#8221; alignment=&#8221;center&#8221; css=&#8221;&#8221;][vc_empty_space height=&#8221;45px&#8221;][\/vc_column][\/vc_row][vc_row css=&#8221;.vc_custom_1664190139448{margin-top: 60px !important;margin-bottom: 120px !important;}&#8221;][vc_column width=&#8221;1\/2&#8243;][vc_single_image image=&#8221;22015&#8243; img_size=&#8221;full&#8221; alignment=&#8221;center&#8221; css=&#8221;&#8221;][vc_empty_space height=&#8221;52px&#8221;][\/vc_column][vc_column width=&#8221;1\/2&#8243;][vc_custom_heading text=&#8221;Un ecosistema de apuestas deportivas en evoluci\u00f3n&#8221; font_container=&#8221;tag:h2|font_size:32px|text_align:left|color:%23a0c528|line_height:36px&#8221; use_theme_fonts=&#8221;yes&#8221; css_animation=&#8221;none&#8221; css=&#8221;.vc_custom_1727196691159{margin-top: 3px !important;margin-bottom: 35px !important;}&#8221;][vc_column_text css_animation=&#8221;none&#8221; css=&#8221;.vc_custom_1727196706115{margin-bottom: 45px !important;}&#8221;]Atrae a un p\u00fablico m\u00e1s joven e impulsa una actividad de apuestas continua con nuestro enfoque de 360\u00b0 en las apuestas de esports. Nuestras funciones avanzadas garantizan la participaci\u00f3n las 24 horas del d\u00eda, permitiendo que tu plataforma prospere en el din\u00e1mico panorama de los deportes electr\u00f3nicos.[\/vc_column_text][\/vc_column][\/vc_row][vc_row][vc_column offset=&#8221;vc_col-xs-12&#8243;][vc_empty_space height=&#8221;45px&#8221;][vc_custom_heading text=&#8221;Amplios mercados de deportes en directo para impulsar la participaci\u00f3n&#8221; font_container=&#8221;tag:h2|font_size:32px|text_align:center|color:%23a0c528|line_height:42px&#8221; use_theme_fonts=&#8221;yes&#8221; css_animation=&#8221;none&#8221; css=&#8221;.vc_custom_1727196887365{margin-top: 3px !important;margin-bottom: 35px !important;}&#8221;][vc_column_text css=&#8221;&#8221;]Atrae tanto a los apostantes nuevos como a los ya existentes de esports con nuestra amplia gama de mercados en directo. Nuestra plataforma ofrece el mayor n\u00famero de opciones de apuestas en tiempo real, garantizando que tus usuarios siempre tengan muchas oportunidades de apostar.[\/vc_column_text][vc_empty_space height=&#8221;45px&#8221;][vc_single_image image=&#8221;22026&#8243; img_size=&#8221;full&#8221; alignment=&#8221;center&#8221; css=&#8221;&#8221;][vc_empty_space height=&#8221;42px&#8221;][\/vc_column][\/vc_row][vc_row css=&#8221;.vc_custom_1664190139448{margin-top: 60px !important;margin-bottom: 120px !important;}&#8221;][vc_column width=&#8221;2\/3&#8243;][vc_custom_heading text=&#8221;Eventos de Esports en Directo: Vive la acci\u00f3n en tiempo real&#8221; font_container=&#8221;tag:h2|font_size:34px|text_align:center|color:%23a0c528|line_height:36px&#8221; use_theme_fonts=&#8221;yes&#8221; css_animation=&#8221;none&#8221; css=&#8221;.vc_custom_1727197112829{margin-top: 3px !important;margin-bottom: 35px !important;}&#8221;][vc_single_image image=&#8221;22037&#8243; img_size=&#8221;full&#8221; add_caption=&#8221;yes&#8221; css=&#8221;&#8221;][vc_column_text css=&#8221;&#8221;]Mantente al d\u00eda con los eventos de esports retransmitidos en tiempo real. Participa en una amplia gama de competiciones que abarcan t\u00edtulos populares como League of Legends, Dota 2 y CS:GO. Experimenta una emoci\u00f3n sin precedentes y oportunidades de apuestas con nuestra amplia cobertura de enfrentamientos de esports en directo.[\/vc_column_text][vc_empty_space height=&#8221;52px&#8221;][\/vc_column][vc_column width=&#8221;1\/3&#8243;][vc_custom_heading text=&#8221;Cobertura de los deportes electr\u00f3nicos&#8221; font_container=&#8221;tag:h2|font_size:30px|text_align:left|line_height:36px&#8221; use_theme_fonts=&#8221;yes&#8221; css_animation=&#8221;none&#8221; css=&#8221;.vc_custom_1727197206816{margin-top: 3px !important;margin-bottom: 35px !important;}&#8221;][vc_column_text css=&#8221;&#8221;]Counter-Strike 2<\/p>\n<p>Dota 2<\/p>\n<p>Liga de Leyendas<\/p>\n<p>Valorant<\/p>\n<p>Duelos de Counter-Strike 2<\/p>\n<p>Rainbow Seis<\/p>\n<p>CoD<\/p>\n<p>Reyes de la Gloria<\/p>\n<p>Warcraft<\/p>\n<p>Rocket League<\/p>\n<p>Leyendas del m\u00f3vil: Bang Bang<\/p>\n<p>Starcraft II<\/p>\n<p>Overwatch 2<\/p>\n<p>Hearthstone<\/p>\n<p>Arena del Valor<\/p>\n<p>La Era de los Imperios<\/p>\n<p>Grieta salvaje<\/p>\n<p>HALO<\/p>\n<p>eF\u00fatbol<\/p>\n<p>Baloncesto electr\u00f3nico<\/p>\n<p>eCricket[\/vc_column_text][\/vc_column][\/vc_row][vc_row full_width=&#8221;stretch_row&#8221; css=&#8221;.vc_custom_1656008710904{margin-top: 100px !important;padding-bottom: 80px !important;}&#8221;][vc_column width=&#8221;1\/2&#8243; el_id=&#8221;contact&#8221;][vc_column_text css_animation=&#8221;none&#8221; css=&#8221;.vc_custom_1656024061759{margin-top: 0px !important;margin-bottom: 40px !important;}&#8221;]<\/p>\n<h3><strong>Contacta con nosotros<\/strong><\/h3>\n<p style=\"max-width: 650px;\">Conecta con un experto de Sirplay para una discusi\u00f3n detallada sobre c\u00f3mo nuestros servicios pueden aportar beneficios a tu negocio de apuestas y crear tu propia estrategia.<\/p>\n<p>[\/vc_column_text][vc_column_text]<\/p>\n<p style=\"text-align: center;\"><img loading=\"lazy\" class=\"size-full wp-image-16975 aligncenter\" src=\"https:\/\/sirplay.com\/gaming-experts\/wp-content\/uploads\/2022\/06\/Skype_logo.png\" alt=\"Skype\" width=\"140\" height=\"63\"><\/p>\n<p style=\"text-align: center;\">  <a href=\"skype:manager.sirplay?chat\">Ingl\u00e9s<\/a> <a href=\"skype:anna.sirplay?chat\">Espa\u00f1ol<\/a><\/p>\n<p>&nbsp;<\/p>\n<p><img loading=\"lazy\" class=\"size-full wp-image-16974 aligncenter\" src=\"https:\/\/sirplay.com\/gaming-experts\/wp-content\/uploads\/2022\/06\/Whatsapp.jpg\" alt=\"Whatsapp\" width=\"60\" height=\"60\"><\/p>\n<p style=\"text-align: center;\"><a href=\"https:\/\/api.whatsapp.com\/send?phone=3513960904&amp;text=More%20info\" target=\"_blank\" rel=\"noopener\">+39 3513960904<\/a><\/p>\n<p>[\/vc_column_text][\/vc_column][vc_column width=&#8221;1\/2&#8243;]\n<div class=\"wpcf7 no-js\" id=\"wpcf7-f19225-o1\" lang=\"es-ES\" dir=\"ltr\" data-wpcf7-id=\"19225\">\n<div class=\"screen-reader-response\"><p role=\"status\" aria-live=\"polite\" aria-atomic=\"true\"><\/p> <ul><\/ul><\/div>\n<form action=\"\/es\/wp-json\/wp\/v2\/pages\/22124#wpcf7-f19225-o1\" method=\"post\" class=\"wpcf7-form init\" aria-label=\"Formulario de contacto\" novalidate=\"novalidate\" data-status=\"init\">\n<fieldset class=\"hidden-fields-container\"><input type=\"hidden\" name=\"_wpcf7\" value=\"19225\" \/><input type=\"hidden\" name=\"_wpcf7_version\" value=\"6.1.5\" \/><input type=\"hidden\" name=\"_wpcf7_locale\" value=\"es_ES\" \/><input type=\"hidden\" name=\"_wpcf7_unit_tag\" value=\"wpcf7-f19225-o1\" \/><input type=\"hidden\" name=\"_wpcf7_container_post\" value=\"0\" \/><input type=\"hidden\" name=\"_wpcf7_posted_data_hash\" value=\"\" \/>\n<\/fieldset>\n<p><label> Nombre completo<br \/>\n<span class=\"wpcf7-form-control-wrap\" data-name=\"your-name\"><input size=\"40\" maxlength=\"400\" class=\"wpcf7-form-control wpcf7-text wpcf7-validates-as-required\" aria-required=\"true\" aria-invalid=\"false\" value=\"\" type=\"text\" name=\"your-name\" \/><\/span> <\/label>\n<\/p>\n<p><label> Tu correo electr\u00f3nico<br \/>\n<span class=\"wpcf7-form-control-wrap\" data-name=\"your-email\"><input size=\"40\" maxlength=\"400\" class=\"wpcf7-form-control wpcf7-email wpcf7-validates-as-required wpcf7-text wpcf7-validates-as-email\" aria-required=\"true\" aria-invalid=\"false\" value=\"\" type=\"email\" name=\"your-email\" \/><\/span> <\/label>\n<\/p>\n<p><label> Pa\u00eds<br \/>\n<span class=\"wpcf7-form-control-wrap\" data-name=\"countrytext-54\"><input size=\"40\" class=\"wpcf7-form-control wpcf7-countrytext wpcf7-text wpcf7-validates-as-countrytext\" aria-invalid=\"false\" value=\"\" type=\"text\" name=\"countrytext-54\" \/><\/span> <\/label>\n<\/p>\n<p><label> N\u00famero de tel\u00e9fono<br \/>\n<span class=\"wpcf7-form-control-wrap\" data-name=\"phonetext-462\"><input size=\"40\" class=\"wpcf7-form-control wpcf7-phonetext wpcf7-text wpcf7-validates-as-phonetext\" aria-invalid=\"false\" value=\"\" type=\"text\" name=\"phonetext-462\" \/><input type=\"hidden\" name=\"phonetext-462-country-code\" class=\"wpcf7-phonetext-country-code\" \/><\/span> <\/label>\n<\/p>\n<p><label> Mensaje<br \/>\n<span class=\"wpcf7-form-control-wrap\" data-name=\"your-message\"><textarea cols=\"40\" rows=\"10\" maxlength=\"2000\" class=\"wpcf7-form-control wpcf7-textarea\" aria-invalid=\"false\" name=\"your-message\"><\/textarea><\/span> <\/label>\n<\/p>\n<p><input class=\"wpcf7-form-control wpcf7-submit has-spinner\" type=\"submit\" value=\"Enviar\" \/>\n<\/p><div class=\"wpcf7-response-output\" aria-hidden=\"true\"><\/div>\n<\/form>\n<\/div>\n[vc_row_inner][vc_column_inner][vc_column_text]No compartimos tu informaci\u00f3n personal con nadie. Consulta nuestra &#8220;pol\u00edtica de privacidad&#8221; para obtener m\u00e1s informaci\u00f3n[\/vc_column_text][\/vc_column_inner][\/vc_row_inner][\/vc_column][\/vc_row][vc_row][vc_column][vc_column_text css=&#8221;&#8221;][\/vc_column_text][\/vc_column][\/vc_row]<\/p>\n<\/div>","protected":false},"excerpt":{"rendered":"<p>[vc_row][vc_column width=&#8221;1\/2&#8243; offset=&#8221;vc_col-xs-12&#8243;][vc_custom_heading text=&#8221;Software de apuestas deportivas: tu puerta a un nuevo mundo de apuestas&#8221; font_container=&#8221;tag:h2|font_size:40px|text_align:left|line_height:46px&#8221; use_theme_fonts=&#8221;yes&#8221; css=&#8221;.vc_custom_1727196167003{margin-top: 15px !important;margin-bottom: 25px !important;}&#8221; el_class=&#8221;looking-for-heading&#8221;][vc_column_text css=&#8221;.vc_custom_1727197309437{margin-bottom: 40px !important;}&#8221;]Explora el avanzado software de apuestas de esports de Sirplay, dise\u00f1ado para un rendimiento y una escalabilidad \u00f3ptimos. Aprovecha las funciones m\u00e1s avanzadas para atraer a un grupo demogr\u00e1fico cada [&hellip;]<\/p>\n","protected":false},"author":7,"featured_media":22015,"parent":22047,"menu_order":0,"comment_status":"closed","ping_status":"closed","template":"","meta":{"footnotes":""},"class_list":["post-22124","page","type-page","status-publish","has-post-thumbnail","hentry"],"yoast_head":"<!-- This site is optimized with the Yoast SEO Premium plugin v27.3 (Yoast SEO v27.3) - https:\/\/yoast.com\/product\/yoast-seo-premium-wordpress\/ -->\n<title>Software de apuestas eSports - Sirplay<\/title>\n<meta name=\"description\" content=\"Descubre el software de apuestas de esports de Sirplay: potente, escalable y dise\u00f1ado para atraer a m\u00e1s apostadores con eficacia optimizada.\" \/>\n<meta name=\"robots\" content=\"index, follow, max-snippet:-1, max-image-preview:large, max-video-preview:-1\" \/>\n<link rel=\"canonical\" href=\"https:\/\/sirplay.com\/es\/software-de-apuestas-deportivas-2\/software-de-apuestas-esports\/\" \/>\n<meta property=\"og:locale\" content=\"es_ES\" \/>\n<meta property=\"og:type\" content=\"article\" \/>\n<meta property=\"og:title\" content=\"Software de apuestas eSports\" \/>\n<meta property=\"og:description\" content=\"Software de apuestas eSports\" \/>\n<meta property=\"og:url\" content=\"https:\/\/sirplay.com\/es\/software-de-apuestas-deportivas-2\/software-de-apuestas-esports\/\" \/>\n<meta property=\"og:site_name\" content=\"Sirplay\" \/>\n<meta property=\"article:modified_time\" content=\"2026-01-29T16:06:44+00:00\" \/>\n<meta property=\"og:image\" content=\"https:\/\/sirplay.com\/wp-content\/uploads\/2024\/09\/esports-betting-ecosystrm.jpg\" \/>\n\t<meta property=\"og:image:width\" content=\"600\" \/>\n\t<meta property=\"og:image:height\" content=\"610\" \/>\n\t<meta property=\"og:image:type\" content=\"image\/jpeg\" \/>\n<meta name=\"twitter:card\" content=\"summary_large_image\" \/>\n<meta name=\"twitter:site\" content=\"@sirplay\" \/>\n<meta name=\"twitter:label1\" content=\"Tiempo de lectura\" \/>\n\t<meta name=\"twitter:data1\" content=\"3 minutos\" \/>\n<script type=\"application\/ld+json\" class=\"yoast-schema-graph\">{\"@context\":\"https:\\\/\\\/schema.org\",\"@graph\":[{\"@type\":\"WebPage\",\"@id\":\"https:\\\/\\\/sirplay.com\\\/es\\\/software-de-apuestas-deportivas-2\\\/software-de-apuestas-esports\\\/\",\"url\":\"https:\\\/\\\/sirplay.com\\\/es\\\/software-de-apuestas-deportivas-2\\\/software-de-apuestas-esports\\\/\",\"name\":\"Software de apuestas eSports - Sirplay\",\"isPartOf\":{\"@id\":\"https:\\\/\\\/sirplay.com\\\/es\\\/#website\"},\"primaryImageOfPage\":{\"@id\":\"https:\\\/\\\/sirplay.com\\\/es\\\/software-de-apuestas-deportivas-2\\\/software-de-apuestas-esports\\\/#primaryimage\"},\"image\":{\"@id\":\"https:\\\/\\\/sirplay.com\\\/es\\\/software-de-apuestas-deportivas-2\\\/software-de-apuestas-esports\\\/#primaryimage\"},\"thumbnailUrl\":\"https:\\\/\\\/sirplay.com\\\/wp-content\\\/uploads\\\/2024\\\/09\\\/esports-betting-ecosystrm.jpg\",\"datePublished\":\"2024-09-26T18:24:49+00:00\",\"dateModified\":\"2026-01-29T16:06:44+00:00\",\"description\":\"Descubre el software de apuestas de esports de Sirplay: potente, escalable y dise\u00f1ado para atraer a m\u00e1s apostadores con eficacia optimizada.\",\"breadcrumb\":{\"@id\":\"https:\\\/\\\/sirplay.com\\\/es\\\/software-de-apuestas-deportivas-2\\\/software-de-apuestas-esports\\\/#breadcrumb\"},\"inLanguage\":\"es\",\"potentialAction\":[{\"@type\":\"ReadAction\",\"target\":[\"https:\\\/\\\/sirplay.com\\\/es\\\/software-de-apuestas-deportivas-2\\\/software-de-apuestas-esports\\\/\"]}]},{\"@type\":\"ImageObject\",\"inLanguage\":\"es\",\"@id\":\"https:\\\/\\\/sirplay.com\\\/es\\\/software-de-apuestas-deportivas-2\\\/software-de-apuestas-esports\\\/#primaryimage\",\"url\":\"https:\\\/\\\/sirplay.com\\\/wp-content\\\/uploads\\\/2024\\\/09\\\/esports-betting-ecosystrm.jpg\",\"contentUrl\":\"https:\\\/\\\/sirplay.com\\\/wp-content\\\/uploads\\\/2024\\\/09\\\/esports-betting-ecosystrm.jpg\",\"width\":600,\"height\":610,\"caption\":\"eSports betting software\"},{\"@type\":\"BreadcrumbList\",\"@id\":\"https:\\\/\\\/sirplay.com\\\/es\\\/software-de-apuestas-deportivas-2\\\/software-de-apuestas-esports\\\/#breadcrumb\",\"itemListElement\":[{\"@type\":\"ListItem\",\"position\":1,\"name\":\"Home\",\"item\":\"https:\\\/\\\/sirplay.com\\\/es\\\/\"},{\"@type\":\"ListItem\",\"position\":2,\"name\":\"Software de apuestas deportivas\",\"item\":\"https:\\\/\\\/sirplay.com\\\/es\\\/software-de-apuestas-deportivas-2\\\/\"},{\"@type\":\"ListItem\",\"position\":3,\"name\":\"Software de apuestas eSports\"}]},{\"@type\":\"WebSite\",\"@id\":\"https:\\\/\\\/sirplay.com\\\/es\\\/#website\",\"url\":\"https:\\\/\\\/sirplay.com\\\/es\\\/\",\"name\":\"Sportsbook software provider\",\"description\":\"Sports betting software online and Retail ssbts  - White label casino\",\"publisher\":{\"@id\":\"https:\\\/\\\/sirplay.com\\\/es\\\/#organization\"},\"alternateName\":\"White label casino\",\"potentialAction\":[{\"@type\":\"SearchAction\",\"target\":{\"@type\":\"EntryPoint\",\"urlTemplate\":\"https:\\\/\\\/sirplay.com\\\/es\\\/?s={search_term_string}\"},\"query-input\":{\"@type\":\"PropertyValueSpecification\",\"valueRequired\":true,\"valueName\":\"search_term_string\"}}],\"inLanguage\":\"es\"},{\"@type\":\"Organization\",\"@id\":\"https:\\\/\\\/sirplay.com\\\/es\\\/#organization\",\"name\":\"Sirplay\",\"alternateName\":\"Sirplay white label\",\"url\":\"https:\\\/\\\/sirplay.com\\\/es\\\/\",\"logo\":{\"@type\":\"ImageObject\",\"inLanguage\":\"es\",\"@id\":\"https:\\\/\\\/sirplay.com\\\/es\\\/#\\\/schema\\\/logo\\\/image\\\/\",\"url\":\"https:\\\/\\\/sirplay.com\\\/wp-content\\\/uploads\\\/2021\\\/03\\\/cropped-sirplayICO.png\",\"contentUrl\":\"https:\\\/\\\/sirplay.com\\\/wp-content\\\/uploads\\\/2021\\\/03\\\/cropped-sirplayICO.png\",\"width\":512,\"height\":512,\"caption\":\"Sirplay\"},\"image\":{\"@id\":\"https:\\\/\\\/sirplay.com\\\/es\\\/#\\\/schema\\\/logo\\\/image\\\/\"},\"sameAs\":[\"https:\\\/\\\/x.com\\\/sirplay\",\"https:\\\/\\\/www.linkedin.com\\\/company\\\/sirplay\",\"https:\\\/\\\/www.youtube.com\\\/user\\\/BookmakerSolutions\"]}]}<\/script>\n<!-- \/ Yoast SEO Premium plugin. -->","yoast_head_json":{"title":"Software de apuestas eSports - Sirplay","description":"Descubre el software de apuestas de esports de Sirplay: potente, escalable y dise\u00f1ado para atraer a m\u00e1s apostadores con eficacia optimizada.","robots":{"index":"index","follow":"follow","max-snippet":"max-snippet:-1","max-image-preview":"max-image-preview:large","max-video-preview":"max-video-preview:-1"},"canonical":"https:\/\/sirplay.com\/es\/software-de-apuestas-deportivas-2\/software-de-apuestas-esports\/","og_locale":"es_ES","og_type":"article","og_title":"Software de apuestas eSports","og_description":"Software de apuestas eSports","og_url":"https:\/\/sirplay.com\/es\/software-de-apuestas-deportivas-2\/software-de-apuestas-esports\/","og_site_name":"Sirplay","article_modified_time":"2026-01-29T16:06:44+00:00","og_image":[{"width":600,"height":610,"url":"https:\/\/sirplay.com\/wp-content\/uploads\/2024\/09\/esports-betting-ecosystrm.jpg","type":"image\/jpeg"}],"twitter_card":"summary_large_image","twitter_site":"@sirplay","twitter_misc":{"Tiempo de lectura":"3 minutos"},"schema":{"@context":"https:\/\/schema.org","@graph":[{"@type":"WebPage","@id":"https:\/\/sirplay.com\/es\/software-de-apuestas-deportivas-2\/software-de-apuestas-esports\/","url":"https:\/\/sirplay.com\/es\/software-de-apuestas-deportivas-2\/software-de-apuestas-esports\/","name":"Software de apuestas eSports - Sirplay","isPartOf":{"@id":"https:\/\/sirplay.com\/es\/#website"},"primaryImageOfPage":{"@id":"https:\/\/sirplay.com\/es\/software-de-apuestas-deportivas-2\/software-de-apuestas-esports\/#primaryimage"},"image":{"@id":"https:\/\/sirplay.com\/es\/software-de-apuestas-deportivas-2\/software-de-apuestas-esports\/#primaryimage"},"thumbnailUrl":"https:\/\/sirplay.com\/wp-content\/uploads\/2024\/09\/esports-betting-ecosystrm.jpg","datePublished":"2024-09-26T18:24:49+00:00","dateModified":"2026-01-29T16:06:44+00:00","description":"Descubre el software de apuestas de esports de Sirplay: potente, escalable y dise\u00f1ado para atraer a m\u00e1s apostadores con eficacia optimizada.","breadcrumb":{"@id":"https:\/\/sirplay.com\/es\/software-de-apuestas-deportivas-2\/software-de-apuestas-esports\/#breadcrumb"},"inLanguage":"es","potentialAction":[{"@type":"ReadAction","target":["https:\/\/sirplay.com\/es\/software-de-apuestas-deportivas-2\/software-de-apuestas-esports\/"]}]},{"@type":"ImageObject","inLanguage":"es","@id":"https:\/\/sirplay.com\/es\/software-de-apuestas-deportivas-2\/software-de-apuestas-esports\/#primaryimage","url":"https:\/\/sirplay.com\/wp-content\/uploads\/2024\/09\/esports-betting-ecosystrm.jpg","contentUrl":"https:\/\/sirplay.com\/wp-content\/uploads\/2024\/09\/esports-betting-ecosystrm.jpg","width":600,"height":610,"caption":"eSports betting software"},{"@type":"BreadcrumbList","@id":"https:\/\/sirplay.com\/es\/software-de-apuestas-deportivas-2\/software-de-apuestas-esports\/#breadcrumb","itemListElement":[{"@type":"ListItem","position":1,"name":"Home","item":"https:\/\/sirplay.com\/es\/"},{"@type":"ListItem","position":2,"name":"Software de apuestas deportivas","item":"https:\/\/sirplay.com\/es\/software-de-apuestas-deportivas-2\/"},{"@type":"ListItem","position":3,"name":"Software de apuestas eSports"}]},{"@type":"WebSite","@id":"https:\/\/sirplay.com\/es\/#website","url":"https:\/\/sirplay.com\/es\/","name":"Sportsbook software provider","description":"Sports betting software online and Retail ssbts  - White label casino","publisher":{"@id":"https:\/\/sirplay.com\/es\/#organization"},"alternateName":"White label casino","potentialAction":[{"@type":"SearchAction","target":{"@type":"EntryPoint","urlTemplate":"https:\/\/sirplay.com\/es\/?s={search_term_string}"},"query-input":{"@type":"PropertyValueSpecification","valueRequired":true,"valueName":"search_term_string"}}],"inLanguage":"es"},{"@type":"Organization","@id":"https:\/\/sirplay.com\/es\/#organization","name":"Sirplay","alternateName":"Sirplay white label","url":"https:\/\/sirplay.com\/es\/","logo":{"@type":"ImageObject","inLanguage":"es","@id":"https:\/\/sirplay.com\/es\/#\/schema\/logo\/image\/","url":"https:\/\/sirplay.com\/wp-content\/uploads\/2021\/03\/cropped-sirplayICO.png","contentUrl":"https:\/\/sirplay.com\/wp-content\/uploads\/2021\/03\/cropped-sirplayICO.png","width":512,"height":512,"caption":"Sirplay"},"image":{"@id":"https:\/\/sirplay.com\/es\/#\/schema\/logo\/image\/"},"sameAs":["https:\/\/x.com\/sirplay","https:\/\/www.linkedin.com\/company\/sirplay","https:\/\/www.youtube.com\/user\/BookmakerSolutions"]}]}},"_links":{"self":[{"href":"https:\/\/sirplay.com\/es\/wp-json\/wp\/v2\/pages\/22124","targetHints":{"allow":["GET"]}}],"collection":[{"href":"https:\/\/sirplay.com\/es\/wp-json\/wp\/v2\/pages"}],"about":[{"href":"https:\/\/sirplay.com\/es\/wp-json\/wp\/v2\/types\/page"}],"author":[{"embeddable":true,"href":"https:\/\/sirplay.com\/es\/wp-json\/wp\/v2\/users\/7"}],"replies":[{"embeddable":true,"href":"https:\/\/sirplay.com\/es\/wp-json\/wp\/v2\/comments?post=22124"}],"version-history":[{"count":7,"href":"https:\/\/sirplay.com\/es\/wp-json\/wp\/v2\/pages\/22124\/revisions"}],"predecessor-version":[{"id":22804,"href":"https:\/\/sirplay.com\/es\/wp-json\/wp\/v2\/pages\/22124\/revisions\/22804"}],"up":[{"embeddable":true,"href":"https:\/\/sirplay.com\/es\/wp-json\/wp\/v2\/pages\/22047"}],"wp:featuredmedia":[{"embeddable":true,"href":"https:\/\/sirplay.com\/es\/wp-json\/wp\/v2\/media\/22015"}],"wp:attachment":[{"href":"https:\/\/sirplay.com\/es\/wp-json\/wp\/v2\/media?parent=22124"}],"curies":[{"name":"wp","href":"https:\/\/api.w.org\/{rel}","templated":true}]}}