{"id":22300,"date":"2024-10-01T09:54:26","date_gmt":"2024-10-01T09:54:26","guid":{"rendered":"https:\/\/sirplay.com\/casino-sin-kyc\/"},"modified":"2026-01-29T16:06:37","modified_gmt":"2026-01-29T16:06:37","slug":"casino-sin-kyc","status":"publish","type":"page","link":"https:\/\/sirplay.com\/es\/casino-sin-kyc\/","title":{"rendered":"Casino sin KYC"},"content":{"rendered":"<div class=\"wpb-content-wrapper\"><p>[vc_row full_width=&#8221;stretch_row_content_no_spaces&#8221; css=&#8221;.vc_custom_1616354721852{margin-bottom: 0px !important;padding-top: 50px !important;padding-bottom: 100px !important;background-image: url(https:\/\/sirplay.com\/wp-content\/uploads\/2021\/03\/we-are-sirplay.jpg) !important;}&#8221; el_class=&#8221;text-center slider-moving&#8221;][vc_column css_animation=&#8221;none&#8221; css=&#8221;.vc_custom_1616345350411{margin-top: 25px !important;}&#8221; offset=&#8221;vc_col-xs-12&#8243;]<script>\n                jQuery(function(){\n                    jQuery(\".mt_typed_text_69f3df0d9b761\").typed({\n                      strings: ['Sportsbook', 'Casino'],\n                      typeSpeed: 1,\n                      backDelay: 2000,\n                      loop: true\n                    });\n                });\n              <\/script><style>.parent-typed-text.mt_typed_text123_69f3df0d9b762 .mt_typed_text { color: !important;}<\/style><div class=\"parent-typed-text mt_typed_text123_69f3df0d9b762\" style=\"font-size:50px; line-height:50px; letter-spacing:-2px\"><span class=\"mt_typed-beforetext\" style=\"color:\">NO KYC <\/span><span class=\"mt_typed_text mt_typed_text_69f3df0d9b761\"><\/span><span class=\"mt_typed-aftertext\" style=\"color:\"> <\/span><\/div>[vc_column_text css=&#8221;.vc_custom_1708363833254{margin-top: 30px !important;}&#8221;]El Futuro del Juego: Anonimato, Velocidad y el Poder de la Web3[\/vc_column_text][\/vc_column][\/vc_row][vc_row css=&#8221;.vc_custom_1664189652988{margin-top: 60px !important;margin-bottom: 100px !important;}&#8221;][vc_column width=&#8221;2\/3&#8243;][vc_custom_heading text=&#8221;Plataforma de Casino NO KYC&#8221; font_container=&#8221;tag:h1|font_size:36px|text_align:left|line_height:46px&#8221; use_theme_fonts=&#8221;yes&#8221; css_animation=&#8221;none&#8221; css=&#8221;.vc_custom_1708363935929{margin-bottom: 30px !important;}&#8221;][vc_column_text css=&#8221;.vc_custom_1708363980710{margin-bottom: 60px !important;}&#8221;]En Sirplay, comprendemos el valor del tiempo y la confidencialidad. Por eso nuestra plataforma de Casino NO KYC est\u00e1 dise\u00f1ada para ofrecer una entrada fluida y sin problemas en el mundo del juego online, garantizando que los jugadores puedan sumergirse directamente en la acci\u00f3n sin comprometer su privacidad. Este enfoque innovador no s\u00f3lo acelera el proceso de registro, sino que tambi\u00e9n satisface la creciente demanda de anonimato en la era digital.[\/vc_column_text][vc_custom_heading text=&#8221;Le facilitamos la conexi\u00f3n a web3&#8243; font_container=&#8221;tag:h2|font_size:32px|text_align:center|color:%23a0c528|line_height:42px&#8221; use_theme_fonts=&#8221;yes&#8221; css_animation=&#8221;none&#8221; css=&#8221;.vc_custom_1663837085578{margin-top: 3px !important;margin-bottom: 35px !important;}&#8221;][vc_column_text css=&#8221;.vc_custom_1762170361398{margin-bottom: 60px !important;}&#8221;]<\/p>\n<p style=\"text-align: center;\"><em>Este es un tema y se puede personalizar, m\u00edralo en acci\u00f3n:<\/em><\/p>\n<p style=\"text-align: center;\"><strong><a title=\"Plataforma de casino\" href=\"https:\/\/mybitcoin.casino\/\" target=\"_blank\" rel=\"noopener\">https:\/\/mybitcoin.casino\/<\/a><\/strong><\/p>\n<p>[\/vc_column_text]<style type=\"text\/css\">\n                .sweetthemes_button .btn_custom_69f3df0d9b798 {\n                    background: rgba(255,255,255,0.99) !important;\n                }\n                .sweetthemes_button .btn_custom_69f3df0d9b798:hover {                   \n                    color: rgba(255,255,255,0.99) !important;                     \n                }\n                .sweetthemes_button .btn_custom_69f3df0d9b798:before {\n                    background: #a0c528 !important;\n                }\n                .sweetthemes_button .btn_custom_69f3df0d9b798 {\n                    border-color: #a0c528 !important;\n                }\n                .sweetthemes_button .btn_custom_69f3df0d9b798:hover {                   \n                    border-color:  !important;                     \n                }\n\n              <\/style><div class=\"text-center sweetthemes_button \"><a  href=\"#contact\" class=\"button-winona btn btn-sm btn_custom_69f3df0d9b798\" style=\"color:rgba(0,0,0,0.99)\">\n        <i class=\"fa fa-phone\"><\/i>\n    Contact Us!<\/a><\/div>[vc_empty_space height=&#8221;50px&#8221;][\/vc_column][vc_column width=&#8221;1\/3&#8243;][vc_single_image image=&#8221;21347&#8243; img_size=&#8221;full&#8221; add_caption=&#8221;yes&#8221; alignment=&#8221;right&#8221;][\/vc_column][\/vc_row][vc_row css=&#8221;.vc_custom_1664190139448{margin-top: 60px !important;margin-bottom: 120px !important;}&#8221;][vc_column width=&#8221;2\/3&#8243;][vc_custom_heading text=&#8221;Un universo de juegos a tus \u00f3rdenes&#8221; font_container=&#8221;tag:h2|font_size:38px|text_align:center|color:%23a0c528|line_height:42px&#8221; use_theme_fonts=&#8221;yes&#8221; css_animation=&#8221;none&#8221; css=&#8221;.vc_custom_1708365871453{margin-top: 3px !important;margin-bottom: 35px !important;}&#8221;][vc_single_image image=&#8221;21357&#8243; img_size=&#8221;full&#8221; add_caption=&#8221;yes&#8221;][vc_empty_space height=&#8221;52px&#8221;][\/vc_column][vc_column width=&#8221;1\/3&#8243;][vc_custom_heading text=&#8221;No KYC Casino en N\u00fameros:&#8221; font_container=&#8221;tag:h2|font_size:32px|text_align:left|line_height:42px&#8221; use_theme_fonts=&#8221;yes&#8221; css_animation=&#8221;none&#8221; css=&#8221;.vc_custom_1708365774094{margin-top: 3px !important;margin-bottom: 35px !important;}&#8221;][vc_column_text]<\/p>\n<ul>\n<li>Proveedores 75 + m\u00e1s de<\/li>\n<li>Tragamonedas 15,000 + m\u00e1s de<\/li>\n<li>Juegos de mesa 500 + m\u00e1s de<\/li>\n<li>Video p\u00f3quer 700 + m\u00e1s de<\/li>\n<li>Otros juegos 200 + m\u00e1s de<\/li>\n<\/ul>\n<p>Sum\u00e9rgete en un universo expansivo donde te esperan m\u00e1s de 15.000 t\u00edtulos de juegos. Desde la efervescencia de las mesas de casino en vivo hasta el cautivador encanto de las \u00faltimas m\u00e1quinas tragaperras, cada juego es una puerta a una experiencia envolvente. <\/p>\n<p>Nuestros juegos proceden de los mejores proveedores de todo el mundo, lo que garantiza que cada interacci\u00f3n no sea s\u00f3lo un juego, sino una historia.[\/vc_column_text][\/vc_column][\/vc_row][vc_row css=&#8221;.vc_custom_1664189638235{margin-top: 60px !important;margin-bottom: 100px !important;}&#8221;][vc_column][vc_column_text]<\/p>\n<h2><span style=\"color: #a0c528;\">Integraci\u00f3n Web3: <span style=\"color: #000000;\">El futuro del juego al descubierto<\/span><\/span><\/h2>\n<p>En un mundo digital en constante evoluci\u00f3n, Sirplay se enorgullece de estar a la vanguardia de la intersecci\u00f3n entre el juego y la tecnolog\u00eda blockchain. Nuestra plataforma de Casino NO KYC no consiste s\u00f3lo en eludir el proceso de verificaci\u00f3n tradicional, sino en adoptar la nueva generaci\u00f3n de tecnolog\u00eda de Internet Web3. <\/p>\n<p>Al integrarnos con los monederos Web3, ofrecemos una experiencia de juego que no s\u00f3lo es privada y segura, sino tambi\u00e9n vanguardista.[\/vc_column_text][vc_single_image image=&#8221;18156&#8243; img_size=&#8221;full&#8221; add_caption=&#8221;yes&#8221; alignment=&#8221;center&#8221;][vc_column_text]<\/p>\n<h2><span style=\"color: #a0c528;\">Caracter\u00edsticas principales: <span style=\"color: #000000;\">Ventaja competitiva<\/span><\/span><\/h2>\n<ul>\n<li><strong>El mayor cat\u00e1logo de juegos de casino en l\u00ednea:<\/strong> Nuestra oferta no tiene parang\u00f3n, con un cat\u00e1logo de juegos de los mejores proveedores del sector. Cada juego est\u00e1 certificado, lo que garantiza una matem\u00e1tica y una imparcialidad verificadas. <\/li>\n<li><strong>Herramientas de bonificaci\u00f3n y rentabilidad de las tragaperras:<\/strong> Maximiza tus ofertas con nuestras avanzadas herramientas de bonificaci\u00f3n, dise\u00f1adas para aumentar el compromiso y la rentabilidad.<\/li>\n<li><strong>Constructor de Campa\u00f1as para Torneos de Juegos:<\/strong> Involucra a tu comunidad con torneos personalizados, gracias a nuestro completo constructor de campa\u00f1as.<\/li>\n<li><strong>Integraci\u00f3n perfecta:<\/strong> Combina nuestra plataforma con la tuya sin esfuerzo, utilizando nuestras opciones API o iFrame.<\/li>\n<li><strong>Software de casino en vivo incluido:<\/strong> Ofrece a los usuarios la emoci\u00f3n de una experiencia de casino real desde la comodidad de sus hogares con nuestro software de casino en vivo.<\/li>\n<\/ul>\n<p>[\/vc_column_text]<div class=\"mt-icon-listgroup-item wow \"><div class=\"mt-icon-listgroup-holder\">\n                  <div class=\"mt-icon-listgroup-icon-holder-inner\"><a ><i style=\"margin-right:px; color:;font-size:px\" class=\"\"><\/i><\/a><\/div>\n                <div class=\"mt-icon-listgroup-content-holder-inner\">\n                  <a  class=\"mt-icon-listgroup-title\" style=\"font-size: px; color: \"><\/a>\n                  <p class=\"mt-icon-listgroup-text\" style=\"font-size: px; color: \"><\/p><\/div>\n              <\/div><\/div>[\/vc_column][\/vc_row][vc_row css=&#8221;.vc_custom_1664189875509{margin-top: 60px !important;margin-bottom: 120px !important;}&#8221;][vc_column][vc_custom_heading text=&#8221;Experiencia de juego que preserva la privacidad&#8221; font_container=&#8221;tag:h2|font_size:34px|text_align:center|color:%23a0c528|line_height:42px&#8221; use_theme_fonts=&#8221;yes&#8221; css_animation=&#8221;none&#8221; css=&#8221;.vc_custom_1708365519073{margin-top: 3px !important;margin-bottom: 35px !important;}&#8221;][vc_column_text]Sum\u00e9rgete en una experiencia de juego en la que tu privacidad es la prioridad. Nuestro Casino NO KYC garantiza que tu aventura comience inmediatamente, sin necesidad de presentar documentos personales. Disfruta de una amplia gama de juegos de casino, desde tragaperras cl\u00e1sicas a sesiones con crupier en vivo, todo ello manteniendo tu anonimato.[\/vc_column_text][\/vc_column][\/vc_row][vc_row full_width=&#8221;stretch_row&#8221; css=&#8221;.vc_custom_1656345171276{margin-top: 55px !important;margin-bottom: 80px !important;}&#8221;][vc_column width=&#8221;1\/2&#8243; el_id=&#8221;contact&#8221;][vc_column_text css_animation=&#8221;fadeInUp&#8221; css=&#8221;.vc_custom_1655742515341{margin-top: 0px !important;margin-bottom: 40px !important;}&#8221;]<\/p>\n<h3><strong>Cont\u00e1ctenos<\/strong><\/h3>\n<p style=\"max-width: 650px;\">Con\u00e9ctese con nosotros para una discusi\u00f3n detallada sobre c\u00f3mo nuestros servicios pueden brindarle beneficios a su negocio de apuestas.<\/p>\n<p>[\/vc_column_text][vc_column_text css=&#8221;&#8221;]<img loading=\"lazy\" class=\"size-full wp-image-22667 aligncenter\" src=\"https:\/\/sirplay.com\/wp-content\/uploads\/2025\/11\/telegram.png\" alt=\"Telegrama\" width=\"64\" height=\"64\"><\/p>\n<div class=\"tgme_page_extra\" style=\"text-align: center;\"><a href=\"https:\/\/t.me\/SirplaySales\">@VentasSirplay<\/a><\/div>\n<p>&nbsp;<\/p>\n<p><img loading=\"lazy\" class=\"size-full wp-image-16974 aligncenter\" src=\"https:\/\/sirplay.com\/gaming-experts\/wp-content\/uploads\/2022\/06\/Whatsapp.jpg\" alt=\"Whatsapp\" width=\"60\" height=\"60\"><\/p>\n<p style=\"text-align: center;\"><a href=\"https:\/\/api.whatsapp.com\/send?phone=3513960904&amp;text=More%20info\" target=\"_blank\" rel=\"noopener\">+39 3513960904<\/a><\/p>\n<p>[\/vc_column_text][\/vc_column][vc_column width=&#8221;1\/2&#8243;]\n<div class=\"wpcf7 no-js\" id=\"wpcf7-f19225-o1\" lang=\"es-ES\" dir=\"ltr\" data-wpcf7-id=\"19225\">\n<div class=\"screen-reader-response\"><p role=\"status\" aria-live=\"polite\" aria-atomic=\"true\"><\/p> <ul><\/ul><\/div>\n<form action=\"\/es\/wp-json\/wp\/v2\/pages\/22300#wpcf7-f19225-o1\" method=\"post\" class=\"wpcf7-form init\" aria-label=\"Formulario de contacto\" novalidate=\"novalidate\" data-status=\"init\">\n<fieldset class=\"hidden-fields-container\"><input type=\"hidden\" name=\"_wpcf7\" value=\"19225\" \/><input type=\"hidden\" name=\"_wpcf7_version\" value=\"6.1.5\" \/><input type=\"hidden\" name=\"_wpcf7_locale\" value=\"es_ES\" \/><input type=\"hidden\" name=\"_wpcf7_unit_tag\" value=\"wpcf7-f19225-o1\" \/><input type=\"hidden\" name=\"_wpcf7_container_post\" value=\"0\" \/><input type=\"hidden\" name=\"_wpcf7_posted_data_hash\" value=\"\" \/>\n<\/fieldset>\n<p><label> Nombre completo<br \/>\n<span class=\"wpcf7-form-control-wrap\" data-name=\"your-name\"><input size=\"40\" maxlength=\"400\" class=\"wpcf7-form-control wpcf7-text wpcf7-validates-as-required\" aria-required=\"true\" aria-invalid=\"false\" value=\"\" type=\"text\" name=\"your-name\" \/><\/span> <\/label>\n<\/p>\n<p><label> Tu correo electr\u00f3nico<br \/>\n<span class=\"wpcf7-form-control-wrap\" data-name=\"your-email\"><input size=\"40\" maxlength=\"400\" class=\"wpcf7-form-control wpcf7-email wpcf7-validates-as-required wpcf7-text wpcf7-validates-as-email\" aria-required=\"true\" aria-invalid=\"false\" value=\"\" type=\"email\" name=\"your-email\" \/><\/span> <\/label>\n<\/p>\n<p><label> Pa\u00eds<br \/>\n<span class=\"wpcf7-form-control-wrap\" data-name=\"countrytext-54\"><input size=\"40\" class=\"wpcf7-form-control wpcf7-countrytext wpcf7-text wpcf7-validates-as-countrytext\" aria-invalid=\"false\" value=\"\" type=\"text\" name=\"countrytext-54\" \/><\/span> <\/label>\n<\/p>\n<p><label> N\u00famero de tel\u00e9fono<br \/>\n<span class=\"wpcf7-form-control-wrap\" data-name=\"phonetext-462\"><input size=\"40\" class=\"wpcf7-form-control wpcf7-phonetext wpcf7-text wpcf7-validates-as-phonetext\" aria-invalid=\"false\" value=\"\" type=\"text\" name=\"phonetext-462\" \/><input type=\"hidden\" name=\"phonetext-462-country-code\" class=\"wpcf7-phonetext-country-code\" \/><\/span> <\/label>\n<\/p>\n<p><label> Mensaje<br \/>\n<span class=\"wpcf7-form-control-wrap\" data-name=\"your-message\"><textarea cols=\"40\" rows=\"10\" maxlength=\"2000\" class=\"wpcf7-form-control wpcf7-textarea\" aria-invalid=\"false\" name=\"your-message\"><\/textarea><\/span> <\/label>\n<\/p>\n<p><input class=\"wpcf7-form-control wpcf7-submit has-spinner\" type=\"submit\" value=\"Enviar\" \/>\n<\/p><div class=\"wpcf7-response-output\" aria-hidden=\"true\"><\/div>\n<\/form>\n<\/div>\n[vc_row_inner][vc_column_inner][vc_column_text]No compartimos tu informaci\u00f3n personal con nadie. Consulta nuestra &#8220;pol\u00edtica de privacidad&#8221; para obtener m\u00e1s informaci\u00f3n[\/vc_column_text][\/vc_column_inner][\/vc_row_inner][\/vc_column][\/vc_row][vc_row][vc_column][vc_column_text][\/vc_column_text][\/vc_column][\/vc_row]<\/p>\n<\/div>","protected":false},"excerpt":{"rendered":"<p>[vc_row full_width=&#8221;stretch_row_content_no_spaces&#8221; css=&#8221;.vc_custom_1616354721852{margin-bottom: 0px !important;padding-top: 50px !important;padding-bottom: 100px !important;background-image: url(https:\/\/sirplay.com\/wp-content\/uploads\/2021\/03\/we-are-sirplay.jpg) !important;}&#8221; el_class=&#8221;text-center slider-moving&#8221;][vc_column css_animation=&#8221;none&#8221; css=&#8221;.vc_custom_1616345350411{margin-top: 25px !important;}&#8221; offset=&#8221;vc_col-xs-12&#8243;][vc_column_text css=&#8221;.vc_custom_1708363833254{margin-top: 30px !important;}&#8221;]El Futuro del Juego: Anonimato, Velocidad y el Poder de la Web3[\/vc_column_text][\/vc_column][\/vc_row][vc_row css=&#8221;.vc_custom_1664189652988{margin-top: 60px !important;margin-bottom: 100px !important;}&#8221;][vc_column width=&#8221;2\/3&#8243;][vc_custom_heading text=&#8221;Plataforma de Casino NO KYC&#8221; font_container=&#8221;tag:h1|font_size:36px|text_align:left|line_height:46px&#8221; use_theme_fonts=&#8221;yes&#8221; css_animation=&#8221;none&#8221; css=&#8221;.vc_custom_1708363935929{margin-bottom: 30px !important;}&#8221;][vc_column_text css=&#8221;.vc_custom_1708363980710{margin-bottom: 60px !important;}&#8221;]En Sirplay, comprendemos el [&hellip;]<\/p>\n","protected":false},"author":3,"featured_media":21372,"parent":0,"menu_order":0,"comment_status":"closed","ping_status":"closed","template":"","meta":{"footnotes":""},"class_list":["post-22300","page","type-page","status-publish","has-post-thumbnail","hentry"],"yoast_head":"<!-- This site is optimized with the Yoast SEO Premium plugin v27.3 (Yoast SEO v27.3) - https:\/\/yoast.com\/product\/yoast-seo-premium-wordpress\/ -->\n<title>Casino sin KYC: Anonimato y Privacidad en el Juego Online<\/title>\n<meta name=\"description\" content=\"El futuro del juego con nuestra plataforma de Casino NO KYC. Disfruta del anonimato, la velocidad y la potencia de Web3 para una experiencia de juego sin interrupciones.\" \/>\n<meta name=\"robots\" content=\"index, follow, max-snippet:-1, max-image-preview:large, max-video-preview:-1\" \/>\n<link rel=\"canonical\" href=\"https:\/\/sirplay.com\/es\/casino-sin-kyc\/\" \/>\n<meta property=\"og:locale\" content=\"es_ES\" \/>\n<meta property=\"og:type\" content=\"article\" \/>\n<meta property=\"og:title\" content=\"Casino sin KYC\" \/>\n<meta property=\"og:description\" content=\"Casino sin KYC\" \/>\n<meta property=\"og:url\" content=\"https:\/\/sirplay.com\/es\/casino-sin-kyc\/\" \/>\n<meta property=\"og:site_name\" content=\"Sirplay\" \/>\n<meta property=\"article:modified_time\" content=\"2026-01-29T16:06:37+00:00\" \/>\n<meta property=\"og:image\" content=\"https:\/\/sirplay.com\/wp-content\/uploads\/2024\/02\/no-kyc-casino-min.jpg\" \/>\n\t<meta property=\"og:image:width\" content=\"250\" \/>\n\t<meta property=\"og:image:height\" content=\"250\" \/>\n\t<meta property=\"og:image:type\" content=\"image\/jpeg\" \/>\n<meta name=\"twitter:card\" content=\"summary_large_image\" \/>\n<meta name=\"twitter:site\" content=\"@sirplay\" \/>\n<meta name=\"twitter:label1\" content=\"Tiempo de lectura\" \/>\n\t<meta name=\"twitter:data1\" content=\"6 minutos\" \/>\n<script type=\"application\/ld+json\" class=\"yoast-schema-graph\">{\"@context\":\"https:\\\/\\\/schema.org\",\"@graph\":[{\"@type\":\"WebPage\",\"@id\":\"https:\\\/\\\/sirplay.com\\\/es\\\/casino-sin-kyc\\\/\",\"url\":\"https:\\\/\\\/sirplay.com\\\/es\\\/casino-sin-kyc\\\/\",\"name\":\"Casino sin KYC: Anonimato y Privacidad en el Juego Online\",\"isPartOf\":{\"@id\":\"https:\\\/\\\/sirplay.com\\\/es\\\/#website\"},\"primaryImageOfPage\":{\"@id\":\"https:\\\/\\\/sirplay.com\\\/es\\\/casino-sin-kyc\\\/#primaryimage\"},\"image\":{\"@id\":\"https:\\\/\\\/sirplay.com\\\/es\\\/casino-sin-kyc\\\/#primaryimage\"},\"thumbnailUrl\":\"https:\\\/\\\/sirplay.com\\\/wp-content\\\/uploads\\\/2024\\\/02\\\/no-kyc-casino-min.jpg\",\"datePublished\":\"2024-10-01T09:54:26+00:00\",\"dateModified\":\"2026-01-29T16:06:37+00:00\",\"description\":\"El futuro del juego con nuestra plataforma de Casino NO KYC. Disfruta del anonimato, la velocidad y la potencia de Web3 para una experiencia de juego sin interrupciones.\",\"breadcrumb\":{\"@id\":\"https:\\\/\\\/sirplay.com\\\/es\\\/casino-sin-kyc\\\/#breadcrumb\"},\"inLanguage\":\"es\",\"potentialAction\":[{\"@type\":\"ReadAction\",\"target\":[\"https:\\\/\\\/sirplay.com\\\/es\\\/casino-sin-kyc\\\/\"]}]},{\"@type\":\"ImageObject\",\"inLanguage\":\"es\",\"@id\":\"https:\\\/\\\/sirplay.com\\\/es\\\/casino-sin-kyc\\\/#primaryimage\",\"url\":\"https:\\\/\\\/sirplay.com\\\/wp-content\\\/uploads\\\/2024\\\/02\\\/no-kyc-casino-min.jpg\",\"contentUrl\":\"https:\\\/\\\/sirplay.com\\\/wp-content\\\/uploads\\\/2024\\\/02\\\/no-kyc-casino-min.jpg\",\"width\":250,\"height\":250},{\"@type\":\"BreadcrumbList\",\"@id\":\"https:\\\/\\\/sirplay.com\\\/es\\\/casino-sin-kyc\\\/#breadcrumb\",\"itemListElement\":[{\"@type\":\"ListItem\",\"position\":1,\"name\":\"Home\",\"item\":\"https:\\\/\\\/sirplay.com\\\/es\\\/\"},{\"@type\":\"ListItem\",\"position\":2,\"name\":\"Casino sin KYC\"}]},{\"@type\":\"WebSite\",\"@id\":\"https:\\\/\\\/sirplay.com\\\/es\\\/#website\",\"url\":\"https:\\\/\\\/sirplay.com\\\/es\\\/\",\"name\":\"Sportsbook software provider\",\"description\":\"Sports betting software online and Retail ssbts  - White label casino\",\"publisher\":{\"@id\":\"https:\\\/\\\/sirplay.com\\\/es\\\/#organization\"},\"alternateName\":\"White label casino\",\"potentialAction\":[{\"@type\":\"SearchAction\",\"target\":{\"@type\":\"EntryPoint\",\"urlTemplate\":\"https:\\\/\\\/sirplay.com\\\/es\\\/?s={search_term_string}\"},\"query-input\":{\"@type\":\"PropertyValueSpecification\",\"valueRequired\":true,\"valueName\":\"search_term_string\"}}],\"inLanguage\":\"es\"},{\"@type\":\"Organization\",\"@id\":\"https:\\\/\\\/sirplay.com\\\/es\\\/#organization\",\"name\":\"Sirplay\",\"alternateName\":\"Sirplay white label\",\"url\":\"https:\\\/\\\/sirplay.com\\\/es\\\/\",\"logo\":{\"@type\":\"ImageObject\",\"inLanguage\":\"es\",\"@id\":\"https:\\\/\\\/sirplay.com\\\/es\\\/#\\\/schema\\\/logo\\\/image\\\/\",\"url\":\"https:\\\/\\\/sirplay.com\\\/wp-content\\\/uploads\\\/2021\\\/03\\\/cropped-sirplayICO.png\",\"contentUrl\":\"https:\\\/\\\/sirplay.com\\\/wp-content\\\/uploads\\\/2021\\\/03\\\/cropped-sirplayICO.png\",\"width\":512,\"height\":512,\"caption\":\"Sirplay\"},\"image\":{\"@id\":\"https:\\\/\\\/sirplay.com\\\/es\\\/#\\\/schema\\\/logo\\\/image\\\/\"},\"sameAs\":[\"https:\\\/\\\/x.com\\\/sirplay\",\"https:\\\/\\\/www.linkedin.com\\\/company\\\/sirplay\",\"https:\\\/\\\/www.youtube.com\\\/user\\\/BookmakerSolutions\"]}]}<\/script>\n<!-- \/ Yoast SEO Premium plugin. -->","yoast_head_json":{"title":"Casino sin KYC: Anonimato y Privacidad en el Juego Online","description":"El futuro del juego con nuestra plataforma de Casino NO KYC. Disfruta del anonimato, la velocidad y la potencia de Web3 para una experiencia de juego sin interrupciones.","robots":{"index":"index","follow":"follow","max-snippet":"max-snippet:-1","max-image-preview":"max-image-preview:large","max-video-preview":"max-video-preview:-1"},"canonical":"https:\/\/sirplay.com\/es\/casino-sin-kyc\/","og_locale":"es_ES","og_type":"article","og_title":"Casino sin KYC","og_description":"Casino sin KYC","og_url":"https:\/\/sirplay.com\/es\/casino-sin-kyc\/","og_site_name":"Sirplay","article_modified_time":"2026-01-29T16:06:37+00:00","og_image":[{"width":250,"height":250,"url":"https:\/\/sirplay.com\/wp-content\/uploads\/2024\/02\/no-kyc-casino-min.jpg","type":"image\/jpeg"}],"twitter_card":"summary_large_image","twitter_site":"@sirplay","twitter_misc":{"Tiempo de lectura":"6 minutos"},"schema":{"@context":"https:\/\/schema.org","@graph":[{"@type":"WebPage","@id":"https:\/\/sirplay.com\/es\/casino-sin-kyc\/","url":"https:\/\/sirplay.com\/es\/casino-sin-kyc\/","name":"Casino sin KYC: Anonimato y Privacidad en el Juego Online","isPartOf":{"@id":"https:\/\/sirplay.com\/es\/#website"},"primaryImageOfPage":{"@id":"https:\/\/sirplay.com\/es\/casino-sin-kyc\/#primaryimage"},"image":{"@id":"https:\/\/sirplay.com\/es\/casino-sin-kyc\/#primaryimage"},"thumbnailUrl":"https:\/\/sirplay.com\/wp-content\/uploads\/2024\/02\/no-kyc-casino-min.jpg","datePublished":"2024-10-01T09:54:26+00:00","dateModified":"2026-01-29T16:06:37+00:00","description":"El futuro del juego con nuestra plataforma de Casino NO KYC. Disfruta del anonimato, la velocidad y la potencia de Web3 para una experiencia de juego sin interrupciones.","breadcrumb":{"@id":"https:\/\/sirplay.com\/es\/casino-sin-kyc\/#breadcrumb"},"inLanguage":"es","potentialAction":[{"@type":"ReadAction","target":["https:\/\/sirplay.com\/es\/casino-sin-kyc\/"]}]},{"@type":"ImageObject","inLanguage":"es","@id":"https:\/\/sirplay.com\/es\/casino-sin-kyc\/#primaryimage","url":"https:\/\/sirplay.com\/wp-content\/uploads\/2024\/02\/no-kyc-casino-min.jpg","contentUrl":"https:\/\/sirplay.com\/wp-content\/uploads\/2024\/02\/no-kyc-casino-min.jpg","width":250,"height":250},{"@type":"BreadcrumbList","@id":"https:\/\/sirplay.com\/es\/casino-sin-kyc\/#breadcrumb","itemListElement":[{"@type":"ListItem","position":1,"name":"Home","item":"https:\/\/sirplay.com\/es\/"},{"@type":"ListItem","position":2,"name":"Casino sin KYC"}]},{"@type":"WebSite","@id":"https:\/\/sirplay.com\/es\/#website","url":"https:\/\/sirplay.com\/es\/","name":"Sportsbook software provider","description":"Sports betting software online and Retail ssbts  - White label casino","publisher":{"@id":"https:\/\/sirplay.com\/es\/#organization"},"alternateName":"White label casino","potentialAction":[{"@type":"SearchAction","target":{"@type":"EntryPoint","urlTemplate":"https:\/\/sirplay.com\/es\/?s={search_term_string}"},"query-input":{"@type":"PropertyValueSpecification","valueRequired":true,"valueName":"search_term_string"}}],"inLanguage":"es"},{"@type":"Organization","@id":"https:\/\/sirplay.com\/es\/#organization","name":"Sirplay","alternateName":"Sirplay white label","url":"https:\/\/sirplay.com\/es\/","logo":{"@type":"ImageObject","inLanguage":"es","@id":"https:\/\/sirplay.com\/es\/#\/schema\/logo\/image\/","url":"https:\/\/sirplay.com\/wp-content\/uploads\/2021\/03\/cropped-sirplayICO.png","contentUrl":"https:\/\/sirplay.com\/wp-content\/uploads\/2021\/03\/cropped-sirplayICO.png","width":512,"height":512,"caption":"Sirplay"},"image":{"@id":"https:\/\/sirplay.com\/es\/#\/schema\/logo\/image\/"},"sameAs":["https:\/\/x.com\/sirplay","https:\/\/www.linkedin.com\/company\/sirplay","https:\/\/www.youtube.com\/user\/BookmakerSolutions"]}]}},"_links":{"self":[{"href":"https:\/\/sirplay.com\/es\/wp-json\/wp\/v2\/pages\/22300","targetHints":{"allow":["GET"]}}],"collection":[{"href":"https:\/\/sirplay.com\/es\/wp-json\/wp\/v2\/pages"}],"about":[{"href":"https:\/\/sirplay.com\/es\/wp-json\/wp\/v2\/types\/page"}],"author":[{"embeddable":true,"href":"https:\/\/sirplay.com\/es\/wp-json\/wp\/v2\/users\/3"}],"replies":[{"embeddable":true,"href":"https:\/\/sirplay.com\/es\/wp-json\/wp\/v2\/comments?post=22300"}],"version-history":[{"count":5,"href":"https:\/\/sirplay.com\/es\/wp-json\/wp\/v2\/pages\/22300\/revisions"}],"predecessor-version":[{"id":22775,"href":"https:\/\/sirplay.com\/es\/wp-json\/wp\/v2\/pages\/22300\/revisions\/22775"}],"wp:featuredmedia":[{"embeddable":true,"href":"https:\/\/sirplay.com\/es\/wp-json\/wp\/v2\/media\/21372"}],"wp:attachment":[{"href":"https:\/\/sirplay.com\/es\/wp-json\/wp\/v2\/media?parent=22300"}],"curies":[{"name":"wp","href":"https:\/\/api.w.org\/{rel}","templated":true}]}}