{"id":18813,"date":"2021-06-04T09:37:10","date_gmt":"2021-06-04T09:37:10","guid":{"rendered":"https:\/\/sirplay.com\/terminaux-de-paris-betting\/"},"modified":"2024-06-09T08:01:14","modified_gmt":"2024-06-09T08:01:14","slug":"terminaux-de-paris-betting","status":"publish","type":"page","link":"https:\/\/sirplay.com\/fr\/terminaux-de-paris-betting\/","title":{"rendered":"Terminaux de paris &#8211; Betting"},"content":{"rendered":"<div class=\"wpb-content-wrapper\"><p>[vc_row][vc_column][vc_column_text]<strong>Nos terminaux de paris au d\u00e9tail sont con\u00e7us pour \u00eatre des solutions tout-en-un<\/strong>\u00a0avec une\u00a0<strong>imprimante<\/strong>, un\u00a0<strong>POS<\/strong>, un syst\u00e8me Android\u00a0et notre logiciel de paris pr\u00eat -\u00e0 emporter.<\/p>\n<p>Pour cr\u00e9er une exp\u00e9rience en magasin rentable et attrayante, visitez la section Terminaux de paris sportifs\u00a0:\u00a0<a href=\"https:\/\/sirplay.com\/sports-betting-software\/retail-solutions\/\">Plateforme omnicanale pour g\u00e9rer la vente au d\u00e9tail solutions<\/a><\/p>\n<p>Quand nous disons &#8211; Sirplay est l&#8217;expert en solutions de jeux offrant le meilleur &#8211; nous voulons dire que nous le faisons \u00e9galement pour vos magasins de paris.<\/p>\n<p>Ils peuvent tenir dans votre paume, ce qui signifie qu&#8217;ils sont <strong>parfaits \u00e9galement pour les plus petits magasins de paris<\/strong>.[\/vc_column_text][\/vc_column][\/vc_row][vc_row css=&#8221;.vc_custom_1541546704203{margin-top: 30px !important;margin-bottom: 100px !important;}&#8221;][vc_column][vc_row_inner css=&#8221;.vc_custom_1541538802692{margin-top: 65px !important;}&#8221;][vc_column_inner width=&#8221;1\/2&#8243;][vc_custom_heading text=&#8221;Terminaux de paris sportifs tout-en-un Android POS&#8221; font_container=&#8221;tag:h2|font_size:40px|text_align:left|color:%23a0c528|line_height:40px&#8221; use_theme_fonts=&#8221;yes&#8221; css_animation=&#8221;none&#8221; css=&#8221;.vc_custom_1622741815768{margin-top: 3px !important;margin-bottom: 35px !important;}&#8221;][vc_single_image image=&#8221;18589&#8243; img_size=&#8221;full&#8221; alignment=&#8221;center&#8221;][vc_column_text css_animation=&#8221;none&#8221; css=&#8221;.vc_custom_1621012798328{margin-bottom: 45px !important;}&#8221;]<\/p>\n<p style=\"max-width: 500px; margin-bottom: 30px;\"><strong>OS Android<\/strong> &#8211; derni\u00e8re version<br \/>\nConnectivit\u00e9 Wi-Fi + R\u00e9seau 4g<br \/>\nDouble carte SIM<br \/>\nLecteur de code-barres<br \/>\nACL 5\u2033<br \/>\nClavier<br \/>\nM\u00e9moire interne extensible<br \/>\nLecteur de carte sans contact<br \/>\nAppareil photo 5MP[\/vc_column_text][vc_column_text css_animation=&#8221;none&#8221;]<\/p>\n<div class=\"niva-separator\" style=\"height: 4px; background: #A0C528; width: 60px; border-radius: 5px;\"><\/div>\n<p>[\/vc_column_text][\/vc_column_inner][vc_column_inner width=&#8221;1\/2&#8243; offset=&#8221;vc_hidden-xs&#8221; css=&#8221;.vc_custom_1621013239504{background-color: #a0c528 !important;}&#8221;][vc_single_image image=&#8221;18628&#8243; img_size=&#8221;full&#8221; alignment=&#8221;center&#8221;][vc_custom_heading text=&#8221;Terminaux de paris sportifs tout-en-un android POS&#8221; font_container=&#8221;tag:h2|font_size:40px|text_align:left|color:%23ffffff|line_height:40px&#8221; use_theme_fonts=&#8221;yes&#8221; css_animation=&#8221;none&#8221; css=&#8221;.vc_custom_1621013256057{margin-top: 3px !important;margin-bottom: 35px !important;}&#8221;][vc_column_text]<\/p>\n<p style=\"color: #ffffff;\"><strong>Android<\/strong> dernier syst\u00e8me d&#8217;exploitation<br \/>\nBluetooth 4.0 int\u00e9gr\u00e9<br \/>\nConnectivit\u00e9 Wi-Fi + r\u00e9seau 3g\/4g<br \/>\nImprimante thermique 58 mm int\u00e9gr\u00e9e<br \/>\nNFC\/cartes \u00e0 puce\/cartes \u00e0 bande magn\u00e9tique prises en charge<br \/>\nScanner de codes-barres 1D et 2D<br \/>\nGPS int\u00e9gr\u00e9<br \/>\nDouble affichage : \u00e9cran tactile et affichage client<br \/>\nACL 7\u2033[\/vc_column_text][\/vc_column_inner][\/vc_row_inner][vc_row_inner css=&#8221;.vc_custom_1541538802692{margin-top: 65px !important;}&#8221;][vc_column_inner width=&#8221;1\/2&#8243; offset=&#8221;vc_hidden-xs&#8221; css=&#8221;.vc_custom_1621013239504{background-color: #a0c528 !important;}&#8221;][vc_single_image image=&#8221;18638&#8243; img_size=&#8221;full&#8221; alignment=&#8221;center&#8221;][vc_custom_heading text=&#8221;Imprimante bluetooth mini ticket portable&#8221; font_container=&#8221;tag:h2|font_size:40px|text_align:left|color:%23ffffff|line_height:40px&#8221; use_theme_fonts=&#8221;yes&#8221; css_animation=&#8221;none&#8221; css=&#8221;.vc_custom_1621417419903{margin-top: 3px !important;margin-bottom: 35px !important;}&#8221;][vc_column_text]<\/p>\n<p style=\"color: #ffffff;\"><strong>Design Hi-Tech<\/strong><br \/>\nDimensions mini adapt\u00e9es \u00e0 votre poche \u2013 110 mm x 45 mm x 85 mm<br \/>\nConnectivit\u00e9 Wi-Fi Bluetooth int\u00e9gr\u00e9e + r\u00e9seau 2g\/3g\/4g<br \/>\nPrise en charge du code \u00e0 barres 1d\/2d<br \/>\nImprimante thermique int\u00e9gr\u00e9e, avec une autonomie de 10m ![\/vc_column_text][\/vc_column_inner][vc_column_inner width=&#8221;1\/2&#8243;][vc_custom_heading text=&#8221;Mini imprimante de tickets Android&#8221; font_container=&#8221;tag:h2|font_size:40px|text_align:left|color:%23a0c528|line_height:40px&#8221; use_theme_fonts=&#8221;yes&#8221; css_animation=&#8221;none&#8221; css=&#8221;.vc_custom_1621417910064{margin-top: 3px !important;margin-bottom: 35px !important;}&#8221;][vc_single_image image=&#8221;18648&#8243; img_size=&#8221;full&#8221; alignment=&#8221;center&#8221;][vc_column_text css_animation=&#8221;none&#8221; css=&#8221;.vc_custom_1621417966198{margin-bottom: 45px !important;}&#8221;]<\/p>\n<p style=\"max-width: 500px; margin-bottom: 30px;\"><strong>Android<\/strong> dernier syst\u00e8me d&#8217;exploitation<br \/>\nConnectivit\u00e9 Wi-Fi + r\u00e9seau 3g \/4g<br \/>\nCode-barres 2D + scanner de code QR int\u00e9gr\u00e9<br \/>\nImprimante thermique 58 mm int\u00e9gr\u00e9e<br \/>\nACL 5,5&#8243;<br \/>\nBatterie 5200 mAh[\/vc_column_text][vc_column_text css_animation=&#8221;none&#8221;]<\/p>\n<div class=\"niva-separator\" style=\"height: 4px; background: #A0C528; width: 60px; border-radius: 5px;\"><\/div>\n<p>[\/vc_column_text][\/vc_column_inner][\/vc_row_inner][vc_row_inner css=&#8221;.vc_custom_1541538802692{margin-top: 65px !important;}&#8221;][vc_column_inner width=&#8221;1\/2&#8243;][vc_custom_heading text=&#8221;Imprimante Bluetooth thermique pos mobile&#8221; font_container=&#8221;tag:h2|font_size:40px|text_align:left|color:%23a0c528|line_height:40px&#8221; use_theme_fonts=&#8221;yes&#8221; css_animation=&#8221;none&#8221; css=&#8221;.vc_custom_1621418068629{margin-top: 3px !important;margin-bottom: 35px !important;}&#8221;][vc_single_image image=&#8221;18658&#8243; img_size=&#8221;full&#8221; alignment=&#8221;center&#8221;][vc_column_text css_animation=&#8221;none&#8221; css=&#8221;.vc_custom_1621418282987{margin-bottom: 45px !important;}&#8221;]<\/p>\n<p style=\"max-width: 500px; margin-bottom: 30px;\"><strong>M\u00e9canisme d&#8217;impression large de 3\u00a0pouces<\/strong><br \/>\nDimensions du montage \u00e0 une main<br \/>\nConnectivit\u00e9 Wi-Fi + Bluetooth 2.0\/3.0<br \/>\nPrise en charge du code \u00e0 barres 2D<br \/>\n<strong>Imprimante thermique 78\/58 mm int\u00e9gr\u00e9e<\/strong><br \/>\nLecteur sans contact\/magn\u00e9tique\/carte \u00e0 puce[\/vc_column_text][vc_column_text css_animation=&#8221;none&#8221;]<\/p>\n<div class=\"niva-separator\" style=\"height: 4px; background: #A0C528; width: 60px; border-radius: 5px;\"><\/div>\n<p>[\/vc_column_text][\/vc_column_inner][vc_column_inner width=&#8221;1\/2&#8243; offset=&#8221;vc_hidden-xs&#8221; css=&#8221;.vc_custom_1621013239504{background-color: #a0c528 !important;}&#8221;][vc_custom_heading text=&#8221;Contactez-nous pour en savoir plus ou avoir une d\u00e9monstration des meilleurs terminaux de paris du secteur.&#8221; font_container=&#8221;tag:h3|font_size:30px|text_align:left|color:%23ffffff|line_height:30px&#8221; use_theme_fonts=&#8221;yes&#8221; css_animation=&#8221;none&#8221; css=&#8221;.vc_custom_1621418431855{margin-top: 3px !important;margin-bottom: 35px !important;}&#8221;]\n<div class=\"wpcf7 no-js\" id=\"wpcf7-f19228-o1\" lang=\"fr-FR\" dir=\"ltr\" data-wpcf7-id=\"19228\">\n<div class=\"screen-reader-response\"><p role=\"status\" aria-live=\"polite\" aria-atomic=\"true\"><\/p> <ul><\/ul><\/div>\n<form action=\"\/fr\/wp-json\/wp\/v2\/pages\/18813#wpcf7-f19228-o1\" method=\"post\" class=\"wpcf7-form init\" aria-label=\"Formulaire de contact\" novalidate=\"novalidate\" data-status=\"init\">\n<fieldset class=\"hidden-fields-container\"><input type=\"hidden\" name=\"_wpcf7\" value=\"19228\" \/><input type=\"hidden\" name=\"_wpcf7_version\" value=\"6.1.5\" \/><input type=\"hidden\" name=\"_wpcf7_locale\" value=\"fr_FR\" \/><input type=\"hidden\" name=\"_wpcf7_unit_tag\" value=\"wpcf7-f19228-o1\" \/><input type=\"hidden\" name=\"_wpcf7_container_post\" value=\"0\" \/><input type=\"hidden\" name=\"_wpcf7_posted_data_hash\" value=\"\" \/>\n<\/fieldset>\n<p><label> Nom et pr\u00e9nom<br \/>\n<span class=\"wpcf7-form-control-wrap\" data-name=\"your-name\"><input size=\"40\" maxlength=\"400\" class=\"wpcf7-form-control wpcf7-text wpcf7-validates-as-required\" aria-required=\"true\" aria-invalid=\"false\" value=\"\" type=\"text\" name=\"your-name\" \/><\/span> <\/label>\n<\/p>\n<p><label> Votre e-mail<br \/>\n<span class=\"wpcf7-form-control-wrap\" data-name=\"your-email\"><input size=\"40\" maxlength=\"400\" class=\"wpcf7-form-control wpcf7-email wpcf7-validates-as-required wpcf7-text wpcf7-validates-as-email\" aria-required=\"true\" aria-invalid=\"false\" value=\"\" type=\"email\" name=\"your-email\" \/><\/span> <\/label>\n<\/p>\n<p><label> Pays<br \/>\n<span class=\"wpcf7-form-control-wrap\" data-name=\"countrytext-54\"><input size=\"40\" class=\"wpcf7-form-control wpcf7-countrytext wpcf7-text wpcf7-validates-as-countrytext\" aria-invalid=\"false\" value=\"\" type=\"text\" name=\"countrytext-54\" \/><\/span> <\/label>\n<\/p>\n<p><label> Num\u00e9ro de t\u00e9l\u00e9phone<br \/>\n<span class=\"wpcf7-form-control-wrap\" data-name=\"phonetext-462\"><input size=\"40\" class=\"wpcf7-form-control wpcf7-phonetext wpcf7-text wpcf7-validates-as-phonetext\" aria-invalid=\"false\" value=\"\" type=\"text\" name=\"phonetext-462\" \/><input type=\"hidden\" name=\"phonetext-462-country-code\" class=\"wpcf7-phonetext-country-code\" \/><\/span> <\/label>\n<\/p>\n<p><label> Un message<br \/>\n<span class=\"wpcf7-form-control-wrap\" data-name=\"your-message\"><textarea cols=\"40\" rows=\"10\" maxlength=\"2000\" class=\"wpcf7-form-control wpcf7-textarea\" aria-invalid=\"false\" name=\"your-message\"><\/textarea><\/span> <\/label>\n<\/p>\n<p><input class=\"wpcf7-form-control wpcf7-submit has-spinner\" type=\"submit\" value=\"Submit\" \/>\n<\/p><div class=\"wpcf7-response-output\" aria-hidden=\"true\"><\/div>\n<\/form>\n<\/div>\n[\/vc_column_inner][\/vc_row_inner][\/vc_column][\/vc_row][vc_row full_width=&#8221;stretch_row&#8221; css=&#8221;.vc_custom_1621418719491{margin-bottom: 0px !important;padding-top: 25px !important;padding-bottom: 25px !important;background-color: #a0c528 !important;}&#8221;][vc_column css=&#8221;.vc_custom_1538908117168{padding-top: 0px !important;}&#8221;][vc_custom_heading text=&#8221;Si vous recherchez des bornes pour vos boutiques de paris ou des bornes libre-service pour Casino, veuillez visiter notre section pour les solutions de vente au d\u00e9tail.&#8221; font_container=&#8221;tag:h3|font_size:22px|text_align:center|color:%23ffffff|line_height:24px&#8221; use_theme_fonts=&#8221;yes&#8221; css=&#8221;.vc_custom_1621419721581{margin-top: 0px !important;margin-bottom: 0px !important;}&#8221; link=&#8221;url:https%3A%2F%2Fsirplay.com%2Fsports-betting-software%2Fretail-solutions%2F|title:Solutions%20de%20vente%20au%20d%C3%A9tail|target:_blank|&#8221;][\/vc_column][\/vc_row]<\/p>\n<\/div>","protected":false},"excerpt":{"rendered":"<p>[vc_row][vc_column][vc_column_text]Nos terminaux de paris au d\u00e9tail sont con\u00e7us pour \u00eatre des solutions tout-en-un\u00a0avec une\u00a0imprimante, un\u00a0POS, un syst\u00e8me Android\u00a0et notre logiciel de paris pr\u00eat -\u00e0 emporter. Pour cr\u00e9er une exp\u00e9rience en magasin rentable et attrayante, visitez la section Terminaux de paris sportifs\u00a0:\u00a0Plateforme omnicanale pour g\u00e9rer la vente au d\u00e9tail solutions Quand nous disons &#8211; Sirplay est [&hellip;]<\/p>\n","protected":false},"author":1,"featured_media":18648,"parent":0,"menu_order":0,"comment_status":"closed","ping_status":"closed","template":"","meta":{"footnotes":""},"class_list":["post-18813","page","type-page","status-publish","has-post-thumbnail","hentry"],"yoast_head":"<!-- This site is optimized with the Yoast SEO Premium plugin v27.3 (Yoast SEO v27.3) - https:\/\/yoast.com\/product\/yoast-seo-premium-wordpress\/ -->\n<title>Terminaux de paris - Betting - Sirplay<\/title>\n<meta name=\"description\" content=\"Nos terminaux de paris au d\u00e9tail sont con\u00e7us pour \u00eatre des solutions tout-en-un avec une imprimante, un POS, un syst\u00e8me Android et notre logiciel de\" \/>\n<meta name=\"robots\" content=\"index, follow, max-snippet:-1, max-image-preview:large, max-video-preview:-1\" \/>\n<link rel=\"canonical\" href=\"https:\/\/sirplay.com\/fr\/terminaux-de-paris-betting\/\" \/>\n<meta property=\"og:locale\" content=\"fr_FR\" \/>\n<meta property=\"og:type\" content=\"article\" \/>\n<meta property=\"og:title\" content=\"Terminaux de paris - Betting\" \/>\n<meta property=\"og:description\" content=\"Terminaux de paris - Betting\" \/>\n<meta property=\"og:url\" content=\"https:\/\/sirplay.com\/fr\/terminaux-de-paris-betting\/\" \/>\n<meta property=\"og:site_name\" content=\"Sirplay\" \/>\n<meta property=\"article:modified_time\" content=\"2024-06-09T08:01:14+00:00\" \/>\n<meta property=\"og:image\" content=\"https:\/\/sirplay.com\/wp-content\/uploads\/2021\/05\/android-mini-ticket-printer.jpg\" \/>\n\t<meta property=\"og:image:width\" content=\"522\" \/>\n\t<meta property=\"og:image:height\" content=\"471\" \/>\n\t<meta property=\"og:image:type\" content=\"image\/jpeg\" \/>\n<meta name=\"twitter:card\" content=\"summary_large_image\" \/>\n<meta name=\"twitter:site\" content=\"@sirplay\" \/>\n<meta name=\"twitter:label1\" content=\"Dur\u00e9e de lecture estim\u00e9e\" \/>\n\t<meta name=\"twitter:data1\" content=\"3 minutes\" \/>\n<script type=\"application\/ld+json\" class=\"yoast-schema-graph\">{\"@context\":\"https:\\\/\\\/schema.org\",\"@graph\":[{\"@type\":\"WebPage\",\"@id\":\"https:\\\/\\\/sirplay.com\\\/fr\\\/terminaux-de-paris-betting\\\/\",\"url\":\"https:\\\/\\\/sirplay.com\\\/fr\\\/terminaux-de-paris-betting\\\/\",\"name\":\"Terminaux de paris - Betting - Sirplay\",\"isPartOf\":{\"@id\":\"https:\\\/\\\/sirplay.com\\\/fr\\\/#website\"},\"primaryImageOfPage\":{\"@id\":\"https:\\\/\\\/sirplay.com\\\/fr\\\/terminaux-de-paris-betting\\\/#primaryimage\"},\"image\":{\"@id\":\"https:\\\/\\\/sirplay.com\\\/fr\\\/terminaux-de-paris-betting\\\/#primaryimage\"},\"thumbnailUrl\":\"https:\\\/\\\/sirplay.com\\\/wp-content\\\/uploads\\\/2021\\\/05\\\/android-mini-ticket-printer.jpg\",\"datePublished\":\"2021-06-04T09:37:10+00:00\",\"dateModified\":\"2024-06-09T08:01:14+00:00\",\"description\":\"Nos terminaux de paris au d\u00e9tail sont con\u00e7us pour \u00eatre des solutions tout-en-un avec une imprimante, un POS, un syst\u00e8me Android et notre logiciel de\",\"breadcrumb\":{\"@id\":\"https:\\\/\\\/sirplay.com\\\/fr\\\/terminaux-de-paris-betting\\\/#breadcrumb\"},\"inLanguage\":\"fr-FR\",\"potentialAction\":[{\"@type\":\"ReadAction\",\"target\":[\"https:\\\/\\\/sirplay.com\\\/fr\\\/terminaux-de-paris-betting\\\/\"]}]},{\"@type\":\"ImageObject\",\"inLanguage\":\"fr-FR\",\"@id\":\"https:\\\/\\\/sirplay.com\\\/fr\\\/terminaux-de-paris-betting\\\/#primaryimage\",\"url\":\"https:\\\/\\\/sirplay.com\\\/wp-content\\\/uploads\\\/2021\\\/05\\\/android-mini-ticket-printer.jpg\",\"contentUrl\":\"https:\\\/\\\/sirplay.com\\\/wp-content\\\/uploads\\\/2021\\\/05\\\/android-mini-ticket-printer.jpg\",\"width\":522,\"height\":471,\"caption\":\"mini imprimante de billets android\"},{\"@type\":\"BreadcrumbList\",\"@id\":\"https:\\\/\\\/sirplay.com\\\/fr\\\/terminaux-de-paris-betting\\\/#breadcrumb\",\"itemListElement\":[{\"@type\":\"ListItem\",\"position\":1,\"name\":\"Home\",\"item\":\"https:\\\/\\\/sirplay.com\\\/fr\\\/\"},{\"@type\":\"ListItem\",\"position\":2,\"name\":\"Terminaux de paris &#8211; Betting\"}]},{\"@type\":\"WebSite\",\"@id\":\"https:\\\/\\\/sirplay.com\\\/fr\\\/#website\",\"url\":\"https:\\\/\\\/sirplay.com\\\/fr\\\/\",\"name\":\"Sportsbook software provider\",\"description\":\"Sports betting software online and Retail ssbts  - White label casino\",\"publisher\":{\"@id\":\"https:\\\/\\\/sirplay.com\\\/fr\\\/#organization\"},\"alternateName\":\"White label casino\",\"potentialAction\":[{\"@type\":\"SearchAction\",\"target\":{\"@type\":\"EntryPoint\",\"urlTemplate\":\"https:\\\/\\\/sirplay.com\\\/fr\\\/?s={search_term_string}\"},\"query-input\":{\"@type\":\"PropertyValueSpecification\",\"valueRequired\":true,\"valueName\":\"search_term_string\"}}],\"inLanguage\":\"fr-FR\"},{\"@type\":\"Organization\",\"@id\":\"https:\\\/\\\/sirplay.com\\\/fr\\\/#organization\",\"name\":\"Sirplay\",\"alternateName\":\"Sirplay white label\",\"url\":\"https:\\\/\\\/sirplay.com\\\/fr\\\/\",\"logo\":{\"@type\":\"ImageObject\",\"inLanguage\":\"fr-FR\",\"@id\":\"https:\\\/\\\/sirplay.com\\\/fr\\\/#\\\/schema\\\/logo\\\/image\\\/\",\"url\":\"https:\\\/\\\/sirplay.com\\\/wp-content\\\/uploads\\\/2021\\\/03\\\/cropped-sirplayICO.png\",\"contentUrl\":\"https:\\\/\\\/sirplay.com\\\/wp-content\\\/uploads\\\/2021\\\/03\\\/cropped-sirplayICO.png\",\"width\":512,\"height\":512,\"caption\":\"Sirplay\"},\"image\":{\"@id\":\"https:\\\/\\\/sirplay.com\\\/fr\\\/#\\\/schema\\\/logo\\\/image\\\/\"},\"sameAs\":[\"https:\\\/\\\/x.com\\\/sirplay\",\"https:\\\/\\\/www.linkedin.com\\\/company\\\/sirplay\",\"https:\\\/\\\/www.youtube.com\\\/user\\\/BookmakerSolutions\"]}]}<\/script>\n<!-- \/ Yoast SEO Premium plugin. -->","yoast_head_json":{"title":"Terminaux de paris - Betting - Sirplay","description":"Nos terminaux de paris au d\u00e9tail sont con\u00e7us pour \u00eatre des solutions tout-en-un avec une imprimante, un POS, un syst\u00e8me Android et notre logiciel de","robots":{"index":"index","follow":"follow","max-snippet":"max-snippet:-1","max-image-preview":"max-image-preview:large","max-video-preview":"max-video-preview:-1"},"canonical":"https:\/\/sirplay.com\/fr\/terminaux-de-paris-betting\/","og_locale":"fr_FR","og_type":"article","og_title":"Terminaux de paris - Betting","og_description":"Terminaux de paris - Betting","og_url":"https:\/\/sirplay.com\/fr\/terminaux-de-paris-betting\/","og_site_name":"Sirplay","article_modified_time":"2024-06-09T08:01:14+00:00","og_image":[{"width":522,"height":471,"url":"https:\/\/sirplay.com\/wp-content\/uploads\/2021\/05\/android-mini-ticket-printer.jpg","type":"image\/jpeg"}],"twitter_card":"summary_large_image","twitter_site":"@sirplay","twitter_misc":{"Dur\u00e9e de lecture estim\u00e9e":"3 minutes"},"schema":{"@context":"https:\/\/schema.org","@graph":[{"@type":"WebPage","@id":"https:\/\/sirplay.com\/fr\/terminaux-de-paris-betting\/","url":"https:\/\/sirplay.com\/fr\/terminaux-de-paris-betting\/","name":"Terminaux de paris - Betting - Sirplay","isPartOf":{"@id":"https:\/\/sirplay.com\/fr\/#website"},"primaryImageOfPage":{"@id":"https:\/\/sirplay.com\/fr\/terminaux-de-paris-betting\/#primaryimage"},"image":{"@id":"https:\/\/sirplay.com\/fr\/terminaux-de-paris-betting\/#primaryimage"},"thumbnailUrl":"https:\/\/sirplay.com\/wp-content\/uploads\/2021\/05\/android-mini-ticket-printer.jpg","datePublished":"2021-06-04T09:37:10+00:00","dateModified":"2024-06-09T08:01:14+00:00","description":"Nos terminaux de paris au d\u00e9tail sont con\u00e7us pour \u00eatre des solutions tout-en-un avec une imprimante, un POS, un syst\u00e8me Android et notre logiciel de","breadcrumb":{"@id":"https:\/\/sirplay.com\/fr\/terminaux-de-paris-betting\/#breadcrumb"},"inLanguage":"fr-FR","potentialAction":[{"@type":"ReadAction","target":["https:\/\/sirplay.com\/fr\/terminaux-de-paris-betting\/"]}]},{"@type":"ImageObject","inLanguage":"fr-FR","@id":"https:\/\/sirplay.com\/fr\/terminaux-de-paris-betting\/#primaryimage","url":"https:\/\/sirplay.com\/wp-content\/uploads\/2021\/05\/android-mini-ticket-printer.jpg","contentUrl":"https:\/\/sirplay.com\/wp-content\/uploads\/2021\/05\/android-mini-ticket-printer.jpg","width":522,"height":471,"caption":"mini imprimante de billets android"},{"@type":"BreadcrumbList","@id":"https:\/\/sirplay.com\/fr\/terminaux-de-paris-betting\/#breadcrumb","itemListElement":[{"@type":"ListItem","position":1,"name":"Home","item":"https:\/\/sirplay.com\/fr\/"},{"@type":"ListItem","position":2,"name":"Terminaux de paris &#8211; Betting"}]},{"@type":"WebSite","@id":"https:\/\/sirplay.com\/fr\/#website","url":"https:\/\/sirplay.com\/fr\/","name":"Sportsbook software provider","description":"Sports betting software online and Retail ssbts  - White label casino","publisher":{"@id":"https:\/\/sirplay.com\/fr\/#organization"},"alternateName":"White label casino","potentialAction":[{"@type":"SearchAction","target":{"@type":"EntryPoint","urlTemplate":"https:\/\/sirplay.com\/fr\/?s={search_term_string}"},"query-input":{"@type":"PropertyValueSpecification","valueRequired":true,"valueName":"search_term_string"}}],"inLanguage":"fr-FR"},{"@type":"Organization","@id":"https:\/\/sirplay.com\/fr\/#organization","name":"Sirplay","alternateName":"Sirplay white label","url":"https:\/\/sirplay.com\/fr\/","logo":{"@type":"ImageObject","inLanguage":"fr-FR","@id":"https:\/\/sirplay.com\/fr\/#\/schema\/logo\/image\/","url":"https:\/\/sirplay.com\/wp-content\/uploads\/2021\/03\/cropped-sirplayICO.png","contentUrl":"https:\/\/sirplay.com\/wp-content\/uploads\/2021\/03\/cropped-sirplayICO.png","width":512,"height":512,"caption":"Sirplay"},"image":{"@id":"https:\/\/sirplay.com\/fr\/#\/schema\/logo\/image\/"},"sameAs":["https:\/\/x.com\/sirplay","https:\/\/www.linkedin.com\/company\/sirplay","https:\/\/www.youtube.com\/user\/BookmakerSolutions"]}]}},"_links":{"self":[{"href":"https:\/\/sirplay.com\/fr\/wp-json\/wp\/v2\/pages\/18813","targetHints":{"allow":["GET"]}}],"collection":[{"href":"https:\/\/sirplay.com\/fr\/wp-json\/wp\/v2\/pages"}],"about":[{"href":"https:\/\/sirplay.com\/fr\/wp-json\/wp\/v2\/types\/page"}],"author":[{"embeddable":true,"href":"https:\/\/sirplay.com\/fr\/wp-json\/wp\/v2\/users\/1"}],"replies":[{"embeddable":true,"href":"https:\/\/sirplay.com\/fr\/wp-json\/wp\/v2\/comments?post=18813"}],"version-history":[{"count":2,"href":"https:\/\/sirplay.com\/fr\/wp-json\/wp\/v2\/pages\/18813\/revisions"}],"predecessor-version":[{"id":21541,"href":"https:\/\/sirplay.com\/fr\/wp-json\/wp\/v2\/pages\/18813\/revisions\/21541"}],"wp:featuredmedia":[{"embeddable":true,"href":"https:\/\/sirplay.com\/fr\/wp-json\/wp\/v2\/media\/18648"}],"wp:attachment":[{"href":"https:\/\/sirplay.com\/fr\/wp-json\/wp\/v2\/media?parent=18813"}],"curies":[{"name":"wp","href":"https:\/\/api.w.org\/{rel}","templated":true}]}}