{"id":18839,"date":"2021-06-04T10:19:21","date_gmt":"2021-06-04T10:19:21","guid":{"rendered":"https:\/\/sirplay.com\/logiciel-de-paris-sportifs-bitcoin\/"},"modified":"2024-06-10T09:55:22","modified_gmt":"2024-06-10T09:55:22","slug":"logiciel-de-paris-sportifs-bitcoin","status":"publish","type":"page","link":"https:\/\/sirplay.com\/fr\/logiciel-de-paris-sportifs-bitcoin\/","title":{"rendered":"logiciel de paris sportifs bitcoin"},"content":{"rendered":"<div class=\"wpb-content-wrapper\"><p>[vc_row][vc_column]<div class=\"title-subtile-holder text-center\"><h6 class=\"section-title  dark_title\">Logiciel de paris sportifs Bitcoin<\/h6><h1 class=\"section-subtitle  dark_subtitle\">Crypto Betting &amp; Casino<\/h1><p class=\"section-description  dark_description\">D\u00e9marrez votre logiciel de paris sportifs Bitcoin<\/p><\/div>[\/vc_column][\/vc_row][vc_row css=&#8221;.vc_custom_1617808948945{margin-top: 60px !important;}&#8221;][vc_column width=&#8221;1\/2&#8243;][vc_column_text css=&#8221;&#8221;]<\/p>\n<p>Sirplay lance son premier logiciel de paris sportifs Bitcoin enti\u00e8rement converti en crypto-monnaie,<strong> la solution de bookmaker parfaite pour permettre aux joueurs de parier avec Bitcoin.<\/strong><\/p>\n<p>Aujourd&#8217;hui, Bitcoin est une monnaie \u00e0 part enti\u00e8re,\u00a0<strong>Alors pourquoi ne pas donner la chance \u00e0 vos joueurs de parier avec des Bitcoins\u00a0?<\/strong> Sirplay donne la chance \u00e0 tous les bookmakers les plus innovants de d\u00e9marrer leur Bitcoin logiciel de paris sportifs.<\/p>\n<p>Sirplay a compris il y a longtemps les opportunit\u00e9s du Bitcoin dans l&#8217;industrie des paris, en utilisant la crypto-monnaie comme\u00a0<a href=\"https:\/\/sirplay.com\" rel=\"noopener\">moyen de paiement dans son logiciel de paris sportifs en marque blanche <\/a>. Maintenant, <strong>nous levons le gant<\/strong> en proposant un <strong>logiciel de paris sportifs Bitcoin<\/strong> enti\u00e8rement converti en crypto-monnaie.<\/p>\n<p>[\/vc_column_text][\/vc_column][vc_column width=&#8221;1\/2&#8243;][vc_video link=&#8221;https:\/\/www.youtube.com\/watch?v=VeeIBRtNBis&#8221; align=&#8221;center&#8221;][\/vc_column][\/vc_row][vc_row css=&#8221;.vc_custom_1617809354258{margin-top: 60px !important;}&#8221;][vc_column width=&#8221;1\/2&#8243;][vc_column_text][\/vc_column_text][vc_single_image image=&#8221;17871&#8243; img_size=&#8221;large&#8221;][\/vc_column][vc_column width=&#8221;1\/2&#8243;][vc_column_text]<\/p>\n<h2>Obtenez votre logiciel de paris sportifs Bitcoin en marque blanche avec nos fonctionnalit\u00e9s\u00a0:<\/h2>\n<p><!-- \/wp:post-content --><br \/>\n<!-- wp:list --><\/p>\n<ul>\n<li>Confidentialit\u00e9 et anonymat respect\u00e9s<\/li>\n<li>Marque et personnalisation incluses<\/li>\n<li>G\u00e9rer les frais et commissions de la blockchain<\/li>\n<li>Les meilleurs partenaires internationaux pour les casinos et les jeux virtuels<\/li>\n<li>Des milliers de jeux et de matchs disponibles<\/li>\n<li>Tout est install\u00e9 en deux semaines\u00a0!<\/li>\n<\/ul>\n<p>[\/vc_column_text]<div class=\"mt-icon-listgroup-item wow \"><div class=\"mt-icon-listgroup-holder\">\n                  <div class=\"mt-icon-listgroup-icon-holder-inner\"><a ><i style=\"margin-right:px; color:;font-size:px\" class=\"\"><\/i><\/a><\/div>\n                <div class=\"mt-icon-listgroup-content-holder-inner\">\n                  <a  class=\"mt-icon-listgroup-title\" style=\"font-size: px; color: \"><\/a>\n                  <p class=\"mt-icon-listgroup-text\" style=\"font-size: px; color: \"><\/p><\/div>\n              <\/div><\/div>[\/vc_column][\/vc_row][vc_row css=&#8221;.vc_custom_1617810076393{margin-top: 60px !important;}&#8221;][vc_column][vc_column_text]<\/p>\n<h2 style=\"text-align: center;\">Comment utiliser Bitcoin dans votre logiciel de paris sportifs<\/h2>\n<p>Sirplay propose <strong>deux fa\u00e7ons de changer de plateforme de paris<\/strong> dans une solution de paris Bitcoin\u00a0: l&#8217;utiliser comme option de mode de paiement ou comme devise. La diff\u00e9rence semble minime mais elle est \u00e9norme.[\/vc_column_text][\/vc_column][\/vc_row][vc_row css=&#8221;.vc_custom_1617810076393{margin-top: 60px !important;}&#8221;][vc_column width=&#8221;1\/3&#8243;][vc_column_text]<\/p>\n<h2 style=\"text-align: center;\">Comment utiliser Bitcoin dans votre logiciel de paris sportifs<\/h2>\n<p>Sirplay propose <strong>deux fa\u00e7ons de changer de plateforme de paris<\/strong> dans une solution de paris Bitcoin\u00a0: l&#8217;utiliser comme option de mode de paiement ou comme devise. La diff\u00e9rence semble minime mais elle est \u00e9norme.[\/vc_column_text][\/vc_column][vc_column width=&#8221;1\/3&#8243;][vc_single_image image=&#8221;18427&#8243; img_size=&#8221;full&#8221;][\/vc_column][vc_column width=&#8221;1\/3&#8243;][vc_column_text]<\/p>\n<h3>Monnaie<\/h3>\n<p>Le bitcoin peut \u00eatre utilis\u00e9 comme devise pour votre logiciel de pari, en utilisant la crypto-monnaie dans l&#8217;ensemble du cycle \u00e9conomique, en \u00e9vitant les dangers commerciaux et en g\u00e9rant vos propres commissions.[\/vc_column_text][\/vc_column][\/vc_row]<\/p>\n<\/div>","protected":false},"excerpt":{"rendered":"<p>[vc_row][vc_column][\/vc_column][\/vc_row][vc_row css=&#8221;.vc_custom_1617808948945{margin-top: 60px !important;}&#8221;][vc_column width=&#8221;1\/2&#8243;][vc_column_text css=&#8221;&#8221;] Sirplay lance son premier logiciel de paris sportifs Bitcoin enti\u00e8rement converti en crypto-monnaie, la solution de bookmaker parfaite pour permettre aux joueurs de parier avec Bitcoin. Aujourd&#8217;hui, Bitcoin est une monnaie \u00e0 part enti\u00e8re,\u00a0Alors pourquoi ne pas donner la chance \u00e0 vos joueurs de parier avec des Bitcoins\u00a0? Sirplay [&hellip;]<\/p>\n","protected":false},"author":1,"featured_media":17871,"parent":0,"menu_order":0,"comment_status":"closed","ping_status":"closed","template":"","meta":{"footnotes":""},"class_list":["post-18839","page","type-page","status-publish","has-post-thumbnail","hentry"],"yoast_head":"<!-- This site is optimized with the Yoast SEO Premium plugin v27.2 (Yoast SEO v27.2) - https:\/\/yoast.com\/product\/yoast-seo-premium-wordpress\/ -->\n<title>logiciel de paris sportifs bitcoin - Sirplay<\/title>\n<meta name=\"description\" content=\"Aujourd\u2019hui, Bitcoin est une monnaie \u00e0 part enti\u00e8re, Alors pourquoi ne pas donner la chance \u00e0 vos joueurs de parier avec des Bitcoins\" \/>\n<meta name=\"robots\" content=\"index, follow, max-snippet:-1, max-image-preview:large, max-video-preview:-1\" \/>\n<link rel=\"canonical\" href=\"https:\/\/sirplay.com\/fr\/logiciel-de-paris-sportifs-bitcoin\/\" \/>\n<meta property=\"og:locale\" content=\"fr_FR\" \/>\n<meta property=\"og:type\" content=\"article\" \/>\n<meta property=\"og:title\" content=\"logiciel de paris sportifs bitcoin\" \/>\n<meta property=\"og:description\" content=\"logiciel de paris sportifs bitcoin\" \/>\n<meta property=\"og:url\" content=\"https:\/\/sirplay.com\/fr\/logiciel-de-paris-sportifs-bitcoin\/\" \/>\n<meta property=\"og:site_name\" content=\"Sirplay\" \/>\n<meta property=\"article:modified_time\" content=\"2024-06-10T09:55:22+00:00\" \/>\n<meta property=\"og:image\" content=\"https:\/\/sirplay.com\/wp-content\/uploads\/2021\/04\/crypto_sportsbook.jpg\" \/>\n\t<meta property=\"og:image:width\" content=\"520\" \/>\n\t<meta property=\"og:image:height\" content=\"280\" \/>\n\t<meta property=\"og:image:type\" content=\"image\/jpeg\" \/>\n<meta name=\"twitter:card\" content=\"summary_large_image\" \/>\n<meta name=\"twitter:site\" content=\"@sirplay\" \/>\n<meta name=\"twitter:label1\" content=\"Dur\u00e9e de lecture estim\u00e9e\" \/>\n\t<meta name=\"twitter:data1\" content=\"2 minutes\" \/>\n<script type=\"application\/ld+json\" class=\"yoast-schema-graph\">{\"@context\":\"https:\/\/schema.org\",\"@graph\":[{\"@type\":\"WebPage\",\"@id\":\"https:\/\/sirplay.com\/fr\/logiciel-de-paris-sportifs-bitcoin\/\",\"url\":\"https:\/\/sirplay.com\/fr\/logiciel-de-paris-sportifs-bitcoin\/\",\"name\":\"logiciel de paris sportifs bitcoin - Sirplay\",\"isPartOf\":{\"@id\":\"https:\/\/sirplay.com\/fr\/#website\"},\"primaryImageOfPage\":{\"@id\":\"https:\/\/sirplay.com\/fr\/logiciel-de-paris-sportifs-bitcoin\/#primaryimage\"},\"image\":{\"@id\":\"https:\/\/sirplay.com\/fr\/logiciel-de-paris-sportifs-bitcoin\/#primaryimage\"},\"thumbnailUrl\":\"https:\/\/sirplay.com\/wp-content\/uploads\/2021\/04\/crypto_sportsbook.jpg\",\"datePublished\":\"2021-06-04T10:19:21+00:00\",\"dateModified\":\"2024-06-10T09:55:22+00:00\",\"description\":\"Aujourd\u2019hui, Bitcoin est une monnaie \u00e0 part enti\u00e8re, Alors pourquoi ne pas donner la chance \u00e0 vos joueurs de parier avec des Bitcoins\",\"breadcrumb\":{\"@id\":\"https:\/\/sirplay.com\/fr\/logiciel-de-paris-sportifs-bitcoin\/#breadcrumb\"},\"inLanguage\":\"fr-FR\",\"potentialAction\":[{\"@type\":\"ReadAction\",\"target\":[\"https:\/\/sirplay.com\/fr\/logiciel-de-paris-sportifs-bitcoin\/\"]}]},{\"@type\":\"ImageObject\",\"inLanguage\":\"fr-FR\",\"@id\":\"https:\/\/sirplay.com\/fr\/logiciel-de-paris-sportifs-bitcoin\/#primaryimage\",\"url\":\"https:\/\/sirplay.com\/wp-content\/uploads\/2021\/04\/crypto_sportsbook.jpg\",\"contentUrl\":\"https:\/\/sirplay.com\/wp-content\/uploads\/2021\/04\/crypto_sportsbook.jpg\",\"width\":520,\"height\":280,\"caption\":\"crypto sportsbook\"},{\"@type\":\"BreadcrumbList\",\"@id\":\"https:\/\/sirplay.com\/fr\/logiciel-de-paris-sportifs-bitcoin\/#breadcrumb\",\"itemListElement\":[{\"@type\":\"ListItem\",\"position\":1,\"name\":\"Home\",\"item\":\"https:\/\/sirplay.com\/fr\/\"},{\"@type\":\"ListItem\",\"position\":2,\"name\":\"logiciel de paris sportifs bitcoin\"}]},{\"@type\":\"WebSite\",\"@id\":\"https:\/\/sirplay.com\/fr\/#website\",\"url\":\"https:\/\/sirplay.com\/fr\/\",\"name\":\"Sportsbook software provider\",\"description\":\"Sports betting software online and Retail ssbts  - White label casino\",\"publisher\":{\"@id\":\"https:\/\/sirplay.com\/fr\/#organization\"},\"alternateName\":\"White label casino\",\"potentialAction\":[{\"@type\":\"SearchAction\",\"target\":{\"@type\":\"EntryPoint\",\"urlTemplate\":\"https:\/\/sirplay.com\/fr\/?s={search_term_string}\"},\"query-input\":{\"@type\":\"PropertyValueSpecification\",\"valueRequired\":true,\"valueName\":\"search_term_string\"}}],\"inLanguage\":\"fr-FR\"},{\"@type\":\"Organization\",\"@id\":\"https:\/\/sirplay.com\/fr\/#organization\",\"name\":\"Sirplay\",\"alternateName\":\"Sirplay white label\",\"url\":\"https:\/\/sirplay.com\/fr\/\",\"logo\":{\"@type\":\"ImageObject\",\"inLanguage\":\"fr-FR\",\"@id\":\"https:\/\/sirplay.com\/fr\/#\/schema\/logo\/image\/\",\"url\":\"https:\/\/sirplay.com\/wp-content\/uploads\/2021\/03\/cropped-sirplayICO.png\",\"contentUrl\":\"https:\/\/sirplay.com\/wp-content\/uploads\/2021\/03\/cropped-sirplayICO.png\",\"width\":512,\"height\":512,\"caption\":\"Sirplay\"},\"image\":{\"@id\":\"https:\/\/sirplay.com\/fr\/#\/schema\/logo\/image\/\"},\"sameAs\":[\"https:\/\/x.com\/sirplay\",\"https:\/\/www.linkedin.com\/company\/sirplay\",\"https:\/\/www.youtube.com\/user\/BookmakerSolutions\"]}]}<\/script>\n<!-- \/ Yoast SEO Premium plugin. -->","yoast_head_json":{"title":"logiciel de paris sportifs bitcoin - Sirplay","description":"Aujourd\u2019hui, Bitcoin est une monnaie \u00e0 part enti\u00e8re, Alors pourquoi ne pas donner la chance \u00e0 vos joueurs de parier avec des Bitcoins","robots":{"index":"index","follow":"follow","max-snippet":"max-snippet:-1","max-image-preview":"max-image-preview:large","max-video-preview":"max-video-preview:-1"},"canonical":"https:\/\/sirplay.com\/fr\/logiciel-de-paris-sportifs-bitcoin\/","og_locale":"fr_FR","og_type":"article","og_title":"logiciel de paris sportifs bitcoin","og_description":"logiciel de paris sportifs bitcoin","og_url":"https:\/\/sirplay.com\/fr\/logiciel-de-paris-sportifs-bitcoin\/","og_site_name":"Sirplay","article_modified_time":"2024-06-10T09:55:22+00:00","og_image":[{"width":520,"height":280,"url":"https:\/\/sirplay.com\/wp-content\/uploads\/2021\/04\/crypto_sportsbook.jpg","type":"image\/jpeg"}],"twitter_card":"summary_large_image","twitter_site":"@sirplay","twitter_misc":{"Dur\u00e9e de lecture estim\u00e9e":"2 minutes"},"schema":{"@context":"https:\/\/schema.org","@graph":[{"@type":"WebPage","@id":"https:\/\/sirplay.com\/fr\/logiciel-de-paris-sportifs-bitcoin\/","url":"https:\/\/sirplay.com\/fr\/logiciel-de-paris-sportifs-bitcoin\/","name":"logiciel de paris sportifs bitcoin - Sirplay","isPartOf":{"@id":"https:\/\/sirplay.com\/fr\/#website"},"primaryImageOfPage":{"@id":"https:\/\/sirplay.com\/fr\/logiciel-de-paris-sportifs-bitcoin\/#primaryimage"},"image":{"@id":"https:\/\/sirplay.com\/fr\/logiciel-de-paris-sportifs-bitcoin\/#primaryimage"},"thumbnailUrl":"https:\/\/sirplay.com\/wp-content\/uploads\/2021\/04\/crypto_sportsbook.jpg","datePublished":"2021-06-04T10:19:21+00:00","dateModified":"2024-06-10T09:55:22+00:00","description":"Aujourd\u2019hui, Bitcoin est une monnaie \u00e0 part enti\u00e8re, Alors pourquoi ne pas donner la chance \u00e0 vos joueurs de parier avec des Bitcoins","breadcrumb":{"@id":"https:\/\/sirplay.com\/fr\/logiciel-de-paris-sportifs-bitcoin\/#breadcrumb"},"inLanguage":"fr-FR","potentialAction":[{"@type":"ReadAction","target":["https:\/\/sirplay.com\/fr\/logiciel-de-paris-sportifs-bitcoin\/"]}]},{"@type":"ImageObject","inLanguage":"fr-FR","@id":"https:\/\/sirplay.com\/fr\/logiciel-de-paris-sportifs-bitcoin\/#primaryimage","url":"https:\/\/sirplay.com\/wp-content\/uploads\/2021\/04\/crypto_sportsbook.jpg","contentUrl":"https:\/\/sirplay.com\/wp-content\/uploads\/2021\/04\/crypto_sportsbook.jpg","width":520,"height":280,"caption":"crypto sportsbook"},{"@type":"BreadcrumbList","@id":"https:\/\/sirplay.com\/fr\/logiciel-de-paris-sportifs-bitcoin\/#breadcrumb","itemListElement":[{"@type":"ListItem","position":1,"name":"Home","item":"https:\/\/sirplay.com\/fr\/"},{"@type":"ListItem","position":2,"name":"logiciel de paris sportifs bitcoin"}]},{"@type":"WebSite","@id":"https:\/\/sirplay.com\/fr\/#website","url":"https:\/\/sirplay.com\/fr\/","name":"Sportsbook software provider","description":"Sports betting software online and Retail ssbts  - White label casino","publisher":{"@id":"https:\/\/sirplay.com\/fr\/#organization"},"alternateName":"White label casino","potentialAction":[{"@type":"SearchAction","target":{"@type":"EntryPoint","urlTemplate":"https:\/\/sirplay.com\/fr\/?s={search_term_string}"},"query-input":{"@type":"PropertyValueSpecification","valueRequired":true,"valueName":"search_term_string"}}],"inLanguage":"fr-FR"},{"@type":"Organization","@id":"https:\/\/sirplay.com\/fr\/#organization","name":"Sirplay","alternateName":"Sirplay white label","url":"https:\/\/sirplay.com\/fr\/","logo":{"@type":"ImageObject","inLanguage":"fr-FR","@id":"https:\/\/sirplay.com\/fr\/#\/schema\/logo\/image\/","url":"https:\/\/sirplay.com\/wp-content\/uploads\/2021\/03\/cropped-sirplayICO.png","contentUrl":"https:\/\/sirplay.com\/wp-content\/uploads\/2021\/03\/cropped-sirplayICO.png","width":512,"height":512,"caption":"Sirplay"},"image":{"@id":"https:\/\/sirplay.com\/fr\/#\/schema\/logo\/image\/"},"sameAs":["https:\/\/x.com\/sirplay","https:\/\/www.linkedin.com\/company\/sirplay","https:\/\/www.youtube.com\/user\/BookmakerSolutions"]}]}},"_links":{"self":[{"href":"https:\/\/sirplay.com\/fr\/wp-json\/wp\/v2\/pages\/18839","targetHints":{"allow":["GET"]}}],"collection":[{"href":"https:\/\/sirplay.com\/fr\/wp-json\/wp\/v2\/pages"}],"about":[{"href":"https:\/\/sirplay.com\/fr\/wp-json\/wp\/v2\/types\/page"}],"author":[{"embeddable":true,"href":"https:\/\/sirplay.com\/fr\/wp-json\/wp\/v2\/users\/1"}],"replies":[{"embeddable":true,"href":"https:\/\/sirplay.com\/fr\/wp-json\/wp\/v2\/comments?post=18839"}],"version-history":[{"count":2,"href":"https:\/\/sirplay.com\/fr\/wp-json\/wp\/v2\/pages\/18839\/revisions"}],"predecessor-version":[{"id":21632,"href":"https:\/\/sirplay.com\/fr\/wp-json\/wp\/v2\/pages\/18839\/revisions\/21632"}],"wp:featuredmedia":[{"embeddable":true,"href":"https:\/\/sirplay.com\/fr\/wp-json\/wp\/v2\/media\/17871"}],"wp:attachment":[{"href":"https:\/\/sirplay.com\/fr\/wp-json\/wp\/v2\/media?parent=18839"}],"curies":[{"name":"wp","href":"https:\/\/api.w.org\/{rel}","templated":true}]}}