{"id":18869,"date":"2021-06-04T16:48:34","date_gmt":"2021-06-04T16:48:34","guid":{"rendered":"https:\/\/sirplay.com\/logiciel-de-paris-sportifs-certifie\/"},"modified":"2024-10-15T15:06:06","modified_gmt":"2024-10-15T15:06:06","slug":"logiciel-de-paris-sportifs-certifie","status":"publish","type":"page","link":"https:\/\/sirplay.com\/fr\/logiciel-de-paris-sportifs-certifie\/","title":{"rendered":"Logiciel de paris sportifs certifi\u00e9"},"content":{"rendered":"<div class=\"wpb-content-wrapper\"><p>[vc_row][vc_column][vc_column_text]En tant que fournisseur responsable de l&#8217;industrie des jeux r\u00e9glement\u00e9s, <strong>Sirplay travaille pour s&#8217;assurer que notre application est conforme \u00e0 toutes les directives publi\u00e9es par la juridiction<\/strong>. Le syst\u00e8me de paris sportifs de Sirplay a \u00e9t\u00e9 test\u00e9 et <strong>certifi\u00e9 par les principaux organismes de l&#8217;industrie<\/strong>.<\/p>\n<p>Vous voulez en savoir plus sur le syst\u00e8me de paris sportifs certifi\u00e9 de Sirplay ?[\/vc_column_text][\/vc_column][\/vc_row][vc_row css=&#8221;.vc_custom_1619432271296{margin-top: 70px !important;}&#8221;][vc_column width=&#8221;1\/4&#8243;][vc_single_image image=&#8221;22430&#8243; img_size=&#8221;full&#8221; add_caption=&#8221;yes&#8221; css=&#8221;&#8221;][\/vc_column][vc_column width=&#8221;3\/4&#8243;][vc_column_text css=&#8221;&#8221;]Le laboratoire de test <strong>BMM<\/strong> a certifi\u00e9 Sirplay comme fournisseur de plateforme de paris pour tous les op\u00e9rateurs, conform\u00e9ment aux exigences de la loi de la juridiction argentine de <strong>Ciudad de Buenos Aires<\/strong>. (r\u00e9f. N\u00b0 DI-2021-468-GCABA-LOTBA) -province de <strong>Cordoba<\/strong> et province de <strong>San Luis<\/strong>[\/vc_column_text][\/vc_column][\/vc_row][vc_row css=&#8221;.vc_custom_1619432271296{margin-top: 70px !important;}&#8221;][vc_column width=&#8221;1\/4&#8243;][vc_single_image image=&#8221;18076&#8243; img_size=&#8221;full&#8221; css=&#8221;.vc_custom_1729004413395{padding-top: 70px !important;}&#8221;][\/vc_column][vc_column width=&#8221;3\/4&#8243;][vc_column_text]<strong>GLI-19<\/strong><\/p>\n<p>Le <strong>logiciel de paris de Sirplay est test\u00e9 et certifi\u00e9<\/strong> par les Gaming Laboratories International. Sirplay travaille pour s&#8217;assurer que notre application est conforme \u00e0 toutes les directives publi\u00e9es par les juridictions. (Ref: SY-120-SPY-14-01\/MO-120-SPY-14-01)  <\/p>\n<p><strong>GLI-Colombie<\/strong><\/p>\n<p>GLI a certifi\u00e9 Sirplay comme <strong>fournisseur de plateforme de paris sportifs<\/strong> pour tous les op\u00e9rateurs qui r\u00e9pondent aux exigences de la loi dans la <strong>juridiction colombienne<\/strong>. (Ref: MO-295-SPY-16-01\/SY-295-SPY-16-01)[\/vc_column_text][\/vc_column][\/vc_row][vc_row css=&#8221;.vc_custom_1619432121611{margin-top: 70px !important;}&#8221;][vc_column width=&#8221;1\/4&#8243;][vc_single_image image=&#8221;18091&#8243; img_size=&#8221;full&#8221; css=&#8221;.vc_custom_1619432108799{padding-top: 50px !important;}&#8221;][\/vc_column][vc_column width=&#8221;3\/4&#8243;][vc_column_text]<strong>ISO\/IEC 27001:2013<\/strong><\/p>\n<p>Sirplay met en \u0153uvre un syst\u00e8me de gestion conforme aux exigences de la norme &#8220;ISO\/IEC 27001:2013&#8221; pour :<\/p>\n<p>D\u00e9veloppement, mise en place, maintenance, gestion et soutien, h\u00e9bergement, octroi de licences et exploitation de solutions informatiques et technologiques, y compris les logiciels et le mat\u00e9riel, qu&#8217;ils soient d\u00e9velopp\u00e9s par l&#8217;entreprise ou autrement. (R\u00e9f. : 103ITIS)[\/vc_column_text][\/vc_column][\/vc_row][vc_row css=&#8221;.vc_custom_1619433028611{margin-top: 70px !important;}&#8221;][vc_column width=&#8221;1\/4&#8243;][vc_single_image image=&#8221;18121&#8243; img_size=&#8221;full&#8221; css=&#8221;.vc_custom_1619433059564{padding-top: 50px !important;}&#8221;][\/vc_column][vc_column width=&#8221;3\/4&#8243;][vc_column_text]<strong>Q\/ISS Syst\u00e8me de qualit\u00e9 et de s\u00e9curit\u00e9 de l&#8217;information<\/strong><\/p>\n<p>Nos syst\u00e8mes sont test\u00e9s et approuv\u00e9s par les meilleurs auditeurs depuis plus de cinq ans.<\/p>\n<p>Q\/ISS est l&#8217;acronyme de Information Security System (syst\u00e8me de s\u00e9curit\u00e9 de l&#8217;information). Il s&#8217;agit de l&#8217;\u00e9l\u00e9ment central de la norme ISO 27001. Il s&#8217;agit du cadre qui d\u00e9crit tous les risques de s\u00e9curit\u00e9 et la mani\u00e8re dont l&#8217;entreprise les contr\u00f4le. Il couvre les personnes, les processus, la technologie et englobe g\u00e9n\u00e9ralement l&#8217;ensemble de votre organisation.[\/vc_column_text][\/vc_column][\/vc_row][vc_row css=&#8221;.vc_custom_1619433094453{margin-top: 70px !important;}&#8221;][vc_column width=&#8221;1\/4&#8243;][vc_single_image image=&#8221;18106&#8243; img_size=&#8221;full&#8221; css=&#8221;.vc_custom_1619433618398{padding-top: 100px !important;}&#8221;][\/vc_column][vc_column width=&#8221;3\/4&#8243;][vc_column_text]Il ne s&#8217;agit pas d&#8217;une certification, mais plus de 15 ans d&#8217;exp\u00e9rience valent beaucoup.<br \/>  Notre \u00e9quipe d&#8217;experts peut vous fournir des conseils de s\u00e9curit\u00e9 de bout en bout pour le lancement de produits innovants :<\/p>\n<ul>\n<li>Paris sportifs<\/li>\n<li>Casino<\/li>\n<li>Croupier en direct<\/li>\n<li>Bingo<\/li>\n<li>Loterie<\/li>\n<\/ul>\n<p>Notre division Gouvernance, risque et conformit\u00e9 (GRC)<br \/> La division fournit aux sweepstakes les services de s\u00e9curit\u00e9 et de conformit\u00e9 n\u00e9cessaires pour garantir la protection de la confidentialit\u00e9, de l&#8217;int\u00e9grit\u00e9 et de la disponibilit\u00e9 des donn\u00e9es et des informations.[\/vc_column_text][\/vc_column][\/vc_row][vc_row full_width=&#8221;stretch_row&#8221; css=&#8221;.vc_custom_1541539222800{padding-top: 55px !important;padding-bottom: 80px !important;}&#8221;][vc_column width=&#8221;1\/2&#8243; el_id=&#8221;contact&#8221;][vc_column_text]<\/p>\n<div class=\"wpb_text_column wpb_content_element wpb_animate_when_almost_visible wpb_fadeInUp fadeInUp vc_custom_1655742515341 wpb_start_animation animated\">\n<div class=\"wpb_wrapper\">\n<h3><strong>Contactez-nous<\/strong><\/h3>\n<p>Connectez-vous avec un expert Sirplay pour une discussion d\u00e9taill\u00e9e sur la fa\u00e7on dont nos services pourraient apporter des avantages \u00e0 votre entreprise de paris et cr\u00e9ez votre propre strat\u00e9gie.<\/p><\/div>\n<\/div>\n<div class=\"wpb_text_column wpb_content_element \">\n<div class=\"wpb_wrapper\">\n<p>&nbsp;<\/p>\n<p style=\"text-align: center;\"><img loading=\"lazy\" class=\"size-full wp-image-16975 aligncenter\" src=\"https:\/\/sirplay.com\/gaming-experts\/wp-content\/uploads\/2022\/06\/Skype_logo.png\" alt=\"Skype\" width=\"140\" height=\"63\"><\/p>\n<p style=\"text-align: center;\">  <a href=\"skype:manager.sirplay?chat\">English<\/a> <a href=\"skype:anna.sirplay?chat\">Fran\u00e7ais<\/a><\/p>\n<p>&nbsp;<\/p>\n<p><img loading=\"lazy\" class=\"size-full wp-image-16974 aligncenter\" src=\"https:\/\/sirplay.com\/gaming-experts\/wp-content\/uploads\/2022\/06\/Whatsapp.jpg\" alt=\"Whatsapp\" width=\"60\" height=\"60\"><\/p>\n<p style=\"text-align: center;\"><a href=\"https:\/\/api.whatsapp.com\/send?phone=3513960904&amp;text=More%20info\" target=\"_blank\" rel=\"noopener\">+39 3513960904<\/a><\/p>\n<\/div>\n<\/div>\n<p>[\/vc_column_text][\/vc_column][vc_column width=&#8221;1\/2&#8243;]\n<div class=\"wpcf7 no-js\" id=\"wpcf7-f19228-o1\" lang=\"fr-FR\" dir=\"ltr\" data-wpcf7-id=\"19228\">\n<div class=\"screen-reader-response\"><p role=\"status\" aria-live=\"polite\" aria-atomic=\"true\"><\/p> <ul><\/ul><\/div>\n<form action=\"\/fr\/wp-json\/wp\/v2\/pages\/18869#wpcf7-f19228-o1\" method=\"post\" class=\"wpcf7-form init\" aria-label=\"Formulaire de contact\" novalidate=\"novalidate\" data-status=\"init\">\n<fieldset class=\"hidden-fields-container\"><input type=\"hidden\" name=\"_wpcf7\" value=\"19228\" \/><input type=\"hidden\" name=\"_wpcf7_version\" value=\"6.1.5\" \/><input type=\"hidden\" name=\"_wpcf7_locale\" value=\"fr_FR\" \/><input type=\"hidden\" name=\"_wpcf7_unit_tag\" value=\"wpcf7-f19228-o1\" \/><input type=\"hidden\" name=\"_wpcf7_container_post\" value=\"0\" \/><input type=\"hidden\" name=\"_wpcf7_posted_data_hash\" value=\"\" \/>\n<\/fieldset>\n<p><label> Nom et pr\u00e9nom<br \/>\n<span class=\"wpcf7-form-control-wrap\" data-name=\"your-name\"><input size=\"40\" maxlength=\"400\" class=\"wpcf7-form-control wpcf7-text wpcf7-validates-as-required\" aria-required=\"true\" aria-invalid=\"false\" value=\"\" type=\"text\" name=\"your-name\" \/><\/span> <\/label>\n<\/p>\n<p><label> Votre e-mail<br \/>\n<span class=\"wpcf7-form-control-wrap\" data-name=\"your-email\"><input size=\"40\" maxlength=\"400\" class=\"wpcf7-form-control wpcf7-email wpcf7-validates-as-required wpcf7-text wpcf7-validates-as-email\" aria-required=\"true\" aria-invalid=\"false\" value=\"\" type=\"email\" name=\"your-email\" \/><\/span> <\/label>\n<\/p>\n<p><label> Pays<br \/>\n<span class=\"wpcf7-form-control-wrap\" data-name=\"countrytext-54\"><input size=\"40\" class=\"wpcf7-form-control wpcf7-countrytext wpcf7-text wpcf7-validates-as-countrytext\" aria-invalid=\"false\" value=\"\" type=\"text\" name=\"countrytext-54\" \/><\/span> <\/label>\n<\/p>\n<p><label> Num\u00e9ro de t\u00e9l\u00e9phone<br \/>\n<span class=\"wpcf7-form-control-wrap\" data-name=\"phonetext-462\"><input size=\"40\" class=\"wpcf7-form-control wpcf7-phonetext wpcf7-text wpcf7-validates-as-phonetext\" aria-invalid=\"false\" value=\"\" type=\"text\" name=\"phonetext-462\" \/><input type=\"hidden\" name=\"phonetext-462-country-code\" class=\"wpcf7-phonetext-country-code\" \/><\/span> <\/label>\n<\/p>\n<p><label> Un message<br \/>\n<span class=\"wpcf7-form-control-wrap\" data-name=\"your-message\"><textarea cols=\"40\" rows=\"10\" maxlength=\"2000\" class=\"wpcf7-form-control wpcf7-textarea\" aria-invalid=\"false\" name=\"your-message\"><\/textarea><\/span> <\/label>\n<\/p>\n<p><input class=\"wpcf7-form-control wpcf7-submit has-spinner\" type=\"submit\" value=\"Submit\" \/>\n<\/p><div class=\"wpcf7-response-output\" aria-hidden=\"true\"><\/div>\n<\/form>\n<\/div>\n[vc_column_text css=&#8221;&#8221;]Nous ne partageons pas vos informations personnelles avec qui que ce soit. Consultez notre &#8220;<a href=\"https:\/\/sirplay.com\/fr\/politique-de-confidentialite-de-sirplay\/\" target=\"_blank\" rel=\"noopener\">politique de confidentialit\u00e9<\/a>&#8221; pour plus d&#8217;informations.[\/vc_column_text][\/vc_column][\/vc_row]<\/p>\n<\/div>","protected":false},"excerpt":{"rendered":"<p>[vc_row][vc_column][vc_column_text]En tant que fournisseur responsable de l&#8217;industrie des jeux r\u00e9glement\u00e9s, Sirplay travaille pour s&#8217;assurer que notre application est conforme \u00e0 toutes les directives publi\u00e9es par la juridiction. Le syst\u00e8me de paris sportifs de Sirplay a \u00e9t\u00e9 test\u00e9 et certifi\u00e9 par les principaux organismes de l&#8217;industrie. Vous voulez en savoir plus sur le syst\u00e8me de paris [&hellip;]<\/p>\n","protected":false},"author":1,"featured_media":18106,"parent":0,"menu_order":0,"comment_status":"closed","ping_status":"closed","template":"","meta":{"footnotes":""},"class_list":["post-18869","page","type-page","status-publish","has-post-thumbnail","hentry"],"yoast_head":"<!-- This site is optimized with the Yoast SEO Premium plugin v27.3 (Yoast SEO v27.3) - https:\/\/yoast.com\/product\/yoast-seo-premium-wordpress\/ -->\n<title>Logiciel de paris sportifs certifi\u00e9 - Sirplay<\/title>\n<meta name=\"description\" content=\"Si vous \u00eates \u00e0 la recherche d&#039;un syst\u00e8me de paris sportifs certifi\u00e9, les plateformes de paris sportifs Sirplay ont obtenu des certifications par les principaux organismes de l&#039;industrie tels que GLI et ISO.\" \/>\n<meta name=\"robots\" content=\"index, follow, max-snippet:-1, max-image-preview:large, max-video-preview:-1\" \/>\n<link rel=\"canonical\" href=\"https:\/\/sirplay.com\/fr\/logiciel-de-paris-sportifs-certifie\/\" \/>\n<meta property=\"og:locale\" content=\"fr_FR\" \/>\n<meta property=\"og:type\" content=\"article\" \/>\n<meta property=\"og:title\" content=\"Logiciel de paris sportifs certifi\u00e9\" \/>\n<meta property=\"og:description\" content=\"Logiciel de paris sportifs certifi\u00e9\" \/>\n<meta property=\"og:url\" content=\"https:\/\/sirplay.com\/fr\/logiciel-de-paris-sportifs-certifie\/\" \/>\n<meta property=\"og:site_name\" content=\"Sirplay\" \/>\n<meta property=\"article:modified_time\" content=\"2024-10-15T15:06:06+00:00\" \/>\n<meta property=\"og:image\" content=\"https:\/\/sirplay.com\/wp-content\/uploads\/2021\/04\/experience-badge.png\" \/>\n\t<meta property=\"og:image:width\" content=\"87\" \/>\n\t<meta property=\"og:image:height\" content=\"85\" \/>\n\t<meta property=\"og:image:type\" content=\"image\/png\" \/>\n<meta name=\"twitter:card\" content=\"summary_large_image\" \/>\n<meta name=\"twitter:site\" content=\"@sirplay\" \/>\n<meta name=\"twitter:label1\" content=\"Dur\u00e9e de lecture estim\u00e9e\" \/>\n\t<meta name=\"twitter:data1\" content=\"3 minutes\" \/>\n<script type=\"application\/ld+json\" class=\"yoast-schema-graph\">{\"@context\":\"https:\\\/\\\/schema.org\",\"@graph\":[{\"@type\":\"WebPage\",\"@id\":\"https:\\\/\\\/sirplay.com\\\/fr\\\/logiciel-de-paris-sportifs-certifie\\\/\",\"url\":\"https:\\\/\\\/sirplay.com\\\/fr\\\/logiciel-de-paris-sportifs-certifie\\\/\",\"name\":\"Logiciel de paris sportifs certifi\u00e9 - Sirplay\",\"isPartOf\":{\"@id\":\"https:\\\/\\\/sirplay.com\\\/fr\\\/#website\"},\"primaryImageOfPage\":{\"@id\":\"https:\\\/\\\/sirplay.com\\\/fr\\\/logiciel-de-paris-sportifs-certifie\\\/#primaryimage\"},\"image\":{\"@id\":\"https:\\\/\\\/sirplay.com\\\/fr\\\/logiciel-de-paris-sportifs-certifie\\\/#primaryimage\"},\"thumbnailUrl\":\"https:\\\/\\\/sirplay.com\\\/wp-content\\\/uploads\\\/2021\\\/04\\\/experience-badge.png\",\"datePublished\":\"2021-06-04T16:48:34+00:00\",\"dateModified\":\"2024-10-15T15:06:06+00:00\",\"description\":\"Si vous \u00eates \u00e0 la recherche d'un syst\u00e8me de paris sportifs certifi\u00e9, les plateformes de paris sportifs Sirplay ont obtenu des certifications par les principaux organismes de l'industrie tels que GLI et ISO.\",\"breadcrumb\":{\"@id\":\"https:\\\/\\\/sirplay.com\\\/fr\\\/logiciel-de-paris-sportifs-certifie\\\/#breadcrumb\"},\"inLanguage\":\"fr-FR\",\"potentialAction\":[{\"@type\":\"ReadAction\",\"target\":[\"https:\\\/\\\/sirplay.com\\\/fr\\\/logiciel-de-paris-sportifs-certifie\\\/\"]}]},{\"@type\":\"ImageObject\",\"inLanguage\":\"fr-FR\",\"@id\":\"https:\\\/\\\/sirplay.com\\\/fr\\\/logiciel-de-paris-sportifs-certifie\\\/#primaryimage\",\"url\":\"https:\\\/\\\/sirplay.com\\\/wp-content\\\/uploads\\\/2021\\\/04\\\/experience-badge.png\",\"contentUrl\":\"https:\\\/\\\/sirplay.com\\\/wp-content\\\/uploads\\\/2021\\\/04\\\/experience-badge.png\",\"width\":87,\"height\":85,\"caption\":\"Insigne d'exp\u00e9rience\"},{\"@type\":\"BreadcrumbList\",\"@id\":\"https:\\\/\\\/sirplay.com\\\/fr\\\/logiciel-de-paris-sportifs-certifie\\\/#breadcrumb\",\"itemListElement\":[{\"@type\":\"ListItem\",\"position\":1,\"name\":\"Home\",\"item\":\"https:\\\/\\\/sirplay.com\\\/fr\\\/\"},{\"@type\":\"ListItem\",\"position\":2,\"name\":\"Logiciel de paris sportifs certifi\u00e9\"}]},{\"@type\":\"WebSite\",\"@id\":\"https:\\\/\\\/sirplay.com\\\/fr\\\/#website\",\"url\":\"https:\\\/\\\/sirplay.com\\\/fr\\\/\",\"name\":\"Sportsbook software provider\",\"description\":\"Sports betting software online and Retail ssbts  - White label casino\",\"publisher\":{\"@id\":\"https:\\\/\\\/sirplay.com\\\/fr\\\/#organization\"},\"alternateName\":\"White label casino\",\"potentialAction\":[{\"@type\":\"SearchAction\",\"target\":{\"@type\":\"EntryPoint\",\"urlTemplate\":\"https:\\\/\\\/sirplay.com\\\/fr\\\/?s={search_term_string}\"},\"query-input\":{\"@type\":\"PropertyValueSpecification\",\"valueRequired\":true,\"valueName\":\"search_term_string\"}}],\"inLanguage\":\"fr-FR\"},{\"@type\":\"Organization\",\"@id\":\"https:\\\/\\\/sirplay.com\\\/fr\\\/#organization\",\"name\":\"Sirplay\",\"alternateName\":\"Sirplay white label\",\"url\":\"https:\\\/\\\/sirplay.com\\\/fr\\\/\",\"logo\":{\"@type\":\"ImageObject\",\"inLanguage\":\"fr-FR\",\"@id\":\"https:\\\/\\\/sirplay.com\\\/fr\\\/#\\\/schema\\\/logo\\\/image\\\/\",\"url\":\"https:\\\/\\\/sirplay.com\\\/wp-content\\\/uploads\\\/2021\\\/03\\\/cropped-sirplayICO.png\",\"contentUrl\":\"https:\\\/\\\/sirplay.com\\\/wp-content\\\/uploads\\\/2021\\\/03\\\/cropped-sirplayICO.png\",\"width\":512,\"height\":512,\"caption\":\"Sirplay\"},\"image\":{\"@id\":\"https:\\\/\\\/sirplay.com\\\/fr\\\/#\\\/schema\\\/logo\\\/image\\\/\"},\"sameAs\":[\"https:\\\/\\\/x.com\\\/sirplay\",\"https:\\\/\\\/www.linkedin.com\\\/company\\\/sirplay\",\"https:\\\/\\\/www.youtube.com\\\/user\\\/BookmakerSolutions\"]}]}<\/script>\n<!-- \/ Yoast SEO Premium plugin. -->","yoast_head_json":{"title":"Logiciel de paris sportifs certifi\u00e9 - Sirplay","description":"Si vous \u00eates \u00e0 la recherche d'un syst\u00e8me de paris sportifs certifi\u00e9, les plateformes de paris sportifs Sirplay ont obtenu des certifications par les principaux organismes de l'industrie tels que GLI et ISO.","robots":{"index":"index","follow":"follow","max-snippet":"max-snippet:-1","max-image-preview":"max-image-preview:large","max-video-preview":"max-video-preview:-1"},"canonical":"https:\/\/sirplay.com\/fr\/logiciel-de-paris-sportifs-certifie\/","og_locale":"fr_FR","og_type":"article","og_title":"Logiciel de paris sportifs certifi\u00e9","og_description":"Logiciel de paris sportifs certifi\u00e9","og_url":"https:\/\/sirplay.com\/fr\/logiciel-de-paris-sportifs-certifie\/","og_site_name":"Sirplay","article_modified_time":"2024-10-15T15:06:06+00:00","og_image":[{"width":87,"height":85,"url":"https:\/\/sirplay.com\/wp-content\/uploads\/2021\/04\/experience-badge.png","type":"image\/png"}],"twitter_card":"summary_large_image","twitter_site":"@sirplay","twitter_misc":{"Dur\u00e9e de lecture estim\u00e9e":"3 minutes"},"schema":{"@context":"https:\/\/schema.org","@graph":[{"@type":"WebPage","@id":"https:\/\/sirplay.com\/fr\/logiciel-de-paris-sportifs-certifie\/","url":"https:\/\/sirplay.com\/fr\/logiciel-de-paris-sportifs-certifie\/","name":"Logiciel de paris sportifs certifi\u00e9 - Sirplay","isPartOf":{"@id":"https:\/\/sirplay.com\/fr\/#website"},"primaryImageOfPage":{"@id":"https:\/\/sirplay.com\/fr\/logiciel-de-paris-sportifs-certifie\/#primaryimage"},"image":{"@id":"https:\/\/sirplay.com\/fr\/logiciel-de-paris-sportifs-certifie\/#primaryimage"},"thumbnailUrl":"https:\/\/sirplay.com\/wp-content\/uploads\/2021\/04\/experience-badge.png","datePublished":"2021-06-04T16:48:34+00:00","dateModified":"2024-10-15T15:06:06+00:00","description":"Si vous \u00eates \u00e0 la recherche d'un syst\u00e8me de paris sportifs certifi\u00e9, les plateformes de paris sportifs Sirplay ont obtenu des certifications par les principaux organismes de l'industrie tels que GLI et ISO.","breadcrumb":{"@id":"https:\/\/sirplay.com\/fr\/logiciel-de-paris-sportifs-certifie\/#breadcrumb"},"inLanguage":"fr-FR","potentialAction":[{"@type":"ReadAction","target":["https:\/\/sirplay.com\/fr\/logiciel-de-paris-sportifs-certifie\/"]}]},{"@type":"ImageObject","inLanguage":"fr-FR","@id":"https:\/\/sirplay.com\/fr\/logiciel-de-paris-sportifs-certifie\/#primaryimage","url":"https:\/\/sirplay.com\/wp-content\/uploads\/2021\/04\/experience-badge.png","contentUrl":"https:\/\/sirplay.com\/wp-content\/uploads\/2021\/04\/experience-badge.png","width":87,"height":85,"caption":"Insigne d'exp\u00e9rience"},{"@type":"BreadcrumbList","@id":"https:\/\/sirplay.com\/fr\/logiciel-de-paris-sportifs-certifie\/#breadcrumb","itemListElement":[{"@type":"ListItem","position":1,"name":"Home","item":"https:\/\/sirplay.com\/fr\/"},{"@type":"ListItem","position":2,"name":"Logiciel de paris sportifs certifi\u00e9"}]},{"@type":"WebSite","@id":"https:\/\/sirplay.com\/fr\/#website","url":"https:\/\/sirplay.com\/fr\/","name":"Sportsbook software provider","description":"Sports betting software online and Retail ssbts  - White label casino","publisher":{"@id":"https:\/\/sirplay.com\/fr\/#organization"},"alternateName":"White label casino","potentialAction":[{"@type":"SearchAction","target":{"@type":"EntryPoint","urlTemplate":"https:\/\/sirplay.com\/fr\/?s={search_term_string}"},"query-input":{"@type":"PropertyValueSpecification","valueRequired":true,"valueName":"search_term_string"}}],"inLanguage":"fr-FR"},{"@type":"Organization","@id":"https:\/\/sirplay.com\/fr\/#organization","name":"Sirplay","alternateName":"Sirplay white label","url":"https:\/\/sirplay.com\/fr\/","logo":{"@type":"ImageObject","inLanguage":"fr-FR","@id":"https:\/\/sirplay.com\/fr\/#\/schema\/logo\/image\/","url":"https:\/\/sirplay.com\/wp-content\/uploads\/2021\/03\/cropped-sirplayICO.png","contentUrl":"https:\/\/sirplay.com\/wp-content\/uploads\/2021\/03\/cropped-sirplayICO.png","width":512,"height":512,"caption":"Sirplay"},"image":{"@id":"https:\/\/sirplay.com\/fr\/#\/schema\/logo\/image\/"},"sameAs":["https:\/\/x.com\/sirplay","https:\/\/www.linkedin.com\/company\/sirplay","https:\/\/www.youtube.com\/user\/BookmakerSolutions"]}]}},"_links":{"self":[{"href":"https:\/\/sirplay.com\/fr\/wp-json\/wp\/v2\/pages\/18869","targetHints":{"allow":["GET"]}}],"collection":[{"href":"https:\/\/sirplay.com\/fr\/wp-json\/wp\/v2\/pages"}],"about":[{"href":"https:\/\/sirplay.com\/fr\/wp-json\/wp\/v2\/types\/page"}],"author":[{"embeddable":true,"href":"https:\/\/sirplay.com\/fr\/wp-json\/wp\/v2\/users\/1"}],"replies":[{"embeddable":true,"href":"https:\/\/sirplay.com\/fr\/wp-json\/wp\/v2\/comments?post=18869"}],"version-history":[{"count":6,"href":"https:\/\/sirplay.com\/fr\/wp-json\/wp\/v2\/pages\/18869\/revisions"}],"predecessor-version":[{"id":22444,"href":"https:\/\/sirplay.com\/fr\/wp-json\/wp\/v2\/pages\/18869\/revisions\/22444"}],"wp:featuredmedia":[{"embeddable":true,"href":"https:\/\/sirplay.com\/fr\/wp-json\/wp\/v2\/media\/18106"}],"wp:attachment":[{"href":"https:\/\/sirplay.com\/fr\/wp-json\/wp\/v2\/media?parent=18869"}],"curies":[{"name":"wp","href":"https:\/\/api.w.org\/{rel}","templated":true}]}}