{"id":18979,"date":"2021-06-11T11:28:26","date_gmt":"2021-06-11T11:28:26","guid":{"rendered":"https:\/\/sirplay.com\/politique-de-confidentialite-de-sirplay\/"},"modified":"2024-06-09T07:54:18","modified_gmt":"2024-06-09T07:54:18","slug":"politique-de-confidentialite-de-sirplay","status":"publish","type":"page","link":"https:\/\/sirplay.com\/fr\/politique-de-confidentialite-de-sirplay\/","title":{"rendered":"Politique de confidentialit\u00e9 de Sirplay"},"content":{"rendered":"<div class=\"wpb-content-wrapper\"><p>[vc_row][vc_column][vc_column_text]<\/p>\n<p><strong>SIRPLAY<\/strong><\/p>\n<p><strong>POLITIQUE DE CONFIDENTIALIT\u00c9<\/strong><\/p>\n<p>Votre vie priv\u00e9e est importante pour nous. C&#8217;est la politique de Sirplay ltd de respecter votre vie priv\u00e9e concernant toute information que nous pouvons recueillir aupr\u00e8s de vous sur notre site Web, http:\/\/sirplay.com, et d&#8217;autres sites que nous poss\u00e9dons et exploitons.<\/p>\n<p>Nous ne demandons des informations personnelles que lorsque nous en avons vraiment besoin pour vous fournir un service. Nous les collectons par des moyens justes et licites, \u00e0 votre connaissance et avec votre consentement. Nous vous informons \u00e9galement pourquoi nous les collectons et comment ils seront utilis\u00e9s.<\/p>\n<p>Nous ne conservons les informations collect\u00e9es que le temps n\u00e9cessaire pour vous fournir le service demand\u00e9. Les donn\u00e9es que nous stockons, nous les prot\u00e9gerons selon des moyens commercialement acceptables pour emp\u00eacher la perte et le vol, ainsi que l&#8217;acc\u00e8s, la divulgation, la copie, l&#8217;utilisation ou la modification non autoris\u00e9s.<\/p>\n<p>Nous ne partageons aucune information d&#8217;identification personnelle publiquement ou avec des tiers, sauf lorsque la loi l&#8217;exige.<\/p>\n<p>Notre site Web peut \u00eatre li\u00e9 \u00e0 des sites externes qui ne sont pas exploit\u00e9s par nous. Veuillez noter que nous n&#8217;avons aucun contr\u00f4le sur le contenu et les pratiques de ces sites, et ne pouvons accepter la responsabilit\u00e9 de leurs politiques de confidentialit\u00e9 respectives.<\/p>\n<p>Vous \u00eates libre de refuser notre demande d&#8217;informations personnelles, \u00e9tant entendu que nous pourrions ne pas \u00eatre en mesure de vous fournir certains des services souhait\u00e9s.<\/p>\n<p>Votre utilisation continue de notre site Web sera consid\u00e9r\u00e9e comme une acceptation de nos pratiques en mati\u00e8re de confidentialit\u00e9 et d&#8217;informations personnelles. Si vous avez des questions sur la fa\u00e7on dont nous traitons les donn\u00e9es des utilisateurs et les informations personnelles, n&#8217;h\u00e9sitez pas \u00e0 nous contacter.<\/p>\n<p>Cette politique entre en vigueur le 1er d\u00e9cembre 2018.<\/p>\n<p>[\/vc_column_text][\/vc_column][\/vc_row]<\/p>\n<\/div>","protected":false},"excerpt":{"rendered":"<p>[vc_row][vc_column][vc_column_text] SIRPLAY POLITIQUE DE CONFIDENTIALIT\u00c9 Votre vie priv\u00e9e est importante pour nous. C&#8217;est la politique de Sirplay ltd de respecter votre vie priv\u00e9e concernant toute information que nous pouvons recueillir aupr\u00e8s de vous sur notre site Web, http:\/\/sirplay.com, et d&#8217;autres sites que nous poss\u00e9dons et exploitons. Nous ne demandons des informations personnelles que lorsque nous [&hellip;]<\/p>\n","protected":false},"author":1,"featured_media":0,"parent":0,"menu_order":0,"comment_status":"closed","ping_status":"closed","template":"","meta":{"footnotes":""},"class_list":["post-18979","page","type-page","status-publish","hentry"],"yoast_head":"<!-- This site is optimized with the Yoast SEO Premium plugin v27.3 (Yoast SEO v27.3) - https:\/\/yoast.com\/product\/yoast-seo-premium-wordpress\/ -->\n<title>Politique de confidentialit\u00e9 de Sirplay - Sirplay<\/title>\n<meta name=\"description\" content=\"Votre vie priv\u00e9e est importante pour nous. C\u2019est la politique de Sirplay ltd de respecter votre vie priv\u00e9e concernant toute information que nous pouvons\" \/>\n<meta name=\"robots\" content=\"index, follow, max-snippet:-1, max-image-preview:large, max-video-preview:-1\" \/>\n<link rel=\"canonical\" href=\"https:\/\/sirplay.com\/fr\/politique-de-confidentialite-de-sirplay\/\" \/>\n<meta property=\"og:locale\" content=\"fr_FR\" \/>\n<meta property=\"og:type\" content=\"article\" \/>\n<meta property=\"og:title\" content=\"Politique de confidentialit\u00e9 de Sirplay\" \/>\n<meta property=\"og:description\" content=\"Politique de confidentialit\u00e9 de Sirplay\" \/>\n<meta property=\"og:url\" content=\"https:\/\/sirplay.com\/fr\/politique-de-confidentialite-de-sirplay\/\" \/>\n<meta property=\"og:site_name\" content=\"Sirplay\" \/>\n<meta property=\"article:modified_time\" content=\"2024-06-09T07:54:18+00:00\" \/>\n<meta property=\"og:image\" content=\"https:\/\/sirplay.com\/wp-content\/uploads\/2026\/02\/sirplay.com-social.jpg\" \/>\n\t<meta property=\"og:image:width\" content=\"1696\" \/>\n\t<meta property=\"og:image:height\" content=\"608\" \/>\n\t<meta property=\"og:image:type\" content=\"image\/jpeg\" \/>\n<meta name=\"twitter:card\" content=\"summary_large_image\" \/>\n<meta name=\"twitter:site\" content=\"@sirplay\" \/>\n<meta name=\"twitter:label1\" content=\"Dur\u00e9e de lecture estim\u00e9e\" \/>\n\t<meta name=\"twitter:data1\" content=\"2 minutes\" \/>\n<script type=\"application\/ld+json\" class=\"yoast-schema-graph\">{\"@context\":\"https:\\\/\\\/schema.org\",\"@graph\":[{\"@type\":\"WebPage\",\"@id\":\"https:\\\/\\\/sirplay.com\\\/fr\\\/politique-de-confidentialite-de-sirplay\\\/\",\"url\":\"https:\\\/\\\/sirplay.com\\\/fr\\\/politique-de-confidentialite-de-sirplay\\\/\",\"name\":\"Politique de confidentialit\u00e9 de Sirplay - Sirplay\",\"isPartOf\":{\"@id\":\"https:\\\/\\\/sirplay.com\\\/fr\\\/#website\"},\"datePublished\":\"2021-06-11T11:28:26+00:00\",\"dateModified\":\"2024-06-09T07:54:18+00:00\",\"description\":\"Votre vie priv\u00e9e est importante pour nous. C\u2019est la politique de Sirplay ltd de respecter votre vie priv\u00e9e concernant toute information que nous pouvons\",\"breadcrumb\":{\"@id\":\"https:\\\/\\\/sirplay.com\\\/fr\\\/politique-de-confidentialite-de-sirplay\\\/#breadcrumb\"},\"inLanguage\":\"fr-FR\",\"potentialAction\":[{\"@type\":\"ReadAction\",\"target\":[\"https:\\\/\\\/sirplay.com\\\/fr\\\/politique-de-confidentialite-de-sirplay\\\/\"]}]},{\"@type\":\"BreadcrumbList\",\"@id\":\"https:\\\/\\\/sirplay.com\\\/fr\\\/politique-de-confidentialite-de-sirplay\\\/#breadcrumb\",\"itemListElement\":[{\"@type\":\"ListItem\",\"position\":1,\"name\":\"Home\",\"item\":\"https:\\\/\\\/sirplay.com\\\/fr\\\/\"},{\"@type\":\"ListItem\",\"position\":2,\"name\":\"Politique de confidentialit\u00e9 de Sirplay\"}]},{\"@type\":\"WebSite\",\"@id\":\"https:\\\/\\\/sirplay.com\\\/fr\\\/#website\",\"url\":\"https:\\\/\\\/sirplay.com\\\/fr\\\/\",\"name\":\"Sportsbook software provider\",\"description\":\"Sports betting software online and Retail ssbts  - White label casino\",\"publisher\":{\"@id\":\"https:\\\/\\\/sirplay.com\\\/fr\\\/#organization\"},\"alternateName\":\"White label casino\",\"potentialAction\":[{\"@type\":\"SearchAction\",\"target\":{\"@type\":\"EntryPoint\",\"urlTemplate\":\"https:\\\/\\\/sirplay.com\\\/fr\\\/?s={search_term_string}\"},\"query-input\":{\"@type\":\"PropertyValueSpecification\",\"valueRequired\":true,\"valueName\":\"search_term_string\"}}],\"inLanguage\":\"fr-FR\"},{\"@type\":\"Organization\",\"@id\":\"https:\\\/\\\/sirplay.com\\\/fr\\\/#organization\",\"name\":\"Sirplay\",\"alternateName\":\"Sirplay white label\",\"url\":\"https:\\\/\\\/sirplay.com\\\/fr\\\/\",\"logo\":{\"@type\":\"ImageObject\",\"inLanguage\":\"fr-FR\",\"@id\":\"https:\\\/\\\/sirplay.com\\\/fr\\\/#\\\/schema\\\/logo\\\/image\\\/\",\"url\":\"https:\\\/\\\/sirplay.com\\\/wp-content\\\/uploads\\\/2021\\\/03\\\/cropped-sirplayICO.png\",\"contentUrl\":\"https:\\\/\\\/sirplay.com\\\/wp-content\\\/uploads\\\/2021\\\/03\\\/cropped-sirplayICO.png\",\"width\":512,\"height\":512,\"caption\":\"Sirplay\"},\"image\":{\"@id\":\"https:\\\/\\\/sirplay.com\\\/fr\\\/#\\\/schema\\\/logo\\\/image\\\/\"},\"sameAs\":[\"https:\\\/\\\/x.com\\\/sirplay\",\"https:\\\/\\\/www.linkedin.com\\\/company\\\/sirplay\",\"https:\\\/\\\/www.youtube.com\\\/user\\\/BookmakerSolutions\"]}]}<\/script>\n<!-- \/ Yoast SEO Premium plugin. -->","yoast_head_json":{"title":"Politique de confidentialit\u00e9 de Sirplay - Sirplay","description":"Votre vie priv\u00e9e est importante pour nous. C\u2019est la politique de Sirplay ltd de respecter votre vie priv\u00e9e concernant toute information que nous pouvons","robots":{"index":"index","follow":"follow","max-snippet":"max-snippet:-1","max-image-preview":"max-image-preview:large","max-video-preview":"max-video-preview:-1"},"canonical":"https:\/\/sirplay.com\/fr\/politique-de-confidentialite-de-sirplay\/","og_locale":"fr_FR","og_type":"article","og_title":"Politique de confidentialit\u00e9 de Sirplay","og_description":"Politique de confidentialit\u00e9 de Sirplay","og_url":"https:\/\/sirplay.com\/fr\/politique-de-confidentialite-de-sirplay\/","og_site_name":"Sirplay","article_modified_time":"2024-06-09T07:54:18+00:00","og_image":[{"width":1696,"height":608,"url":"https:\/\/sirplay.com\/wp-content\/uploads\/2026\/02\/sirplay.com-social.jpg","type":"image\/jpeg"}],"twitter_card":"summary_large_image","twitter_site":"@sirplay","twitter_misc":{"Dur\u00e9e de lecture estim\u00e9e":"2 minutes"},"schema":{"@context":"https:\/\/schema.org","@graph":[{"@type":"WebPage","@id":"https:\/\/sirplay.com\/fr\/politique-de-confidentialite-de-sirplay\/","url":"https:\/\/sirplay.com\/fr\/politique-de-confidentialite-de-sirplay\/","name":"Politique de confidentialit\u00e9 de Sirplay - Sirplay","isPartOf":{"@id":"https:\/\/sirplay.com\/fr\/#website"},"datePublished":"2021-06-11T11:28:26+00:00","dateModified":"2024-06-09T07:54:18+00:00","description":"Votre vie priv\u00e9e est importante pour nous. C\u2019est la politique de Sirplay ltd de respecter votre vie priv\u00e9e concernant toute information que nous pouvons","breadcrumb":{"@id":"https:\/\/sirplay.com\/fr\/politique-de-confidentialite-de-sirplay\/#breadcrumb"},"inLanguage":"fr-FR","potentialAction":[{"@type":"ReadAction","target":["https:\/\/sirplay.com\/fr\/politique-de-confidentialite-de-sirplay\/"]}]},{"@type":"BreadcrumbList","@id":"https:\/\/sirplay.com\/fr\/politique-de-confidentialite-de-sirplay\/#breadcrumb","itemListElement":[{"@type":"ListItem","position":1,"name":"Home","item":"https:\/\/sirplay.com\/fr\/"},{"@type":"ListItem","position":2,"name":"Politique de confidentialit\u00e9 de Sirplay"}]},{"@type":"WebSite","@id":"https:\/\/sirplay.com\/fr\/#website","url":"https:\/\/sirplay.com\/fr\/","name":"Sportsbook software provider","description":"Sports betting software online and Retail ssbts  - White label casino","publisher":{"@id":"https:\/\/sirplay.com\/fr\/#organization"},"alternateName":"White label casino","potentialAction":[{"@type":"SearchAction","target":{"@type":"EntryPoint","urlTemplate":"https:\/\/sirplay.com\/fr\/?s={search_term_string}"},"query-input":{"@type":"PropertyValueSpecification","valueRequired":true,"valueName":"search_term_string"}}],"inLanguage":"fr-FR"},{"@type":"Organization","@id":"https:\/\/sirplay.com\/fr\/#organization","name":"Sirplay","alternateName":"Sirplay white label","url":"https:\/\/sirplay.com\/fr\/","logo":{"@type":"ImageObject","inLanguage":"fr-FR","@id":"https:\/\/sirplay.com\/fr\/#\/schema\/logo\/image\/","url":"https:\/\/sirplay.com\/wp-content\/uploads\/2021\/03\/cropped-sirplayICO.png","contentUrl":"https:\/\/sirplay.com\/wp-content\/uploads\/2021\/03\/cropped-sirplayICO.png","width":512,"height":512,"caption":"Sirplay"},"image":{"@id":"https:\/\/sirplay.com\/fr\/#\/schema\/logo\/image\/"},"sameAs":["https:\/\/x.com\/sirplay","https:\/\/www.linkedin.com\/company\/sirplay","https:\/\/www.youtube.com\/user\/BookmakerSolutions"]}]}},"_links":{"self":[{"href":"https:\/\/sirplay.com\/fr\/wp-json\/wp\/v2\/pages\/18979","targetHints":{"allow":["GET"]}}],"collection":[{"href":"https:\/\/sirplay.com\/fr\/wp-json\/wp\/v2\/pages"}],"about":[{"href":"https:\/\/sirplay.com\/fr\/wp-json\/wp\/v2\/types\/page"}],"author":[{"embeddable":true,"href":"https:\/\/sirplay.com\/fr\/wp-json\/wp\/v2\/users\/1"}],"replies":[{"embeddable":true,"href":"https:\/\/sirplay.com\/fr\/wp-json\/wp\/v2\/comments?post=18979"}],"version-history":[{"count":1,"href":"https:\/\/sirplay.com\/fr\/wp-json\/wp\/v2\/pages\/18979\/revisions"}],"predecessor-version":[{"id":21538,"href":"https:\/\/sirplay.com\/fr\/wp-json\/wp\/v2\/pages\/18979\/revisions\/21538"}],"wp:attachment":[{"href":"https:\/\/sirplay.com\/fr\/wp-json\/wp\/v2\/media?parent=18979"}],"curies":[{"name":"wp","href":"https:\/\/api.w.org\/{rel}","templated":true}]}}