{"id":19042,"date":"2021-06-14T15:42:22","date_gmt":"2021-06-14T15:42:22","guid":{"rendered":"https:\/\/sirplay.com\/plateforme-de-paris-sportifs\/"},"modified":"2024-06-10T11:40:49","modified_gmt":"2024-06-10T11:40:49","slug":"plateforme-de-paris-sportifs","status":"publish","type":"page","link":"https:\/\/sirplay.com\/fr\/plateforme-de-paris-sportifs\/","title":{"rendered":"Plateforme de paris sportifs"},"content":{"rendered":"<div class=\"wpb-content-wrapper\"><p>[vc_row][vc_column width=&#8221;2\/3&#8243;][vc_column_text]<\/p>\n<h2>Solutions de paris<\/h2>\n<p>Sirplay LTD propose les\u00a0<strong>solutions de paris<\/strong> pour votre activit\u00e9 de bookmaker.<br \/>\nSur le\u00a0<strong>logiciel de paris sportifs<\/strong> de Sirplay, le nombre de parieurs sur lesquels vous pouvez parier est infini et ils sont en mesure de fournir aux parieurs des cotes et des types de paris int\u00e9ressants. <strong>Un large \u00e9ventail d&#8217;\u00e9v\u00e9nements sportifs mondiaux<\/strong> est pr\u00e9sent\u00e9 dans les paris sportifs.<br \/>\nFootball, Cricket, Basketball, Tennis, Volleyball, Tennis de table, Baseball, Football am\u00e9ricain, Rugby, Golf, Hockey, Formule 1, MotoGP et bien d&#8217;autres.<\/p>\n<p>16\u00a0raisons pour lesquelles vous devriez acheter notre logiciel\u00a0:<\/p>\n<ol>\n<li><strong>Flux de cotes automatis\u00e9s<\/strong> et r\u00e8glement des paris<\/li>\n<li>Meilleures cotes et<strong> types de paris sur le march\u00e9<\/strong><\/li>\n<li>Syst\u00e8mes exclusifs de <strong>surveillance des paris<\/strong> et de rapports<\/li>\n<li>Technologie de pointe, les lignes les plus nettes de l&#8217;industrie<\/li>\n<li>La plupart des <strong>menus\u00a0complets des solutions de pari<\/strong> disponibles<\/li>\n<li><strong>Architecture multiplateforme<\/strong>\u00a0: paris, paris en direct, casino et jeux, loterie et bingo, jeux en direct et plus encore.<\/li>\n<li><strong>Multilingue<\/strong> et multidevise &#8211; Bitcoin et autres crypto monnaie<\/li>\n<li>Suivi du contr\u00f4le qualit\u00e9 et <strong>outils de gestion<\/strong><\/li>\n<li>Monnaie crypto et jeton de jeu Defi<\/li>\n<li><strong>Jeux de casino en ligne<\/strong>\u00a0: jeux de casino sur Internet, adaptables sur PC &#8211; iOS &#8211; appareils Android<\/li>\n<li>Logiciel de casino hors ligne pour les magasins terrestres, les kiosques de vente au d\u00e9tail, les cybercaf\u00e9s de concours Internet<\/li>\n<li>Terminal de loterie vid\u00e9o\u00a0\u2013\u00a0kiosque de cybercaf\u00e9 debout<\/li>\n<li><strong>Terminal libre-service<\/strong> (kiosque d&#8217;\u00e9change qui permet aux joueurs d&#8217;acheter des points de jeux promotionnels et d&#8217;\u00e9changer leurs gains par eux-m\u00eames)<\/li>\n<li>Android\u00a0\u2013\u00a0Application mobile de casino iOS<\/li>\n<li>Assistance 24\/7 \u2013 365 et t\u00e9l\u00e9maintenance<\/li>\n<li>Sirplay est certifi\u00e9 en tant que fournisseur de paris sportifs plate-forme pour tous les op\u00e9rateurs r\u00e9pondant aux exigences de la loi.<\/li>\n<\/ol>\n<p style=\"margin-bottom: 0cm;\">Gr\u00e2ce \u00e0 une coop\u00e9ration \u00e9troite avec nos clients, nous d\u00e9veloppons continuellement notre logiciel de paris sportifs pour le rendre plus rapide, plus fiable et plus facile \u00e0 utiliser.<\/p>\n<p>[\/vc_column_text][\/vc_column][vc_column width=&#8221;1\/3&#8243;][vc_single_image image=&#8221;18363&#8243; img_size=&#8221;medium&#8221;][vc_single_image image=&#8221;17998&#8243; img_size=&#8221;medium&#8221; css=&#8221;.vc_custom_1620822343844{padding-top: 80px !important;}&#8221;][vc_single_image image=&#8221;17856&#8243; img_size=&#8221;medium&#8221; css=&#8221;.vc_custom_1620822374812{padding-top: 80px !important;}&#8221;][vc_btn title=&#8221;Demander une d\u00e9mo&#8221; color=&#8221;green&#8221; size=&#8221;lg&#8221; align=&#8221;center&#8221; css=&#8221;.vc_custom_1718013377520{padding-top: 80px !important;}&#8221; link=&#8221;url:https%3A%2F%2Fsirplay.com%2Fcontact%2F|title:Contactez-nous&#8221;][\/vc_column][\/vc_row][vc_row full_width=&#8221;stretch_row&#8221; css=&#8221;.vc_custom_1541539222800{padding-top: 55px !important;padding-bottom: 80px !important;}&#8221;][vc_column width=&#8221;1\/2&#8243; el_id=&#8221;contact&#8221;][vc_column_text css_animation=&#8221;fadeInUp&#8221; css=&#8221;.vc_custom_1718019628519{margin-top: 50px !important;margin-bottom: 40px !important;}&#8221;]<\/p>\n<h6 class=\"section-title wow fadeInUp dark_title animated\">NOUS CONTACTER!<\/h6>\n<h2 class=\"section-subtitle wow fadeInUp dark_subtitle animated\">Parlons strat\u00e9gie<\/h2>\n<p>[\/vc_column_text][vc_column_text css_animation=&#8221;fadeInUp&#8221; css=&#8221;.vc_custom_1619546949035{margin-top: 50px !important;margin-bottom: 40px !important;}&#8221;]<\/p>\n<p style=\"max-width: 650px;\">Connectez-vous avec un expert Sirplay pour une discussion d\u00e9taill\u00e9e sur la fa\u00e7on dont nos services pourraient apporter des avantages \u00e0 votre entreprise de paris et cr\u00e9er votre propre strat\u00e9gie.<\/p>\n<p>[\/vc_column_text][vc_column_text]<\/p>\n<h3>Les s\u00e9ances de strat\u00e9gie sont adapt\u00e9es \u00e0 vos besoins. Voici quelques sujets que vous pourriez aborder pendant les sessions\u00a0:<\/h3>\n<ul>\n<li>Analyse du march\u00e9 et op\u00e9rations locales<\/li>\n<li>Objectifs et d\u00e9fis de d\u00e9veloppement.<\/li>\n<li>Strat\u00e9gies de d\u00e9veloppement en ligne et de vente au d\u00e9tail.<\/li>\n<li>Comment tirer le meilleur parti de votre \u00e9quipe actuelle.<\/li>\n<li>Questions sur le fonctionnement des solutions Sirplay et quand ou pourquoi les utiliser.<\/li>\n<\/ul>\n<p>[\/vc_column_text][\/vc_column][vc_column width=&#8221;1\/2&#8243;][vc_column_text css_animation=&#8221;fadeInUp&#8221; css=&#8221;.vc_custom_1619547042726{padding-bottom: 50px !important;}&#8221;]<\/p>\n<h4 class=\"x-text-content-text-primary\">Inscrivez-vous \u00e0 votre session de strat\u00e9gie<\/h4>\n<p>[\/vc_column_text]\n<div class=\"wpcf7 no-js\" id=\"wpcf7-f19228-o1\" lang=\"fr-FR\" dir=\"ltr\" data-wpcf7-id=\"19228\">\n<div class=\"screen-reader-response\"><p role=\"status\" aria-live=\"polite\" aria-atomic=\"true\"><\/p> <ul><\/ul><\/div>\n<form action=\"\/fr\/wp-json\/wp\/v2\/pages\/19042#wpcf7-f19228-o1\" method=\"post\" class=\"wpcf7-form init\" aria-label=\"Formulaire de contact\" novalidate=\"novalidate\" data-status=\"init\">\n<fieldset class=\"hidden-fields-container\"><input type=\"hidden\" name=\"_wpcf7\" value=\"19228\" \/><input type=\"hidden\" name=\"_wpcf7_version\" value=\"6.1.5\" \/><input type=\"hidden\" name=\"_wpcf7_locale\" value=\"fr_FR\" \/><input type=\"hidden\" name=\"_wpcf7_unit_tag\" value=\"wpcf7-f19228-o1\" \/><input type=\"hidden\" name=\"_wpcf7_container_post\" value=\"0\" \/><input type=\"hidden\" name=\"_wpcf7_posted_data_hash\" value=\"\" \/>\n<\/fieldset>\n<p><label> Nom et pr\u00e9nom<br \/>\n<span class=\"wpcf7-form-control-wrap\" data-name=\"your-name\"><input size=\"40\" maxlength=\"400\" class=\"wpcf7-form-control wpcf7-text wpcf7-validates-as-required\" aria-required=\"true\" aria-invalid=\"false\" value=\"\" type=\"text\" name=\"your-name\" \/><\/span> <\/label>\n<\/p>\n<p><label> Votre e-mail<br \/>\n<span class=\"wpcf7-form-control-wrap\" data-name=\"your-email\"><input size=\"40\" maxlength=\"400\" class=\"wpcf7-form-control wpcf7-email wpcf7-validates-as-required wpcf7-text wpcf7-validates-as-email\" aria-required=\"true\" aria-invalid=\"false\" value=\"\" type=\"email\" name=\"your-email\" \/><\/span> <\/label>\n<\/p>\n<p><label> Pays<br \/>\n<span class=\"wpcf7-form-control-wrap\" data-name=\"countrytext-54\"><input size=\"40\" class=\"wpcf7-form-control wpcf7-countrytext wpcf7-text wpcf7-validates-as-countrytext\" aria-invalid=\"false\" value=\"\" type=\"text\" name=\"countrytext-54\" \/><\/span> <\/label>\n<\/p>\n<p><label> Num\u00e9ro de t\u00e9l\u00e9phone<br \/>\n<span class=\"wpcf7-form-control-wrap\" data-name=\"phonetext-462\"><input size=\"40\" class=\"wpcf7-form-control wpcf7-phonetext wpcf7-text wpcf7-validates-as-phonetext\" aria-invalid=\"false\" value=\"\" type=\"text\" name=\"phonetext-462\" \/><input type=\"hidden\" name=\"phonetext-462-country-code\" class=\"wpcf7-phonetext-country-code\" \/><\/span> <\/label>\n<\/p>\n<p><label> Un message<br \/>\n<span class=\"wpcf7-form-control-wrap\" data-name=\"your-message\"><textarea cols=\"40\" rows=\"10\" maxlength=\"2000\" class=\"wpcf7-form-control wpcf7-textarea\" aria-invalid=\"false\" name=\"your-message\"><\/textarea><\/span> <\/label>\n<\/p>\n<p><input class=\"wpcf7-form-control wpcf7-submit has-spinner\" type=\"submit\" value=\"Submit\" \/>\n<\/p><div class=\"wpcf7-response-output\" aria-hidden=\"true\"><\/div>\n<\/form>\n<\/div>\n[\/vc_column][\/vc_row]<\/p>\n<\/div>","protected":false},"excerpt":{"rendered":"<p>[vc_row][vc_column width=&#8221;2\/3&#8243;][vc_column_text] Solutions de paris Sirplay LTD propose les\u00a0solutions de paris pour votre activit\u00e9 de bookmaker. Sur le\u00a0logiciel de paris sportifs de Sirplay, le nombre de parieurs sur lesquels vous pouvez parier est infini et ils sont en mesure de fournir aux parieurs des cotes et des types de paris int\u00e9ressants. Un large \u00e9ventail d&#8217;\u00e9v\u00e9nements [&hellip;]<\/p>\n","protected":false},"author":1,"featured_media":17901,"parent":0,"menu_order":0,"comment_status":"closed","ping_status":"closed","template":"","meta":{"footnotes":""},"class_list":["post-19042","page","type-page","status-publish","has-post-thumbnail","hentry"],"yoast_head":"<!-- This site is optimized with the Yoast SEO Premium plugin v27.3 (Yoast SEO v27.3) - https:\/\/yoast.com\/product\/yoast-seo-premium-wordpress\/ -->\n<title>Plateforme de paris sportifs - Sirplay<\/title>\n<meta name=\"description\" content=\"Sirplay LTD propose les solutions de paris pour votre activit\u00e9 de bookmaker. Sur le logiciel de paris sportifs de Sirplay, le nombre de\" \/>\n<meta name=\"robots\" content=\"index, follow, max-snippet:-1, max-image-preview:large, max-video-preview:-1\" \/>\n<link rel=\"canonical\" href=\"https:\/\/sirplay.com\/fr\/plateforme-de-paris-sportifs\/\" \/>\n<meta property=\"og:locale\" content=\"fr_FR\" \/>\n<meta property=\"og:type\" content=\"article\" \/>\n<meta property=\"og:title\" content=\"Plateforme de paris sportifs\" \/>\n<meta property=\"og:description\" content=\"Plateforme de paris sportifs\" \/>\n<meta property=\"og:url\" content=\"https:\/\/sirplay.com\/fr\/plateforme-de-paris-sportifs\/\" \/>\n<meta property=\"og:site_name\" content=\"Sirplay\" \/>\n<meta property=\"article:modified_time\" content=\"2024-06-10T11:40:49+00:00\" \/>\n<meta property=\"og:image\" content=\"https:\/\/sirplay.com\/wp-content\/uploads\/2021\/04\/casino_software-1.jpg\" \/>\n\t<meta property=\"og:image:width\" content=\"520\" \/>\n\t<meta property=\"og:image:height\" content=\"280\" \/>\n\t<meta property=\"og:image:type\" content=\"image\/jpeg\" \/>\n<meta name=\"twitter:card\" content=\"summary_large_image\" \/>\n<meta name=\"twitter:site\" content=\"@sirplay\" \/>\n<meta name=\"twitter:label1\" content=\"Dur\u00e9e de lecture estim\u00e9e\" \/>\n\t<meta name=\"twitter:data1\" content=\"3 minutes\" \/>\n<script type=\"application\/ld+json\" class=\"yoast-schema-graph\">{\"@context\":\"https:\\\/\\\/schema.org\",\"@graph\":[{\"@type\":\"WebPage\",\"@id\":\"https:\\\/\\\/sirplay.com\\\/fr\\\/plateforme-de-paris-sportifs\\\/\",\"url\":\"https:\\\/\\\/sirplay.com\\\/fr\\\/plateforme-de-paris-sportifs\\\/\",\"name\":\"Plateforme de paris sportifs - Sirplay\",\"isPartOf\":{\"@id\":\"https:\\\/\\\/sirplay.com\\\/fr\\\/#website\"},\"primaryImageOfPage\":{\"@id\":\"https:\\\/\\\/sirplay.com\\\/fr\\\/plateforme-de-paris-sportifs\\\/#primaryimage\"},\"image\":{\"@id\":\"https:\\\/\\\/sirplay.com\\\/fr\\\/plateforme-de-paris-sportifs\\\/#primaryimage\"},\"thumbnailUrl\":\"https:\\\/\\\/sirplay.com\\\/wp-content\\\/uploads\\\/2021\\\/04\\\/casino_software-1.jpg\",\"datePublished\":\"2021-06-14T15:42:22+00:00\",\"dateModified\":\"2024-06-10T11:40:49+00:00\",\"description\":\"Sirplay LTD propose les solutions de paris pour votre activit\u00e9 de bookmaker. Sur le logiciel de paris sportifs de Sirplay, le nombre de\",\"breadcrumb\":{\"@id\":\"https:\\\/\\\/sirplay.com\\\/fr\\\/plateforme-de-paris-sportifs\\\/#breadcrumb\"},\"inLanguage\":\"fr-FR\",\"potentialAction\":[{\"@type\":\"ReadAction\",\"target\":[\"https:\\\/\\\/sirplay.com\\\/fr\\\/plateforme-de-paris-sportifs\\\/\"]}]},{\"@type\":\"ImageObject\",\"inLanguage\":\"fr-FR\",\"@id\":\"https:\\\/\\\/sirplay.com\\\/fr\\\/plateforme-de-paris-sportifs\\\/#primaryimage\",\"url\":\"https:\\\/\\\/sirplay.com\\\/wp-content\\\/uploads\\\/2021\\\/04\\\/casino_software-1.jpg\",\"contentUrl\":\"https:\\\/\\\/sirplay.com\\\/wp-content\\\/uploads\\\/2021\\\/04\\\/casino_software-1.jpg\",\"width\":520,\"height\":280,\"caption\":\"logiciel de casino\"},{\"@type\":\"BreadcrumbList\",\"@id\":\"https:\\\/\\\/sirplay.com\\\/fr\\\/plateforme-de-paris-sportifs\\\/#breadcrumb\",\"itemListElement\":[{\"@type\":\"ListItem\",\"position\":1,\"name\":\"Home\",\"item\":\"https:\\\/\\\/sirplay.com\\\/fr\\\/\"},{\"@type\":\"ListItem\",\"position\":2,\"name\":\"Plateforme de paris sportifs\"}]},{\"@type\":\"WebSite\",\"@id\":\"https:\\\/\\\/sirplay.com\\\/fr\\\/#website\",\"url\":\"https:\\\/\\\/sirplay.com\\\/fr\\\/\",\"name\":\"Sportsbook software provider\",\"description\":\"Sports betting software online and Retail ssbts  - White label casino\",\"publisher\":{\"@id\":\"https:\\\/\\\/sirplay.com\\\/fr\\\/#organization\"},\"alternateName\":\"White label casino\",\"potentialAction\":[{\"@type\":\"SearchAction\",\"target\":{\"@type\":\"EntryPoint\",\"urlTemplate\":\"https:\\\/\\\/sirplay.com\\\/fr\\\/?s={search_term_string}\"},\"query-input\":{\"@type\":\"PropertyValueSpecification\",\"valueRequired\":true,\"valueName\":\"search_term_string\"}}],\"inLanguage\":\"fr-FR\"},{\"@type\":\"Organization\",\"@id\":\"https:\\\/\\\/sirplay.com\\\/fr\\\/#organization\",\"name\":\"Sirplay\",\"alternateName\":\"Sirplay white label\",\"url\":\"https:\\\/\\\/sirplay.com\\\/fr\\\/\",\"logo\":{\"@type\":\"ImageObject\",\"inLanguage\":\"fr-FR\",\"@id\":\"https:\\\/\\\/sirplay.com\\\/fr\\\/#\\\/schema\\\/logo\\\/image\\\/\",\"url\":\"https:\\\/\\\/sirplay.com\\\/wp-content\\\/uploads\\\/2021\\\/03\\\/cropped-sirplayICO.png\",\"contentUrl\":\"https:\\\/\\\/sirplay.com\\\/wp-content\\\/uploads\\\/2021\\\/03\\\/cropped-sirplayICO.png\",\"width\":512,\"height\":512,\"caption\":\"Sirplay\"},\"image\":{\"@id\":\"https:\\\/\\\/sirplay.com\\\/fr\\\/#\\\/schema\\\/logo\\\/image\\\/\"},\"sameAs\":[\"https:\\\/\\\/x.com\\\/sirplay\",\"https:\\\/\\\/www.linkedin.com\\\/company\\\/sirplay\",\"https:\\\/\\\/www.youtube.com\\\/user\\\/BookmakerSolutions\"]}]}<\/script>\n<!-- \/ Yoast SEO Premium plugin. -->","yoast_head_json":{"title":"Plateforme de paris sportifs - Sirplay","description":"Sirplay LTD propose les solutions de paris pour votre activit\u00e9 de bookmaker. Sur le logiciel de paris sportifs de Sirplay, le nombre de","robots":{"index":"index","follow":"follow","max-snippet":"max-snippet:-1","max-image-preview":"max-image-preview:large","max-video-preview":"max-video-preview:-1"},"canonical":"https:\/\/sirplay.com\/fr\/plateforme-de-paris-sportifs\/","og_locale":"fr_FR","og_type":"article","og_title":"Plateforme de paris sportifs","og_description":"Plateforme de paris sportifs","og_url":"https:\/\/sirplay.com\/fr\/plateforme-de-paris-sportifs\/","og_site_name":"Sirplay","article_modified_time":"2024-06-10T11:40:49+00:00","og_image":[{"width":520,"height":280,"url":"https:\/\/sirplay.com\/wp-content\/uploads\/2021\/04\/casino_software-1.jpg","type":"image\/jpeg"}],"twitter_card":"summary_large_image","twitter_site":"@sirplay","twitter_misc":{"Dur\u00e9e de lecture estim\u00e9e":"3 minutes"},"schema":{"@context":"https:\/\/schema.org","@graph":[{"@type":"WebPage","@id":"https:\/\/sirplay.com\/fr\/plateforme-de-paris-sportifs\/","url":"https:\/\/sirplay.com\/fr\/plateforme-de-paris-sportifs\/","name":"Plateforme de paris sportifs - Sirplay","isPartOf":{"@id":"https:\/\/sirplay.com\/fr\/#website"},"primaryImageOfPage":{"@id":"https:\/\/sirplay.com\/fr\/plateforme-de-paris-sportifs\/#primaryimage"},"image":{"@id":"https:\/\/sirplay.com\/fr\/plateforme-de-paris-sportifs\/#primaryimage"},"thumbnailUrl":"https:\/\/sirplay.com\/wp-content\/uploads\/2021\/04\/casino_software-1.jpg","datePublished":"2021-06-14T15:42:22+00:00","dateModified":"2024-06-10T11:40:49+00:00","description":"Sirplay LTD propose les solutions de paris pour votre activit\u00e9 de bookmaker. Sur le logiciel de paris sportifs de Sirplay, le nombre de","breadcrumb":{"@id":"https:\/\/sirplay.com\/fr\/plateforme-de-paris-sportifs\/#breadcrumb"},"inLanguage":"fr-FR","potentialAction":[{"@type":"ReadAction","target":["https:\/\/sirplay.com\/fr\/plateforme-de-paris-sportifs\/"]}]},{"@type":"ImageObject","inLanguage":"fr-FR","@id":"https:\/\/sirplay.com\/fr\/plateforme-de-paris-sportifs\/#primaryimage","url":"https:\/\/sirplay.com\/wp-content\/uploads\/2021\/04\/casino_software-1.jpg","contentUrl":"https:\/\/sirplay.com\/wp-content\/uploads\/2021\/04\/casino_software-1.jpg","width":520,"height":280,"caption":"logiciel de casino"},{"@type":"BreadcrumbList","@id":"https:\/\/sirplay.com\/fr\/plateforme-de-paris-sportifs\/#breadcrumb","itemListElement":[{"@type":"ListItem","position":1,"name":"Home","item":"https:\/\/sirplay.com\/fr\/"},{"@type":"ListItem","position":2,"name":"Plateforme de paris sportifs"}]},{"@type":"WebSite","@id":"https:\/\/sirplay.com\/fr\/#website","url":"https:\/\/sirplay.com\/fr\/","name":"Sportsbook software provider","description":"Sports betting software online and Retail ssbts  - White label casino","publisher":{"@id":"https:\/\/sirplay.com\/fr\/#organization"},"alternateName":"White label casino","potentialAction":[{"@type":"SearchAction","target":{"@type":"EntryPoint","urlTemplate":"https:\/\/sirplay.com\/fr\/?s={search_term_string}"},"query-input":{"@type":"PropertyValueSpecification","valueRequired":true,"valueName":"search_term_string"}}],"inLanguage":"fr-FR"},{"@type":"Organization","@id":"https:\/\/sirplay.com\/fr\/#organization","name":"Sirplay","alternateName":"Sirplay white label","url":"https:\/\/sirplay.com\/fr\/","logo":{"@type":"ImageObject","inLanguage":"fr-FR","@id":"https:\/\/sirplay.com\/fr\/#\/schema\/logo\/image\/","url":"https:\/\/sirplay.com\/wp-content\/uploads\/2021\/03\/cropped-sirplayICO.png","contentUrl":"https:\/\/sirplay.com\/wp-content\/uploads\/2021\/03\/cropped-sirplayICO.png","width":512,"height":512,"caption":"Sirplay"},"image":{"@id":"https:\/\/sirplay.com\/fr\/#\/schema\/logo\/image\/"},"sameAs":["https:\/\/x.com\/sirplay","https:\/\/www.linkedin.com\/company\/sirplay","https:\/\/www.youtube.com\/user\/BookmakerSolutions"]}]}},"_links":{"self":[{"href":"https:\/\/sirplay.com\/fr\/wp-json\/wp\/v2\/pages\/19042","targetHints":{"allow":["GET"]}}],"collection":[{"href":"https:\/\/sirplay.com\/fr\/wp-json\/wp\/v2\/pages"}],"about":[{"href":"https:\/\/sirplay.com\/fr\/wp-json\/wp\/v2\/types\/page"}],"author":[{"embeddable":true,"href":"https:\/\/sirplay.com\/fr\/wp-json\/wp\/v2\/users\/1"}],"replies":[{"embeddable":true,"href":"https:\/\/sirplay.com\/fr\/wp-json\/wp\/v2\/comments?post=19042"}],"version-history":[{"count":3,"href":"https:\/\/sirplay.com\/fr\/wp-json\/wp\/v2\/pages\/19042\/revisions"}],"predecessor-version":[{"id":21693,"href":"https:\/\/sirplay.com\/fr\/wp-json\/wp\/v2\/pages\/19042\/revisions\/21693"}],"wp:featuredmedia":[{"embeddable":true,"href":"https:\/\/sirplay.com\/fr\/wp-json\/wp\/v2\/media\/17901"}],"wp:attachment":[{"href":"https:\/\/sirplay.com\/fr\/wp-json\/wp\/v2\/media?parent=19042"}],"curies":[{"name":"wp","href":"https:\/\/api.w.org\/{rel}","templated":true}]}}