{"id":19115,"date":"2021-06-18T11:00:24","date_gmt":"2021-06-18T11:00:24","guid":{"rendered":"https:\/\/sirplay.com\/fournisseur-de-paris-sportifs\/"},"modified":"2024-09-27T10:08:33","modified_gmt":"2024-09-27T10:08:33","slug":"fournisseur-de-paris-sportifs","status":"publish","type":"page","link":"https:\/\/sirplay.com\/fr\/fournisseur-de-paris-sportifs\/","title":{"rendered":"fournisseur de paris sportifs"},"content":{"rendered":"<div class=\"wpb-content-wrapper\"><p>[vc_row css=&#8221;.vc_custom_1542122107794{margin-bottom: 0px !important;padding-top: 80px !important;padding-bottom: 100px !important;}&#8221;][vc_column width=&#8221;1\/2&#8243; css=&#8221;.vc_custom_1623768243150{margin-top: 10px !important;margin-bottom: 50px !important;}&#8221; offset=&#8221;vc_col-xs-12&#8243;]<script>\n                jQuery(function(){\n                    jQuery(\".mt_typed_text_69fed849dc708\").typed({\n                      strings: ['Sportsbook Providers', 'Casino Providers', 'Gambling Provider', 'Games Providers'],\n                      typeSpeed: 1,\n                      backDelay: 2000,\n                      loop: true\n                    });\n                });\n              <\/script><style>.parent-typed-text.mt_typed_text123_69fed849dc709 .mt_typed_text { color: !important;}<\/style><div class=\"parent-typed-text mt_typed_text123_69fed849dc709\" style=\"font-size:35px; line-height:35px; letter-spacing:0px\"><span class=\"mt_typed-beforetext\" style=\"color:\">We are <\/span><span class=\"mt_typed_text mt_typed_text_69fed849dc708\"><\/span><span class=\"mt_typed-aftertext\" style=\"color:\"> <\/span><\/div>[vc_custom_heading text=&#8221;Que faisons-nous ?&#8221; font_container=&#8221;tag:h3|font_size:40px|text_align:left|line_height:40px&#8221; use_theme_fonts=&#8221;yes&#8221; css=&#8221;.vc_custom_1621935339299{margin-top: 15px !important;margin-bottom: 25px !important;}&#8221; el_class=&#8221;looking-for-heading&#8221;][vc_column_text css=&#8221;.vc_custom_1718013225773{margin-top: 50px !important;margin-bottom: 40px !important;}&#8221;]<\/p>\n<p style=\"max-width: 650px;\"><strong>Sirplay est un fournisseur de logiciels de paris sportifs et construit<br \/>\n<a href=\"https:\/\/sirplay.com\"><br \/>\nsolution de sports et de jeux en marque blanche<br \/>\n<\/a><\/strong> et depuis plus de quinze ans, nous sommes le fournisseur de logiciels de paris sportifs des organisations de loteries et de paris sur les march\u00e9s r\u00e9glement\u00e9s.<\/p>\n<p style=\"max-width: 650px;\"><strong>Notre syst\u00e8me de logiciel de jeu a contribu\u00e9 au succ\u00e8s de nombreuses entreprises<\/strong>. Serez-vous le prochain ?<\/p>\n<p>[\/vc_column_text]<style type=\"text\/css\">\n                .sweetthemes_button .btn_custom_69fed849dc742 {\n                    background: rgba(0,0,0,0.99) !important;\n                }\n                .sweetthemes_button .btn_custom_69fed849dc742:hover {                   \n                    color: rgba(255,255,255,0.99) !important;                     \n                }\n                .sweetthemes_button .btn_custom_69fed849dc742:before {\n                    background: #a0c528 !important;\n                }\n                .sweetthemes_button .btn_custom_69fed849dc742 {\n                    border-color:  !important;\n                }\n                .sweetthemes_button .btn_custom_69fed849dc742:hover {                   \n                    border-color:  !important;                     \n                }\n\n              <\/style><div class=\"text-center sweetthemes_button \"><a  href=\"#contact\" class=\"button-winona btn btn-sm btn_custom_69fed849dc742\" style=\"color:rgba(255,255,255,0.99)\">\n        <i class=\"fa fa-phone\"><\/i>\n    Contact Us!<\/a><\/div>[\/vc_column][vc_column width=&#8221;1\/2&#8243;][vc_single_image image=&#8221;18037&#8243; img_size=&#8221;full&#8221; css=&#8221;.vc_custom_1623768176266{margin-top: 60px !important;}&#8221;][\/vc_column][\/vc_row][vc_row css=&#8221;.vc_custom_1623768342304{margin-bottom: 100px !important;}&#8221;][vc_column][vc_column_text css=&#8221;&#8221;]<\/p>\n<h4 style=\"text-align: center;\">Pour nous assurer que nous avons la bonne solution pour vous&#8230;<\/h4>\n<h2 style=\"text-align: center;\">Commen\u00e7ons \u00e0 z\u00e9ro.<\/h2>\n<h2 style=\"text-align: center;\">Un fournisseur de jeux d&#8217;argent doit avoir\u00a0:<\/h2>\n<p>&nbsp;<\/p>\n<h3><strong>Logiciel de paris sportifs<\/strong><\/h3>\n<p>Nous livrons complet et performant<br \/>\nLogiciel de paris sportifs<br \/>\nEn effet, la large offre de matchs en direct disponibles sur une base mensuelle et les options de diffusion en direct placeront votre bookmaker dans une plate-forme de divertissement, tous certifi\u00e9s par des laboratoires de jeux ind\u00e9pendants.<img class=\"alignright wp-image-18721 size- full\" title=\"fournisseur de paris sportifs\" src=\"https:\/\/sirplay.com\/wp-content\/uploads\/2021\/05\/sportsbook-provider.png\" alt=\"fournisseur de livres de sport\" width=\"378\" srcset=\"https:\/\/sirplay.com\/wp-content\/uploads\/2021\/05\/sportsbook-provider.png 378w, https:\/\/sirplay.com\/wp-content\/uploads\/2021\/05\/sportsbook-provider-225x300.png 225w\" sizes=\"(max-width: 378px) 100vw, 378px\" \/><\/p>\n<p>&nbsp;<\/p>\n<h3><strong>Plateforme iGaming &amp; Jeux<\/strong><\/h3>\n<p>Nous offrons<br \/>\nCasino Marque Blanche<br \/>\navec plus de 10 000 jeux, une licence de jeu et un service juridique pour d\u00e9marrer une activit\u00e9 de casino<\/p>\n<p>Nous avons s\u00e9lectionn\u00e9 les meilleurs fournisseurs de jeux dans le but de vous offrir le plus large choix de<br \/>\njeux de casino en direct<br \/>\net\u00a0jeux de casino\u00a0disponibles en ligne, les math\u00e9matiques du jeu sont s\u00e9curis\u00e9es et certifi\u00e9es.<\/p>\n<p>&nbsp;<\/p>\n<h3><strong>Donn\u00e9es &amp; Commerce<\/strong><\/h3>\n<p>Nous proposons des services de trading et de gestion des risques, des conseils en gestion des cotes et une couverture des gains. Sirplay est n\u00e9 en tant que gestionnaire de risques il y a 15 ans depuis, nous avons continuellement investi dans notre algorithme math\u00e9matique pour vous garantir z\u00e9ro perte ! <strong>nous avons tellement confiance en notre syst\u00e8me que nous vous payons en cas de perte.<\/strong><\/p>\n<p>&nbsp;<\/p>\n<h3><strong>M\u00e9dias &amp; Agence de marketing<\/strong><\/h3>\n<p>La strat\u00e9gie de chaque client est diff\u00e9rente en fonction de l&#8217;audience, du budget, de la marque et des objectifs. Sirplay vous couvre en tant qu&#8217;agence de marketing \u00e0 service complet, capable d&#8217;int\u00e9grer tout ce que vous faites en ce moment, agissant \u00e0 la fois comme une extension de votre \u00e9quipe marketing et en parall\u00e8le de votre d\u00e9partement existant.<\/p>\n<p>&nbsp;<\/p>\n<h3><strong>R\u00e9seau d&#8217;affiliation<\/strong><\/h3>\n<p>L&#8217;acquisition de nouveaux joueurs est un point cl\u00e9 et nous avons simplifi\u00e9 la gestion des affiliations et<strong> notre moteur de bonus vous permet d&#8217;\u00eatre comp\u00e9titif sur tous les march\u00e9s.<\/strong><\/p>\n<p>&nbsp;<\/p>\n<h3><strong><br \/>\nSyst\u00e8me de paiement de jeu<br \/>\n<\/strong><\/h3>\n<p>Nous avons int\u00e9gr\u00e9 une m\u00e9thode de paiement de classe mondiale pour les jeux. Facile \u00e0 utiliser et \u00e0 g\u00e9rer tous vos canaux de paiement.<br \/>\nEn r\u00e9f\u00e9rence \u00e0 des march\u00e9s sp\u00e9cifiques, nous avons int\u00e9gr\u00e9 de nombreux syst\u00e8mes de paiement et au-del\u00e0 <strong>Visa, Mastercard,<\/p>\n<p>Bitcoin et crypto-monnaies<\/p>\n<p>La plateforme accepte toutes les crypto-monnaies actuellement existantes et de nombreux types de moyens de paiement.<\/strong><\/p>\n<p>&nbsp;<\/p>\n<h2><strong> Evidemment nous ne sommes pas revendeur mais nous sommes propri\u00e9taire du<br \/>\ncode source certifi\u00e9<br \/>\n! <\/strong><\/h2>\n<p>[\/vc_column_text][vc_row_inner css=&#8221;.vc_custom_1541538916967{margin-top: 75px !important;}&#8221;][vc_column_inner width=&#8221;1\/2&#8243; offset=&#8221;vc_hidden-xs&#8221;][vc_column_text el_class=&#8221;rotation&#8221;][\/vc_column_text][vc_single_image image=&#8221;17916&#8243; img_size=&#8221;full&#8221;][\/vc_column_inner][vc_column_inner width=&#8221;1\/2&#8243;][vc_custom_heading text=&#8221;Int\u00e9gration avec d&#8217;autres plateformes&#8221; font_container=&#8221;tag:h2|font_size:50px|text_align:left|color:%23a0c528|line_height:50px&#8221; use_theme_fonts=&#8221;yes&#8221; css_animation=&#8221;fadeInUp&#8221; css=&#8221;.vc_custom_1617297337769{margin-top: 3px !important;margin-bottom: 30px !important;}&#8221;][vc_custom_heading text=&#8221;iFrame et API&#8221; font_container=&#8221;tag:h3|font_size:34px|text_align:left|color:%23000000|line_height:34px&#8221; use_theme_fonts=&#8221;yes&#8221; css_animation=&#8221;fadeInUp&#8221; css=&#8221;.vc_custom_1617296746282{margin-top: 0px !important;margin-bottom: 35px !important;}&#8221;][vc_column_text css_animation=&#8221;fadeInUp&#8221; css=&#8221;.vc_custom_1617297236949{margin-bottom: 45px !important;}&#8221;]<\/p>\n<p style=\"max-width: 500px; margin-bottom: 30px;\">Notre plateforme peut \u00eatre <strong>int\u00e9gr\u00e9e facilement via iFrame ou API<\/strong> peut \u00e9galement devenir une solution d&#8217;int\u00e9gration unique ou de paris sportifs ou simplement de casino jeux ainsi qu&#8217;un casino en direct.<\/p>\n<p>[\/vc_column_text][vc_column_text css_animation=&#8221;fadeInUp&#8221; el_id=&#8221;contact&#8221;]<\/p>\n<div class=\"niva-separator\" style=\"height: 4px; background: #a0c528; width: 60px; border-radius: 5px;\"><\/div>\n<p>[\/vc_column_text][\/vc_column_inner][\/vc_row_inner][\/vc_column][\/vc_row][vc_row full_width=&#8221;stretch_row&#8221; css=&#8221;.vc_custom_1541539222800{padding-top: 55px !important;padding-bottom: 80px !important;}&#8221;][vc_column width=&#8221;1\/2&#8243; el_id=&#8221;contact&#8221;][vc_column_text css_animation=&#8221;fadeInUp&#8221; css=&#8221;.vc_custom_1718019437854{margin-top: 50px !important;margin-bottom: 40px !important;}&#8221;]<\/p>\n<h6 class=\"section-title wow fadeInUp dark_title animated\">CONTACT US!<\/h6>\n<h2 class=\"section-subtitle wow fadeInUp dark_subtitle animated\">Let&#8217;s Talk about Strategy<\/h2>\n<p>[\/vc_column_text][vc_column_text css_animation=&#8221;fadeInUp&#8221; css=&#8221;.vc_custom_1619546949035{margin-top: 50px !important;margin-bottom: 40px !important;}&#8221;]<\/p>\n<p style=\"max-width: 650px;\">Connectez-vous avec un expert Sirplay pour une discussion d\u00e9taill\u00e9e sur la fa\u00e7on dont nos services pourraient apporter des avantages \u00e0 votre entreprise de paris et cr\u00e9er votre propre strat\u00e9gie.<\/p>\n<p>[\/vc_column_text][vc_column_text]<\/p>\n<h3>Les s\u00e9ances de strat\u00e9gie sont adapt\u00e9es \u00e0 vos besoins. Voici quelques sujets que vous pourriez aborder pendant les sessions\u00a0:<\/h3>\n<ul>\n<li>Analyse du march\u00e9 et op\u00e9rations locales<\/li>\n<li>Objectifs et d\u00e9fis de d\u00e9veloppement.<\/li>\n<li>Strat\u00e9gies de d\u00e9veloppement en ligne et de vente au d\u00e9tail.<\/li>\n<li>Comment tirer le meilleur parti de votre \u00e9quipe actuelle.<\/li>\n<li>Questions sur le fonctionnement des solutions Sirplay et quand ou pourquoi les utiliser.<\/li>\n<\/ul>\n<p>[\/vc_column_text][\/vc_column][vc_column width=&#8221;1\/2&#8243;][vc_column_text css_animation=&#8221;fadeInUp&#8221; css=&#8221;.vc_custom_1619547042726{padding-bottom: 50px !important;}&#8221;]<\/p>\n<h4 class=\"x-text-content-text-primary\">Inscrivez-vous \u00e0 votre session de strat\u00e9gie<\/h4>\n<p>[\/vc_column_text]\n<div class=\"wpcf7 no-js\" id=\"wpcf7-f19228-o1\" lang=\"fr-FR\" dir=\"ltr\" data-wpcf7-id=\"19228\">\n<div class=\"screen-reader-response\"><p role=\"status\" aria-live=\"polite\" aria-atomic=\"true\"><\/p> <ul><\/ul><\/div>\n<form action=\"\/fr\/wp-json\/wp\/v2\/pages\/19115#wpcf7-f19228-o1\" method=\"post\" class=\"wpcf7-form init\" aria-label=\"Formulaire de contact\" novalidate=\"novalidate\" data-status=\"init\">\n<fieldset class=\"hidden-fields-container\"><input type=\"hidden\" name=\"_wpcf7\" value=\"19228\" \/><input type=\"hidden\" name=\"_wpcf7_version\" value=\"6.1.5\" \/><input type=\"hidden\" name=\"_wpcf7_locale\" value=\"fr_FR\" \/><input type=\"hidden\" name=\"_wpcf7_unit_tag\" value=\"wpcf7-f19228-o1\" \/><input type=\"hidden\" name=\"_wpcf7_container_post\" value=\"0\" \/><input type=\"hidden\" name=\"_wpcf7_posted_data_hash\" value=\"\" \/>\n<\/fieldset>\n<p><label> Nom et pr\u00e9nom<br \/>\n<span class=\"wpcf7-form-control-wrap\" data-name=\"your-name\"><input size=\"40\" maxlength=\"400\" class=\"wpcf7-form-control wpcf7-text wpcf7-validates-as-required\" aria-required=\"true\" aria-invalid=\"false\" value=\"\" type=\"text\" name=\"your-name\" \/><\/span> <\/label>\n<\/p>\n<p><label> Votre e-mail<br \/>\n<span class=\"wpcf7-form-control-wrap\" data-name=\"your-email\"><input size=\"40\" maxlength=\"400\" class=\"wpcf7-form-control wpcf7-email wpcf7-validates-as-required wpcf7-text wpcf7-validates-as-email\" aria-required=\"true\" aria-invalid=\"false\" value=\"\" type=\"email\" name=\"your-email\" \/><\/span> <\/label>\n<\/p>\n<p><label> Pays<br \/>\n<span class=\"wpcf7-form-control-wrap\" data-name=\"countrytext-54\"><input size=\"40\" class=\"wpcf7-form-control wpcf7-countrytext wpcf7-text wpcf7-validates-as-countrytext\" aria-invalid=\"false\" value=\"\" type=\"text\" name=\"countrytext-54\" \/><\/span> <\/label>\n<\/p>\n<p><label> Num\u00e9ro de t\u00e9l\u00e9phone<br \/>\n<span class=\"wpcf7-form-control-wrap\" data-name=\"phonetext-462\"><input size=\"40\" class=\"wpcf7-form-control wpcf7-phonetext wpcf7-text wpcf7-validates-as-phonetext\" aria-invalid=\"false\" value=\"\" type=\"text\" name=\"phonetext-462\" \/><input type=\"hidden\" name=\"phonetext-462-country-code\" class=\"wpcf7-phonetext-country-code\" \/><\/span> <\/label>\n<\/p>\n<p><label> Un message<br \/>\n<span class=\"wpcf7-form-control-wrap\" data-name=\"your-message\"><textarea cols=\"40\" rows=\"10\" maxlength=\"2000\" class=\"wpcf7-form-control wpcf7-textarea\" aria-invalid=\"false\" name=\"your-message\"><\/textarea><\/span> <\/label>\n<\/p>\n<p><input class=\"wpcf7-form-control wpcf7-submit has-spinner\" type=\"submit\" value=\"Submit\" \/>\n<\/p><div class=\"wpcf7-response-output\" aria-hidden=\"true\"><\/div>\n<\/form>\n<\/div>\n[\/vc_column][\/vc_row]<\/p>\n<\/div>","protected":false},"excerpt":{"rendered":"<p>[vc_row css=&#8221;.vc_custom_1542122107794{margin-bottom: 0px !important;padding-top: 80px !important;padding-bottom: 100px !important;}&#8221;][vc_column width=&#8221;1\/2&#8243; css=&#8221;.vc_custom_1623768243150{margin-top: 10px !important;margin-bottom: 50px !important;}&#8221; offset=&#8221;vc_col-xs-12&#8243;][vc_custom_heading text=&#8221;Que faisons-nous ?&#8221; font_container=&#8221;tag:h3|font_size:40px|text_align:left|line_height:40px&#8221; use_theme_fonts=&#8221;yes&#8221; css=&#8221;.vc_custom_1621935339299{margin-top: 15px !important;margin-bottom: 25px !important;}&#8221; el_class=&#8221;looking-for-heading&#8221;][vc_column_text css=&#8221;.vc_custom_1718013225773{margin-top: 50px !important;margin-bottom: 40px !important;}&#8221;] Sirplay est un fournisseur de logiciels de paris sportifs et construit solution de sports et de jeux en marque blanche et depuis plus de [&hellip;]<\/p>\n","protected":false},"author":1,"featured_media":18721,"parent":0,"menu_order":0,"comment_status":"closed","ping_status":"closed","template":"","meta":{"footnotes":""},"class_list":["post-19115","page","type-page","status-publish","has-post-thumbnail","hentry"],"yoast_head":"<!-- This site is optimized with the Yoast SEO Premium plugin v27.3 (Yoast SEO v27.3) - https:\/\/yoast.com\/product\/yoast-seo-premium-wordpress\/ -->\n<title>fournisseur de paris sportifs - Sirplay<\/title>\n<meta name=\"description\" content=\"Nous livrons complet et performantLogiciel de paris sportifsEn effet, la large offre de matchs en direct disponibles sur une base mensuelle\" \/>\n<meta name=\"robots\" content=\"index, follow, max-snippet:-1, max-image-preview:large, max-video-preview:-1\" \/>\n<link rel=\"canonical\" href=\"https:\/\/sirplay.com\/fr\/fournisseur-de-paris-sportifs\/\" \/>\n<meta property=\"og:locale\" content=\"fr_FR\" \/>\n<meta property=\"og:type\" content=\"article\" \/>\n<meta property=\"og:title\" content=\"fournisseur de paris sportifs\" \/>\n<meta property=\"og:description\" content=\"fournisseur de paris sportifs\" \/>\n<meta property=\"og:url\" content=\"https:\/\/sirplay.com\/fr\/fournisseur-de-paris-sportifs\/\" \/>\n<meta property=\"og:site_name\" content=\"Sirplay\" \/>\n<meta property=\"article:modified_time\" content=\"2024-09-27T10:08:33+00:00\" \/>\n<meta property=\"og:image\" content=\"https:\/\/sirplay.com\/wp-content\/uploads\/2021\/05\/sportsbook-provider.png\" \/>\n\t<meta property=\"og:image:width\" content=\"378\" \/>\n\t<meta property=\"og:image:height\" content=\"504\" \/>\n\t<meta property=\"og:image:type\" content=\"image\/png\" \/>\n<meta name=\"twitter:card\" content=\"summary_large_image\" \/>\n<meta name=\"twitter:site\" content=\"@sirplay\" \/>\n<meta name=\"twitter:label1\" content=\"Dur\u00e9e de lecture estim\u00e9e\" \/>\n\t<meta name=\"twitter:data1\" content=\"4 minutes\" \/>\n<script type=\"application\/ld+json\" class=\"yoast-schema-graph\">{\"@context\":\"https:\\\/\\\/schema.org\",\"@graph\":[{\"@type\":\"WebPage\",\"@id\":\"https:\\\/\\\/sirplay.com\\\/fr\\\/fournisseur-de-paris-sportifs\\\/\",\"url\":\"https:\\\/\\\/sirplay.com\\\/fr\\\/fournisseur-de-paris-sportifs\\\/\",\"name\":\"fournisseur de paris sportifs - Sirplay\",\"isPartOf\":{\"@id\":\"https:\\\/\\\/sirplay.com\\\/fr\\\/#website\"},\"primaryImageOfPage\":{\"@id\":\"https:\\\/\\\/sirplay.com\\\/fr\\\/fournisseur-de-paris-sportifs\\\/#primaryimage\"},\"image\":{\"@id\":\"https:\\\/\\\/sirplay.com\\\/fr\\\/fournisseur-de-paris-sportifs\\\/#primaryimage\"},\"thumbnailUrl\":\"https:\\\/\\\/sirplay.com\\\/wp-content\\\/uploads\\\/2021\\\/05\\\/sportsbook-provider.png\",\"datePublished\":\"2021-06-18T11:00:24+00:00\",\"dateModified\":\"2024-09-27T10:08:33+00:00\",\"description\":\"Nous livrons complet et performantLogiciel de paris sportifsEn effet, la large offre de matchs en direct disponibles sur une base mensuelle\",\"breadcrumb\":{\"@id\":\"https:\\\/\\\/sirplay.com\\\/fr\\\/fournisseur-de-paris-sportifs\\\/#breadcrumb\"},\"inLanguage\":\"fr-FR\",\"potentialAction\":[{\"@type\":\"ReadAction\",\"target\":[\"https:\\\/\\\/sirplay.com\\\/fr\\\/fournisseur-de-paris-sportifs\\\/\"]}]},{\"@type\":\"ImageObject\",\"inLanguage\":\"fr-FR\",\"@id\":\"https:\\\/\\\/sirplay.com\\\/fr\\\/fournisseur-de-paris-sportifs\\\/#primaryimage\",\"url\":\"https:\\\/\\\/sirplay.com\\\/wp-content\\\/uploads\\\/2021\\\/05\\\/sportsbook-provider.png\",\"contentUrl\":\"https:\\\/\\\/sirplay.com\\\/wp-content\\\/uploads\\\/2021\\\/05\\\/sportsbook-provider.png\",\"width\":378,\"height\":504,\"caption\":\"fournisseur de paris sportifs\"},{\"@type\":\"BreadcrumbList\",\"@id\":\"https:\\\/\\\/sirplay.com\\\/fr\\\/fournisseur-de-paris-sportifs\\\/#breadcrumb\",\"itemListElement\":[{\"@type\":\"ListItem\",\"position\":1,\"name\":\"Home\",\"item\":\"https:\\\/\\\/sirplay.com\\\/fr\\\/\"},{\"@type\":\"ListItem\",\"position\":2,\"name\":\"fournisseur de paris sportifs\"}]},{\"@type\":\"WebSite\",\"@id\":\"https:\\\/\\\/sirplay.com\\\/fr\\\/#website\",\"url\":\"https:\\\/\\\/sirplay.com\\\/fr\\\/\",\"name\":\"Sportsbook software provider\",\"description\":\"Sports betting software online and Retail ssbts  - White label casino\",\"publisher\":{\"@id\":\"https:\\\/\\\/sirplay.com\\\/fr\\\/#organization\"},\"alternateName\":\"White label casino\",\"potentialAction\":[{\"@type\":\"SearchAction\",\"target\":{\"@type\":\"EntryPoint\",\"urlTemplate\":\"https:\\\/\\\/sirplay.com\\\/fr\\\/?s={search_term_string}\"},\"query-input\":{\"@type\":\"PropertyValueSpecification\",\"valueRequired\":true,\"valueName\":\"search_term_string\"}}],\"inLanguage\":\"fr-FR\"},{\"@type\":\"Organization\",\"@id\":\"https:\\\/\\\/sirplay.com\\\/fr\\\/#organization\",\"name\":\"Sirplay\",\"alternateName\":\"Sirplay white label\",\"url\":\"https:\\\/\\\/sirplay.com\\\/fr\\\/\",\"logo\":{\"@type\":\"ImageObject\",\"inLanguage\":\"fr-FR\",\"@id\":\"https:\\\/\\\/sirplay.com\\\/fr\\\/#\\\/schema\\\/logo\\\/image\\\/\",\"url\":\"https:\\\/\\\/sirplay.com\\\/wp-content\\\/uploads\\\/2021\\\/03\\\/cropped-sirplayICO.png\",\"contentUrl\":\"https:\\\/\\\/sirplay.com\\\/wp-content\\\/uploads\\\/2021\\\/03\\\/cropped-sirplayICO.png\",\"width\":512,\"height\":512,\"caption\":\"Sirplay\"},\"image\":{\"@id\":\"https:\\\/\\\/sirplay.com\\\/fr\\\/#\\\/schema\\\/logo\\\/image\\\/\"},\"sameAs\":[\"https:\\\/\\\/x.com\\\/sirplay\",\"https:\\\/\\\/www.linkedin.com\\\/company\\\/sirplay\",\"https:\\\/\\\/www.youtube.com\\\/user\\\/BookmakerSolutions\"]}]}<\/script>\n<!-- \/ Yoast SEO Premium plugin. -->","yoast_head_json":{"title":"fournisseur de paris sportifs - Sirplay","description":"Nous livrons complet et performantLogiciel de paris sportifsEn effet, la large offre de matchs en direct disponibles sur une base mensuelle","robots":{"index":"index","follow":"follow","max-snippet":"max-snippet:-1","max-image-preview":"max-image-preview:large","max-video-preview":"max-video-preview:-1"},"canonical":"https:\/\/sirplay.com\/fr\/fournisseur-de-paris-sportifs\/","og_locale":"fr_FR","og_type":"article","og_title":"fournisseur de paris sportifs","og_description":"fournisseur de paris sportifs","og_url":"https:\/\/sirplay.com\/fr\/fournisseur-de-paris-sportifs\/","og_site_name":"Sirplay","article_modified_time":"2024-09-27T10:08:33+00:00","og_image":[{"width":378,"height":504,"url":"https:\/\/sirplay.com\/wp-content\/uploads\/2021\/05\/sportsbook-provider.png","type":"image\/png"}],"twitter_card":"summary_large_image","twitter_site":"@sirplay","twitter_misc":{"Dur\u00e9e de lecture estim\u00e9e":"4 minutes"},"schema":{"@context":"https:\/\/schema.org","@graph":[{"@type":"WebPage","@id":"https:\/\/sirplay.com\/fr\/fournisseur-de-paris-sportifs\/","url":"https:\/\/sirplay.com\/fr\/fournisseur-de-paris-sportifs\/","name":"fournisseur de paris sportifs - Sirplay","isPartOf":{"@id":"https:\/\/sirplay.com\/fr\/#website"},"primaryImageOfPage":{"@id":"https:\/\/sirplay.com\/fr\/fournisseur-de-paris-sportifs\/#primaryimage"},"image":{"@id":"https:\/\/sirplay.com\/fr\/fournisseur-de-paris-sportifs\/#primaryimage"},"thumbnailUrl":"https:\/\/sirplay.com\/wp-content\/uploads\/2021\/05\/sportsbook-provider.png","datePublished":"2021-06-18T11:00:24+00:00","dateModified":"2024-09-27T10:08:33+00:00","description":"Nous livrons complet et performantLogiciel de paris sportifsEn effet, la large offre de matchs en direct disponibles sur une base mensuelle","breadcrumb":{"@id":"https:\/\/sirplay.com\/fr\/fournisseur-de-paris-sportifs\/#breadcrumb"},"inLanguage":"fr-FR","potentialAction":[{"@type":"ReadAction","target":["https:\/\/sirplay.com\/fr\/fournisseur-de-paris-sportifs\/"]}]},{"@type":"ImageObject","inLanguage":"fr-FR","@id":"https:\/\/sirplay.com\/fr\/fournisseur-de-paris-sportifs\/#primaryimage","url":"https:\/\/sirplay.com\/wp-content\/uploads\/2021\/05\/sportsbook-provider.png","contentUrl":"https:\/\/sirplay.com\/wp-content\/uploads\/2021\/05\/sportsbook-provider.png","width":378,"height":504,"caption":"fournisseur de paris sportifs"},{"@type":"BreadcrumbList","@id":"https:\/\/sirplay.com\/fr\/fournisseur-de-paris-sportifs\/#breadcrumb","itemListElement":[{"@type":"ListItem","position":1,"name":"Home","item":"https:\/\/sirplay.com\/fr\/"},{"@type":"ListItem","position":2,"name":"fournisseur de paris sportifs"}]},{"@type":"WebSite","@id":"https:\/\/sirplay.com\/fr\/#website","url":"https:\/\/sirplay.com\/fr\/","name":"Sportsbook software provider","description":"Sports betting software online and Retail ssbts  - White label casino","publisher":{"@id":"https:\/\/sirplay.com\/fr\/#organization"},"alternateName":"White label casino","potentialAction":[{"@type":"SearchAction","target":{"@type":"EntryPoint","urlTemplate":"https:\/\/sirplay.com\/fr\/?s={search_term_string}"},"query-input":{"@type":"PropertyValueSpecification","valueRequired":true,"valueName":"search_term_string"}}],"inLanguage":"fr-FR"},{"@type":"Organization","@id":"https:\/\/sirplay.com\/fr\/#organization","name":"Sirplay","alternateName":"Sirplay white label","url":"https:\/\/sirplay.com\/fr\/","logo":{"@type":"ImageObject","inLanguage":"fr-FR","@id":"https:\/\/sirplay.com\/fr\/#\/schema\/logo\/image\/","url":"https:\/\/sirplay.com\/wp-content\/uploads\/2021\/03\/cropped-sirplayICO.png","contentUrl":"https:\/\/sirplay.com\/wp-content\/uploads\/2021\/03\/cropped-sirplayICO.png","width":512,"height":512,"caption":"Sirplay"},"image":{"@id":"https:\/\/sirplay.com\/fr\/#\/schema\/logo\/image\/"},"sameAs":["https:\/\/x.com\/sirplay","https:\/\/www.linkedin.com\/company\/sirplay","https:\/\/www.youtube.com\/user\/BookmakerSolutions"]}]}},"_links":{"self":[{"href":"https:\/\/sirplay.com\/fr\/wp-json\/wp\/v2\/pages\/19115","targetHints":{"allow":["GET"]}}],"collection":[{"href":"https:\/\/sirplay.com\/fr\/wp-json\/wp\/v2\/pages"}],"about":[{"href":"https:\/\/sirplay.com\/fr\/wp-json\/wp\/v2\/types\/page"}],"author":[{"embeddable":true,"href":"https:\/\/sirplay.com\/fr\/wp-json\/wp\/v2\/users\/1"}],"replies":[{"embeddable":true,"href":"https:\/\/sirplay.com\/fr\/wp-json\/wp\/v2\/comments?post=19115"}],"version-history":[{"count":4,"href":"https:\/\/sirplay.com\/fr\/wp-json\/wp\/v2\/pages\/19115\/revisions"}],"predecessor-version":[{"id":22135,"href":"https:\/\/sirplay.com\/fr\/wp-json\/wp\/v2\/pages\/19115\/revisions\/22135"}],"wp:featuredmedia":[{"embeddable":true,"href":"https:\/\/sirplay.com\/fr\/wp-json\/wp\/v2\/media\/18721"}],"wp:attachment":[{"href":"https:\/\/sirplay.com\/fr\/wp-json\/wp\/v2\/media?parent=19115"}],"curies":[{"name":"wp","href":"https:\/\/api.w.org\/{rel}","templated":true}]}}