{"id":22092,"date":"2024-09-26T18:21:56","date_gmt":"2024-09-26T18:21:56","guid":{"rendered":"https:\/\/sirplay.com\/logiciel-de-paris-sportifs-2\/solutions-pour-le-commerce-de-detail\/"},"modified":"2026-01-29T16:06:32","modified_gmt":"2026-01-29T16:06:32","slug":"solutions-pour-le-commerce-de-detail","status":"publish","type":"page","link":"https:\/\/sirplay.com\/fr\/logiciel-de-paris-sportifs-2\/solutions-pour-le-commerce-de-detail\/","title":{"rendered":"Solutions pour le commerce de d\u00e9tail"},"content":{"rendered":"<div class=\"wpb-content-wrapper\"><p>[vc_row][vc_column width=&#8221;2\/3&#8243; offset=&#8221;vc_col-xs-12&#8243;][vc_custom_heading text=&#8221;Terminaux de paris en libre-service SSBT &#8211; Vente au d\u00e9tail dans les magasins de paris&#8221; font_container=&#8221;tag:h2|font_size:36px|text_align:left|line_height:46px&#8221; use_theme_fonts=&#8221;yes&#8221; css=&#8221;.vc_custom_1769702043582{margin-top: 15px !important;margin-bottom: 25px !important;}&#8221; el_class=&#8221;looking-for-heading&#8221;][vc_empty_space height=&#8221;45px&#8221;][vc_column_text css=&#8221;.vc_custom_1769702393229{margin-bottom: 40px !important;}&#8221;]<\/p>\n<div class=\"anchor-heading-wrapper\">\n<h3 id=\"self-service-betting-terminals-ssbts\" class=\"anchor-heading\" data-name=\"self-service-betting-terminals-ssbts\">Terminaux de paris en libre-service (TPS)<\/h3>\n<\/div>\n<p>Sirplay propose des terminaux de paris en libre-service qui permettent aux clients de placer leurs propres paris, r\u00e9duisant ainsi les temps d&#8217;attente et am\u00e9liorant l&#8217;efficacit\u00e9 dans les zones tr\u00e8s fr\u00e9quent\u00e9es.<\/p>\n<div class=\"anchor-heading-wrapper\">\n<h3 id=\"retail-betting-management\" class=\"anchor-heading\" data-name=\"retail-betting-management\">Gestion des paris au d\u00e9tail<\/h3>\n<\/div>\n<p>Leur logiciel rationalise la gestion des boutiques de paris, en fournissant des outils pour les cotes en temps r\u00e9el et l&#8217;engagement des clients.<\/p>\n<div class=\"anchor-heading-wrapper\">\n<h3 id=\"over-the-counter-betting\" class=\"anchor-heading\" data-name=\"over-the-counter-betting\">Pari de gr\u00e9 \u00e0 gr\u00e9<\/h3>\n<\/div>\n<p>Sirplay prend \u00e9galement en charge les paris traditionnels au guichet, ce qui permet aux clients d&#8217;effectuer des transactions rapides et faciles en personne.<\/p>\n<div class=\"anchor-heading-wrapper\">\n<h3 id=\"user-friendly-interface\" class=\"anchor-heading\" data-name=\"user-friendly-interface\">Interface conviviale<\/h3>\n<\/div>\n<p>La soci\u00e9t\u00e9 con\u00e7oit des interfaces intuitives pour les terminaux de paris et les options en libre-service, ce qui permet aux utilisateurs de naviguer et de placer des paris en toute simplicit\u00e9.<\/p>\n<div class=\"anchor-heading-wrapper\">\n<h3 id=\"integration-capabilities\" class=\"anchor-heading\" data-name=\"integration-capabilities\">Capacit\u00e9s d&#8217;int\u00e9gration<\/h3>\n<\/div>\n<p>Le logiciel Sirplay s&#8217;int\u00e8gre de mani\u00e8re transparente aux syst\u00e8mes de vente au d\u00e9tail existants, ce qui permet aux op\u00e9rateurs de personnaliser les fonctions tout en garantissant la conformit\u00e9 avec les r\u00e9glementations locales.<\/p>\n<div class=\"anchor-heading-wrapper\">\n<h3 id=\"risk-management-tools\" class=\"anchor-heading\" data-name=\"risk-management-tools\">Outils de gestion des risques<\/h3>\n<\/div>\n<p>Il comprend des outils de gestion des risques et de reporting, qui aident les op\u00e9rateurs \u00e0 analyser les donn\u00e9es relatives aux paris et \u00e0 surveiller les activit\u00e9s \u00e0 haut risque.<\/p>\n<div class=\"anchor-heading-wrapper\">\n<h3 id=\"payment-processing-solutions\" class=\"anchor-heading\" data-name=\"payment-processing-solutions\">Solutions de traitement des paiements<\/h3>\n<\/div>\n<p>Sirplay prend en charge diverses m\u00e9thodes de paiement, garantissant des d\u00e9p\u00f4ts et des retraits en douceur afin d&#8217;am\u00e9liorer la satisfaction des clients.<\/p>\n<div class=\"anchor-heading-wrapper\">\n<h3 id=\"marketing-module\" class=\"anchor-heading\" data-name=\"marketing-module\">Module marketing<\/h3>\n<\/div>\n<p>Le logiciel comprend des outils de marketing qui aident les op\u00e9rateurs \u00e0 cr\u00e9er des promotions et des programmes de fid\u00e9lit\u00e9 pour attirer et fid\u00e9liser les clients.<\/p>\n<div class=\"anchor-heading-wrapper\">\n<h3 id=\"future-ready-solutions\" class=\"anchor-heading\" data-name=\"future-ready-solutions\">Des solutions pr\u00eates pour l&#8217;avenir<\/h3>\n<\/div>\n<p>Sirplay s&#8217;engage \u00e0 faire \u00e9voluer sa technologie, en incorporant des tendances telles que l&#8217;analyse avanc\u00e9e et les exp\u00e9riences gamifi\u00e9es pour que les clients restent comp\u00e9titifs.[\/vc_column_text][vc_empty_space height=&#8221;45px&#8221;][\/vc_column][vc_column width=&#8221;1\/3&#8243;][vc_empty_space height=&#8221;45px&#8221;][vc_single_image image=&#8221;21970&#8243; img_size=&#8221;full&#8221; add_caption=&#8221;yes&#8221; alignment=&#8221;center&#8221; css=&#8221;&#8221;][vc_empty_space height=&#8221;45px&#8221;][\/vc_column][\/vc_row][vc_row][vc_column offset=&#8221;vc_col-xs-12&#8243;][vc_empty_space height=&#8221;45px&#8221;][vc_custom_heading text=&#8221;Nous vous facilitons l&apos;acc\u00e8s au commerce de d\u00e9tail en ligne&#8221; font_container=&#8221;tag:h2|font_size:32px|text_align:center|color:%23a0c528|line_height:42px&#8221; use_theme_fonts=&#8221;yes&#8221; css_animation=&#8221;none&#8221; css=&#8221;.vc_custom_1727189784539{margin-top: 3px !important;margin-bottom: 35px !important;}&#8221;]<style type=\"text\/css\">\n                .sweetthemes_button .btn_custom_69f418d94d901 {\n                    background: rgba(255,255,255,0.99) !important;\n                }\n                .sweetthemes_button .btn_custom_69f418d94d901:hover {                   \n                    color: rgba(255,255,255,0.99) !important;                     \n                }\n                .sweetthemes_button .btn_custom_69f418d94d901:before {\n                    background: #a0c528 !important;\n                }\n                .sweetthemes_button .btn_custom_69f418d94d901 {\n                    border-color: #e2e2e2 !important;\n                }\n                .sweetthemes_button .btn_custom_69f418d94d901:hover {                   \n                    border-color:  !important;                     \n                }\n\n              <\/style><div class=\"text-center sweetthemes_button \"><a  href=\"#contact\" class=\"button-winona btn btn-sm btn_custom_69f418d94d901\" style=\"color:rgba(10,10,10,0.99)\">\n        <i class=\"fa fa-phone\"><\/i>\n    GET QUOTE<\/a><\/div>[vc_empty_space height=&#8221;45px&#8221;][\/vc_column][\/vc_row][vc_row full_width=&#8221;stretch_row&#8221; css=&#8221;.vc_custom_1656008710904{margin-top: 100px !important;padding-bottom: 80px !important;}&#8221;][vc_column width=&#8221;1\/2&#8243; el_id=&#8221;contact&#8221;][vc_column_text css_animation=&#8221;none&#8221; css=&#8221;.vc_custom_1656024061759{margin-top: 0px !important;margin-bottom: 40px !important;}&#8221;]<\/p>\n<h3><strong>Contactez-nous<\/strong><\/h3>\n<p style=\"max-width: 650px;\">Connectez-vous avec un expert Sirplay pour une discussion d\u00e9taill\u00e9e sur la fa\u00e7on dont nos services pourraient apporter des avantages \u00e0 votre entreprise de paris et cr\u00e9ez votre propre strat\u00e9gie.<\/p>\n<p>[\/vc_column_text][vc_column_text css=&#8221;&#8221;]<img loading=\"lazy\" class=\"size-full wp-image-22667 aligncenter\" src=\"https:\/\/sirplay.com\/wp-content\/uploads\/2025\/11\/telegram.png\" alt=\"T\u00e9l\u00e9gramme\" width=\"64\" height=\"64\"><\/p>\n<div class=\"tgme_page_extra\" style=\"text-align: center;\"><a href=\"https:\/\/t.me\/SirplaySales\">@SirplaySales<\/a><\/div>\n<p>&nbsp;<\/p>\n<p><img loading=\"lazy\" class=\"size-full wp-image-16974 aligncenter\" src=\"https:\/\/sirplay.com\/gaming-experts\/wp-content\/uploads\/2022\/06\/Whatsapp.jpg\" alt=\"Whatsapp\" width=\"60\" height=\"60\"><\/p>\n<p style=\"text-align: center;\"><a href=\"https:\/\/api.whatsapp.com\/send?phone=3513960904&amp;text=More%20info\" target=\"_blank\" rel=\"noopener\">+39 3513960904<\/a><\/p>\n<p>[\/vc_column_text][\/vc_column][vc_column width=&#8221;1\/2&#8243;]\n<div class=\"wpcf7 no-js\" id=\"wpcf7-f19228-o1\" lang=\"fr-FR\" dir=\"ltr\" data-wpcf7-id=\"19228\">\n<div class=\"screen-reader-response\"><p role=\"status\" aria-live=\"polite\" aria-atomic=\"true\"><\/p> <ul><\/ul><\/div>\n<form action=\"\/fr\/wp-json\/wp\/v2\/pages\/22092#wpcf7-f19228-o1\" method=\"post\" class=\"wpcf7-form init\" aria-label=\"Formulaire de contact\" novalidate=\"novalidate\" data-status=\"init\">\n<fieldset class=\"hidden-fields-container\"><input type=\"hidden\" name=\"_wpcf7\" value=\"19228\" \/><input type=\"hidden\" name=\"_wpcf7_version\" value=\"6.1.5\" \/><input type=\"hidden\" name=\"_wpcf7_locale\" value=\"fr_FR\" \/><input type=\"hidden\" name=\"_wpcf7_unit_tag\" value=\"wpcf7-f19228-o1\" \/><input type=\"hidden\" name=\"_wpcf7_container_post\" value=\"0\" \/><input type=\"hidden\" name=\"_wpcf7_posted_data_hash\" value=\"\" \/>\n<\/fieldset>\n<p><label> Nom et pr\u00e9nom<br \/>\n<span class=\"wpcf7-form-control-wrap\" data-name=\"your-name\"><input size=\"40\" maxlength=\"400\" class=\"wpcf7-form-control wpcf7-text wpcf7-validates-as-required\" aria-required=\"true\" aria-invalid=\"false\" value=\"\" type=\"text\" name=\"your-name\" \/><\/span> <\/label>\n<\/p>\n<p><label> Votre e-mail<br \/>\n<span class=\"wpcf7-form-control-wrap\" data-name=\"your-email\"><input size=\"40\" maxlength=\"400\" class=\"wpcf7-form-control wpcf7-email wpcf7-validates-as-required wpcf7-text wpcf7-validates-as-email\" aria-required=\"true\" aria-invalid=\"false\" value=\"\" type=\"email\" name=\"your-email\" \/><\/span> <\/label>\n<\/p>\n<p><label> Pays<br \/>\n<span class=\"wpcf7-form-control-wrap\" data-name=\"countrytext-54\"><input size=\"40\" class=\"wpcf7-form-control wpcf7-countrytext wpcf7-text wpcf7-validates-as-countrytext\" aria-invalid=\"false\" value=\"\" type=\"text\" name=\"countrytext-54\" \/><\/span> <\/label>\n<\/p>\n<p><label> Num\u00e9ro de t\u00e9l\u00e9phone<br \/>\n<span class=\"wpcf7-form-control-wrap\" data-name=\"phonetext-462\"><input size=\"40\" class=\"wpcf7-form-control wpcf7-phonetext wpcf7-text wpcf7-validates-as-phonetext\" aria-invalid=\"false\" value=\"\" type=\"text\" name=\"phonetext-462\" \/><input type=\"hidden\" name=\"phonetext-462-country-code\" class=\"wpcf7-phonetext-country-code\" \/><\/span> <\/label>\n<\/p>\n<p><label> Un message<br \/>\n<span class=\"wpcf7-form-control-wrap\" data-name=\"your-message\"><textarea cols=\"40\" rows=\"10\" maxlength=\"2000\" class=\"wpcf7-form-control wpcf7-textarea\" aria-invalid=\"false\" name=\"your-message\"><\/textarea><\/span> <\/label>\n<\/p>\n<p><input class=\"wpcf7-form-control wpcf7-submit has-spinner\" type=\"submit\" value=\"Submit\" \/>\n<\/p><div class=\"wpcf7-response-output\" aria-hidden=\"true\"><\/div>\n<\/form>\n<\/div>\n[vc_row_inner][vc_column_inner][vc_column_text]Nous ne partageons vos informations personnelles avec personne. Consultez notre &#8220;politique de confidentialit\u00e9&#8221; pour plus d&#8217;informations[\/vc_column_text][\/vc_column_inner][\/vc_row_inner][\/vc_column][\/vc_row][vc_row][vc_column][vc_column_text css=&#8221;&#8221;][\/vc_column_text][\/vc_column][\/vc_row]<\/p>\n<\/div>","protected":false},"excerpt":{"rendered":"<p>[vc_row][vc_column width=&#8221;2\/3&#8243; offset=&#8221;vc_col-xs-12&#8243;][vc_custom_heading text=&#8221;Terminaux de paris en libre-service SSBT &#8211; Vente au d\u00e9tail dans les magasins de paris&#8221; font_container=&#8221;tag:h2|font_size:36px|text_align:left|line_height:46px&#8221; use_theme_fonts=&#8221;yes&#8221; css=&#8221;.vc_custom_1769702043582{margin-top: 15px !important;margin-bottom: 25px !important;}&#8221; el_class=&#8221;looking-for-heading&#8221;][vc_empty_space height=&#8221;45px&#8221;][vc_column_text css=&#8221;.vc_custom_1769702393229{margin-bottom: 40px !important;}&#8221;] Terminaux de paris en libre-service (TPS) Sirplay propose des terminaux de paris en libre-service qui permettent aux clients de placer leurs propres paris, r\u00e9duisant ainsi [&hellip;]<\/p>\n","protected":false},"author":3,"featured_media":21959,"parent":22061,"menu_order":0,"comment_status":"closed","ping_status":"closed","template":"","meta":{"footnotes":""},"class_list":["post-22092","page","type-page","status-publish","has-post-thumbnail","hentry"],"yoast_head":"<!-- This site is optimized with the Yoast SEO Premium plugin v27.3 (Yoast SEO v27.3) - https:\/\/yoast.com\/product\/yoast-seo-premium-wordpress\/ -->\n<title>Solutions pour le commerce de d\u00e9tail - Terminaux de paris en libre-service SSBTs<\/title>\n<meta name=\"description\" content=\"Terminaux de paris en libre-service - Offres cl\u00e9s de Sirplay pour la vente au d\u00e9tail dans les boutiques de paris, facilement int\u00e9gr\u00e9es dans le syst\u00e8me de vente au d\u00e9tail existant.\" \/>\n<meta name=\"robots\" content=\"index, follow, max-snippet:-1, max-image-preview:large, max-video-preview:-1\" \/>\n<link rel=\"canonical\" href=\"https:\/\/sirplay.com\/fr\/logiciel-de-paris-sportifs-2\/solutions-pour-le-commerce-de-detail\/\" \/>\n<meta property=\"og:locale\" content=\"fr_FR\" \/>\n<meta property=\"og:type\" content=\"article\" \/>\n<meta property=\"og:title\" content=\"Solutions pour le commerce de d\u00e9tail\" \/>\n<meta property=\"og:description\" content=\"Solutions pour le commerce de d\u00e9tail\" \/>\n<meta property=\"og:url\" content=\"https:\/\/sirplay.com\/fr\/logiciel-de-paris-sportifs-2\/solutions-pour-le-commerce-de-detail\/\" \/>\n<meta property=\"og:site_name\" content=\"Sirplay\" \/>\n<meta property=\"article:modified_time\" content=\"2026-01-29T16:06:32+00:00\" \/>\n<meta property=\"og:image\" content=\"https:\/\/sirplay.com\/wp-content\/uploads\/2024\/09\/SSBTs.jpg\" \/>\n\t<meta property=\"og:image:width\" content=\"500\" \/>\n\t<meta property=\"og:image:height\" content=\"500\" \/>\n\t<meta property=\"og:image:type\" content=\"image\/jpeg\" \/>\n<meta name=\"twitter:card\" content=\"summary_large_image\" \/>\n<meta name=\"twitter:site\" content=\"@sirplay\" \/>\n<meta name=\"twitter:label1\" content=\"Dur\u00e9e de lecture estim\u00e9e\" \/>\n\t<meta name=\"twitter:data1\" content=\"3 minutes\" \/>\n<script type=\"application\/ld+json\" class=\"yoast-schema-graph\">{\"@context\":\"https:\\\/\\\/schema.org\",\"@graph\":[{\"@type\":\"WebPage\",\"@id\":\"https:\\\/\\\/sirplay.com\\\/fr\\\/logiciel-de-paris-sportifs-2\\\/solutions-pour-le-commerce-de-detail\\\/\",\"url\":\"https:\\\/\\\/sirplay.com\\\/fr\\\/logiciel-de-paris-sportifs-2\\\/solutions-pour-le-commerce-de-detail\\\/\",\"name\":\"Solutions pour le commerce de d\u00e9tail - Terminaux de paris en libre-service SSBTs\",\"isPartOf\":{\"@id\":\"https:\\\/\\\/sirplay.com\\\/fr\\\/#website\"},\"primaryImageOfPage\":{\"@id\":\"https:\\\/\\\/sirplay.com\\\/fr\\\/logiciel-de-paris-sportifs-2\\\/solutions-pour-le-commerce-de-detail\\\/#primaryimage\"},\"image\":{\"@id\":\"https:\\\/\\\/sirplay.com\\\/fr\\\/logiciel-de-paris-sportifs-2\\\/solutions-pour-le-commerce-de-detail\\\/#primaryimage\"},\"thumbnailUrl\":\"https:\\\/\\\/sirplay.com\\\/wp-content\\\/uploads\\\/2024\\\/09\\\/SSBTs.jpg\",\"datePublished\":\"2024-09-26T18:21:56+00:00\",\"dateModified\":\"2026-01-29T16:06:32+00:00\",\"description\":\"Terminaux de paris en libre-service - Offres cl\u00e9s de Sirplay pour la vente au d\u00e9tail dans les boutiques de paris, facilement int\u00e9gr\u00e9es dans le syst\u00e8me de vente au d\u00e9tail existant.\",\"breadcrumb\":{\"@id\":\"https:\\\/\\\/sirplay.com\\\/fr\\\/logiciel-de-paris-sportifs-2\\\/solutions-pour-le-commerce-de-detail\\\/#breadcrumb\"},\"inLanguage\":\"fr-FR\",\"potentialAction\":[{\"@type\":\"ReadAction\",\"target\":[\"https:\\\/\\\/sirplay.com\\\/fr\\\/logiciel-de-paris-sportifs-2\\\/solutions-pour-le-commerce-de-detail\\\/\"]}]},{\"@type\":\"ImageObject\",\"inLanguage\":\"fr-FR\",\"@id\":\"https:\\\/\\\/sirplay.com\\\/fr\\\/logiciel-de-paris-sportifs-2\\\/solutions-pour-le-commerce-de-detail\\\/#primaryimage\",\"url\":\"https:\\\/\\\/sirplay.com\\\/wp-content\\\/uploads\\\/2024\\\/09\\\/SSBTs.jpg\",\"contentUrl\":\"https:\\\/\\\/sirplay.com\\\/wp-content\\\/uploads\\\/2024\\\/09\\\/SSBTs.jpg\",\"width\":500,\"height\":500,\"caption\":\"Terminaux de paris en libre-service SSBTs\"},{\"@type\":\"BreadcrumbList\",\"@id\":\"https:\\\/\\\/sirplay.com\\\/fr\\\/logiciel-de-paris-sportifs-2\\\/solutions-pour-le-commerce-de-detail\\\/#breadcrumb\",\"itemListElement\":[{\"@type\":\"ListItem\",\"position\":1,\"name\":\"Home\",\"item\":\"https:\\\/\\\/sirplay.com\\\/fr\\\/\"},{\"@type\":\"ListItem\",\"position\":2,\"name\":\"Logiciel de paris sportifs\",\"item\":\"https:\\\/\\\/sirplay.com\\\/fr\\\/logiciel-de-paris-sportifs-2\\\/\"},{\"@type\":\"ListItem\",\"position\":3,\"name\":\"Solutions pour le commerce de d\u00e9tail\"}]},{\"@type\":\"WebSite\",\"@id\":\"https:\\\/\\\/sirplay.com\\\/fr\\\/#website\",\"url\":\"https:\\\/\\\/sirplay.com\\\/fr\\\/\",\"name\":\"Sportsbook software provider\",\"description\":\"Sports betting software online and Retail ssbts  - White label casino\",\"publisher\":{\"@id\":\"https:\\\/\\\/sirplay.com\\\/fr\\\/#organization\"},\"alternateName\":\"White label casino\",\"potentialAction\":[{\"@type\":\"SearchAction\",\"target\":{\"@type\":\"EntryPoint\",\"urlTemplate\":\"https:\\\/\\\/sirplay.com\\\/fr\\\/?s={search_term_string}\"},\"query-input\":{\"@type\":\"PropertyValueSpecification\",\"valueRequired\":true,\"valueName\":\"search_term_string\"}}],\"inLanguage\":\"fr-FR\"},{\"@type\":\"Organization\",\"@id\":\"https:\\\/\\\/sirplay.com\\\/fr\\\/#organization\",\"name\":\"Sirplay\",\"alternateName\":\"Sirplay white label\",\"url\":\"https:\\\/\\\/sirplay.com\\\/fr\\\/\",\"logo\":{\"@type\":\"ImageObject\",\"inLanguage\":\"fr-FR\",\"@id\":\"https:\\\/\\\/sirplay.com\\\/fr\\\/#\\\/schema\\\/logo\\\/image\\\/\",\"url\":\"https:\\\/\\\/sirplay.com\\\/wp-content\\\/uploads\\\/2021\\\/03\\\/cropped-sirplayICO.png\",\"contentUrl\":\"https:\\\/\\\/sirplay.com\\\/wp-content\\\/uploads\\\/2021\\\/03\\\/cropped-sirplayICO.png\",\"width\":512,\"height\":512,\"caption\":\"Sirplay\"},\"image\":{\"@id\":\"https:\\\/\\\/sirplay.com\\\/fr\\\/#\\\/schema\\\/logo\\\/image\\\/\"},\"sameAs\":[\"https:\\\/\\\/x.com\\\/sirplay\",\"https:\\\/\\\/www.linkedin.com\\\/company\\\/sirplay\",\"https:\\\/\\\/www.youtube.com\\\/user\\\/BookmakerSolutions\"]}]}<\/script>\n<!-- \/ Yoast SEO Premium plugin. -->","yoast_head_json":{"title":"Solutions pour le commerce de d\u00e9tail - Terminaux de paris en libre-service SSBTs","description":"Terminaux de paris en libre-service - Offres cl\u00e9s de Sirplay pour la vente au d\u00e9tail dans les boutiques de paris, facilement int\u00e9gr\u00e9es dans le syst\u00e8me de vente au d\u00e9tail existant.","robots":{"index":"index","follow":"follow","max-snippet":"max-snippet:-1","max-image-preview":"max-image-preview:large","max-video-preview":"max-video-preview:-1"},"canonical":"https:\/\/sirplay.com\/fr\/logiciel-de-paris-sportifs-2\/solutions-pour-le-commerce-de-detail\/","og_locale":"fr_FR","og_type":"article","og_title":"Solutions pour le commerce de d\u00e9tail","og_description":"Solutions pour le commerce de d\u00e9tail","og_url":"https:\/\/sirplay.com\/fr\/logiciel-de-paris-sportifs-2\/solutions-pour-le-commerce-de-detail\/","og_site_name":"Sirplay","article_modified_time":"2026-01-29T16:06:32+00:00","og_image":[{"width":500,"height":500,"url":"https:\/\/sirplay.com\/wp-content\/uploads\/2024\/09\/SSBTs.jpg","type":"image\/jpeg"}],"twitter_card":"summary_large_image","twitter_site":"@sirplay","twitter_misc":{"Dur\u00e9e de lecture estim\u00e9e":"3 minutes"},"schema":{"@context":"https:\/\/schema.org","@graph":[{"@type":"WebPage","@id":"https:\/\/sirplay.com\/fr\/logiciel-de-paris-sportifs-2\/solutions-pour-le-commerce-de-detail\/","url":"https:\/\/sirplay.com\/fr\/logiciel-de-paris-sportifs-2\/solutions-pour-le-commerce-de-detail\/","name":"Solutions pour le commerce de d\u00e9tail - Terminaux de paris en libre-service SSBTs","isPartOf":{"@id":"https:\/\/sirplay.com\/fr\/#website"},"primaryImageOfPage":{"@id":"https:\/\/sirplay.com\/fr\/logiciel-de-paris-sportifs-2\/solutions-pour-le-commerce-de-detail\/#primaryimage"},"image":{"@id":"https:\/\/sirplay.com\/fr\/logiciel-de-paris-sportifs-2\/solutions-pour-le-commerce-de-detail\/#primaryimage"},"thumbnailUrl":"https:\/\/sirplay.com\/wp-content\/uploads\/2024\/09\/SSBTs.jpg","datePublished":"2024-09-26T18:21:56+00:00","dateModified":"2026-01-29T16:06:32+00:00","description":"Terminaux de paris en libre-service - Offres cl\u00e9s de Sirplay pour la vente au d\u00e9tail dans les boutiques de paris, facilement int\u00e9gr\u00e9es dans le syst\u00e8me de vente au d\u00e9tail existant.","breadcrumb":{"@id":"https:\/\/sirplay.com\/fr\/logiciel-de-paris-sportifs-2\/solutions-pour-le-commerce-de-detail\/#breadcrumb"},"inLanguage":"fr-FR","potentialAction":[{"@type":"ReadAction","target":["https:\/\/sirplay.com\/fr\/logiciel-de-paris-sportifs-2\/solutions-pour-le-commerce-de-detail\/"]}]},{"@type":"ImageObject","inLanguage":"fr-FR","@id":"https:\/\/sirplay.com\/fr\/logiciel-de-paris-sportifs-2\/solutions-pour-le-commerce-de-detail\/#primaryimage","url":"https:\/\/sirplay.com\/wp-content\/uploads\/2024\/09\/SSBTs.jpg","contentUrl":"https:\/\/sirplay.com\/wp-content\/uploads\/2024\/09\/SSBTs.jpg","width":500,"height":500,"caption":"Terminaux de paris en libre-service SSBTs"},{"@type":"BreadcrumbList","@id":"https:\/\/sirplay.com\/fr\/logiciel-de-paris-sportifs-2\/solutions-pour-le-commerce-de-detail\/#breadcrumb","itemListElement":[{"@type":"ListItem","position":1,"name":"Home","item":"https:\/\/sirplay.com\/fr\/"},{"@type":"ListItem","position":2,"name":"Logiciel de paris sportifs","item":"https:\/\/sirplay.com\/fr\/logiciel-de-paris-sportifs-2\/"},{"@type":"ListItem","position":3,"name":"Solutions pour le commerce de d\u00e9tail"}]},{"@type":"WebSite","@id":"https:\/\/sirplay.com\/fr\/#website","url":"https:\/\/sirplay.com\/fr\/","name":"Sportsbook software provider","description":"Sports betting software online and Retail ssbts  - White label casino","publisher":{"@id":"https:\/\/sirplay.com\/fr\/#organization"},"alternateName":"White label casino","potentialAction":[{"@type":"SearchAction","target":{"@type":"EntryPoint","urlTemplate":"https:\/\/sirplay.com\/fr\/?s={search_term_string}"},"query-input":{"@type":"PropertyValueSpecification","valueRequired":true,"valueName":"search_term_string"}}],"inLanguage":"fr-FR"},{"@type":"Organization","@id":"https:\/\/sirplay.com\/fr\/#organization","name":"Sirplay","alternateName":"Sirplay white label","url":"https:\/\/sirplay.com\/fr\/","logo":{"@type":"ImageObject","inLanguage":"fr-FR","@id":"https:\/\/sirplay.com\/fr\/#\/schema\/logo\/image\/","url":"https:\/\/sirplay.com\/wp-content\/uploads\/2021\/03\/cropped-sirplayICO.png","contentUrl":"https:\/\/sirplay.com\/wp-content\/uploads\/2021\/03\/cropped-sirplayICO.png","width":512,"height":512,"caption":"Sirplay"},"image":{"@id":"https:\/\/sirplay.com\/fr\/#\/schema\/logo\/image\/"},"sameAs":["https:\/\/x.com\/sirplay","https:\/\/www.linkedin.com\/company\/sirplay","https:\/\/www.youtube.com\/user\/BookmakerSolutions"]}]}},"_links":{"self":[{"href":"https:\/\/sirplay.com\/fr\/wp-json\/wp\/v2\/pages\/22092","targetHints":{"allow":["GET"]}}],"collection":[{"href":"https:\/\/sirplay.com\/fr\/wp-json\/wp\/v2\/pages"}],"about":[{"href":"https:\/\/sirplay.com\/fr\/wp-json\/wp\/v2\/types\/page"}],"author":[{"embeddable":true,"href":"https:\/\/sirplay.com\/fr\/wp-json\/wp\/v2\/users\/3"}],"replies":[{"embeddable":true,"href":"https:\/\/sirplay.com\/fr\/wp-json\/wp\/v2\/comments?post=22092"}],"version-history":[{"count":5,"href":"https:\/\/sirplay.com\/fr\/wp-json\/wp\/v2\/pages\/22092\/revisions"}],"predecessor-version":[{"id":22757,"href":"https:\/\/sirplay.com\/fr\/wp-json\/wp\/v2\/pages\/22092\/revisions\/22757"}],"up":[{"embeddable":true,"href":"https:\/\/sirplay.com\/fr\/wp-json\/wp\/v2\/pages\/22061"}],"wp:featuredmedia":[{"embeddable":true,"href":"https:\/\/sirplay.com\/fr\/wp-json\/wp\/v2\/media\/21959"}],"wp:attachment":[{"href":"https:\/\/sirplay.com\/fr\/wp-json\/wp\/v2\/media?parent=22092"}],"curies":[{"name":"wp","href":"https:\/\/api.w.org\/{rel}","templated":true}]}}