{"id":22128,"date":"2024-09-26T18:25:01","date_gmt":"2024-09-26T18:25:01","guid":{"rendered":"https:\/\/sirplay.com\/logiciel-de-paris-sportifs-2\/logiciel-de-paris-sur-les-sports-electroniques\/"},"modified":"2026-01-29T16:06:32","modified_gmt":"2026-01-29T16:06:32","slug":"logiciel-de-paris-sur-les-sports-electroniques","status":"publish","type":"page","link":"https:\/\/sirplay.com\/fr\/logiciel-de-paris-sportifs-2\/logiciel-de-paris-sur-les-sports-electroniques\/","title":{"rendered":"Logiciel de paris sur les sports \u00e9lectroniques"},"content":{"rendered":"<div class=\"wpb-content-wrapper\"><p>[vc_row][vc_column width=&#8221;1\/2&#8243; offset=&#8221;vc_col-xs-12&#8243;][vc_custom_heading text=&#8221;Logiciel de paris sportifs : votre porte d&apos;entr\u00e9e vers un nouveau monde de paris&#8221; font_container=&#8221;tag:h2|font_size:40px|text_align:left|line_height:46px&#8221; use_theme_fonts=&#8221;yes&#8221; css=&#8221;.vc_custom_1727196167003{margin-top: 15px !important;margin-bottom: 25px !important;}&#8221; el_class=&#8221;looking-for-heading&#8221;][vc_column_text css=&#8221;.vc_custom_1727197309437{margin-bottom: 40px !important;}&#8221;]D\u00e9couvrez le logiciel de paris esports avanc\u00e9 de Sirplay, con\u00e7u pour des performances et une \u00e9volutivit\u00e9 optimales.<br \/>\nTirez parti des fonctionnalit\u00e9s de pointe pour engager une population croissante de parieurs esports et am\u00e9liorer l&#8217;efficacit\u00e9 op\u00e9rationnelle.   &nbsp;  Pour une vue d&#8217;ensemble compl\u00e8te, veuillez consulter[\/vc_column_text]<style type=\"text\/css\">\n                .sweetthemes_button .btn_custom_69ddfe8be94ed {\n                    background: rgba(255,255,255,0.99) !important;\n                }\n                .sweetthemes_button .btn_custom_69ddfe8be94ed:hover {                   \n                    color: rgba(255,255,255,0.99) !important;                     \n                }\n                .sweetthemes_button .btn_custom_69ddfe8be94ed:before {\n                    background: #a0c528 !important;\n                }\n                .sweetthemes_button .btn_custom_69ddfe8be94ed {\n                    border-color: #e2e2e2 !important;\n                }\n                .sweetthemes_button .btn_custom_69ddfe8be94ed:hover {                   \n                    border-color:  !important;                     \n                }\n\n              <\/style><div class=\"text-center sweetthemes_button \"><a  href=\"#contact\" class=\"button-winona btn btn-sm btn_custom_69ddfe8be94ed\" style=\"color:rgba(10,10,10,0.99)\">\n        <i class=\"fa fa-phone\"><\/i>\n    REQUEST DEMO<\/a><\/div>[vc_empty_space height=&#8221;50px&#8221;][\/vc_column][vc_column width=&#8221;1\/2&#8243;][vc_empty_space height=&#8221;45px&#8221;][vc_single_image image=&#8221;21984&#8243; img_size=&#8221;full&#8221; add_caption=&#8221;yes&#8221; alignment=&#8221;center&#8221; css=&#8221;&#8221;][vc_empty_space height=&#8221;45px&#8221;][\/vc_column][\/vc_row][vc_row css=&#8221;.vc_custom_1664190139448{margin-top: 60px !important;margin-bottom: 120px !important;}&#8221;][vc_column width=&#8221;1\/2&#8243;][vc_single_image image=&#8221;22009&#8243; img_size=&#8221;full&#8221; alignment=&#8221;center&#8221; css=&#8221;&#8221;][vc_empty_space height=&#8221;52px&#8221;][\/vc_column][vc_column width=&#8221;1\/2&#8243;][vc_custom_heading text=&#8221;Un \u00e9cosyst\u00e8me de paris sportifs en pleine \u00e9volution&#8221; font_container=&#8221;tag:h2|font_size:32px|text_align:left|color:%23a0c528|line_height:36px&#8221; use_theme_fonts=&#8221;yes&#8221; css_animation=&#8221;none&#8221; css=&#8221;.vc_custom_1727196691159{margin-top: 3px !important;margin-bottom: 35px !important;}&#8221;][vc_column_text css_animation=&#8221;none&#8221; css=&#8221;.vc_custom_1727196706115{margin-bottom: 45px !important;}&#8221;]Engagez un public plus jeune et stimulez une activit\u00e9 de pari continue gr\u00e2ce \u00e0 notre approche \u00e0 360\u00b0 des paris esports.<br \/>\nNos fonctionnalit\u00e9s avanc\u00e9es garantissent un engagement permanent, permettant \u00e0 votre plateforme de prosp\u00e9rer dans le paysage dynamique de l&#8217;esport.[\/vc_column_text][\/vc_column][\/vc_row][vc_row][vc_column offset=&#8221;vc_col-xs-12&#8243;][vc_empty_space height=&#8221;45px&#8221;][vc_custom_heading text=&#8221;Les vastes march\u00e9s des sports en direct stimulent l&apos;engagement&#8221; font_container=&#8221;tag:h2|font_size:32px|text_align:center|color:%23a0c528|line_height:42px&#8221; use_theme_fonts=&#8221;yes&#8221; css_animation=&#8221;none&#8221; css=&#8221;.vc_custom_1727196887365{margin-top: 3px !important;margin-bottom: 35px !important;}&#8221;][vc_column_text css=&#8221;&#8221;]Attirez les parieurs esports nouveaux et existants gr\u00e2ce \u00e0 notre large gamme de march\u00e9s en direct.<br \/>\nNotre plateforme offre le plus grand nombre d&#8217;options de paris en temps r\u00e9el, garantissant \u00e0 vos utilisateurs de nombreuses opportunit\u00e9s de parier.[\/vc_column_text][vc_empty_space height=&#8221;45px&#8221;][vc_single_image image=&#8221;22020&#8243; img_size=&#8221;full&#8221; alignment=&#8221;center&#8221; css=&#8221;&#8221;][vc_empty_space height=&#8221;42px&#8221;][\/vc_column][\/vc_row][vc_row css=&#8221;.vc_custom_1664190139448{margin-top: 60px !important;margin-bottom: 120px !important;}&#8221;][vc_column width=&#8221;2\/3&#8243;][vc_custom_heading text=&#8221;\u00c9v\u00e9nements sportifs en direct : Vivez l&apos;action en temps r\u00e9el&#8221; font_container=&#8221;tag:h2|font_size:34px|text_align:center|color:%23a0c528|line_height:36px&#8221; use_theme_fonts=&#8221;yes&#8221; css_animation=&#8221;none&#8221; css=&#8221;.vc_custom_1727197112829{margin-top: 3px !important;margin-bottom: 35px !important;}&#8221;][vc_single_image image=&#8221;22031&#8243; img_size=&#8221;full&#8221; add_caption=&#8221;yes&#8221; css=&#8221;&#8221;][vc_column_text css=&#8221;&#8221;]Restez inform\u00e9 des \u00e9v\u00e9nements esports diffus\u00e9s en temps r\u00e9el.<br \/>\nParticipez \u00e0 un large \u00e9ventail de comp\u00e9titions couvrant des titres populaires tels que League of Legends, Dota 2 et CS:GO.<br \/>\nFaites l&#8217;exp\u00e9rience d&#8217;une excitation in\u00e9gal\u00e9e et d&#8217;opportunit\u00e9s de paris gr\u00e2ce \u00e0 notre couverture compl\u00e8te des matchs d&#8217;esports en direct.[\/vc_column_text][vc_empty_space height=&#8221;52px&#8221;][\/vc_column][vc_column width=&#8221;1\/3&#8243;][vc_custom_heading text=&#8221;Couverture de l&apos;esport&#8221; font_container=&#8221;tag:h2|font_size:30px|text_align:left|line_height:36px&#8221; use_theme_fonts=&#8221;yes&#8221; css_animation=&#8221;none&#8221; css=&#8221;.vc_custom_1727197206816{margin-top: 3px !important;margin-bottom: 35px !important;}&#8221;][vc_column_text css=&#8221;&#8221;]Counter-Strike 2 Dota 2 League of Legends Valorant Counter-Strike 2 Duels Rainbow Six CoD Kings of Glory Warcraft Rocket League Mobile Legends : Bang Bang Starcraft II Overwatch 2 Hearthstone Arena of Valor Age of Empires Wild Rift HALO eFootball eBasketball eCricket[\/vc_column_text][\/vc_column][\/vc_row][vc_row full_width=&#8221;stretch_row&#8221; css=&#8221;.vc_custom_1656008710904{margin-top: 100px !important;padding-bottom: 80px !important;}&#8221;][vc_column width=&#8221;1\/2&#8243; el_id=&#8221;contact&#8221;][vc_column_text css_animation=&#8221;none&#8221; css=&#8221;.vc_custom_1656024061759{margin-top: 0px !important;margin-bottom: 40px !important;}&#8221;]<\/p>\n<h3><strong>Contactez-nous<\/strong><\/h3>\n<p style=\"max-width: 650px;\">Connectez-vous avec un expert Sirplay pour une discussion d\u00e9taill\u00e9e sur la fa\u00e7on dont nos services pourraient apporter des avantages \u00e0 votre entreprise de paris et cr\u00e9ez votre propre strat\u00e9gie.<\/p>\n<p>[\/vc_column_text][vc_column_text]<\/p>\n<p style=\"text-align: center;\"><img loading=\"lazy\" class=\"size-full wp-image-16975 aligncenter\" src=\"https:\/\/sirplay.com\/gaming-experts\/wp-content\/uploads\/2022\/06\/Skype_logo.png\" alt=\"Skype\" width=\"140\" height=\"63\"><\/p>\n<p style=\"text-align: center;\">  <a href=\"skype:manager.sirplay?chat\">English<\/a> <a href=\"skype:anna.sirplay?chat\">Fran\u00e7ais<\/a><\/p>\n<p>&nbsp;<\/p>\n<p><img loading=\"lazy\" class=\"size-full wp-image-16974 aligncenter\" src=\"https:\/\/sirplay.com\/gaming-experts\/wp-content\/uploads\/2022\/06\/Whatsapp.jpg\" alt=\"Whatsapp\" width=\"60\" height=\"60\"><\/p>\n<p style=\"text-align: center;\"><a href=\"https:\/\/api.whatsapp.com\/send?phone=3513960904&amp;text=More%20info\" target=\"_blank\" rel=\"noopener\">+39 3513960904<\/a><\/p>\n<p>[\/vc_column_text][\/vc_column][vc_column width=&#8221;1\/2&#8243;]\n<div class=\"wpcf7 no-js\" id=\"wpcf7-f19228-o1\" lang=\"fr-FR\" dir=\"ltr\" data-wpcf7-id=\"19228\">\n<div class=\"screen-reader-response\"><p role=\"status\" aria-live=\"polite\" aria-atomic=\"true\"><\/p> <ul><\/ul><\/div>\n<form action=\"\/fr\/wp-json\/wp\/v2\/pages\/22128#wpcf7-f19228-o1\" method=\"post\" class=\"wpcf7-form init\" aria-label=\"Formulaire de contact\" novalidate=\"novalidate\" data-status=\"init\">\n<fieldset class=\"hidden-fields-container\"><input type=\"hidden\" name=\"_wpcf7\" value=\"19228\" \/><input type=\"hidden\" name=\"_wpcf7_version\" value=\"6.1.5\" \/><input type=\"hidden\" name=\"_wpcf7_locale\" value=\"fr_FR\" \/><input type=\"hidden\" name=\"_wpcf7_unit_tag\" value=\"wpcf7-f19228-o1\" \/><input type=\"hidden\" name=\"_wpcf7_container_post\" value=\"0\" \/><input type=\"hidden\" name=\"_wpcf7_posted_data_hash\" value=\"\" \/>\n<\/fieldset>\n<p><label> Nom et pr\u00e9nom<br \/>\n<span class=\"wpcf7-form-control-wrap\" data-name=\"your-name\"><input size=\"40\" maxlength=\"400\" class=\"wpcf7-form-control wpcf7-text wpcf7-validates-as-required\" aria-required=\"true\" aria-invalid=\"false\" value=\"\" type=\"text\" name=\"your-name\" \/><\/span> <\/label>\n<\/p>\n<p><label> Votre e-mail<br \/>\n<span class=\"wpcf7-form-control-wrap\" data-name=\"your-email\"><input size=\"40\" maxlength=\"400\" class=\"wpcf7-form-control wpcf7-email wpcf7-validates-as-required wpcf7-text wpcf7-validates-as-email\" aria-required=\"true\" aria-invalid=\"false\" value=\"\" type=\"email\" name=\"your-email\" \/><\/span> <\/label>\n<\/p>\n<p><label> Pays<br \/>\n<span class=\"wpcf7-form-control-wrap\" data-name=\"countrytext-54\"><input size=\"40\" class=\"wpcf7-form-control wpcf7-countrytext wpcf7-text wpcf7-validates-as-countrytext\" aria-invalid=\"false\" value=\"\" type=\"text\" name=\"countrytext-54\" \/><\/span> <\/label>\n<\/p>\n<p><label> Num\u00e9ro de t\u00e9l\u00e9phone<br \/>\n<span class=\"wpcf7-form-control-wrap\" data-name=\"phonetext-462\"><input size=\"40\" class=\"wpcf7-form-control wpcf7-phonetext wpcf7-text wpcf7-validates-as-phonetext\" aria-invalid=\"false\" value=\"\" type=\"text\" name=\"phonetext-462\" \/><input type=\"hidden\" name=\"phonetext-462-country-code\" class=\"wpcf7-phonetext-country-code\" \/><\/span> <\/label>\n<\/p>\n<p><label> Un message<br \/>\n<span class=\"wpcf7-form-control-wrap\" data-name=\"your-message\"><textarea cols=\"40\" rows=\"10\" maxlength=\"2000\" class=\"wpcf7-form-control wpcf7-textarea\" aria-invalid=\"false\" name=\"your-message\"><\/textarea><\/span> <\/label>\n<\/p>\n<p><input class=\"wpcf7-form-control wpcf7-submit has-spinner\" type=\"submit\" value=\"Submit\" \/>\n<\/p><div class=\"wpcf7-response-output\" aria-hidden=\"true\"><\/div>\n<\/form>\n<\/div>\n[vc_row_inner][vc_column_inner][vc_column_text]Nous ne partageons vos informations personnelles avec personne. Consultez notre &#8220;politique de confidentialit\u00e9&#8221; pour plus d&#8217;informations[\/vc_column_text][\/vc_column_inner][\/vc_row_inner][\/vc_column][\/vc_row][vc_row][vc_column][vc_column_text css=&#8221;&#8221;][\/vc_column_text][\/vc_column][\/vc_row]<\/p>\n<\/div>","protected":false},"excerpt":{"rendered":"<p>[vc_row][vc_column width=&#8221;1\/2&#8243; offset=&#8221;vc_col-xs-12&#8243;][vc_custom_heading text=&#8221;Logiciel de paris sportifs : votre porte d&apos;entr\u00e9e vers un nouveau monde de paris&#8221; font_container=&#8221;tag:h2|font_size:40px|text_align:left|line_height:46px&#8221; use_theme_fonts=&#8221;yes&#8221; css=&#8221;.vc_custom_1727196167003{margin-top: 15px !important;margin-bottom: 25px !important;}&#8221; el_class=&#8221;looking-for-heading&#8221;][vc_column_text css=&#8221;.vc_custom_1727197309437{margin-bottom: 40px !important;}&#8221;]D\u00e9couvrez le logiciel de paris esports avanc\u00e9 de Sirplay, con\u00e7u pour des performances et une \u00e9volutivit\u00e9 optimales. Tirez parti des fonctionnalit\u00e9s de pointe pour engager une population croissante [&hellip;]<\/p>\n","protected":false},"author":7,"featured_media":22009,"parent":22061,"menu_order":0,"comment_status":"closed","ping_status":"closed","template":"","meta":{"footnotes":""},"class_list":["post-22128","page","type-page","status-publish","has-post-thumbnail","hentry"],"yoast_head":"<!-- This site is optimized with the Yoast SEO Premium plugin v27.3 (Yoast SEO v27.3) - https:\/\/yoast.com\/product\/yoast-seo-premium-wordpress\/ -->\n<title>Logiciel de paris sur les sports \u00e9lectroniques - Sirplay<\/title>\n<meta name=\"description\" content=\"D\u00e9couvrez le logiciel de paris esports de Sirplay : puissant, \u00e9volutif, con\u00e7u pour engager plus de parieurs avec une efficacit\u00e9 optimale.\" \/>\n<meta name=\"robots\" content=\"index, follow, max-snippet:-1, max-image-preview:large, max-video-preview:-1\" \/>\n<link rel=\"canonical\" href=\"https:\/\/sirplay.com\/fr\/logiciel-de-paris-sportifs-2\/logiciel-de-paris-sur-les-sports-electroniques\/\" \/>\n<meta property=\"og:locale\" content=\"fr_FR\" \/>\n<meta property=\"og:type\" content=\"article\" \/>\n<meta property=\"og:title\" content=\"Logiciel de paris sur les sports \u00e9lectroniques\" \/>\n<meta property=\"og:description\" content=\"Logiciel de paris sur les sports \u00e9lectroniques\" \/>\n<meta property=\"og:url\" content=\"https:\/\/sirplay.com\/fr\/logiciel-de-paris-sportifs-2\/logiciel-de-paris-sur-les-sports-electroniques\/\" \/>\n<meta property=\"og:site_name\" content=\"Sirplay\" \/>\n<meta property=\"article:modified_time\" content=\"2026-01-29T16:06:32+00:00\" \/>\n<meta property=\"og:image\" content=\"https:\/\/sirplay.com\/wp-content\/uploads\/2024\/09\/esports-betting-ecosystrm.jpg\" \/>\n\t<meta property=\"og:image:width\" content=\"600\" \/>\n\t<meta property=\"og:image:height\" content=\"610\" \/>\n\t<meta property=\"og:image:type\" content=\"image\/jpeg\" \/>\n<meta name=\"twitter:card\" content=\"summary_large_image\" \/>\n<meta name=\"twitter:site\" content=\"@sirplay\" \/>\n<meta name=\"twitter:label1\" content=\"Dur\u00e9e de lecture estim\u00e9e\" \/>\n\t<meta name=\"twitter:data1\" content=\"3 minutes\" \/>\n<script type=\"application\/ld+json\" class=\"yoast-schema-graph\">{\"@context\":\"https:\\\/\\\/schema.org\",\"@graph\":[{\"@type\":\"WebPage\",\"@id\":\"https:\\\/\\\/sirplay.com\\\/fr\\\/logiciel-de-paris-sportifs-2\\\/logiciel-de-paris-sur-les-sports-electroniques\\\/\",\"url\":\"https:\\\/\\\/sirplay.com\\\/fr\\\/logiciel-de-paris-sportifs-2\\\/logiciel-de-paris-sur-les-sports-electroniques\\\/\",\"name\":\"Logiciel de paris sur les sports \u00e9lectroniques - Sirplay\",\"isPartOf\":{\"@id\":\"https:\\\/\\\/sirplay.com\\\/fr\\\/#website\"},\"primaryImageOfPage\":{\"@id\":\"https:\\\/\\\/sirplay.com\\\/fr\\\/logiciel-de-paris-sportifs-2\\\/logiciel-de-paris-sur-les-sports-electroniques\\\/#primaryimage\"},\"image\":{\"@id\":\"https:\\\/\\\/sirplay.com\\\/fr\\\/logiciel-de-paris-sportifs-2\\\/logiciel-de-paris-sur-les-sports-electroniques\\\/#primaryimage\"},\"thumbnailUrl\":\"https:\\\/\\\/sirplay.com\\\/wp-content\\\/uploads\\\/2024\\\/09\\\/esports-betting-ecosystrm.jpg\",\"datePublished\":\"2024-09-26T18:25:01+00:00\",\"dateModified\":\"2026-01-29T16:06:32+00:00\",\"description\":\"D\u00e9couvrez le logiciel de paris esports de Sirplay : puissant, \u00e9volutif, con\u00e7u pour engager plus de parieurs avec une efficacit\u00e9 optimale.\",\"breadcrumb\":{\"@id\":\"https:\\\/\\\/sirplay.com\\\/fr\\\/logiciel-de-paris-sportifs-2\\\/logiciel-de-paris-sur-les-sports-electroniques\\\/#breadcrumb\"},\"inLanguage\":\"fr-FR\",\"potentialAction\":[{\"@type\":\"ReadAction\",\"target\":[\"https:\\\/\\\/sirplay.com\\\/fr\\\/logiciel-de-paris-sportifs-2\\\/logiciel-de-paris-sur-les-sports-electroniques\\\/\"]}]},{\"@type\":\"ImageObject\",\"inLanguage\":\"fr-FR\",\"@id\":\"https:\\\/\\\/sirplay.com\\\/fr\\\/logiciel-de-paris-sportifs-2\\\/logiciel-de-paris-sur-les-sports-electroniques\\\/#primaryimage\",\"url\":\"https:\\\/\\\/sirplay.com\\\/wp-content\\\/uploads\\\/2024\\\/09\\\/esports-betting-ecosystrm.jpg\",\"contentUrl\":\"https:\\\/\\\/sirplay.com\\\/wp-content\\\/uploads\\\/2024\\\/09\\\/esports-betting-ecosystrm.jpg\",\"width\":600,\"height\":610,\"caption\":\"eSports betting software\"},{\"@type\":\"BreadcrumbList\",\"@id\":\"https:\\\/\\\/sirplay.com\\\/fr\\\/logiciel-de-paris-sportifs-2\\\/logiciel-de-paris-sur-les-sports-electroniques\\\/#breadcrumb\",\"itemListElement\":[{\"@type\":\"ListItem\",\"position\":1,\"name\":\"Home\",\"item\":\"https:\\\/\\\/sirplay.com\\\/fr\\\/\"},{\"@type\":\"ListItem\",\"position\":2,\"name\":\"Logiciel de paris sportifs\",\"item\":\"https:\\\/\\\/sirplay.com\\\/fr\\\/logiciel-de-paris-sportifs-2\\\/\"},{\"@type\":\"ListItem\",\"position\":3,\"name\":\"Logiciel de paris sur les sports \u00e9lectroniques\"}]},{\"@type\":\"WebSite\",\"@id\":\"https:\\\/\\\/sirplay.com\\\/fr\\\/#website\",\"url\":\"https:\\\/\\\/sirplay.com\\\/fr\\\/\",\"name\":\"Sportsbook software provider\",\"description\":\"Sports betting software online and Retail ssbts  - White label casino\",\"publisher\":{\"@id\":\"https:\\\/\\\/sirplay.com\\\/fr\\\/#organization\"},\"alternateName\":\"White label casino\",\"potentialAction\":[{\"@type\":\"SearchAction\",\"target\":{\"@type\":\"EntryPoint\",\"urlTemplate\":\"https:\\\/\\\/sirplay.com\\\/fr\\\/?s={search_term_string}\"},\"query-input\":{\"@type\":\"PropertyValueSpecification\",\"valueRequired\":true,\"valueName\":\"search_term_string\"}}],\"inLanguage\":\"fr-FR\"},{\"@type\":\"Organization\",\"@id\":\"https:\\\/\\\/sirplay.com\\\/fr\\\/#organization\",\"name\":\"Sirplay\",\"alternateName\":\"Sirplay white label\",\"url\":\"https:\\\/\\\/sirplay.com\\\/fr\\\/\",\"logo\":{\"@type\":\"ImageObject\",\"inLanguage\":\"fr-FR\",\"@id\":\"https:\\\/\\\/sirplay.com\\\/fr\\\/#\\\/schema\\\/logo\\\/image\\\/\",\"url\":\"https:\\\/\\\/sirplay.com\\\/wp-content\\\/uploads\\\/2021\\\/03\\\/cropped-sirplayICO.png\",\"contentUrl\":\"https:\\\/\\\/sirplay.com\\\/wp-content\\\/uploads\\\/2021\\\/03\\\/cropped-sirplayICO.png\",\"width\":512,\"height\":512,\"caption\":\"Sirplay\"},\"image\":{\"@id\":\"https:\\\/\\\/sirplay.com\\\/fr\\\/#\\\/schema\\\/logo\\\/image\\\/\"},\"sameAs\":[\"https:\\\/\\\/x.com\\\/sirplay\",\"https:\\\/\\\/www.linkedin.com\\\/company\\\/sirplay\",\"https:\\\/\\\/www.youtube.com\\\/user\\\/BookmakerSolutions\"]}]}<\/script>\n<!-- \/ Yoast SEO Premium plugin. -->","yoast_head_json":{"title":"Logiciel de paris sur les sports \u00e9lectroniques - Sirplay","description":"D\u00e9couvrez le logiciel de paris esports de Sirplay : puissant, \u00e9volutif, con\u00e7u pour engager plus de parieurs avec une efficacit\u00e9 optimale.","robots":{"index":"index","follow":"follow","max-snippet":"max-snippet:-1","max-image-preview":"max-image-preview:large","max-video-preview":"max-video-preview:-1"},"canonical":"https:\/\/sirplay.com\/fr\/logiciel-de-paris-sportifs-2\/logiciel-de-paris-sur-les-sports-electroniques\/","og_locale":"fr_FR","og_type":"article","og_title":"Logiciel de paris sur les sports \u00e9lectroniques","og_description":"Logiciel de paris sur les sports \u00e9lectroniques","og_url":"https:\/\/sirplay.com\/fr\/logiciel-de-paris-sportifs-2\/logiciel-de-paris-sur-les-sports-electroniques\/","og_site_name":"Sirplay","article_modified_time":"2026-01-29T16:06:32+00:00","og_image":[{"width":600,"height":610,"url":"https:\/\/sirplay.com\/wp-content\/uploads\/2024\/09\/esports-betting-ecosystrm.jpg","type":"image\/jpeg"}],"twitter_card":"summary_large_image","twitter_site":"@sirplay","twitter_misc":{"Dur\u00e9e de lecture estim\u00e9e":"3 minutes"},"schema":{"@context":"https:\/\/schema.org","@graph":[{"@type":"WebPage","@id":"https:\/\/sirplay.com\/fr\/logiciel-de-paris-sportifs-2\/logiciel-de-paris-sur-les-sports-electroniques\/","url":"https:\/\/sirplay.com\/fr\/logiciel-de-paris-sportifs-2\/logiciel-de-paris-sur-les-sports-electroniques\/","name":"Logiciel de paris sur les sports \u00e9lectroniques - Sirplay","isPartOf":{"@id":"https:\/\/sirplay.com\/fr\/#website"},"primaryImageOfPage":{"@id":"https:\/\/sirplay.com\/fr\/logiciel-de-paris-sportifs-2\/logiciel-de-paris-sur-les-sports-electroniques\/#primaryimage"},"image":{"@id":"https:\/\/sirplay.com\/fr\/logiciel-de-paris-sportifs-2\/logiciel-de-paris-sur-les-sports-electroniques\/#primaryimage"},"thumbnailUrl":"https:\/\/sirplay.com\/wp-content\/uploads\/2024\/09\/esports-betting-ecosystrm.jpg","datePublished":"2024-09-26T18:25:01+00:00","dateModified":"2026-01-29T16:06:32+00:00","description":"D\u00e9couvrez le logiciel de paris esports de Sirplay : puissant, \u00e9volutif, con\u00e7u pour engager plus de parieurs avec une efficacit\u00e9 optimale.","breadcrumb":{"@id":"https:\/\/sirplay.com\/fr\/logiciel-de-paris-sportifs-2\/logiciel-de-paris-sur-les-sports-electroniques\/#breadcrumb"},"inLanguage":"fr-FR","potentialAction":[{"@type":"ReadAction","target":["https:\/\/sirplay.com\/fr\/logiciel-de-paris-sportifs-2\/logiciel-de-paris-sur-les-sports-electroniques\/"]}]},{"@type":"ImageObject","inLanguage":"fr-FR","@id":"https:\/\/sirplay.com\/fr\/logiciel-de-paris-sportifs-2\/logiciel-de-paris-sur-les-sports-electroniques\/#primaryimage","url":"https:\/\/sirplay.com\/wp-content\/uploads\/2024\/09\/esports-betting-ecosystrm.jpg","contentUrl":"https:\/\/sirplay.com\/wp-content\/uploads\/2024\/09\/esports-betting-ecosystrm.jpg","width":600,"height":610,"caption":"eSports betting software"},{"@type":"BreadcrumbList","@id":"https:\/\/sirplay.com\/fr\/logiciel-de-paris-sportifs-2\/logiciel-de-paris-sur-les-sports-electroniques\/#breadcrumb","itemListElement":[{"@type":"ListItem","position":1,"name":"Home","item":"https:\/\/sirplay.com\/fr\/"},{"@type":"ListItem","position":2,"name":"Logiciel de paris sportifs","item":"https:\/\/sirplay.com\/fr\/logiciel-de-paris-sportifs-2\/"},{"@type":"ListItem","position":3,"name":"Logiciel de paris sur les sports \u00e9lectroniques"}]},{"@type":"WebSite","@id":"https:\/\/sirplay.com\/fr\/#website","url":"https:\/\/sirplay.com\/fr\/","name":"Sportsbook software provider","description":"Sports betting software online and Retail ssbts  - White label casino","publisher":{"@id":"https:\/\/sirplay.com\/fr\/#organization"},"alternateName":"White label casino","potentialAction":[{"@type":"SearchAction","target":{"@type":"EntryPoint","urlTemplate":"https:\/\/sirplay.com\/fr\/?s={search_term_string}"},"query-input":{"@type":"PropertyValueSpecification","valueRequired":true,"valueName":"search_term_string"}}],"inLanguage":"fr-FR"},{"@type":"Organization","@id":"https:\/\/sirplay.com\/fr\/#organization","name":"Sirplay","alternateName":"Sirplay white label","url":"https:\/\/sirplay.com\/fr\/","logo":{"@type":"ImageObject","inLanguage":"fr-FR","@id":"https:\/\/sirplay.com\/fr\/#\/schema\/logo\/image\/","url":"https:\/\/sirplay.com\/wp-content\/uploads\/2021\/03\/cropped-sirplayICO.png","contentUrl":"https:\/\/sirplay.com\/wp-content\/uploads\/2021\/03\/cropped-sirplayICO.png","width":512,"height":512,"caption":"Sirplay"},"image":{"@id":"https:\/\/sirplay.com\/fr\/#\/schema\/logo\/image\/"},"sameAs":["https:\/\/x.com\/sirplay","https:\/\/www.linkedin.com\/company\/sirplay","https:\/\/www.youtube.com\/user\/BookmakerSolutions"]}]}},"_links":{"self":[{"href":"https:\/\/sirplay.com\/fr\/wp-json\/wp\/v2\/pages\/22128","targetHints":{"allow":["GET"]}}],"collection":[{"href":"https:\/\/sirplay.com\/fr\/wp-json\/wp\/v2\/pages"}],"about":[{"href":"https:\/\/sirplay.com\/fr\/wp-json\/wp\/v2\/types\/page"}],"author":[{"embeddable":true,"href":"https:\/\/sirplay.com\/fr\/wp-json\/wp\/v2\/users\/7"}],"replies":[{"embeddable":true,"href":"https:\/\/sirplay.com\/fr\/wp-json\/wp\/v2\/comments?post=22128"}],"version-history":[{"count":3,"href":"https:\/\/sirplay.com\/fr\/wp-json\/wp\/v2\/pages\/22128\/revisions"}],"predecessor-version":[{"id":22131,"href":"https:\/\/sirplay.com\/fr\/wp-json\/wp\/v2\/pages\/22128\/revisions\/22131"}],"up":[{"embeddable":true,"href":"https:\/\/sirplay.com\/fr\/wp-json\/wp\/v2\/pages\/22061"}],"wp:featuredmedia":[{"embeddable":true,"href":"https:\/\/sirplay.com\/fr\/wp-json\/wp\/v2\/media\/22009"}],"wp:attachment":[{"href":"https:\/\/sirplay.com\/fr\/wp-json\/wp\/v2\/media?parent=22128"}],"curies":[{"name":"wp","href":"https:\/\/api.w.org\/{rel}","templated":true}]}}