{"id":22324,"date":"2024-10-01T09:55:54","date_gmt":"2024-10-01T09:55:54","guid":{"rendered":"https:\/\/sirplay.com\/casino-sans-kyc\/"},"modified":"2026-01-29T16:06:37","modified_gmt":"2026-01-29T16:06:37","slug":"casino-sans-kyc","status":"publish","type":"page","link":"https:\/\/sirplay.com\/fr\/casino-sans-kyc\/","title":{"rendered":"Casino sans KYC"},"content":{"rendered":"<div class=\"wpb-content-wrapper\"><p>[vc_row full_width=&#8221;stretch_row_content_no_spaces&#8221; css=&#8221;.vc_custom_1616354721852{margin-bottom: 0px !important;padding-top: 50px !important;padding-bottom: 100px !important;background-image: url(https:\/\/sirplay.com\/wp-content\/uploads\/2021\/03\/we-are-sirplay.jpg) !important;}&#8221; el_class=&#8221;text-center slider-moving&#8221;][vc_column css_animation=&#8221;none&#8221; css=&#8221;.vc_custom_1616345350411{margin-top: 25px !important;}&#8221; offset=&#8221;vc_col-xs-12&#8243;]<script>\n                jQuery(function(){\n                    jQuery(\".mt_typed_text_69f10d391c55e\").typed({\n                      strings: ['Sportsbook', 'Casino'],\n                      typeSpeed: 1,\n                      backDelay: 2000,\n                      loop: true\n                    });\n                });\n              <\/script><style>.parent-typed-text.mt_typed_text123_69f10d391c55f .mt_typed_text { color: !important;}<\/style><div class=\"parent-typed-text mt_typed_text123_69f10d391c55f\" style=\"font-size:50px; line-height:50px; letter-spacing:-2px\"><span class=\"mt_typed-beforetext\" style=\"color:\">NO KYC <\/span><span class=\"mt_typed_text mt_typed_text_69f10d391c55e\"><\/span><span class=\"mt_typed-aftertext\" style=\"color:\"> <\/span><\/div>[vc_column_text css=&#8221;.vc_custom_1708363833254{margin-top: 30px !important;}&#8221;]L&#8217;avenir des jeux : Anonymat, rapidit\u00e9 et puissance du Web3[\/vc_column_text][\/vc_column][\/vc_row][vc_row css=&#8221;.vc_custom_1664189652988{margin-top: 60px !important;margin-bottom: 100px !important;}&#8221;][vc_column width=&#8221;2\/3&#8243;][vc_custom_heading text=&#8221;Plateforme de casino NO KYC&#8221; font_container=&#8221;tag:h1|font_size:36px|text_align:left|line_height:46px&#8221; use_theme_fonts=&#8221;yes&#8221; css_animation=&#8221;none&#8221; css=&#8221;.vc_custom_1708363935929{margin-bottom: 30px !important;}&#8221;][vc_column_text css=&#8221;.vc_custom_1708363980710{margin-bottom: 60px !important;}&#8221;]Chez Sirplay, nous comprenons la valeur du temps et de la confidentialit\u00e9. C&#8217;est pourquoi notre plateforme NO KYC Casino est con\u00e7ue pour offrir une entr\u00e9e en douceur dans le monde du jeu en ligne, garantissant que les joueurs peuvent plonger directement dans l&#8217;action sans compromettre leur vie priv\u00e9e. Cette approche innovante permet non seulement d&#8217;acc\u00e9l\u00e9rer le processus d&#8217;inscription, mais aussi de r\u00e9pondre \u00e0 la demande croissante d&#8217;anonymat \u00e0 l&#8217;\u00e8re num\u00e9rique.[\/vc_column_text][vc_custom_heading text=&#8221;Nous vous facilitons la t\u00e2che en vous permettant de vous connecter \u00e0 web3&#8243; font_container=&#8221;tag:h2|font_size:32px|text_align:center|color:%23a0c528|line_height:42px&#8221; use_theme_fonts=&#8221;yes&#8221; css_animation=&#8221;none&#8221; css=&#8221;.vc_custom_1663837085578{margin-top: 3px !important;margin-bottom: 35px !important;}&#8221;][vc_column_text css=&#8221;.vc_custom_1762170361398{margin-bottom: 60px !important;}&#8221;]<\/p>\n<p style=\"text-align: center;\"><em>Il s&#8217;agit d&#8217;un th\u00e8me qui peut \u00eatre personnalis\u00e9, voyez-le en action :<\/em><\/p>\n<p style=\"text-align: center;\"><strong><a title=\"Plate-forme de casino\" href=\"https:\/\/mybitcoin.casino\/\" target=\"_blank\" rel=\"noopener\">https:\/\/mybitcoin.casino\/<\/a><\/strong><\/p>\n<p>[\/vc_column_text]<style type=\"text\/css\">\n                .sweetthemes_button .btn_custom_69f10d391c593 {\n                    background: rgba(255,255,255,0.99) !important;\n                }\n                .sweetthemes_button .btn_custom_69f10d391c593:hover {                   \n                    color: rgba(255,255,255,0.99) !important;                     \n                }\n                .sweetthemes_button .btn_custom_69f10d391c593:before {\n                    background: #a0c528 !important;\n                }\n                .sweetthemes_button .btn_custom_69f10d391c593 {\n                    border-color: #a0c528 !important;\n                }\n                .sweetthemes_button .btn_custom_69f10d391c593:hover {                   \n                    border-color:  !important;                     \n                }\n\n              <\/style><div class=\"text-center sweetthemes_button \"><a  href=\"#contact\" class=\"button-winona btn btn-sm btn_custom_69f10d391c593\" style=\"color:rgba(0,0,0,0.99)\">\n        <i class=\"fa fa-phone\"><\/i>\n    Contact Us!<\/a><\/div>[vc_empty_space height=&#8221;50px&#8221;][\/vc_column][vc_column width=&#8221;1\/3&#8243;][vc_single_image image=&#8221;21341&#8243; img_size=&#8221;full&#8221; add_caption=&#8221;yes&#8221; alignment=&#8221;right&#8221;][\/vc_column][\/vc_row][vc_row css=&#8221;.vc_custom_1664190139448{margin-top: 60px !important;margin-bottom: 120px !important;}&#8221;][vc_column width=&#8221;2\/3&#8243;][vc_custom_heading text=&#8221;Un univers de jeux \u00e0 votre disposition&#8221; font_container=&#8221;tag:h2|font_size:38px|text_align:center|color:%23a0c528|line_height:42px&#8221; use_theme_fonts=&#8221;yes&#8221; css_animation=&#8221;none&#8221; css=&#8221;.vc_custom_1708365871453{margin-top: 3px !important;margin-bottom: 35px !important;}&#8221;][vc_single_image image=&#8221;21351&#8243; img_size=&#8221;full&#8221; add_caption=&#8221;yes&#8221;][vc_empty_space height=&#8221;52px&#8221;][\/vc_column][vc_column width=&#8221;1\/3&#8243;][vc_custom_heading text=&#8221;Pas de KYC Casino en chiffres :&#8221; font_container=&#8221;tag:h2|font_size:32px|text_align:left|line_height:42px&#8221; use_theme_fonts=&#8221;yes&#8221; css_animation=&#8221;none&#8221; css=&#8221;.vc_custom_1708365774094{margin-top: 3px !important;margin-bottom: 35px !important;}&#8221;][vc_column_text]<\/p>\n<ul>\n<li>Fournisseurs 75 + plus de<\/li>\n<li>Machine \u00e0 sous 15 000 + plus de<\/li>\n<li>Jeux de table 500 + plus de<\/li>\n<li>Vid\u00e9o poker 700 + plus de<\/li>\n<li>Autres jeux 200 + plus de<\/li>\n<\/ul>\n<p>Plongez dans un vaste univers o\u00f9 plus de 15 000 jeux vous attendent. De l&#8217;effervescence des tables de casino en direct \u00e0 l&#8217;attrait captivant des derni\u00e8res machines \u00e0 sous, chaque jeu est une porte d&#8217;entr\u00e9e vers une exp\u00e9rience immersive. <\/p>\n<p>Nos jeux sont distill\u00e9s par les meilleurs fournisseurs \u00e0 travers le monde, ce qui garantit que chaque interaction n&#8217;est pas seulement un jeu, mais une histoire.[\/vc_column_text][\/vc_column][\/vc_row][vc_row css=&#8221;.vc_custom_1664189638235{margin-top: 60px !important;margin-bottom: 100px !important;}&#8221;][vc_column][vc_column_text]<\/p>\n<h2><span style=\"color: #a0c528;\">Int\u00e9gration Web3 : <span style=\"color: #000000;\">L&#8217;avenir des jeux d\u00e9voil\u00e9<\/span><\/span><\/h2>\n<p>Dans un monde num\u00e9rique en constante \u00e9volution, Sirplay est fier d&#8217;\u00eatre \u00e0 l&#8217;avant-garde de l&#8217;intersection entre le jeu et la technologie blockchain. Notre plateforme NO KYC Casino ne consiste pas seulement \u00e0 contourner le processus de v\u00e9rification traditionnel ; il s&#8217;agit d&#8217;embrasser la prochaine g\u00e9n\u00e9ration de technologie Internet Web3. <\/p>\n<p>En int\u00e9grant les portefeuilles Web3, nous offrons une exp\u00e9rience de jeu non seulement priv\u00e9e et s\u00e9curis\u00e9e, mais aussi \u00e0 la pointe de la technologie.[\/vc_column_text][vc_single_image image=&#8221;18147&#8243; img_size=&#8221;full&#8221; add_caption=&#8221;yes&#8221; alignment=&#8221;center&#8221;][vc_column_text]<\/p>\n<h2><span style=\"color: #a0c528;\">Caract\u00e9ristiques principales : <span style=\"color: #000000;\">Avantage concurrentiel<\/span><\/span><\/h2>\n<ul>\n<li><strong>Le plus grand catalogue de jeux de casino en ligne :<\/strong> Nos offres sont in\u00e9gal\u00e9es, avec un catalogue de jeux provenant de l&#8217;\u00e9lite des fournisseurs de l&#8217;industrie. Chaque jeu est certifi\u00e9, garantissant des math\u00e9matiques et une \u00e9quit\u00e9 v\u00e9rifi\u00e9es. <\/li>\n<li><strong>Outils de bonus et rentabilit\u00e9 des machines \u00e0 sous :<\/strong> Maximisez vos offres gr\u00e2ce \u00e0 nos outils de bonus avanc\u00e9s, con\u00e7us pour augmenter l&#8217;engagement et la rentabilit\u00e9.<\/li>\n<li><strong>Constructeur de campagne pour les tournois de jeux :<\/strong> Faites participer votre communaut\u00e9 \u00e0 des tournois personnalis\u00e9s, gr\u00e2ce \u00e0 notre cr\u00e9ateur de campagne complet.<\/li>\n<li><strong>Int\u00e9gration transparente :<\/strong> Associez notre plateforme \u00e0 la v\u00f4tre sans effort, en utilisant nos options API ou iFrame.<\/li>\n<li><strong>Logiciel de casino en direct inclus :<\/strong> Offrez aux utilisateurs le frisson d&#8217;une v\u00e9ritable exp\u00e9rience de casino dans le confort de leur foyer gr\u00e2ce \u00e0 notre logiciel de casino en direct.<\/li>\n<\/ul>\n<p>[\/vc_column_text]<div class=\"mt-icon-listgroup-item wow \"><div class=\"mt-icon-listgroup-holder\">\n                  <div class=\"mt-icon-listgroup-icon-holder-inner\"><a ><i style=\"margin-right:px; color:;font-size:px\" class=\"\"><\/i><\/a><\/div>\n                <div class=\"mt-icon-listgroup-content-holder-inner\">\n                  <a  class=\"mt-icon-listgroup-title\" style=\"font-size: px; color: \"><\/a>\n                  <p class=\"mt-icon-listgroup-text\" style=\"font-size: px; color: \"><\/p><\/div>\n              <\/div><\/div>[\/vc_column][\/vc_row][vc_row css=&#8221;.vc_custom_1664189875509{margin-top: 60px !important;margin-bottom: 120px !important;}&#8221;][vc_column][vc_custom_heading text=&#8221;Une exp\u00e9rience de jeu qui pr\u00e9serve la vie priv\u00e9e&#8221; font_container=&#8221;tag:h2|font_size:34px|text_align:center|color:%23a0c528|line_height:42px&#8221; use_theme_fonts=&#8221;yes&#8221; css_animation=&#8221;none&#8221; css=&#8221;.vc_custom_1708365519073{margin-top: 3px !important;margin-bottom: 35px !important;}&#8221;][vc_column_text]Plongez dans une exp\u00e9rience de jeu o\u00f9 votre vie priv\u00e9e est la priorit\u00e9. Notre casino NO KYC garantit que votre aventure commence imm\u00e9diatement, sans que vous ayez besoin de soumettre des documents personnels. Profitez d&#8217;une large gamme de jeux de casino, des machines \u00e0 sous classiques aux croupiers en direct, tout en pr\u00e9servant votre anonymat.[\/vc_column_text][\/vc_column][\/vc_row][vc_row full_width=&#8221;stretch_row&#8221; css=&#8221;.vc_custom_1656345171276{margin-top: 55px !important;margin-bottom: 80px !important;}&#8221;][vc_column width=&#8221;1\/2&#8243; el_id=&#8221;contact&#8221;][vc_column_text css_animation=&#8221;fadeInUp&#8221; css=&#8221;.vc_custom_1655742515341{margin-top: 0px !important;margin-bottom: 40px !important;}&#8221;]<\/p>\n<h3><strong>Contactez nous<\/strong><\/h3>\n<p style=\"max-width: 650px;\">Contactez un expert Sirplay pour une discussion d\u00e9taill\u00e9e sur la fa\u00e7on dont nos services peuvent apporter des avantages \u00e0 votre entreprise de paris et cr\u00e9er votre propre strat\u00e9gie.<\/p>\n<p>[\/vc_column_text][vc_column_text css=&#8221;&#8221;]<img loading=\"lazy\" class=\"size-full wp-image-22667 aligncenter\" src=\"https:\/\/sirplay.com\/wp-content\/uploads\/2025\/11\/telegram.png\" alt=\"T\u00e9l\u00e9gramme\" width=\"64\" height=\"64\"><\/p>\n<div class=\"tgme_page_extra\" style=\"text-align: center;\"><a href=\"https:\/\/t.me\/SirplaySales\">@SirplaySales<\/a><\/div>\n<p>&nbsp;<\/p>\n<p><img loading=\"lazy\" class=\"size-full wp-image-16974 aligncenter\" src=\"https:\/\/sirplay.com\/gaming-experts\/wp-content\/uploads\/2022\/06\/Whatsapp.jpg\" alt=\"Whatsapp\" width=\"60\" height=\"60\"><\/p>\n<p style=\"text-align: center;\"><a href=\"https:\/\/api.whatsapp.com\/send?phone=3513960904&amp;text=More%20info\" target=\"_blank\" rel=\"noopener\">+39 3513960904<\/a><\/p>\n<p>[\/vc_column_text][\/vc_column][vc_column width=&#8221;1\/2&#8243;]\n<div class=\"wpcf7 no-js\" id=\"wpcf7-f19228-o1\" lang=\"fr-FR\" dir=\"ltr\" data-wpcf7-id=\"19228\">\n<div class=\"screen-reader-response\"><p role=\"status\" aria-live=\"polite\" aria-atomic=\"true\"><\/p> <ul><\/ul><\/div>\n<form action=\"\/fr\/wp-json\/wp\/v2\/pages\/22324#wpcf7-f19228-o1\" method=\"post\" class=\"wpcf7-form init\" aria-label=\"Formulaire de contact\" novalidate=\"novalidate\" data-status=\"init\">\n<fieldset class=\"hidden-fields-container\"><input type=\"hidden\" name=\"_wpcf7\" value=\"19228\" \/><input type=\"hidden\" name=\"_wpcf7_version\" value=\"6.1.5\" \/><input type=\"hidden\" name=\"_wpcf7_locale\" value=\"fr_FR\" \/><input type=\"hidden\" name=\"_wpcf7_unit_tag\" value=\"wpcf7-f19228-o1\" \/><input type=\"hidden\" name=\"_wpcf7_container_post\" value=\"0\" \/><input type=\"hidden\" name=\"_wpcf7_posted_data_hash\" value=\"\" \/>\n<\/fieldset>\n<p><label> Nom et pr\u00e9nom<br \/>\n<span class=\"wpcf7-form-control-wrap\" data-name=\"your-name\"><input size=\"40\" maxlength=\"400\" class=\"wpcf7-form-control wpcf7-text wpcf7-validates-as-required\" aria-required=\"true\" aria-invalid=\"false\" value=\"\" type=\"text\" name=\"your-name\" \/><\/span> <\/label>\n<\/p>\n<p><label> Votre e-mail<br \/>\n<span class=\"wpcf7-form-control-wrap\" data-name=\"your-email\"><input size=\"40\" maxlength=\"400\" class=\"wpcf7-form-control wpcf7-email wpcf7-validates-as-required wpcf7-text wpcf7-validates-as-email\" aria-required=\"true\" aria-invalid=\"false\" value=\"\" type=\"email\" name=\"your-email\" \/><\/span> <\/label>\n<\/p>\n<p><label> Pays<br \/>\n<span class=\"wpcf7-form-control-wrap\" data-name=\"countrytext-54\"><input size=\"40\" class=\"wpcf7-form-control wpcf7-countrytext wpcf7-text wpcf7-validates-as-countrytext\" aria-invalid=\"false\" value=\"\" type=\"text\" name=\"countrytext-54\" \/><\/span> <\/label>\n<\/p>\n<p><label> Num\u00e9ro de t\u00e9l\u00e9phone<br \/>\n<span class=\"wpcf7-form-control-wrap\" data-name=\"phonetext-462\"><input size=\"40\" class=\"wpcf7-form-control wpcf7-phonetext wpcf7-text wpcf7-validates-as-phonetext\" aria-invalid=\"false\" value=\"\" type=\"text\" name=\"phonetext-462\" \/><input type=\"hidden\" name=\"phonetext-462-country-code\" class=\"wpcf7-phonetext-country-code\" \/><\/span> <\/label>\n<\/p>\n<p><label> Un message<br \/>\n<span class=\"wpcf7-form-control-wrap\" data-name=\"your-message\"><textarea cols=\"40\" rows=\"10\" maxlength=\"2000\" class=\"wpcf7-form-control wpcf7-textarea\" aria-invalid=\"false\" name=\"your-message\"><\/textarea><\/span> <\/label>\n<\/p>\n<p><input class=\"wpcf7-form-control wpcf7-submit has-spinner\" type=\"submit\" value=\"Submit\" \/>\n<\/p><div class=\"wpcf7-response-output\" aria-hidden=\"true\"><\/div>\n<\/form>\n<\/div>\n[vc_row_inner][vc_column_inner][vc_column_text]Nous ne partageons pas vos informations personnelles avec qui que ce soit. Consultez notre &#8220;politique de confidentialit\u00e9&#8221; pour plus d&#8217;informations.[\/vc_column_text][\/vc_column_inner][\/vc_row_inner][\/vc_column][\/vc_row][vc_row][vc_column][vc_column_text][\/vc_column_text][\/vc_column][\/vc_row]<\/p>\n<\/div>","protected":false},"excerpt":{"rendered":"<p>[vc_row full_width=&#8221;stretch_row_content_no_spaces&#8221; css=&#8221;.vc_custom_1616354721852{margin-bottom: 0px !important;padding-top: 50px !important;padding-bottom: 100px !important;background-image: url(https:\/\/sirplay.com\/wp-content\/uploads\/2021\/03\/we-are-sirplay.jpg) !important;}&#8221; el_class=&#8221;text-center slider-moving&#8221;][vc_column css_animation=&#8221;none&#8221; css=&#8221;.vc_custom_1616345350411{margin-top: 25px !important;}&#8221; offset=&#8221;vc_col-xs-12&#8243;][vc_column_text css=&#8221;.vc_custom_1708363833254{margin-top: 30px !important;}&#8221;]L&#8217;avenir des jeux : Anonymat, rapidit\u00e9 et puissance du Web3[\/vc_column_text][\/vc_column][\/vc_row][vc_row css=&#8221;.vc_custom_1664189652988{margin-top: 60px !important;margin-bottom: 100px !important;}&#8221;][vc_column width=&#8221;2\/3&#8243;][vc_custom_heading text=&#8221;Plateforme de casino NO KYC&#8221; font_container=&#8221;tag:h1|font_size:36px|text_align:left|line_height:46px&#8221; use_theme_fonts=&#8221;yes&#8221; css_animation=&#8221;none&#8221; css=&#8221;.vc_custom_1708363935929{margin-bottom: 30px !important;}&#8221;][vc_column_text css=&#8221;.vc_custom_1708363980710{margin-bottom: 60px !important;}&#8221;]Chez Sirplay, nous comprenons la valeur [&hellip;]<\/p>\n","protected":false},"author":3,"featured_media":21366,"parent":0,"menu_order":0,"comment_status":"closed","ping_status":"closed","template":"","meta":{"footnotes":""},"class_list":["post-22324","page","type-page","status-publish","has-post-thumbnail","hentry"],"yoast_head":"<!-- This site is optimized with the Yoast SEO Premium plugin v27.3 (Yoast SEO v27.3) - https:\/\/yoast.com\/product\/yoast-seo-premium-wordpress\/ -->\n<title>No KYC Casino : Anonymat et protection de la vie priv\u00e9e dans les jeux en ligne<\/title>\n<meta name=\"description\" content=\"L&#039;avenir du jeu avec notre plateforme de casino NO KYC. Profitez de l&#039;anonymat, de la vitesse et de la puissance de Web3 pour une exp\u00e9rience de jeu transparente.\" \/>\n<meta name=\"robots\" content=\"index, follow, max-snippet:-1, max-image-preview:large, max-video-preview:-1\" \/>\n<link rel=\"canonical\" href=\"https:\/\/sirplay.com\/fr\/casino-sans-kyc\/\" \/>\n<meta property=\"og:locale\" content=\"fr_FR\" \/>\n<meta property=\"og:type\" content=\"article\" \/>\n<meta property=\"og:title\" content=\"Casino sans KYC\" \/>\n<meta property=\"og:description\" content=\"Casino sans KYC\" \/>\n<meta property=\"og:url\" content=\"https:\/\/sirplay.com\/fr\/casino-sans-kyc\/\" \/>\n<meta property=\"og:site_name\" content=\"Sirplay\" \/>\n<meta property=\"article:modified_time\" content=\"2026-01-29T16:06:37+00:00\" \/>\n<meta property=\"og:image\" content=\"https:\/\/sirplay.com\/wp-content\/uploads\/2024\/02\/no-kyc-casino-min.jpg\" \/>\n\t<meta property=\"og:image:width\" content=\"250\" \/>\n\t<meta property=\"og:image:height\" content=\"250\" \/>\n\t<meta property=\"og:image:type\" content=\"image\/jpeg\" \/>\n<meta name=\"twitter:card\" content=\"summary_large_image\" \/>\n<meta name=\"twitter:site\" content=\"@sirplay\" \/>\n<meta name=\"twitter:label1\" content=\"Dur\u00e9e de lecture estim\u00e9e\" \/>\n\t<meta name=\"twitter:data1\" content=\"6 minutes\" \/>\n<script type=\"application\/ld+json\" class=\"yoast-schema-graph\">{\"@context\":\"https:\\\/\\\/schema.org\",\"@graph\":[{\"@type\":\"WebPage\",\"@id\":\"https:\\\/\\\/sirplay.com\\\/fr\\\/casino-sans-kyc\\\/\",\"url\":\"https:\\\/\\\/sirplay.com\\\/fr\\\/casino-sans-kyc\\\/\",\"name\":\"No KYC Casino : Anonymat et protection de la vie priv\u00e9e dans les jeux en ligne\",\"isPartOf\":{\"@id\":\"https:\\\/\\\/sirplay.com\\\/fr\\\/#website\"},\"primaryImageOfPage\":{\"@id\":\"https:\\\/\\\/sirplay.com\\\/fr\\\/casino-sans-kyc\\\/#primaryimage\"},\"image\":{\"@id\":\"https:\\\/\\\/sirplay.com\\\/fr\\\/casino-sans-kyc\\\/#primaryimage\"},\"thumbnailUrl\":\"https:\\\/\\\/sirplay.com\\\/wp-content\\\/uploads\\\/2024\\\/02\\\/no-kyc-casino-min.jpg\",\"datePublished\":\"2024-10-01T09:55:54+00:00\",\"dateModified\":\"2026-01-29T16:06:37+00:00\",\"description\":\"L'avenir du jeu avec notre plateforme de casino NO KYC. Profitez de l'anonymat, de la vitesse et de la puissance de Web3 pour une exp\u00e9rience de jeu transparente.\",\"breadcrumb\":{\"@id\":\"https:\\\/\\\/sirplay.com\\\/fr\\\/casino-sans-kyc\\\/#breadcrumb\"},\"inLanguage\":\"fr-FR\",\"potentialAction\":[{\"@type\":\"ReadAction\",\"target\":[\"https:\\\/\\\/sirplay.com\\\/fr\\\/casino-sans-kyc\\\/\"]}]},{\"@type\":\"ImageObject\",\"inLanguage\":\"fr-FR\",\"@id\":\"https:\\\/\\\/sirplay.com\\\/fr\\\/casino-sans-kyc\\\/#primaryimage\",\"url\":\"https:\\\/\\\/sirplay.com\\\/wp-content\\\/uploads\\\/2024\\\/02\\\/no-kyc-casino-min.jpg\",\"contentUrl\":\"https:\\\/\\\/sirplay.com\\\/wp-content\\\/uploads\\\/2024\\\/02\\\/no-kyc-casino-min.jpg\",\"width\":250,\"height\":250},{\"@type\":\"BreadcrumbList\",\"@id\":\"https:\\\/\\\/sirplay.com\\\/fr\\\/casino-sans-kyc\\\/#breadcrumb\",\"itemListElement\":[{\"@type\":\"ListItem\",\"position\":1,\"name\":\"Home\",\"item\":\"https:\\\/\\\/sirplay.com\\\/fr\\\/\"},{\"@type\":\"ListItem\",\"position\":2,\"name\":\"Casino sans KYC\"}]},{\"@type\":\"WebSite\",\"@id\":\"https:\\\/\\\/sirplay.com\\\/fr\\\/#website\",\"url\":\"https:\\\/\\\/sirplay.com\\\/fr\\\/\",\"name\":\"Sportsbook software provider\",\"description\":\"Sports betting software online and Retail ssbts  - White label casino\",\"publisher\":{\"@id\":\"https:\\\/\\\/sirplay.com\\\/fr\\\/#organization\"},\"alternateName\":\"White label casino\",\"potentialAction\":[{\"@type\":\"SearchAction\",\"target\":{\"@type\":\"EntryPoint\",\"urlTemplate\":\"https:\\\/\\\/sirplay.com\\\/fr\\\/?s={search_term_string}\"},\"query-input\":{\"@type\":\"PropertyValueSpecification\",\"valueRequired\":true,\"valueName\":\"search_term_string\"}}],\"inLanguage\":\"fr-FR\"},{\"@type\":\"Organization\",\"@id\":\"https:\\\/\\\/sirplay.com\\\/fr\\\/#organization\",\"name\":\"Sirplay\",\"alternateName\":\"Sirplay white label\",\"url\":\"https:\\\/\\\/sirplay.com\\\/fr\\\/\",\"logo\":{\"@type\":\"ImageObject\",\"inLanguage\":\"fr-FR\",\"@id\":\"https:\\\/\\\/sirplay.com\\\/fr\\\/#\\\/schema\\\/logo\\\/image\\\/\",\"url\":\"https:\\\/\\\/sirplay.com\\\/wp-content\\\/uploads\\\/2021\\\/03\\\/cropped-sirplayICO.png\",\"contentUrl\":\"https:\\\/\\\/sirplay.com\\\/wp-content\\\/uploads\\\/2021\\\/03\\\/cropped-sirplayICO.png\",\"width\":512,\"height\":512,\"caption\":\"Sirplay\"},\"image\":{\"@id\":\"https:\\\/\\\/sirplay.com\\\/fr\\\/#\\\/schema\\\/logo\\\/image\\\/\"},\"sameAs\":[\"https:\\\/\\\/x.com\\\/sirplay\",\"https:\\\/\\\/www.linkedin.com\\\/company\\\/sirplay\",\"https:\\\/\\\/www.youtube.com\\\/user\\\/BookmakerSolutions\"]}]}<\/script>\n<!-- \/ Yoast SEO Premium plugin. -->","yoast_head_json":{"title":"No KYC Casino : Anonymat et protection de la vie priv\u00e9e dans les jeux en ligne","description":"L'avenir du jeu avec notre plateforme de casino NO KYC. Profitez de l'anonymat, de la vitesse et de la puissance de Web3 pour une exp\u00e9rience de jeu transparente.","robots":{"index":"index","follow":"follow","max-snippet":"max-snippet:-1","max-image-preview":"max-image-preview:large","max-video-preview":"max-video-preview:-1"},"canonical":"https:\/\/sirplay.com\/fr\/casino-sans-kyc\/","og_locale":"fr_FR","og_type":"article","og_title":"Casino sans KYC","og_description":"Casino sans KYC","og_url":"https:\/\/sirplay.com\/fr\/casino-sans-kyc\/","og_site_name":"Sirplay","article_modified_time":"2026-01-29T16:06:37+00:00","og_image":[{"width":250,"height":250,"url":"https:\/\/sirplay.com\/wp-content\/uploads\/2024\/02\/no-kyc-casino-min.jpg","type":"image\/jpeg"}],"twitter_card":"summary_large_image","twitter_site":"@sirplay","twitter_misc":{"Dur\u00e9e de lecture estim\u00e9e":"6 minutes"},"schema":{"@context":"https:\/\/schema.org","@graph":[{"@type":"WebPage","@id":"https:\/\/sirplay.com\/fr\/casino-sans-kyc\/","url":"https:\/\/sirplay.com\/fr\/casino-sans-kyc\/","name":"No KYC Casino : Anonymat et protection de la vie priv\u00e9e dans les jeux en ligne","isPartOf":{"@id":"https:\/\/sirplay.com\/fr\/#website"},"primaryImageOfPage":{"@id":"https:\/\/sirplay.com\/fr\/casino-sans-kyc\/#primaryimage"},"image":{"@id":"https:\/\/sirplay.com\/fr\/casino-sans-kyc\/#primaryimage"},"thumbnailUrl":"https:\/\/sirplay.com\/wp-content\/uploads\/2024\/02\/no-kyc-casino-min.jpg","datePublished":"2024-10-01T09:55:54+00:00","dateModified":"2026-01-29T16:06:37+00:00","description":"L'avenir du jeu avec notre plateforme de casino NO KYC. Profitez de l'anonymat, de la vitesse et de la puissance de Web3 pour une exp\u00e9rience de jeu transparente.","breadcrumb":{"@id":"https:\/\/sirplay.com\/fr\/casino-sans-kyc\/#breadcrumb"},"inLanguage":"fr-FR","potentialAction":[{"@type":"ReadAction","target":["https:\/\/sirplay.com\/fr\/casino-sans-kyc\/"]}]},{"@type":"ImageObject","inLanguage":"fr-FR","@id":"https:\/\/sirplay.com\/fr\/casino-sans-kyc\/#primaryimage","url":"https:\/\/sirplay.com\/wp-content\/uploads\/2024\/02\/no-kyc-casino-min.jpg","contentUrl":"https:\/\/sirplay.com\/wp-content\/uploads\/2024\/02\/no-kyc-casino-min.jpg","width":250,"height":250},{"@type":"BreadcrumbList","@id":"https:\/\/sirplay.com\/fr\/casino-sans-kyc\/#breadcrumb","itemListElement":[{"@type":"ListItem","position":1,"name":"Home","item":"https:\/\/sirplay.com\/fr\/"},{"@type":"ListItem","position":2,"name":"Casino sans KYC"}]},{"@type":"WebSite","@id":"https:\/\/sirplay.com\/fr\/#website","url":"https:\/\/sirplay.com\/fr\/","name":"Sportsbook software provider","description":"Sports betting software online and Retail ssbts  - White label casino","publisher":{"@id":"https:\/\/sirplay.com\/fr\/#organization"},"alternateName":"White label casino","potentialAction":[{"@type":"SearchAction","target":{"@type":"EntryPoint","urlTemplate":"https:\/\/sirplay.com\/fr\/?s={search_term_string}"},"query-input":{"@type":"PropertyValueSpecification","valueRequired":true,"valueName":"search_term_string"}}],"inLanguage":"fr-FR"},{"@type":"Organization","@id":"https:\/\/sirplay.com\/fr\/#organization","name":"Sirplay","alternateName":"Sirplay white label","url":"https:\/\/sirplay.com\/fr\/","logo":{"@type":"ImageObject","inLanguage":"fr-FR","@id":"https:\/\/sirplay.com\/fr\/#\/schema\/logo\/image\/","url":"https:\/\/sirplay.com\/wp-content\/uploads\/2021\/03\/cropped-sirplayICO.png","contentUrl":"https:\/\/sirplay.com\/wp-content\/uploads\/2021\/03\/cropped-sirplayICO.png","width":512,"height":512,"caption":"Sirplay"},"image":{"@id":"https:\/\/sirplay.com\/fr\/#\/schema\/logo\/image\/"},"sameAs":["https:\/\/x.com\/sirplay","https:\/\/www.linkedin.com\/company\/sirplay","https:\/\/www.youtube.com\/user\/BookmakerSolutions"]}]}},"_links":{"self":[{"href":"https:\/\/sirplay.com\/fr\/wp-json\/wp\/v2\/pages\/22324","targetHints":{"allow":["GET"]}}],"collection":[{"href":"https:\/\/sirplay.com\/fr\/wp-json\/wp\/v2\/pages"}],"about":[{"href":"https:\/\/sirplay.com\/fr\/wp-json\/wp\/v2\/types\/page"}],"author":[{"embeddable":true,"href":"https:\/\/sirplay.com\/fr\/wp-json\/wp\/v2\/users\/3"}],"replies":[{"embeddable":true,"href":"https:\/\/sirplay.com\/fr\/wp-json\/wp\/v2\/comments?post=22324"}],"version-history":[{"count":5,"href":"https:\/\/sirplay.com\/fr\/wp-json\/wp\/v2\/pages\/22324\/revisions"}],"predecessor-version":[{"id":22773,"href":"https:\/\/sirplay.com\/fr\/wp-json\/wp\/v2\/pages\/22324\/revisions\/22773"}],"wp:featuredmedia":[{"embeddable":true,"href":"https:\/\/sirplay.com\/fr\/wp-json\/wp\/v2\/media\/21366"}],"wp:attachment":[{"href":"https:\/\/sirplay.com\/fr\/wp-json\/wp\/v2\/media?parent=22324"}],"curies":[{"name":"wp","href":"https:\/\/api.w.org\/{rel}","templated":true}]}}