{"id":18420,"date":"2021-05-10T08:42:40","date_gmt":"2021-05-10T08:42:40","guid":{"rendered":"https:\/\/sirplay.com\/plataforma-de-apostas-esportivas-bitcoin\/"},"modified":"2024-06-10T11:33:03","modified_gmt":"2024-06-10T11:33:03","slug":"plataforma-de-apostas-esportivas-bitcoin","status":"publish","type":"page","link":"https:\/\/sirplay.com\/pt-br\/plataforma-de-apostas-esportivas-bitcoin\/","title":{"rendered":"Plataforma de apostas esportivas Bitcoin"},"content":{"rendered":"<div class=\"wpb-content-wrapper\"><p>[vc_row][vc_column][vc_column_text css=&#8221;&#8221;]<\/p>\n<h6 class=\"section-title dark_title\" style=\"text-align: center;\">PLATAFORMA DE APOSTAS ESPORTIVAS BITCOIN<\/h6>\n<h2 class=\"section-subtitle dark_subtitle\" style=\"text-align: center;\">Moeda criptogr\u00e1fica Apostas e Cassino<\/h2>\n<p class=\"section-description dark_description\" style=\"text-align: center;\">Comece seu software de apostas esportivas bitcoin<\/p>\n<p>[\/vc_column_text][\/vc_column][\/vc_row][vc_row css=&#8221;.vc_custom_1617808948945{margin-top: 60px !important;}&#8221;][vc_column width=&#8221;1\/2&#8243;][vc_column_text]A Sirplay lan\u00e7a seu primeiro software de apostas esportivas Bitcoin totalmente convertido em criptomoeda, <strong>a solu\u00e7\u00e3o perfeita para apostar com Bitcoin.<\/strong><\/p>\n<p>Hoje em dia, o Bitcoin \u00e9 uma moeda de pleno direito, <strong>ent\u00e3o por que n\u00e3o dar a seus jogadores a chance de apostar com Bitcoins?<\/strong> A Sirplay oferece a todas as casas de apostas mais inovadoras a oportunidade de iniciar seu software de apostas esportivas com criptomoeda.<\/p>\n<p>A Sirplay entendeu as oportunidades do Bitcoin na ind\u00fastria de apostas h\u00e1 algum tempo.\u00a0 Usar a criptomoeda como m\u00e9todo de pagamento em seu software de apostas esportivas white label \u00e9 mais um passo para o sucesso. Agora, estamos levantando o desafio de oferecer um software de apostas esportivas Bitcoin totalmente convertido em criptomoeda.[\/vc_column_text][\/vc_column][vc_column width=&#8221;1\/2&#8243;][vc_video link=&#8221;https:\/\/www.youtube.com\/watch?v=VeeIBRtNBis&#8221; align=&#8221;center&#8221;][\/vc_column][\/vc_row][vc_row css=&#8221;.vc_custom_1617809354258{margin-top: 60px !important;}&#8221;][vc_column width=&#8221;1\/2&#8243;][vc_column_text][\/vc_column_text][vc_single_image image=&#8221;17876&#8243; img_size=&#8221;large&#8221;][\/vc_column][vc_column width=&#8221;1\/2&#8243;][vc_column_text]<\/p>\n<h2>Obtenha seu software de apostas esportivas Bitcoin white label com nossos recursos:<\/h2>\n<!-- \/wp:post-content -->\n<!-- wp:list -->\n<ul>\n<li>Privacidade e anonimato respeitados<\/li>\n<li>Logotipo e personaliza\u00e7\u00e3o inclu\u00eddos<\/li>\n<li>Gerenciar taxas e comiss\u00f5es de blockchain<\/li>\n<li>Os melhores parceiros internacionais para jogos de cassino e virtuais<\/li>\n<li>Milhares de jogos e eventos dispon\u00edveis<\/li>\n<li>Tudo pronto em duas semanas!<\/li>\n<\/ul>\n<p>[\/vc_column_text]<div class=\"mt-icon-listgroup-item wow \"><div class=\"mt-icon-listgroup-holder\">\n                  <div class=\"mt-icon-listgroup-icon-holder-inner\"><a ><i style=\"margin-right:px; color:;font-size:px\" class=\"\"><\/i><\/a><\/div>\n                <div class=\"mt-icon-listgroup-content-holder-inner\">\n                  <a  class=\"mt-icon-listgroup-title\" style=\"font-size: px; color: \"><\/a>\n                  <p class=\"mt-icon-listgroup-text\" style=\"font-size: px; color: \"><\/p><\/div>\n              <\/div><\/div>[\/vc_column][\/vc_row][vc_row css=&#8221;.vc_custom_1617810076393{margin-top: 60px !important;}&#8221;][vc_column][vc_column_text]<\/p>\n<h2 style=\"text-align: center;\">Como usar o bitcoin em seu software de apostas esportivas?<\/h2>\n<p>A Sirplay oferece <strong> duas maneiras de mudar sua plataforma de apostas <\/strong> em uma solu\u00e7\u00e3o de apostas Bitcoin: use-a como uma op\u00e7\u00e3o de m\u00e9todo de pagamento ou como sua moeda. A diferen\u00e7a parece pequena, mas \u00e9 enorme.[\/vc_column_text][\/vc_column][\/vc_row][vc_row css=&#8221;.vc_custom_1617810076393{margin-top: 60px !important;}&#8221;][vc_column width=&#8221;1\/3&#8243;][vc_column_text]<\/p>\n<h3>Forma de pagamento<\/h3>\n<p>Bitcoins podem ser trocados pela moeda do software de apostas do agenciador durante o dep\u00f3sito e \/ ou cr\u00e9dito, como se a Carteira Bitcoin fosse uma conta banc\u00e1ria ou um cart\u00e3o de cr\u00e9dito para escolher[\/vc_column_text][\/vc_column][vc_column width=&#8221;1\/3&#8243;][vc_single_image image=&#8221;17757&#8243; img_size=&#8221;full&#8221;][\/vc_column][vc_column width=&#8221;1\/3&#8243;][vc_column_text]<\/p>\n<h3>Moeda<\/h3>\n<p>O Bitcoin pode ser usado como moeda para o seu software de apostas, usando a criptomoeda em todo o ciclo de neg\u00f3cios, evitando riscos comerciais e gerenciando suas pr\u00f3prias comiss\u00f5es.[\/vc_column_text][\/vc_column][\/vc_row][vc_row css=&#8221;.vc_custom_1541546704203{margin-top: 30px !important;margin-bottom: 100px !important;}&#8221;][vc_column][vc_row_inner css=&#8221;.vc_custom_1541538911605{margin-top: 75px !important;}&#8221;][vc_column_inner width=&#8221;1\/2&#8243;][vc_custom_heading text=&#8221;ICO &amp; EU FA\u00c7O&#8221; font_container=&#8221;tag:h2|font_size:50px|text_align:left|color:%23a0c528|line_height:50px&#8221; use_theme_fonts=&#8221;yes&#8221; css_animation=&#8221;none&#8221; css=&#8221;.vc_custom_1622827009020{margin-top: 3px !important;margin-bottom: 35px !important;}&#8221;][vc_custom_heading text=&#8221;Token de jogo&#8221; font_container=&#8221;tag:h3|font_size:34px|text_align:left|color:%23000000|line_height:34px&#8221; use_theme_fonts=&#8221;yes&#8221; css_animation=&#8221;none&#8221; css=&#8221;.vc_custom_1619542622766{margin-top: 0px !important;margin-bottom: 35px !important;}&#8221;][vc_column_text css_animation=&#8221;none&#8221; css=&#8221;.vc_custom_1619542933699{margin-bottom: 45px !important;}&#8221;]<\/p>\n<p style=\"max-width: 500px; margin-bottom: 30px;\">Nossos especialistas em blockchain podem ajud\u00e1-lo a <strong> definir seu token de jogo <\/strong> e criar sua criptomoeda personalizada e, em seguida, <strong> publicar seu Smart Fa\u00e7a um contrato no Blockchain <\/strong> e liste sua moeda nas principais bolsas<\/p>\n<p>[\/vc_column_text][vc_column_text css_animation=&#8221;none&#8221;]<\/p>\n<div class=\"niva-separator\" style=\"height: 4px; background: #A0C528; width: 60px; border-radius: 5px;\"><\/div>\n<p>[\/vc_column_text][\/vc_column_inner][vc_column_inner width=&#8221;1\/2&#8243; offset=&#8221;vc_hidden-xs&#8221;][vc_column_text el_class=&#8221;rotation&#8221;][\/vc_column_text][vc_single_image image=&#8221;18208&#8243; img_size=&#8221;full&#8221;][\/vc_column_inner][\/vc_row_inner][\/vc_column][\/vc_row][vc_row full_width=&#8221;stretch_row&#8221; css=&#8221;.vc_custom_1541539222800{padding-top: 55px !important;padding-bottom: 80px !important;}&#8221;][vc_column width=&#8221;1\/2&#8243; el_id=&#8221;contact&#8221;][vc_column_text css_animation=&#8221;none&#8221; css=&#8221;.vc_custom_1669636681332{padding-bottom: 50px !important;}&#8221;]<\/p>\n<h4 class=\"x-text-content-text-primary\">Escreva para falar com um especialista<\/h4>\n<p>[\/vc_column_text][vc_column_text css_animation=&#8221;none&#8221; css=&#8221;.vc_custom_1669636292299{margin-top: 50px !important;margin-bottom: 40px !important;}&#8221;]<\/p>\n<p style=\"max-width: 650px;\">Entre em contato com um especialista em Sirplay para uma discuss\u00e3o detalhada sobre como nossos servi\u00e7os podem trazer benef\u00edcios para seu neg\u00f3cio de apostas e crie sua pr\u00f3pria estrat\u00e9gia.<\/p>\n<p>[\/vc_column_text][vc_column_text]<img loading=\"lazy\" class=\"size-full wp-image-16975 aligncenter\" src=\"https:\/\/sirplay.com\/gaming-experts\/wp-content\/uploads\/2022\/06\/Skype_logo.png\" alt=\"Skype\" width=\"140\" height=\"63\" \/><\/p>\n<p style=\"text-align: center;\"><a href=\"skype:manager.sirplay?chat\">English<\/a>\u00a0\u00a0<a href=\"skype:anna.sirplay?chat\">Spanish<\/a>\u00a0\u00a0<a href=\"skype:anna.sirplay?chat\">Portugu\u00eas<\/a><\/p>\n<p>&nbsp;<\/p>\n<p>&nbsp;<\/p>\n<p style=\"text-align: center;\"><img loading=\"lazy\" class=\"size-full wp-image-16974 aligncenter\" src=\"https:\/\/sirplay.com\/gaming-experts\/wp-content\/uploads\/2022\/06\/Whatsapp.jpg\" alt=\"Whatsapp\" width=\"60\" height=\"60\" \/><\/p>\n<p style=\"text-align: center;\"><a href=\"https:\/\/api.whatsapp.com\/send?phone=35699972143&amp;text=More%20info\" target=\"_blank\" rel=\"noopener\">+39 3513960904<\/a><\/p>\n<p>[\/vc_column_text][\/vc_column][vc_column width=&#8221;1\/2&#8243;]\n<div class=\"wpcf7 no-js\" id=\"wpcf7-f18415-o1\" lang=\"pt-BR\" dir=\"ltr\" data-wpcf7-id=\"18415\">\n<div class=\"screen-reader-response\"><p role=\"status\" aria-live=\"polite\" aria-atomic=\"true\"><\/p> <ul><\/ul><\/div>\n<form action=\"\/pt-br\/wp-json\/wp\/v2\/pages\/18420#wpcf7-f18415-o1\" method=\"post\" class=\"wpcf7-form init\" aria-label=\"Formul\u00e1rios de contato\" novalidate=\"novalidate\" data-status=\"init\">\n<fieldset class=\"hidden-fields-container\"><input type=\"hidden\" name=\"_wpcf7\" value=\"18415\" \/><input type=\"hidden\" name=\"_wpcf7_version\" value=\"6.1.5\" \/><input type=\"hidden\" name=\"_wpcf7_locale\" value=\"pt_BR\" \/><input type=\"hidden\" name=\"_wpcf7_unit_tag\" value=\"wpcf7-f18415-o1\" \/><input type=\"hidden\" name=\"_wpcf7_container_post\" value=\"0\" \/><input type=\"hidden\" name=\"_wpcf7_posted_data_hash\" value=\"\" \/>\n<\/fieldset>\n<p><label> Nome completo<br \/>\n<span class=\"wpcf7-form-control-wrap\" data-name=\"your-name\"><input size=\"40\" maxlength=\"400\" class=\"wpcf7-form-control wpcf7-text wpcf7-validates-as-required\" aria-required=\"true\" aria-invalid=\"false\" value=\"\" type=\"text\" name=\"your-name\" \/><\/span> <\/label>\n<\/p>\n<p><label> Seu email<br \/>\n<span class=\"wpcf7-form-control-wrap\" data-name=\"your-email\"><input size=\"40\" maxlength=\"400\" class=\"wpcf7-form-control wpcf7-email wpcf7-validates-as-required wpcf7-text wpcf7-validates-as-email\" aria-required=\"true\" aria-invalid=\"false\" value=\"\" type=\"email\" name=\"your-email\" \/><\/span> <\/label>\n<\/p>\n<p><label> Pa\u00eds<br \/>\n<span class=\"wpcf7-form-control-wrap\" data-name=\"countrytext-54\"><input size=\"40\" class=\"wpcf7-form-control wpcf7-countrytext wpcf7-text wpcf7-validates-as-countrytext\" aria-invalid=\"false\" value=\"\" type=\"text\" name=\"countrytext-54\" \/><\/span> <\/label>\n<\/p>\n<p><label> N\u00famero de telefone<br \/>\n<span class=\"wpcf7-form-control-wrap\" data-name=\"phonetext-462\"><input size=\"40\" class=\"wpcf7-form-control wpcf7-phonetext wpcf7-text wpcf7-validates-as-phonetext\" aria-invalid=\"false\" value=\"\" type=\"text\" name=\"phonetext-462\" \/><input type=\"hidden\" name=\"phonetext-462-country-code\" class=\"wpcf7-phonetext-country-code\" \/><\/span> <\/label>\n<\/p>\n<p><label> Mensagem<br \/>\n<span class=\"wpcf7-form-control-wrap\" data-name=\"your-message\"><textarea cols=\"40\" rows=\"10\" maxlength=\"2000\" class=\"wpcf7-form-control wpcf7-textarea\" aria-invalid=\"false\" name=\"your-message\"><\/textarea><\/span> <\/label>\n<\/p>\n<p><input class=\"wpcf7-form-control wpcf7-submit has-spinner\" type=\"submit\" value=\"Enviar\" \/>\n<\/p><div class=\"wpcf7-response-output\" aria-hidden=\"true\"><\/div>\n<\/form>\n<\/div>\n[\/vc_column][\/vc_row]<\/p>\n<\/div>","protected":false},"excerpt":{"rendered":"<p>[vc_row][vc_column][vc_column_text css=&#8221;&#8221;] PLATAFORMA DE APOSTAS ESPORTIVAS BITCOIN Moeda criptogr\u00e1fica Apostas e Cassino Comece seu software de apostas esportivas bitcoin [\/vc_column_text][\/vc_column][\/vc_row][vc_row css=&#8221;.vc_custom_1617808948945{margin-top: 60px !important;}&#8221;][vc_column width=&#8221;1\/2&#8243;][vc_column_text]A Sirplay lan\u00e7a seu primeiro software de apostas esportivas Bitcoin totalmente convertido em criptomoeda, a solu\u00e7\u00e3o perfeita para apostar com Bitcoin. Hoje em dia, o Bitcoin \u00e9 uma moeda de pleno direito, [&hellip;]<\/p>\n","protected":false},"author":1,"featured_media":17876,"parent":0,"menu_order":0,"comment_status":"closed","ping_status":"closed","template":"","meta":{"footnotes":""},"class_list":["post-18420","page","type-page","status-publish","has-post-thumbnail","hentry"],"yoast_head":"<!-- This site is optimized with the Yoast SEO Premium plugin v27.3 (Yoast SEO v27.3) - https:\/\/yoast.com\/product\/yoast-seo-premium-wordpress\/ -->\n<title>Plataforma de apostas esportivas Bitcoin - Sirplay<\/title>\n<meta name=\"description\" content=\"o Bitcoin \u00e9 uma moeda de pleno direito, ent\u00e3o por que n\u00e3o dar a seus jogadores a chance de apostar com Bitcoins? A Sirplay oferece a todas as\" \/>\n<meta name=\"robots\" content=\"index, follow, max-snippet:-1, max-image-preview:large, max-video-preview:-1\" \/>\n<link rel=\"canonical\" href=\"https:\/\/sirplay.com\/pt-br\/plataforma-de-apostas-esportivas-bitcoin\/\" \/>\n<meta property=\"og:locale\" content=\"pt_BR\" \/>\n<meta property=\"og:type\" content=\"article\" \/>\n<meta property=\"og:title\" content=\"Plataforma de apostas esportivas Bitcoin\" \/>\n<meta property=\"og:description\" content=\"Plataforma de apostas esportivas Bitcoin\" \/>\n<meta property=\"og:url\" content=\"https:\/\/sirplay.com\/pt-br\/plataforma-de-apostas-esportivas-bitcoin\/\" \/>\n<meta property=\"og:site_name\" content=\"Sirplay\" \/>\n<meta property=\"article:modified_time\" content=\"2024-06-10T11:33:03+00:00\" \/>\n<meta property=\"og:image\" content=\"https:\/\/sirplay.com\/wp-content\/uploads\/2021\/04\/crypto_sportsbook.jpg\" \/>\n\t<meta property=\"og:image:width\" content=\"520\" \/>\n\t<meta property=\"og:image:height\" content=\"280\" \/>\n\t<meta property=\"og:image:type\" content=\"image\/jpeg\" \/>\n<meta name=\"twitter:card\" content=\"summary_large_image\" \/>\n<meta name=\"twitter:site\" content=\"@sirplay\" \/>\n<meta name=\"twitter:label1\" content=\"Est. tempo de leitura\" \/>\n\t<meta name=\"twitter:data1\" content=\"4 minutos\" \/>\n<script type=\"application\/ld+json\" class=\"yoast-schema-graph\">{\"@context\":\"https:\\\/\\\/schema.org\",\"@graph\":[{\"@type\":\"WebPage\",\"@id\":\"https:\\\/\\\/sirplay.com\\\/pt-br\\\/plataforma-de-apostas-esportivas-bitcoin\\\/\",\"url\":\"https:\\\/\\\/sirplay.com\\\/pt-br\\\/plataforma-de-apostas-esportivas-bitcoin\\\/\",\"name\":\"Plataforma de apostas esportivas Bitcoin - Sirplay\",\"isPartOf\":{\"@id\":\"https:\\\/\\\/sirplay.com\\\/pt-br\\\/#website\"},\"primaryImageOfPage\":{\"@id\":\"https:\\\/\\\/sirplay.com\\\/pt-br\\\/plataforma-de-apostas-esportivas-bitcoin\\\/#primaryimage\"},\"image\":{\"@id\":\"https:\\\/\\\/sirplay.com\\\/pt-br\\\/plataforma-de-apostas-esportivas-bitcoin\\\/#primaryimage\"},\"thumbnailUrl\":\"https:\\\/\\\/sirplay.com\\\/wp-content\\\/uploads\\\/2021\\\/04\\\/crypto_sportsbook.jpg\",\"datePublished\":\"2021-05-10T08:42:40+00:00\",\"dateModified\":\"2024-06-10T11:33:03+00:00\",\"description\":\"o Bitcoin \u00e9 uma moeda de pleno direito, ent\u00e3o por que n\u00e3o dar a seus jogadores a chance de apostar com Bitcoins? A Sirplay oferece a todas as\",\"breadcrumb\":{\"@id\":\"https:\\\/\\\/sirplay.com\\\/pt-br\\\/plataforma-de-apostas-esportivas-bitcoin\\\/#breadcrumb\"},\"inLanguage\":\"pt-BR\",\"potentialAction\":[{\"@type\":\"ReadAction\",\"target\":[\"https:\\\/\\\/sirplay.com\\\/pt-br\\\/plataforma-de-apostas-esportivas-bitcoin\\\/\"]}]},{\"@type\":\"ImageObject\",\"inLanguage\":\"pt-BR\",\"@id\":\"https:\\\/\\\/sirplay.com\\\/pt-br\\\/plataforma-de-apostas-esportivas-bitcoin\\\/#primaryimage\",\"url\":\"https:\\\/\\\/sirplay.com\\\/wp-content\\\/uploads\\\/2021\\\/04\\\/crypto_sportsbook.jpg\",\"contentUrl\":\"https:\\\/\\\/sirplay.com\\\/wp-content\\\/uploads\\\/2021\\\/04\\\/crypto_sportsbook.jpg\",\"width\":520,\"height\":280,\"caption\":\"apostas esportivas de criptografia\"},{\"@type\":\"BreadcrumbList\",\"@id\":\"https:\\\/\\\/sirplay.com\\\/pt-br\\\/plataforma-de-apostas-esportivas-bitcoin\\\/#breadcrumb\",\"itemListElement\":[{\"@type\":\"ListItem\",\"position\":1,\"name\":\"Home\",\"item\":\"https:\\\/\\\/sirplay.com\\\/pt-br\\\/\"},{\"@type\":\"ListItem\",\"position\":2,\"name\":\"Plataforma de apostas esportivas Bitcoin\"}]},{\"@type\":\"WebSite\",\"@id\":\"https:\\\/\\\/sirplay.com\\\/pt-br\\\/#website\",\"url\":\"https:\\\/\\\/sirplay.com\\\/pt-br\\\/\",\"name\":\"Sportsbook software provider\",\"description\":\"Sports betting software online and Retail ssbts  - White label casino\",\"publisher\":{\"@id\":\"https:\\\/\\\/sirplay.com\\\/pt-br\\\/#organization\"},\"alternateName\":\"White label casino\",\"potentialAction\":[{\"@type\":\"SearchAction\",\"target\":{\"@type\":\"EntryPoint\",\"urlTemplate\":\"https:\\\/\\\/sirplay.com\\\/pt-br\\\/?s={search_term_string}\"},\"query-input\":{\"@type\":\"PropertyValueSpecification\",\"valueRequired\":true,\"valueName\":\"search_term_string\"}}],\"inLanguage\":\"pt-BR\"},{\"@type\":\"Organization\",\"@id\":\"https:\\\/\\\/sirplay.com\\\/pt-br\\\/#organization\",\"name\":\"Sirplay\",\"alternateName\":\"Sirplay white label\",\"url\":\"https:\\\/\\\/sirplay.com\\\/pt-br\\\/\",\"logo\":{\"@type\":\"ImageObject\",\"inLanguage\":\"pt-BR\",\"@id\":\"https:\\\/\\\/sirplay.com\\\/pt-br\\\/#\\\/schema\\\/logo\\\/image\\\/\",\"url\":\"https:\\\/\\\/sirplay.com\\\/wp-content\\\/uploads\\\/2021\\\/03\\\/cropped-sirplayICO.png\",\"contentUrl\":\"https:\\\/\\\/sirplay.com\\\/wp-content\\\/uploads\\\/2021\\\/03\\\/cropped-sirplayICO.png\",\"width\":512,\"height\":512,\"caption\":\"Sirplay\"},\"image\":{\"@id\":\"https:\\\/\\\/sirplay.com\\\/pt-br\\\/#\\\/schema\\\/logo\\\/image\\\/\"},\"sameAs\":[\"https:\\\/\\\/x.com\\\/sirplay\",\"https:\\\/\\\/www.linkedin.com\\\/company\\\/sirplay\",\"https:\\\/\\\/www.youtube.com\\\/user\\\/BookmakerSolutions\"]}]}<\/script>\n<!-- \/ Yoast SEO Premium plugin. -->","yoast_head_json":{"title":"Plataforma de apostas esportivas Bitcoin - Sirplay","description":"o Bitcoin \u00e9 uma moeda de pleno direito, ent\u00e3o por que n\u00e3o dar a seus jogadores a chance de apostar com Bitcoins? A Sirplay oferece a todas as","robots":{"index":"index","follow":"follow","max-snippet":"max-snippet:-1","max-image-preview":"max-image-preview:large","max-video-preview":"max-video-preview:-1"},"canonical":"https:\/\/sirplay.com\/pt-br\/plataforma-de-apostas-esportivas-bitcoin\/","og_locale":"pt_BR","og_type":"article","og_title":"Plataforma de apostas esportivas Bitcoin","og_description":"Plataforma de apostas esportivas Bitcoin","og_url":"https:\/\/sirplay.com\/pt-br\/plataforma-de-apostas-esportivas-bitcoin\/","og_site_name":"Sirplay","article_modified_time":"2024-06-10T11:33:03+00:00","og_image":[{"width":520,"height":280,"url":"https:\/\/sirplay.com\/wp-content\/uploads\/2021\/04\/crypto_sportsbook.jpg","type":"image\/jpeg"}],"twitter_card":"summary_large_image","twitter_site":"@sirplay","twitter_misc":{"Est. tempo de leitura":"4 minutos"},"schema":{"@context":"https:\/\/schema.org","@graph":[{"@type":"WebPage","@id":"https:\/\/sirplay.com\/pt-br\/plataforma-de-apostas-esportivas-bitcoin\/","url":"https:\/\/sirplay.com\/pt-br\/plataforma-de-apostas-esportivas-bitcoin\/","name":"Plataforma de apostas esportivas Bitcoin - Sirplay","isPartOf":{"@id":"https:\/\/sirplay.com\/pt-br\/#website"},"primaryImageOfPage":{"@id":"https:\/\/sirplay.com\/pt-br\/plataforma-de-apostas-esportivas-bitcoin\/#primaryimage"},"image":{"@id":"https:\/\/sirplay.com\/pt-br\/plataforma-de-apostas-esportivas-bitcoin\/#primaryimage"},"thumbnailUrl":"https:\/\/sirplay.com\/wp-content\/uploads\/2021\/04\/crypto_sportsbook.jpg","datePublished":"2021-05-10T08:42:40+00:00","dateModified":"2024-06-10T11:33:03+00:00","description":"o Bitcoin \u00e9 uma moeda de pleno direito, ent\u00e3o por que n\u00e3o dar a seus jogadores a chance de apostar com Bitcoins? A Sirplay oferece a todas as","breadcrumb":{"@id":"https:\/\/sirplay.com\/pt-br\/plataforma-de-apostas-esportivas-bitcoin\/#breadcrumb"},"inLanguage":"pt-BR","potentialAction":[{"@type":"ReadAction","target":["https:\/\/sirplay.com\/pt-br\/plataforma-de-apostas-esportivas-bitcoin\/"]}]},{"@type":"ImageObject","inLanguage":"pt-BR","@id":"https:\/\/sirplay.com\/pt-br\/plataforma-de-apostas-esportivas-bitcoin\/#primaryimage","url":"https:\/\/sirplay.com\/wp-content\/uploads\/2021\/04\/crypto_sportsbook.jpg","contentUrl":"https:\/\/sirplay.com\/wp-content\/uploads\/2021\/04\/crypto_sportsbook.jpg","width":520,"height":280,"caption":"apostas esportivas de criptografia"},{"@type":"BreadcrumbList","@id":"https:\/\/sirplay.com\/pt-br\/plataforma-de-apostas-esportivas-bitcoin\/#breadcrumb","itemListElement":[{"@type":"ListItem","position":1,"name":"Home","item":"https:\/\/sirplay.com\/pt-br\/"},{"@type":"ListItem","position":2,"name":"Plataforma de apostas esportivas Bitcoin"}]},{"@type":"WebSite","@id":"https:\/\/sirplay.com\/pt-br\/#website","url":"https:\/\/sirplay.com\/pt-br\/","name":"Sportsbook software provider","description":"Sports betting software online and Retail ssbts  - White label casino","publisher":{"@id":"https:\/\/sirplay.com\/pt-br\/#organization"},"alternateName":"White label casino","potentialAction":[{"@type":"SearchAction","target":{"@type":"EntryPoint","urlTemplate":"https:\/\/sirplay.com\/pt-br\/?s={search_term_string}"},"query-input":{"@type":"PropertyValueSpecification","valueRequired":true,"valueName":"search_term_string"}}],"inLanguage":"pt-BR"},{"@type":"Organization","@id":"https:\/\/sirplay.com\/pt-br\/#organization","name":"Sirplay","alternateName":"Sirplay white label","url":"https:\/\/sirplay.com\/pt-br\/","logo":{"@type":"ImageObject","inLanguage":"pt-BR","@id":"https:\/\/sirplay.com\/pt-br\/#\/schema\/logo\/image\/","url":"https:\/\/sirplay.com\/wp-content\/uploads\/2021\/03\/cropped-sirplayICO.png","contentUrl":"https:\/\/sirplay.com\/wp-content\/uploads\/2021\/03\/cropped-sirplayICO.png","width":512,"height":512,"caption":"Sirplay"},"image":{"@id":"https:\/\/sirplay.com\/pt-br\/#\/schema\/logo\/image\/"},"sameAs":["https:\/\/x.com\/sirplay","https:\/\/www.linkedin.com\/company\/sirplay","https:\/\/www.youtube.com\/user\/BookmakerSolutions"]}]}},"_links":{"self":[{"href":"https:\/\/sirplay.com\/pt-br\/wp-json\/wp\/v2\/pages\/18420","targetHints":{"allow":["GET"]}}],"collection":[{"href":"https:\/\/sirplay.com\/pt-br\/wp-json\/wp\/v2\/pages"}],"about":[{"href":"https:\/\/sirplay.com\/pt-br\/wp-json\/wp\/v2\/types\/page"}],"author":[{"embeddable":true,"href":"https:\/\/sirplay.com\/pt-br\/wp-json\/wp\/v2\/users\/1"}],"replies":[{"embeddable":true,"href":"https:\/\/sirplay.com\/pt-br\/wp-json\/wp\/v2\/comments?post=18420"}],"version-history":[{"count":6,"href":"https:\/\/sirplay.com\/pt-br\/wp-json\/wp\/v2\/pages\/18420\/revisions"}],"predecessor-version":[{"id":21682,"href":"https:\/\/sirplay.com\/pt-br\/wp-json\/wp\/v2\/pages\/18420\/revisions\/21682"}],"wp:featuredmedia":[{"embeddable":true,"href":"https:\/\/sirplay.com\/pt-br\/wp-json\/wp\/v2\/media\/17876"}],"wp:attachment":[{"href":"https:\/\/sirplay.com\/pt-br\/wp-json\/wp\/v2\/media?parent=18420"}],"curies":[{"name":"wp","href":"https:\/\/api.w.org\/{rel}","templated":true}]}}