{"id":18437,"date":"2021-05-10T14:26:20","date_gmt":"2021-05-10T14:26:20","guid":{"rendered":"https:\/\/sirplay.com\/sobre-nos\/"},"modified":"2024-06-09T09:46:35","modified_gmt":"2024-06-09T09:46:35","slug":"sobre-nos","status":"publish","type":"page","link":"https:\/\/sirplay.com\/pt-br\/sobre-nos\/","title":{"rendered":"Sobre n\u00f3s"},"content":{"rendered":"<div class=\"wpb-content-wrapper\"><p>[vc_row full_width=&#8221;stretch_row_content_no_spaces&#8221; css=&#8221;.vc_custom_1616354721852{margin-bottom: 0px !important;padding-top: 50px !important;padding-bottom: 100px !important;background-image: url(https:\/\/sirplay.com\/wp-content\/uploads\/2021\/03\/we-are-sirplay.jpg) !important;}&#8221; el_class=&#8221;text-center slider-moving&#8221;][vc_column css_animation=&#8221;none&#8221; css=&#8221;.vc_custom_1616345350411{margin-top: 25px !important;}&#8221; offset=&#8221;vc_col-xs-12&#8243;][vc_custom_heading text=&#8221;Voc\u00ea est\u00e1 definitivamente intrigado&#8221; font_container=&#8221;tag:h2|font_size:60px|text_align:center|line_height:60px&#8221; use_theme_fonts=&#8221;yes&#8221; css=&#8221;.vc_custom_1539894365782{margin-top: 5px !important;margin-bottom: 20px !important;}&#8221; el_class=&#8221;letter-spacing2px looking-for-heading&#8221;]<script>\n                jQuery(function(){\n                    jQuery(\".mt_typed_text_69f9a68320b3e\").typed({\n                      strings: ['quem somos.', 'o que fazemos.'],\n                      typeSpeed: 1,\n                      backDelay: 2000,\n                      loop: true\n                    });\n                });\n              <\/script><style>.parent-typed-text.mt_typed_text123_69f9a68320b3f .mt_typed_text { color: !important;}<\/style><div class=\"parent-typed-text mt_typed_text123_69f9a68320b3f\" style=\"font-size:60px; line-height:60px; letter-spacing:-2px\"><span class=\"mt_typed-beforetext\" style=\"color:\">para descobrir <\/span><span class=\"mt_typed_text mt_typed_text_69f9a68320b3e\"><\/span><span class=\"mt_typed-aftertext\" style=\"color:\"> <\/span><\/div>[vc_column_text css=&#8221;.vc_custom_1625141489747{margin-top: 30px !important;}&#8221;]<\/p>\n<p style=\"text-align: center;\">Somos um provedor de software, que trabalha continuamente em busca solu\u00e7\u00f5es inovadoras para atender \u00e0s necessidades dos neg\u00f3cios de aposta<\/p>\n<p>[\/vc_column_text][\/vc_column][\/vc_row][vc_row full_height=&#8221;yes&#8221; equal_height=&#8221;yes&#8221; css=&#8221;.vc_custom_1616354967514{margin-top: 100px !important;margin-bottom: 55px !important;}&#8221;][vc_column css=&#8221;.vc_custom_1619278567607{padding-top: 0px !important;padding-right: 0px !important;padding-bottom: 0px !important;padding-left: 0px !important;background-position: center !important;background-repeat: no-repeat !important;background-size: contain !important;}&#8221;]<div class=\"title-subtile-holder text-left\"><h6 class=\"section-title  dark_title\">Sirplay<\/h6><h1 class=\"section-subtitle  dark_subtitle\">Gaming solutions experts<\/h1><p class=\"section-description  light_description\"><\/p><\/div>[vc_single_image image=&#8221;19632&#8243; img_size=&#8221;full&#8221; add_caption=&#8221;yes&#8221; alignment=&#8221;center&#8221;][vc_empty_space height=&#8221;20px&#8221;][vc_column_text css_animation=&#8221;none&#8221;]<strong>A Sirplay \u00e9 provedora de softwares de apostas esportivas com 15 anos de experi\u00eancia na ind\u00fastria de jogos de azar<\/strong>. Fornecemos casas de apostas, loterias e cassinos para mercados regulamentados desde 2005.<\/p>\n<p><span style=\"font-weight: 400;\">Os especialistas da Sirplay s\u00e3o estrategistas criativos, nerds e comunicadores, com uma grande paix\u00e3o por jogos online e trabalhamos duro para construir o sucesso de seus clientes nos neg\u00f3cios.<\/span><\/p>\n<p><span style=\"font-weight: 400;\">A plataforma de jogos \u00e9 apenas uma das raz\u00f5es que levaram a Sirplay a ser a <em>International Software House<\/em> que \u00e9 hoje. <strong>Com toda esta experi\u00eancia, a Sirplay cresce a cada dia e oferece servi\u00e7os a mais de 40 casas de apostas em 11 pa\u00edses em todo o mundo.<\/strong><\/span><span style=\"font-weight: 400;\"><br \/>\n<\/span>[\/vc_column_text][\/vc_column][\/vc_row][vc_row full_width=&#8221;stretch_row&#8221; css=&#8221;.vc_custom_1541546331337{margin-top: 10px !important;margin-bottom: 30px !important;}&#8221;][vc_column][vc_row_inner css=&#8221;.vc_custom_1541546282879{padding-top: 10px !important;padding-bottom: 40px !important;}&#8221;][vc_column_inner width=&#8221;1\/4&#8243;]<div class=\"stats-block statistics\"><div class=\"stats-head\"><p class=\"stat-number skill\"><\/p><\/div><div class=\"stats-content percentage\" data-perc=\"40\"><span class=\"skill-count\" style=\"color: #a0c528\">40<\/span><p style=\"color: #000000\">Bookmakers<\/p><\/div><\/div>[\/vc_column_inner][vc_column_inner width=&#8221;1\/4&#8243;]<div class=\"stats-block statistics\"><div class=\"stats-head\"><p class=\"stat-number skill\"><\/p><\/div><div class=\"stats-content percentage\" data-perc=\"11\"><span class=\"skill-count\" style=\"color: #a0c528\">11<\/span><p style=\"color: #000000\">Pa\u00edses<\/p><\/div><\/div>[\/vc_column_inner][vc_column_inner width=&#8221;1\/4&#8243;]<div class=\"stats-block statistics\"><div class=\"stats-head\"><p class=\"stat-number skill\"><\/p><\/div><div class=\"stats-content percentage\" data-perc=\"9\"><span class=\"skill-count\" style=\"color: #a0c528\">9<\/span><p style=\"color: #000000\">Licen\u00e7as<\/p><\/div><\/div>[\/vc_column_inner][vc_column_inner width=&#8221;1\/4&#8243;]<div class=\"stats-block statistics\"><div class=\"stats-head\"><p class=\"stat-number skill\"><\/p><\/div><div class=\"stats-content percentage\" data-perc=\"4\"><span class=\"skill-count\" style=\"color: #a0c528\">4<\/span><p style=\"color: #000000\">Certifica\u00e7\u00f5es<\/p><\/div><\/div>[\/vc_column_inner][\/vc_row_inner][\/vc_column][\/vc_row][vc_row full_width=&#8221;stretch_row&#8221; css=&#8221;.vc_custom_1620317717999{margin-bottom: 0px !important;padding-top: 65px !important;background-color: #f6f6f6 !important;}&#8221;][vc_column][vc_column_text]<\/p>\n<h2>Nossa miss\u00e3o e vis\u00e3o<\/h2>\n<p>Nossa miss\u00e3o na Sirplay \u00e9 fornecer um produto com alto conhecimento de marca e afilia\u00e7\u00e3o de indiv\u00edduos que vivem o mundo do esporte. Uma plataforma que gera lucro promovendo o entretenimento.<\/p>\n<p><strong>A vis\u00e3o da Sirplay <\/strong> \u00e9 ser um provedor que atende e ap\u00f3ia os amantes dos esportes bem estabelecidos e facilmente identific\u00e1veis \u200b\u200bem todo o mundo.<\/p>\n<p>&nbsp;<\/p>\n<h2>Nossa vantagem competitiva<\/h2>\n<p>Independentemente da publicidade que voc\u00ea faz e dos servi\u00e7os que oferece, os apostadores olham para uma coisa: quanto podem ganhar!<\/p>\n<p>A Sirplay desenvolveu seu pr\u00f3prio <strong> algoritmo matem\u00e1tico para gerenciamento de risco <\/strong> e, nos \u00faltimos 15 anos, corrigiu e modificou continuamente esta f\u00f3rmula matem\u00e1tica. Isso tornou nosso algoritmo cada vez mais preciso e confi\u00e1vel. <strong> Hoje nossa equipe gerencia a seguran\u00e7a de 1 milh\u00e3o de apostas por dia e, gra\u00e7as a esse segredo<\/strong>, todos os clientes da Sirplay fecham o m\u00eas com uma receita positiva.<\/p>\n<p>A Sirplay tamb\u00e9m pode se orgulhar de ter uma equipe de profissionais altamente qualificados, que trabalham com todos os nossos clientes e tornam mais f\u00e1cil e confort\u00e1vel o cotidiano de gerenciamento de todas as apostas esportivas que oferecemos. Este know-how tamb\u00e9m est\u00e1 crescendo gra\u00e7as \u00e0s ferramentas dispon\u00edveis em seu software, que permitem analisar relat\u00f3rios que transmitem uma vis\u00e3o completa das atividades de cada jogador ou casa de apostas em todos os mercados.[\/vc_column_text][\/vc_column][\/vc_row][vc_row full_width=&#8221;stretch_row_content&#8221; css=&#8221;.vc_custom_1620317675333{background-color: #f6f6f6 !important;}&#8221;][vc_column][vc_single_image image=&#8221;18399&#8243; img_size=&#8221;full&#8221; alignment=&#8221;center&#8221;][\/vc_column][\/vc_row][vc_row full_width=&#8221;stretch_row_content_no_spaces&#8221; css=&#8221;.vc_custom_1541546060775{padding-top: 55px !important;padding-bottom: 0px !important;}&#8221;][vc_column width=&#8221;1\/4&#8243;][\/vc_column][vc_column width=&#8221;1\/2&#8243;][vc_column_text css=&#8221;.vc_custom_1669819497650{padding-bottom: 56px !important;}&#8221;]<\/p>\n<h2>Sirplay nos mercados de jogos latino-americanos e africanos<\/h2>\n<p>A reputa\u00e7\u00e3o de uma empresa surge da sua presen\u00e7a em um territ\u00f3rio. Desde o in\u00edcio, a Sirplay decidiu investir em novos mercados e agora estamos em grande parte da Am\u00e9rica do Sul e \u00c1frica, com escrit\u00f3rios de vendas e suporte localizados em Lima e Bogot\u00e1, agentes locais na Nig\u00e9ria e com clientes de prest\u00edgio em ambas as \u00e1reas.<\/p>\n<p>&nbsp;<\/p>\n<h2>A Sirplay \u00e9 certificada<\/h2>\n<p>A Sirplay trabalha para garantir que o seu software esteja em conformidade com todas as diretrizes publicadas pela jurisdi\u00e7\u00e3o. O sistema desenvolvido foi testado e certificado pelos principais \u00f3rg\u00e3os da ind\u00fastria. O software de apostas esportivas da Sirplay j\u00e1 ganhou 4 certifica\u00e7\u00f5es de qualidade e seguran\u00e7a, e outras est\u00e3o a caminho.<\/p>\n<p>&nbsp;<\/p>\n<h2>Nossos Parceiros<\/h2>\n<p>A Sirplay busca constantemente os melhores parceiros de jogos e entretenimento, de forma a garantir uma experi\u00eancia de jogo exclusiva para Clientes e Jogadores. Devido a estas parcerias firmadas com v\u00e1rios proveedores de cassinos e\u00a0 jogos virtuais &#8211; l\u00edderes internacionais da ind\u00fastria &#8211; a Sirplay integrou a sua Plataforma de Apostas Esportivas com uma ampla variedade de jogos: slots, jogos de mesa, cassino ao vivo, jogos virtuais, jogos de fantasia etc.<br \/>\nOs jogos est\u00e3o dispon\u00edveis para desktops e dispositivos m\u00f3veis, com alta qualidade gr\u00e1fica, anima\u00e7\u00e3o e \u00e1udio, al\u00e9m de um menu intuitivo e amig\u00e1vel. A plataforma \u00e9 mantida por um r\u00e1pido processo de integra\u00e7\u00e3o que alia a escalabilidade, flexibilidade e performance de um software de apostas aos mais elevados n\u00edveis de seguran\u00e7a e fiabilidade, oferecendo aos clientes a mais completa carteira de jogos dispon\u00edveis no setor e assim, a soluc\u00e7\u00e3o perfeita para o seu neg\u00f3cio.[\/vc_column_text][\/vc_column][vc_column width=&#8221;1\/4&#8243;][\/vc_column][\/vc_row][vc_row full_width=&#8221;stretch_row&#8221; css=&#8221;.vc_custom_1541539222800{padding-top: 55px !important;padding-bottom: 80px !important;}&#8221;][vc_column width=&#8221;1\/2&#8243; el_id=&#8221;contact&#8221;][vc_column_text css_animation=&#8221;none&#8221; css=&#8221;.vc_custom_1669819522361{margin-top: 0px !important;padding-bottom: 40px !important;}&#8221;]<\/p>\n<h2><strong>Contate-Nos<\/strong><\/h2>\n<p>Contate um especialista da Sirplay para discutir nossos servi\u00e7os em detalhes. Apoiamos seus projetos e neg\u00f3cios criando uma estrat\u00e9gia espec\u00edfica para voc\u00ea.[\/vc_column_text][vc_column_text]<img loading=\"lazy\" class=\"size-full wp-image-16975 aligncenter\" src=\"https:\/\/sirplay.com\/gaming-experts\/wp-content\/uploads\/2022\/06\/Skype_logo.png\" alt=\"Skype\" width=\"140\" height=\"63\" \/><\/p>\n<p style=\"text-align: center;\"><a href=\"skype:manager.sirplay?chat\">English<\/a>\u00a0\u00a0<a href=\"skype:anna.sirplay?chat\">Spanish<\/a>\u00a0\u00a0<a href=\"skype:anna.sirplay?chat\">Portugu\u00eas<\/a><\/p>\n<p>&nbsp;<\/p>\n<p>&nbsp;<\/p>\n<p style=\"text-align: center;\"><img loading=\"lazy\" class=\"size-full wp-image-16974 aligncenter\" src=\"https:\/\/sirplay.com\/gaming-experts\/wp-content\/uploads\/2022\/06\/Whatsapp.jpg\" alt=\"Whatsapp\" width=\"60\" height=\"60\" \/><\/p>\n<p style=\"text-align: center;\"><a href=\"https:\/\/api.whatsapp.com\/send?phone=35699972143&amp;text=More%20info\" target=\"_blank\" rel=\"noopener\">+39 3513960904<\/a><\/p>\n<p>[\/vc_column_text][\/vc_column][vc_column width=&#8221;1\/2&#8243;][vc_column_text css_animation=&#8221;fadeInUp&#8221; css=&#8221;.vc_custom_1655811208362{padding-bottom: 50px !important;}&#8221;]<\/p>\n<h4 class=\"x-text-content-text-primary\">ESCREVA-NOS UMA MENSAGEM<\/h4>\n<p>[\/vc_column_text]\n<div class=\"wpcf7 no-js\" id=\"wpcf7-f18415-o1\" lang=\"pt-BR\" dir=\"ltr\" data-wpcf7-id=\"18415\">\n<div class=\"screen-reader-response\"><p role=\"status\" aria-live=\"polite\" aria-atomic=\"true\"><\/p> <ul><\/ul><\/div>\n<form action=\"\/pt-br\/wp-json\/wp\/v2\/pages\/18437#wpcf7-f18415-o1\" method=\"post\" class=\"wpcf7-form init\" aria-label=\"Formul\u00e1rios de contato\" novalidate=\"novalidate\" data-status=\"init\">\n<fieldset class=\"hidden-fields-container\"><input type=\"hidden\" name=\"_wpcf7\" value=\"18415\" \/><input type=\"hidden\" name=\"_wpcf7_version\" value=\"6.1.5\" \/><input type=\"hidden\" name=\"_wpcf7_locale\" value=\"pt_BR\" \/><input type=\"hidden\" name=\"_wpcf7_unit_tag\" value=\"wpcf7-f18415-o1\" \/><input type=\"hidden\" name=\"_wpcf7_container_post\" value=\"0\" \/><input type=\"hidden\" name=\"_wpcf7_posted_data_hash\" value=\"\" \/>\n<\/fieldset>\n<p><label> Nome completo<br \/>\n<span class=\"wpcf7-form-control-wrap\" data-name=\"your-name\"><input size=\"40\" maxlength=\"400\" class=\"wpcf7-form-control wpcf7-text wpcf7-validates-as-required\" aria-required=\"true\" aria-invalid=\"false\" value=\"\" type=\"text\" name=\"your-name\" \/><\/span> <\/label>\n<\/p>\n<p><label> Seu email<br \/>\n<span class=\"wpcf7-form-control-wrap\" data-name=\"your-email\"><input size=\"40\" maxlength=\"400\" class=\"wpcf7-form-control wpcf7-email wpcf7-validates-as-required wpcf7-text wpcf7-validates-as-email\" aria-required=\"true\" aria-invalid=\"false\" value=\"\" type=\"email\" name=\"your-email\" \/><\/span> <\/label>\n<\/p>\n<p><label> Pa\u00eds<br \/>\n<span class=\"wpcf7-form-control-wrap\" data-name=\"countrytext-54\"><input size=\"40\" class=\"wpcf7-form-control wpcf7-countrytext wpcf7-text wpcf7-validates-as-countrytext\" aria-invalid=\"false\" value=\"\" type=\"text\" name=\"countrytext-54\" \/><\/span> <\/label>\n<\/p>\n<p><label> N\u00famero de telefone<br \/>\n<span class=\"wpcf7-form-control-wrap\" data-name=\"phonetext-462\"><input size=\"40\" class=\"wpcf7-form-control wpcf7-phonetext wpcf7-text wpcf7-validates-as-phonetext\" aria-invalid=\"false\" value=\"\" type=\"text\" name=\"phonetext-462\" \/><input type=\"hidden\" name=\"phonetext-462-country-code\" class=\"wpcf7-phonetext-country-code\" \/><\/span> <\/label>\n<\/p>\n<p><label> Mensagem<br \/>\n<span class=\"wpcf7-form-control-wrap\" data-name=\"your-message\"><textarea cols=\"40\" rows=\"10\" maxlength=\"2000\" class=\"wpcf7-form-control wpcf7-textarea\" aria-invalid=\"false\" name=\"your-message\"><\/textarea><\/span> <\/label>\n<\/p>\n<p><input class=\"wpcf7-form-control wpcf7-submit has-spinner\" type=\"submit\" value=\"Enviar\" \/>\n<\/p><div class=\"wpcf7-response-output\" aria-hidden=\"true\"><\/div>\n<\/form>\n<\/div>\n[vc_row_inner][vc_column_inner][vc_column_text]N\u00e3o compartilhamos suas informa\u00e7\u00f5es pessoais com ningu\u00e9m. Confira nossa &#8220;pol\u00edtica de privacidade&#8221; para mais informa\u00e7\u00f5es[\/vc_column_text][\/vc_column_inner][\/vc_row_inner][\/vc_column][\/vc_row]<\/p>\n<\/div>","protected":false},"excerpt":{"rendered":"<p>\t\t\t\t<![CDATA[]]>\t\t<\/p>\n","protected":false},"author":1,"featured_media":17631,"parent":0,"menu_order":0,"comment_status":"closed","ping_status":"closed","template":"","meta":{"footnotes":""},"class_list":["post-18437","page","type-page","status-publish","has-post-thumbnail","hentry"],"yoast_head":"<!-- This site is optimized with the Yoast SEO Premium plugin v27.3 (Yoast SEO v27.3) - https:\/\/yoast.com\/product\/yoast-seo-premium-wordpress\/ -->\n<title>Sobre n\u00f3s - Sirplay<\/title>\n<meta name=\"description\" content=\"A Sirplay \u00e9 provedora de softwares de apostas esportivas com 15 anos de experi\u00eancia na ind\u00fastria de jogos de azar. Fornecemos casas de apostas, loterias\" \/>\n<meta name=\"robots\" content=\"index, follow, max-snippet:-1, max-image-preview:large, max-video-preview:-1\" \/>\n<link rel=\"canonical\" href=\"https:\/\/sirplay.com\/pt-br\/sobre-nos\/\" \/>\n<meta property=\"og:locale\" content=\"pt_BR\" \/>\n<meta property=\"og:type\" content=\"article\" \/>\n<meta property=\"og:title\" content=\"Sobre n\u00f3s\" \/>\n<meta property=\"og:description\" content=\"Sobre n\u00f3s\" \/>\n<meta property=\"og:url\" content=\"https:\/\/sirplay.com\/pt-br\/sobre-nos\/\" \/>\n<meta property=\"og:site_name\" content=\"Sirplay\" \/>\n<meta property=\"article:modified_time\" content=\"2024-06-09T09:46:35+00:00\" \/>\n<meta property=\"og:image\" content=\"https:\/\/sirplay.com\/wp-content\/uploads\/2021\/03\/Sirplay.jpg\" \/>\n\t<meta property=\"og:image:width\" content=\"576\" \/>\n\t<meta property=\"og:image:height\" content=\"378\" \/>\n\t<meta property=\"og:image:type\" content=\"image\/jpeg\" \/>\n<meta name=\"twitter:card\" content=\"summary_large_image\" \/>\n<meta name=\"twitter:site\" content=\"@sirplay\" \/>\n<meta name=\"twitter:label1\" content=\"Est. tempo de leitura\" \/>\n\t<meta name=\"twitter:data1\" content=\"5 minutos\" \/>\n<script type=\"application\/ld+json\" class=\"yoast-schema-graph\">{\"@context\":\"https:\\\/\\\/schema.org\",\"@graph\":[{\"@type\":\"WebPage\",\"@id\":\"https:\\\/\\\/sirplay.com\\\/pt-br\\\/sobre-nos\\\/\",\"url\":\"https:\\\/\\\/sirplay.com\\\/pt-br\\\/sobre-nos\\\/\",\"name\":\"Sobre n\u00f3s - Sirplay\",\"isPartOf\":{\"@id\":\"https:\\\/\\\/sirplay.com\\\/pt-br\\\/#website\"},\"primaryImageOfPage\":{\"@id\":\"https:\\\/\\\/sirplay.com\\\/pt-br\\\/sobre-nos\\\/#primaryimage\"},\"image\":{\"@id\":\"https:\\\/\\\/sirplay.com\\\/pt-br\\\/sobre-nos\\\/#primaryimage\"},\"thumbnailUrl\":\"https:\\\/\\\/sirplay.com\\\/wp-content\\\/uploads\\\/2021\\\/03\\\/Sirplay.jpg\",\"datePublished\":\"2021-05-10T14:26:20+00:00\",\"dateModified\":\"2024-06-09T09:46:35+00:00\",\"description\":\"A Sirplay \u00e9 provedora de softwares de apostas esportivas com 15 anos de experi\u00eancia na ind\u00fastria de jogos de azar. Fornecemos casas de apostas, loterias\",\"breadcrumb\":{\"@id\":\"https:\\\/\\\/sirplay.com\\\/pt-br\\\/sobre-nos\\\/#breadcrumb\"},\"inLanguage\":\"pt-BR\",\"potentialAction\":[{\"@type\":\"ReadAction\",\"target\":[\"https:\\\/\\\/sirplay.com\\\/pt-br\\\/sobre-nos\\\/\"]}]},{\"@type\":\"ImageObject\",\"inLanguage\":\"pt-BR\",\"@id\":\"https:\\\/\\\/sirplay.com\\\/pt-br\\\/sobre-nos\\\/#primaryimage\",\"url\":\"https:\\\/\\\/sirplay.com\\\/wp-content\\\/uploads\\\/2021\\\/03\\\/Sirplay.jpg\",\"contentUrl\":\"https:\\\/\\\/sirplay.com\\\/wp-content\\\/uploads\\\/2021\\\/03\\\/Sirplay.jpg\",\"width\":576,\"height\":378,\"caption\":\"sirplay\"},{\"@type\":\"BreadcrumbList\",\"@id\":\"https:\\\/\\\/sirplay.com\\\/pt-br\\\/sobre-nos\\\/#breadcrumb\",\"itemListElement\":[{\"@type\":\"ListItem\",\"position\":1,\"name\":\"Home\",\"item\":\"https:\\\/\\\/sirplay.com\\\/pt-br\\\/\"},{\"@type\":\"ListItem\",\"position\":2,\"name\":\"Sobre n\u00f3s\"}]},{\"@type\":\"WebSite\",\"@id\":\"https:\\\/\\\/sirplay.com\\\/pt-br\\\/#website\",\"url\":\"https:\\\/\\\/sirplay.com\\\/pt-br\\\/\",\"name\":\"Sportsbook software provider\",\"description\":\"Sports betting software online and Retail ssbts  - White label casino\",\"publisher\":{\"@id\":\"https:\\\/\\\/sirplay.com\\\/pt-br\\\/#organization\"},\"alternateName\":\"White label casino\",\"potentialAction\":[{\"@type\":\"SearchAction\",\"target\":{\"@type\":\"EntryPoint\",\"urlTemplate\":\"https:\\\/\\\/sirplay.com\\\/pt-br\\\/?s={search_term_string}\"},\"query-input\":{\"@type\":\"PropertyValueSpecification\",\"valueRequired\":true,\"valueName\":\"search_term_string\"}}],\"inLanguage\":\"pt-BR\"},{\"@type\":\"Organization\",\"@id\":\"https:\\\/\\\/sirplay.com\\\/pt-br\\\/#organization\",\"name\":\"Sirplay\",\"alternateName\":\"Sirplay white label\",\"url\":\"https:\\\/\\\/sirplay.com\\\/pt-br\\\/\",\"logo\":{\"@type\":\"ImageObject\",\"inLanguage\":\"pt-BR\",\"@id\":\"https:\\\/\\\/sirplay.com\\\/pt-br\\\/#\\\/schema\\\/logo\\\/image\\\/\",\"url\":\"https:\\\/\\\/sirplay.com\\\/wp-content\\\/uploads\\\/2021\\\/03\\\/cropped-sirplayICO.png\",\"contentUrl\":\"https:\\\/\\\/sirplay.com\\\/wp-content\\\/uploads\\\/2021\\\/03\\\/cropped-sirplayICO.png\",\"width\":512,\"height\":512,\"caption\":\"Sirplay\"},\"image\":{\"@id\":\"https:\\\/\\\/sirplay.com\\\/pt-br\\\/#\\\/schema\\\/logo\\\/image\\\/\"},\"sameAs\":[\"https:\\\/\\\/x.com\\\/sirplay\",\"https:\\\/\\\/www.linkedin.com\\\/company\\\/sirplay\",\"https:\\\/\\\/www.youtube.com\\\/user\\\/BookmakerSolutions\"]}]}<\/script>\n<!-- \/ Yoast SEO Premium plugin. -->","yoast_head_json":{"title":"Sobre n\u00f3s - Sirplay","description":"A Sirplay \u00e9 provedora de softwares de apostas esportivas com 15 anos de experi\u00eancia na ind\u00fastria de jogos de azar. Fornecemos casas de apostas, loterias","robots":{"index":"index","follow":"follow","max-snippet":"max-snippet:-1","max-image-preview":"max-image-preview:large","max-video-preview":"max-video-preview:-1"},"canonical":"https:\/\/sirplay.com\/pt-br\/sobre-nos\/","og_locale":"pt_BR","og_type":"article","og_title":"Sobre n\u00f3s","og_description":"Sobre n\u00f3s","og_url":"https:\/\/sirplay.com\/pt-br\/sobre-nos\/","og_site_name":"Sirplay","article_modified_time":"2024-06-09T09:46:35+00:00","og_image":[{"width":576,"height":378,"url":"https:\/\/sirplay.com\/wp-content\/uploads\/2021\/03\/Sirplay.jpg","type":"image\/jpeg"}],"twitter_card":"summary_large_image","twitter_site":"@sirplay","twitter_misc":{"Est. tempo de leitura":"5 minutos"},"schema":{"@context":"https:\/\/schema.org","@graph":[{"@type":"WebPage","@id":"https:\/\/sirplay.com\/pt-br\/sobre-nos\/","url":"https:\/\/sirplay.com\/pt-br\/sobre-nos\/","name":"Sobre n\u00f3s - Sirplay","isPartOf":{"@id":"https:\/\/sirplay.com\/pt-br\/#website"},"primaryImageOfPage":{"@id":"https:\/\/sirplay.com\/pt-br\/sobre-nos\/#primaryimage"},"image":{"@id":"https:\/\/sirplay.com\/pt-br\/sobre-nos\/#primaryimage"},"thumbnailUrl":"https:\/\/sirplay.com\/wp-content\/uploads\/2021\/03\/Sirplay.jpg","datePublished":"2021-05-10T14:26:20+00:00","dateModified":"2024-06-09T09:46:35+00:00","description":"A Sirplay \u00e9 provedora de softwares de apostas esportivas com 15 anos de experi\u00eancia na ind\u00fastria de jogos de azar. Fornecemos casas de apostas, loterias","breadcrumb":{"@id":"https:\/\/sirplay.com\/pt-br\/sobre-nos\/#breadcrumb"},"inLanguage":"pt-BR","potentialAction":[{"@type":"ReadAction","target":["https:\/\/sirplay.com\/pt-br\/sobre-nos\/"]}]},{"@type":"ImageObject","inLanguage":"pt-BR","@id":"https:\/\/sirplay.com\/pt-br\/sobre-nos\/#primaryimage","url":"https:\/\/sirplay.com\/wp-content\/uploads\/2021\/03\/Sirplay.jpg","contentUrl":"https:\/\/sirplay.com\/wp-content\/uploads\/2021\/03\/Sirplay.jpg","width":576,"height":378,"caption":"sirplay"},{"@type":"BreadcrumbList","@id":"https:\/\/sirplay.com\/pt-br\/sobre-nos\/#breadcrumb","itemListElement":[{"@type":"ListItem","position":1,"name":"Home","item":"https:\/\/sirplay.com\/pt-br\/"},{"@type":"ListItem","position":2,"name":"Sobre n\u00f3s"}]},{"@type":"WebSite","@id":"https:\/\/sirplay.com\/pt-br\/#website","url":"https:\/\/sirplay.com\/pt-br\/","name":"Sportsbook software provider","description":"Sports betting software online and Retail ssbts  - White label casino","publisher":{"@id":"https:\/\/sirplay.com\/pt-br\/#organization"},"alternateName":"White label casino","potentialAction":[{"@type":"SearchAction","target":{"@type":"EntryPoint","urlTemplate":"https:\/\/sirplay.com\/pt-br\/?s={search_term_string}"},"query-input":{"@type":"PropertyValueSpecification","valueRequired":true,"valueName":"search_term_string"}}],"inLanguage":"pt-BR"},{"@type":"Organization","@id":"https:\/\/sirplay.com\/pt-br\/#organization","name":"Sirplay","alternateName":"Sirplay white label","url":"https:\/\/sirplay.com\/pt-br\/","logo":{"@type":"ImageObject","inLanguage":"pt-BR","@id":"https:\/\/sirplay.com\/pt-br\/#\/schema\/logo\/image\/","url":"https:\/\/sirplay.com\/wp-content\/uploads\/2021\/03\/cropped-sirplayICO.png","contentUrl":"https:\/\/sirplay.com\/wp-content\/uploads\/2021\/03\/cropped-sirplayICO.png","width":512,"height":512,"caption":"Sirplay"},"image":{"@id":"https:\/\/sirplay.com\/pt-br\/#\/schema\/logo\/image\/"},"sameAs":["https:\/\/x.com\/sirplay","https:\/\/www.linkedin.com\/company\/sirplay","https:\/\/www.youtube.com\/user\/BookmakerSolutions"]}]}},"_links":{"self":[{"href":"https:\/\/sirplay.com\/pt-br\/wp-json\/wp\/v2\/pages\/18437","targetHints":{"allow":["GET"]}}],"collection":[{"href":"https:\/\/sirplay.com\/pt-br\/wp-json\/wp\/v2\/pages"}],"about":[{"href":"https:\/\/sirplay.com\/pt-br\/wp-json\/wp\/v2\/types\/page"}],"author":[{"embeddable":true,"href":"https:\/\/sirplay.com\/pt-br\/wp-json\/wp\/v2\/users\/1"}],"replies":[{"embeddable":true,"href":"https:\/\/sirplay.com\/pt-br\/wp-json\/wp\/v2\/comments?post=18437"}],"version-history":[{"count":6,"href":"https:\/\/sirplay.com\/pt-br\/wp-json\/wp\/v2\/pages\/18437\/revisions"}],"predecessor-version":[{"id":21561,"href":"https:\/\/sirplay.com\/pt-br\/wp-json\/wp\/v2\/pages\/18437\/revisions\/21561"}],"wp:featuredmedia":[{"embeddable":true,"href":"https:\/\/sirplay.com\/pt-br\/wp-json\/wp\/v2\/media\/17631"}],"wp:attachment":[{"href":"https:\/\/sirplay.com\/pt-br\/wp-json\/wp\/v2\/media?parent=18437"}],"curies":[{"name":"wp","href":"https:\/\/api.w.org\/{rel}","templated":true}]}}