{"id":18799,"date":"2021-06-03T17:42:32","date_gmt":"2021-06-03T17:42:32","guid":{"rendered":"https:\/\/sirplay.com\/terminais-de-apostas\/"},"modified":"2024-06-09T10:12:23","modified_gmt":"2024-06-09T10:12:23","slug":"terminais-de-apostas","status":"publish","type":"page","link":"https:\/\/sirplay.com\/pt-br\/terminais-de-apostas\/","title":{"rendered":"Terminais de apostas"},"content":{"rendered":"<div class=\"wpb-content-wrapper\"><p>[vc_row][vc_column][vc_column_text]<strong> Nosso software de apostas est\u00e1 pronto para vendas f\u00edsicas. S\u00e3o projetados para serem solu\u00e7\u00f5es multifuncionais <\/strong> estando conectado a uma <strong> impressora<\/strong>, um <strong> POS <\/strong>ou a um sistema Android.\u00a0 Nosso software de apostas pronto para usar.<\/p>\n<p>Para construir uma experi\u00eancia lucrativa e envolvente na loja, visite a se\u00e7\u00e3o Terminais de apostas esportivas: <a href=\"https:\/\/sirplay.com\/sports-betting-software\/retail-solutions\/\"> Plataforma Omnichannel para gerenciar v<\/a>endas de vajero<\/p>\n<p>Quando dizemos &#8211; A Sirplay \u00e9 a especialista em solu\u00e7\u00f5es de jogos que oferece o melhor, queremos dizer que tamb\u00e9m o fazemos para suas lojas de apostas.<\/p>\n<p>Eles podem caber na palma da sua m\u00e3o, o que significa que s\u00e3o <strong> perfeitos tamb\u00e9m para as menores casas de apostas<\/strong>.[\/vc_column_text][\/vc_column][\/vc_row][vc_row css=&#8221;.vc_custom_1541546704203{margin-top: 30px !important;margin-bottom: 100px !important;}&#8221;][vc_column][vc_row_inner css=&#8221;.vc_custom_1541538802692{margin-top: 65px !important;}&#8221;][vc_column_inner width=&#8221;1\/2&#8243;][vc_custom_heading text=&#8221;Terminais de apostas esportivas &#8220;tudo em um&#8220; para Android POS&#8221; font_container=&#8221;tag:h2|font_size:40px|text_align:left|color:%23a0c528|line_height:40px&#8221; use_theme_fonts=&#8221;yes&#8221; css_animation=&#8221;none&#8221; css=&#8221;.vc_custom_1625140584848{margin-top: 3px !important;margin-bottom: 35px !important;}&#8221;][vc_single_image image=&#8221;18593&#8243; img_size=&#8221;full&#8221; alignment=&#8221;center&#8221;][vc_column_text css_animation=&#8221;none&#8221; css=&#8221;.vc_custom_1621012798328{margin-bottom: 45px !important;}&#8221;]<\/p>\n<p style=\"max-width: 500px; margin-bottom: 30px;\"><strong> SO Android <\/strong> &#8211; \u00faltima vers\u00e3o<br \/>\nConectividade Wi-Fi + Rede 4g<br \/>\nDual Sim Card<br \/>\nLeitor de c\u00f3digo de barras<br \/>\nLCD de 5 \u2033<br \/>\nTeclado<br \/>\nMem\u00f3ria interna extens\u00edvel<br \/>\nLeitor de cart\u00e3o sem contato<br \/>\nC\u00e2mera de 5 MP[\/vc_column_text][vc_column_text css_animation=&#8221;none&#8221;]<\/p>\n<div class=\"niva-separator\" style=\"height: 4px; background: #A0C528; width: 60px; border-radius: 5px;\"><\/div>\n<p>[\/vc_column_text][\/vc_column_inner][vc_column_inner width=&#8221;1\/2&#8243; offset=&#8221;vc_hidden-xs&#8221; css=&#8221;.vc_custom_1621013239504{background-color: #a0c528 !important;}&#8221;][vc_single_image image=&#8221;18632&#8243; img_size=&#8221;full&#8221; alignment=&#8221;center&#8221;][vc_custom_heading text=&#8221;Terminais de apostas esportivas &#8220;tudo em um&#8220; andorid POS&#8221; font_container=&#8221;tag:h2|font_size:40px|text_align:left|color:%23ffffff|line_height:40px&#8221; use_theme_fonts=&#8221;yes&#8221; css_animation=&#8221;none&#8221; css=&#8221;.vc_custom_1625073954333{margin-top: 3px !important;margin-bottom: 35px !important;}&#8221;][vc_column_text]<\/p>\n<p style=\"color: #ffffff;\"><strong> Android <\/strong> \u00faltimo sistema operacional<br \/>\nBluetooth 4.0 integrado<br \/>\nConectividade Wi-Fi + rede 3g \/ 4g<br \/>\nImpressora t\u00e9rmica embutida de 58 mm<br \/>\nSuporta NFC \/ cart\u00f5es com chip \/ cart\u00f5es com banda magn\u00e9tica<br \/>\nLeitor de c\u00f3digo de barras 1D e 2D<br \/>\nGPS integrado<br \/>\nVisores duplos: tela sens\u00edvel ao toque e visor do cliente<br \/>\nLCD de 7 \u2033[\/vc_column_text][\/vc_column_inner][\/vc_row_inner][vc_row_inner css=&#8221;.vc_custom_1541538802692{margin-top: 65px !important;}&#8221;][vc_column_inner width=&#8221;1\/2&#8243; offset=&#8221;vc_hidden-xs&#8221; css=&#8221;.vc_custom_1621013239504{background-color: #a0c528 !important;}&#8221;][vc_single_image image=&#8221;18642&#8243; img_size=&#8221;full&#8221; alignment=&#8221;center&#8221;][vc_custom_heading text=&#8221;Mini impressora bluetooth port\u00e1til&#8221; font_container=&#8221;tag:h2|font_size:40px|text_align:left|color:%23ffffff|line_height:40px&#8221; use_theme_fonts=&#8221;yes&#8221; css_animation=&#8221;none&#8221; css=&#8221;.vc_custom_1621417419903{margin-top: 3px !important;margin-bottom: 35px !important;}&#8221;][vc_column_text]<\/p>\n<p style=\"color: #ffffff;\"><strong> Design de alta tecnologia <\/strong><br \/>\nMini dimens\u00f5es que cabem no seu bolso &#8211; 110 mm x 45 mm x 85 mm<br \/>\nConectividade Wi-Fi integrada com Bluetooth + rede 2g \/ 3g \/ 4g<br \/>\nSuporte para c\u00f3digo de barras 1d \/ 2d<br \/>\nImpressora t\u00e9rmica embutida, com autonomia de 10m![\/vc_column_text][\/vc_column_inner][vc_column_inner width=&#8221;1\/2&#8243;][vc_custom_heading text=&#8221;Mini impressora de tickets Android&#8221; font_container=&#8221;tag:h2|font_size:40px|text_align:left|color:%23a0c528|line_height:40px&#8221; use_theme_fonts=&#8221;yes&#8221; css_animation=&#8221;none&#8221; css=&#8221;.vc_custom_1621417910064{margin-top: 3px !important;margin-bottom: 35px !important;}&#8221;][vc_single_image image=&#8221;18652&#8243; img_size=&#8221;full&#8221; alignment=&#8221;center&#8221;][vc_column_text css_animation=&#8221;none&#8221; css=&#8221;.vc_custom_1621417966198{margin-bottom: 45px !important;}&#8221;]<\/p>\n<p style=\"max-width: 500px; margin-bottom: 30px;\"><strong> Android <\/strong> \u00faltimo sistema operacional<br \/>\nConectividade Wi-Fi + rede 3g \/ 4g<br \/>\nC\u00f3digo de barras 2D + leitor de c\u00f3digo QR integrado<br \/>\nImpressora t\u00e9rmica embutida de 58 mm<br \/>\nLCD de 5,5 \u2033<br \/>\nBateria 5200 mAh[\/vc_column_text][vc_column_text css_animation=&#8221;none&#8221;]<\/p>\n<div class=\"niva-separator\" style=\"height: 4px; background: #A0C528; width: 60px; border-radius: 5px;\"><\/div>\n<p>[\/vc_column_text][\/vc_column_inner][\/vc_row_inner][vc_row_inner css=&#8221;.vc_custom_1669818884487{margin-top: 65px !important;}&#8221; el_id=&#8221;contact&#8221;][vc_column_inner width=&#8221;1\/2&#8243;][vc_custom_heading text=&#8221;Impressora m\u00f3vel p\u00f3s t\u00e9rmica bluetooth&#8221; font_container=&#8221;tag:h2|font_size:40px|text_align:left|color:%23a0c528|line_height:40px&#8221; use_theme_fonts=&#8221;yes&#8221; css_animation=&#8221;none&#8221; css=&#8221;.vc_custom_1625074006401{margin-top: 3px !important;margin-bottom: 35px !important;}&#8221;][vc_single_image image=&#8221;18662&#8243; img_size=&#8221;full&#8221; alignment=&#8221;center&#8221;][vc_column_text css_animation=&#8221;none&#8221; css=&#8221;.vc_custom_1621418282987{margin-bottom: 45px !important;}&#8221;]<\/p>\n<p style=\"max-width: 500px; margin-bottom: 30px;\">Mecanismo de impress\u00e3o de <strong> 3 polegadas <\/strong> de largura<br \/>\nDimens\u00f5es de uma m\u00e3o<br \/>\nConectividade Wi-Fi + 2.0 \/ 3.0 Bluetooth<br \/>\nSuporte para c\u00f3digo de barras 2D<br \/>\n<strong> Impressora t\u00e9rmica 78\/58 mm embutida <\/strong><br \/>\nLeitor sem contato \/ magn\u00e9tico \/ cart\u00e3o inteligente[\/vc_column_text][vc_column_text css_animation=&#8221;none&#8221;]<\/p>\n<div class=\"niva-separator\" style=\"height: 4px; background: #A0C528; width: 60px; border-radius: 5px;\"><\/div>\n<p>[\/vc_column_text][vc_column_text]<img loading=\"lazy\" class=\"size-full wp-image-16975 aligncenter\" src=\"https:\/\/sirplay.com\/gaming-experts\/wp-content\/uploads\/2022\/06\/Skype_logo.png\" alt=\"Skype\" width=\"140\" height=\"63\" \/><\/p>\n<p style=\"text-align: center;\"><a href=\"skype:manager.sirplay?chat\">English<\/a>\u00a0\u00a0<a href=\"skype:anna.sirplay?chat\">Spanish<\/a>\u00a0\u00a0<a href=\"skype:anna.sirplay?chat\">Portugu\u00eas<\/a><\/p>\n<p>&nbsp;<\/p>\n<p style=\"text-align: center;\"><img loading=\"lazy\" class=\"size-full wp-image-16974 aligncenter\" src=\"https:\/\/sirplay.com\/gaming-experts\/wp-content\/uploads\/2022\/06\/Whatsapp.jpg\" alt=\"Whatsapp\" width=\"60\" height=\"60\" \/><\/p>\n<p style=\"text-align: center;\"><a href=\"https:\/\/api.whatsapp.com\/send?phone=35699972143&amp;text=More%20info\" target=\"_blank\" rel=\"noopener\">+39 3513960904<\/a><\/p>\n<p>[\/vc_column_text][\/vc_column_inner][vc_column_inner width=&#8221;1\/2&#8243; offset=&#8221;vc_hidden-xs&#8221; css=&#8221;.vc_custom_1621013239504{background-color: #a0c528 !important;}&#8221;][vc_custom_heading text=&#8221;Entre em contato para saber mais ou ter uma demonstra\u00e7\u00e3o dos melhores Terminais de Apostas do mercado.&#8221; font_container=&#8221;tag:h3|font_size:26px|text_align:left|color:%23ffffff|line_height:30px&#8221; use_theme_fonts=&#8221;yes&#8221; css_animation=&#8221;none&#8221; css=&#8221;.vc_custom_1669818990488{margin-top: 3px !important;margin-bottom: 35px !important;}&#8221;]\n<div class=\"wpcf7 no-js\" id=\"wpcf7-f18415-o1\" lang=\"pt-BR\" dir=\"ltr\" data-wpcf7-id=\"18415\">\n<div class=\"screen-reader-response\"><p role=\"status\" aria-live=\"polite\" aria-atomic=\"true\"><\/p> <ul><\/ul><\/div>\n<form action=\"\/pt-br\/wp-json\/wp\/v2\/pages\/18799#wpcf7-f18415-o1\" method=\"post\" class=\"wpcf7-form init\" aria-label=\"Formul\u00e1rios de contato\" novalidate=\"novalidate\" data-status=\"init\">\n<fieldset class=\"hidden-fields-container\"><input type=\"hidden\" name=\"_wpcf7\" value=\"18415\" \/><input type=\"hidden\" name=\"_wpcf7_version\" value=\"6.1.5\" \/><input type=\"hidden\" name=\"_wpcf7_locale\" value=\"pt_BR\" \/><input type=\"hidden\" name=\"_wpcf7_unit_tag\" value=\"wpcf7-f18415-o1\" \/><input type=\"hidden\" name=\"_wpcf7_container_post\" value=\"0\" \/><input type=\"hidden\" name=\"_wpcf7_posted_data_hash\" value=\"\" \/>\n<\/fieldset>\n<p><label> Nome completo<br \/>\n<span class=\"wpcf7-form-control-wrap\" data-name=\"your-name\"><input size=\"40\" maxlength=\"400\" class=\"wpcf7-form-control wpcf7-text wpcf7-validates-as-required\" aria-required=\"true\" aria-invalid=\"false\" value=\"\" type=\"text\" name=\"your-name\" \/><\/span> <\/label>\n<\/p>\n<p><label> Seu email<br \/>\n<span class=\"wpcf7-form-control-wrap\" data-name=\"your-email\"><input size=\"40\" maxlength=\"400\" class=\"wpcf7-form-control wpcf7-email wpcf7-validates-as-required wpcf7-text wpcf7-validates-as-email\" aria-required=\"true\" aria-invalid=\"false\" value=\"\" type=\"email\" name=\"your-email\" \/><\/span> <\/label>\n<\/p>\n<p><label> Pa\u00eds<br \/>\n<span class=\"wpcf7-form-control-wrap\" data-name=\"countrytext-54\"><input size=\"40\" class=\"wpcf7-form-control wpcf7-countrytext wpcf7-text wpcf7-validates-as-countrytext\" aria-invalid=\"false\" value=\"\" type=\"text\" name=\"countrytext-54\" \/><\/span> <\/label>\n<\/p>\n<p><label> N\u00famero de telefone<br \/>\n<span class=\"wpcf7-form-control-wrap\" data-name=\"phonetext-462\"><input size=\"40\" class=\"wpcf7-form-control wpcf7-phonetext wpcf7-text wpcf7-validates-as-phonetext\" aria-invalid=\"false\" value=\"\" type=\"text\" name=\"phonetext-462\" \/><input type=\"hidden\" name=\"phonetext-462-country-code\" class=\"wpcf7-phonetext-country-code\" \/><\/span> <\/label>\n<\/p>\n<p><label> Mensagem<br \/>\n<span class=\"wpcf7-form-control-wrap\" data-name=\"your-message\"><textarea cols=\"40\" rows=\"10\" maxlength=\"2000\" class=\"wpcf7-form-control wpcf7-textarea\" aria-invalid=\"false\" name=\"your-message\"><\/textarea><\/span> <\/label>\n<\/p>\n<p><input class=\"wpcf7-form-control wpcf7-submit has-spinner\" type=\"submit\" value=\"Enviar\" \/>\n<\/p><div class=\"wpcf7-response-output\" aria-hidden=\"true\"><\/div>\n<\/form>\n<\/div>\n[\/vc_column_inner][\/vc_row_inner][\/vc_column][\/vc_row][vc_row full_width=&#8221;stretch_row&#8221; css=&#8221;.vc_custom_1621418719491{margin-bottom: 0px !important;padding-top: 25px !important;padding-bottom: 25px !important;background-color: #a0c528 !important;}&#8221;][vc_column css=&#8221;.vc_custom_1538908117168{padding-top: 0px !important;}&#8221;][vc_custom_heading text=&#8221;Se voc\u00ea est\u00e1 procurando terminais para suas lojas de apostas ou terminais de autoatendimento para Cassino, visite nossa se\u00e7\u00e3o para solu\u00e7\u00f5es de varejo.&#8221; font_container=&#8221;tag:h3|font_size:22px|text_align:center|color:%23ffffff|line_height:24px&#8221; use_theme_fonts=&#8221;yes&#8221; css=&#8221;.vc_custom_1625140625687{margin-top: 0px !important;margin-bottom: 0px !important;}&#8221; link=&#8221;url:https%3A%2F%2Fsirplay.com%2Fsports-betting-software%2Fretail-solutions%2F|title:Solu%C3%A7%C3%B5es%20de%20varejo|target:_blank|&#8221;][\/vc_column][\/vc_row]<\/p>\n<\/div>","protected":false},"excerpt":{"rendered":"<p>[vc_row][vc_column][vc_column_text] Nosso software de apostas est\u00e1 pronto para vendas f\u00edsicas. S\u00e3o projetados para serem solu\u00e7\u00f5es multifuncionais estando conectado a uma impressora, um POS ou a um sistema Android.\u00a0 Nosso software de apostas pronto para usar. Para construir uma experi\u00eancia lucrativa e envolvente na loja, visite a se\u00e7\u00e3o Terminais de apostas esportivas: Plataforma Omnichannel para gerenciar [&hellip;]<\/p>\n","protected":false},"author":1,"featured_media":18662,"parent":0,"menu_order":0,"comment_status":"closed","ping_status":"closed","template":"","meta":{"footnotes":""},"class_list":["post-18799","page","type-page","status-publish","has-post-thumbnail","hentry"],"yoast_head":"<!-- This site is optimized with the Yoast SEO Premium plugin v27.3 (Yoast SEO v27.3) - https:\/\/yoast.com\/product\/yoast-seo-premium-wordpress\/ -->\n<title>Terminais de apostas - Sirplay<\/title>\n<meta name=\"description\" content=\"Para construir uma experi\u00eancia lucrativa e envolvente na loja, visite a se\u00e7\u00e3o Terminais de apostas esportivas: Plataforma Omnichannel para gerenciar\" \/>\n<meta name=\"robots\" content=\"index, follow, max-snippet:-1, max-image-preview:large, max-video-preview:-1\" \/>\n<link rel=\"canonical\" href=\"https:\/\/sirplay.com\/pt-br\/terminais-de-apostas\/\" \/>\n<meta property=\"og:locale\" content=\"pt_BR\" \/>\n<meta property=\"og:type\" content=\"article\" \/>\n<meta property=\"og:title\" content=\"Terminais de apostas\" \/>\n<meta property=\"og:description\" content=\"Terminais de apostas\" \/>\n<meta property=\"og:url\" content=\"https:\/\/sirplay.com\/pt-br\/terminais-de-apostas\/\" \/>\n<meta property=\"og:site_name\" content=\"Sirplay\" \/>\n<meta property=\"article:modified_time\" content=\"2024-06-09T10:12:23+00:00\" \/>\n<meta property=\"og:image\" content=\"https:\/\/sirplay.com\/wp-content\/uploads\/2021\/05\/mobile-pos-thermal-bluetooth-printer.png\" \/>\n\t<meta property=\"og:image:width\" content=\"382\" \/>\n\t<meta property=\"og:image:height\" content=\"306\" \/>\n\t<meta property=\"og:image:type\" content=\"image\/png\" \/>\n<meta name=\"twitter:card\" content=\"summary_large_image\" \/>\n<meta name=\"twitter:site\" content=\"@sirplay\" \/>\n<meta name=\"twitter:label1\" content=\"Est. tempo de leitura\" \/>\n\t<meta name=\"twitter:data1\" content=\"3 minutos\" \/>\n<script type=\"application\/ld+json\" class=\"yoast-schema-graph\">{\"@context\":\"https:\\\/\\\/schema.org\",\"@graph\":[{\"@type\":\"WebPage\",\"@id\":\"https:\\\/\\\/sirplay.com\\\/pt-br\\\/terminais-de-apostas\\\/\",\"url\":\"https:\\\/\\\/sirplay.com\\\/pt-br\\\/terminais-de-apostas\\\/\",\"name\":\"Terminais de apostas - Sirplay\",\"isPartOf\":{\"@id\":\"https:\\\/\\\/sirplay.com\\\/pt-br\\\/#website\"},\"primaryImageOfPage\":{\"@id\":\"https:\\\/\\\/sirplay.com\\\/pt-br\\\/terminais-de-apostas\\\/#primaryimage\"},\"image\":{\"@id\":\"https:\\\/\\\/sirplay.com\\\/pt-br\\\/terminais-de-apostas\\\/#primaryimage\"},\"thumbnailUrl\":\"https:\\\/\\\/sirplay.com\\\/wp-content\\\/uploads\\\/2021\\\/05\\\/mobile-pos-thermal-bluetooth-printer.png\",\"datePublished\":\"2021-06-03T17:42:32+00:00\",\"dateModified\":\"2024-06-09T10:12:23+00:00\",\"description\":\"Para construir uma experi\u00eancia lucrativa e envolvente na loja, visite a se\u00e7\u00e3o Terminais de apostas esportivas: Plataforma Omnichannel para gerenciar\",\"breadcrumb\":{\"@id\":\"https:\\\/\\\/sirplay.com\\\/pt-br\\\/terminais-de-apostas\\\/#breadcrumb\"},\"inLanguage\":\"pt-BR\",\"potentialAction\":[{\"@type\":\"ReadAction\",\"target\":[\"https:\\\/\\\/sirplay.com\\\/pt-br\\\/terminais-de-apostas\\\/\"]}]},{\"@type\":\"ImageObject\",\"inLanguage\":\"pt-BR\",\"@id\":\"https:\\\/\\\/sirplay.com\\\/pt-br\\\/terminais-de-apostas\\\/#primaryimage\",\"url\":\"https:\\\/\\\/sirplay.com\\\/wp-content\\\/uploads\\\/2021\\\/05\\\/mobile-pos-thermal-bluetooth-printer.png\",\"contentUrl\":\"https:\\\/\\\/sirplay.com\\\/wp-content\\\/uploads\\\/2021\\\/05\\\/mobile-pos-thermal-bluetooth-printer.png\",\"width\":382,\"height\":306,\"caption\":\"impressora m\u00f3vel pos t\u00e9rmica bluetooth\"},{\"@type\":\"BreadcrumbList\",\"@id\":\"https:\\\/\\\/sirplay.com\\\/pt-br\\\/terminais-de-apostas\\\/#breadcrumb\",\"itemListElement\":[{\"@type\":\"ListItem\",\"position\":1,\"name\":\"Home\",\"item\":\"https:\\\/\\\/sirplay.com\\\/pt-br\\\/\"},{\"@type\":\"ListItem\",\"position\":2,\"name\":\"Terminais de apostas\"}]},{\"@type\":\"WebSite\",\"@id\":\"https:\\\/\\\/sirplay.com\\\/pt-br\\\/#website\",\"url\":\"https:\\\/\\\/sirplay.com\\\/pt-br\\\/\",\"name\":\"Sportsbook software provider\",\"description\":\"Sports betting software online and Retail ssbts  - White label casino\",\"publisher\":{\"@id\":\"https:\\\/\\\/sirplay.com\\\/pt-br\\\/#organization\"},\"alternateName\":\"White label casino\",\"potentialAction\":[{\"@type\":\"SearchAction\",\"target\":{\"@type\":\"EntryPoint\",\"urlTemplate\":\"https:\\\/\\\/sirplay.com\\\/pt-br\\\/?s={search_term_string}\"},\"query-input\":{\"@type\":\"PropertyValueSpecification\",\"valueRequired\":true,\"valueName\":\"search_term_string\"}}],\"inLanguage\":\"pt-BR\"},{\"@type\":\"Organization\",\"@id\":\"https:\\\/\\\/sirplay.com\\\/pt-br\\\/#organization\",\"name\":\"Sirplay\",\"alternateName\":\"Sirplay white label\",\"url\":\"https:\\\/\\\/sirplay.com\\\/pt-br\\\/\",\"logo\":{\"@type\":\"ImageObject\",\"inLanguage\":\"pt-BR\",\"@id\":\"https:\\\/\\\/sirplay.com\\\/pt-br\\\/#\\\/schema\\\/logo\\\/image\\\/\",\"url\":\"https:\\\/\\\/sirplay.com\\\/wp-content\\\/uploads\\\/2021\\\/03\\\/cropped-sirplayICO.png\",\"contentUrl\":\"https:\\\/\\\/sirplay.com\\\/wp-content\\\/uploads\\\/2021\\\/03\\\/cropped-sirplayICO.png\",\"width\":512,\"height\":512,\"caption\":\"Sirplay\"},\"image\":{\"@id\":\"https:\\\/\\\/sirplay.com\\\/pt-br\\\/#\\\/schema\\\/logo\\\/image\\\/\"},\"sameAs\":[\"https:\\\/\\\/x.com\\\/sirplay\",\"https:\\\/\\\/www.linkedin.com\\\/company\\\/sirplay\",\"https:\\\/\\\/www.youtube.com\\\/user\\\/BookmakerSolutions\"]}]}<\/script>\n<!-- \/ Yoast SEO Premium plugin. -->","yoast_head_json":{"title":"Terminais de apostas - Sirplay","description":"Para construir uma experi\u00eancia lucrativa e envolvente na loja, visite a se\u00e7\u00e3o Terminais de apostas esportivas: Plataforma Omnichannel para gerenciar","robots":{"index":"index","follow":"follow","max-snippet":"max-snippet:-1","max-image-preview":"max-image-preview:large","max-video-preview":"max-video-preview:-1"},"canonical":"https:\/\/sirplay.com\/pt-br\/terminais-de-apostas\/","og_locale":"pt_BR","og_type":"article","og_title":"Terminais de apostas","og_description":"Terminais de apostas","og_url":"https:\/\/sirplay.com\/pt-br\/terminais-de-apostas\/","og_site_name":"Sirplay","article_modified_time":"2024-06-09T10:12:23+00:00","og_image":[{"width":382,"height":306,"url":"https:\/\/sirplay.com\/wp-content\/uploads\/2021\/05\/mobile-pos-thermal-bluetooth-printer.png","type":"image\/png"}],"twitter_card":"summary_large_image","twitter_site":"@sirplay","twitter_misc":{"Est. tempo de leitura":"3 minutos"},"schema":{"@context":"https:\/\/schema.org","@graph":[{"@type":"WebPage","@id":"https:\/\/sirplay.com\/pt-br\/terminais-de-apostas\/","url":"https:\/\/sirplay.com\/pt-br\/terminais-de-apostas\/","name":"Terminais de apostas - Sirplay","isPartOf":{"@id":"https:\/\/sirplay.com\/pt-br\/#website"},"primaryImageOfPage":{"@id":"https:\/\/sirplay.com\/pt-br\/terminais-de-apostas\/#primaryimage"},"image":{"@id":"https:\/\/sirplay.com\/pt-br\/terminais-de-apostas\/#primaryimage"},"thumbnailUrl":"https:\/\/sirplay.com\/wp-content\/uploads\/2021\/05\/mobile-pos-thermal-bluetooth-printer.png","datePublished":"2021-06-03T17:42:32+00:00","dateModified":"2024-06-09T10:12:23+00:00","description":"Para construir uma experi\u00eancia lucrativa e envolvente na loja, visite a se\u00e7\u00e3o Terminais de apostas esportivas: Plataforma Omnichannel para gerenciar","breadcrumb":{"@id":"https:\/\/sirplay.com\/pt-br\/terminais-de-apostas\/#breadcrumb"},"inLanguage":"pt-BR","potentialAction":[{"@type":"ReadAction","target":["https:\/\/sirplay.com\/pt-br\/terminais-de-apostas\/"]}]},{"@type":"ImageObject","inLanguage":"pt-BR","@id":"https:\/\/sirplay.com\/pt-br\/terminais-de-apostas\/#primaryimage","url":"https:\/\/sirplay.com\/wp-content\/uploads\/2021\/05\/mobile-pos-thermal-bluetooth-printer.png","contentUrl":"https:\/\/sirplay.com\/wp-content\/uploads\/2021\/05\/mobile-pos-thermal-bluetooth-printer.png","width":382,"height":306,"caption":"impressora m\u00f3vel pos t\u00e9rmica bluetooth"},{"@type":"BreadcrumbList","@id":"https:\/\/sirplay.com\/pt-br\/terminais-de-apostas\/#breadcrumb","itemListElement":[{"@type":"ListItem","position":1,"name":"Home","item":"https:\/\/sirplay.com\/pt-br\/"},{"@type":"ListItem","position":2,"name":"Terminais de apostas"}]},{"@type":"WebSite","@id":"https:\/\/sirplay.com\/pt-br\/#website","url":"https:\/\/sirplay.com\/pt-br\/","name":"Sportsbook software provider","description":"Sports betting software online and Retail ssbts  - White label casino","publisher":{"@id":"https:\/\/sirplay.com\/pt-br\/#organization"},"alternateName":"White label casino","potentialAction":[{"@type":"SearchAction","target":{"@type":"EntryPoint","urlTemplate":"https:\/\/sirplay.com\/pt-br\/?s={search_term_string}"},"query-input":{"@type":"PropertyValueSpecification","valueRequired":true,"valueName":"search_term_string"}}],"inLanguage":"pt-BR"},{"@type":"Organization","@id":"https:\/\/sirplay.com\/pt-br\/#organization","name":"Sirplay","alternateName":"Sirplay white label","url":"https:\/\/sirplay.com\/pt-br\/","logo":{"@type":"ImageObject","inLanguage":"pt-BR","@id":"https:\/\/sirplay.com\/pt-br\/#\/schema\/logo\/image\/","url":"https:\/\/sirplay.com\/wp-content\/uploads\/2021\/03\/cropped-sirplayICO.png","contentUrl":"https:\/\/sirplay.com\/wp-content\/uploads\/2021\/03\/cropped-sirplayICO.png","width":512,"height":512,"caption":"Sirplay"},"image":{"@id":"https:\/\/sirplay.com\/pt-br\/#\/schema\/logo\/image\/"},"sameAs":["https:\/\/x.com\/sirplay","https:\/\/www.linkedin.com\/company\/sirplay","https:\/\/www.youtube.com\/user\/BookmakerSolutions"]}]}},"_links":{"self":[{"href":"https:\/\/sirplay.com\/pt-br\/wp-json\/wp\/v2\/pages\/18799","targetHints":{"allow":["GET"]}}],"collection":[{"href":"https:\/\/sirplay.com\/pt-br\/wp-json\/wp\/v2\/pages"}],"about":[{"href":"https:\/\/sirplay.com\/pt-br\/wp-json\/wp\/v2\/types\/page"}],"author":[{"embeddable":true,"href":"https:\/\/sirplay.com\/pt-br\/wp-json\/wp\/v2\/users\/1"}],"replies":[{"embeddable":true,"href":"https:\/\/sirplay.com\/pt-br\/wp-json\/wp\/v2\/comments?post=18799"}],"version-history":[{"count":4,"href":"https:\/\/sirplay.com\/pt-br\/wp-json\/wp\/v2\/pages\/18799\/revisions"}],"predecessor-version":[{"id":21564,"href":"https:\/\/sirplay.com\/pt-br\/wp-json\/wp\/v2\/pages\/18799\/revisions\/21564"}],"wp:featuredmedia":[{"embeddable":true,"href":"https:\/\/sirplay.com\/pt-br\/wp-json\/wp\/v2\/media\/18662"}],"wp:attachment":[{"href":"https:\/\/sirplay.com\/pt-br\/wp-json\/wp\/v2\/media?parent=18799"}],"curies":[{"name":"wp","href":"https:\/\/api.w.org\/{rel}","templated":true}]}}