{"id":18967,"date":"2021-06-11T11:24:40","date_gmt":"2021-06-11T11:24:40","guid":{"rendered":"https:\/\/sirplay.com\/politica-de-privacidade-do-sirplay\/"},"modified":"2024-06-09T09:44:51","modified_gmt":"2024-06-09T09:44:51","slug":"politica-de-privacidade-do-sirplay","status":"publish","type":"page","link":"https:\/\/sirplay.com\/pt-br\/politica-de-privacidade-do-sirplay\/","title":{"rendered":"Pol\u00edtica de privacidade do Sirplay"},"content":{"rendered":"<div class=\"wpb-content-wrapper\"><p>[vc_row][vc_column][vc_column_text]<\/p>\n<p><strong> SIRPLAY <\/strong><\/p>\n<p><strong> POL\u00cdTICA DE PRIVACIDADE <\/strong><\/p>\n<p>Sua privacidade \u00e9 importante para n\u00f3s. \u00c9 pol\u00edtica da Sirplay ltd respeitar sua privacidade em rela\u00e7\u00e3o a qualquer informa\u00e7\u00e3o que possamos coletar de voc\u00ea em nosso site, http:\/\/sirplay.com e em outros sites que possu\u00edmos e operamos.<\/p>\n<p>Solicitamos informa\u00e7\u00f5es pessoais apenas quando realmente precisamos delas para prestar um servi\u00e7o a voc\u00ea. N\u00f3s os recolhemos por meios justos e legais, com o seu conhecimento e consentimento. Tamb\u00e9m informamos por que o estamos coletando e como ele ser\u00e1 usado.<\/p>\n<p>N\u00f3s apenas retemos as informa\u00e7\u00f5es coletadas pelo tempo necess\u00e1rio para lhe fornecer o servi\u00e7o solicitado. Os dados que armazenamos, protegeremos dentro de meios comercialmente aceit\u00e1veis \u200b\u200bpara evitar perda e roubo, bem como acesso n\u00e3o autorizado, divulga\u00e7\u00e3o, c\u00f3pia, uso ou modifica\u00e7\u00e3o.<\/p>\n<p>N\u00e3o compartilhamos nenhuma informa\u00e7\u00e3o de identifica\u00e7\u00e3o pessoal publicamente ou com terceiros, exceto quando exigido por lei.<\/p>\n<p>Nosso site pode conter links para sites externos que n\u00e3o s\u00e3o operados por n\u00f3s. Esteja ciente de que n\u00e3o temos controle sobre o conte\u00fado e as pr\u00e1ticas desses sites, e n\u00e3o podemos aceitar responsabilidade ou obriga\u00e7\u00e3o por suas respectivas pol\u00edticas de privacidade.<\/p>\n<p>Voc\u00ea \u00e9 livre para recusar nosso pedido de suas informa\u00e7\u00f5es pessoais, com o entendimento de que podemos n\u00e3o ser capazes de lhe fornecer alguns dos servi\u00e7os desejados.<\/p>\n<p>Seu uso continuado de nosso website ser\u00e1 considerado como aceita\u00e7\u00e3o de nossas pr\u00e1ticas em rela\u00e7\u00e3o \u00e0 privacidade e informa\u00e7\u00f5es pessoais. Se voc\u00ea tiver alguma d\u00favida sobre como lidamos com os dados do usu\u00e1rio e informa\u00e7\u00f5es pessoais, n\u00e3o hesite em contactar-nos.<\/p>\n<p>Esta pol\u00edtica entra em vigor em 1\u00ba de dezembro de 2018.<\/p>\n<p>[\/vc_column_text][\/vc_column][\/vc_row]<\/p>\n<\/div>","protected":false},"excerpt":{"rendered":"<p>[vc_row][vc_column][vc_column_text] SIRPLAY POL\u00cdTICA DE PRIVACIDADE Sua privacidade \u00e9 importante para n\u00f3s. \u00c9 pol\u00edtica da Sirplay ltd respeitar sua privacidade em rela\u00e7\u00e3o a qualquer informa\u00e7\u00e3o que possamos coletar de voc\u00ea em nosso site, http:\/\/sirplay.com e em outros sites que possu\u00edmos e operamos. Solicitamos informa\u00e7\u00f5es pessoais apenas quando realmente precisamos delas para prestar um servi\u00e7o a voc\u00ea. [&hellip;]<\/p>\n","protected":false},"author":1,"featured_media":0,"parent":0,"menu_order":0,"comment_status":"closed","ping_status":"closed","template":"","meta":{"footnotes":""},"class_list":["post-18967","page","type-page","status-publish","hentry"],"yoast_head":"<!-- This site is optimized with the Yoast SEO Premium plugin v27.3 (Yoast SEO v27.3) - https:\/\/yoast.com\/product\/yoast-seo-premium-wordpress\/ -->\n<title>Pol\u00edtica de privacidade do Sirplay - Sirplay<\/title>\n<meta name=\"description\" content=\"Sua privacidade \u00e9 importante para n\u00f3s. \u00c9 pol\u00edtica da Sirplay ltd respeitar sua privacidade em rela\u00e7\u00e3o a qualquer informa\u00e7\u00e3o que possamos coletar de voc\u00ea\" \/>\n<meta name=\"robots\" content=\"index, follow, max-snippet:-1, max-image-preview:large, max-video-preview:-1\" \/>\n<link rel=\"canonical\" href=\"https:\/\/sirplay.com\/pt-br\/politica-de-privacidade-do-sirplay\/\" \/>\n<meta property=\"og:locale\" content=\"pt_BR\" \/>\n<meta property=\"og:type\" content=\"article\" \/>\n<meta property=\"og:title\" content=\"Pol\u00edtica de privacidade do Sirplay\" \/>\n<meta property=\"og:description\" content=\"Pol\u00edtica de privacidade do Sirplay\" \/>\n<meta property=\"og:url\" content=\"https:\/\/sirplay.com\/pt-br\/politica-de-privacidade-do-sirplay\/\" \/>\n<meta property=\"og:site_name\" content=\"Sirplay\" \/>\n<meta property=\"article:modified_time\" content=\"2024-06-09T09:44:51+00:00\" \/>\n<meta property=\"og:image\" content=\"https:\/\/sirplay.com\/wp-content\/uploads\/2026\/02\/sirplay.com-social.jpg\" \/>\n\t<meta property=\"og:image:width\" content=\"1696\" \/>\n\t<meta property=\"og:image:height\" content=\"608\" \/>\n\t<meta property=\"og:image:type\" content=\"image\/jpeg\" \/>\n<meta name=\"twitter:card\" content=\"summary_large_image\" \/>\n<meta name=\"twitter:site\" content=\"@sirplay\" \/>\n<meta name=\"twitter:label1\" content=\"Est. tempo de leitura\" \/>\n\t<meta name=\"twitter:data1\" content=\"2 minutos\" \/>\n<script type=\"application\/ld+json\" class=\"yoast-schema-graph\">{\"@context\":\"https:\\\/\\\/schema.org\",\"@graph\":[{\"@type\":\"WebPage\",\"@id\":\"https:\\\/\\\/sirplay.com\\\/pt-br\\\/politica-de-privacidade-do-sirplay\\\/\",\"url\":\"https:\\\/\\\/sirplay.com\\\/pt-br\\\/politica-de-privacidade-do-sirplay\\\/\",\"name\":\"Pol\u00edtica de privacidade do Sirplay - Sirplay\",\"isPartOf\":{\"@id\":\"https:\\\/\\\/sirplay.com\\\/pt-br\\\/#website\"},\"datePublished\":\"2021-06-11T11:24:40+00:00\",\"dateModified\":\"2024-06-09T09:44:51+00:00\",\"description\":\"Sua privacidade \u00e9 importante para n\u00f3s. \u00c9 pol\u00edtica da Sirplay ltd respeitar sua privacidade em rela\u00e7\u00e3o a qualquer informa\u00e7\u00e3o que possamos coletar de voc\u00ea\",\"breadcrumb\":{\"@id\":\"https:\\\/\\\/sirplay.com\\\/pt-br\\\/politica-de-privacidade-do-sirplay\\\/#breadcrumb\"},\"inLanguage\":\"pt-BR\",\"potentialAction\":[{\"@type\":\"ReadAction\",\"target\":[\"https:\\\/\\\/sirplay.com\\\/pt-br\\\/politica-de-privacidade-do-sirplay\\\/\"]}]},{\"@type\":\"BreadcrumbList\",\"@id\":\"https:\\\/\\\/sirplay.com\\\/pt-br\\\/politica-de-privacidade-do-sirplay\\\/#breadcrumb\",\"itemListElement\":[{\"@type\":\"ListItem\",\"position\":1,\"name\":\"Home\",\"item\":\"https:\\\/\\\/sirplay.com\\\/pt-br\\\/\"},{\"@type\":\"ListItem\",\"position\":2,\"name\":\"Pol\u00edtica de privacidade do Sirplay\"}]},{\"@type\":\"WebSite\",\"@id\":\"https:\\\/\\\/sirplay.com\\\/pt-br\\\/#website\",\"url\":\"https:\\\/\\\/sirplay.com\\\/pt-br\\\/\",\"name\":\"Sportsbook software provider\",\"description\":\"Sports betting software online and Retail ssbts  - White label casino\",\"publisher\":{\"@id\":\"https:\\\/\\\/sirplay.com\\\/pt-br\\\/#organization\"},\"alternateName\":\"White label casino\",\"potentialAction\":[{\"@type\":\"SearchAction\",\"target\":{\"@type\":\"EntryPoint\",\"urlTemplate\":\"https:\\\/\\\/sirplay.com\\\/pt-br\\\/?s={search_term_string}\"},\"query-input\":{\"@type\":\"PropertyValueSpecification\",\"valueRequired\":true,\"valueName\":\"search_term_string\"}}],\"inLanguage\":\"pt-BR\"},{\"@type\":\"Organization\",\"@id\":\"https:\\\/\\\/sirplay.com\\\/pt-br\\\/#organization\",\"name\":\"Sirplay\",\"alternateName\":\"Sirplay white label\",\"url\":\"https:\\\/\\\/sirplay.com\\\/pt-br\\\/\",\"logo\":{\"@type\":\"ImageObject\",\"inLanguage\":\"pt-BR\",\"@id\":\"https:\\\/\\\/sirplay.com\\\/pt-br\\\/#\\\/schema\\\/logo\\\/image\\\/\",\"url\":\"https:\\\/\\\/sirplay.com\\\/wp-content\\\/uploads\\\/2021\\\/03\\\/cropped-sirplayICO.png\",\"contentUrl\":\"https:\\\/\\\/sirplay.com\\\/wp-content\\\/uploads\\\/2021\\\/03\\\/cropped-sirplayICO.png\",\"width\":512,\"height\":512,\"caption\":\"Sirplay\"},\"image\":{\"@id\":\"https:\\\/\\\/sirplay.com\\\/pt-br\\\/#\\\/schema\\\/logo\\\/image\\\/\"},\"sameAs\":[\"https:\\\/\\\/x.com\\\/sirplay\",\"https:\\\/\\\/www.linkedin.com\\\/company\\\/sirplay\",\"https:\\\/\\\/www.youtube.com\\\/user\\\/BookmakerSolutions\"]}]}<\/script>\n<!-- \/ Yoast SEO Premium plugin. -->","yoast_head_json":{"title":"Pol\u00edtica de privacidade do Sirplay - Sirplay","description":"Sua privacidade \u00e9 importante para n\u00f3s. \u00c9 pol\u00edtica da Sirplay ltd respeitar sua privacidade em rela\u00e7\u00e3o a qualquer informa\u00e7\u00e3o que possamos coletar de voc\u00ea","robots":{"index":"index","follow":"follow","max-snippet":"max-snippet:-1","max-image-preview":"max-image-preview:large","max-video-preview":"max-video-preview:-1"},"canonical":"https:\/\/sirplay.com\/pt-br\/politica-de-privacidade-do-sirplay\/","og_locale":"pt_BR","og_type":"article","og_title":"Pol\u00edtica de privacidade do Sirplay","og_description":"Pol\u00edtica de privacidade do Sirplay","og_url":"https:\/\/sirplay.com\/pt-br\/politica-de-privacidade-do-sirplay\/","og_site_name":"Sirplay","article_modified_time":"2024-06-09T09:44:51+00:00","og_image":[{"width":1696,"height":608,"url":"https:\/\/sirplay.com\/wp-content\/uploads\/2026\/02\/sirplay.com-social.jpg","type":"image\/jpeg"}],"twitter_card":"summary_large_image","twitter_site":"@sirplay","twitter_misc":{"Est. tempo de leitura":"2 minutos"},"schema":{"@context":"https:\/\/schema.org","@graph":[{"@type":"WebPage","@id":"https:\/\/sirplay.com\/pt-br\/politica-de-privacidade-do-sirplay\/","url":"https:\/\/sirplay.com\/pt-br\/politica-de-privacidade-do-sirplay\/","name":"Pol\u00edtica de privacidade do Sirplay - Sirplay","isPartOf":{"@id":"https:\/\/sirplay.com\/pt-br\/#website"},"datePublished":"2021-06-11T11:24:40+00:00","dateModified":"2024-06-09T09:44:51+00:00","description":"Sua privacidade \u00e9 importante para n\u00f3s. \u00c9 pol\u00edtica da Sirplay ltd respeitar sua privacidade em rela\u00e7\u00e3o a qualquer informa\u00e7\u00e3o que possamos coletar de voc\u00ea","breadcrumb":{"@id":"https:\/\/sirplay.com\/pt-br\/politica-de-privacidade-do-sirplay\/#breadcrumb"},"inLanguage":"pt-BR","potentialAction":[{"@type":"ReadAction","target":["https:\/\/sirplay.com\/pt-br\/politica-de-privacidade-do-sirplay\/"]}]},{"@type":"BreadcrumbList","@id":"https:\/\/sirplay.com\/pt-br\/politica-de-privacidade-do-sirplay\/#breadcrumb","itemListElement":[{"@type":"ListItem","position":1,"name":"Home","item":"https:\/\/sirplay.com\/pt-br\/"},{"@type":"ListItem","position":2,"name":"Pol\u00edtica de privacidade do Sirplay"}]},{"@type":"WebSite","@id":"https:\/\/sirplay.com\/pt-br\/#website","url":"https:\/\/sirplay.com\/pt-br\/","name":"Sportsbook software provider","description":"Sports betting software online and Retail ssbts  - White label casino","publisher":{"@id":"https:\/\/sirplay.com\/pt-br\/#organization"},"alternateName":"White label casino","potentialAction":[{"@type":"SearchAction","target":{"@type":"EntryPoint","urlTemplate":"https:\/\/sirplay.com\/pt-br\/?s={search_term_string}"},"query-input":{"@type":"PropertyValueSpecification","valueRequired":true,"valueName":"search_term_string"}}],"inLanguage":"pt-BR"},{"@type":"Organization","@id":"https:\/\/sirplay.com\/pt-br\/#organization","name":"Sirplay","alternateName":"Sirplay white label","url":"https:\/\/sirplay.com\/pt-br\/","logo":{"@type":"ImageObject","inLanguage":"pt-BR","@id":"https:\/\/sirplay.com\/pt-br\/#\/schema\/logo\/image\/","url":"https:\/\/sirplay.com\/wp-content\/uploads\/2021\/03\/cropped-sirplayICO.png","contentUrl":"https:\/\/sirplay.com\/wp-content\/uploads\/2021\/03\/cropped-sirplayICO.png","width":512,"height":512,"caption":"Sirplay"},"image":{"@id":"https:\/\/sirplay.com\/pt-br\/#\/schema\/logo\/image\/"},"sameAs":["https:\/\/x.com\/sirplay","https:\/\/www.linkedin.com\/company\/sirplay","https:\/\/www.youtube.com\/user\/BookmakerSolutions"]}]}},"_links":{"self":[{"href":"https:\/\/sirplay.com\/pt-br\/wp-json\/wp\/v2\/pages\/18967","targetHints":{"allow":["GET"]}}],"collection":[{"href":"https:\/\/sirplay.com\/pt-br\/wp-json\/wp\/v2\/pages"}],"about":[{"href":"https:\/\/sirplay.com\/pt-br\/wp-json\/wp\/v2\/types\/page"}],"author":[{"embeddable":true,"href":"https:\/\/sirplay.com\/pt-br\/wp-json\/wp\/v2\/users\/1"}],"replies":[{"embeddable":true,"href":"https:\/\/sirplay.com\/pt-br\/wp-json\/wp\/v2\/comments?post=18967"}],"version-history":[{"count":1,"href":"https:\/\/sirplay.com\/pt-br\/wp-json\/wp\/v2\/pages\/18967\/revisions"}],"predecessor-version":[{"id":21560,"href":"https:\/\/sirplay.com\/pt-br\/wp-json\/wp\/v2\/pages\/18967\/revisions\/21560"}],"wp:attachment":[{"href":"https:\/\/sirplay.com\/pt-br\/wp-json\/wp\/v2\/media?parent=18967"}],"curies":[{"name":"wp","href":"https:\/\/api.w.org\/{rel}","templated":true}]}}