{"id":19099,"date":"2021-06-15T17:30:03","date_gmt":"2021-06-15T17:30:03","guid":{"rendered":"https:\/\/sirplay.com\/fornecedor-de-software-de-apostas-esportivas\/"},"modified":"2024-06-09T09:40:09","modified_gmt":"2024-06-09T09:40:09","slug":"fornecedor-de-software-de-apostas-esportivas","status":"publish","type":"page","link":"https:\/\/sirplay.com\/pt-br\/fornecedor-de-software-de-apostas-esportivas\/","title":{"rendered":"Provedor de software de apostas esportivas"},"content":{"rendered":"<div class=\"wpb-content-wrapper\"><p>[vc_row css=&#8221;.vc_custom_1542122107794{margin-bottom: 0px !important;padding-top: 80px !important;padding-bottom: 100px !important;}&#8221;][vc_column width=&#8221;1\/2&#8243; css=&#8221;.vc_custom_1623768243150{margin-top: 10px !important;margin-bottom: 50px !important;}&#8221; offset=&#8221;vc_col-xs-12&#8243;]<script>\n                jQuery(function(){\n                    jQuery(\".mt_typed_text_69e11ca14ad9a\").typed({\n                      strings: ['software de aposta', 'Cassino', 'Esporte ao vivo', 'jogos virtuais'],\n                      typeSpeed: 1,\n                      backDelay: 2000,\n                      loop: true\n                    });\n                });\n              <\/script><style>.parent-typed-text.mt_typed_text123_69e11ca14ad9b .mt_typed_text { color: !important;}<\/style><div class=\"parent-typed-text mt_typed_text123_69e11ca14ad9b\" style=\"font-size:35px; line-height:35px; letter-spacing:0px\"><span class=\"mt_typed-beforetext\" style=\"color:\">Provemos <\/span><span class=\"mt_typed_text mt_typed_text_69e11ca14ad9a\"><\/span><span class=\"mt_typed-aftertext\" style=\"color:\"> <\/span><\/div>[vc_custom_heading text=&#8221;O que fazemos?&#8221; font_container=&#8221;tag:h3|font_size:40px|text_align:left|line_height:40px&#8221; use_theme_fonts=&#8221;yes&#8221; css=&#8221;.vc_custom_1625143263229{margin-top: 15px !important;margin-bottom: 25px !important;}&#8221; el_class=&#8221;looking-for-heading&#8221;][vc_column_text css=&#8221;.vc_custom_1669819980521{margin-top: 50px !important;margin-bottom: 40px !important;}&#8221;]<\/p>\n<p style=\"max-width: 650px;\">A Sirplay \u00e9 uma provedora uma plataforma de apostas online, que cria solu\u00e7\u00f5es de apostas esportivas e jogos white label<strong> .<\/strong> Por mais de quinze anos tem sido fornecido plataformas completas e seguras para casas de apostas, loterias e organiza\u00e7\u00f5es em mercados regulamentados.<\/p>\n<p style=\"max-width: 650px;\">Nosso sistema de software de jogos de azar conquistou o sucesso de muitas empresas . Voc\u00ea ser\u00e1 o pr\u00f3ximo?<\/p>\n<p>&nbsp;<\/p>\n<h2 style=\"text-align: center;\"><span style=\"color: #a0c528;\"><strong>Nossa plataforma de apostas demo<\/strong><\/span><\/h2>\n<p style=\"text-align: center;\"><a href=\"https:\/\/rex.games\/\" target=\"_blank\" rel=\"noopener\">https:\/\/rex.games<\/a><\/p>\n<p>[\/vc_column_text][vc_empty_space height=&#8221;36px&#8221;]<style type=\"text\/css\">\n                .sweetthemes_button .btn_custom_69e11ca14add2 {\n                    background: rgba(0,0,0,0.99) !important;\n                }\n                .sweetthemes_button .btn_custom_69e11ca14add2:hover {                   \n                    color: rgba(255,255,255,0.99) !important;                     \n                }\n                .sweetthemes_button .btn_custom_69e11ca14add2:before {\n                    background: #a0c528 !important;\n                }\n                .sweetthemes_button .btn_custom_69e11ca14add2 {\n                    border-color:  !important;\n                }\n                .sweetthemes_button .btn_custom_69e11ca14add2:hover {                   \n                    border-color:  !important;                     \n                }\n\n              <\/style><div class=\"text-center sweetthemes_button \"><a  href=\"#contact\" class=\"button-winona btn btn-sm btn_custom_69e11ca14add2\" style=\"color:rgba(255,255,255,0.99)\">\n        <i class=\"fa fa-phone\"><\/i>\n    Contate-nos!<\/a><\/div>[\/vc_column][vc_column width=&#8221;1\/2&#8243;][vc_empty_space height=&#8221;36px&#8221;][vc_single_image image=&#8221;18042&#8243; img_size=&#8221;full&#8221; css=&#8221;.vc_custom_1623768176266{margin-top: 60px !important;}&#8221;][\/vc_column][\/vc_row][vc_row css=&#8221;.vc_custom_1623768342304{margin-bottom: 100px !important;}&#8221;][vc_column][vc_column_text]<\/p>\n<p style=\"text-align: center;\">Para garantir que temos a solu\u00e7\u00e3o certa para voc\u00ea &#8230;<\/p>\n<h2 style=\"text-align: center;\">Vamos come\u00e7ar do zero.<\/h2>\n<h2 style=\"text-align: center;\">Um provedor de jogos de azar deve ter:<\/h2>\n<p>&nbsp;<\/p>\n<h3><strong>Plataforma de apostas esportivas <\/strong><\/h3>\n<p>Entregamos uma plataforma completa com alto desempenho.<br \/>\nNa verdade, a ampla oferta de jogos dispon\u00edveis mensalmente e as op\u00e7\u00f5es do m\u00f3dulo ao vivo colocar\u00e3o seu bookmaker em uma plataforma de entretenimento, tudo certificado por laborat\u00f3rios independentes de jogos. <img class=\"alignright wp-image-18720 size- full \" title=\" provedor de apostas esportivas \" src=\" https:\/\/sirplay.com\/wp-content\/uploads\/2021\/05\/sportsbook-provider.png \" alt=\" provedor de apostas esportivas \" width=\" 378 \" srcset=\"https:\/\/sirplay.com\/wp-content\/uploads\/2021\/05\/sportsbook-provider.png 378w, https:\/\/sirplay.com\/wp-content\/uploads\/2021\/05\/sportsbook-provider-225x300.png 225w\" sizes=\"(max-width: 378px) 100vw, 378px\" \/><\/p>\n<p>&nbsp;<\/p>\n<h3>Plataforma de Cassino<\/h3>\n<p>N\u00f3s oferecemos.<br \/>\n<a href=\"https:\/\/sirplay.com\/casino\"><br \/>\nWhite Label Casino<br \/>\n<\/a> com mais de 10.000 jogos, licen\u00e7a de jogo e servi\u00e7o legal para iniciar neg\u00f3cios de cassino<\/p>\n<p>Foram selecionados os melhores fornecedores de jogos com o objetivo de oferecer a voc\u00ea a mais ampla sele\u00e7\u00e3o de<br \/>\njogos de casino ao vivo e jogos de cassino<br \/>\ndispon\u00edvel online.<\/p>\n<p>A matem\u00e1tica do jogo \u00e9 segura e certificada.<\/p>\n<p>&nbsp;<\/p>\n<h3><strong> Dados &amp; Negocia\u00e7\u00e3o<br \/>\n<\/strong><\/h3>\n<p>Oferecemos servi\u00e7os de negocia\u00e7\u00e3o e gest\u00e3o de risco, consultoria de gest\u00e3o de odds e cobertura de ganhos. A Sirplay nasceu como um gerente de risco h\u00e1 15 anos e, desde ent\u00e3o, tem investido continuamente em seu algoritmo matem\u00e1tico para garantir a voc\u00ea zero perdas! Temos tanta confian\u00e7a em nosso sistema que pagamos a voc\u00ea em caso de perda.<\/p>\n<p>&nbsp;<\/p>\n<h3><strong> Ag\u00eancia de m\u00eddia e marketing <\/strong><\/h3>\n<p>A estrat\u00e9gia de cada cliente \u00e9 diferente com base no p\u00fablico, or\u00e7amento, marca e metas. A Sirplay cobre voc\u00ea como uma ag\u00eancia de marketing de servi\u00e7o completo, capaz de integrar tudo o que voc\u00ea est\u00e1 fazendo agora, atuando como uma extens\u00e3o de sua equipe de marketing e como um lado a lado com seu departamento existente.<\/p>\n<p>&nbsp;<\/p>\n<h3><strong> Rede de afiliados <\/strong><\/h3>\n<p>A aquisi\u00e7\u00e3o de novos jogadores \u00e9 um ponto chave. Gest\u00e3o de afilia\u00e7\u00f5es simplificada e o nosso motor de b\u00f4nus te permite ser competitivo em todos os mercados.<\/p>\n<p>&nbsp;<\/p>\n<h3><strong> Sistema de pagamento de jogos de azar<br \/>\n<\/strong><\/h3>\n<p>Integramos m\u00e9todos de pagamento de classe mundial para jogos. F\u00e1cil de usar e gerenciar todos os seus canais.<br \/>\nCom refer\u00eancia a mercados espec\u00edficos, integramos muitos sistemas de pagamento, al\u00e9m de\u00a0<strong> Visa, Mastercard,<\/strong><\/p>\n<h2><strong><br \/>\nBitcoin sports betting<\/strong><\/h2>\n<p>A plataforma\u00a0<a href=\"https:\/\/sirplay.com\/pt-br\/plataforma-de-apostas-esportivas-bitcoin\/\">Apostas Esportivas Bitcoin<\/a> aceita todas as criptomoedas existentes e v\u00e1rios tipos de m\u00e9todos de pagamento.<\/p>\n<p>&nbsp;<\/p>\n<p style=\"text-align: center;\"><strong> Obviamente, n\u00e3o somos revendedores, mas somos os propriet\u00e1rios do<\/strong><\/p>\n<p>c\u00f3digo fonte certificado!<br \/>\n[\/vc_column_text][vc_row_inner css=&#8221;.vc_custom_1541538916967{margin-top: 75px !important;}&#8221;][vc_column_inner width=&#8221;1\/2&#8243; offset=&#8221;vc_hidden-xs&#8221;][vc_column_text el_class=&#8221;rotation&#8221;][\/vc_column_text][vc_single_image image=&#8221;17921&#8243; img_size=&#8221;full&#8221;][\/vc_column_inner][vc_column_inner width=&#8221;1\/2&#8243;][vc_custom_heading text=&#8221;Integra\u00e7\u00e3o com outras plataformas&#8221; font_container=&#8221;tag:h2|font_size:50px|text_align:left|color:%23a0c528|line_height:50px&#8221; use_theme_fonts=&#8221;yes&#8221; css_animation=&#8221;fadeInUp&#8221; css=&#8221;.vc_custom_1617297337769{margin-top: 3px !important;margin-bottom: 30px !important;}&#8221;][vc_custom_heading text=&#8221;iFrame e API&#8221; font_container=&#8221;tag:h3|font_size:34px|text_align:left|color:%23000000|line_height:34px&#8221; use_theme_fonts=&#8221;yes&#8221; css_animation=&#8221;fadeInUp&#8221; css=&#8221;.vc_custom_1617296746282{margin-top: 0px !important;margin-bottom: 35px !important;}&#8221;][vc_column_text css_animation=&#8221;fadeInUp&#8221; css=&#8221;.vc_custom_1625144459358{margin-bottom: 45px !important;}&#8221;]<\/p>\n<p style=\"max-width: 500px; margin-bottom: 30px;\">Nossa plataforma pode ser <strong> integrada facilmente por meio de iFrame ou API.\u00a0<\/strong> Tamb\u00e9m pode ser feita uma \u00fanica integra\u00e7\u00e3o ou solu\u00e7\u00e3o de apostas esportivas ou apenas cassino jogos, bem como casino ao vivo.<\/p>\n<p>[\/vc_column_text][vc_column_text css_animation=&#8221;fadeInUp&#8221; el_id=&#8221;contact&#8221;]<\/p>\n<div class=\"niva-separator\" style=\"height: 4px; background: #a0c528; width: 60px; border-radius: 5px;\"><\/div>\n<p>[\/vc_column_text][\/vc_column_inner][\/vc_row_inner][\/vc_column][\/vc_row][vc_row full_width=&#8221;stretch_row&#8221; css=&#8221;.vc_custom_1541539222800{padding-top: 55px !important;padding-bottom: 80px !important;}&#8221;][vc_column width=&#8221;1\/2&#8243; el_id=&#8221;contact&#8221;][vc_column_text]<\/p>\n<div class=\"wpb_text_column wpb_content_element wpb_animate_when_almost_visible wpb_fadeInUp fadeInUp vc_custom_1655811099687 wpb_start_animation animated\">\n<div class=\"wpb_wrapper\">\n<h2><strong>Contate-Nos<\/strong><\/h2>\n<p>Contate um especialista da Sirplay para discutir nossos servi\u00e7os em detalhes. Apoiamos seus projetos e neg\u00f3cios criando uma estrat\u00e9gia espec\u00edfica para voc\u00ea.<\/p>\n<p>&nbsp;<\/p>\n<\/div>\n<\/div>\n<div class=\"wpb_text_column wpb_content_element \">\n<div class=\"wpb_wrapper\">\n<p><img loading=\"lazy\" class=\"size-full wp-image-16975 aligncenter\" src=\"https:\/\/sirplay.com\/gaming-experts\/wp-content\/uploads\/2022\/06\/Skype_logo.png\" alt=\"Skype\" width=\"140\" height=\"63\" \/><\/p>\n<p style=\"text-align: center;\"><a href=\"skype:manager.sirplay?chat\">English<\/a>\u00a0\u00a0<a href=\"skype:anna.sirplay?chat\">Spanish<\/a>\u00a0\u00a0<a href=\"skype:anna.sirplay?chat\">Portugu\u00eas<\/a><\/p>\n<p>&nbsp;<\/p>\n<\/div>\n<\/div>\n<div class=\"wpb_text_column wpb_content_element \">\n<div class=\"wpb_wrapper\">\n<p style=\"text-align: center;\"><img loading=\"lazy\" class=\"size-full wp-image-16974 aligncenter\" src=\"https:\/\/sirplay.com\/gaming-experts\/wp-content\/uploads\/2022\/06\/Whatsapp.jpg\" alt=\"Whatsapp\" width=\"60\" height=\"60\" \/><\/p>\n<p style=\"text-align: center;\"><a href=\"https:\/\/api.whatsapp.com\/send?phone=35699972143&amp;text=More%20info\" target=\"_blank\" rel=\"noopener\">+39 3513960904<\/a><\/p>\n<p style=\"text-align: center;\">\n<\/div>\n<\/div>\n<p>[\/vc_column_text][\/vc_column][vc_column width=&#8221;1\/2&#8243;][vc_column_text css_animation=&#8221;fadeInUp&#8221; css=&#8221;.vc_custom_1625144487366{padding-bottom: 50px !important;}&#8221;]<\/p>\n<h4 class=\"x-text-content-text-primary\">Escreva para falar com um especialista<\/h4>\n<p>[\/vc_column_text]\n<div class=\"wpcf7 no-js\" id=\"wpcf7-f18415-o1\" lang=\"pt-BR\" dir=\"ltr\" data-wpcf7-id=\"18415\">\n<div class=\"screen-reader-response\"><p role=\"status\" aria-live=\"polite\" aria-atomic=\"true\"><\/p> <ul><\/ul><\/div>\n<form action=\"\/pt-br\/wp-json\/wp\/v2\/pages\/19099#wpcf7-f18415-o1\" method=\"post\" class=\"wpcf7-form init\" aria-label=\"Formul\u00e1rios de contato\" novalidate=\"novalidate\" data-status=\"init\">\n<fieldset class=\"hidden-fields-container\"><input type=\"hidden\" name=\"_wpcf7\" value=\"18415\" \/><input type=\"hidden\" name=\"_wpcf7_version\" value=\"6.1.5\" \/><input type=\"hidden\" name=\"_wpcf7_locale\" value=\"pt_BR\" \/><input type=\"hidden\" name=\"_wpcf7_unit_tag\" value=\"wpcf7-f18415-o1\" \/><input type=\"hidden\" name=\"_wpcf7_container_post\" value=\"0\" \/><input type=\"hidden\" name=\"_wpcf7_posted_data_hash\" value=\"\" \/>\n<\/fieldset>\n<p><label> Nome completo<br \/>\n<span class=\"wpcf7-form-control-wrap\" data-name=\"your-name\"><input size=\"40\" maxlength=\"400\" class=\"wpcf7-form-control wpcf7-text wpcf7-validates-as-required\" aria-required=\"true\" aria-invalid=\"false\" value=\"\" type=\"text\" name=\"your-name\" \/><\/span> <\/label>\n<\/p>\n<p><label> Seu email<br \/>\n<span class=\"wpcf7-form-control-wrap\" data-name=\"your-email\"><input size=\"40\" maxlength=\"400\" class=\"wpcf7-form-control wpcf7-email wpcf7-validates-as-required wpcf7-text wpcf7-validates-as-email\" aria-required=\"true\" aria-invalid=\"false\" value=\"\" type=\"email\" name=\"your-email\" \/><\/span> <\/label>\n<\/p>\n<p><label> Pa\u00eds<br \/>\n<span class=\"wpcf7-form-control-wrap\" data-name=\"countrytext-54\"><input size=\"40\" class=\"wpcf7-form-control wpcf7-countrytext wpcf7-text wpcf7-validates-as-countrytext\" aria-invalid=\"false\" value=\"\" type=\"text\" name=\"countrytext-54\" \/><\/span> <\/label>\n<\/p>\n<p><label> N\u00famero de telefone<br \/>\n<span class=\"wpcf7-form-control-wrap\" data-name=\"phonetext-462\"><input size=\"40\" class=\"wpcf7-form-control wpcf7-phonetext wpcf7-text wpcf7-validates-as-phonetext\" aria-invalid=\"false\" value=\"\" type=\"text\" name=\"phonetext-462\" \/><input type=\"hidden\" name=\"phonetext-462-country-code\" class=\"wpcf7-phonetext-country-code\" \/><\/span> <\/label>\n<\/p>\n<p><label> Mensagem<br \/>\n<span class=\"wpcf7-form-control-wrap\" data-name=\"your-message\"><textarea cols=\"40\" rows=\"10\" maxlength=\"2000\" class=\"wpcf7-form-control wpcf7-textarea\" aria-invalid=\"false\" name=\"your-message\"><\/textarea><\/span> <\/label>\n<\/p>\n<p><input class=\"wpcf7-form-control wpcf7-submit has-spinner\" type=\"submit\" value=\"Enviar\" \/>\n<\/p><div class=\"wpcf7-response-output\" aria-hidden=\"true\"><\/div>\n<\/form>\n<\/div>\n[vc_column_text]N\u00e3o compartilhamos suas informa\u00e7\u00f5es pessoais com ningu\u00e9m. Confira nossa \u201c<a href=\"https:\/\/sirplay.com\/pt-br\/politica-de-privacidade-do-sirplay\/\" target=\"_blank\" rel=\"noopener\">pol\u00edtica de privacidade<\/a>\u201d para mais informa\u00e7\u00f5es[\/vc_column_text][\/vc_column][\/vc_row]<\/p>\n<\/div>","protected":false},"excerpt":{"rendered":"<p>[vc_row css=&#8221;.vc_custom_1542122107794{margin-bottom: 0px !important;padding-top: 80px !important;padding-bottom: 100px !important;}&#8221;][vc_column width=&#8221;1\/2&#8243; css=&#8221;.vc_custom_1623768243150{margin-top: 10px !important;margin-bottom: 50px !important;}&#8221; offset=&#8221;vc_col-xs-12&#8243;][vc_custom_heading text=&#8221;O que fazemos?&#8221; font_container=&#8221;tag:h3|font_size:40px|text_align:left|line_height:40px&#8221; use_theme_fonts=&#8221;yes&#8221; css=&#8221;.vc_custom_1625143263229{margin-top: 15px !important;margin-bottom: 25px !important;}&#8221; el_class=&#8221;looking-for-heading&#8221;][vc_column_text css=&#8221;.vc_custom_1669819980521{margin-top: 50px !important;margin-bottom: 40px !important;}&#8221;] A Sirplay \u00e9 uma provedora uma plataforma de apostas online, que cria solu\u00e7\u00f5es de apostas esportivas e jogos white label . Por mais de [&hellip;]<\/p>\n","protected":false},"author":1,"featured_media":18725,"parent":0,"menu_order":0,"comment_status":"closed","ping_status":"closed","template":"","meta":{"footnotes":""},"class_list":["post-19099","page","type-page","status-publish","has-post-thumbnail","hentry"],"yoast_head":"<!-- This site is optimized with the Yoast SEO Premium plugin v27.3 (Yoast SEO v27.3) - https:\/\/yoast.com\/product\/yoast-seo-premium-wordpress\/ -->\n<title>Provedor de software de apostas esportivas - Sirplay<\/title>\n<meta name=\"description\" content=\"A Sirplay \u00e9 uma provedora uma plataforma de apostas online, que cria solu\u00e7\u00f5es de apostas esportivas e jogos white label .\" \/>\n<meta name=\"robots\" content=\"index, follow, max-snippet:-1, max-image-preview:large, max-video-preview:-1\" \/>\n<link rel=\"canonical\" href=\"https:\/\/sirplay.com\/pt-br\/fornecedor-de-software-de-apostas-esportivas\/\" \/>\n<meta property=\"og:locale\" content=\"pt_BR\" \/>\n<meta property=\"og:type\" content=\"article\" \/>\n<meta property=\"og:title\" content=\"Provedor de software de apostas esportivas\" \/>\n<meta property=\"og:description\" content=\"Provedor de software de apostas esportivas\" \/>\n<meta property=\"og:url\" content=\"https:\/\/sirplay.com\/pt-br\/fornecedor-de-software-de-apostas-esportivas\/\" \/>\n<meta property=\"og:site_name\" content=\"Sirplay\" \/>\n<meta property=\"article:modified_time\" content=\"2024-06-09T09:40:09+00:00\" \/>\n<meta property=\"og:image\" content=\"https:\/\/sirplay.com\/wp-content\/uploads\/2021\/05\/sportsbook-provider.png\" \/>\n\t<meta property=\"og:image:width\" content=\"378\" \/>\n\t<meta property=\"og:image:height\" content=\"504\" \/>\n\t<meta property=\"og:image:type\" content=\"image\/png\" \/>\n<meta name=\"twitter:card\" content=\"summary_large_image\" \/>\n<meta name=\"twitter:site\" content=\"@sirplay\" \/>\n<meta name=\"twitter:label1\" content=\"Est. tempo de leitura\" \/>\n\t<meta name=\"twitter:data1\" content=\"4 minutos\" \/>\n<script type=\"application\/ld+json\" class=\"yoast-schema-graph\">{\"@context\":\"https:\\\/\\\/schema.org\",\"@graph\":[{\"@type\":\"WebPage\",\"@id\":\"https:\\\/\\\/sirplay.com\\\/pt-br\\\/fornecedor-de-software-de-apostas-esportivas\\\/\",\"url\":\"https:\\\/\\\/sirplay.com\\\/pt-br\\\/fornecedor-de-software-de-apostas-esportivas\\\/\",\"name\":\"Provedor de software de apostas esportivas - Sirplay\",\"isPartOf\":{\"@id\":\"https:\\\/\\\/sirplay.com\\\/pt-br\\\/#website\"},\"primaryImageOfPage\":{\"@id\":\"https:\\\/\\\/sirplay.com\\\/pt-br\\\/fornecedor-de-software-de-apostas-esportivas\\\/#primaryimage\"},\"image\":{\"@id\":\"https:\\\/\\\/sirplay.com\\\/pt-br\\\/fornecedor-de-software-de-apostas-esportivas\\\/#primaryimage\"},\"thumbnailUrl\":\"https:\\\/\\\/sirplay.com\\\/wp-content\\\/uploads\\\/2021\\\/05\\\/sportsbook-provider.png\",\"datePublished\":\"2021-06-15T17:30:03+00:00\",\"dateModified\":\"2024-06-09T09:40:09+00:00\",\"description\":\"A Sirplay \u00e9 uma provedora uma plataforma de apostas online, que cria solu\u00e7\u00f5es de apostas esportivas e jogos white label .\",\"breadcrumb\":{\"@id\":\"https:\\\/\\\/sirplay.com\\\/pt-br\\\/fornecedor-de-software-de-apostas-esportivas\\\/#breadcrumb\"},\"inLanguage\":\"pt-BR\",\"potentialAction\":[{\"@type\":\"ReadAction\",\"target\":[\"https:\\\/\\\/sirplay.com\\\/pt-br\\\/fornecedor-de-software-de-apostas-esportivas\\\/\"]}]},{\"@type\":\"ImageObject\",\"inLanguage\":\"pt-BR\",\"@id\":\"https:\\\/\\\/sirplay.com\\\/pt-br\\\/fornecedor-de-software-de-apostas-esportivas\\\/#primaryimage\",\"url\":\"https:\\\/\\\/sirplay.com\\\/wp-content\\\/uploads\\\/2021\\\/05\\\/sportsbook-provider.png\",\"contentUrl\":\"https:\\\/\\\/sirplay.com\\\/wp-content\\\/uploads\\\/2021\\\/05\\\/sportsbook-provider.png\",\"width\":378,\"height\":504,\"caption\":\"provedor de apostas esportivas\"},{\"@type\":\"BreadcrumbList\",\"@id\":\"https:\\\/\\\/sirplay.com\\\/pt-br\\\/fornecedor-de-software-de-apostas-esportivas\\\/#breadcrumb\",\"itemListElement\":[{\"@type\":\"ListItem\",\"position\":1,\"name\":\"Home\",\"item\":\"https:\\\/\\\/sirplay.com\\\/pt-br\\\/\"},{\"@type\":\"ListItem\",\"position\":2,\"name\":\"Provedor de software de apostas esportivas\"}]},{\"@type\":\"WebSite\",\"@id\":\"https:\\\/\\\/sirplay.com\\\/pt-br\\\/#website\",\"url\":\"https:\\\/\\\/sirplay.com\\\/pt-br\\\/\",\"name\":\"Sportsbook software provider\",\"description\":\"Sports betting software online and Retail ssbts  - White label casino\",\"publisher\":{\"@id\":\"https:\\\/\\\/sirplay.com\\\/pt-br\\\/#organization\"},\"alternateName\":\"White label casino\",\"potentialAction\":[{\"@type\":\"SearchAction\",\"target\":{\"@type\":\"EntryPoint\",\"urlTemplate\":\"https:\\\/\\\/sirplay.com\\\/pt-br\\\/?s={search_term_string}\"},\"query-input\":{\"@type\":\"PropertyValueSpecification\",\"valueRequired\":true,\"valueName\":\"search_term_string\"}}],\"inLanguage\":\"pt-BR\"},{\"@type\":\"Organization\",\"@id\":\"https:\\\/\\\/sirplay.com\\\/pt-br\\\/#organization\",\"name\":\"Sirplay\",\"alternateName\":\"Sirplay white label\",\"url\":\"https:\\\/\\\/sirplay.com\\\/pt-br\\\/\",\"logo\":{\"@type\":\"ImageObject\",\"inLanguage\":\"pt-BR\",\"@id\":\"https:\\\/\\\/sirplay.com\\\/pt-br\\\/#\\\/schema\\\/logo\\\/image\\\/\",\"url\":\"https:\\\/\\\/sirplay.com\\\/wp-content\\\/uploads\\\/2021\\\/03\\\/cropped-sirplayICO.png\",\"contentUrl\":\"https:\\\/\\\/sirplay.com\\\/wp-content\\\/uploads\\\/2021\\\/03\\\/cropped-sirplayICO.png\",\"width\":512,\"height\":512,\"caption\":\"Sirplay\"},\"image\":{\"@id\":\"https:\\\/\\\/sirplay.com\\\/pt-br\\\/#\\\/schema\\\/logo\\\/image\\\/\"},\"sameAs\":[\"https:\\\/\\\/x.com\\\/sirplay\",\"https:\\\/\\\/www.linkedin.com\\\/company\\\/sirplay\",\"https:\\\/\\\/www.youtube.com\\\/user\\\/BookmakerSolutions\"]}]}<\/script>\n<!-- \/ Yoast SEO Premium plugin. -->","yoast_head_json":{"title":"Provedor de software de apostas esportivas - Sirplay","description":"A Sirplay \u00e9 uma provedora uma plataforma de apostas online, que cria solu\u00e7\u00f5es de apostas esportivas e jogos white label .","robots":{"index":"index","follow":"follow","max-snippet":"max-snippet:-1","max-image-preview":"max-image-preview:large","max-video-preview":"max-video-preview:-1"},"canonical":"https:\/\/sirplay.com\/pt-br\/fornecedor-de-software-de-apostas-esportivas\/","og_locale":"pt_BR","og_type":"article","og_title":"Provedor de software de apostas esportivas","og_description":"Provedor de software de apostas esportivas","og_url":"https:\/\/sirplay.com\/pt-br\/fornecedor-de-software-de-apostas-esportivas\/","og_site_name":"Sirplay","article_modified_time":"2024-06-09T09:40:09+00:00","og_image":[{"width":378,"height":504,"url":"https:\/\/sirplay.com\/wp-content\/uploads\/2021\/05\/sportsbook-provider.png","type":"image\/png"}],"twitter_card":"summary_large_image","twitter_site":"@sirplay","twitter_misc":{"Est. tempo de leitura":"4 minutos"},"schema":{"@context":"https:\/\/schema.org","@graph":[{"@type":"WebPage","@id":"https:\/\/sirplay.com\/pt-br\/fornecedor-de-software-de-apostas-esportivas\/","url":"https:\/\/sirplay.com\/pt-br\/fornecedor-de-software-de-apostas-esportivas\/","name":"Provedor de software de apostas esportivas - Sirplay","isPartOf":{"@id":"https:\/\/sirplay.com\/pt-br\/#website"},"primaryImageOfPage":{"@id":"https:\/\/sirplay.com\/pt-br\/fornecedor-de-software-de-apostas-esportivas\/#primaryimage"},"image":{"@id":"https:\/\/sirplay.com\/pt-br\/fornecedor-de-software-de-apostas-esportivas\/#primaryimage"},"thumbnailUrl":"https:\/\/sirplay.com\/wp-content\/uploads\/2021\/05\/sportsbook-provider.png","datePublished":"2021-06-15T17:30:03+00:00","dateModified":"2024-06-09T09:40:09+00:00","description":"A Sirplay \u00e9 uma provedora uma plataforma de apostas online, que cria solu\u00e7\u00f5es de apostas esportivas e jogos white label .","breadcrumb":{"@id":"https:\/\/sirplay.com\/pt-br\/fornecedor-de-software-de-apostas-esportivas\/#breadcrumb"},"inLanguage":"pt-BR","potentialAction":[{"@type":"ReadAction","target":["https:\/\/sirplay.com\/pt-br\/fornecedor-de-software-de-apostas-esportivas\/"]}]},{"@type":"ImageObject","inLanguage":"pt-BR","@id":"https:\/\/sirplay.com\/pt-br\/fornecedor-de-software-de-apostas-esportivas\/#primaryimage","url":"https:\/\/sirplay.com\/wp-content\/uploads\/2021\/05\/sportsbook-provider.png","contentUrl":"https:\/\/sirplay.com\/wp-content\/uploads\/2021\/05\/sportsbook-provider.png","width":378,"height":504,"caption":"provedor de apostas esportivas"},{"@type":"BreadcrumbList","@id":"https:\/\/sirplay.com\/pt-br\/fornecedor-de-software-de-apostas-esportivas\/#breadcrumb","itemListElement":[{"@type":"ListItem","position":1,"name":"Home","item":"https:\/\/sirplay.com\/pt-br\/"},{"@type":"ListItem","position":2,"name":"Provedor de software de apostas esportivas"}]},{"@type":"WebSite","@id":"https:\/\/sirplay.com\/pt-br\/#website","url":"https:\/\/sirplay.com\/pt-br\/","name":"Sportsbook software provider","description":"Sports betting software online and Retail ssbts  - White label casino","publisher":{"@id":"https:\/\/sirplay.com\/pt-br\/#organization"},"alternateName":"White label casino","potentialAction":[{"@type":"SearchAction","target":{"@type":"EntryPoint","urlTemplate":"https:\/\/sirplay.com\/pt-br\/?s={search_term_string}"},"query-input":{"@type":"PropertyValueSpecification","valueRequired":true,"valueName":"search_term_string"}}],"inLanguage":"pt-BR"},{"@type":"Organization","@id":"https:\/\/sirplay.com\/pt-br\/#organization","name":"Sirplay","alternateName":"Sirplay white label","url":"https:\/\/sirplay.com\/pt-br\/","logo":{"@type":"ImageObject","inLanguage":"pt-BR","@id":"https:\/\/sirplay.com\/pt-br\/#\/schema\/logo\/image\/","url":"https:\/\/sirplay.com\/wp-content\/uploads\/2021\/03\/cropped-sirplayICO.png","contentUrl":"https:\/\/sirplay.com\/wp-content\/uploads\/2021\/03\/cropped-sirplayICO.png","width":512,"height":512,"caption":"Sirplay"},"image":{"@id":"https:\/\/sirplay.com\/pt-br\/#\/schema\/logo\/image\/"},"sameAs":["https:\/\/x.com\/sirplay","https:\/\/www.linkedin.com\/company\/sirplay","https:\/\/www.youtube.com\/user\/BookmakerSolutions"]}]}},"_links":{"self":[{"href":"https:\/\/sirplay.com\/pt-br\/wp-json\/wp\/v2\/pages\/19099","targetHints":{"allow":["GET"]}}],"collection":[{"href":"https:\/\/sirplay.com\/pt-br\/wp-json\/wp\/v2\/pages"}],"about":[{"href":"https:\/\/sirplay.com\/pt-br\/wp-json\/wp\/v2\/types\/page"}],"author":[{"embeddable":true,"href":"https:\/\/sirplay.com\/pt-br\/wp-json\/wp\/v2\/users\/1"}],"replies":[{"embeddable":true,"href":"https:\/\/sirplay.com\/pt-br\/wp-json\/wp\/v2\/comments?post=19099"}],"version-history":[{"count":4,"href":"https:\/\/sirplay.com\/pt-br\/wp-json\/wp\/v2\/pages\/19099\/revisions"}],"predecessor-version":[{"id":21556,"href":"https:\/\/sirplay.com\/pt-br\/wp-json\/wp\/v2\/pages\/19099\/revisions\/21556"}],"wp:featuredmedia":[{"embeddable":true,"href":"https:\/\/sirplay.com\/pt-br\/wp-json\/wp\/v2\/media\/18725"}],"wp:attachment":[{"href":"https:\/\/sirplay.com\/pt-br\/wp-json\/wp\/v2\/media?parent=19099"}],"curies":[{"name":"wp","href":"https:\/\/api.w.org\/{rel}","templated":true}]}}