{"id":22076,"date":"2024-09-26T18:12:16","date_gmt":"2024-09-26T18:12:16","guid":{"rendered":"https:\/\/sirplay.com\/software-de-apostas-esportivas\/solucoes-de-varejo\/"},"modified":"2026-01-29T16:06:34","modified_gmt":"2026-01-29T16:06:34","slug":"solucoes-de-varejo","status":"publish","type":"page","link":"https:\/\/sirplay.com\/pt-br\/software-de-apostas-esportivas\/solucoes-de-varejo\/","title":{"rendered":"Solu\u00e7\u00f5es de varejo"},"content":{"rendered":"<div class=\"wpb-content-wrapper\"><p>[vc_row][vc_column width=&#8221;2\/3&#8243; offset=&#8221;vc_col-xs-12&#8243;][vc_custom_heading text=&#8221;Terminais de apostas de autoatendimento SSBTs &#8211; Varejo em lojas de apostas&#8221; font_container=&#8221;tag:h2|font_size:36px|text_align:left|line_height:46px&#8221; use_theme_fonts=&#8221;yes&#8221; css=&#8221;.vc_custom_1769702043582{margin-top: 15px !important;margin-bottom: 25px !important;}&#8221; el_class=&#8221;looking-for-heading&#8221;][vc_empty_space height=&#8221;45px&#8221;][vc_column_text css=&#8221;.vc_custom_1769702393229{margin-bottom: 40px !important;}&#8221;]<\/p>\n<div class=\"anchor-heading-wrapper\">\n<h3 id=\"self-service-betting-terminals-ssbts\" class=\"anchor-heading\" data-name=\"self-service-betting-terminals-ssbts\">Terminais de apostas de autoatendimento (SSBTs)<\/h3>\n<\/div>\n<p>A Sirplay oferece terminais de apostas de autoatendimento que permitem que os clientes fa\u00e7am suas pr\u00f3prias apostas, reduzindo o tempo de espera e melhorando a efici\u00eancia em \u00e1reas movimentadas.<\/p>\n<div class=\"anchor-heading-wrapper\">\n<h3 id=\"retail-betting-management\" class=\"anchor-heading\" data-name=\"retail-betting-management\">Gerenciamento de apostas no varejo<\/h3>\n<\/div>\n<p>Seu software agiliza o gerenciamento de lojas de apostas, fornecendo ferramentas para probabilidades em tempo real e envolvimento do cliente.<\/p>\n<div class=\"anchor-heading-wrapper\">\n<h3 id=\"over-the-counter-betting\" class=\"anchor-heading\" data-name=\"over-the-counter-betting\">Apostas no mercado de balc\u00e3o<\/h3>\n<\/div>\n<p>O Sirplay tamb\u00e9m oferece suporte a apostas tradicionais de balc\u00e3o, possibilitando transa\u00e7\u00f5es presenciais r\u00e1pidas e tranquilas para os clientes.<\/p>\n<div class=\"anchor-heading-wrapper\">\n<h3 id=\"user-friendly-interface\" class=\"anchor-heading\" data-name=\"user-friendly-interface\">Interface amig\u00e1vel ao usu\u00e1rio<\/h3>\n<\/div>\n<p>A empresa projeta interfaces intuitivas para terminais de apostas e op\u00e7\u00f5es de autoatendimento, facilitando a navega\u00e7\u00e3o e a realiza\u00e7\u00e3o de apostas pelos usu\u00e1rios.<\/p>\n<div class=\"anchor-heading-wrapper\">\n<h3 id=\"integration-capabilities\" class=\"anchor-heading\" data-name=\"integration-capabilities\">Recursos de integra\u00e7\u00e3o<\/h3>\n<\/div>\n<p>O software da Sirplay se integra perfeitamente aos sistemas de varejo existentes, permitindo que os operadores personalizem as fun\u00e7\u00f5es e, ao mesmo tempo, garantam a conformidade com as regulamenta\u00e7\u00f5es locais.<\/p>\n<div class=\"anchor-heading-wrapper\">\n<h3 id=\"risk-management-tools\" class=\"anchor-heading\" data-name=\"risk-management-tools\">Ferramentas de gerenciamento de riscos<\/h3>\n<\/div>\n<p>Est\u00e3o inclu\u00eddas ferramentas para gerenciamento de riscos e relat\u00f3rios, ajudando os operadores a analisar os dados de apostas e monitorar as atividades de alto risco.<\/p>\n<div class=\"anchor-heading-wrapper\">\n<h3 id=\"payment-processing-solutions\" class=\"anchor-heading\" data-name=\"payment-processing-solutions\">Solu\u00e7\u00f5es de processamento de pagamentos<\/h3>\n<\/div>\n<p>O Sirplay oferece suporte a v\u00e1rios m\u00e9todos de pagamento, garantindo dep\u00f3sitos e saques sem problemas para aumentar a satisfa\u00e7\u00e3o do cliente.<\/p>\n<div class=\"anchor-heading-wrapper\">\n<h3 id=\"marketing-module\" class=\"anchor-heading\" data-name=\"marketing-module\">M\u00f3dulo de Marketing<\/h3>\n<\/div>\n<p>O software apresenta ferramentas de marketing para ajudar as operadoras a criar promo\u00e7\u00f5es e programas de fidelidade para atrair e reter clientes.<\/p>\n<div class=\"anchor-heading-wrapper\">\n<h3 id=\"future-ready-solutions\" class=\"anchor-heading\" data-name=\"future-ready-solutions\">Solu\u00e7\u00f5es prontas para o futuro<\/h3>\n<\/div>\n<p>A Sirplay est\u00e1 comprometida com a evolu\u00e7\u00e3o de sua tecnologia, incorporando tend\u00eancias como an\u00e1lises avan\u00e7adas e experi\u00eancias gamificadas para manter os clientes competitivos.[\/vc_column_text][vc_empty_space height=&#8221;45px&#8221;][\/vc_column][vc_column width=&#8221;1\/3&#8243;][vc_empty_space height=&#8221;45px&#8221;][vc_single_image image=&#8221;21974&#8243; img_size=&#8221;full&#8221; add_caption=&#8221;yes&#8221; alignment=&#8221;center&#8221; css=&#8221;&#8221;][vc_empty_space height=&#8221;45px&#8221;][\/vc_column][\/vc_row][vc_row][vc_column offset=&#8221;vc_col-xs-12&#8243;][vc_empty_space height=&#8221;45px&#8221;][vc_custom_heading text=&#8221;Facilitamos para voc\u00ea a conex\u00e3o on-line com o varejo&#8221; font_container=&#8221;tag:h2|font_size:32px|text_align:center|color:%23a0c528|line_height:42px&#8221; use_theme_fonts=&#8221;yes&#8221; css_animation=&#8221;none&#8221; css=&#8221;.vc_custom_1727189784539{margin-top: 3px !important;margin-bottom: 35px !important;}&#8221;]<style type=\"text\/css\">\n                .sweetthemes_button .btn_custom_69e04b22f3908 {\n                    background: rgba(255,255,255,0.99) !important;\n                }\n                .sweetthemes_button .btn_custom_69e04b22f3908:hover {                   \n                    color: rgba(255,255,255,0.99) !important;                     \n                }\n                .sweetthemes_button .btn_custom_69e04b22f3908:before {\n                    background: #a0c528 !important;\n                }\n                .sweetthemes_button .btn_custom_69e04b22f3908 {\n                    border-color: #e2e2e2 !important;\n                }\n                .sweetthemes_button .btn_custom_69e04b22f3908:hover {                   \n                    border-color:  !important;                     \n                }\n\n              <\/style><div class=\"text-center sweetthemes_button \"><a  href=\"#contact\" class=\"button-winona btn btn-sm btn_custom_69e04b22f3908\" style=\"color:rgba(10,10,10,0.99)\">\n        <i class=\"fa fa-phone\"><\/i>\n    GET QUOTE<\/a><\/div>[vc_empty_space height=&#8221;45px&#8221;][\/vc_column][\/vc_row][vc_row full_width=&#8221;stretch_row&#8221; css=&#8221;.vc_custom_1656008710904{margin-top: 100px !important;padding-bottom: 80px !important;}&#8221;][vc_column width=&#8221;1\/2&#8243; el_id=&#8221;contact&#8221;][vc_column_text css_animation=&#8221;none&#8221; css=&#8221;.vc_custom_1656024061759{margin-top: 0px !important;margin-bottom: 40px !important;}&#8221;]<\/p>\n<h3><strong>Fale Conosco<\/strong><\/h3>\n<p style=\"max-width: 650px;\">Conecte-se com um especialista da Sirplay para uma discuss\u00e3o detalhada sobre como nossos servi\u00e7os podem trazer benef\u00edcios para o seu neg\u00f3cio de apostas e crie sua pr\u00f3pria estrat\u00e9gia.<\/p>\n<p>[\/vc_column_text][vc_column_text css=&#8221;&#8221;]<img loading=\"lazy\" class=\"size-full wp-image-22667 aligncenter\" src=\"https:\/\/sirplay.com\/wp-content\/uploads\/2025\/11\/telegram.png\" alt=\"Telegrama\" width=\"64\" height=\"64\"><\/p>\n<div class=\"tgme_page_extra\" style=\"text-align: center;\"><a href=\"https:\/\/t.me\/SirplaySales\">@SirplaySales<\/a><\/div>\n<p>&nbsp;<\/p>\n<p><img loading=\"lazy\" class=\"size-full wp-image-16974 aligncenter\" src=\"https:\/\/sirplay.com\/gaming-experts\/wp-content\/uploads\/2022\/06\/Whatsapp.jpg\" alt=\"Whatsapp\" width=\"60\" height=\"60\"><\/p>\n<p style=\"text-align: center;\"><a href=\"https:\/\/api.whatsapp.com\/send?phone=3513960904&amp;text=More%20info\" target=\"_blank\" rel=\"noopener\">+39 3513960904<\/a><\/p>\n<p>[\/vc_column_text][\/vc_column][vc_column width=&#8221;1\/2&#8243;]\n<div class=\"wpcf7 no-js\" id=\"wpcf7-f18415-o1\" lang=\"pt-BR\" dir=\"ltr\" data-wpcf7-id=\"18415\">\n<div class=\"screen-reader-response\"><p role=\"status\" aria-live=\"polite\" aria-atomic=\"true\"><\/p> <ul><\/ul><\/div>\n<form action=\"\/pt-br\/wp-json\/wp\/v2\/pages\/22076#wpcf7-f18415-o1\" method=\"post\" class=\"wpcf7-form init\" aria-label=\"Formul\u00e1rios de contato\" novalidate=\"novalidate\" data-status=\"init\">\n<fieldset class=\"hidden-fields-container\"><input type=\"hidden\" name=\"_wpcf7\" value=\"18415\" \/><input type=\"hidden\" name=\"_wpcf7_version\" value=\"6.1.5\" \/><input type=\"hidden\" name=\"_wpcf7_locale\" value=\"pt_BR\" \/><input type=\"hidden\" name=\"_wpcf7_unit_tag\" value=\"wpcf7-f18415-o1\" \/><input type=\"hidden\" name=\"_wpcf7_container_post\" value=\"0\" \/><input type=\"hidden\" name=\"_wpcf7_posted_data_hash\" value=\"\" \/>\n<\/fieldset>\n<p><label> Nome completo<br \/>\n<span class=\"wpcf7-form-control-wrap\" data-name=\"your-name\"><input size=\"40\" maxlength=\"400\" class=\"wpcf7-form-control wpcf7-text wpcf7-validates-as-required\" aria-required=\"true\" aria-invalid=\"false\" value=\"\" type=\"text\" name=\"your-name\" \/><\/span> <\/label>\n<\/p>\n<p><label> Seu email<br \/>\n<span class=\"wpcf7-form-control-wrap\" data-name=\"your-email\"><input size=\"40\" maxlength=\"400\" class=\"wpcf7-form-control wpcf7-email wpcf7-validates-as-required wpcf7-text wpcf7-validates-as-email\" aria-required=\"true\" aria-invalid=\"false\" value=\"\" type=\"email\" name=\"your-email\" \/><\/span> <\/label>\n<\/p>\n<p><label> Pa\u00eds<br \/>\n<span class=\"wpcf7-form-control-wrap\" data-name=\"countrytext-54\"><input size=\"40\" class=\"wpcf7-form-control wpcf7-countrytext wpcf7-text wpcf7-validates-as-countrytext\" aria-invalid=\"false\" value=\"\" type=\"text\" name=\"countrytext-54\" \/><\/span> <\/label>\n<\/p>\n<p><label> N\u00famero de telefone<br \/>\n<span class=\"wpcf7-form-control-wrap\" data-name=\"phonetext-462\"><input size=\"40\" class=\"wpcf7-form-control wpcf7-phonetext wpcf7-text wpcf7-validates-as-phonetext\" aria-invalid=\"false\" value=\"\" type=\"text\" name=\"phonetext-462\" \/><input type=\"hidden\" name=\"phonetext-462-country-code\" class=\"wpcf7-phonetext-country-code\" \/><\/span> <\/label>\n<\/p>\n<p><label> Mensagem<br \/>\n<span class=\"wpcf7-form-control-wrap\" data-name=\"your-message\"><textarea cols=\"40\" rows=\"10\" maxlength=\"2000\" class=\"wpcf7-form-control wpcf7-textarea\" aria-invalid=\"false\" name=\"your-message\"><\/textarea><\/span> <\/label>\n<\/p>\n<p><input class=\"wpcf7-form-control wpcf7-submit has-spinner\" type=\"submit\" value=\"Enviar\" \/>\n<\/p><div class=\"wpcf7-response-output\" aria-hidden=\"true\"><\/div>\n<\/form>\n<\/div>\n[vc_row_inner][vc_column_inner][vc_column_text]N\u00e3o compartilhamos suas informa\u00e7\u00f5es pessoais com ningu\u00e9m. Confira nossa &#8220;pol\u00edtica de privacidade&#8221; para mais informa\u00e7\u00f5es[\/vc_column_text][\/vc_column_inner][\/vc_row_inner][\/vc_column][\/vc_row][vc_row][vc_column][vc_column_text css=&#8221;&#8221;][\/vc_column_text][\/vc_column][\/vc_row]<\/p>\n<\/div>","protected":false},"excerpt":{"rendered":"<p>[vc_row][vc_column width=&#8221;2\/3&#8243; offset=&#8221;vc_col-xs-12&#8243;][vc_custom_heading text=&#8221;Terminais de apostas de autoatendimento SSBTs &#8211; Varejo em lojas de apostas&#8221; font_container=&#8221;tag:h2|font_size:36px|text_align:left|line_height:46px&#8221; use_theme_fonts=&#8221;yes&#8221; css=&#8221;.vc_custom_1769702043582{margin-top: 15px !important;margin-bottom: 25px !important;}&#8221; el_class=&#8221;looking-for-heading&#8221;][vc_empty_space height=&#8221;45px&#8221;][vc_column_text css=&#8221;.vc_custom_1769702393229{margin-bottom: 40px !important;}&#8221;] Terminais de apostas de autoatendimento (SSBTs) A Sirplay oferece terminais de apostas de autoatendimento que permitem que os clientes fa\u00e7am suas pr\u00f3prias apostas, reduzindo o tempo de espera [&hellip;]<\/p>\n","protected":false},"author":3,"featured_media":21963,"parent":22055,"menu_order":0,"comment_status":"closed","ping_status":"closed","template":"","meta":{"footnotes":""},"class_list":["post-22076","page","type-page","status-publish","has-post-thumbnail","hentry"],"yoast_head":"<!-- This site is optimized with the Yoast SEO Premium plugin v27.3 (Yoast SEO v27.3) - https:\/\/yoast.com\/product\/yoast-seo-premium-wordpress\/ -->\n<title>Solu\u00e7\u00f5es de varejo - Terminais de apostas de autoatendimento SSBTs<\/title>\n<meta name=\"description\" content=\"Terminais de apostas de autoatendimento SSBTs - Principais ofertas do Sirplay para o varejo em lojas de apostas facilmente integradas ao sistema de varejo existente\" \/>\n<meta name=\"robots\" content=\"index, follow, max-snippet:-1, max-image-preview:large, max-video-preview:-1\" \/>\n<link rel=\"canonical\" href=\"https:\/\/sirplay.com\/pt-br\/software-de-apostas-esportivas\/solucoes-de-varejo\/\" \/>\n<meta property=\"og:locale\" content=\"pt_BR\" \/>\n<meta property=\"og:type\" content=\"article\" \/>\n<meta property=\"og:title\" content=\"Solu\u00e7\u00f5es de varejo\" \/>\n<meta property=\"og:description\" content=\"Solu\u00e7\u00f5es de varejo\" \/>\n<meta property=\"og:url\" content=\"https:\/\/sirplay.com\/pt-br\/software-de-apostas-esportivas\/solucoes-de-varejo\/\" \/>\n<meta property=\"og:site_name\" content=\"Sirplay\" \/>\n<meta property=\"article:modified_time\" content=\"2026-01-29T16:06:34+00:00\" \/>\n<meta property=\"og:image\" content=\"https:\/\/sirplay.com\/wp-content\/uploads\/2024\/09\/SSBTs.jpg\" \/>\n\t<meta property=\"og:image:width\" content=\"500\" \/>\n\t<meta property=\"og:image:height\" content=\"500\" \/>\n\t<meta property=\"og:image:type\" content=\"image\/jpeg\" \/>\n<meta name=\"twitter:card\" content=\"summary_large_image\" \/>\n<meta name=\"twitter:site\" content=\"@sirplay\" \/>\n<meta name=\"twitter:label1\" content=\"Est. tempo de leitura\" \/>\n\t<meta name=\"twitter:data1\" content=\"3 minutos\" \/>\n<script type=\"application\/ld+json\" class=\"yoast-schema-graph\">{\"@context\":\"https:\\\/\\\/schema.org\",\"@graph\":[{\"@type\":\"WebPage\",\"@id\":\"https:\\\/\\\/sirplay.com\\\/pt-br\\\/software-de-apostas-esportivas\\\/solucoes-de-varejo\\\/\",\"url\":\"https:\\\/\\\/sirplay.com\\\/pt-br\\\/software-de-apostas-esportivas\\\/solucoes-de-varejo\\\/\",\"name\":\"Solu\u00e7\u00f5es de varejo - Terminais de apostas de autoatendimento SSBTs\",\"isPartOf\":{\"@id\":\"https:\\\/\\\/sirplay.com\\\/pt-br\\\/#website\"},\"primaryImageOfPage\":{\"@id\":\"https:\\\/\\\/sirplay.com\\\/pt-br\\\/software-de-apostas-esportivas\\\/solucoes-de-varejo\\\/#primaryimage\"},\"image\":{\"@id\":\"https:\\\/\\\/sirplay.com\\\/pt-br\\\/software-de-apostas-esportivas\\\/solucoes-de-varejo\\\/#primaryimage\"},\"thumbnailUrl\":\"https:\\\/\\\/sirplay.com\\\/wp-content\\\/uploads\\\/2024\\\/09\\\/SSBTs.jpg\",\"datePublished\":\"2024-09-26T18:12:16+00:00\",\"dateModified\":\"2026-01-29T16:06:34+00:00\",\"description\":\"Terminais de apostas de autoatendimento SSBTs - Principais ofertas do Sirplay para o varejo em lojas de apostas facilmente integradas ao sistema de varejo existente\",\"breadcrumb\":{\"@id\":\"https:\\\/\\\/sirplay.com\\\/pt-br\\\/software-de-apostas-esportivas\\\/solucoes-de-varejo\\\/#breadcrumb\"},\"inLanguage\":\"pt-BR\",\"potentialAction\":[{\"@type\":\"ReadAction\",\"target\":[\"https:\\\/\\\/sirplay.com\\\/pt-br\\\/software-de-apostas-esportivas\\\/solucoes-de-varejo\\\/\"]}]},{\"@type\":\"ImageObject\",\"inLanguage\":\"pt-BR\",\"@id\":\"https:\\\/\\\/sirplay.com\\\/pt-br\\\/software-de-apostas-esportivas\\\/solucoes-de-varejo\\\/#primaryimage\",\"url\":\"https:\\\/\\\/sirplay.com\\\/wp-content\\\/uploads\\\/2024\\\/09\\\/SSBTs.jpg\",\"contentUrl\":\"https:\\\/\\\/sirplay.com\\\/wp-content\\\/uploads\\\/2024\\\/09\\\/SSBTs.jpg\",\"width\":500,\"height\":500,\"caption\":\"Terminais de apostas de autoatendimento SSBTs\"},{\"@type\":\"BreadcrumbList\",\"@id\":\"https:\\\/\\\/sirplay.com\\\/pt-br\\\/software-de-apostas-esportivas\\\/solucoes-de-varejo\\\/#breadcrumb\",\"itemListElement\":[{\"@type\":\"ListItem\",\"position\":1,\"name\":\"Home\",\"item\":\"https:\\\/\\\/sirplay.com\\\/pt-br\\\/\"},{\"@type\":\"ListItem\",\"position\":2,\"name\":\"Software de apostas esportivas\",\"item\":\"https:\\\/\\\/sirplay.com\\\/pt-br\\\/software-de-apostas-esportivas\\\/\"},{\"@type\":\"ListItem\",\"position\":3,\"name\":\"Solu\u00e7\u00f5es de varejo\"}]},{\"@type\":\"WebSite\",\"@id\":\"https:\\\/\\\/sirplay.com\\\/pt-br\\\/#website\",\"url\":\"https:\\\/\\\/sirplay.com\\\/pt-br\\\/\",\"name\":\"Sportsbook software provider\",\"description\":\"Sports betting software online and Retail ssbts  - White label casino\",\"publisher\":{\"@id\":\"https:\\\/\\\/sirplay.com\\\/pt-br\\\/#organization\"},\"alternateName\":\"White label casino\",\"potentialAction\":[{\"@type\":\"SearchAction\",\"target\":{\"@type\":\"EntryPoint\",\"urlTemplate\":\"https:\\\/\\\/sirplay.com\\\/pt-br\\\/?s={search_term_string}\"},\"query-input\":{\"@type\":\"PropertyValueSpecification\",\"valueRequired\":true,\"valueName\":\"search_term_string\"}}],\"inLanguage\":\"pt-BR\"},{\"@type\":\"Organization\",\"@id\":\"https:\\\/\\\/sirplay.com\\\/pt-br\\\/#organization\",\"name\":\"Sirplay\",\"alternateName\":\"Sirplay white label\",\"url\":\"https:\\\/\\\/sirplay.com\\\/pt-br\\\/\",\"logo\":{\"@type\":\"ImageObject\",\"inLanguage\":\"pt-BR\",\"@id\":\"https:\\\/\\\/sirplay.com\\\/pt-br\\\/#\\\/schema\\\/logo\\\/image\\\/\",\"url\":\"https:\\\/\\\/sirplay.com\\\/wp-content\\\/uploads\\\/2021\\\/03\\\/cropped-sirplayICO.png\",\"contentUrl\":\"https:\\\/\\\/sirplay.com\\\/wp-content\\\/uploads\\\/2021\\\/03\\\/cropped-sirplayICO.png\",\"width\":512,\"height\":512,\"caption\":\"Sirplay\"},\"image\":{\"@id\":\"https:\\\/\\\/sirplay.com\\\/pt-br\\\/#\\\/schema\\\/logo\\\/image\\\/\"},\"sameAs\":[\"https:\\\/\\\/x.com\\\/sirplay\",\"https:\\\/\\\/www.linkedin.com\\\/company\\\/sirplay\",\"https:\\\/\\\/www.youtube.com\\\/user\\\/BookmakerSolutions\"]}]}<\/script>\n<!-- \/ Yoast SEO Premium plugin. -->","yoast_head_json":{"title":"Solu\u00e7\u00f5es de varejo - Terminais de apostas de autoatendimento SSBTs","description":"Terminais de apostas de autoatendimento SSBTs - Principais ofertas do Sirplay para o varejo em lojas de apostas facilmente integradas ao sistema de varejo existente","robots":{"index":"index","follow":"follow","max-snippet":"max-snippet:-1","max-image-preview":"max-image-preview:large","max-video-preview":"max-video-preview:-1"},"canonical":"https:\/\/sirplay.com\/pt-br\/software-de-apostas-esportivas\/solucoes-de-varejo\/","og_locale":"pt_BR","og_type":"article","og_title":"Solu\u00e7\u00f5es de varejo","og_description":"Solu\u00e7\u00f5es de varejo","og_url":"https:\/\/sirplay.com\/pt-br\/software-de-apostas-esportivas\/solucoes-de-varejo\/","og_site_name":"Sirplay","article_modified_time":"2026-01-29T16:06:34+00:00","og_image":[{"width":500,"height":500,"url":"https:\/\/sirplay.com\/wp-content\/uploads\/2024\/09\/SSBTs.jpg","type":"image\/jpeg"}],"twitter_card":"summary_large_image","twitter_site":"@sirplay","twitter_misc":{"Est. tempo de leitura":"3 minutos"},"schema":{"@context":"https:\/\/schema.org","@graph":[{"@type":"WebPage","@id":"https:\/\/sirplay.com\/pt-br\/software-de-apostas-esportivas\/solucoes-de-varejo\/","url":"https:\/\/sirplay.com\/pt-br\/software-de-apostas-esportivas\/solucoes-de-varejo\/","name":"Solu\u00e7\u00f5es de varejo - Terminais de apostas de autoatendimento SSBTs","isPartOf":{"@id":"https:\/\/sirplay.com\/pt-br\/#website"},"primaryImageOfPage":{"@id":"https:\/\/sirplay.com\/pt-br\/software-de-apostas-esportivas\/solucoes-de-varejo\/#primaryimage"},"image":{"@id":"https:\/\/sirplay.com\/pt-br\/software-de-apostas-esportivas\/solucoes-de-varejo\/#primaryimage"},"thumbnailUrl":"https:\/\/sirplay.com\/wp-content\/uploads\/2024\/09\/SSBTs.jpg","datePublished":"2024-09-26T18:12:16+00:00","dateModified":"2026-01-29T16:06:34+00:00","description":"Terminais de apostas de autoatendimento SSBTs - Principais ofertas do Sirplay para o varejo em lojas de apostas facilmente integradas ao sistema de varejo existente","breadcrumb":{"@id":"https:\/\/sirplay.com\/pt-br\/software-de-apostas-esportivas\/solucoes-de-varejo\/#breadcrumb"},"inLanguage":"pt-BR","potentialAction":[{"@type":"ReadAction","target":["https:\/\/sirplay.com\/pt-br\/software-de-apostas-esportivas\/solucoes-de-varejo\/"]}]},{"@type":"ImageObject","inLanguage":"pt-BR","@id":"https:\/\/sirplay.com\/pt-br\/software-de-apostas-esportivas\/solucoes-de-varejo\/#primaryimage","url":"https:\/\/sirplay.com\/wp-content\/uploads\/2024\/09\/SSBTs.jpg","contentUrl":"https:\/\/sirplay.com\/wp-content\/uploads\/2024\/09\/SSBTs.jpg","width":500,"height":500,"caption":"Terminais de apostas de autoatendimento SSBTs"},{"@type":"BreadcrumbList","@id":"https:\/\/sirplay.com\/pt-br\/software-de-apostas-esportivas\/solucoes-de-varejo\/#breadcrumb","itemListElement":[{"@type":"ListItem","position":1,"name":"Home","item":"https:\/\/sirplay.com\/pt-br\/"},{"@type":"ListItem","position":2,"name":"Software de apostas esportivas","item":"https:\/\/sirplay.com\/pt-br\/software-de-apostas-esportivas\/"},{"@type":"ListItem","position":3,"name":"Solu\u00e7\u00f5es de varejo"}]},{"@type":"WebSite","@id":"https:\/\/sirplay.com\/pt-br\/#website","url":"https:\/\/sirplay.com\/pt-br\/","name":"Sportsbook software provider","description":"Sports betting software online and Retail ssbts  - White label casino","publisher":{"@id":"https:\/\/sirplay.com\/pt-br\/#organization"},"alternateName":"White label casino","potentialAction":[{"@type":"SearchAction","target":{"@type":"EntryPoint","urlTemplate":"https:\/\/sirplay.com\/pt-br\/?s={search_term_string}"},"query-input":{"@type":"PropertyValueSpecification","valueRequired":true,"valueName":"search_term_string"}}],"inLanguage":"pt-BR"},{"@type":"Organization","@id":"https:\/\/sirplay.com\/pt-br\/#organization","name":"Sirplay","alternateName":"Sirplay white label","url":"https:\/\/sirplay.com\/pt-br\/","logo":{"@type":"ImageObject","inLanguage":"pt-BR","@id":"https:\/\/sirplay.com\/pt-br\/#\/schema\/logo\/image\/","url":"https:\/\/sirplay.com\/wp-content\/uploads\/2021\/03\/cropped-sirplayICO.png","contentUrl":"https:\/\/sirplay.com\/wp-content\/uploads\/2021\/03\/cropped-sirplayICO.png","width":512,"height":512,"caption":"Sirplay"},"image":{"@id":"https:\/\/sirplay.com\/pt-br\/#\/schema\/logo\/image\/"},"sameAs":["https:\/\/x.com\/sirplay","https:\/\/www.linkedin.com\/company\/sirplay","https:\/\/www.youtube.com\/user\/BookmakerSolutions"]}]}},"_links":{"self":[{"href":"https:\/\/sirplay.com\/pt-br\/wp-json\/wp\/v2\/pages\/22076","targetHints":{"allow":["GET"]}}],"collection":[{"href":"https:\/\/sirplay.com\/pt-br\/wp-json\/wp\/v2\/pages"}],"about":[{"href":"https:\/\/sirplay.com\/pt-br\/wp-json\/wp\/v2\/types\/page"}],"author":[{"embeddable":true,"href":"https:\/\/sirplay.com\/pt-br\/wp-json\/wp\/v2\/users\/3"}],"replies":[{"embeddable":true,"href":"https:\/\/sirplay.com\/pt-br\/wp-json\/wp\/v2\/comments?post=22076"}],"version-history":[{"count":5,"href":"https:\/\/sirplay.com\/pt-br\/wp-json\/wp\/v2\/pages\/22076\/revisions"}],"predecessor-version":[{"id":22765,"href":"https:\/\/sirplay.com\/pt-br\/wp-json\/wp\/v2\/pages\/22076\/revisions\/22765"}],"up":[{"embeddable":true,"href":"https:\/\/sirplay.com\/pt-br\/wp-json\/wp\/v2\/pages\/22055"}],"wp:featuredmedia":[{"embeddable":true,"href":"https:\/\/sirplay.com\/pt-br\/wp-json\/wp\/v2\/media\/21963"}],"wp:attachment":[{"href":"https:\/\/sirplay.com\/pt-br\/wp-json\/wp\/v2\/media?parent=22076"}],"curies":[{"name":"wp","href":"https:\/\/api.w.org\/{rel}","templated":true}]}}