{"id":22108,"date":"2024-09-26T18:23:58","date_gmt":"2024-09-26T18:23:58","guid":{"rendered":"https:\/\/sirplay.com\/software-de-apostas-esportivas\/software-de-apostas-em-esports\/"},"modified":"2026-01-29T16:06:46","modified_gmt":"2026-01-29T16:06:46","slug":"software-de-apostas-em-esports","status":"publish","type":"page","link":"https:\/\/sirplay.com\/pt-br\/software-de-apostas-esportivas\/software-de-apostas-em-esports\/","title":{"rendered":"Software de apostas em eSports"},"content":{"rendered":"<div class=\"wpb-content-wrapper\"><p>[vc_row][vc_column width=&#8221;1\/2&#8243; offset=&#8221;vc_col-xs-12&#8243;][vc_custom_heading text=&#8221;Software de apostas esportivas: sua porta de entrada para um novo mundo de apostas&#8221; font_container=&#8221;tag:h2|font_size:40px|text_align:left|line_height:46px&#8221; use_theme_fonts=&#8221;yes&#8221; css=&#8221;.vc_custom_1727196167003{margin-top: 15px !important;margin-bottom: 25px !important;}&#8221; el_class=&#8221;looking-for-heading&#8221;][vc_column_text css=&#8221;.vc_custom_1727197309437{margin-bottom: 40px !important;}&#8221;]Explore o avan\u00e7ado software de apostas em esportes eletr\u00f4nicos da Sirplay, projetado para oferecer desempenho e escalabilidade ideais. Aproveite os recursos de ponta para envolver um grupo demogr\u00e1fico crescente de apostadores de esportes eletr\u00f4nicos e aumentar a efici\u00eancia operacional. <\/p>\n<p>&nbsp;<\/p>\n<p>Para obter uma vis\u00e3o geral abrangente, favor consultar:[\/vc_column_text]<style type=\"text\/css\">\n                .sweetthemes_button .btn_custom_69f505a85b276 {\n                    background: rgba(255,255,255,0.99) !important;\n                }\n                .sweetthemes_button .btn_custom_69f505a85b276:hover {                   \n                    color: rgba(255,255,255,0.99) !important;                     \n                }\n                .sweetthemes_button .btn_custom_69f505a85b276:before {\n                    background: #a0c528 !important;\n                }\n                .sweetthemes_button .btn_custom_69f505a85b276 {\n                    border-color: #e2e2e2 !important;\n                }\n                .sweetthemes_button .btn_custom_69f505a85b276:hover {                   \n                    border-color:  !important;                     \n                }\n\n              <\/style><div class=\"text-center sweetthemes_button \"><a  href=\"#contact\" class=\"button-winona btn btn-sm btn_custom_69f505a85b276\" style=\"color:rgba(10,10,10,0.99)\">\n        <i class=\"fa fa-phone\"><\/i>\n    REQUEST DEMO<\/a><\/div>[vc_empty_space height=&#8221;50px&#8221;][\/vc_column][vc_column width=&#8221;1\/2&#8243;][vc_empty_space height=&#8221;45px&#8221;][vc_single_image image=&#8221;21988&#8243; img_size=&#8221;full&#8221; add_caption=&#8221;yes&#8221; alignment=&#8221;center&#8221; css=&#8221;&#8221;][vc_empty_space height=&#8221;45px&#8221;][\/vc_column][\/vc_row][vc_row css=&#8221;.vc_custom_1664190139448{margin-top: 60px !important;margin-bottom: 120px !important;}&#8221;][vc_column width=&#8221;1\/2&#8243;][vc_single_image image=&#8221;22013&#8243; img_size=&#8221;full&#8221; alignment=&#8221;center&#8221; css=&#8221;&#8221;][vc_empty_space height=&#8221;52px&#8221;][\/vc_column][vc_column width=&#8221;1\/2&#8243;][vc_custom_heading text=&#8221;Um ecossistema de apostas em e-sports em evolu\u00e7\u00e3o&#8221; font_container=&#8221;tag:h2|font_size:32px|text_align:left|color:%23a0c528|line_height:36px&#8221; use_theme_fonts=&#8221;yes&#8221; css_animation=&#8221;none&#8221; css=&#8221;.vc_custom_1727196691159{margin-top: 3px !important;margin-bottom: 35px !important;}&#8221;][vc_column_text css_animation=&#8221;none&#8221; css=&#8221;.vc_custom_1727196706115{margin-bottom: 45px !important;}&#8221;]Envolva um p\u00fablico mais jovem e impulsione a atividade cont\u00ednua de apostas com nossa abordagem de apostas em esportes eletr\u00f4nicos 360\u00b0. Nossos recursos avan\u00e7ados garantem o envolvimento ininterrupto, permitindo que sua plataforma prospere no cen\u00e1rio din\u00e2mico dos esportes eletr\u00f4nicos.[\/vc_column_text][\/vc_column][\/vc_row][vc_row][vc_column offset=&#8221;vc_col-xs-12&#8243;][vc_empty_space height=&#8221;45px&#8221;][vc_custom_heading text=&#8221;Amplos mercados de esportes ao vivo para impulsionar o engajamento&#8221; font_container=&#8221;tag:h2|font_size:32px|text_align:center|color:%23a0c528|line_height:42px&#8221; use_theme_fonts=&#8221;yes&#8221; css_animation=&#8221;none&#8221; css=&#8221;.vc_custom_1727196887365{margin-top: 3px !important;margin-bottom: 35px !important;}&#8221;][vc_column_text css=&#8221;&#8221;]Atraia apostadores de esportes eletr\u00f4nicos novos e existentes com nossa ampla variedade de mercados ao vivo. Nossa plataforma oferece o maior n\u00famero de op\u00e7\u00f5es de apostas em tempo real, garantindo que seus usu\u00e1rios sempre tenham muitas oportunidades de apostar.[\/vc_column_text][vc_empty_space height=&#8221;45px&#8221;][vc_single_image image=&#8221;22024&#8243; img_size=&#8221;full&#8221; alignment=&#8221;center&#8221; css=&#8221;&#8221;][vc_empty_space height=&#8221;42px&#8221;][\/vc_column][\/vc_row][vc_row css=&#8221;.vc_custom_1664190139448{margin-top: 60px !important;margin-bottom: 120px !important;}&#8221;][vc_column width=&#8221;2\/3&#8243;][vc_custom_heading text=&#8221;Eventos de esportes ao vivo: Experimente a a\u00e7\u00e3o em tempo real&#8221; font_container=&#8221;tag:h2|font_size:34px|text_align:center|color:%23a0c528|line_height:36px&#8221; use_theme_fonts=&#8221;yes&#8221; css_animation=&#8221;none&#8221; css=&#8221;.vc_custom_1727197112829{margin-top: 3px !important;margin-bottom: 35px !important;}&#8221;][vc_single_image image=&#8221;22035&#8243; img_size=&#8221;full&#8221; add_caption=&#8221;yes&#8221; css=&#8221;&#8221;][vc_column_text css=&#8221;&#8221;]Mantenha-se atualizado com eventos de esportes eletr\u00f4nicos transmitidos em tempo real. Participe de uma gama diversificada de competi\u00e7\u00f5es que abrangem t\u00edtulos populares como League of Legends, Dota 2 e CS:GO. Experimente uma emo\u00e7\u00e3o incompar\u00e1vel e oportunidades de apostas com nossa cobertura abrangente de partidas de e-sports ao vivo.[\/vc_column_text][vc_empty_space height=&#8221;52px&#8221;][\/vc_column][vc_column width=&#8221;1\/3&#8243;][vc_custom_heading text=&#8221;Cobertura de esportes&#8221; font_container=&#8221;tag:h2|font_size:30px|text_align:left|line_height:36px&#8221; use_theme_fonts=&#8221;yes&#8221; css_animation=&#8221;none&#8221; css=&#8221;.vc_custom_1727197206816{margin-top: 3px !important;margin-bottom: 35px !important;}&#8221;][vc_column_text css=&#8221;&#8221;]Counter-Strike 2<\/p>\n<p>Dota 2<\/p>\n<p>League of Legends<\/p>\n<p>Valoriza\u00e7\u00e3o<\/p>\n<p>Duelos de Counter-Strike 2<\/p>\n<p>Rainbow Six<\/p>\n<p>CoD<\/p>\n<p>Reis da Gl\u00f3ria<\/p>\n<p>Warcraft<\/p>\n<p>Rocket League<\/p>\n<p>Mobile Legends: Bang Bang<\/p>\n<p>Starcraft II<\/p>\n<p>Overwatch 2<\/p>\n<p>Hearthstone<\/p>\n<p>Arena of Valor<\/p>\n<p>Age of Empires<\/p>\n<p>Fenda selvagem<\/p>\n<p>HALO<\/p>\n<p>eFootball<\/p>\n<p>eBasquetebol<\/p>\n<p>eCricket[\/vc_column_text][\/vc_column][\/vc_row][vc_row full_width=&#8221;stretch_row&#8221; css=&#8221;.vc_custom_1656008710904{margin-top: 100px !important;padding-bottom: 80px !important;}&#8221;][vc_column width=&#8221;1\/2&#8243; el_id=&#8221;contact&#8221;][vc_column_text css_animation=&#8221;none&#8221; css=&#8221;.vc_custom_1656024061759{margin-top: 0px !important;margin-bottom: 40px !important;}&#8221;]<\/p>\n<h3><strong>Entre em contato conosco<\/strong><\/h3>\n<p style=\"max-width: 650px;\">Conecte-se com um especialista da Sirplay para uma discuss\u00e3o detalhada sobre como os nossos servi\u00e7os podem trazer benef\u00edcios para o seu neg\u00f3cio de apostas e criar a sua pr\u00f3pria estrat\u00e9gia.<\/p>\n<p>[\/vc_column_text][vc_column_text]<\/p>\n<p style=\"text-align: center;\"><img loading=\"lazy\" class=\"size-full wp-image-16975 aligncenter\" src=\"https:\/\/sirplay.com\/gaming-experts\/wp-content\/uploads\/2022\/06\/Skype_logo.png\" alt=\"Skype\" width=\"140\" height=\"63\"><\/p>\n<p style=\"text-align: center;\">  <a href=\"skype:manager.sirplay?chat\">Ingl\u00eas<\/a> <a href=\"skype:anna.sirplay?chat\">Espanhol<\/a><\/p>\n<p>&nbsp;<\/p>\n<p><img loading=\"lazy\" class=\"size-full wp-image-16974 aligncenter\" src=\"https:\/\/sirplay.com\/gaming-experts\/wp-content\/uploads\/2022\/06\/Whatsapp.jpg\" alt=\"Whatsapp\" width=\"60\" height=\"60\"><\/p>\n<p style=\"text-align: center;\"><a href=\"https:\/\/api.whatsapp.com\/send?phone=3513960904&amp;text=More%20info\" target=\"_blank\" rel=\"noopener\">+39 3513960904<\/a><\/p>\n<p>[\/vc_column_text][\/vc_column][vc_column width=&#8221;1\/2&#8243;]\n<div class=\"wpcf7 no-js\" id=\"wpcf7-f18415-o1\" lang=\"pt-BR\" dir=\"ltr\" data-wpcf7-id=\"18415\">\n<div class=\"screen-reader-response\"><p role=\"status\" aria-live=\"polite\" aria-atomic=\"true\"><\/p> <ul><\/ul><\/div>\n<form action=\"\/pt-br\/wp-json\/wp\/v2\/pages\/22108#wpcf7-f18415-o1\" method=\"post\" class=\"wpcf7-form init\" aria-label=\"Formul\u00e1rios de contato\" novalidate=\"novalidate\" data-status=\"init\">\n<fieldset class=\"hidden-fields-container\"><input type=\"hidden\" name=\"_wpcf7\" value=\"18415\" \/><input type=\"hidden\" name=\"_wpcf7_version\" value=\"6.1.5\" \/><input type=\"hidden\" name=\"_wpcf7_locale\" value=\"pt_BR\" \/><input type=\"hidden\" name=\"_wpcf7_unit_tag\" value=\"wpcf7-f18415-o1\" \/><input type=\"hidden\" name=\"_wpcf7_container_post\" value=\"0\" \/><input type=\"hidden\" name=\"_wpcf7_posted_data_hash\" value=\"\" \/>\n<\/fieldset>\n<p><label> Nome completo<br \/>\n<span class=\"wpcf7-form-control-wrap\" data-name=\"your-name\"><input size=\"40\" maxlength=\"400\" class=\"wpcf7-form-control wpcf7-text wpcf7-validates-as-required\" aria-required=\"true\" aria-invalid=\"false\" value=\"\" type=\"text\" name=\"your-name\" \/><\/span> <\/label>\n<\/p>\n<p><label> Seu email<br \/>\n<span class=\"wpcf7-form-control-wrap\" data-name=\"your-email\"><input size=\"40\" maxlength=\"400\" class=\"wpcf7-form-control wpcf7-email wpcf7-validates-as-required wpcf7-text wpcf7-validates-as-email\" aria-required=\"true\" aria-invalid=\"false\" value=\"\" type=\"email\" name=\"your-email\" \/><\/span> <\/label>\n<\/p>\n<p><label> Pa\u00eds<br \/>\n<span class=\"wpcf7-form-control-wrap\" data-name=\"countrytext-54\"><input size=\"40\" class=\"wpcf7-form-control wpcf7-countrytext wpcf7-text wpcf7-validates-as-countrytext\" aria-invalid=\"false\" value=\"\" type=\"text\" name=\"countrytext-54\" \/><\/span> <\/label>\n<\/p>\n<p><label> N\u00famero de telefone<br \/>\n<span class=\"wpcf7-form-control-wrap\" data-name=\"phonetext-462\"><input size=\"40\" class=\"wpcf7-form-control wpcf7-phonetext wpcf7-text wpcf7-validates-as-phonetext\" aria-invalid=\"false\" value=\"\" type=\"text\" name=\"phonetext-462\" \/><input type=\"hidden\" name=\"phonetext-462-country-code\" class=\"wpcf7-phonetext-country-code\" \/><\/span> <\/label>\n<\/p>\n<p><label> Mensagem<br \/>\n<span class=\"wpcf7-form-control-wrap\" data-name=\"your-message\"><textarea cols=\"40\" rows=\"10\" maxlength=\"2000\" class=\"wpcf7-form-control wpcf7-textarea\" aria-invalid=\"false\" name=\"your-message\"><\/textarea><\/span> <\/label>\n<\/p>\n<p><input class=\"wpcf7-form-control wpcf7-submit has-spinner\" type=\"submit\" value=\"Enviar\" \/>\n<\/p><div class=\"wpcf7-response-output\" aria-hidden=\"true\"><\/div>\n<\/form>\n<\/div>\n[vc_row_inner][vc_column_inner][vc_column_text]N\u00e3o compartilhamos suas informa\u00e7\u00f5es pessoais com ningu\u00e9m. Consulte nossa &#8220;pol\u00edtica de privacidade&#8221; para obter mais informa\u00e7\u00f5es[\/vc_column_text][\/vc_column_inner][\/vc_row_inner][\/vc_column][\/vc_row][vc_row][vc_column][vc_column_text css=&#8221;&#8221;][\/vc_column_text][\/vc_column][\/vc_row]<\/p>\n<\/div>","protected":false},"excerpt":{"rendered":"<p>[vc_row][vc_column width=&#8221;1\/2&#8243; offset=&#8221;vc_col-xs-12&#8243;][vc_custom_heading text=&#8221;Software de apostas esportivas: sua porta de entrada para um novo mundo de apostas&#8221; font_container=&#8221;tag:h2|font_size:40px|text_align:left|line_height:46px&#8221; use_theme_fonts=&#8221;yes&#8221; css=&#8221;.vc_custom_1727196167003{margin-top: 15px !important;margin-bottom: 25px !important;}&#8221; el_class=&#8221;looking-for-heading&#8221;][vc_column_text css=&#8221;.vc_custom_1727197309437{margin-bottom: 40px !important;}&#8221;]Explore o avan\u00e7ado software de apostas em esportes eletr\u00f4nicos da Sirplay, projetado para oferecer desempenho e escalabilidade ideais. Aproveite os recursos de ponta para envolver um grupo demogr\u00e1fico [&hellip;]<\/p>\n","protected":false},"author":7,"featured_media":0,"parent":22055,"menu_order":0,"comment_status":"closed","ping_status":"closed","template":"","meta":{"footnotes":""},"class_list":["post-22108","page","type-page","status-publish","hentry"],"yoast_head":"<!-- This site is optimized with the Yoast SEO Premium plugin v27.3 (Yoast SEO v27.3) - https:\/\/yoast.com\/product\/yoast-seo-premium-wordpress\/ -->\n<title>Software de apostas em eSports - Sirplay<\/title>\n<meta name=\"description\" content=\"Software de apostas em eSports\" \/>\n<meta name=\"robots\" content=\"index, follow, max-snippet:-1, max-image-preview:large, max-video-preview:-1\" \/>\n<link rel=\"canonical\" href=\"https:\/\/sirplay.com\/pt-br\/software-de-apostas-esportivas\/software-de-apostas-em-esports\/\" \/>\n<meta property=\"og:locale\" content=\"pt_BR\" \/>\n<meta property=\"og:type\" content=\"article\" \/>\n<meta property=\"og:title\" content=\"Software de apostas em eSports\" \/>\n<meta property=\"og:description\" content=\"Software de apostas em eSports\" \/>\n<meta property=\"og:url\" content=\"https:\/\/sirplay.com\/pt-br\/software-de-apostas-esportivas\/software-de-apostas-em-esports\/\" \/>\n<meta property=\"og:site_name\" content=\"Sirplay\" \/>\n<meta property=\"article:modified_time\" content=\"2026-01-29T16:06:46+00:00\" \/>\n<meta property=\"og:image\" content=\"https:\/\/sirplay.com\/gaming-experts\/wp-content\/uploads\/2022\/06\/Skype_logo.png\" \/>\n<meta name=\"twitter:card\" content=\"summary_large_image\" \/>\n<meta name=\"twitter:site\" content=\"@sirplay\" \/>\n<meta name=\"twitter:label1\" content=\"Est. tempo de leitura\" \/>\n\t<meta name=\"twitter:data1\" content=\"4 minutos\" \/>\n<script type=\"application\/ld+json\" class=\"yoast-schema-graph\">{\"@context\":\"https:\\\/\\\/schema.org\",\"@graph\":[{\"@type\":\"WebPage\",\"@id\":\"https:\\\/\\\/sirplay.com\\\/pt-br\\\/software-de-apostas-esportivas\\\/software-de-apostas-em-esports\\\/\",\"url\":\"https:\\\/\\\/sirplay.com\\\/pt-br\\\/software-de-apostas-esportivas\\\/software-de-apostas-em-esports\\\/\",\"name\":\"Software de apostas em eSports - Sirplay\",\"isPartOf\":{\"@id\":\"https:\\\/\\\/sirplay.com\\\/pt-br\\\/#website\"},\"primaryImageOfPage\":{\"@id\":\"https:\\\/\\\/sirplay.com\\\/pt-br\\\/software-de-apostas-esportivas\\\/software-de-apostas-em-esports\\\/#primaryimage\"},\"image\":{\"@id\":\"https:\\\/\\\/sirplay.com\\\/pt-br\\\/software-de-apostas-esportivas\\\/software-de-apostas-em-esports\\\/#primaryimage\"},\"thumbnailUrl\":\"https:\\\/\\\/sirplay.com\\\/gaming-experts\\\/wp-content\\\/uploads\\\/2022\\\/06\\\/Skype_logo.png\",\"datePublished\":\"2024-09-26T18:23:58+00:00\",\"dateModified\":\"2026-01-29T16:06:46+00:00\",\"description\":\"Software de apostas em eSports\",\"breadcrumb\":{\"@id\":\"https:\\\/\\\/sirplay.com\\\/pt-br\\\/software-de-apostas-esportivas\\\/software-de-apostas-em-esports\\\/#breadcrumb\"},\"inLanguage\":\"pt-BR\",\"potentialAction\":[{\"@type\":\"ReadAction\",\"target\":[\"https:\\\/\\\/sirplay.com\\\/pt-br\\\/software-de-apostas-esportivas\\\/software-de-apostas-em-esports\\\/\"]}]},{\"@type\":\"ImageObject\",\"inLanguage\":\"pt-BR\",\"@id\":\"https:\\\/\\\/sirplay.com\\\/pt-br\\\/software-de-apostas-esportivas\\\/software-de-apostas-em-esports\\\/#primaryimage\",\"url\":\"https:\\\/\\\/sirplay.com\\\/gaming-experts\\\/wp-content\\\/uploads\\\/2022\\\/06\\\/Skype_logo.png\",\"contentUrl\":\"https:\\\/\\\/sirplay.com\\\/gaming-experts\\\/wp-content\\\/uploads\\\/2022\\\/06\\\/Skype_logo.png\"},{\"@type\":\"BreadcrumbList\",\"@id\":\"https:\\\/\\\/sirplay.com\\\/pt-br\\\/software-de-apostas-esportivas\\\/software-de-apostas-em-esports\\\/#breadcrumb\",\"itemListElement\":[{\"@type\":\"ListItem\",\"position\":1,\"name\":\"Home\",\"item\":\"https:\\\/\\\/sirplay.com\\\/pt-br\\\/\"},{\"@type\":\"ListItem\",\"position\":2,\"name\":\"Software de apostas esportivas\",\"item\":\"https:\\\/\\\/sirplay.com\\\/pt-br\\\/software-de-apostas-esportivas\\\/\"},{\"@type\":\"ListItem\",\"position\":3,\"name\":\"Software de apostas em eSports\"}]},{\"@type\":\"WebSite\",\"@id\":\"https:\\\/\\\/sirplay.com\\\/pt-br\\\/#website\",\"url\":\"https:\\\/\\\/sirplay.com\\\/pt-br\\\/\",\"name\":\"Sportsbook software provider\",\"description\":\"Sports betting software online and Retail ssbts  - White label casino\",\"publisher\":{\"@id\":\"https:\\\/\\\/sirplay.com\\\/pt-br\\\/#organization\"},\"alternateName\":\"White label casino\",\"potentialAction\":[{\"@type\":\"SearchAction\",\"target\":{\"@type\":\"EntryPoint\",\"urlTemplate\":\"https:\\\/\\\/sirplay.com\\\/pt-br\\\/?s={search_term_string}\"},\"query-input\":{\"@type\":\"PropertyValueSpecification\",\"valueRequired\":true,\"valueName\":\"search_term_string\"}}],\"inLanguage\":\"pt-BR\"},{\"@type\":\"Organization\",\"@id\":\"https:\\\/\\\/sirplay.com\\\/pt-br\\\/#organization\",\"name\":\"Sirplay\",\"alternateName\":\"Sirplay white label\",\"url\":\"https:\\\/\\\/sirplay.com\\\/pt-br\\\/\",\"logo\":{\"@type\":\"ImageObject\",\"inLanguage\":\"pt-BR\",\"@id\":\"https:\\\/\\\/sirplay.com\\\/pt-br\\\/#\\\/schema\\\/logo\\\/image\\\/\",\"url\":\"https:\\\/\\\/sirplay.com\\\/wp-content\\\/uploads\\\/2021\\\/03\\\/cropped-sirplayICO.png\",\"contentUrl\":\"https:\\\/\\\/sirplay.com\\\/wp-content\\\/uploads\\\/2021\\\/03\\\/cropped-sirplayICO.png\",\"width\":512,\"height\":512,\"caption\":\"Sirplay\"},\"image\":{\"@id\":\"https:\\\/\\\/sirplay.com\\\/pt-br\\\/#\\\/schema\\\/logo\\\/image\\\/\"},\"sameAs\":[\"https:\\\/\\\/x.com\\\/sirplay\",\"https:\\\/\\\/www.linkedin.com\\\/company\\\/sirplay\",\"https:\\\/\\\/www.youtube.com\\\/user\\\/BookmakerSolutions\"]}]}<\/script>\n<!-- \/ Yoast SEO Premium plugin. -->","yoast_head_json":{"title":"Software de apostas em eSports - Sirplay","description":"Software de apostas em eSports","robots":{"index":"index","follow":"follow","max-snippet":"max-snippet:-1","max-image-preview":"max-image-preview:large","max-video-preview":"max-video-preview:-1"},"canonical":"https:\/\/sirplay.com\/pt-br\/software-de-apostas-esportivas\/software-de-apostas-em-esports\/","og_locale":"pt_BR","og_type":"article","og_title":"Software de apostas em eSports","og_description":"Software de apostas em eSports","og_url":"https:\/\/sirplay.com\/pt-br\/software-de-apostas-esportivas\/software-de-apostas-em-esports\/","og_site_name":"Sirplay","article_modified_time":"2026-01-29T16:06:46+00:00","og_image":[{"url":"https:\/\/sirplay.com\/gaming-experts\/wp-content\/uploads\/2022\/06\/Skype_logo.png","type":"","width":"","height":""}],"twitter_card":"summary_large_image","twitter_site":"@sirplay","twitter_misc":{"Est. tempo de leitura":"4 minutos"},"schema":{"@context":"https:\/\/schema.org","@graph":[{"@type":"WebPage","@id":"https:\/\/sirplay.com\/pt-br\/software-de-apostas-esportivas\/software-de-apostas-em-esports\/","url":"https:\/\/sirplay.com\/pt-br\/software-de-apostas-esportivas\/software-de-apostas-em-esports\/","name":"Software de apostas em eSports - Sirplay","isPartOf":{"@id":"https:\/\/sirplay.com\/pt-br\/#website"},"primaryImageOfPage":{"@id":"https:\/\/sirplay.com\/pt-br\/software-de-apostas-esportivas\/software-de-apostas-em-esports\/#primaryimage"},"image":{"@id":"https:\/\/sirplay.com\/pt-br\/software-de-apostas-esportivas\/software-de-apostas-em-esports\/#primaryimage"},"thumbnailUrl":"https:\/\/sirplay.com\/gaming-experts\/wp-content\/uploads\/2022\/06\/Skype_logo.png","datePublished":"2024-09-26T18:23:58+00:00","dateModified":"2026-01-29T16:06:46+00:00","description":"Software de apostas em eSports","breadcrumb":{"@id":"https:\/\/sirplay.com\/pt-br\/software-de-apostas-esportivas\/software-de-apostas-em-esports\/#breadcrumb"},"inLanguage":"pt-BR","potentialAction":[{"@type":"ReadAction","target":["https:\/\/sirplay.com\/pt-br\/software-de-apostas-esportivas\/software-de-apostas-em-esports\/"]}]},{"@type":"ImageObject","inLanguage":"pt-BR","@id":"https:\/\/sirplay.com\/pt-br\/software-de-apostas-esportivas\/software-de-apostas-em-esports\/#primaryimage","url":"https:\/\/sirplay.com\/gaming-experts\/wp-content\/uploads\/2022\/06\/Skype_logo.png","contentUrl":"https:\/\/sirplay.com\/gaming-experts\/wp-content\/uploads\/2022\/06\/Skype_logo.png"},{"@type":"BreadcrumbList","@id":"https:\/\/sirplay.com\/pt-br\/software-de-apostas-esportivas\/software-de-apostas-em-esports\/#breadcrumb","itemListElement":[{"@type":"ListItem","position":1,"name":"Home","item":"https:\/\/sirplay.com\/pt-br\/"},{"@type":"ListItem","position":2,"name":"Software de apostas esportivas","item":"https:\/\/sirplay.com\/pt-br\/software-de-apostas-esportivas\/"},{"@type":"ListItem","position":3,"name":"Software de apostas em eSports"}]},{"@type":"WebSite","@id":"https:\/\/sirplay.com\/pt-br\/#website","url":"https:\/\/sirplay.com\/pt-br\/","name":"Sportsbook software provider","description":"Sports betting software online and Retail ssbts  - White label casino","publisher":{"@id":"https:\/\/sirplay.com\/pt-br\/#organization"},"alternateName":"White label casino","potentialAction":[{"@type":"SearchAction","target":{"@type":"EntryPoint","urlTemplate":"https:\/\/sirplay.com\/pt-br\/?s={search_term_string}"},"query-input":{"@type":"PropertyValueSpecification","valueRequired":true,"valueName":"search_term_string"}}],"inLanguage":"pt-BR"},{"@type":"Organization","@id":"https:\/\/sirplay.com\/pt-br\/#organization","name":"Sirplay","alternateName":"Sirplay white label","url":"https:\/\/sirplay.com\/pt-br\/","logo":{"@type":"ImageObject","inLanguage":"pt-BR","@id":"https:\/\/sirplay.com\/pt-br\/#\/schema\/logo\/image\/","url":"https:\/\/sirplay.com\/wp-content\/uploads\/2021\/03\/cropped-sirplayICO.png","contentUrl":"https:\/\/sirplay.com\/wp-content\/uploads\/2021\/03\/cropped-sirplayICO.png","width":512,"height":512,"caption":"Sirplay"},"image":{"@id":"https:\/\/sirplay.com\/pt-br\/#\/schema\/logo\/image\/"},"sameAs":["https:\/\/x.com\/sirplay","https:\/\/www.linkedin.com\/company\/sirplay","https:\/\/www.youtube.com\/user\/BookmakerSolutions"]}]}},"_links":{"self":[{"href":"https:\/\/sirplay.com\/pt-br\/wp-json\/wp\/v2\/pages\/22108","targetHints":{"allow":["GET"]}}],"collection":[{"href":"https:\/\/sirplay.com\/pt-br\/wp-json\/wp\/v2\/pages"}],"about":[{"href":"https:\/\/sirplay.com\/pt-br\/wp-json\/wp\/v2\/types\/page"}],"author":[{"embeddable":true,"href":"https:\/\/sirplay.com\/pt-br\/wp-json\/wp\/v2\/users\/7"}],"replies":[{"embeddable":true,"href":"https:\/\/sirplay.com\/pt-br\/wp-json\/wp\/v2\/comments?post=22108"}],"version-history":[{"count":10,"href":"https:\/\/sirplay.com\/pt-br\/wp-json\/wp\/v2\/pages\/22108\/revisions"}],"predecessor-version":[{"id":22815,"href":"https:\/\/sirplay.com\/pt-br\/wp-json\/wp\/v2\/pages\/22108\/revisions\/22815"}],"up":[{"embeddable":true,"href":"https:\/\/sirplay.com\/pt-br\/wp-json\/wp\/v2\/pages\/22055"}],"wp:attachment":[{"href":"https:\/\/sirplay.com\/pt-br\/wp-json\/wp\/v2\/media?parent=22108"}],"curies":[{"name":"wp","href":"https:\/\/api.w.org\/{rel}","templated":true}]}}