{"id":22308,"date":"2024-10-01T09:54:55","date_gmt":"2024-10-01T09:54:55","guid":{"rendered":"https:\/\/sirplay.com\/cassino-sem-kyc\/"},"modified":"2026-01-29T16:06:39","modified_gmt":"2026-01-29T16:06:39","slug":"cassino-sem-kyc","status":"publish","type":"page","link":"https:\/\/sirplay.com\/pt-br\/cassino-sem-kyc\/","title":{"rendered":"Cassino sem KYC"},"content":{"rendered":"<div class=\"wpb-content-wrapper\"><p>[vc_row full_width=&#8221;stretch_row_content_no_spaces&#8221; css=&#8221;.vc_custom_1616354721852{margin-bottom: 0px !important;padding-top: 50px !important;padding-bottom: 100px !important;background-image: url(https:\/\/sirplay.com\/wp-content\/uploads\/2021\/03\/we-are-sirplay.jpg) !important;}&#8221; el_class=&#8221;text-center slider-moving&#8221;][vc_column css_animation=&#8221;none&#8221; css=&#8221;.vc_custom_1616345350411{margin-top: 25px !important;}&#8221; offset=&#8221;vc_col-xs-12&#8243;]<script>\n                jQuery(function(){\n                    jQuery(\".mt_typed_text_69f10b6e0fc0f\").typed({\n                      strings: ['Sportsbook', 'Casino'],\n                      typeSpeed: 1,\n                      backDelay: 2000,\n                      loop: true\n                    });\n                });\n              <\/script><style>.parent-typed-text.mt_typed_text123_69f10b6e0fc10 .mt_typed_text { color: !important;}<\/style><div class=\"parent-typed-text mt_typed_text123_69f10b6e0fc10\" style=\"font-size:50px; line-height:50px; letter-spacing:-2px\"><span class=\"mt_typed-beforetext\" style=\"color:\">NO KYC <\/span><span class=\"mt_typed_text mt_typed_text_69f10b6e0fc0f\"><\/span><span class=\"mt_typed-aftertext\" style=\"color:\"> <\/span><\/div>[vc_column_text css=&#8221;.vc_custom_1708363833254{margin-top: 30px !important;}&#8221;]Futuro dos jogos: Anonimato, velocidade e o poder da Web3[\/vc_column_text][\/vc_column][\/vc_row][vc_row css=&#8221;.vc_custom_1664189652988{margin-top: 60px !important;margin-bottom: 100px !important;}&#8221;][vc_column width=&#8221;2\/3&#8243;][vc_custom_heading text=&#8221;Plataforma de cassino NO KYC&#8221; font_container=&#8221;tag:h1|font_size:36px|text_align:left|line_height:46px&#8221; use_theme_fonts=&#8221;yes&#8221; css_animation=&#8221;none&#8221; css=&#8221;.vc_custom_1708363935929{margin-bottom: 30px !important;}&#8221;][vc_column_text css=&#8221;.vc_custom_1708363980710{margin-bottom: 60px !important;}&#8221;]Na Sirplay, n\u00f3s entendemos o valor do tempo e da confidencialidade. \u00c9 por isso que a nossa plataforma NO KYC Casino foi projetada para oferecer uma entrada suave e perfeita no mundo dos jogos on-line, garantindo que os jogadores possam entrar em a\u00e7\u00e3o sem comprometer a sua privacidade. Essa abordagem inovadora n\u00e3o apenas acelera o processo de registro, mas tamb\u00e9m atende \u00e0 crescente demanda por anonimato na era digital.[\/vc_column_text][vc_custom_heading text=&#8221;Tornamos mais f\u00e1cil para voc\u00ea se conectar \u00e0 web3&#8243; font_container=&#8221;tag:h2|font_size:32px|text_align:center|color:%23a0c528|line_height:42px&#8221; use_theme_fonts=&#8221;yes&#8221; css_animation=&#8221;none&#8221; css=&#8221;.vc_custom_1663837085578{margin-top: 3px !important;margin-bottom: 35px !important;}&#8221;][vc_column_text css=&#8221;.vc_custom_1762170361398{margin-bottom: 60px !important;}&#8221;]<\/p>\n<p style=\"text-align: center;\"><em>Este \u00e9 um tema e pode ser personalizado, veja-o em a\u00e7\u00e3o:<\/em><\/p>\n<p style=\"text-align: center;\"><strong><a title=\"Sistema de cassino online\" href=\"https:\/\/mybitcoin.casino\/\" target=\"_blank\" rel=\"noopener\">https:\/\/mybitcoin.casino\/<\/a><\/strong><\/p>\n<p>[\/vc_column_text]<style type=\"text\/css\">\n                .sweetthemes_button .btn_custom_69f10b6e0fc42 {\n                    background: rgba(255,255,255,0.99) !important;\n                }\n                .sweetthemes_button .btn_custom_69f10b6e0fc42:hover {                   \n                    color: rgba(255,255,255,0.99) !important;                     \n                }\n                .sweetthemes_button .btn_custom_69f10b6e0fc42:before {\n                    background: #a0c528 !important;\n                }\n                .sweetthemes_button .btn_custom_69f10b6e0fc42 {\n                    border-color: #a0c528 !important;\n                }\n                .sweetthemes_button .btn_custom_69f10b6e0fc42:hover {                   \n                    border-color:  !important;                     \n                }\n\n              <\/style><div class=\"text-center sweetthemes_button \"><a  href=\"#contact\" class=\"button-winona btn btn-sm btn_custom_69f10b6e0fc42\" style=\"color:rgba(0,0,0,0.99)\">\n        <i class=\"fa fa-phone\"><\/i>\n    Contact Us!<\/a><\/div>[vc_empty_space height=&#8221;50px&#8221;][\/vc_column][vc_column width=&#8221;1\/3&#8243;][vc_single_image image=&#8221;21345&#8243; img_size=&#8221;full&#8221; add_caption=&#8221;yes&#8221; alignment=&#8221;right&#8221;][\/vc_column][\/vc_row][vc_row css=&#8221;.vc_custom_1664190139448{margin-top: 60px !important;margin-bottom: 120px !important;}&#8221;][vc_column width=&#8221;2\/3&#8243;][vc_custom_heading text=&#8221;Um universo de jogos sob seu comando&#8221; font_container=&#8221;tag:h2|font_size:38px|text_align:center|color:%23a0c528|line_height:42px&#8221; use_theme_fonts=&#8221;yes&#8221; css_animation=&#8221;none&#8221; css=&#8221;.vc_custom_1708365871453{margin-top: 3px !important;margin-bottom: 35px !important;}&#8221;][vc_single_image image=&#8221;21355&#8243; img_size=&#8221;full&#8221; add_caption=&#8221;yes&#8221;][vc_empty_space height=&#8221;52px&#8221;][\/vc_column][vc_column width=&#8221;1\/3&#8243;][vc_custom_heading text=&#8221;No KYC Casino in Numbers:&#8221; font_container=&#8221;tag:h2|font_size:32px|text_align:left|line_height:42px&#8221; use_theme_fonts=&#8221;yes&#8221; css_animation=&#8221;none&#8221; css=&#8221;.vc_custom_1708365774094{margin-top: 3px !important;margin-bottom: 35px !important;}&#8221;][vc_column_text]<\/p>\n<ul>\n<li>Provedores 75 + mais de<\/li>\n<li>Ca\u00e7a-n\u00edqueis 15.000 + mais de<\/li>\n<li>Jogos de mesa 500 + mais de<\/li>\n<li>V\u00eddeo p\u00f4quer 700 + mais de<\/li>\n<li>Outros jogos 200 + mais de<\/li>\n<\/ul>\n<p>Mergulhe em um universo expansivo onde mais de 15.000 t\u00edtulos de jogos esperam por voc\u00ea. Desde a agita\u00e7\u00e3o das mesas de cassino ao vivo at\u00e9 o fasc\u00ednio cativante das mais recentes m\u00e1quinas ca\u00e7a-n\u00edqueis, cada jogo \u00e9 uma porta de entrada para uma experi\u00eancia imersiva. <\/p>\n<p>Nossos jogos s\u00e3o extra\u00eddos dos melhores fornecedores de todo o mundo, garantindo que cada intera\u00e7\u00e3o n\u00e3o seja apenas um jogo, mas uma hist\u00f3ria.[\/vc_column_text][\/vc_column][\/vc_row][vc_row css=&#8221;.vc_custom_1664189638235{margin-top: 60px !important;margin-bottom: 100px !important;}&#8221;][vc_column][vc_column_text]<\/p>\n<h2><span style=\"color: #a0c528;\">Integra\u00e7\u00e3o Web3: <span style=\"color: #000000;\">O futuro dos jogos revelado<\/span><\/span><\/h2>\n<p>Em um mundo digital em constante evolu\u00e7\u00e3o, a Sirplay se orgulha de estar na vanguarda da interse\u00e7\u00e3o entre jogos e tecnologia blockchain. Nossa plataforma NO KYC Casino n\u00e3o se trata apenas de contornar o processo de verifica\u00e7\u00e3o tradicional; trata-se de abra\u00e7ar a pr\u00f3xima gera\u00e7\u00e3o da tecnologia de internet Web3. <\/p>\n<p>Ao nos integrarmos com as carteiras Web3, oferecemos uma experi\u00eancia de jogo que n\u00e3o \u00e9 apenas privada e segura, mas tamb\u00e9m de ponta.[\/vc_column_text][vc_single_image image=&#8221;18152&#8243; img_size=&#8221;full&#8221; add_caption=&#8221;yes&#8221; alignment=&#8221;center&#8221;][vc_column_text]<\/p>\n<h2><span style=\"color: #a0c528;\">Principais recursos: <span style=\"color: #000000;\">Vantagem competitiva<\/span><\/span><\/h2>\n<ul>\n<li><strong>O maior cat\u00e1logo de jogos de cassino on-line:<\/strong> Nossas ofertas s\u00e3o incompar\u00e1veis, com um cat\u00e1logo de jogos dos melhores fornecedores do setor. Cada jogo \u00e9 certificado, o que garante que a matem\u00e1tica e a imparcialidade sejam verificadas. <\/li>\n<li><strong>Ferramentas de b\u00f4nus e rentabilidade de ca\u00e7a-n\u00edqueis:<\/strong> Maximize suas ofertas com nossas ferramentas avan\u00e7adas de b\u00f4nus, projetadas para aumentar o envolvimento e a lucratividade.<\/li>\n<li><strong>Criador de campanhas para torneios de jogos:<\/strong> Envolva sua comunidade com torneios personalizados, gra\u00e7as ao nosso abrangente criador de campanhas.<\/li>\n<li><strong>Integra\u00e7\u00e3o perfeita:<\/strong> Combine nossa plataforma com a sua sem esfor\u00e7o, usando nossas op\u00e7\u00f5es de API ou iFrame.<\/li>\n<li><strong>Software de cassino ao vivo inclu\u00eddo:<\/strong> Ofere\u00e7a aos usu\u00e1rios a emo\u00e7\u00e3o de uma experi\u00eancia real de cassino no conforto de suas casas com nosso software de cassino ao vivo.<\/li>\n<\/ul>\n<p>[\/vc_column_text]<div class=\"mt-icon-listgroup-item wow \"><div class=\"mt-icon-listgroup-holder\">\n                  <div class=\"mt-icon-listgroup-icon-holder-inner\"><a ><i style=\"margin-right:px; color:;font-size:px\" class=\"\"><\/i><\/a><\/div>\n                <div class=\"mt-icon-listgroup-content-holder-inner\">\n                  <a  class=\"mt-icon-listgroup-title\" style=\"font-size: px; color: \"><\/a>\n                  <p class=\"mt-icon-listgroup-text\" style=\"font-size: px; color: \"><\/p><\/div>\n              <\/div><\/div>[\/vc_column][\/vc_row][vc_row css=&#8221;.vc_custom_1664189875509{margin-top: 60px !important;margin-bottom: 120px !important;}&#8221;][vc_column][vc_custom_heading text=&#8221;Experi\u00eancia de jogo com preserva\u00e7\u00e3o da privacidade&#8221; font_container=&#8221;tag:h2|font_size:34px|text_align:center|color:%23a0c528|line_height:42px&#8221; use_theme_fonts=&#8221;yes&#8221; css_animation=&#8221;none&#8221; css=&#8221;.vc_custom_1708365519073{margin-top: 3px !important;margin-bottom: 35px !important;}&#8221;][vc_column_text]Mergulhe em uma experi\u00eancia de jogo em que sua privacidade \u00e9 a prioridade. Nosso cassino NO KYC garante que sua aventura comece imediatamente, sem a necessidade de enviar documentos pessoais. Desfrute de uma ampla variedade de jogos de cassino, desde ca\u00e7a-n\u00edqueis cl\u00e1ssicos at\u00e9 sess\u00f5es com crupi\u00ea ao vivo, tudo isso mantendo o seu anonimato.[\/vc_column_text][\/vc_column][\/vc_row][vc_row full_width=&#8221;stretch_row&#8221; css=&#8221;.vc_custom_1656345171276{margin-top: 55px !important;margin-bottom: 80px !important;}&#8221;][vc_column width=&#8221;1\/2&#8243; el_id=&#8221;contact&#8221;][vc_column_text css_animation=&#8221;fadeInUp&#8221; css=&#8221;.vc_custom_1655742515341{margin-top: 0px !important;margin-bottom: 40px !important;}&#8221;]<\/p>\n<h3><strong>Fale Conosco<\/strong><\/h3>\n<p style=\"max-width: 650px;\">Conecte-se com um especialista da Sirplay para uma discuss\u00e3o detalhada sobre como nossos servi\u00e7os podem trazer benef\u00edcios para o seu neg\u00f3cio de apostas e crie sua pr\u00f3pria estrat\u00e9gia.<\/p>\n<p>[\/vc_column_text][vc_column_text css=&#8221;&#8221;]<img loading=\"lazy\" class=\"size-full wp-image-22667 aligncenter\" src=\"https:\/\/sirplay.com\/wp-content\/uploads\/2025\/11\/telegram.png\" alt=\"Telegrama\" width=\"64\" height=\"64\"><\/p>\n<div class=\"tgme_page_extra\" style=\"text-align: center;\"><a href=\"https:\/\/t.me\/SirplaySales\">@SirplaySales<\/a><\/div>\n<p>&nbsp;<\/p>\n<p><img loading=\"lazy\" class=\"size-full wp-image-16974 aligncenter\" src=\"https:\/\/sirplay.com\/gaming-experts\/wp-content\/uploads\/2022\/06\/Whatsapp.jpg\" alt=\"Whatsapp\" width=\"60\" height=\"60\"><\/p>\n<p style=\"text-align: center;\"><a href=\"https:\/\/api.whatsapp.com\/send?phone=3513960904&amp;text=More%20info\" target=\"_blank\" rel=\"noopener\">+39 3513960904<\/a><\/p>\n<p>[\/vc_column_text][\/vc_column][vc_column width=&#8221;1\/2&#8243;]\n<div class=\"wpcf7 no-js\" id=\"wpcf7-f18415-o1\" lang=\"pt-BR\" dir=\"ltr\" data-wpcf7-id=\"18415\">\n<div class=\"screen-reader-response\"><p role=\"status\" aria-live=\"polite\" aria-atomic=\"true\"><\/p> <ul><\/ul><\/div>\n<form action=\"\/pt-br\/wp-json\/wp\/v2\/pages\/22308#wpcf7-f18415-o1\" method=\"post\" class=\"wpcf7-form init\" aria-label=\"Formul\u00e1rios de contato\" novalidate=\"novalidate\" data-status=\"init\">\n<fieldset class=\"hidden-fields-container\"><input type=\"hidden\" name=\"_wpcf7\" value=\"18415\" \/><input type=\"hidden\" name=\"_wpcf7_version\" value=\"6.1.5\" \/><input type=\"hidden\" name=\"_wpcf7_locale\" value=\"pt_BR\" \/><input type=\"hidden\" name=\"_wpcf7_unit_tag\" value=\"wpcf7-f18415-o1\" \/><input type=\"hidden\" name=\"_wpcf7_container_post\" value=\"0\" \/><input type=\"hidden\" name=\"_wpcf7_posted_data_hash\" value=\"\" \/>\n<\/fieldset>\n<p><label> Nome completo<br \/>\n<span class=\"wpcf7-form-control-wrap\" data-name=\"your-name\"><input size=\"40\" maxlength=\"400\" class=\"wpcf7-form-control wpcf7-text wpcf7-validates-as-required\" aria-required=\"true\" aria-invalid=\"false\" value=\"\" type=\"text\" name=\"your-name\" \/><\/span> <\/label>\n<\/p>\n<p><label> Seu email<br \/>\n<span class=\"wpcf7-form-control-wrap\" data-name=\"your-email\"><input size=\"40\" maxlength=\"400\" class=\"wpcf7-form-control wpcf7-email wpcf7-validates-as-required wpcf7-text wpcf7-validates-as-email\" aria-required=\"true\" aria-invalid=\"false\" value=\"\" type=\"email\" name=\"your-email\" \/><\/span> <\/label>\n<\/p>\n<p><label> Pa\u00eds<br \/>\n<span class=\"wpcf7-form-control-wrap\" data-name=\"countrytext-54\"><input size=\"40\" class=\"wpcf7-form-control wpcf7-countrytext wpcf7-text wpcf7-validates-as-countrytext\" aria-invalid=\"false\" value=\"\" type=\"text\" name=\"countrytext-54\" \/><\/span> <\/label>\n<\/p>\n<p><label> N\u00famero de telefone<br \/>\n<span class=\"wpcf7-form-control-wrap\" data-name=\"phonetext-462\"><input size=\"40\" class=\"wpcf7-form-control wpcf7-phonetext wpcf7-text wpcf7-validates-as-phonetext\" aria-invalid=\"false\" value=\"\" type=\"text\" name=\"phonetext-462\" \/><input type=\"hidden\" name=\"phonetext-462-country-code\" class=\"wpcf7-phonetext-country-code\" \/><\/span> <\/label>\n<\/p>\n<p><label> Mensagem<br \/>\n<span class=\"wpcf7-form-control-wrap\" data-name=\"your-message\"><textarea cols=\"40\" rows=\"10\" maxlength=\"2000\" class=\"wpcf7-form-control wpcf7-textarea\" aria-invalid=\"false\" name=\"your-message\"><\/textarea><\/span> <\/label>\n<\/p>\n<p><input class=\"wpcf7-form-control wpcf7-submit has-spinner\" type=\"submit\" value=\"Enviar\" \/>\n<\/p><div class=\"wpcf7-response-output\" aria-hidden=\"true\"><\/div>\n<\/form>\n<\/div>\n[vc_row_inner][vc_column_inner][vc_column_text]N\u00e3o compartilhamos suas informa\u00e7\u00f5es pessoais com ningu\u00e9m. Consulte nossa &#8220;pol\u00edtica de privacidade&#8221; para obter mais informa\u00e7\u00f5es[\/vc_column_text][\/vc_column_inner][\/vc_row_inner][\/vc_column][\/vc_row][vc_row][vc_column][vc_column_text][\/vc_column_text][\/vc_column][\/vc_row]<\/p>\n<\/div>","protected":false},"excerpt":{"rendered":"<p>[vc_row full_width=&#8221;stretch_row_content_no_spaces&#8221; css=&#8221;.vc_custom_1616354721852{margin-bottom: 0px !important;padding-top: 50px !important;padding-bottom: 100px !important;background-image: url(https:\/\/sirplay.com\/wp-content\/uploads\/2021\/03\/we-are-sirplay.jpg) !important;}&#8221; el_class=&#8221;text-center slider-moving&#8221;][vc_column css_animation=&#8221;none&#8221; css=&#8221;.vc_custom_1616345350411{margin-top: 25px !important;}&#8221; offset=&#8221;vc_col-xs-12&#8243;][vc_column_text css=&#8221;.vc_custom_1708363833254{margin-top: 30px !important;}&#8221;]Futuro dos jogos: Anonimato, velocidade e o poder da Web3[\/vc_column_text][\/vc_column][\/vc_row][vc_row css=&#8221;.vc_custom_1664189652988{margin-top: 60px !important;margin-bottom: 100px !important;}&#8221;][vc_column width=&#8221;2\/3&#8243;][vc_custom_heading text=&#8221;Plataforma de cassino NO KYC&#8221; font_container=&#8221;tag:h1|font_size:36px|text_align:left|line_height:46px&#8221; use_theme_fonts=&#8221;yes&#8221; css_animation=&#8221;none&#8221; css=&#8221;.vc_custom_1708363935929{margin-bottom: 30px !important;}&#8221;][vc_column_text css=&#8221;.vc_custom_1708363980710{margin-bottom: 60px !important;}&#8221;]Na Sirplay, n\u00f3s entendemos o valor [&hellip;]<\/p>\n","protected":false},"author":3,"featured_media":21370,"parent":0,"menu_order":0,"comment_status":"closed","ping_status":"closed","template":"","meta":{"footnotes":""},"class_list":["post-22308","page","type-page","status-publish","has-post-thumbnail","hentry"],"yoast_head":"<!-- This site is optimized with the Yoast SEO Premium plugin v27.3 (Yoast SEO v27.3) - https:\/\/yoast.com\/product\/yoast-seo-premium-wordpress\/ -->\n<title>Cassino sem KYC: Anonimato e privacidade em jogos on-line<\/title>\n<meta name=\"description\" content=\"O futuro dos jogos com a nossa plataforma de cassino NO KYC. Aproveite o anonimato, a velocidade e o poder da Web3 para uma experi\u00eancia de jogo perfeita.\" \/>\n<meta name=\"robots\" content=\"index, follow, max-snippet:-1, max-image-preview:large, max-video-preview:-1\" \/>\n<link rel=\"canonical\" href=\"https:\/\/sirplay.com\/pt-br\/cassino-sem-kyc\/\" \/>\n<meta property=\"og:locale\" content=\"pt_BR\" \/>\n<meta property=\"og:type\" content=\"article\" \/>\n<meta property=\"og:title\" content=\"Cassino sem KYC\" \/>\n<meta property=\"og:description\" content=\"Cassino sem KYC\" \/>\n<meta property=\"og:url\" content=\"https:\/\/sirplay.com\/pt-br\/cassino-sem-kyc\/\" \/>\n<meta property=\"og:site_name\" content=\"Sirplay\" \/>\n<meta property=\"article:modified_time\" content=\"2026-01-29T16:06:39+00:00\" \/>\n<meta property=\"og:image\" content=\"https:\/\/sirplay.com\/wp-content\/uploads\/2024\/02\/no-kyc-casino-min.jpg\" \/>\n\t<meta property=\"og:image:width\" content=\"250\" \/>\n\t<meta property=\"og:image:height\" content=\"250\" \/>\n\t<meta property=\"og:image:type\" content=\"image\/jpeg\" \/>\n<meta name=\"twitter:card\" content=\"summary_large_image\" \/>\n<meta name=\"twitter:site\" content=\"@sirplay\" \/>\n<meta name=\"twitter:label1\" content=\"Est. tempo de leitura\" \/>\n\t<meta name=\"twitter:data1\" content=\"6 minutos\" \/>\n<script type=\"application\/ld+json\" class=\"yoast-schema-graph\">{\"@context\":\"https:\\\/\\\/schema.org\",\"@graph\":[{\"@type\":\"WebPage\",\"@id\":\"https:\\\/\\\/sirplay.com\\\/pt-br\\\/cassino-sem-kyc\\\/\",\"url\":\"https:\\\/\\\/sirplay.com\\\/pt-br\\\/cassino-sem-kyc\\\/\",\"name\":\"Cassino sem KYC: Anonimato e privacidade em jogos on-line\",\"isPartOf\":{\"@id\":\"https:\\\/\\\/sirplay.com\\\/pt-br\\\/#website\"},\"primaryImageOfPage\":{\"@id\":\"https:\\\/\\\/sirplay.com\\\/pt-br\\\/cassino-sem-kyc\\\/#primaryimage\"},\"image\":{\"@id\":\"https:\\\/\\\/sirplay.com\\\/pt-br\\\/cassino-sem-kyc\\\/#primaryimage\"},\"thumbnailUrl\":\"https:\\\/\\\/sirplay.com\\\/wp-content\\\/uploads\\\/2024\\\/02\\\/no-kyc-casino-min.jpg\",\"datePublished\":\"2024-10-01T09:54:55+00:00\",\"dateModified\":\"2026-01-29T16:06:39+00:00\",\"description\":\"O futuro dos jogos com a nossa plataforma de cassino NO KYC. Aproveite o anonimato, a velocidade e o poder da Web3 para uma experi\u00eancia de jogo perfeita.\",\"breadcrumb\":{\"@id\":\"https:\\\/\\\/sirplay.com\\\/pt-br\\\/cassino-sem-kyc\\\/#breadcrumb\"},\"inLanguage\":\"pt-BR\",\"potentialAction\":[{\"@type\":\"ReadAction\",\"target\":[\"https:\\\/\\\/sirplay.com\\\/pt-br\\\/cassino-sem-kyc\\\/\"]}]},{\"@type\":\"ImageObject\",\"inLanguage\":\"pt-BR\",\"@id\":\"https:\\\/\\\/sirplay.com\\\/pt-br\\\/cassino-sem-kyc\\\/#primaryimage\",\"url\":\"https:\\\/\\\/sirplay.com\\\/wp-content\\\/uploads\\\/2024\\\/02\\\/no-kyc-casino-min.jpg\",\"contentUrl\":\"https:\\\/\\\/sirplay.com\\\/wp-content\\\/uploads\\\/2024\\\/02\\\/no-kyc-casino-min.jpg\",\"width\":250,\"height\":250},{\"@type\":\"BreadcrumbList\",\"@id\":\"https:\\\/\\\/sirplay.com\\\/pt-br\\\/cassino-sem-kyc\\\/#breadcrumb\",\"itemListElement\":[{\"@type\":\"ListItem\",\"position\":1,\"name\":\"Home\",\"item\":\"https:\\\/\\\/sirplay.com\\\/pt-br\\\/\"},{\"@type\":\"ListItem\",\"position\":2,\"name\":\"Cassino sem KYC\"}]},{\"@type\":\"WebSite\",\"@id\":\"https:\\\/\\\/sirplay.com\\\/pt-br\\\/#website\",\"url\":\"https:\\\/\\\/sirplay.com\\\/pt-br\\\/\",\"name\":\"Sportsbook software provider\",\"description\":\"Sports betting software online and Retail ssbts  - White label casino\",\"publisher\":{\"@id\":\"https:\\\/\\\/sirplay.com\\\/pt-br\\\/#organization\"},\"alternateName\":\"White label casino\",\"potentialAction\":[{\"@type\":\"SearchAction\",\"target\":{\"@type\":\"EntryPoint\",\"urlTemplate\":\"https:\\\/\\\/sirplay.com\\\/pt-br\\\/?s={search_term_string}\"},\"query-input\":{\"@type\":\"PropertyValueSpecification\",\"valueRequired\":true,\"valueName\":\"search_term_string\"}}],\"inLanguage\":\"pt-BR\"},{\"@type\":\"Organization\",\"@id\":\"https:\\\/\\\/sirplay.com\\\/pt-br\\\/#organization\",\"name\":\"Sirplay\",\"alternateName\":\"Sirplay white label\",\"url\":\"https:\\\/\\\/sirplay.com\\\/pt-br\\\/\",\"logo\":{\"@type\":\"ImageObject\",\"inLanguage\":\"pt-BR\",\"@id\":\"https:\\\/\\\/sirplay.com\\\/pt-br\\\/#\\\/schema\\\/logo\\\/image\\\/\",\"url\":\"https:\\\/\\\/sirplay.com\\\/wp-content\\\/uploads\\\/2021\\\/03\\\/cropped-sirplayICO.png\",\"contentUrl\":\"https:\\\/\\\/sirplay.com\\\/wp-content\\\/uploads\\\/2021\\\/03\\\/cropped-sirplayICO.png\",\"width\":512,\"height\":512,\"caption\":\"Sirplay\"},\"image\":{\"@id\":\"https:\\\/\\\/sirplay.com\\\/pt-br\\\/#\\\/schema\\\/logo\\\/image\\\/\"},\"sameAs\":[\"https:\\\/\\\/x.com\\\/sirplay\",\"https:\\\/\\\/www.linkedin.com\\\/company\\\/sirplay\",\"https:\\\/\\\/www.youtube.com\\\/user\\\/BookmakerSolutions\"]}]}<\/script>\n<!-- \/ Yoast SEO Premium plugin. -->","yoast_head_json":{"title":"Cassino sem KYC: Anonimato e privacidade em jogos on-line","description":"O futuro dos jogos com a nossa plataforma de cassino NO KYC. Aproveite o anonimato, a velocidade e o poder da Web3 para uma experi\u00eancia de jogo perfeita.","robots":{"index":"index","follow":"follow","max-snippet":"max-snippet:-1","max-image-preview":"max-image-preview:large","max-video-preview":"max-video-preview:-1"},"canonical":"https:\/\/sirplay.com\/pt-br\/cassino-sem-kyc\/","og_locale":"pt_BR","og_type":"article","og_title":"Cassino sem KYC","og_description":"Cassino sem KYC","og_url":"https:\/\/sirplay.com\/pt-br\/cassino-sem-kyc\/","og_site_name":"Sirplay","article_modified_time":"2026-01-29T16:06:39+00:00","og_image":[{"width":250,"height":250,"url":"https:\/\/sirplay.com\/wp-content\/uploads\/2024\/02\/no-kyc-casino-min.jpg","type":"image\/jpeg"}],"twitter_card":"summary_large_image","twitter_site":"@sirplay","twitter_misc":{"Est. tempo de leitura":"6 minutos"},"schema":{"@context":"https:\/\/schema.org","@graph":[{"@type":"WebPage","@id":"https:\/\/sirplay.com\/pt-br\/cassino-sem-kyc\/","url":"https:\/\/sirplay.com\/pt-br\/cassino-sem-kyc\/","name":"Cassino sem KYC: Anonimato e privacidade em jogos on-line","isPartOf":{"@id":"https:\/\/sirplay.com\/pt-br\/#website"},"primaryImageOfPage":{"@id":"https:\/\/sirplay.com\/pt-br\/cassino-sem-kyc\/#primaryimage"},"image":{"@id":"https:\/\/sirplay.com\/pt-br\/cassino-sem-kyc\/#primaryimage"},"thumbnailUrl":"https:\/\/sirplay.com\/wp-content\/uploads\/2024\/02\/no-kyc-casino-min.jpg","datePublished":"2024-10-01T09:54:55+00:00","dateModified":"2026-01-29T16:06:39+00:00","description":"O futuro dos jogos com a nossa plataforma de cassino NO KYC. Aproveite o anonimato, a velocidade e o poder da Web3 para uma experi\u00eancia de jogo perfeita.","breadcrumb":{"@id":"https:\/\/sirplay.com\/pt-br\/cassino-sem-kyc\/#breadcrumb"},"inLanguage":"pt-BR","potentialAction":[{"@type":"ReadAction","target":["https:\/\/sirplay.com\/pt-br\/cassino-sem-kyc\/"]}]},{"@type":"ImageObject","inLanguage":"pt-BR","@id":"https:\/\/sirplay.com\/pt-br\/cassino-sem-kyc\/#primaryimage","url":"https:\/\/sirplay.com\/wp-content\/uploads\/2024\/02\/no-kyc-casino-min.jpg","contentUrl":"https:\/\/sirplay.com\/wp-content\/uploads\/2024\/02\/no-kyc-casino-min.jpg","width":250,"height":250},{"@type":"BreadcrumbList","@id":"https:\/\/sirplay.com\/pt-br\/cassino-sem-kyc\/#breadcrumb","itemListElement":[{"@type":"ListItem","position":1,"name":"Home","item":"https:\/\/sirplay.com\/pt-br\/"},{"@type":"ListItem","position":2,"name":"Cassino sem KYC"}]},{"@type":"WebSite","@id":"https:\/\/sirplay.com\/pt-br\/#website","url":"https:\/\/sirplay.com\/pt-br\/","name":"Sportsbook software provider","description":"Sports betting software online and Retail ssbts  - White label casino","publisher":{"@id":"https:\/\/sirplay.com\/pt-br\/#organization"},"alternateName":"White label casino","potentialAction":[{"@type":"SearchAction","target":{"@type":"EntryPoint","urlTemplate":"https:\/\/sirplay.com\/pt-br\/?s={search_term_string}"},"query-input":{"@type":"PropertyValueSpecification","valueRequired":true,"valueName":"search_term_string"}}],"inLanguage":"pt-BR"},{"@type":"Organization","@id":"https:\/\/sirplay.com\/pt-br\/#organization","name":"Sirplay","alternateName":"Sirplay white label","url":"https:\/\/sirplay.com\/pt-br\/","logo":{"@type":"ImageObject","inLanguage":"pt-BR","@id":"https:\/\/sirplay.com\/pt-br\/#\/schema\/logo\/image\/","url":"https:\/\/sirplay.com\/wp-content\/uploads\/2021\/03\/cropped-sirplayICO.png","contentUrl":"https:\/\/sirplay.com\/wp-content\/uploads\/2021\/03\/cropped-sirplayICO.png","width":512,"height":512,"caption":"Sirplay"},"image":{"@id":"https:\/\/sirplay.com\/pt-br\/#\/schema\/logo\/image\/"},"sameAs":["https:\/\/x.com\/sirplay","https:\/\/www.linkedin.com\/company\/sirplay","https:\/\/www.youtube.com\/user\/BookmakerSolutions"]}]}},"_links":{"self":[{"href":"https:\/\/sirplay.com\/pt-br\/wp-json\/wp\/v2\/pages\/22308","targetHints":{"allow":["GET"]}}],"collection":[{"href":"https:\/\/sirplay.com\/pt-br\/wp-json\/wp\/v2\/pages"}],"about":[{"href":"https:\/\/sirplay.com\/pt-br\/wp-json\/wp\/v2\/types\/page"}],"author":[{"embeddable":true,"href":"https:\/\/sirplay.com\/pt-br\/wp-json\/wp\/v2\/users\/3"}],"replies":[{"embeddable":true,"href":"https:\/\/sirplay.com\/pt-br\/wp-json\/wp\/v2\/comments?post=22308"}],"version-history":[{"count":5,"href":"https:\/\/sirplay.com\/pt-br\/wp-json\/wp\/v2\/pages\/22308\/revisions"}],"predecessor-version":[{"id":22786,"href":"https:\/\/sirplay.com\/pt-br\/wp-json\/wp\/v2\/pages\/22308\/revisions\/22786"}],"wp:featuredmedia":[{"embeddable":true,"href":"https:\/\/sirplay.com\/pt-br\/wp-json\/wp\/v2\/media\/21370"}],"wp:attachment":[{"href":"https:\/\/sirplay.com\/pt-br\/wp-json\/wp\/v2\/media?parent=22308"}],"curies":[{"name":"wp","href":"https:\/\/api.w.org\/{rel}","templated":true}]}}