{"id":18778,"date":"2021-06-03T17:31:25","date_gmt":"2021-06-03T17:31:25","guid":{"rendered":"https:\/\/sirplay.com\/bahis-terminalleri\/"},"modified":"2024-06-09T10:13:57","modified_gmt":"2024-06-09T10:13:57","slug":"bahis-terminalleri","status":"publish","type":"page","link":"https:\/\/sirplay.com\/tr\/bahis-terminalleri\/","title":{"rendered":"Bahis Terminalleri"},"content":{"rendered":"<div class=\"wpb-content-wrapper\"><p>[vc_row][vc_column][vc_column_text]<strong>Perakende bahis terminallerimiz, bir\u00a0<strong>yaz\u0131c\u0131<\/strong>, bir\u00a0<strong>POS<\/strong>, bir Android Sistemi\u00a0ve Bahis Yaz\u0131l\u0131m\u0131m\u0131zla Haz\u0131r Olup Hepsi Bir Arada \u00c7\u00f6z\u00fcmler olacak \u015fekilde tasarlanm\u0131\u015ft\u0131r<\/strong> -Gitmek.<\/p>\n<p>Karl\u0131 ve ilgi \u00e7ekici bir ma\u011faza i\u00e7i deneyim olu\u015fturmak i\u00e7in Spor Bahisleri Terminalleri b\u00f6l\u00fcm\u00fcn\u00fc ziyaret edin:\u00a0Perakendeyi y\u00f6netmek i\u00e7in \u00e7ok kanall\u0131 platform \u00e7\u00f6z\u00fcmler<\/p>\n<p>Sirplay en iyisini sunan oyun \u00e7\u00f6z\u00fcmleri uzman\u0131d\u0131r dedi\u011fimizde, bunu Bahis ma\u011fazalar\u0131n\u0131z i\u00e7in de yapt\u0131\u011f\u0131m\u0131z\u0131 kastediyoruz.<\/p>\n<p>Avucunuzun i\u00e7ine s\u0131\u011fabilirler, bu da\u00a0<strong>en k\u00fc\u00e7\u00fck bahis ma\u011fazalar\u0131 i\u00e7in de m\u00fckemmel olduklar\u0131<\/strong> anlam\u0131na gelir.[\/vc_column_text][\/vc_column][\/vc_row][vc_row css=&#8221;.vc_custom_1541546704203{margin-top: 30px !important;margin-bottom: 100px !important;}&#8221;][vc_column][vc_row_inner css=&#8221;.vc_custom_1541538802692{margin-top: 65px !important;}&#8221;][vc_column_inner width=&#8221;1\/2&#8243;][vc_custom_heading text=&#8221;Hepsi bir arada spor bahis terminalleri Android POS&#8221; font_container=&#8221;tag:h2|font_size:40px|text_align:left|color:%23a0c528|line_height:40px&#8221; use_theme_fonts=&#8221;yes&#8221; css_animation=&#8221;none&#8221; css=&#8221;.vc_custom_1622741815768{margin-top: 3px !important;margin-bottom: 35px !important;}&#8221;][vc_single_image image=&#8221;18596&#8243; img_size=&#8221;full&#8221; alignment=&#8221;center&#8221;][vc_column_text css_animation=&#8221;none&#8221; css=&#8221;.vc_custom_1621012798328{margin-bottom: 45px !important;}&#8221;]<\/p>\n<p style=\"max-width: 500px; margin-bottom: 30px;\"><strong>Android OS<\/strong> &#8211; son s\u00fcr\u00fcm<br \/>\nWi-Fi Ba\u011flant\u0131s\u0131 +4g A\u011f<br \/>\n\u00c7ift Sim Kart<br \/>\nBarkod taray\u0131c\u0131<br \/>\n5\u2033 LCD<br \/>\nTu\u015f tak\u0131m\u0131<br \/>\nDahili geni\u015fletilebilir bellek<br \/>\nTemass\u0131z kart okuyucu<br \/>\n5 MP kamera[\/vc_column_text][vc_column_text css_animation=&#8221;none&#8221;]<\/p>\n<div class=\"niva-separator\" style=\"height: 4px; background: #A0C528; width: 60px; border-radius: 5px;\"><\/div>\n<p>[\/vc_column_text][\/vc_column_inner][vc_column_inner width=&#8221;1\/2&#8243; offset=&#8221;vc_hidden-xs&#8221; css=&#8221;.vc_custom_1621013239504{background-color: #a0c528 !important;}&#8221;][vc_single_image image=&#8221;18635&#8243; img_size=&#8221;full&#8221; alignment=&#8221;center&#8221;][vc_custom_heading text=&#8221;Hepsi bir arada spor bahis terminalleri android POS&#8221; font_container=&#8221;tag:h2|font_size:40px|text_align:left|color:%23ffffff|line_height:40px&#8221; use_theme_fonts=&#8221;yes&#8221; css_animation=&#8221;none&#8221; css=&#8221;.vc_custom_1621013256057{margin-top: 3px !important;margin-bottom: 35px !important;}&#8221;][vc_column_text]<\/p>\n<p style=\"color: #ffffff;\"><strong>Android<\/strong> son i\u015fletim sistemi<br \/>\nEntegre 4.0 Bluetooth<br \/>\nWi-Fi Ba\u011flant\u0131s\u0131 + 3g\/4g a\u011f<br \/>\nDahili 58 mm termal yaz\u0131c\u0131<br \/>\nNFC\/\u00e7ipli kartlar\/manyetik \u015feritli kartlar desteklenir<br \/>\n1D&amp;2D Barkod taray\u0131c\u0131<br \/>\nGPS entegre<br \/>\n\u00c7ift ekran: dokunmatik ekran ve m\u00fc\u015fteri ekran\u0131<br \/>\n7&#8243; LCD[\/vc_column_text][\/vc_column_inner][\/vc_row_inner][vc_row_inner css=&#8221;.vc_custom_1541538802692{margin-top: 65px !important;}&#8221;][vc_column_inner width=&#8221;1\/2&#8243; offset=&#8221;vc_hidden-xs&#8221; css=&#8221;.vc_custom_1621013239504{background-color: #a0c528 !important;}&#8221;][vc_single_image image=&#8221;18645&#8243; img_size=&#8221;full&#8221; alignment=&#8221;center&#8221;][vc_custom_heading text=&#8221;Ta\u015f\u0131nabilir mini bilet bluetooth yaz\u0131c\u0131&#8221; font_container=&#8221;tag:h2|font_size:40px|text_align:left|color:%23ffffff|line_height:40px&#8221; use_theme_fonts=&#8221;yes&#8221; css_animation=&#8221;none&#8221; css=&#8221;.vc_custom_1621417419903{margin-top: 3px !important;margin-bottom: 35px !important;}&#8221;][vc_column_text]<\/p>\n<p style=\"color: #ffffff;\"><strong>Y\u00fcksek Teknoloji Tasar\u0131m\u0131<\/strong><br \/>\nCebinize uygun mini boyutlar \u2013 110 mm x 45 mm x 85 mm<br \/>\nBluetooth entegre Wi-Fi Ba\u011flant\u0131s\u0131 + 2g\/3g\/4g a\u011f<br \/>\n1d\/2d barkod deste\u011fi<br \/>\n10m \u00f6zerkli\u011fe sahip dahili termal yaz\u0131c\u0131![\/vc_column_text][\/vc_column_inner][vc_column_inner width=&#8221;1\/2&#8243;][vc_custom_heading text=&#8221;Android mini bilet yaz\u0131c\u0131s\u0131&#8221; font_container=&#8221;tag:h2|font_size:40px|text_align:left|color:%23a0c528|line_height:40px&#8221; use_theme_fonts=&#8221;yes&#8221; css_animation=&#8221;none&#8221; css=&#8221;.vc_custom_1621417910064{margin-top: 3px !important;margin-bottom: 35px !important;}&#8221;][vc_single_image image=&#8221;18655&#8243; img_size=&#8221;full&#8221; alignment=&#8221;center&#8221;][vc_column_text css_animation=&#8221;none&#8221; css=&#8221;.vc_custom_1621417966198{margin-bottom: 45px !important;}&#8221;]<\/p>\n<p style=\"max-width: 500px; margin-bottom: 30px;\"><strong>Android<\/strong> son i\u015fletim sistemi<br \/>\nWi-Fi Ba\u011flant\u0131s\u0131 +3g \/4g a\u011f<br \/>\n2D barkod + QR kod taray\u0131c\u0131 entegre<br \/>\nDahili 58 mm termal yaz\u0131c\u0131<br \/>\n5.5\u2033 LCD<br \/>\n5200 mAh Batarya[\/vc_column_text][vc_column_text css_animation=&#8221;none&#8221;]<\/p>\n<div class=\"niva-separator\" style=\"height: 4px; background: #A0C528; width: 60px; border-radius: 5px;\"><\/div>\n<p>[\/vc_column_text][\/vc_column_inner][\/vc_row_inner][vc_row_inner css=&#8221;.vc_custom_1541538802692{margin-top: 65px !important;}&#8221;][vc_column_inner width=&#8221;1\/2&#8243;][vc_custom_heading text=&#8221;Mobil pos termal bluetooth yaz\u0131c\u0131&#8221; font_container=&#8221;tag:h2|font_size:40px|text_align:left|color:%23a0c528|line_height:40px&#8221; use_theme_fonts=&#8221;yes&#8221; css_animation=&#8221;none&#8221; css=&#8221;.vc_custom_1621418068629{margin-top: 3px !important;margin-bottom: 35px !important;}&#8221;][vc_single_image image=&#8221;18665&#8243; img_size=&#8221;full&#8221; alignment=&#8221;center&#8221;][vc_column_text css_animation=&#8221;none&#8221; css=&#8221;.vc_custom_1621418282987{margin-bottom: 45px !important;}&#8221;]<\/p>\n<p style=\"max-width: 500px; margin-bottom: 30px;\"><strong>3 in\u00e7<\/strong> geni\u015fli\u011finde bask\u0131 mekanizmas\u0131<br \/>\nTek elle boyutland\u0131rma<br \/>\nWi-Fi Ba\u011flant\u0131s\u0131 + 2.0\/3.0 Bluetooth<br \/>\n2D Barkodu Destekleyin<br \/>\nYerle\u015fik <strong>78\/58 mm termal yaz\u0131c\u0131<\/strong><br \/>\nTemass\u0131z\/Manyetik\/Ak\u0131ll\u0131 Kart okuyucu[\/vc_column_text][vc_column_text css_animation=&#8221;none&#8221;]<\/p>\n<div class=\"niva-separator\" style=\"height: 4px; background: #A0C528; width: 60px; border-radius: 5px;\"><\/div>\n<p>[\/vc_column_text][\/vc_column_inner][vc_column_inner width=&#8221;1\/2&#8243; offset=&#8221;vc_hidden-xs&#8221; css=&#8221;.vc_custom_1621013239504{background-color: #a0c528 !important;}&#8221;][vc_custom_heading text=&#8221;Daha fazla bilgi edinmek veya sekt\u00f6rdeki en iyi Bahis Terminallerinin bir demosuna sahip olmak i\u00e7in Bize Ula\u015f\u0131n.&#8221; font_container=&#8221;tag:h3|font_size:30px|text_align:left|color:%23ffffff|line_height:30px&#8221; use_theme_fonts=&#8221;yes&#8221; css_animation=&#8221;none&#8221; css=&#8221;.vc_custom_1621418431855{margin-top: 3px !important;margin-bottom: 35px !important;}&#8221;]\n<div class=\"wpcf7 no-js\" id=\"wpcf7-f19224-o1\" lang=\"tr-TR\" dir=\"ltr\" data-wpcf7-id=\"19224\">\n<div class=\"screen-reader-response\"><p role=\"status\" aria-live=\"polite\" aria-atomic=\"true\"><\/p> <ul><\/ul><\/div>\n<form action=\"\/tr\/wp-json\/wp\/v2\/pages\/18778#wpcf7-f19224-o1\" method=\"post\" class=\"wpcf7-form init\" aria-label=\"\u0130leti\u015fim Formu\" novalidate=\"novalidate\" data-status=\"init\">\n<fieldset class=\"hidden-fields-container\"><input type=\"hidden\" name=\"_wpcf7\" value=\"19224\" \/><input type=\"hidden\" name=\"_wpcf7_version\" value=\"6.1.5\" \/><input type=\"hidden\" name=\"_wpcf7_locale\" value=\"tr_TR\" \/><input type=\"hidden\" name=\"_wpcf7_unit_tag\" value=\"wpcf7-f19224-o1\" \/><input type=\"hidden\" name=\"_wpcf7_container_post\" value=\"0\" \/><input type=\"hidden\" name=\"_wpcf7_posted_data_hash\" value=\"\" \/>\n<\/fieldset>\n<p><label> Ad Soyad<br \/>\n<span class=\"wpcf7-form-control-wrap\" data-name=\"your-name\"><input size=\"40\" maxlength=\"400\" class=\"wpcf7-form-control wpcf7-text wpcf7-validates-as-required\" aria-required=\"true\" aria-invalid=\"false\" value=\"\" type=\"text\" name=\"your-name\" \/><\/span> <\/label>\n<\/p>\n<p><label> E-posta adresiniz<br \/>\n<span class=\"wpcf7-form-control-wrap\" data-name=\"your-email\"><input size=\"40\" maxlength=\"400\" class=\"wpcf7-form-control wpcf7-email wpcf7-validates-as-required wpcf7-text wpcf7-validates-as-email\" aria-required=\"true\" aria-invalid=\"false\" value=\"\" type=\"email\" name=\"your-email\" \/><\/span> <\/label>\n<\/p>\n<p><label> \u00fclke<br \/>\n<span class=\"wpcf7-form-control-wrap\" data-name=\"countrytext-54\"><input size=\"40\" class=\"wpcf7-form-control wpcf7-countrytext wpcf7-text wpcf7-validates-as-countrytext\" aria-invalid=\"false\" value=\"\" type=\"text\" name=\"countrytext-54\" \/><\/span> <\/label>\n<\/p>\n<p><label> Telefon numaras\u0131<br \/>\n<span class=\"wpcf7-form-control-wrap\" data-name=\"phonetext-462\"><input size=\"40\" class=\"wpcf7-form-control wpcf7-phonetext wpcf7-text wpcf7-validates-as-phonetext\" aria-invalid=\"false\" value=\"\" type=\"text\" name=\"phonetext-462\" \/><input type=\"hidden\" name=\"phonetext-462-country-code\" class=\"wpcf7-phonetext-country-code\" \/><\/span> <\/label>\n<\/p>\n<p><label> \u0130leti<br \/>\n<span class=\"wpcf7-form-control-wrap\" data-name=\"your-message\"><textarea cols=\"40\" rows=\"10\" maxlength=\"2000\" class=\"wpcf7-form-control wpcf7-textarea\" aria-invalid=\"false\" name=\"your-message\"><\/textarea><\/span> <\/label>\n<\/p>\n<p><input class=\"wpcf7-form-control wpcf7-submit has-spinner\" type=\"submit\" value=\"Sunmak\" \/>\n<\/p><div class=\"wpcf7-response-output\" aria-hidden=\"true\"><\/div>\n<\/form>\n<\/div>\n[\/vc_column_inner][\/vc_row_inner][\/vc_column][\/vc_row][vc_row full_width=&#8221;stretch_row&#8221; css=&#8221;.vc_custom_1621418719491{margin-bottom: 0px !important;padding-top: 25px !important;padding-bottom: 25px !important;background-color: #a0c528 !important;}&#8221;][vc_column css=&#8221;.vc_custom_1538908117168{padding-top: 0px !important;}&#8221;][vc_custom_heading text=&#8221;Bahis ma\u011fazalar\u0131n\u0131z i\u00e7in terminaller veya Casino i\u00e7in self servis terminaller ar\u0131yorsan\u0131z, l\u00fctfen perakende \u00e7\u00f6z\u00fcmleri i\u00e7in b\u00f6l\u00fcm\u00fcm\u00fcz\u00fc ziyaret edin.&#8221; font_container=&#8221;tag:h3|font_size:22px|text_align:center|color:%23ffffff|line_height:24px&#8221; use_theme_fonts=&#8221;yes&#8221; css=&#8221;.vc_custom_1656598514338{margin-top: 0px !important;margin-bottom: 0px !important;}&#8221;][\/vc_column][\/vc_row]<\/p>\n<\/div>","protected":false},"excerpt":{"rendered":"<p>[vc_row][vc_column][vc_column_text]Perakende bahis terminallerimiz, bir\u00a0yaz\u0131c\u0131, bir\u00a0POS, bir Android Sistemi\u00a0ve Bahis Yaz\u0131l\u0131m\u0131m\u0131zla Haz\u0131r Olup Hepsi Bir Arada \u00c7\u00f6z\u00fcmler olacak \u015fekilde tasarlanm\u0131\u015ft\u0131r -Gitmek. Karl\u0131 ve ilgi \u00e7ekici bir ma\u011faza i\u00e7i deneyim olu\u015fturmak i\u00e7in Spor Bahisleri Terminalleri b\u00f6l\u00fcm\u00fcn\u00fc ziyaret edin:\u00a0Perakendeyi y\u00f6netmek i\u00e7in \u00e7ok kanall\u0131 platform \u00e7\u00f6z\u00fcmler Sirplay en iyisini sunan oyun \u00e7\u00f6z\u00fcmleri uzman\u0131d\u0131r dedi\u011fimizde, bunu Bahis ma\u011fazalar\u0131n\u0131z i\u00e7in de [&hellip;]<\/p>\n","protected":false},"author":1,"featured_media":18635,"parent":0,"menu_order":0,"comment_status":"closed","ping_status":"closed","template":"","meta":{"footnotes":""},"class_list":["post-18778","page","type-page","status-publish","has-post-thumbnail","hentry"],"yoast_head":"<!-- This site is optimized with the Yoast SEO Premium plugin v27.3 (Yoast SEO v27.3) - https:\/\/yoast.com\/product\/yoast-seo-premium-wordpress\/ -->\n<title>Bahis Terminalleri - Sirplay<\/title>\n<meta name=\"description\" content=\"Karl\u0131 ve ilgi \u00e7ekici bir ma\u011faza i\u00e7i deneyim olu\u015fturmak i\u00e7in Spor Bahisleri Terminalleri b\u00f6l\u00fcm\u00fcn\u00fc ziyaret edin: Perakendeyi y\u00f6netmek i\u00e7in \u00e7ok kanall\u0131\" \/>\n<meta name=\"robots\" content=\"index, follow, max-snippet:-1, max-image-preview:large, max-video-preview:-1\" \/>\n<link rel=\"canonical\" href=\"https:\/\/sirplay.com\/tr\/bahis-terminalleri\/\" \/>\n<meta property=\"og:locale\" content=\"tr_TR\" \/>\n<meta property=\"og:type\" content=\"article\" \/>\n<meta property=\"og:title\" content=\"Bahis Terminalleri\" \/>\n<meta property=\"og:description\" content=\"Bahis Terminalleri\" \/>\n<meta property=\"og:url\" content=\"https:\/\/sirplay.com\/tr\/bahis-terminalleri\/\" \/>\n<meta property=\"og:site_name\" content=\"Sirplay\" \/>\n<meta property=\"article:modified_time\" content=\"2024-06-09T10:13:57+00:00\" \/>\n<meta property=\"og:image\" content=\"https:\/\/sirplay.com\/wp-content\/uploads\/2021\/05\/Tousei-Android-Handheld-Payment-POS-Tablet-Terminal-1.png\" \/>\n\t<meta property=\"og:image:width\" content=\"418\" \/>\n\t<meta property=\"og:image:height\" content=\"418\" \/>\n\t<meta property=\"og:image:type\" content=\"image\/png\" \/>\n<meta name=\"twitter:card\" content=\"summary_large_image\" \/>\n<meta name=\"twitter:site\" content=\"@sirplay\" \/>\n<meta name=\"twitter:label1\" content=\"Tahmini okuma s\u00fcresi\" \/>\n\t<meta name=\"twitter:data1\" content=\"3 dakika\" \/>\n<script type=\"application\/ld+json\" class=\"yoast-schema-graph\">{\"@context\":\"https:\\\/\\\/schema.org\",\"@graph\":[{\"@type\":\"WebPage\",\"@id\":\"https:\\\/\\\/sirplay.com\\\/tr\\\/bahis-terminalleri\\\/\",\"url\":\"https:\\\/\\\/sirplay.com\\\/tr\\\/bahis-terminalleri\\\/\",\"name\":\"Bahis Terminalleri - Sirplay\",\"isPartOf\":{\"@id\":\"https:\\\/\\\/sirplay.com\\\/tr\\\/#website\"},\"primaryImageOfPage\":{\"@id\":\"https:\\\/\\\/sirplay.com\\\/tr\\\/bahis-terminalleri\\\/#primaryimage\"},\"image\":{\"@id\":\"https:\\\/\\\/sirplay.com\\\/tr\\\/bahis-terminalleri\\\/#primaryimage\"},\"thumbnailUrl\":\"https:\\\/\\\/sirplay.com\\\/wp-content\\\/uploads\\\/2021\\\/05\\\/Tousei-Android-Handheld-Payment-POS-Tablet-Terminal-1.png\",\"datePublished\":\"2021-06-03T17:31:25+00:00\",\"dateModified\":\"2024-06-09T10:13:57+00:00\",\"description\":\"Karl\u0131 ve ilgi \u00e7ekici bir ma\u011faza i\u00e7i deneyim olu\u015fturmak i\u00e7in Spor Bahisleri Terminalleri b\u00f6l\u00fcm\u00fcn\u00fc ziyaret edin: Perakendeyi y\u00f6netmek i\u00e7in \u00e7ok kanall\u0131\",\"breadcrumb\":{\"@id\":\"https:\\\/\\\/sirplay.com\\\/tr\\\/bahis-terminalleri\\\/#breadcrumb\"},\"inLanguage\":\"tr\",\"potentialAction\":[{\"@type\":\"ReadAction\",\"target\":[\"https:\\\/\\\/sirplay.com\\\/tr\\\/bahis-terminalleri\\\/\"]}]},{\"@type\":\"ImageObject\",\"inLanguage\":\"tr\",\"@id\":\"https:\\\/\\\/sirplay.com\\\/tr\\\/bahis-terminalleri\\\/#primaryimage\",\"url\":\"https:\\\/\\\/sirplay.com\\\/wp-content\\\/uploads\\\/2021\\\/05\\\/Tousei-Android-Handheld-Payment-POS-Tablet-Terminal-1.png\",\"contentUrl\":\"https:\\\/\\\/sirplay.com\\\/wp-content\\\/uploads\\\/2021\\\/05\\\/Tousei-Android-Handheld-Payment-POS-Tablet-Terminal-1.png\",\"width\":418,\"height\":418,\"caption\":\"Tousei Android El Tipi \u00d6deme POS Tablet Terminali\"},{\"@type\":\"BreadcrumbList\",\"@id\":\"https:\\\/\\\/sirplay.com\\\/tr\\\/bahis-terminalleri\\\/#breadcrumb\",\"itemListElement\":[{\"@type\":\"ListItem\",\"position\":1,\"name\":\"Home\",\"item\":\"https:\\\/\\\/sirplay.com\\\/tr\\\/\"},{\"@type\":\"ListItem\",\"position\":2,\"name\":\"Bahis Terminalleri\"}]},{\"@type\":\"WebSite\",\"@id\":\"https:\\\/\\\/sirplay.com\\\/tr\\\/#website\",\"url\":\"https:\\\/\\\/sirplay.com\\\/tr\\\/\",\"name\":\"Sportsbook software provider\",\"description\":\"Sports betting software online and Retail ssbts  - White label casino\",\"publisher\":{\"@id\":\"https:\\\/\\\/sirplay.com\\\/tr\\\/#organization\"},\"alternateName\":\"White label casino\",\"potentialAction\":[{\"@type\":\"SearchAction\",\"target\":{\"@type\":\"EntryPoint\",\"urlTemplate\":\"https:\\\/\\\/sirplay.com\\\/tr\\\/?s={search_term_string}\"},\"query-input\":{\"@type\":\"PropertyValueSpecification\",\"valueRequired\":true,\"valueName\":\"search_term_string\"}}],\"inLanguage\":\"tr\"},{\"@type\":\"Organization\",\"@id\":\"https:\\\/\\\/sirplay.com\\\/tr\\\/#organization\",\"name\":\"Sirplay\",\"alternateName\":\"Sirplay white label\",\"url\":\"https:\\\/\\\/sirplay.com\\\/tr\\\/\",\"logo\":{\"@type\":\"ImageObject\",\"inLanguage\":\"tr\",\"@id\":\"https:\\\/\\\/sirplay.com\\\/tr\\\/#\\\/schema\\\/logo\\\/image\\\/\",\"url\":\"https:\\\/\\\/sirplay.com\\\/wp-content\\\/uploads\\\/2021\\\/03\\\/cropped-sirplayICO.png\",\"contentUrl\":\"https:\\\/\\\/sirplay.com\\\/wp-content\\\/uploads\\\/2021\\\/03\\\/cropped-sirplayICO.png\",\"width\":512,\"height\":512,\"caption\":\"Sirplay\"},\"image\":{\"@id\":\"https:\\\/\\\/sirplay.com\\\/tr\\\/#\\\/schema\\\/logo\\\/image\\\/\"},\"sameAs\":[\"https:\\\/\\\/x.com\\\/sirplay\",\"https:\\\/\\\/www.linkedin.com\\\/company\\\/sirplay\",\"https:\\\/\\\/www.youtube.com\\\/user\\\/BookmakerSolutions\"]}]}<\/script>\n<!-- \/ Yoast SEO Premium plugin. -->","yoast_head_json":{"title":"Bahis Terminalleri - Sirplay","description":"Karl\u0131 ve ilgi \u00e7ekici bir ma\u011faza i\u00e7i deneyim olu\u015fturmak i\u00e7in Spor Bahisleri Terminalleri b\u00f6l\u00fcm\u00fcn\u00fc ziyaret edin: Perakendeyi y\u00f6netmek i\u00e7in \u00e7ok kanall\u0131","robots":{"index":"index","follow":"follow","max-snippet":"max-snippet:-1","max-image-preview":"max-image-preview:large","max-video-preview":"max-video-preview:-1"},"canonical":"https:\/\/sirplay.com\/tr\/bahis-terminalleri\/","og_locale":"tr_TR","og_type":"article","og_title":"Bahis Terminalleri","og_description":"Bahis Terminalleri","og_url":"https:\/\/sirplay.com\/tr\/bahis-terminalleri\/","og_site_name":"Sirplay","article_modified_time":"2024-06-09T10:13:57+00:00","og_image":[{"width":418,"height":418,"url":"https:\/\/sirplay.com\/wp-content\/uploads\/2021\/05\/Tousei-Android-Handheld-Payment-POS-Tablet-Terminal-1.png","type":"image\/png"}],"twitter_card":"summary_large_image","twitter_site":"@sirplay","twitter_misc":{"Tahmini okuma s\u00fcresi":"3 dakika"},"schema":{"@context":"https:\/\/schema.org","@graph":[{"@type":"WebPage","@id":"https:\/\/sirplay.com\/tr\/bahis-terminalleri\/","url":"https:\/\/sirplay.com\/tr\/bahis-terminalleri\/","name":"Bahis Terminalleri - Sirplay","isPartOf":{"@id":"https:\/\/sirplay.com\/tr\/#website"},"primaryImageOfPage":{"@id":"https:\/\/sirplay.com\/tr\/bahis-terminalleri\/#primaryimage"},"image":{"@id":"https:\/\/sirplay.com\/tr\/bahis-terminalleri\/#primaryimage"},"thumbnailUrl":"https:\/\/sirplay.com\/wp-content\/uploads\/2021\/05\/Tousei-Android-Handheld-Payment-POS-Tablet-Terminal-1.png","datePublished":"2021-06-03T17:31:25+00:00","dateModified":"2024-06-09T10:13:57+00:00","description":"Karl\u0131 ve ilgi \u00e7ekici bir ma\u011faza i\u00e7i deneyim olu\u015fturmak i\u00e7in Spor Bahisleri Terminalleri b\u00f6l\u00fcm\u00fcn\u00fc ziyaret edin: Perakendeyi y\u00f6netmek i\u00e7in \u00e7ok kanall\u0131","breadcrumb":{"@id":"https:\/\/sirplay.com\/tr\/bahis-terminalleri\/#breadcrumb"},"inLanguage":"tr","potentialAction":[{"@type":"ReadAction","target":["https:\/\/sirplay.com\/tr\/bahis-terminalleri\/"]}]},{"@type":"ImageObject","inLanguage":"tr","@id":"https:\/\/sirplay.com\/tr\/bahis-terminalleri\/#primaryimage","url":"https:\/\/sirplay.com\/wp-content\/uploads\/2021\/05\/Tousei-Android-Handheld-Payment-POS-Tablet-Terminal-1.png","contentUrl":"https:\/\/sirplay.com\/wp-content\/uploads\/2021\/05\/Tousei-Android-Handheld-Payment-POS-Tablet-Terminal-1.png","width":418,"height":418,"caption":"Tousei Android El Tipi \u00d6deme POS Tablet Terminali"},{"@type":"BreadcrumbList","@id":"https:\/\/sirplay.com\/tr\/bahis-terminalleri\/#breadcrumb","itemListElement":[{"@type":"ListItem","position":1,"name":"Home","item":"https:\/\/sirplay.com\/tr\/"},{"@type":"ListItem","position":2,"name":"Bahis Terminalleri"}]},{"@type":"WebSite","@id":"https:\/\/sirplay.com\/tr\/#website","url":"https:\/\/sirplay.com\/tr\/","name":"Sportsbook software provider","description":"Sports betting software online and Retail ssbts  - White label casino","publisher":{"@id":"https:\/\/sirplay.com\/tr\/#organization"},"alternateName":"White label casino","potentialAction":[{"@type":"SearchAction","target":{"@type":"EntryPoint","urlTemplate":"https:\/\/sirplay.com\/tr\/?s={search_term_string}"},"query-input":{"@type":"PropertyValueSpecification","valueRequired":true,"valueName":"search_term_string"}}],"inLanguage":"tr"},{"@type":"Organization","@id":"https:\/\/sirplay.com\/tr\/#organization","name":"Sirplay","alternateName":"Sirplay white label","url":"https:\/\/sirplay.com\/tr\/","logo":{"@type":"ImageObject","inLanguage":"tr","@id":"https:\/\/sirplay.com\/tr\/#\/schema\/logo\/image\/","url":"https:\/\/sirplay.com\/wp-content\/uploads\/2021\/03\/cropped-sirplayICO.png","contentUrl":"https:\/\/sirplay.com\/wp-content\/uploads\/2021\/03\/cropped-sirplayICO.png","width":512,"height":512,"caption":"Sirplay"},"image":{"@id":"https:\/\/sirplay.com\/tr\/#\/schema\/logo\/image\/"},"sameAs":["https:\/\/x.com\/sirplay","https:\/\/www.linkedin.com\/company\/sirplay","https:\/\/www.youtube.com\/user\/BookmakerSolutions"]}]}},"_links":{"self":[{"href":"https:\/\/sirplay.com\/tr\/wp-json\/wp\/v2\/pages\/18778","targetHints":{"allow":["GET"]}}],"collection":[{"href":"https:\/\/sirplay.com\/tr\/wp-json\/wp\/v2\/pages"}],"about":[{"href":"https:\/\/sirplay.com\/tr\/wp-json\/wp\/v2\/types\/page"}],"author":[{"embeddable":true,"href":"https:\/\/sirplay.com\/tr\/wp-json\/wp\/v2\/users\/1"}],"replies":[{"embeddable":true,"href":"https:\/\/sirplay.com\/tr\/wp-json\/wp\/v2\/comments?post=18778"}],"version-history":[{"count":2,"href":"https:\/\/sirplay.com\/tr\/wp-json\/wp\/v2\/pages\/18778\/revisions"}],"predecessor-version":[{"id":21566,"href":"https:\/\/sirplay.com\/tr\/wp-json\/wp\/v2\/pages\/18778\/revisions\/21566"}],"wp:featuredmedia":[{"embeddable":true,"href":"https:\/\/sirplay.com\/tr\/wp-json\/wp\/v2\/media\/18635"}],"wp:attachment":[{"href":"https:\/\/sirplay.com\/tr\/wp-json\/wp\/v2\/media?parent=18778"}],"curies":[{"name":"wp","href":"https:\/\/api.w.org\/{rel}","templated":true}]}}