{"id":18819,"date":"2021-06-04T09:48:57","date_gmt":"2021-06-04T09:48:57","guid":{"rendered":"https:\/\/sirplay.com\/bitcoin-spor-bahis-yazilimi\/"},"modified":"2024-06-10T11:25:19","modified_gmt":"2024-06-10T11:25:19","slug":"bitcoin-spor-bahis-yazilimi","status":"publish","type":"page","link":"https:\/\/sirplay.com\/tr\/bitcoin-spor-bahis-yazilimi\/","title":{"rendered":"Bitcoin spor bahis yaz\u0131l\u0131m\u0131"},"content":{"rendered":"<div class=\"wpb-content-wrapper\"><p>[vc_row][vc_column][vc_column_text css=&#8221;&#8221;]<\/p>\n<h6 class=\"section-title dark_title\" style=\"text-align: center;\">B\u0130TCO\u0130N SPOR BAH\u0130SLER\u0130 YAZILIMI<\/h6>\n<p class=\"section-description dark_description\" style=\"text-align: center;\">Bitcoin spor bahisleri yaz\u0131l\u0131m\u0131n\u0131z\u0131 ba\u015flat\u0131n<\/p>\n<p>[\/vc_column_text][\/vc_column][\/vc_row][vc_row css=&#8221;.vc_custom_1617808948945{margin-top: 60px !important;}&#8221;][vc_column width=&#8221;1\/2&#8243;][vc_column_text css=&#8221;&#8221;]Sirplay, tamamen kripto para birimine d\u00f6n\u00fc\u015ft\u00fcr\u00fclm\u00fc\u015f ilk Bitcoin spor bahisleri yaz\u0131l\u0131m\u0131n\u0131 piyasaya s\u00fcrd\u00fc,<strong> oyuncular\u0131n Bitcoin ile bahis oynamas\u0131na izin vermek i\u00e7in m\u00fckemmel bir bahis \u00e7\u00f6z\u00fcm\u00fc.<\/strong><\/p>\n<p>G\u00fcn\u00fcm\u00fczde, Bitcoin tam te\u015fekk\u00fcll\u00fc bir para birimidir,\u00a0<strong>\u00d6yleyse neden oyuncular\u0131n\u0131za Bitcoins ile bahis oynama \u015fans\u0131 vermiyorsunuz?<\/strong> Sirplay, en yenilik\u00e7i bahis\u00e7ilerin t\u00fcm\u00fcne Bitcoin&#8217;lerini ba\u015flatma \u015fans\u0131 veriyor spor bahisleri yaz\u0131l\u0131m\u0131.<\/p>\n<p>Sirplay, beyaz etiketli spor bahisleri yaz\u0131l\u0131m\u0131nda bir\u00a0<a href=\"https:\/\/sirplay.com\" rel=\"noopener\">\u00f6deme y\u00f6ntemi olarak kripto para birimini kullanarak, Bitcoin&#8217;in bahis end\u00fcstrisindeki f\u0131rsatlar\u0131n\u0131 bir s\u00fcre \u00f6nce anlad\u0131 <\/a>. \u015eimdi, tamamen kripto para birimine d\u00f6n\u00fc\u015ft\u00fcr\u00fclm\u00fc\u015f bir <strong>Bitcoin spor bahisleri\u00a0yaz\u0131l\u0131m\u0131n\u0131<\/strong> sunarak <strong>dayana\u011f\u0131 kald\u0131r\u0131yoruz<\/strong>.[\/vc_column_text][\/vc_column][vc_column width=&#8221;1\/2&#8243;][vc_video link=&#8221;https:\/\/www.youtube.com\/watch?v=VeeIBRtNBis&#8221; align=&#8221;center&#8221;][\/vc_column][\/vc_row][vc_row css=&#8221;.vc_custom_1617809354258{margin-top: 60px !important;}&#8221;][vc_column width=&#8221;1\/2&#8243;][vc_column_text][\/vc_column_text][vc_single_image image=&#8221;17881&#8243; img_size=&#8221;large&#8221;][\/vc_column][vc_column width=&#8221;1\/2&#8243;][vc_column_text]<\/p>\n<h2>\u00d6zelliklerimizle beyaz etiketli Bitcoin spor bahisleri yaz\u0131l\u0131m\u0131n\u0131z\u0131 edinin:<\/h2>\n<p><!-- \/wp:post-content --><br \/>\n<!-- wp:list --><\/p>\n<ul>\n<li>Gizlilik ve anonimli\u011fe sayg\u0131 duyulur<\/li>\n<li>Marka bilinci olu\u015fturma ve \u00f6zelle\u015ftirme dahildir<\/li>\n<li>Blockchain \u00fccretini ve komisyonlar\u0131n\u0131 y\u00f6netin<\/li>\n<li>Kumarhane ve sanal oyunlar i\u00e7in en iyi uluslararas\u0131 ortaklar<\/li>\n<li>Binlerce oyun ve e\u015fle\u015fme mevcut<\/li>\n<li>Her \u015fey iki hafta i\u00e7inde haz\u0131r!<\/li>\n<\/ul>\n<p>[\/vc_column_text]<div class=\"mt-icon-listgroup-item wow \"><div class=\"mt-icon-listgroup-holder\">\n                  <div class=\"mt-icon-listgroup-icon-holder-inner\"><a ><i style=\"margin-right:px; color:;font-size:px\" class=\"\"><\/i><\/a><\/div>\n                <div class=\"mt-icon-listgroup-content-holder-inner\">\n                  <a  class=\"mt-icon-listgroup-title\" style=\"font-size: px; color: \"><\/a>\n                  <p class=\"mt-icon-listgroup-text\" style=\"font-size: px; color: \"><\/p><\/div>\n              <\/div><\/div>[\/vc_column][\/vc_row][vc_row css=&#8221;.vc_custom_1617810076393{margin-top: 60px !important;}&#8221;][vc_column][vc_column_text]<\/p>\n<h2 style=\"text-align: center;\">Spor bahisleri yaz\u0131l\u0131m\u0131n\u0131zda bitcoin nas\u0131l kullan\u0131l\u0131r<\/h2>\n<p>Sirplay, bir Bitcoin bahis \u00e7\u00f6z\u00fcm\u00fcnde <strong>bahis platformunuzu de\u011fi\u015ftirmek i\u00e7in<\/strong> iki yol sunar: bunu bir \u00f6deme y\u00f6ntemi se\u00e7ene\u011fi veya para biriminiz olarak kullan\u0131n. Fark hafif g\u00f6r\u00fcn\u00fcyor ama \u00e7ok b\u00fcy\u00fck.[\/vc_column_text][\/vc_column][\/vc_row][vc_row css=&#8221;.vc_custom_1617810076393{margin-top: 60px !important;}&#8221;][vc_column width=&#8221;1\/3&#8243;][vc_column_text]<\/p>\n<h3>\u00d6deme Y\u00f6ntemi<\/h3>\n<p>Bitcoin&#8217;ler, t\u0131pk\u0131 Bitcoin C\u00fczdan\u0131n\u0131n bir banka hesab\u0131 veya aralar\u0131ndan se\u00e7im yapabilece\u011finiz bir kredi kart\u0131 olmas\u0131 gibi, para yat\u0131rma ve\/veya kredi s\u0131ras\u0131nda bahis \u015firketinin bahis yaz\u0131l\u0131m\u0131n\u0131n para birimiyle de\u011fi\u015ftirilebilir.[\/vc_column_text][\/vc_column][vc_column width=&#8221;1\/3&#8243;][vc_single_image image=&#8221;18432&#8243; img_size=&#8221;full&#8221;][\/vc_column][vc_column width=&#8221;1\/3&#8243;][vc_column_text]<\/p>\n<h3>Para Birimi<\/h3>\n<p>Bitcoin, t\u00fcm i\u015f d\u00f6ng\u00fcs\u00fcnde kripto para birimini kullanarak, ticaret tehlikelerinden ka\u00e7\u0131narak ve kendi komisyonlar\u0131n\u0131z\u0131 y\u00f6neterek bahis yaz\u0131l\u0131m\u0131n\u0131z i\u00e7in bir para birimi olarak kullan\u0131labilir.[\/vc_column_text][\/vc_column][\/vc_row]<\/p>\n<\/div>","protected":false},"excerpt":{"rendered":"<p>[vc_row][vc_column][vc_column_text css=&#8221;&#8221;] B\u0130TCO\u0130N SPOR BAH\u0130SLER\u0130 YAZILIMI Bitcoin spor bahisleri yaz\u0131l\u0131m\u0131n\u0131z\u0131 ba\u015flat\u0131n [\/vc_column_text][\/vc_column][\/vc_row][vc_row css=&#8221;.vc_custom_1617808948945{margin-top: 60px !important;}&#8221;][vc_column width=&#8221;1\/2&#8243;][vc_column_text css=&#8221;&#8221;]Sirplay, tamamen kripto para birimine d\u00f6n\u00fc\u015ft\u00fcr\u00fclm\u00fc\u015f ilk Bitcoin spor bahisleri yaz\u0131l\u0131m\u0131n\u0131 piyasaya s\u00fcrd\u00fc, oyuncular\u0131n Bitcoin ile bahis oynamas\u0131na izin vermek i\u00e7in m\u00fckemmel bir bahis \u00e7\u00f6z\u00fcm\u00fc. G\u00fcn\u00fcm\u00fczde, Bitcoin tam te\u015fekk\u00fcll\u00fc bir para birimidir,\u00a0\u00d6yleyse neden oyuncular\u0131n\u0131za Bitcoins ile bahis oynama \u015fans\u0131 [&hellip;]<\/p>\n","protected":false},"author":1,"featured_media":17881,"parent":0,"menu_order":0,"comment_status":"closed","ping_status":"closed","template":"","meta":{"footnotes":""},"class_list":["post-18819","page","type-page","status-publish","has-post-thumbnail","hentry"],"yoast_head":"<!-- This site is optimized with the Yoast SEO Premium plugin v27.3 (Yoast SEO v27.3) - https:\/\/yoast.com\/product\/yoast-seo-premium-wordpress\/ -->\n<title>Bitcoin spor bahis yaz\u0131l\u0131m\u0131 - Sirplay<\/title>\n<meta name=\"description\" content=\"Sirplay, tamamen kripto para birimine d\u00f6n\u00fc\u015ft\u00fcr\u00fclm\u00fc\u015f ilk Bitcoin spor bahisleri yaz\u0131l\u0131m\u0131n\u0131 piyasaya s\u00fcrd\u00fc, oyuncular\u0131n Bitcoin ile bahis oynamas\u0131na\" \/>\n<meta name=\"robots\" content=\"index, follow, max-snippet:-1, max-image-preview:large, max-video-preview:-1\" \/>\n<link rel=\"canonical\" href=\"https:\/\/sirplay.com\/tr\/bitcoin-spor-bahis-yazilimi\/\" \/>\n<meta property=\"og:locale\" content=\"tr_TR\" \/>\n<meta property=\"og:type\" content=\"article\" \/>\n<meta property=\"og:title\" content=\"Bitcoin spor bahis yaz\u0131l\u0131m\u0131\" \/>\n<meta property=\"og:description\" content=\"Bitcoin spor bahis yaz\u0131l\u0131m\u0131\" \/>\n<meta property=\"og:url\" content=\"https:\/\/sirplay.com\/tr\/bitcoin-spor-bahis-yazilimi\/\" \/>\n<meta property=\"og:site_name\" content=\"Sirplay\" \/>\n<meta property=\"article:modified_time\" content=\"2024-06-10T11:25:19+00:00\" \/>\n<meta property=\"og:image\" content=\"https:\/\/sirplay.com\/wp-content\/uploads\/2021\/04\/crypto_sportsbook.jpg\" \/>\n\t<meta property=\"og:image:width\" content=\"520\" \/>\n\t<meta property=\"og:image:height\" content=\"280\" \/>\n\t<meta property=\"og:image:type\" content=\"image\/jpeg\" \/>\n<meta name=\"twitter:card\" content=\"summary_large_image\" \/>\n<meta name=\"twitter:site\" content=\"@sirplay\" \/>\n<meta name=\"twitter:label1\" content=\"Tahmini okuma s\u00fcresi\" \/>\n\t<meta name=\"twitter:data1\" content=\"2 dakika\" \/>\n<script type=\"application\/ld+json\" class=\"yoast-schema-graph\">{\"@context\":\"https:\\\/\\\/schema.org\",\"@graph\":[{\"@type\":\"WebPage\",\"@id\":\"https:\\\/\\\/sirplay.com\\\/tr\\\/bitcoin-spor-bahis-yazilimi\\\/\",\"url\":\"https:\\\/\\\/sirplay.com\\\/tr\\\/bitcoin-spor-bahis-yazilimi\\\/\",\"name\":\"Bitcoin spor bahis yaz\u0131l\u0131m\u0131 - Sirplay\",\"isPartOf\":{\"@id\":\"https:\\\/\\\/sirplay.com\\\/tr\\\/#website\"},\"primaryImageOfPage\":{\"@id\":\"https:\\\/\\\/sirplay.com\\\/tr\\\/bitcoin-spor-bahis-yazilimi\\\/#primaryimage\"},\"image\":{\"@id\":\"https:\\\/\\\/sirplay.com\\\/tr\\\/bitcoin-spor-bahis-yazilimi\\\/#primaryimage\"},\"thumbnailUrl\":\"https:\\\/\\\/sirplay.com\\\/wp-content\\\/uploads\\\/2021\\\/04\\\/crypto_sportsbook.jpg\",\"datePublished\":\"2021-06-04T09:48:57+00:00\",\"dateModified\":\"2024-06-10T11:25:19+00:00\",\"description\":\"Sirplay, tamamen kripto para birimine d\u00f6n\u00fc\u015ft\u00fcr\u00fclm\u00fc\u015f ilk Bitcoin spor bahisleri yaz\u0131l\u0131m\u0131n\u0131 piyasaya s\u00fcrd\u00fc, oyuncular\u0131n Bitcoin ile bahis oynamas\u0131na\",\"breadcrumb\":{\"@id\":\"https:\\\/\\\/sirplay.com\\\/tr\\\/bitcoin-spor-bahis-yazilimi\\\/#breadcrumb\"},\"inLanguage\":\"tr\",\"potentialAction\":[{\"@type\":\"ReadAction\",\"target\":[\"https:\\\/\\\/sirplay.com\\\/tr\\\/bitcoin-spor-bahis-yazilimi\\\/\"]}]},{\"@type\":\"ImageObject\",\"inLanguage\":\"tr\",\"@id\":\"https:\\\/\\\/sirplay.com\\\/tr\\\/bitcoin-spor-bahis-yazilimi\\\/#primaryimage\",\"url\":\"https:\\\/\\\/sirplay.com\\\/wp-content\\\/uploads\\\/2021\\\/04\\\/crypto_sportsbook.jpg\",\"contentUrl\":\"https:\\\/\\\/sirplay.com\\\/wp-content\\\/uploads\\\/2021\\\/04\\\/crypto_sportsbook.jpg\",\"width\":520,\"height\":280,\"caption\":\"kripto spor kitab\u0131\"},{\"@type\":\"BreadcrumbList\",\"@id\":\"https:\\\/\\\/sirplay.com\\\/tr\\\/bitcoin-spor-bahis-yazilimi\\\/#breadcrumb\",\"itemListElement\":[{\"@type\":\"ListItem\",\"position\":1,\"name\":\"Home\",\"item\":\"https:\\\/\\\/sirplay.com\\\/tr\\\/\"},{\"@type\":\"ListItem\",\"position\":2,\"name\":\"Bitcoin spor bahis yaz\u0131l\u0131m\u0131\"}]},{\"@type\":\"WebSite\",\"@id\":\"https:\\\/\\\/sirplay.com\\\/tr\\\/#website\",\"url\":\"https:\\\/\\\/sirplay.com\\\/tr\\\/\",\"name\":\"Sportsbook software provider\",\"description\":\"Sports betting software online and Retail ssbts  - White label casino\",\"publisher\":{\"@id\":\"https:\\\/\\\/sirplay.com\\\/tr\\\/#organization\"},\"alternateName\":\"White label casino\",\"potentialAction\":[{\"@type\":\"SearchAction\",\"target\":{\"@type\":\"EntryPoint\",\"urlTemplate\":\"https:\\\/\\\/sirplay.com\\\/tr\\\/?s={search_term_string}\"},\"query-input\":{\"@type\":\"PropertyValueSpecification\",\"valueRequired\":true,\"valueName\":\"search_term_string\"}}],\"inLanguage\":\"tr\"},{\"@type\":\"Organization\",\"@id\":\"https:\\\/\\\/sirplay.com\\\/tr\\\/#organization\",\"name\":\"Sirplay\",\"alternateName\":\"Sirplay white label\",\"url\":\"https:\\\/\\\/sirplay.com\\\/tr\\\/\",\"logo\":{\"@type\":\"ImageObject\",\"inLanguage\":\"tr\",\"@id\":\"https:\\\/\\\/sirplay.com\\\/tr\\\/#\\\/schema\\\/logo\\\/image\\\/\",\"url\":\"https:\\\/\\\/sirplay.com\\\/wp-content\\\/uploads\\\/2021\\\/03\\\/cropped-sirplayICO.png\",\"contentUrl\":\"https:\\\/\\\/sirplay.com\\\/wp-content\\\/uploads\\\/2021\\\/03\\\/cropped-sirplayICO.png\",\"width\":512,\"height\":512,\"caption\":\"Sirplay\"},\"image\":{\"@id\":\"https:\\\/\\\/sirplay.com\\\/tr\\\/#\\\/schema\\\/logo\\\/image\\\/\"},\"sameAs\":[\"https:\\\/\\\/x.com\\\/sirplay\",\"https:\\\/\\\/www.linkedin.com\\\/company\\\/sirplay\",\"https:\\\/\\\/www.youtube.com\\\/user\\\/BookmakerSolutions\"]}]}<\/script>\n<!-- \/ Yoast SEO Premium plugin. -->","yoast_head_json":{"title":"Bitcoin spor bahis yaz\u0131l\u0131m\u0131 - Sirplay","description":"Sirplay, tamamen kripto para birimine d\u00f6n\u00fc\u015ft\u00fcr\u00fclm\u00fc\u015f ilk Bitcoin spor bahisleri yaz\u0131l\u0131m\u0131n\u0131 piyasaya s\u00fcrd\u00fc, oyuncular\u0131n Bitcoin ile bahis oynamas\u0131na","robots":{"index":"index","follow":"follow","max-snippet":"max-snippet:-1","max-image-preview":"max-image-preview:large","max-video-preview":"max-video-preview:-1"},"canonical":"https:\/\/sirplay.com\/tr\/bitcoin-spor-bahis-yazilimi\/","og_locale":"tr_TR","og_type":"article","og_title":"Bitcoin spor bahis yaz\u0131l\u0131m\u0131","og_description":"Bitcoin spor bahis yaz\u0131l\u0131m\u0131","og_url":"https:\/\/sirplay.com\/tr\/bitcoin-spor-bahis-yazilimi\/","og_site_name":"Sirplay","article_modified_time":"2024-06-10T11:25:19+00:00","og_image":[{"width":520,"height":280,"url":"https:\/\/sirplay.com\/wp-content\/uploads\/2021\/04\/crypto_sportsbook.jpg","type":"image\/jpeg"}],"twitter_card":"summary_large_image","twitter_site":"@sirplay","twitter_misc":{"Tahmini okuma s\u00fcresi":"2 dakika"},"schema":{"@context":"https:\/\/schema.org","@graph":[{"@type":"WebPage","@id":"https:\/\/sirplay.com\/tr\/bitcoin-spor-bahis-yazilimi\/","url":"https:\/\/sirplay.com\/tr\/bitcoin-spor-bahis-yazilimi\/","name":"Bitcoin spor bahis yaz\u0131l\u0131m\u0131 - Sirplay","isPartOf":{"@id":"https:\/\/sirplay.com\/tr\/#website"},"primaryImageOfPage":{"@id":"https:\/\/sirplay.com\/tr\/bitcoin-spor-bahis-yazilimi\/#primaryimage"},"image":{"@id":"https:\/\/sirplay.com\/tr\/bitcoin-spor-bahis-yazilimi\/#primaryimage"},"thumbnailUrl":"https:\/\/sirplay.com\/wp-content\/uploads\/2021\/04\/crypto_sportsbook.jpg","datePublished":"2021-06-04T09:48:57+00:00","dateModified":"2024-06-10T11:25:19+00:00","description":"Sirplay, tamamen kripto para birimine d\u00f6n\u00fc\u015ft\u00fcr\u00fclm\u00fc\u015f ilk Bitcoin spor bahisleri yaz\u0131l\u0131m\u0131n\u0131 piyasaya s\u00fcrd\u00fc, oyuncular\u0131n Bitcoin ile bahis oynamas\u0131na","breadcrumb":{"@id":"https:\/\/sirplay.com\/tr\/bitcoin-spor-bahis-yazilimi\/#breadcrumb"},"inLanguage":"tr","potentialAction":[{"@type":"ReadAction","target":["https:\/\/sirplay.com\/tr\/bitcoin-spor-bahis-yazilimi\/"]}]},{"@type":"ImageObject","inLanguage":"tr","@id":"https:\/\/sirplay.com\/tr\/bitcoin-spor-bahis-yazilimi\/#primaryimage","url":"https:\/\/sirplay.com\/wp-content\/uploads\/2021\/04\/crypto_sportsbook.jpg","contentUrl":"https:\/\/sirplay.com\/wp-content\/uploads\/2021\/04\/crypto_sportsbook.jpg","width":520,"height":280,"caption":"kripto spor kitab\u0131"},{"@type":"BreadcrumbList","@id":"https:\/\/sirplay.com\/tr\/bitcoin-spor-bahis-yazilimi\/#breadcrumb","itemListElement":[{"@type":"ListItem","position":1,"name":"Home","item":"https:\/\/sirplay.com\/tr\/"},{"@type":"ListItem","position":2,"name":"Bitcoin spor bahis yaz\u0131l\u0131m\u0131"}]},{"@type":"WebSite","@id":"https:\/\/sirplay.com\/tr\/#website","url":"https:\/\/sirplay.com\/tr\/","name":"Sportsbook software provider","description":"Sports betting software online and Retail ssbts  - White label casino","publisher":{"@id":"https:\/\/sirplay.com\/tr\/#organization"},"alternateName":"White label casino","potentialAction":[{"@type":"SearchAction","target":{"@type":"EntryPoint","urlTemplate":"https:\/\/sirplay.com\/tr\/?s={search_term_string}"},"query-input":{"@type":"PropertyValueSpecification","valueRequired":true,"valueName":"search_term_string"}}],"inLanguage":"tr"},{"@type":"Organization","@id":"https:\/\/sirplay.com\/tr\/#organization","name":"Sirplay","alternateName":"Sirplay white label","url":"https:\/\/sirplay.com\/tr\/","logo":{"@type":"ImageObject","inLanguage":"tr","@id":"https:\/\/sirplay.com\/tr\/#\/schema\/logo\/image\/","url":"https:\/\/sirplay.com\/wp-content\/uploads\/2021\/03\/cropped-sirplayICO.png","contentUrl":"https:\/\/sirplay.com\/wp-content\/uploads\/2021\/03\/cropped-sirplayICO.png","width":512,"height":512,"caption":"Sirplay"},"image":{"@id":"https:\/\/sirplay.com\/tr\/#\/schema\/logo\/image\/"},"sameAs":["https:\/\/x.com\/sirplay","https:\/\/www.linkedin.com\/company\/sirplay","https:\/\/www.youtube.com\/user\/BookmakerSolutions"]}]}},"_links":{"self":[{"href":"https:\/\/sirplay.com\/tr\/wp-json\/wp\/v2\/pages\/18819","targetHints":{"allow":["GET"]}}],"collection":[{"href":"https:\/\/sirplay.com\/tr\/wp-json\/wp\/v2\/pages"}],"about":[{"href":"https:\/\/sirplay.com\/tr\/wp-json\/wp\/v2\/types\/page"}],"author":[{"embeddable":true,"href":"https:\/\/sirplay.com\/tr\/wp-json\/wp\/v2\/users\/1"}],"replies":[{"embeddable":true,"href":"https:\/\/sirplay.com\/tr\/wp-json\/wp\/v2\/comments?post=18819"}],"version-history":[{"count":4,"href":"https:\/\/sirplay.com\/tr\/wp-json\/wp\/v2\/pages\/18819\/revisions"}],"predecessor-version":[{"id":21676,"href":"https:\/\/sirplay.com\/tr\/wp-json\/wp\/v2\/pages\/18819\/revisions\/21676"}],"wp:featuredmedia":[{"embeddable":true,"href":"https:\/\/sirplay.com\/tr\/wp-json\/wp\/v2\/media\/17881"}],"wp:attachment":[{"href":"https:\/\/sirplay.com\/tr\/wp-json\/wp\/v2\/media?parent=18819"}],"curies":[{"name":"wp","href":"https:\/\/api.w.org\/{rel}","templated":true}]}}