{"id":18845,"date":"2021-06-04T16:33:43","date_gmt":"2021-06-04T16:33:43","guid":{"rendered":"https:\/\/sirplay.com\/%e7%bb%8f%e8%ae%a4%e8%af%81%e7%9a%84%e4%bd%93%e8%82%b2%e5%8d%9a%e5%bd%a9%e8%bd%af%e4%bb%b6\/"},"modified":"2024-10-15T15:10:39","modified_gmt":"2024-10-15T15:10:39","slug":"%e7%bb%8f%e8%ae%a4%e8%af%81%e7%9a%84%e4%bd%93%e8%82%b2%e5%8d%9a%e5%bd%a9%e8%bd%af%e4%bb%b6","status":"publish","type":"page","link":"https:\/\/sirplay.com\/tr\/%e7%bb%8f%e8%ae%a4%e8%af%81%e7%9a%84%e4%bd%93%e8%82%b2%e5%8d%9a%e5%bd%a9%e8%bd%af%e4%bb%b6\/","title":{"rendered":"Sertifikal\u0131 spor bahisleri yaz\u0131l\u0131m\u0131"},"content":{"rendered":"<div class=\"wpb-content-wrapper\"><p>[vc_row][vc_column][vc_column_text]D\u00fczenlenmi\u015f oyun end\u00fcstrisinin sorumlu bir tedarik\u00e7isi olarak Sirplay, <strong>uygulamam\u0131z\u0131n yarg\u0131 yetkisi taraf\u0131ndan yay\u0131nlanan t\u00fcm y\u00f6nergelere uygun olmas\u0131n\u0131 sa\u011flamak i\u00e7in \u00e7al\u0131\u015f\u0131r<\/strong>. Sirplay&#8217;in Spor Bahisleri Sistemi <strong>\u00f6nde gelen end\u00fcstri kurulu\u015flar\u0131 taraf\u0131ndan<\/strong> test edilmi\u015f ve onaylanm\u0131\u015ft\u0131r.<\/p>\n<p>Sirplay&#8217;in sertifikal\u0131 Spor Bahisleri Sistemi hakk\u0131nda daha fazla bilgi edinmek ister misiniz?[\/vc_column_text][\/vc_column][\/vc_row][vc_row css=&#8221;.vc_custom_1619432271296{margin-top: 70px !important;}&#8221;][vc_column width=&#8221;1\/4&#8243;][vc_single_image image=&#8221;22437&#8243; img_size=&#8221;full&#8221; add_caption=&#8221;yes&#8221; css=&#8221;&#8221;][\/vc_column][vc_column width=&#8221;3\/4&#8243;][vc_column_text css=&#8221;&#8221;]<strong>BMM<\/strong> test laboratuvarlar\u0131, Sirplay&#8217;i Arjantin&#8217;in <strong>Ciudad de Buenos Aires<\/strong> yarg\u0131 yetkisi yasas\u0131n\u0131n gerekliliklerine uygun olarak t\u00fcm operat\u00f6rler i\u00e7in bir bahis platformu sa\u011flay\u0131c\u0131s\u0131 olarak onaylad\u0131. (ref. N\u00b0 DI-2021-468-GCABA-LOTBA) &#8211; <strong>Cordoba<\/strong> eyaleti ve <strong>San Luis<\/strong> eyaleti[\/vc_column_text][\/vc_column][\/vc_row][vc_row css=&#8221;.vc_custom_1619432271296{margin-top: 70px !important;}&#8221;][vc_column width=&#8221;1\/4&#8243;][vc_single_image image=&#8221;18086&#8243; img_size=&#8221;full&#8221; css=&#8221;.vc_custom_1729004413395{padding-top: 70px !important;}&#8221;][\/vc_column][vc_column width=&#8221;3\/4&#8243;][vc_column_text]<strong>GLI-19<\/strong><\/p>\n<p><strong>Sirplay&#8217;in Bahis Yaz\u0131l\u0131m\u0131<\/strong>, Gaming Laboratories International taraf\u0131ndan <strong>test edilmi\u015f ve onaylanm\u0131\u015ft\u0131r<\/strong>. Sirplay, uygulamam\u0131z\u0131n yarg\u0131 b\u00f6lgeleri taraf\u0131ndan yay\u0131nlanan t\u00fcm y\u00f6nergelere uygun olmas\u0131n\u0131 sa\u011flamak i\u00e7in \u00e7al\u0131\u015f\u0131r. (Ref: SY-120-SPY-14-01\/MO-120-SPY-14-01)  <\/p>\n<p><strong>GLI-Kolombiya<\/strong><\/p>\n<p>GLI, Sirplay&#8217;i <strong>Kolombiya yarg\u0131 alan\u0131ndaki<\/strong> yasa gerekliliklerini kar\u015f\u0131layan t\u00fcm operat\u00f6rler i\u00e7in <strong>spor bahisleri platformu sa\u011flay\u0131c\u0131s\u0131<\/strong> olarak onaylad\u0131. (Ref: MO-295-SPY-16-01\/SY-295-SPY-16-01)[\/vc_column_text][\/vc_column][\/vc_row][vc_row css=&#8221;.vc_custom_1619432121611{margin-top: 70px !important;}&#8221;][vc_column width=&#8221;1\/4&#8243;][vc_single_image image=&#8221;18101&#8243; img_size=&#8221;full&#8221; css=&#8221;.vc_custom_1619432108799{padding-top: 50px !important;}&#8221;][\/vc_column][vc_column width=&#8221;3\/4&#8243;][vc_column_text]<strong>ISO\/IEC 27001:2013<\/strong><\/p>\n<p>Sirplay, &#8220;ISO\/IEC 27001:2013&#8221; standard\u0131n\u0131n gerekliliklerine uygun bir y\u00f6netim sistemi uygulamaktad\u0131r:<\/p>\n<p>\u015eirket taraf\u0131ndan geli\u015ftirilmi\u015f olsun ya da olmas\u0131n, yaz\u0131l\u0131m ve donan\u0131m dahil olmak \u00fczere bilgi ve teknolojik \u00e7\u00f6z\u00fcmlerin geli\u015ftirilmesi, kurulmas\u0131, bak\u0131m\u0131, y\u00f6netimi ve deste\u011fi, bar\u0131nd\u0131r\u0131lmas\u0131, lisanslanmas\u0131 ve ba\u015fka \u015fekillerde kullan\u0131lmas\u0131. (Ref: 103ITIS)[\/vc_column_text][\/vc_column][\/vc_row][vc_row css=&#8221;.vc_custom_1619433028611{margin-top: 70px !important;}&#8221;][vc_column width=&#8221;1\/4&#8243;][vc_single_image image=&#8221;18131&#8243; img_size=&#8221;full&#8221; css=&#8221;.vc_custom_1619433059564{padding-top: 50px !important;}&#8221;][\/vc_column][vc_column width=&#8221;3\/4&#8243;][vc_column_text]<strong>Q\/ISS Kalite ve Bilgi G\u00fcvenli\u011fi Sistemi<\/strong><\/p>\n<p>Sistemlerimiz be\u015f y\u0131l\u0131 a\u015fk\u0131n s\u00fcredir en iyi denet\u00e7iler taraf\u0131ndan test edilmi\u015f ve onaylanm\u0131\u015ft\u0131r.<\/p>\n<p>Q\/ISS, Bilgi G\u00fcvenli\u011fi Sistemi anlam\u0131na gelir ve ISO 27001&#8217;in temel bile\u015fenidir. T\u00fcm g\u00fcvenlik risklerini ve \u015firketin bunlar\u0131 kontrol etme \u015feklini \u00f6zetleyen bir \u00e7er\u00e7evedir. \u0130nsanlar\u0131, s\u00fcre\u00e7leri, teknolojiyi ve tipik olarak t\u00fcm kurulu\u015funuzu kapsar.[\/vc_column_text][\/vc_column][\/vc_row][vc_row css=&#8221;.vc_custom_1619433094453{margin-top: 70px !important;}&#8221;][vc_column width=&#8221;1\/4&#8243;][vc_single_image image=&#8221;18116&#8243; img_size=&#8221;full&#8221; css=&#8221;.vc_custom_1619433618398{padding-top: 100px !important;}&#8221;][\/vc_column][vc_column width=&#8221;3\/4&#8243;][vc_column_text]Bu bir sertifika de\u011fildir ancak 15 y\u0131l\u0131 a\u015fk\u0131n deneyim \u00e7ok de\u011ferlidir.<br \/>  Uzman ekibimiz, a\u015fa\u011f\u0131dakiler de dahil olmak \u00fczere yenilik\u00e7i \u00fcr\u00fcnlerin piyasaya s\u00fcr\u00fclmesi i\u00e7in u\u00e7tan uca g\u00fcvenlik dan\u0131\u015fmanl\u0131\u011f\u0131 deste\u011fi sa\u011flayabilir:<\/p>\n<ul>\n<li>Spor bahisleri<\/li>\n<li>Kumarhane<\/li>\n<li>Canl\u0131 Krupiye<\/li>\n<li>Bingo<\/li>\n<li>Piyango<\/li>\n<\/ul>\n<p>Y\u00f6neti\u015fim, risk ve uyumluluk (GRC)<br \/> b\u00f6l\u00fcm\u00fcm\u00fcz, veri ve bilgilerin gizlili\u011fini, b\u00fct\u00fcnl\u00fc\u011f\u00fcn\u00fc ve kullan\u0131labilirli\u011fini korudu\u011funuzdan emin olman\u0131z i\u00e7in gereken g\u00fcvenlik ve uyumluluk hizmetleri ile \u00e7ekili\u015fler sa\u011flar.[\/vc_column_text][\/vc_column][\/vc_row][vc_row full_width=&#8221;stretch_row&#8221; css=&#8221;.vc_custom_1541539222800{padding-top: 55px !important;padding-bottom: 80px !important;}&#8221;][vc_column width=&#8221;1\/2&#8243; el_id=&#8221;contact&#8221;][vc_column_text]<\/p>\n<div class=\"wpb_text_column wpb_content_element wpb_animate_when_almost_visible wpb_fadeInUp fadeInUp vc_custom_1655742515341 wpb_start_animation animated\">\n<div class=\"wpb_wrapper\">\n<h3><strong>Bize Ula\u015f\u0131n<\/strong><\/h3>\n<p>Hizmetlerimizin Bahis i\u015finize nas\u0131l fayda sa\u011flayabilece\u011fi hakk\u0131nda ayr\u0131nt\u0131l\u0131 bir tart\u0131\u015fma i\u00e7in bir Sirplay uzman\u0131yla ba\u011flant\u0131 kurun ve kendi stratejinizi olu\u015fturun.<\/p><\/div>\n<\/div>\n<div class=\"wpb_text_column wpb_content_element \">\n<div class=\"wpb_wrapper\">\n<p>&nbsp;<\/p>\n<p style=\"text-align: center;\"><img loading=\"lazy\" class=\"size-full wp-image-16975 aligncenter\" src=\"https:\/\/sirplay.com\/gaming-experts\/wp-content\/uploads\/2022\/06\/Skype_logo.png\" alt=\"Skype\" width=\"140\" height=\"63\"><\/p>\n<p style=\"text-align: center;\">  <a href=\"skype:manager.sirplay?chat\">\u0130ngilizce<\/a> <a href=\"skype:anna.sirplay?chat\">\u0130spanyolca<\/a><\/p>\n<p>&nbsp;<\/p>\n<p><img loading=\"lazy\" class=\"size-full wp-image-16974 aligncenter\" src=\"https:\/\/sirplay.com\/gaming-experts\/wp-content\/uploads\/2022\/06\/Whatsapp.jpg\" alt=\"Whatsapp\" width=\"60\" height=\"60\"><\/p>\n<p style=\"text-align: center;\"><a href=\"https:\/\/api.whatsapp.com\/send?phone=3513960904&amp;text=More%20info\" target=\"_blank\" rel=\"noopener\">+39 3513960904<\/a><\/p>\n<\/div>\n<\/div>\n<p>[\/vc_column_text][\/vc_column][vc_column width=&#8221;1\/2&#8243;]\n<div class=\"wpcf7 no-js\" id=\"wpcf7-f19224-o1\" lang=\"tr-TR\" dir=\"ltr\" data-wpcf7-id=\"19224\">\n<div class=\"screen-reader-response\"><p role=\"status\" aria-live=\"polite\" aria-atomic=\"true\"><\/p> <ul><\/ul><\/div>\n<form action=\"\/tr\/wp-json\/wp\/v2\/pages\/18845#wpcf7-f19224-o1\" method=\"post\" class=\"wpcf7-form init\" aria-label=\"\u0130leti\u015fim Formu\" novalidate=\"novalidate\" data-status=\"init\">\n<fieldset class=\"hidden-fields-container\"><input type=\"hidden\" name=\"_wpcf7\" value=\"19224\" \/><input type=\"hidden\" name=\"_wpcf7_version\" value=\"6.1.5\" \/><input type=\"hidden\" name=\"_wpcf7_locale\" value=\"tr_TR\" \/><input type=\"hidden\" name=\"_wpcf7_unit_tag\" value=\"wpcf7-f19224-o1\" \/><input type=\"hidden\" name=\"_wpcf7_container_post\" value=\"0\" \/><input type=\"hidden\" name=\"_wpcf7_posted_data_hash\" value=\"\" \/>\n<\/fieldset>\n<p><label> Ad Soyad<br \/>\n<span class=\"wpcf7-form-control-wrap\" data-name=\"your-name\"><input size=\"40\" maxlength=\"400\" class=\"wpcf7-form-control wpcf7-text wpcf7-validates-as-required\" aria-required=\"true\" aria-invalid=\"false\" value=\"\" type=\"text\" name=\"your-name\" \/><\/span> <\/label>\n<\/p>\n<p><label> E-posta adresiniz<br \/>\n<span class=\"wpcf7-form-control-wrap\" data-name=\"your-email\"><input size=\"40\" maxlength=\"400\" class=\"wpcf7-form-control wpcf7-email wpcf7-validates-as-required wpcf7-text wpcf7-validates-as-email\" aria-required=\"true\" aria-invalid=\"false\" value=\"\" type=\"email\" name=\"your-email\" \/><\/span> <\/label>\n<\/p>\n<p><label> \u00fclke<br \/>\n<span class=\"wpcf7-form-control-wrap\" data-name=\"countrytext-54\"><input size=\"40\" class=\"wpcf7-form-control wpcf7-countrytext wpcf7-text wpcf7-validates-as-countrytext\" aria-invalid=\"false\" value=\"\" type=\"text\" name=\"countrytext-54\" \/><\/span> <\/label>\n<\/p>\n<p><label> Telefon numaras\u0131<br \/>\n<span class=\"wpcf7-form-control-wrap\" data-name=\"phonetext-462\"><input size=\"40\" class=\"wpcf7-form-control wpcf7-phonetext wpcf7-text wpcf7-validates-as-phonetext\" aria-invalid=\"false\" value=\"\" type=\"text\" name=\"phonetext-462\" \/><input type=\"hidden\" name=\"phonetext-462-country-code\" class=\"wpcf7-phonetext-country-code\" \/><\/span> <\/label>\n<\/p>\n<p><label> \u0130leti<br \/>\n<span class=\"wpcf7-form-control-wrap\" data-name=\"your-message\"><textarea cols=\"40\" rows=\"10\" maxlength=\"2000\" class=\"wpcf7-form-control wpcf7-textarea\" aria-invalid=\"false\" name=\"your-message\"><\/textarea><\/span> <\/label>\n<\/p>\n<p><input class=\"wpcf7-form-control wpcf7-submit has-spinner\" type=\"submit\" value=\"Sunmak\" \/>\n<\/p><div class=\"wpcf7-response-output\" aria-hidden=\"true\"><\/div>\n<\/form>\n<\/div>\n[vc_column_text css=&#8221;&#8221;]Ki\u015fisel bilgilerinizi kimseyle payla\u015fm\u0131yoruz. Daha fazla bilgi i\u00e7in &#8220;<a href=\"https:\/\/sirplay.com\/tr\/sirplay-gizlilik-politikasi\/\" target=\"_blank\" rel=\"noopener\">gizlilik politikam\u0131za<\/a>&#8221; g\u00f6z at\u0131n[\/vc_column_text][\/vc_column][\/vc_row]<\/p>\n<\/div>","protected":false},"excerpt":{"rendered":"<p>[vc_row][vc_column][vc_column_text]D\u00fczenlenmi\u015f oyun end\u00fcstrisinin sorumlu bir tedarik\u00e7isi olarak Sirplay, uygulamam\u0131z\u0131n yarg\u0131 yetkisi taraf\u0131ndan yay\u0131nlanan t\u00fcm y\u00f6nergelere uygun olmas\u0131n\u0131 sa\u011flamak i\u00e7in \u00e7al\u0131\u015f\u0131r. Sirplay&#8217;in Spor Bahisleri Sistemi \u00f6nde gelen end\u00fcstri kurulu\u015flar\u0131 taraf\u0131ndan test edilmi\u015f ve onaylanm\u0131\u015ft\u0131r. Sirplay&#8217;in sertifikal\u0131 Spor Bahisleri Sistemi hakk\u0131nda daha fazla bilgi edinmek ister misiniz?[\/vc_column_text][\/vc_column][\/vc_row][vc_row css=&#8221;.vc_custom_1619432271296{margin-top: 70px !important;}&#8221;][vc_column width=&#8221;1\/4&#8243;][vc_single_image image=&#8221;22437&#8243; img_size=&#8221;full&#8221; add_caption=&#8221;yes&#8221; css=&#8221;&#8221;][\/vc_column][vc_column width=&#8221;3\/4&#8243;][vc_column_text css=&#8221;&#8221;]BMM [&hellip;]<\/p>\n","protected":false},"author":1,"featured_media":18116,"parent":0,"menu_order":0,"comment_status":"closed","ping_status":"closed","template":"","meta":{"footnotes":""},"class_list":["post-18845","page","type-page","status-publish","has-post-thumbnail","hentry"],"yoast_head":"<!-- This site is optimized with the Yoast SEO Premium plugin v27.3 (Yoast SEO v27.3) - https:\/\/yoast.com\/product\/yoast-seo-premium-wordpress\/ -->\n<title>Sertifikal\u0131 spor bahisleri yaz\u0131l\u0131m\u0131 - Sirplay<\/title>\n<meta name=\"description\" content=\"Sertifikal\u0131 bir Spor Bahis Sistemi ar\u0131yorsan\u0131z, Sirplay spor bahisleri platformlar\u0131 GLI ve ISO gibi \u00f6nde gelen end\u00fcstri kurulu\u015flar\u0131 taraf\u0131ndan sertifikalar ald\u0131.\" \/>\n<meta name=\"robots\" content=\"index, follow, max-snippet:-1, max-image-preview:large, max-video-preview:-1\" \/>\n<link rel=\"canonical\" href=\"https:\/\/sirplay.com\/tr\/%e7%bb%8f%e8%ae%a4%e8%af%81%e7%9a%84%e4%bd%93%e8%82%b2%e5%8d%9a%e5%bd%a9%e8%bd%af%e4%bb%b6\/\" \/>\n<meta property=\"og:locale\" content=\"tr_TR\" \/>\n<meta property=\"og:type\" content=\"article\" \/>\n<meta property=\"og:title\" content=\"Sertifikal\u0131 spor bahisleri yaz\u0131l\u0131m\u0131\" \/>\n<meta property=\"og:description\" content=\"Sertifikal\u0131 spor bahisleri yaz\u0131l\u0131m\u0131\" \/>\n<meta property=\"og:url\" content=\"https:\/\/sirplay.com\/tr\/%e7%bb%8f%e8%ae%a4%e8%af%81%e7%9a%84%e4%bd%93%e8%82%b2%e5%8d%9a%e5%bd%a9%e8%bd%af%e4%bb%b6\/\" \/>\n<meta property=\"og:site_name\" content=\"Sirplay\" \/>\n<meta property=\"article:modified_time\" content=\"2024-10-15T15:10:39+00:00\" \/>\n<meta property=\"og:image\" content=\"https:\/\/sirplay.com\/wp-content\/uploads\/2021\/04\/experience-badge.png\" \/>\n\t<meta property=\"og:image:width\" content=\"87\" \/>\n\t<meta property=\"og:image:height\" content=\"85\" \/>\n\t<meta property=\"og:image:type\" content=\"image\/png\" \/>\n<meta name=\"twitter:card\" content=\"summary_large_image\" \/>\n<meta name=\"twitter:site\" content=\"@sirplay\" \/>\n<meta name=\"twitter:label1\" content=\"Tahmini okuma s\u00fcresi\" \/>\n\t<meta name=\"twitter:data1\" content=\"3 dakika\" \/>\n<script type=\"application\/ld+json\" class=\"yoast-schema-graph\">{\"@context\":\"https:\\\/\\\/schema.org\",\"@graph\":[{\"@type\":\"WebPage\",\"@id\":\"https:\\\/\\\/sirplay.com\\\/tr\\\/%e7%bb%8f%e8%ae%a4%e8%af%81%e7%9a%84%e4%bd%93%e8%82%b2%e5%8d%9a%e5%bd%a9%e8%bd%af%e4%bb%b6\\\/\",\"url\":\"https:\\\/\\\/sirplay.com\\\/tr\\\/%e7%bb%8f%e8%ae%a4%e8%af%81%e7%9a%84%e4%bd%93%e8%82%b2%e5%8d%9a%e5%bd%a9%e8%bd%af%e4%bb%b6\\\/\",\"name\":\"Sertifikal\u0131 spor bahisleri yaz\u0131l\u0131m\u0131 - Sirplay\",\"isPartOf\":{\"@id\":\"https:\\\/\\\/sirplay.com\\\/tr\\\/#website\"},\"primaryImageOfPage\":{\"@id\":\"https:\\\/\\\/sirplay.com\\\/tr\\\/%e7%bb%8f%e8%ae%a4%e8%af%81%e7%9a%84%e4%bd%93%e8%82%b2%e5%8d%9a%e5%bd%a9%e8%bd%af%e4%bb%b6\\\/#primaryimage\"},\"image\":{\"@id\":\"https:\\\/\\\/sirplay.com\\\/tr\\\/%e7%bb%8f%e8%ae%a4%e8%af%81%e7%9a%84%e4%bd%93%e8%82%b2%e5%8d%9a%e5%bd%a9%e8%bd%af%e4%bb%b6\\\/#primaryimage\"},\"thumbnailUrl\":\"https:\\\/\\\/sirplay.com\\\/wp-content\\\/uploads\\\/2021\\\/04\\\/experience-badge.png\",\"datePublished\":\"2021-06-04T16:33:43+00:00\",\"dateModified\":\"2024-10-15T15:10:39+00:00\",\"description\":\"Sertifikal\u0131 bir Spor Bahis Sistemi ar\u0131yorsan\u0131z, Sirplay spor bahisleri platformlar\u0131 GLI ve ISO gibi \u00f6nde gelen end\u00fcstri kurulu\u015flar\u0131 taraf\u0131ndan sertifikalar ald\u0131.\",\"breadcrumb\":{\"@id\":\"https:\\\/\\\/sirplay.com\\\/tr\\\/%e7%bb%8f%e8%ae%a4%e8%af%81%e7%9a%84%e4%bd%93%e8%82%b2%e5%8d%9a%e5%bd%a9%e8%bd%af%e4%bb%b6\\\/#breadcrumb\"},\"inLanguage\":\"tr\",\"potentialAction\":[{\"@type\":\"ReadAction\",\"target\":[\"https:\\\/\\\/sirplay.com\\\/tr\\\/%e7%bb%8f%e8%ae%a4%e8%af%81%e7%9a%84%e4%bd%93%e8%82%b2%e5%8d%9a%e5%bd%a9%e8%bd%af%e4%bb%b6\\\/\"]}]},{\"@type\":\"ImageObject\",\"inLanguage\":\"tr\",\"@id\":\"https:\\\/\\\/sirplay.com\\\/tr\\\/%e7%bb%8f%e8%ae%a4%e8%af%81%e7%9a%84%e4%bd%93%e8%82%b2%e5%8d%9a%e5%bd%a9%e8%bd%af%e4%bb%b6\\\/#primaryimage\",\"url\":\"https:\\\/\\\/sirplay.com\\\/wp-content\\\/uploads\\\/2021\\\/04\\\/experience-badge.png\",\"contentUrl\":\"https:\\\/\\\/sirplay.com\\\/wp-content\\\/uploads\\\/2021\\\/04\\\/experience-badge.png\",\"width\":87,\"height\":85,\"caption\":\"\u4f53\u9a8c\u5fbd\u7ae0\"},{\"@type\":\"BreadcrumbList\",\"@id\":\"https:\\\/\\\/sirplay.com\\\/tr\\\/%e7%bb%8f%e8%ae%a4%e8%af%81%e7%9a%84%e4%bd%93%e8%82%b2%e5%8d%9a%e5%bd%a9%e8%bd%af%e4%bb%b6\\\/#breadcrumb\",\"itemListElement\":[{\"@type\":\"ListItem\",\"position\":1,\"name\":\"Home\",\"item\":\"https:\\\/\\\/sirplay.com\\\/tr\\\/\"},{\"@type\":\"ListItem\",\"position\":2,\"name\":\"Sertifikal\u0131 spor bahisleri yaz\u0131l\u0131m\u0131\"}]},{\"@type\":\"WebSite\",\"@id\":\"https:\\\/\\\/sirplay.com\\\/tr\\\/#website\",\"url\":\"https:\\\/\\\/sirplay.com\\\/tr\\\/\",\"name\":\"Sportsbook software provider\",\"description\":\"Sports betting software online and Retail ssbts  - White label casino\",\"publisher\":{\"@id\":\"https:\\\/\\\/sirplay.com\\\/tr\\\/#organization\"},\"alternateName\":\"White label casino\",\"potentialAction\":[{\"@type\":\"SearchAction\",\"target\":{\"@type\":\"EntryPoint\",\"urlTemplate\":\"https:\\\/\\\/sirplay.com\\\/tr\\\/?s={search_term_string}\"},\"query-input\":{\"@type\":\"PropertyValueSpecification\",\"valueRequired\":true,\"valueName\":\"search_term_string\"}}],\"inLanguage\":\"tr\"},{\"@type\":\"Organization\",\"@id\":\"https:\\\/\\\/sirplay.com\\\/tr\\\/#organization\",\"name\":\"Sirplay\",\"alternateName\":\"Sirplay white label\",\"url\":\"https:\\\/\\\/sirplay.com\\\/tr\\\/\",\"logo\":{\"@type\":\"ImageObject\",\"inLanguage\":\"tr\",\"@id\":\"https:\\\/\\\/sirplay.com\\\/tr\\\/#\\\/schema\\\/logo\\\/image\\\/\",\"url\":\"https:\\\/\\\/sirplay.com\\\/wp-content\\\/uploads\\\/2021\\\/03\\\/cropped-sirplayICO.png\",\"contentUrl\":\"https:\\\/\\\/sirplay.com\\\/wp-content\\\/uploads\\\/2021\\\/03\\\/cropped-sirplayICO.png\",\"width\":512,\"height\":512,\"caption\":\"Sirplay\"},\"image\":{\"@id\":\"https:\\\/\\\/sirplay.com\\\/tr\\\/#\\\/schema\\\/logo\\\/image\\\/\"},\"sameAs\":[\"https:\\\/\\\/x.com\\\/sirplay\",\"https:\\\/\\\/www.linkedin.com\\\/company\\\/sirplay\",\"https:\\\/\\\/www.youtube.com\\\/user\\\/BookmakerSolutions\"]}]}<\/script>\n<!-- \/ Yoast SEO Premium plugin. -->","yoast_head_json":{"title":"Sertifikal\u0131 spor bahisleri yaz\u0131l\u0131m\u0131 - Sirplay","description":"Sertifikal\u0131 bir Spor Bahis Sistemi ar\u0131yorsan\u0131z, Sirplay spor bahisleri platformlar\u0131 GLI ve ISO gibi \u00f6nde gelen end\u00fcstri kurulu\u015flar\u0131 taraf\u0131ndan sertifikalar ald\u0131.","robots":{"index":"index","follow":"follow","max-snippet":"max-snippet:-1","max-image-preview":"max-image-preview:large","max-video-preview":"max-video-preview:-1"},"canonical":"https:\/\/sirplay.com\/tr\/%e7%bb%8f%e8%ae%a4%e8%af%81%e7%9a%84%e4%bd%93%e8%82%b2%e5%8d%9a%e5%bd%a9%e8%bd%af%e4%bb%b6\/","og_locale":"tr_TR","og_type":"article","og_title":"Sertifikal\u0131 spor bahisleri yaz\u0131l\u0131m\u0131","og_description":"Sertifikal\u0131 spor bahisleri yaz\u0131l\u0131m\u0131","og_url":"https:\/\/sirplay.com\/tr\/%e7%bb%8f%e8%ae%a4%e8%af%81%e7%9a%84%e4%bd%93%e8%82%b2%e5%8d%9a%e5%bd%a9%e8%bd%af%e4%bb%b6\/","og_site_name":"Sirplay","article_modified_time":"2024-10-15T15:10:39+00:00","og_image":[{"width":87,"height":85,"url":"https:\/\/sirplay.com\/wp-content\/uploads\/2021\/04\/experience-badge.png","type":"image\/png"}],"twitter_card":"summary_large_image","twitter_site":"@sirplay","twitter_misc":{"Tahmini okuma s\u00fcresi":"3 dakika"},"schema":{"@context":"https:\/\/schema.org","@graph":[{"@type":"WebPage","@id":"https:\/\/sirplay.com\/tr\/%e7%bb%8f%e8%ae%a4%e8%af%81%e7%9a%84%e4%bd%93%e8%82%b2%e5%8d%9a%e5%bd%a9%e8%bd%af%e4%bb%b6\/","url":"https:\/\/sirplay.com\/tr\/%e7%bb%8f%e8%ae%a4%e8%af%81%e7%9a%84%e4%bd%93%e8%82%b2%e5%8d%9a%e5%bd%a9%e8%bd%af%e4%bb%b6\/","name":"Sertifikal\u0131 spor bahisleri yaz\u0131l\u0131m\u0131 - Sirplay","isPartOf":{"@id":"https:\/\/sirplay.com\/tr\/#website"},"primaryImageOfPage":{"@id":"https:\/\/sirplay.com\/tr\/%e7%bb%8f%e8%ae%a4%e8%af%81%e7%9a%84%e4%bd%93%e8%82%b2%e5%8d%9a%e5%bd%a9%e8%bd%af%e4%bb%b6\/#primaryimage"},"image":{"@id":"https:\/\/sirplay.com\/tr\/%e7%bb%8f%e8%ae%a4%e8%af%81%e7%9a%84%e4%bd%93%e8%82%b2%e5%8d%9a%e5%bd%a9%e8%bd%af%e4%bb%b6\/#primaryimage"},"thumbnailUrl":"https:\/\/sirplay.com\/wp-content\/uploads\/2021\/04\/experience-badge.png","datePublished":"2021-06-04T16:33:43+00:00","dateModified":"2024-10-15T15:10:39+00:00","description":"Sertifikal\u0131 bir Spor Bahis Sistemi ar\u0131yorsan\u0131z, Sirplay spor bahisleri platformlar\u0131 GLI ve ISO gibi \u00f6nde gelen end\u00fcstri kurulu\u015flar\u0131 taraf\u0131ndan sertifikalar ald\u0131.","breadcrumb":{"@id":"https:\/\/sirplay.com\/tr\/%e7%bb%8f%e8%ae%a4%e8%af%81%e7%9a%84%e4%bd%93%e8%82%b2%e5%8d%9a%e5%bd%a9%e8%bd%af%e4%bb%b6\/#breadcrumb"},"inLanguage":"tr","potentialAction":[{"@type":"ReadAction","target":["https:\/\/sirplay.com\/tr\/%e7%bb%8f%e8%ae%a4%e8%af%81%e7%9a%84%e4%bd%93%e8%82%b2%e5%8d%9a%e5%bd%a9%e8%bd%af%e4%bb%b6\/"]}]},{"@type":"ImageObject","inLanguage":"tr","@id":"https:\/\/sirplay.com\/tr\/%e7%bb%8f%e8%ae%a4%e8%af%81%e7%9a%84%e4%bd%93%e8%82%b2%e5%8d%9a%e5%bd%a9%e8%bd%af%e4%bb%b6\/#primaryimage","url":"https:\/\/sirplay.com\/wp-content\/uploads\/2021\/04\/experience-badge.png","contentUrl":"https:\/\/sirplay.com\/wp-content\/uploads\/2021\/04\/experience-badge.png","width":87,"height":85,"caption":"\u4f53\u9a8c\u5fbd\u7ae0"},{"@type":"BreadcrumbList","@id":"https:\/\/sirplay.com\/tr\/%e7%bb%8f%e8%ae%a4%e8%af%81%e7%9a%84%e4%bd%93%e8%82%b2%e5%8d%9a%e5%bd%a9%e8%bd%af%e4%bb%b6\/#breadcrumb","itemListElement":[{"@type":"ListItem","position":1,"name":"Home","item":"https:\/\/sirplay.com\/tr\/"},{"@type":"ListItem","position":2,"name":"Sertifikal\u0131 spor bahisleri yaz\u0131l\u0131m\u0131"}]},{"@type":"WebSite","@id":"https:\/\/sirplay.com\/tr\/#website","url":"https:\/\/sirplay.com\/tr\/","name":"Sportsbook software provider","description":"Sports betting software online and Retail ssbts  - White label casino","publisher":{"@id":"https:\/\/sirplay.com\/tr\/#organization"},"alternateName":"White label casino","potentialAction":[{"@type":"SearchAction","target":{"@type":"EntryPoint","urlTemplate":"https:\/\/sirplay.com\/tr\/?s={search_term_string}"},"query-input":{"@type":"PropertyValueSpecification","valueRequired":true,"valueName":"search_term_string"}}],"inLanguage":"tr"},{"@type":"Organization","@id":"https:\/\/sirplay.com\/tr\/#organization","name":"Sirplay","alternateName":"Sirplay white label","url":"https:\/\/sirplay.com\/tr\/","logo":{"@type":"ImageObject","inLanguage":"tr","@id":"https:\/\/sirplay.com\/tr\/#\/schema\/logo\/image\/","url":"https:\/\/sirplay.com\/wp-content\/uploads\/2021\/03\/cropped-sirplayICO.png","contentUrl":"https:\/\/sirplay.com\/wp-content\/uploads\/2021\/03\/cropped-sirplayICO.png","width":512,"height":512,"caption":"Sirplay"},"image":{"@id":"https:\/\/sirplay.com\/tr\/#\/schema\/logo\/image\/"},"sameAs":["https:\/\/x.com\/sirplay","https:\/\/www.linkedin.com\/company\/sirplay","https:\/\/www.youtube.com\/user\/BookmakerSolutions"]}]}},"_links":{"self":[{"href":"https:\/\/sirplay.com\/tr\/wp-json\/wp\/v2\/pages\/18845","targetHints":{"allow":["GET"]}}],"collection":[{"href":"https:\/\/sirplay.com\/tr\/wp-json\/wp\/v2\/pages"}],"about":[{"href":"https:\/\/sirplay.com\/tr\/wp-json\/wp\/v2\/types\/page"}],"author":[{"embeddable":true,"href":"https:\/\/sirplay.com\/tr\/wp-json\/wp\/v2\/users\/1"}],"replies":[{"embeddable":true,"href":"https:\/\/sirplay.com\/tr\/wp-json\/wp\/v2\/comments?post=18845"}],"version-history":[{"count":6,"href":"https:\/\/sirplay.com\/tr\/wp-json\/wp\/v2\/pages\/18845\/revisions"}],"predecessor-version":[{"id":22472,"href":"https:\/\/sirplay.com\/tr\/wp-json\/wp\/v2\/pages\/18845\/revisions\/22472"}],"wp:featuredmedia":[{"embeddable":true,"href":"https:\/\/sirplay.com\/tr\/wp-json\/wp\/v2\/media\/18116"}],"wp:attachment":[{"href":"https:\/\/sirplay.com\/tr\/wp-json\/wp\/v2\/media?parent=18845"}],"curies":[{"name":"wp","href":"https:\/\/api.w.org\/{rel}","templated":true}]}}