{"id":18935,"date":"2021-06-08T16:53:24","date_gmt":"2021-06-08T16:53:24","guid":{"rendered":"https:\/\/sirplay.com\/demo-spor-kitabi\/"},"modified":"2025-03-31T14:48:50","modified_gmt":"2025-03-31T14:48:50","slug":"demo-spor-kitabi","status":"publish","type":"page","link":"https:\/\/sirplay.com\/tr\/demo-spor-kitabi\/","title":{"rendered":"demo spor kitab\u0131"},"content":{"rendered":"<div class=\"wpb-content-wrapper\"><p>[vc_row css=&#8221;.vc_custom_1541546704203{margin-top: 30px !important;margin-bottom: 100px !important;}&#8221;][vc_column][vc_row_inner css=&#8221;.vc_custom_1541538802692{margin-top: 65px !important;}&#8221;][vc_column_inner width=&#8221;1\/2&#8243;][vc_custom_heading text=&#8221;Spor bahisleri platformu&#8221; font_container=&#8221;tag:h2|font_size:50px|text_align:left|color:%23a0c528|line_height:50px&#8221; use_theme_fonts=&#8221;yes&#8221; css_animation=&#8221;none&#8221; css=&#8221;.vc_custom_1620203604869{margin-top: 3px !important;margin-bottom: 35px !important;}&#8221;][vc_custom_heading text=&#8221;Spor bahis yaz\u0131l\u0131m\u0131&#8221; font_container=&#8221;tag:h3|font_size:34px|text_align:left|color:%23000000|line_height:34px&#8221; use_theme_fonts=&#8221;yes&#8221; css_animation=&#8221;none&#8221; css=&#8221;.vc_custom_1620203792556{margin-top: 0px !important;margin-bottom: 35px !important;}&#8221;][vc_column_text css_animation=&#8221;none&#8221; css=&#8221;.vc_custom_1743432487491{margin-bottom: 45px !important;}&#8221;]<\/p>\n<p style=\"max-width: 500px; margin-bottom: 30px;\"><strong>Bahis platformumuz \u00e7ok kanall\u0131<\/strong> bu, \u00c7evrimi\u00e7i bahisleri veya perakende olarak kabul etmek isteyen bahis\u00e7iler kara tabanl\u0131 bahis ma\u011fazalar\u0131, ancak her ikisi de self servis kiosklar veya bahis terminalleri veya mobil cihazlar.<\/p>\n<p><strong>Bookie modules:<\/strong><br \/>\n\u2013 Sportsbook and live betting<br \/>\n\u2013 Casino<br \/>\n\u2013 eSports<br \/>\n\u2013 Live Casino<br \/>\n\u2013 Virtual Games<br \/>\n\u2013 Lottery<br \/>\n\u2013 Bingo<br \/>\n\u2013 Mobile[\/vc_column_text][vc_column_text css_animation=&#8221;none&#8221;]<\/p>\n<div class=\"niva-separator\" style=\"height: 4px; background: #A0C528; width: 60px; border-radius: 5px;\"><\/div>\n<p>[\/vc_column_text][\/vc_column_inner][vc_column_inner width=&#8221;1\/2&#8243; offset=&#8221;vc_hidden-xs&#8221;][vc_single_image image=&#8221;18371&#8243; img_size=&#8221;full&#8221;][vc_btn title=&#8221;Demo \u0130steyin!&#8221; color=&#8221;green&#8221; size=&#8221;lg&#8221; align=&#8221;center&#8221; css_animation=&#8221;rotateInDownLeft&#8221; css=&#8221;.vc_custom_1620205117671{margin-top: 70px !important;}&#8221; link=&#8221;url:%23contact|&#8221;][\/vc_column_inner][\/vc_row_inner][vc_row_inner css=&#8221;.vc_custom_1541538906962{margin-top: 75px !important;}&#8221;][vc_column_inner width=&#8221;1\/2&#8243; offset=&#8221;vc_hidden-xs&#8221;][vc_column_text el_class=&#8221;rotation&#8221;][\/vc_column_text][vc_single_image image=&#8221;17977&#8243; img_size=&#8221;full&#8221;][\/vc_column_inner][vc_column_inner width=&#8221;1\/2&#8243;][vc_custom_heading text=&#8221;\u00f6zelle\u015ftirmeler&#8221; font_container=&#8221;tag:h2|font_size:50px|text_align:left|color:%23a0c528|line_height:50px&#8221; use_theme_fonts=&#8221;yes&#8221; css_animation=&#8221;none&#8221; css=&#8221;.vc_custom_1620205228145{margin-top: 3px !important;margin-bottom: 35px !important;}&#8221;][vc_custom_heading text=&#8221;Benzersiz olmak&#8221; font_container=&#8221;tag:h3|font_size:34px|text_align:left|color:%23000000|line_height:34px&#8221; use_theme_fonts=&#8221;yes&#8221; css_animation=&#8221;none&#8221; css=&#8221;.vc_custom_1620205288219{margin-top: 0px !important;margin-bottom: 35px !important;}&#8221;][vc_column_text css_animation=&#8221;none&#8221; css=&#8221;.vc_custom_1743432500842{margin-bottom: 45px !important;}&#8221;]<strong>Sirplay dan\u0131\u015fman\u0131 size \u00e7e\u015fitli bahis\u00e7ileri g\u00f6sterecek<\/strong>, t\u00fcm platformlar \u00e7oklu dil ve \u00e7oklu para birimidir, \u00f6zelle\u015ftirmenin bahis\u00e7ilik i\u015fletme ihtiya\u00e7lar\u0131n\u0131za uygun oldu\u011fu ve Sirplay d\u00fcnyas\u0131nda ilk ad\u0131mlar\u0131n\u0131z\u0131 atmaya ba\u015flad\u0131\u011f\u0131 yer.<\/p>\n<p>&nbsp;[\/vc_column_text][vc_column_text css_animation=&#8221;none&#8221;]<\/p>\n<div class=\"niva-separator\" style=\"height: 4px; background: #A0C528; width: 60px; border-radius: 5px;\"><\/div>\n<p>[\/vc_column_text][\/vc_column_inner][\/vc_row_inner][vc_row_inner css=&#8221;.vc_custom_1541538911605{margin-top: 75px !important;}&#8221;][vc_column_inner width=&#8221;1\/2&#8243;][vc_custom_heading text=&#8221;oranlar&#8221; font_container=&#8221;tag:h2|font_size:50px|text_align:left|color:%23a0c528|line_height:50px&#8221; use_theme_fonts=&#8221;yes&#8221; css_animation=&#8221;none&#8221; css=&#8221;.vc_custom_1620205942416{margin-top: 3px !important;margin-bottom: 35px !important;}&#8221;][vc_custom_heading text=&#8221;platformun motoru&#8221; font_container=&#8221;tag:h3|font_size:34px|text_align:left|color:%23000000|line_height:34px&#8221; use_theme_fonts=&#8221;yes&#8221; css_animation=&#8221;none&#8221; css=&#8221;.vc_custom_1620205982287{margin-top: 0px !important;margin-bottom: 35px !important;}&#8221;][vc_column_text css_animation=&#8221;none&#8221; css=&#8221;.vc_custom_1743432513491{margin-bottom: 45px !important;}&#8221;]<\/p>\n<p style=\"max-width: 500px; margin-bottom: 30px;\">Zaten <strong>d\u00fcnyan\u0131n en iyi oran sa\u011flay\u0131c\u0131lar\u0131n\u0131 entegre ettik<\/strong> ve bu sizin i\u00e7in yeterli de\u011filse, favorinizi de entegre edebiliriz sa\u011flay\u0131c\u0131.<\/p>\n<p><strong>G\u00f6r\u00fcnt\u00fcleme oranlar\u0131n\u0131 \u00f6zelle\u015ftirin<\/strong> 5 farkl\u0131 \u015fekilde, farkl\u0131 oran sonu\u00e7lar\u0131: Avrupa format\u0131 (<strong>ondal\u0131k oranlar<\/strong>), Birle\u015fik Krall\u0131k format\u0131 (<strong>kesirli oranlar<\/strong>) , veya <strong>Hong Kong, Indo ve Malay<\/strong> oran format\u0131 dahil Amerikan format\u0131 (<strong>moneyline bahis oranlar\u0131<\/strong>).<\/p>\n<p>&nbsp;[\/vc_column_text][vc_column_text css_animation=&#8221;none&#8221;]<\/p>\n<div class=\"niva-separator\" style=\"height: 4px; background: #A0C528; width: 60px; border-radius: 5px;\"><\/div>\n<p>[\/vc_column_text][\/vc_column_inner][vc_column_inner width=&#8221;1\/2&#8243; offset=&#8221;vc_hidden-xs&#8221;][vc_column_text el_class=&#8221;rotation&#8221;][\/vc_column_text][vc_single_image image=&#8221;18234&#8243; img_size=&#8221;full&#8221;][\/vc_column_inner][\/vc_row_inner][vc_row_inner css=&#8221;.vc_custom_1541538931204{margin-top: 75px !important;margin-bottom: 0px !important;}&#8221;][vc_column_inner width=&#8221;1\/2&#8243; offset=&#8221;vc_hidden-xs&#8221;][vc_single_image image=&#8221;18269&#8243; img_size=&#8221;full&#8221;][\/vc_column_inner][vc_column_inner width=&#8221;1\/2&#8243;][vc_custom_heading text=&#8221;Pazarlama ara\u00e7lar\u0131&#8221; font_container=&#8221;tag:h2|font_size:50px|text_align:left|color:%23a0c528|line_height:50px&#8221; use_theme_fonts=&#8221;yes&#8221; css_animation=&#8221;none&#8221; css=&#8221;.vc_custom_1620207772943{margin-top: 3px !important;margin-bottom: 30px !important;}&#8221;][vc_custom_heading text=&#8221;Bonus ve Promosyonlar&#8221; font_container=&#8221;tag:h3|font_size:34px|text_align:left|color:%23000000|line_height:34px&#8221; use_theme_fonts=&#8221;yes&#8221; css_animation=&#8221;none&#8221; css=&#8221;.vc_custom_1620208089837{margin-top: 0px !important;margin-bottom: 35px !important;}&#8221;][vc_column_text css_animation=&#8221;none&#8221; css=&#8221;.vc_custom_1620208062251{margin-bottom: 45px !important;}&#8221;]<\/p>\n<p style=\"max-width: 500px; margin-bottom: 30px;\"><strong>Yeni oyuncular\u0131n kazan\u0131lmas\u0131 kilit noktad\u0131r<\/strong>, Sirplay, ula\u015f\u0131lacak hedefe ba\u011fl\u0131 olarak \u00e7e\u015fitli ara\u00e7lar sunar. \u00dcyeliklerin y\u00f6netimini basitle\u015ftirdik ve bonus motorumuz, pazarda rekabet edebilmenizi sa\u011fl\u0131yor.<\/p>\n<p>[\/vc_column_text][vc_column_text css_animation=&#8221;none&#8221;]<\/p>\n<div class=\"niva-separator\" style=\"height: 4px; background: #A0C528; width: 60px; border-radius: 5px;\"><\/div>\n<p>[\/vc_column_text][\/vc_column_inner][\/vc_row_inner][\/vc_column][\/vc_row][vc_row full_width=&#8221;stretch_row&#8221; css=&#8221;.vc_custom_1623070087119{margin-bottom: 0px !important;padding-bottom: 50px !important;background-color: #e2e2e2 !important;}&#8221; el_id=&#8221;contact&#8221;][vc_column width=&#8221;1\/2&#8243; css=&#8221;.vc_custom_1538908117168{padding-top: 0px !important;}&#8221;][vc_custom_heading text=&#8221;Operat\u00f6r\u00fcm\u00fczle bir demo d\u00fczenleyin.&#8221; font_container=&#8221;tag:h3|font_size:50px|text_align:left|color:%23a0c528|line_height:50px&#8221; use_theme_fonts=&#8221;yes&#8221; css_animation=&#8221;none&#8221; css=&#8221;.vc_custom_1623070205037{margin-top: 50px !important;margin-bottom: 30px !important;}&#8221;][vc_column_text]<strong>Genellikle 15 dakika s\u00fcrer<\/strong>, g\u00f6steriler s\u0131ras\u0131nda size yap\u0131lan \u00e7e\u015fitli \u00e7al\u0131\u015fmalar\u0131 ve hem \u00fcretimdeki bahis\u00e7ilerin platformlar\u0131n\u0131n bir listesini hem de test platformlar\u0131nda pratik testler yapan platformlar\u0131n bir listesini g\u00f6sterecekler.<\/p>\n<p><strong>Operat\u00f6r\u00fcm\u00fcz isteklerinizi dinleyecek ve t\u00fcm sorular\u0131n\u0131z\u0131 yan\u0131tlayacakt\u0131r.<\/strong>[\/vc_column_text][\/vc_column][vc_column width=&#8221;1\/2&#8243;]\n<div class=\"wpcf7 no-js\" id=\"wpcf7-f19224-o1\" lang=\"tr-TR\" dir=\"ltr\" data-wpcf7-id=\"19224\">\n<div class=\"screen-reader-response\"><p role=\"status\" aria-live=\"polite\" aria-atomic=\"true\"><\/p> <ul><\/ul><\/div>\n<form action=\"\/tr\/wp-json\/wp\/v2\/pages\/18935#wpcf7-f19224-o1\" method=\"post\" class=\"wpcf7-form init\" aria-label=\"\u0130leti\u015fim Formu\" novalidate=\"novalidate\" data-status=\"init\">\n<fieldset class=\"hidden-fields-container\"><input type=\"hidden\" name=\"_wpcf7\" value=\"19224\" \/><input type=\"hidden\" name=\"_wpcf7_version\" value=\"6.1.5\" \/><input type=\"hidden\" name=\"_wpcf7_locale\" value=\"tr_TR\" \/><input type=\"hidden\" name=\"_wpcf7_unit_tag\" value=\"wpcf7-f19224-o1\" \/><input type=\"hidden\" name=\"_wpcf7_container_post\" value=\"0\" \/><input type=\"hidden\" name=\"_wpcf7_posted_data_hash\" value=\"\" \/>\n<\/fieldset>\n<p><label> Ad Soyad<br \/>\n<span class=\"wpcf7-form-control-wrap\" data-name=\"your-name\"><input size=\"40\" maxlength=\"400\" class=\"wpcf7-form-control wpcf7-text wpcf7-validates-as-required\" aria-required=\"true\" aria-invalid=\"false\" value=\"\" type=\"text\" name=\"your-name\" \/><\/span> <\/label>\n<\/p>\n<p><label> E-posta adresiniz<br \/>\n<span class=\"wpcf7-form-control-wrap\" data-name=\"your-email\"><input size=\"40\" maxlength=\"400\" class=\"wpcf7-form-control wpcf7-email wpcf7-validates-as-required wpcf7-text wpcf7-validates-as-email\" aria-required=\"true\" aria-invalid=\"false\" value=\"\" type=\"email\" name=\"your-email\" \/><\/span> <\/label>\n<\/p>\n<p><label> \u00fclke<br \/>\n<span class=\"wpcf7-form-control-wrap\" data-name=\"countrytext-54\"><input size=\"40\" class=\"wpcf7-form-control wpcf7-countrytext wpcf7-text wpcf7-validates-as-countrytext\" aria-invalid=\"false\" value=\"\" type=\"text\" name=\"countrytext-54\" \/><\/span> <\/label>\n<\/p>\n<p><label> Telefon numaras\u0131<br \/>\n<span class=\"wpcf7-form-control-wrap\" data-name=\"phonetext-462\"><input size=\"40\" class=\"wpcf7-form-control wpcf7-phonetext wpcf7-text wpcf7-validates-as-phonetext\" aria-invalid=\"false\" value=\"\" type=\"text\" name=\"phonetext-462\" \/><input type=\"hidden\" name=\"phonetext-462-country-code\" class=\"wpcf7-phonetext-country-code\" \/><\/span> <\/label>\n<\/p>\n<p><label> \u0130leti<br \/>\n<span class=\"wpcf7-form-control-wrap\" data-name=\"your-message\"><textarea cols=\"40\" rows=\"10\" maxlength=\"2000\" class=\"wpcf7-form-control wpcf7-textarea\" aria-invalid=\"false\" name=\"your-message\"><\/textarea><\/span> <\/label>\n<\/p>\n<p><input class=\"wpcf7-form-control wpcf7-submit has-spinner\" type=\"submit\" value=\"Sunmak\" \/>\n<\/p><div class=\"wpcf7-response-output\" aria-hidden=\"true\"><\/div>\n<\/form>\n<\/div>\n[\/vc_column][\/vc_row][vc_row][vc_column width=&#8221;1\/4&#8243;][vc_single_image image=&#8221;18249&#8243; img_size=&#8221;full&#8221;][\/vc_column][vc_column width=&#8221;3\/4&#8243;][vc_custom_heading text=&#8221;Spor Bahisleri Markas\u0131&#8221; font_container=&#8221;tag:h3|font_size:50px|text_align:left|color:%23a0c528|line_height:50px&#8221; use_theme_fonts=&#8221;yes&#8221; css_animation=&#8221;none&#8221; css=&#8221;.vc_custom_1620231267255{margin-top: 3px !important;margin-bottom: 30px !important;}&#8221;][vc_custom_heading text=&#8221;S\u0131n\u0131rs\u0131z d\u00fczen&#8221; font_container=&#8221;tag:h4|font_size:34px|text_align:left|color:%23000000|line_height:34px&#8221; use_theme_fonts=&#8221;yes&#8221; css_animation=&#8221;none&#8221; css=&#8221;.vc_custom_1620231275670{margin-top: 0px !important;margin-bottom: 35px !important;}&#8221;][vc_column_text css_animation=&#8221;none&#8221; css=&#8221;.vc_custom_1620207431670{margin-bottom: 45px !important;}&#8221;]Hepsi farkl\u0131 <strong>bir\u00e7ok spor kitab\u0131 d\u00fczeni<\/strong> aras\u0131ndan se\u00e7im yap\u0131n veya geli\u015ftirme ekibinizin istedi\u011finiz her \u015feyi olu\u015fturaca\u011f\u0131 <strong> aray\u00fcz API&#8217;si<\/strong> arac\u0131l\u0131\u011f\u0131yla bahis\u00e7i d\u00fczeninizi olu\u015fturun.[\/vc_column_text][\/vc_column][\/vc_row][vc_row][vc_column width=&#8221;1\/4&#8243;][vc_single_image image=&#8221;18285&#8243; img_size=&#8221;full&#8221;][\/vc_column][vc_column width=&#8221;3\/4&#8243;][vc_custom_heading text=&#8221;Duyarl\u0131 D\u00fczen&#8221; font_container=&#8221;tag:h3|font_size:50px|text_align:left|color:%23a0c528|line_height:50px&#8221; use_theme_fonts=&#8221;yes&#8221; css_animation=&#8221;none&#8221; css=&#8221;.vc_custom_1620231123588{margin-top: 3px !important;margin-bottom: 30px !important;}&#8221;][vc_custom_heading text=&#8221;Mobil, Tablet ve Masa\u00fcst\u00fc&#8221; font_container=&#8221;tag:h4|font_size:34px|text_align:left|color:%23000000|line_height:34px&#8221; use_theme_fonts=&#8221;yes&#8221; css_animation=&#8221;none&#8221; css=&#8221;.vc_custom_1620231167149{margin-top: 0px !important;margin-bottom: 35px !important;}&#8221;][vc_column_text css_animation=&#8221;none&#8221; css=&#8221;.vc_custom_1620231248375{margin-bottom: 45px !important;}&#8221;]Tasar\u0131m t\u00fcm unsurlarla uyumludur, platform t\u00fcm taray\u0131c\u0131larla uyumludur. <strong>Mobil, Tablet ve Masa\u00fcst\u00fc Dostu<\/strong>.[\/vc_column_text][\/vc_column][\/vc_row]<\/p>\n<\/div>","protected":false},"excerpt":{"rendered":"<p>[vc_row css=&#8221;.vc_custom_1541546704203{margin-top: 30px !important;margin-bottom: 100px !important;}&#8221;][vc_column][vc_row_inner css=&#8221;.vc_custom_1541538802692{margin-top: 65px !important;}&#8221;][vc_column_inner width=&#8221;1\/2&#8243;][vc_custom_heading text=&#8221;Spor bahisleri platformu&#8221; font_container=&#8221;tag:h2|font_size:50px|text_align:left|color:%23a0c528|line_height:50px&#8221; use_theme_fonts=&#8221;yes&#8221; css_animation=&#8221;none&#8221; css=&#8221;.vc_custom_1620203604869{margin-top: 3px !important;margin-bottom: 35px !important;}&#8221;][vc_custom_heading text=&#8221;Spor bahis yaz\u0131l\u0131m\u0131&#8221; font_container=&#8221;tag:h3|font_size:34px|text_align:left|color:%23000000|line_height:34px&#8221; use_theme_fonts=&#8221;yes&#8221; css_animation=&#8221;none&#8221; css=&#8221;.vc_custom_1620203792556{margin-top: 0px !important;margin-bottom: 35px !important;}&#8221;][vc_column_text css_animation=&#8221;none&#8221; css=&#8221;.vc_custom_1743432487491{margin-bottom: 45px !important;}&#8221;] Bahis platformumuz \u00e7ok kanall\u0131 bu, \u00c7evrimi\u00e7i bahisleri veya perakende olarak kabul etmek isteyen bahis\u00e7iler kara tabanl\u0131 bahis ma\u011fazalar\u0131, ancak [&hellip;]<\/p>\n","protected":false},"author":1,"featured_media":17866,"parent":0,"menu_order":0,"comment_status":"closed","ping_status":"closed","template":"","meta":{"footnotes":""},"class_list":["post-18935","page","type-page","status-publish","has-post-thumbnail","hentry"],"yoast_head":"<!-- This site is optimized with the Yoast SEO Premium plugin v27.3 (Yoast SEO v27.3) - https:\/\/yoast.com\/product\/yoast-seo-premium-wordpress\/ -->\n<title>demo spor kitab\u0131 - Sirplay<\/title>\n<meta name=\"description\" content=\"Bahis platformumuz \u00e7ok kanall\u0131 bu, \u00c7evrimi\u00e7i bahisleri veya perakende olarak kabul etmek isteyen bahis\u00e7iler kara tabanl\u0131 bahis ma\u011fazalar\u0131,\" \/>\n<meta name=\"robots\" content=\"index, follow, max-snippet:-1, max-image-preview:large, max-video-preview:-1\" \/>\n<link rel=\"canonical\" href=\"https:\/\/sirplay.com\/tr\/demo-spor-kitabi\/\" \/>\n<meta property=\"og:locale\" content=\"tr_TR\" \/>\n<meta property=\"og:type\" content=\"article\" \/>\n<meta property=\"og:title\" content=\"demo spor kitab\u0131\" \/>\n<meta property=\"og:description\" content=\"demo spor kitab\u0131\" \/>\n<meta property=\"og:url\" content=\"https:\/\/sirplay.com\/tr\/demo-spor-kitabi\/\" \/>\n<meta property=\"og:site_name\" content=\"Sirplay\" \/>\n<meta property=\"article:modified_time\" content=\"2025-03-31T14:48:50+00:00\" \/>\n<meta property=\"og:image\" content=\"https:\/\/sirplay.com\/wp-content\/uploads\/2021\/04\/sports_betting-software-1.jpg\" \/>\n\t<meta property=\"og:image:width\" content=\"520\" \/>\n\t<meta property=\"og:image:height\" content=\"280\" \/>\n\t<meta property=\"og:image:type\" content=\"image\/jpeg\" \/>\n<meta name=\"twitter:card\" content=\"summary_large_image\" \/>\n<meta name=\"twitter:site\" content=\"@sirplay\" \/>\n<meta name=\"twitter:label1\" content=\"Tahmini okuma s\u00fcresi\" \/>\n\t<meta name=\"twitter:data1\" content=\"3 dakika\" \/>\n<script type=\"application\/ld+json\" class=\"yoast-schema-graph\">{\"@context\":\"https:\\\/\\\/schema.org\",\"@graph\":[{\"@type\":\"WebPage\",\"@id\":\"https:\\\/\\\/sirplay.com\\\/tr\\\/demo-spor-kitabi\\\/\",\"url\":\"https:\\\/\\\/sirplay.com\\\/tr\\\/demo-spor-kitabi\\\/\",\"name\":\"demo spor kitab\u0131 - Sirplay\",\"isPartOf\":{\"@id\":\"https:\\\/\\\/sirplay.com\\\/tr\\\/#website\"},\"primaryImageOfPage\":{\"@id\":\"https:\\\/\\\/sirplay.com\\\/tr\\\/demo-spor-kitabi\\\/#primaryimage\"},\"image\":{\"@id\":\"https:\\\/\\\/sirplay.com\\\/tr\\\/demo-spor-kitabi\\\/#primaryimage\"},\"thumbnailUrl\":\"https:\\\/\\\/sirplay.com\\\/wp-content\\\/uploads\\\/2021\\\/04\\\/sports_betting-software-1.jpg\",\"datePublished\":\"2021-06-08T16:53:24+00:00\",\"dateModified\":\"2025-03-31T14:48:50+00:00\",\"description\":\"Bahis platformumuz \u00e7ok kanall\u0131 bu, \u00c7evrimi\u00e7i bahisleri veya perakende olarak kabul etmek isteyen bahis\u00e7iler kara tabanl\u0131 bahis ma\u011fazalar\u0131,\",\"breadcrumb\":{\"@id\":\"https:\\\/\\\/sirplay.com\\\/tr\\\/demo-spor-kitabi\\\/#breadcrumb\"},\"inLanguage\":\"tr\",\"potentialAction\":[{\"@type\":\"ReadAction\",\"target\":[\"https:\\\/\\\/sirplay.com\\\/tr\\\/demo-spor-kitabi\\\/\"]}]},{\"@type\":\"ImageObject\",\"inLanguage\":\"tr\",\"@id\":\"https:\\\/\\\/sirplay.com\\\/tr\\\/demo-spor-kitabi\\\/#primaryimage\",\"url\":\"https:\\\/\\\/sirplay.com\\\/wp-content\\\/uploads\\\/2021\\\/04\\\/sports_betting-software-1.jpg\",\"contentUrl\":\"https:\\\/\\\/sirplay.com\\\/wp-content\\\/uploads\\\/2021\\\/04\\\/sports_betting-software-1.jpg\",\"width\":520,\"height\":280,\"caption\":\"spor bahisleri yaz\u0131l\u0131m\u0131\"},{\"@type\":\"BreadcrumbList\",\"@id\":\"https:\\\/\\\/sirplay.com\\\/tr\\\/demo-spor-kitabi\\\/#breadcrumb\",\"itemListElement\":[{\"@type\":\"ListItem\",\"position\":1,\"name\":\"Home\",\"item\":\"https:\\\/\\\/sirplay.com\\\/tr\\\/\"},{\"@type\":\"ListItem\",\"position\":2,\"name\":\"demo spor kitab\u0131\"}]},{\"@type\":\"WebSite\",\"@id\":\"https:\\\/\\\/sirplay.com\\\/tr\\\/#website\",\"url\":\"https:\\\/\\\/sirplay.com\\\/tr\\\/\",\"name\":\"Sportsbook software provider\",\"description\":\"Sports betting software online and Retail ssbts  - White label casino\",\"publisher\":{\"@id\":\"https:\\\/\\\/sirplay.com\\\/tr\\\/#organization\"},\"alternateName\":\"White label casino\",\"potentialAction\":[{\"@type\":\"SearchAction\",\"target\":{\"@type\":\"EntryPoint\",\"urlTemplate\":\"https:\\\/\\\/sirplay.com\\\/tr\\\/?s={search_term_string}\"},\"query-input\":{\"@type\":\"PropertyValueSpecification\",\"valueRequired\":true,\"valueName\":\"search_term_string\"}}],\"inLanguage\":\"tr\"},{\"@type\":\"Organization\",\"@id\":\"https:\\\/\\\/sirplay.com\\\/tr\\\/#organization\",\"name\":\"Sirplay\",\"alternateName\":\"Sirplay white label\",\"url\":\"https:\\\/\\\/sirplay.com\\\/tr\\\/\",\"logo\":{\"@type\":\"ImageObject\",\"inLanguage\":\"tr\",\"@id\":\"https:\\\/\\\/sirplay.com\\\/tr\\\/#\\\/schema\\\/logo\\\/image\\\/\",\"url\":\"https:\\\/\\\/sirplay.com\\\/wp-content\\\/uploads\\\/2021\\\/03\\\/cropped-sirplayICO.png\",\"contentUrl\":\"https:\\\/\\\/sirplay.com\\\/wp-content\\\/uploads\\\/2021\\\/03\\\/cropped-sirplayICO.png\",\"width\":512,\"height\":512,\"caption\":\"Sirplay\"},\"image\":{\"@id\":\"https:\\\/\\\/sirplay.com\\\/tr\\\/#\\\/schema\\\/logo\\\/image\\\/\"},\"sameAs\":[\"https:\\\/\\\/x.com\\\/sirplay\",\"https:\\\/\\\/www.linkedin.com\\\/company\\\/sirplay\",\"https:\\\/\\\/www.youtube.com\\\/user\\\/BookmakerSolutions\"]}]}<\/script>\n<!-- \/ Yoast SEO Premium plugin. -->","yoast_head_json":{"title":"demo spor kitab\u0131 - Sirplay","description":"Bahis platformumuz \u00e7ok kanall\u0131 bu, \u00c7evrimi\u00e7i bahisleri veya perakende olarak kabul etmek isteyen bahis\u00e7iler kara tabanl\u0131 bahis ma\u011fazalar\u0131,","robots":{"index":"index","follow":"follow","max-snippet":"max-snippet:-1","max-image-preview":"max-image-preview:large","max-video-preview":"max-video-preview:-1"},"canonical":"https:\/\/sirplay.com\/tr\/demo-spor-kitabi\/","og_locale":"tr_TR","og_type":"article","og_title":"demo spor kitab\u0131","og_description":"demo spor kitab\u0131","og_url":"https:\/\/sirplay.com\/tr\/demo-spor-kitabi\/","og_site_name":"Sirplay","article_modified_time":"2025-03-31T14:48:50+00:00","og_image":[{"width":520,"height":280,"url":"https:\/\/sirplay.com\/wp-content\/uploads\/2021\/04\/sports_betting-software-1.jpg","type":"image\/jpeg"}],"twitter_card":"summary_large_image","twitter_site":"@sirplay","twitter_misc":{"Tahmini okuma s\u00fcresi":"3 dakika"},"schema":{"@context":"https:\/\/schema.org","@graph":[{"@type":"WebPage","@id":"https:\/\/sirplay.com\/tr\/demo-spor-kitabi\/","url":"https:\/\/sirplay.com\/tr\/demo-spor-kitabi\/","name":"demo spor kitab\u0131 - Sirplay","isPartOf":{"@id":"https:\/\/sirplay.com\/tr\/#website"},"primaryImageOfPage":{"@id":"https:\/\/sirplay.com\/tr\/demo-spor-kitabi\/#primaryimage"},"image":{"@id":"https:\/\/sirplay.com\/tr\/demo-spor-kitabi\/#primaryimage"},"thumbnailUrl":"https:\/\/sirplay.com\/wp-content\/uploads\/2021\/04\/sports_betting-software-1.jpg","datePublished":"2021-06-08T16:53:24+00:00","dateModified":"2025-03-31T14:48:50+00:00","description":"Bahis platformumuz \u00e7ok kanall\u0131 bu, \u00c7evrimi\u00e7i bahisleri veya perakende olarak kabul etmek isteyen bahis\u00e7iler kara tabanl\u0131 bahis ma\u011fazalar\u0131,","breadcrumb":{"@id":"https:\/\/sirplay.com\/tr\/demo-spor-kitabi\/#breadcrumb"},"inLanguage":"tr","potentialAction":[{"@type":"ReadAction","target":["https:\/\/sirplay.com\/tr\/demo-spor-kitabi\/"]}]},{"@type":"ImageObject","inLanguage":"tr","@id":"https:\/\/sirplay.com\/tr\/demo-spor-kitabi\/#primaryimage","url":"https:\/\/sirplay.com\/wp-content\/uploads\/2021\/04\/sports_betting-software-1.jpg","contentUrl":"https:\/\/sirplay.com\/wp-content\/uploads\/2021\/04\/sports_betting-software-1.jpg","width":520,"height":280,"caption":"spor bahisleri yaz\u0131l\u0131m\u0131"},{"@type":"BreadcrumbList","@id":"https:\/\/sirplay.com\/tr\/demo-spor-kitabi\/#breadcrumb","itemListElement":[{"@type":"ListItem","position":1,"name":"Home","item":"https:\/\/sirplay.com\/tr\/"},{"@type":"ListItem","position":2,"name":"demo spor kitab\u0131"}]},{"@type":"WebSite","@id":"https:\/\/sirplay.com\/tr\/#website","url":"https:\/\/sirplay.com\/tr\/","name":"Sportsbook software provider","description":"Sports betting software online and Retail ssbts  - White label casino","publisher":{"@id":"https:\/\/sirplay.com\/tr\/#organization"},"alternateName":"White label casino","potentialAction":[{"@type":"SearchAction","target":{"@type":"EntryPoint","urlTemplate":"https:\/\/sirplay.com\/tr\/?s={search_term_string}"},"query-input":{"@type":"PropertyValueSpecification","valueRequired":true,"valueName":"search_term_string"}}],"inLanguage":"tr"},{"@type":"Organization","@id":"https:\/\/sirplay.com\/tr\/#organization","name":"Sirplay","alternateName":"Sirplay white label","url":"https:\/\/sirplay.com\/tr\/","logo":{"@type":"ImageObject","inLanguage":"tr","@id":"https:\/\/sirplay.com\/tr\/#\/schema\/logo\/image\/","url":"https:\/\/sirplay.com\/wp-content\/uploads\/2021\/03\/cropped-sirplayICO.png","contentUrl":"https:\/\/sirplay.com\/wp-content\/uploads\/2021\/03\/cropped-sirplayICO.png","width":512,"height":512,"caption":"Sirplay"},"image":{"@id":"https:\/\/sirplay.com\/tr\/#\/schema\/logo\/image\/"},"sameAs":["https:\/\/x.com\/sirplay","https:\/\/www.linkedin.com\/company\/sirplay","https:\/\/www.youtube.com\/user\/BookmakerSolutions"]}]}},"_links":{"self":[{"href":"https:\/\/sirplay.com\/tr\/wp-json\/wp\/v2\/pages\/18935","targetHints":{"allow":["GET"]}}],"collection":[{"href":"https:\/\/sirplay.com\/tr\/wp-json\/wp\/v2\/pages"}],"about":[{"href":"https:\/\/sirplay.com\/tr\/wp-json\/wp\/v2\/types\/page"}],"author":[{"embeddable":true,"href":"https:\/\/sirplay.com\/tr\/wp-json\/wp\/v2\/users\/1"}],"replies":[{"embeddable":true,"href":"https:\/\/sirplay.com\/tr\/wp-json\/wp\/v2\/comments?post=18935"}],"version-history":[{"count":4,"href":"https:\/\/sirplay.com\/tr\/wp-json\/wp\/v2\/pages\/18935\/revisions"}],"predecessor-version":[{"id":22491,"href":"https:\/\/sirplay.com\/tr\/wp-json\/wp\/v2\/pages\/18935\/revisions\/22491"}],"wp:featuredmedia":[{"embeddable":true,"href":"https:\/\/sirplay.com\/tr\/wp-json\/wp\/v2\/media\/17866"}],"wp:attachment":[{"href":"https:\/\/sirplay.com\/tr\/wp-json\/wp\/v2\/media?parent=18935"}],"curies":[{"name":"wp","href":"https:\/\/api.w.org\/{rel}","templated":true}]}}