{"id":19020,"date":"2021-06-14T10:00:38","date_gmt":"2021-06-14T10:00:38","guid":{"rendered":"https:\/\/sirplay.com\/bahis-platformu-beyaz-etiket\/"},"modified":"2024-06-10T11:26:00","modified_gmt":"2024-06-10T11:26:00","slug":"bahis-platformu-beyaz-etiket","status":"publish","type":"page","link":"https:\/\/sirplay.com\/tr\/bahis-platformu-beyaz-etiket\/","title":{"rendered":"Bahis platformu beyaz etiket"},"content":{"rendered":"<div class=\"wpb-content-wrapper\"><p>[vc_row][vc_column width=&#8221;2\/3&#8243;][vc_column_text]<\/p>\n<h2>Bahis \u00e7\u00f6z\u00fcmleri<\/h2>\n<p>Sirplay LTD, bahis i\u015fletmeniz i\u00e7in\u00a0<strong>bahis \u00e7\u00f6z\u00fcmlerine<\/strong> sahiptir.<br \/>\nSirplay&#8217;in\u00a0<strong>spor bahisleri yaz\u0131l\u0131m\u0131nda<\/strong> bahis oynayabilece\u011fi bahis\u00e7ilerin say\u0131s\u0131 sonsuzdur ve bahis\u00e7ilere harika oranlar ve bahis t\u00fcrleri sa\u011flayabilirler. <strong>D\u00fcnya \u00e7ap\u0131nda \u00e7ok \u00e7e\u015fitli spor etkinlikleri<\/strong>, spor kitab\u0131nda yer al\u0131r.<br \/>\nFutbol, \u200b\u200bKriket, Basketbol, \u200b\u200bTenis, Voleybol, Masa Tenisi, Beyzbol, Amerikan Futbolu, Rugby, Golf, Hokey, Formula 1, MotoGP ve di\u011ferleri.<\/p>\n<p>Yaz\u0131l\u0131m\u0131m\u0131z\u0131 sat\u0131n alman\u0131z i\u00e7in 16 neden:<\/p>\n<ol>\n<li><strong>Otomatik bahis oranlar\u0131<\/strong> ve bahislerin sonu\u00e7land\u0131r\u0131lmas\u0131<\/li>\n<li>Piyasadaki en iyi oranlar ve<strong> bahis t\u00fcrleri<\/strong><\/li>\n<li>\u00d6zel <strong>bahis izleme<\/strong> ve raporlama sistemleri<\/li>\n<li>En son teknoloji, sekt\u00f6rdeki en keskin \u00e7izgiler<\/li>\n<li>\u00c7o\u011fu <strong>komple\u00a0bahis \u00e7\u00f6z\u00fcmleri men\u00fcs\u00fc<\/strong> mevcuttur<\/li>\n<li><strong>\u00c7oklu platform<\/strong> mimarisi: Bahis, Canl\u0131 bahis, Casino ve Oyunlar, piyango ve Bingo, canl\u0131 oyunlar ve daha fazlas\u0131.<\/li>\n<li><strong>\u00c7ok dilli<\/strong> ve \u00e7oklu para birimi &#8211; Bitcoin ve di\u011fer kripto paralar<\/li>\n<li>Kalite kontrol izleme ve <strong>y\u00f6netim ara\u00e7lar\u0131<\/strong><\/li>\n<li>Kripto para birimi ve Defi oyun jetonu<\/li>\n<li><strong>\u00c7evrimi\u00e7i kumarhane oyunlar\u0131<\/strong>: \u0130nternet kumarhane oyunlar\u0131, PC &#8211; iOS &#8211; Android cihazlara uyarlanabilir<\/li>\n<li>Karadaki ma\u011fazalar, perakende sat\u0131\u015f noktalar\u0131, internet \u00e7ekili\u015fleri siber kafeler i\u00e7in \u00e7evrimd\u0131\u015f\u0131 kumarhane yaz\u0131l\u0131m\u0131<\/li>\n<li>Video Piyango Terminali &#8211; stand up cyber cafe kiosk<\/li>\n<li><strong>Self-servis terminali<\/strong> (oyuncular\u0131n promosyon oyun puanlar\u0131 sat\u0131n almalar\u0131na ve kazan\u00e7lar\u0131 kendi ba\u015flar\u0131na kullanmalar\u0131na olanak tan\u0131yan \u00f6deme kiosku)<\/li>\n<li>Android &#8211; iOS kumarhane mobil uygulamas\u0131<\/li>\n<li>7\/24 \u2013 365 Destek ve uzaktan bak\u0131m<\/li>\n<li>GLI sertifikal\u0131 Spor bahisleri sa\u011flay\u0131c\u0131s\u0131 olarak Sirplay yasa gereksinimleriyle e\u015fle\u015fen t\u00fcm operat\u00f6rler i\u00e7in platform.<\/li>\n<\/ol>\n<p style=\"margin-bottom: 0cm;\">M\u00fc\u015fterilerimizle yak\u0131n i\u015fbirli\u011fimiz sayesinde, spor bahisleri yaz\u0131l\u0131m\u0131m\u0131z\u0131 s\u00fcrekli olarak geni\u015fleterek daha h\u0131zl\u0131, daha g\u00fcvenilir ve kullan\u0131m\u0131 daha kolay hale getiriyoruz.<\/p>\n<p>[\/vc_column_text][\/vc_column][vc_column width=&#8221;1\/3&#8243;][vc_single_image image=&#8221;18371&#8243; img_size=&#8221;medium&#8221;][vc_single_image image=&#8221;18008&#8243; img_size=&#8221;medium&#8221; css=&#8221;.vc_custom_1620822343844{padding-top: 80px !important;}&#8221;][vc_single_image image=&#8221;17866&#8243; img_size=&#8221;medium&#8221; css=&#8221;.vc_custom_1620822374812{padding-top: 80px !important;}&#8221;][vc_btn title=&#8221;Demo \u0130steyin&#8221; color=&#8221;green&#8221; size=&#8221;lg&#8221; align=&#8221;center&#8221; css=&#8221;.vc_custom_1718015068207{padding-top: 80px !important;}&#8221; link=&#8221;url:https%3A%2F%2Fsirplay.com%2Fcontact%2F|title:Bize%20Ula%C5%9F%C4%B1n&#8221;][\/vc_column][\/vc_row][vc_row full_width=&#8221;stretch_row&#8221; css=&#8221;.vc_custom_1541539222800{padding-top: 55px !important;padding-bottom: 80px !important;}&#8221;][vc_column width=&#8221;1\/2&#8243; el_id=&#8221;contact&#8221;][vc_column_text css_animation=&#8221;fadeInUp&#8221; css=&#8221;.vc_custom_1718018754637{margin-top: 50px !important;margin-bottom: 40px !important;}&#8221;]<\/p>\n<h6 class=\"section-title wow fadeInUp dark_title animated\">CONTACT US!<\/h6>\n<h2 class=\"section-subtitle wow fadeInUp dark_subtitle animated\">Let&#8217;s Talk about Strategy<\/h2>\n<p style=\"max-width: 650px;\">Hizmetlerimizin Bahis i\u015finize nas\u0131l fayda sa\u011flayabilece\u011fi hakk\u0131nda ayr\u0131nt\u0131l\u0131 bir tart\u0131\u015fma i\u00e7in bir Sirplay uzman\u0131yla ba\u011flant\u0131 kurun ve kendi stratejinizi olu\u015fturun.<\/p>\n<p>[\/vc_column_text][vc_column_text]<\/p>\n<h3>Strateji oturumlar\u0131 ihtiya\u00e7lar\u0131n\u0131za g\u00f6re uyarlan\u0131r. Oturumlar s\u0131ras\u0131nda ele alabilece\u011finiz baz\u0131 konular \u015funlard\u0131r:<\/h3>\n<ul>\n<li>Pazar analizi ve Yerel Operasyonlar.<\/li>\n<li>Geli\u015ftirme hedefleri ve zorluklar.<\/li>\n<li>\u00c7evrimi\u00e7i ve perakende geli\u015ftirme stratejileri.<\/li>\n<li>Mevcut ekibinizden en iyi \u015fekilde nas\u0131l yararlanabilirsiniz?<\/li>\n<li>Sirplay \u00e7\u00f6z\u00fcmlerinin nas\u0131l \u00e7al\u0131\u015ft\u0131\u011f\u0131 ve bunlar\u0131 ne zaman veya neden kulland\u0131\u011f\u0131yla ilgili sorular.<\/li>\n<\/ul>\n<p>[\/vc_column_text][\/vc_column][vc_column width=&#8221;1\/2&#8243;][vc_column_text css_animation=&#8221;fadeInUp&#8221; css=&#8221;.vc_custom_1619547042726{padding-bottom: 50px !important;}&#8221;]<\/p>\n<h4 class=\"x-text-content-text-primary\">Strateji oturumunuz i\u00e7in kaydolun<\/h4>\n<p>[\/vc_column_text]\n<div class=\"wpcf7 no-js\" id=\"wpcf7-f19224-o1\" lang=\"tr-TR\" dir=\"ltr\" data-wpcf7-id=\"19224\">\n<div class=\"screen-reader-response\"><p role=\"status\" aria-live=\"polite\" aria-atomic=\"true\"><\/p> <ul><\/ul><\/div>\n<form action=\"\/tr\/wp-json\/wp\/v2\/pages\/19020#wpcf7-f19224-o1\" method=\"post\" class=\"wpcf7-form init\" aria-label=\"\u0130leti\u015fim Formu\" novalidate=\"novalidate\" data-status=\"init\">\n<fieldset class=\"hidden-fields-container\"><input type=\"hidden\" name=\"_wpcf7\" value=\"19224\" \/><input type=\"hidden\" name=\"_wpcf7_version\" value=\"6.1.5\" \/><input type=\"hidden\" name=\"_wpcf7_locale\" value=\"tr_TR\" \/><input type=\"hidden\" name=\"_wpcf7_unit_tag\" value=\"wpcf7-f19224-o1\" \/><input type=\"hidden\" name=\"_wpcf7_container_post\" value=\"0\" \/><input type=\"hidden\" name=\"_wpcf7_posted_data_hash\" value=\"\" \/>\n<\/fieldset>\n<p><label> Ad Soyad<br \/>\n<span class=\"wpcf7-form-control-wrap\" data-name=\"your-name\"><input size=\"40\" maxlength=\"400\" class=\"wpcf7-form-control wpcf7-text wpcf7-validates-as-required\" aria-required=\"true\" aria-invalid=\"false\" value=\"\" type=\"text\" name=\"your-name\" \/><\/span> <\/label>\n<\/p>\n<p><label> E-posta adresiniz<br \/>\n<span class=\"wpcf7-form-control-wrap\" data-name=\"your-email\"><input size=\"40\" maxlength=\"400\" class=\"wpcf7-form-control wpcf7-email wpcf7-validates-as-required wpcf7-text wpcf7-validates-as-email\" aria-required=\"true\" aria-invalid=\"false\" value=\"\" type=\"email\" name=\"your-email\" \/><\/span> <\/label>\n<\/p>\n<p><label> \u00fclke<br \/>\n<span class=\"wpcf7-form-control-wrap\" data-name=\"countrytext-54\"><input size=\"40\" class=\"wpcf7-form-control wpcf7-countrytext wpcf7-text wpcf7-validates-as-countrytext\" aria-invalid=\"false\" value=\"\" type=\"text\" name=\"countrytext-54\" \/><\/span> <\/label>\n<\/p>\n<p><label> Telefon numaras\u0131<br \/>\n<span class=\"wpcf7-form-control-wrap\" data-name=\"phonetext-462\"><input size=\"40\" class=\"wpcf7-form-control wpcf7-phonetext wpcf7-text wpcf7-validates-as-phonetext\" aria-invalid=\"false\" value=\"\" type=\"text\" name=\"phonetext-462\" \/><input type=\"hidden\" name=\"phonetext-462-country-code\" class=\"wpcf7-phonetext-country-code\" \/><\/span> <\/label>\n<\/p>\n<p><label> \u0130leti<br \/>\n<span class=\"wpcf7-form-control-wrap\" data-name=\"your-message\"><textarea cols=\"40\" rows=\"10\" maxlength=\"2000\" class=\"wpcf7-form-control wpcf7-textarea\" aria-invalid=\"false\" name=\"your-message\"><\/textarea><\/span> <\/label>\n<\/p>\n<p><input class=\"wpcf7-form-control wpcf7-submit has-spinner\" type=\"submit\" value=\"Sunmak\" \/>\n<\/p><div class=\"wpcf7-response-output\" aria-hidden=\"true\"><\/div>\n<\/form>\n<\/div>\n[\/vc_column][\/vc_row]<\/p>\n<\/div>","protected":false},"excerpt":{"rendered":"<p>[vc_row][vc_column width=&#8221;2\/3&#8243;][vc_column_text] Bahis \u00e7\u00f6z\u00fcmleri Sirplay LTD, bahis i\u015fletmeniz i\u00e7in\u00a0bahis \u00e7\u00f6z\u00fcmlerine sahiptir. Sirplay&#8217;in\u00a0spor bahisleri yaz\u0131l\u0131m\u0131nda bahis oynayabilece\u011fi bahis\u00e7ilerin say\u0131s\u0131 sonsuzdur ve bahis\u00e7ilere harika oranlar ve bahis t\u00fcrleri sa\u011flayabilirler. D\u00fcnya \u00e7ap\u0131nda \u00e7ok \u00e7e\u015fitli spor etkinlikleri, spor kitab\u0131nda yer al\u0131r. Futbol, \u200b\u200bKriket, Basketbol, \u200b\u200bTenis, Voleybol, Masa Tenisi, Beyzbol, Amerikan Futbolu, Rugby, Golf, Hokey, Formula 1, MotoGP ve di\u011ferleri. [&hellip;]<\/p>\n","protected":false},"author":1,"featured_media":17911,"parent":0,"menu_order":0,"comment_status":"closed","ping_status":"closed","template":"","meta":{"footnotes":""},"class_list":["post-19020","page","type-page","status-publish","has-post-thumbnail","hentry"],"yoast_head":"<!-- This site is optimized with the Yoast SEO Premium plugin v27.3 (Yoast SEO v27.3) - https:\/\/yoast.com\/product\/yoast-seo-premium-wordpress\/ -->\n<title>Bahis platformu beyaz etiket - Sirplay<\/title>\n<meta name=\"description\" content=\"Sirplay LTD, bahis i\u015fletmeniz i\u00e7in bahis \u00e7\u00f6z\u00fcmlerine sahiptir.Sirplay\u2019in spor bahisleri yaz\u0131l\u0131m\u0131nda bahis oynayabilece\u011fi bahis\u00e7ilerin say\u0131s\u0131 sonsuzdur\" \/>\n<meta name=\"robots\" content=\"index, follow, max-snippet:-1, max-image-preview:large, max-video-preview:-1\" \/>\n<link rel=\"canonical\" href=\"https:\/\/sirplay.com\/tr\/bahis-platformu-beyaz-etiket\/\" \/>\n<meta property=\"og:locale\" content=\"tr_TR\" \/>\n<meta property=\"og:type\" content=\"article\" \/>\n<meta property=\"og:title\" content=\"Bahis platformu beyaz etiket\" \/>\n<meta property=\"og:description\" content=\"Bahis platformu beyaz etiket\" \/>\n<meta property=\"og:url\" content=\"https:\/\/sirplay.com\/tr\/bahis-platformu-beyaz-etiket\/\" \/>\n<meta property=\"og:site_name\" content=\"Sirplay\" \/>\n<meta property=\"article:modified_time\" content=\"2024-06-10T11:26:00+00:00\" \/>\n<meta property=\"og:image\" content=\"https:\/\/sirplay.com\/wp-content\/uploads\/2021\/04\/casino_software-1.jpg\" \/>\n\t<meta property=\"og:image:width\" content=\"520\" \/>\n\t<meta property=\"og:image:height\" content=\"280\" \/>\n\t<meta property=\"og:image:type\" content=\"image\/jpeg\" \/>\n<meta name=\"twitter:card\" content=\"summary_large_image\" \/>\n<meta name=\"twitter:site\" content=\"@sirplay\" \/>\n<meta name=\"twitter:label1\" content=\"Tahmini okuma s\u00fcresi\" \/>\n\t<meta name=\"twitter:data1\" content=\"2 dakika\" \/>\n<script type=\"application\/ld+json\" class=\"yoast-schema-graph\">{\"@context\":\"https:\\\/\\\/schema.org\",\"@graph\":[{\"@type\":\"WebPage\",\"@id\":\"https:\\\/\\\/sirplay.com\\\/tr\\\/bahis-platformu-beyaz-etiket\\\/\",\"url\":\"https:\\\/\\\/sirplay.com\\\/tr\\\/bahis-platformu-beyaz-etiket\\\/\",\"name\":\"Bahis platformu beyaz etiket - Sirplay\",\"isPartOf\":{\"@id\":\"https:\\\/\\\/sirplay.com\\\/tr\\\/#website\"},\"primaryImageOfPage\":{\"@id\":\"https:\\\/\\\/sirplay.com\\\/tr\\\/bahis-platformu-beyaz-etiket\\\/#primaryimage\"},\"image\":{\"@id\":\"https:\\\/\\\/sirplay.com\\\/tr\\\/bahis-platformu-beyaz-etiket\\\/#primaryimage\"},\"thumbnailUrl\":\"https:\\\/\\\/sirplay.com\\\/wp-content\\\/uploads\\\/2021\\\/04\\\/casino_software-1.jpg\",\"datePublished\":\"2021-06-14T10:00:38+00:00\",\"dateModified\":\"2024-06-10T11:26:00+00:00\",\"description\":\"Sirplay LTD, bahis i\u015fletmeniz i\u00e7in bahis \u00e7\u00f6z\u00fcmlerine sahiptir.Sirplay\u2019in spor bahisleri yaz\u0131l\u0131m\u0131nda bahis oynayabilece\u011fi bahis\u00e7ilerin say\u0131s\u0131 sonsuzdur\",\"breadcrumb\":{\"@id\":\"https:\\\/\\\/sirplay.com\\\/tr\\\/bahis-platformu-beyaz-etiket\\\/#breadcrumb\"},\"inLanguage\":\"tr\",\"potentialAction\":[{\"@type\":\"ReadAction\",\"target\":[\"https:\\\/\\\/sirplay.com\\\/tr\\\/bahis-platformu-beyaz-etiket\\\/\"]}]},{\"@type\":\"ImageObject\",\"inLanguage\":\"tr\",\"@id\":\"https:\\\/\\\/sirplay.com\\\/tr\\\/bahis-platformu-beyaz-etiket\\\/#primaryimage\",\"url\":\"https:\\\/\\\/sirplay.com\\\/wp-content\\\/uploads\\\/2021\\\/04\\\/casino_software-1.jpg\",\"contentUrl\":\"https:\\\/\\\/sirplay.com\\\/wp-content\\\/uploads\\\/2021\\\/04\\\/casino_software-1.jpg\",\"width\":520,\"height\":280,\"caption\":\"kumarhane yaz\u0131l\u0131m\u0131\"},{\"@type\":\"BreadcrumbList\",\"@id\":\"https:\\\/\\\/sirplay.com\\\/tr\\\/bahis-platformu-beyaz-etiket\\\/#breadcrumb\",\"itemListElement\":[{\"@type\":\"ListItem\",\"position\":1,\"name\":\"Home\",\"item\":\"https:\\\/\\\/sirplay.com\\\/tr\\\/\"},{\"@type\":\"ListItem\",\"position\":2,\"name\":\"Bahis platformu beyaz etiket\"}]},{\"@type\":\"WebSite\",\"@id\":\"https:\\\/\\\/sirplay.com\\\/tr\\\/#website\",\"url\":\"https:\\\/\\\/sirplay.com\\\/tr\\\/\",\"name\":\"Sportsbook software provider\",\"description\":\"Sports betting software online and Retail ssbts  - White label casino\",\"publisher\":{\"@id\":\"https:\\\/\\\/sirplay.com\\\/tr\\\/#organization\"},\"alternateName\":\"White label casino\",\"potentialAction\":[{\"@type\":\"SearchAction\",\"target\":{\"@type\":\"EntryPoint\",\"urlTemplate\":\"https:\\\/\\\/sirplay.com\\\/tr\\\/?s={search_term_string}\"},\"query-input\":{\"@type\":\"PropertyValueSpecification\",\"valueRequired\":true,\"valueName\":\"search_term_string\"}}],\"inLanguage\":\"tr\"},{\"@type\":\"Organization\",\"@id\":\"https:\\\/\\\/sirplay.com\\\/tr\\\/#organization\",\"name\":\"Sirplay\",\"alternateName\":\"Sirplay white label\",\"url\":\"https:\\\/\\\/sirplay.com\\\/tr\\\/\",\"logo\":{\"@type\":\"ImageObject\",\"inLanguage\":\"tr\",\"@id\":\"https:\\\/\\\/sirplay.com\\\/tr\\\/#\\\/schema\\\/logo\\\/image\\\/\",\"url\":\"https:\\\/\\\/sirplay.com\\\/wp-content\\\/uploads\\\/2021\\\/03\\\/cropped-sirplayICO.png\",\"contentUrl\":\"https:\\\/\\\/sirplay.com\\\/wp-content\\\/uploads\\\/2021\\\/03\\\/cropped-sirplayICO.png\",\"width\":512,\"height\":512,\"caption\":\"Sirplay\"},\"image\":{\"@id\":\"https:\\\/\\\/sirplay.com\\\/tr\\\/#\\\/schema\\\/logo\\\/image\\\/\"},\"sameAs\":[\"https:\\\/\\\/x.com\\\/sirplay\",\"https:\\\/\\\/www.linkedin.com\\\/company\\\/sirplay\",\"https:\\\/\\\/www.youtube.com\\\/user\\\/BookmakerSolutions\"]}]}<\/script>\n<!-- \/ Yoast SEO Premium plugin. -->","yoast_head_json":{"title":"Bahis platformu beyaz etiket - Sirplay","description":"Sirplay LTD, bahis i\u015fletmeniz i\u00e7in bahis \u00e7\u00f6z\u00fcmlerine sahiptir.Sirplay\u2019in spor bahisleri yaz\u0131l\u0131m\u0131nda bahis oynayabilece\u011fi bahis\u00e7ilerin say\u0131s\u0131 sonsuzdur","robots":{"index":"index","follow":"follow","max-snippet":"max-snippet:-1","max-image-preview":"max-image-preview:large","max-video-preview":"max-video-preview:-1"},"canonical":"https:\/\/sirplay.com\/tr\/bahis-platformu-beyaz-etiket\/","og_locale":"tr_TR","og_type":"article","og_title":"Bahis platformu beyaz etiket","og_description":"Bahis platformu beyaz etiket","og_url":"https:\/\/sirplay.com\/tr\/bahis-platformu-beyaz-etiket\/","og_site_name":"Sirplay","article_modified_time":"2024-06-10T11:26:00+00:00","og_image":[{"width":520,"height":280,"url":"https:\/\/sirplay.com\/wp-content\/uploads\/2021\/04\/casino_software-1.jpg","type":"image\/jpeg"}],"twitter_card":"summary_large_image","twitter_site":"@sirplay","twitter_misc":{"Tahmini okuma s\u00fcresi":"2 dakika"},"schema":{"@context":"https:\/\/schema.org","@graph":[{"@type":"WebPage","@id":"https:\/\/sirplay.com\/tr\/bahis-platformu-beyaz-etiket\/","url":"https:\/\/sirplay.com\/tr\/bahis-platformu-beyaz-etiket\/","name":"Bahis platformu beyaz etiket - Sirplay","isPartOf":{"@id":"https:\/\/sirplay.com\/tr\/#website"},"primaryImageOfPage":{"@id":"https:\/\/sirplay.com\/tr\/bahis-platformu-beyaz-etiket\/#primaryimage"},"image":{"@id":"https:\/\/sirplay.com\/tr\/bahis-platformu-beyaz-etiket\/#primaryimage"},"thumbnailUrl":"https:\/\/sirplay.com\/wp-content\/uploads\/2021\/04\/casino_software-1.jpg","datePublished":"2021-06-14T10:00:38+00:00","dateModified":"2024-06-10T11:26:00+00:00","description":"Sirplay LTD, bahis i\u015fletmeniz i\u00e7in bahis \u00e7\u00f6z\u00fcmlerine sahiptir.Sirplay\u2019in spor bahisleri yaz\u0131l\u0131m\u0131nda bahis oynayabilece\u011fi bahis\u00e7ilerin say\u0131s\u0131 sonsuzdur","breadcrumb":{"@id":"https:\/\/sirplay.com\/tr\/bahis-platformu-beyaz-etiket\/#breadcrumb"},"inLanguage":"tr","potentialAction":[{"@type":"ReadAction","target":["https:\/\/sirplay.com\/tr\/bahis-platformu-beyaz-etiket\/"]}]},{"@type":"ImageObject","inLanguage":"tr","@id":"https:\/\/sirplay.com\/tr\/bahis-platformu-beyaz-etiket\/#primaryimage","url":"https:\/\/sirplay.com\/wp-content\/uploads\/2021\/04\/casino_software-1.jpg","contentUrl":"https:\/\/sirplay.com\/wp-content\/uploads\/2021\/04\/casino_software-1.jpg","width":520,"height":280,"caption":"kumarhane yaz\u0131l\u0131m\u0131"},{"@type":"BreadcrumbList","@id":"https:\/\/sirplay.com\/tr\/bahis-platformu-beyaz-etiket\/#breadcrumb","itemListElement":[{"@type":"ListItem","position":1,"name":"Home","item":"https:\/\/sirplay.com\/tr\/"},{"@type":"ListItem","position":2,"name":"Bahis platformu beyaz etiket"}]},{"@type":"WebSite","@id":"https:\/\/sirplay.com\/tr\/#website","url":"https:\/\/sirplay.com\/tr\/","name":"Sportsbook software provider","description":"Sports betting software online and Retail ssbts  - White label casino","publisher":{"@id":"https:\/\/sirplay.com\/tr\/#organization"},"alternateName":"White label casino","potentialAction":[{"@type":"SearchAction","target":{"@type":"EntryPoint","urlTemplate":"https:\/\/sirplay.com\/tr\/?s={search_term_string}"},"query-input":{"@type":"PropertyValueSpecification","valueRequired":true,"valueName":"search_term_string"}}],"inLanguage":"tr"},{"@type":"Organization","@id":"https:\/\/sirplay.com\/tr\/#organization","name":"Sirplay","alternateName":"Sirplay white label","url":"https:\/\/sirplay.com\/tr\/","logo":{"@type":"ImageObject","inLanguage":"tr","@id":"https:\/\/sirplay.com\/tr\/#\/schema\/logo\/image\/","url":"https:\/\/sirplay.com\/wp-content\/uploads\/2021\/03\/cropped-sirplayICO.png","contentUrl":"https:\/\/sirplay.com\/wp-content\/uploads\/2021\/03\/cropped-sirplayICO.png","width":512,"height":512,"caption":"Sirplay"},"image":{"@id":"https:\/\/sirplay.com\/tr\/#\/schema\/logo\/image\/"},"sameAs":["https:\/\/x.com\/sirplay","https:\/\/www.linkedin.com\/company\/sirplay","https:\/\/www.youtube.com\/user\/BookmakerSolutions"]}]}},"_links":{"self":[{"href":"https:\/\/sirplay.com\/tr\/wp-json\/wp\/v2\/pages\/19020","targetHints":{"allow":["GET"]}}],"collection":[{"href":"https:\/\/sirplay.com\/tr\/wp-json\/wp\/v2\/pages"}],"about":[{"href":"https:\/\/sirplay.com\/tr\/wp-json\/wp\/v2\/types\/page"}],"author":[{"embeddable":true,"href":"https:\/\/sirplay.com\/tr\/wp-json\/wp\/v2\/users\/1"}],"replies":[{"embeddable":true,"href":"https:\/\/sirplay.com\/tr\/wp-json\/wp\/v2\/comments?post=19020"}],"version-history":[{"count":4,"href":"https:\/\/sirplay.com\/tr\/wp-json\/wp\/v2\/pages\/19020\/revisions"}],"predecessor-version":[{"id":21677,"href":"https:\/\/sirplay.com\/tr\/wp-json\/wp\/v2\/pages\/19020\/revisions\/21677"}],"wp:featuredmedia":[{"embeddable":true,"href":"https:\/\/sirplay.com\/tr\/wp-json\/wp\/v2\/media\/17911"}],"wp:attachment":[{"href":"https:\/\/sirplay.com\/tr\/wp-json\/wp\/v2\/media?parent=19020"}],"curies":[{"name":"wp","href":"https:\/\/api.w.org\/{rel}","templated":true}]}}