{"id":19086,"date":"2021-06-15T15:59:27","date_gmt":"2021-06-15T15:59:27","guid":{"rendered":"https:\/\/sirplay.com\/spor-bahisleri-yazilim-saglayicisi\/"},"modified":"2026-01-28T16:02:36","modified_gmt":"2026-01-28T16:02:36","slug":"spor-bahisleri-yazilim-saglayicisi","status":"publish","type":"page","link":"https:\/\/sirplay.com\/tr\/spor-bahisleri-yazilim-saglayicisi\/","title":{"rendered":"Spor bahisleri yaz\u0131l\u0131m sa\u011flay\u0131c\u0131s\u0131"},"content":{"rendered":"<div class=\"wpb-content-wrapper\"><p>[vc_row css=&#8221;.vc_custom_1542122107794{margin-bottom: 0px !important;padding-top: 80px !important;padding-bottom: 100px !important;}&#8221;][vc_column width=&#8221;1\/2&#8243; css=&#8221;.vc_custom_1623768243150{margin-top: 10px !important;margin-bottom: 50px !important;}&#8221; offset=&#8221;vc_col-xs-12&#8243;]<script>\n                jQuery(function(){\n                    jQuery(\".mt_typed_text_69f40c31f283e\").typed({\n                      strings: ['Sportsbook Providers', 'Casino Providers', 'Gambling Provider', 'Games Providers'],\n                      typeSpeed: 1,\n                      backDelay: 2000,\n                      loop: true\n                    });\n                });\n              <\/script><style>.parent-typed-text.mt_typed_text123_69f40c31f283f .mt_typed_text { color: !important;}<\/style><div class=\"parent-typed-text mt_typed_text123_69f40c31f283f\" style=\"font-size:35px; line-height:35px; letter-spacing:0px\"><span class=\"mt_typed-beforetext\" style=\"color:\">We are <\/span><span class=\"mt_typed_text mt_typed_text_69f40c31f283e\"><\/span><span class=\"mt_typed-aftertext\" style=\"color:\"> <\/span><\/div>[vc_custom_heading text=&#8221;Ne yap\u0131yoruz?&#8221; font_container=&#8221;tag:h3|font_size:40px|text_align:left|line_height:40px&#8221; use_theme_fonts=&#8221;yes&#8221; css=&#8221;.vc_custom_1621935339299{margin-top: 15px !important;margin-bottom: 25px !important;}&#8221; el_class=&#8221;looking-for-heading&#8221;][vc_column_text css=&#8221;.vc_custom_1727712068558{margin-top: 50px !important;margin-bottom: 40px !important;}&#8221;]<\/p>\n<p style=\"max-width: 650px;\"><strong>Sirplay, Sportsbook yaz\u0131l\u0131m sa\u011flay\u0131c\u0131s\u0131d\u0131r ve beyaz etiketli spor ve oyun \u00e7\u00f6z\u00fcm\u00fc<\/strong> ve on be\u015f y\u0131ldan fazla bir s\u00fcredir piyangolar &amp; d\u00fczenlenmi\u015f pazarlardaki bahis kurulu\u015flar\u0131.<\/p>\n<p style=\"max-width: 650px;\"><strong>Kumar yaz\u0131l\u0131m sistemimiz bir\u00e7ok \u015firketin ba\u015far\u0131s\u0131n\u0131 sa\u011flad\u0131<\/strong>. S\u0131radaki sen olacak m\u0131s\u0131n?<\/p>\n<p>[\/vc_column_text]<style type=\"text\/css\">\n                .sweetthemes_button .btn_custom_69f40c31f2874 {\n                    background: rgba(0,0,0,0.99) !important;\n                }\n                .sweetthemes_button .btn_custom_69f40c31f2874:hover {                   \n                    color: rgba(255,255,255,0.99) !important;                     \n                }\n                .sweetthemes_button .btn_custom_69f40c31f2874:before {\n                    background: #a0c528 !important;\n                }\n                .sweetthemes_button .btn_custom_69f40c31f2874 {\n                    border-color:  !important;\n                }\n                .sweetthemes_button .btn_custom_69f40c31f2874:hover {                   \n                    border-color:  !important;                     \n                }\n\n              <\/style><div class=\"text-center sweetthemes_button \"><a  href=\"#contact\" class=\"button-winona btn btn-sm btn_custom_69f40c31f2874\" style=\"color:rgba(255,255,255,0.99)\">\n        <i class=\"fa fa-phone\"><\/i>\n    Bize Ula\u015f\u0131n.<\/a><\/div>[vc_empty_space height=&#8221;42px&#8221;][\/vc_column][vc_column width=&#8221;1\/2&#8243;][vc_single_image image=&#8221;18047&#8243; img_size=&#8221;full&#8221; css=&#8221;.vc_custom_1623768176266{margin-top: 60px !important;}&#8221;][vc_empty_space height=&#8221;42px&#8221;][\/vc_column][\/vc_row][vc_row css=&#8221;.vc_custom_1623768342304{margin-bottom: 100px !important;}&#8221;][vc_column][vc_column_text css=&#8221;&#8221;]<\/p>\n<h4 style=\"text-align: center;\">Sizin i\u00e7in do\u011fru \u00e7\u00f6z\u00fcme sahip oldu\u011fumuzdan emin olmak i\u00e7in &#8230;<\/h4>\n<h2 style=\"text-align: center;\">S\u0131f\u0131rdan ba\u015flayal\u0131m.<\/h2>\n<h2 style=\"text-align: center;\">Bir kumar sa\u011flay\u0131c\u0131n\u0131n sahip olmas\u0131 gerekenler:<\/h2>\n<p>&nbsp;<\/p>\n<h3><strong>Spor Bahisleri Yaz\u0131l\u0131m\u0131<\/strong><\/h3>\n<p>Eksiksiz ve performansl\u0131 <a href=\"https:\/\/sirplay.com\/tr\/spor-bahisleri-yazilimi-2\/\">Spor Bahis Yaz\u0131l\u0131m\u0131<\/a> sunuyoruz Ger\u00e7ekten de, ayl\u0131k olarak sunulan geni\u015f canl\u0131 ma\u00e7 teklifi ve canl\u0131 ak\u0131\u015f se\u00e7enekleri bahis\u00e7inizi tamam\u0131 ba\u011f\u0131ms\u0131z Oyun laboratuvarlar\u0131 taraf\u0131ndan onaylanm\u0131\u015f bir e\u011flence platformuna yerle\u015ftirecektir.<\/p>\n<p>&nbsp;<\/p>\n<h3><strong>iGaming Platformu &amp; Oyunlar<\/strong><\/h3>\n<p>Casino i\u015fine ba\u015flamak i\u00e7in 10.000&#8217;den fazla oyun, oyun lisans\u0131 ve yasal Hizmet ile White Label Casino sunuyoruz<\/p>\n<p>Size en geni\u015f\u00a0canl\u0131 kumarhane oyunlar\u0131\u00a0ve\u00a0kumarhane oyunlar\u0131\u00a0\u00e7evrimi\u00e7i olarak mevcuttur, Oyun matemati\u011fi g\u00fcvenli ve sertifikal\u0131d\u0131r.<\/p>\n<p>&nbsp;<\/p>\n<h3><strong>Veri &amp; Ticaret<\/strong><\/h3>\n<p>Al\u0131m sat\u0131m ve risk y\u00f6netimi hizmetleri, oran y\u00f6netimi dan\u0131\u015fmanl\u0131\u011f\u0131 ve kazan\u00e7 kapsam\u0131 sunuyoruz. Sirplay, 15 y\u0131l \u00f6nce bir risk y\u00f6neticisi olarak do\u011fdu, o zamandan beri size s\u0131f\u0131r kay\u0131p garantisi vermek i\u00e7in s\u00fcrekli olarak matematiksel algoritmam\u0131za yat\u0131r\u0131m yapt\u0131k! <strong>Sistemimize o kadar g\u00fcveniyoruz ki, kay\u0131p durumunda size \u00f6deme yap\u0131yoruz.<\/strong><\/p>\n<p>&nbsp;<\/p>\n<h3><strong>Medya &amp; Pazarlama Ajans\u0131<\/strong><\/h3>\n<p>Her m\u00fc\u015fterinin stratejisi, hedef kitleye, b\u00fct\u00e7eye, markaya ve hedeflere g\u00f6re farkl\u0131d\u0131r. Sirplay sizi tam hizmetli bir pazarlama ajans\u0131 olarak kapsar, \u015fu anda yapt\u0131\u011f\u0131n\u0131z her \u015feyi entegre edebilir, hem pazarlama ekibinizin bir uzant\u0131s\u0131 olarak hem de mevcut departman\u0131n\u0131zla yan yana hareket eder.<\/p>\n<p>&nbsp;<\/p>\n<h3><strong>Ortakl\u0131k A\u011f\u0131<\/strong><\/h3>\n<p>Yeni oyuncular\u0131n kazan\u0131lmas\u0131 kilit bir noktad\u0131r ve ortakl\u0131klar\u0131n y\u00f6netimini basitle\u015ftirdik ve<strong> bonus motorumuz t\u00fcm pazarlarda rekabet\u00e7i olman\u0131z\u0131 sa\u011flar.<\/strong><\/p>\n<p>&nbsp;<\/p>\n<h3><strong>Kumar \u00d6deme Sistemi<br \/>\n<\/strong><\/h3>\n<p>Oyun i\u00e7in birinci s\u0131n\u0131f \u00f6deme y\u00f6ntemini entegre ettik. T\u00fcm \u00f6deme kanallar\u0131n\u0131z\u0131 kullanmak ve y\u00f6netmek kolayd\u0131r.<br \/>\nBelirli pazarlara at\u0131fta bulunarak, bir\u00e7ok \u00f6deme sistemini entegre ettik ve <strong>Visa, Mastercard, Bitcoin ve Kripto Para Birimleri<br \/>\nPlatform, mevcut t\u00fcm kripto para birimlerini ve bir\u00e7ok \u00f6deme y\u00f6ntemini kabul eder.<\/strong><\/p>\n<p>&nbsp;<\/p>\n<h2><strong> A\u00e7\u0131k\u00e7as\u0131 biz bir sat\u0131c\u0131 de\u011filiz ama sertifikal\u0131 kaynak kodunun sahibiyiz<\/strong><\/h2>\n<p>[\/vc_column_text][vc_empty_space height=&#8221;42px&#8221;][vc_row_inner css=&#8221;.vc_custom_1541538916967{margin-top: 75px !important;}&#8221;][vc_column_inner width=&#8221;1\/2&#8243; offset=&#8221;vc_hidden-xs&#8221;][vc_column_text el_class=&#8221;rotation&#8221;][\/vc_column_text][vc_single_image image=&#8221;17926&#8243; img_size=&#8221;full&#8221;][\/vc_column_inner][vc_column_inner width=&#8221;1\/2&#8243;][vc_custom_heading text=&#8221;Di\u011fer platformlarla entegrasyon&#8221; font_container=&#8221;tag:h2|font_size:50px|text_align:left|color:%23a0c528|line_height:50px&#8221; use_theme_fonts=&#8221;yes&#8221; css_animation=&#8221;fadeInUp&#8221; css=&#8221;.vc_custom_1617297337769{margin-top: 3px !important;margin-bottom: 30px !important;}&#8221;][vc_custom_heading text=&#8221;iFrame ve API&#8221; font_container=&#8221;tag:h3|font_size:34px|text_align:left|color:%23000000|line_height:34px&#8221; use_theme_fonts=&#8221;yes&#8221; css_animation=&#8221;fadeInUp&#8221; css=&#8221;.vc_custom_1617296746282{margin-top: 0px !important;margin-bottom: 35px !important;}&#8221;][vc_column_text css_animation=&#8221;fadeInUp&#8221; css=&#8221;.vc_custom_1617297236949{margin-bottom: 45px !important;}&#8221;]<\/p>\n<p style=\"max-width: 500px; margin-bottom: 30px;\">Platformumuz <strong>iFrame veya API arac\u0131l\u0131\u011f\u0131yla kolayca entegre edilebilir<\/strong> ayr\u0131ca tek bir entegrasyon veya spor bahisleri \u00e7\u00f6z\u00fcm\u00fc veya sadece kumarhane yap\u0131labilir oyunlar\u0131n yan\u0131 s\u0131ra canl\u0131 kumarhane.<\/p>\n<p>[\/vc_column_text][vc_column_text css_animation=&#8221;fadeInUp&#8221; el_id=&#8221;contact&#8221;]<\/p>\n<div class=\"niva-separator\" style=\"height: 4px; background: #a0c528; width: 60px; border-radius: 5px;\"><\/div>\n<p>[\/vc_column_text][vc_empty_space height=&#8221;42px&#8221;][\/vc_column_inner][\/vc_row_inner][\/vc_column][\/vc_row][vc_row full_width=&#8221;stretch_row&#8221; css=&#8221;.vc_custom_1541539222800{padding-top: 55px !important;padding-bottom: 80px !important;}&#8221;][vc_column width=&#8221;1\/2&#8243; el_id=&#8221;contact&#8221;][vc_column_text css_animation=&#8221;fadeInUp&#8221; css=&#8221;.vc_custom_1727712505134{margin-top: 50px !important;margin-bottom: 40px !important;}&#8221;]<\/p>\n<h6 class=\"section-title wow fadeInUp dark_title animated\">B\u0130ZE ULA\u015eIN!<\/h6>\n<h2 class=\"section-subtitle wow fadeInUp dark_subtitle animated\">Strateji hakk\u0131nda konu\u015fal\u0131m<\/h2>\n<p style=\"max-width: 650px;\">Hizmetlerimizin Bahis i\u015finize nas\u0131l fayda sa\u011flayabilece\u011fi hakk\u0131nda ayr\u0131nt\u0131l\u0131 bir tart\u0131\u015fma i\u00e7in bir Sirplay uzman\u0131yla ba\u011flant\u0131 kurun ve kendi stratejinizi olu\u015fturun.<\/p>\n<p>[\/vc_column_text][vc_column_text css=&#8221;&#8221;]<img loading=\"lazy\" class=\"size-full wp-image-22667 aligncenter\" src=\"https:\/\/sirplay.com\/wp-content\/uploads\/2025\/11\/telegram.png\" alt=\"Telegram\" width=\"64\" height=\"64\"\/><\/p>\n<div class=\"tgme_page_extra\" style=\"text-align: center;\"><a href=\"https:\/\/t.me\/SirplaySales\">@SirplaySales<\/a><\/div>\n<p><img loading=\"lazy\" class=\"size-full wp-image-16974 aligncenter\" src=\"https:\/\/sirplay.com\/gaming-experts\/wp-content\/uploads\/2022\/06\/Whatsapp.jpg\" alt=\"Whatsapp\" width=\"60\" height=\"60\"\/><\/p>\n<p style=\"text-align: center;\"><a href=\"https:\/\/api.whatsapp.com\/send?phone=3513960904&amp;text=More%20info\" target=\"_blank\" rel=\"noopener\">+39 3513960904<\/a><\/p>\n<p>[\/vc_column_text][\/vc_column][vc_column width=&#8221;1\/2&#8243;][vc_column_text css_animation=&#8221;fadeInUp&#8221; css=&#8221;.vc_custom_1619547042726{padding-bottom: 50px !important;}&#8221;]<\/p>\n<h4 class=\"x-text-content-text-primary\">Strateji oturumunuz i\u00e7in kaydolun<\/h4>\n<p>[\/vc_column_text]\n<div class=\"wpcf7 no-js\" id=\"wpcf7-f19224-o1\" lang=\"tr-TR\" dir=\"ltr\" data-wpcf7-id=\"19224\">\n<div class=\"screen-reader-response\"><p role=\"status\" aria-live=\"polite\" aria-atomic=\"true\"><\/p> <ul><\/ul><\/div>\n<form action=\"\/tr\/wp-json\/wp\/v2\/pages\/19086#wpcf7-f19224-o1\" method=\"post\" class=\"wpcf7-form init\" aria-label=\"\u0130leti\u015fim Formu\" novalidate=\"novalidate\" data-status=\"init\">\n<fieldset class=\"hidden-fields-container\"><input type=\"hidden\" name=\"_wpcf7\" value=\"19224\" \/><input type=\"hidden\" name=\"_wpcf7_version\" value=\"6.1.5\" \/><input type=\"hidden\" name=\"_wpcf7_locale\" value=\"tr_TR\" \/><input type=\"hidden\" name=\"_wpcf7_unit_tag\" value=\"wpcf7-f19224-o1\" \/><input type=\"hidden\" name=\"_wpcf7_container_post\" value=\"0\" \/><input type=\"hidden\" name=\"_wpcf7_posted_data_hash\" value=\"\" \/>\n<\/fieldset>\n<p><label> Ad Soyad<br \/>\n<span class=\"wpcf7-form-control-wrap\" data-name=\"your-name\"><input size=\"40\" maxlength=\"400\" class=\"wpcf7-form-control wpcf7-text wpcf7-validates-as-required\" aria-required=\"true\" aria-invalid=\"false\" value=\"\" type=\"text\" name=\"your-name\" \/><\/span> <\/label>\n<\/p>\n<p><label> E-posta adresiniz<br \/>\n<span class=\"wpcf7-form-control-wrap\" data-name=\"your-email\"><input size=\"40\" maxlength=\"400\" class=\"wpcf7-form-control wpcf7-email wpcf7-validates-as-required wpcf7-text wpcf7-validates-as-email\" aria-required=\"true\" aria-invalid=\"false\" value=\"\" type=\"email\" name=\"your-email\" \/><\/span> <\/label>\n<\/p>\n<p><label> \u00fclke<br \/>\n<span class=\"wpcf7-form-control-wrap\" data-name=\"countrytext-54\"><input size=\"40\" class=\"wpcf7-form-control wpcf7-countrytext wpcf7-text wpcf7-validates-as-countrytext\" aria-invalid=\"false\" value=\"\" type=\"text\" name=\"countrytext-54\" \/><\/span> <\/label>\n<\/p>\n<p><label> Telefon numaras\u0131<br \/>\n<span class=\"wpcf7-form-control-wrap\" data-name=\"phonetext-462\"><input size=\"40\" class=\"wpcf7-form-control wpcf7-phonetext wpcf7-text wpcf7-validates-as-phonetext\" aria-invalid=\"false\" value=\"\" type=\"text\" name=\"phonetext-462\" \/><input type=\"hidden\" name=\"phonetext-462-country-code\" class=\"wpcf7-phonetext-country-code\" \/><\/span> <\/label>\n<\/p>\n<p><label> \u0130leti<br \/>\n<span class=\"wpcf7-form-control-wrap\" data-name=\"your-message\"><textarea cols=\"40\" rows=\"10\" maxlength=\"2000\" class=\"wpcf7-form-control wpcf7-textarea\" aria-invalid=\"false\" name=\"your-message\"><\/textarea><\/span> <\/label>\n<\/p>\n<p><input class=\"wpcf7-form-control wpcf7-submit has-spinner\" type=\"submit\" value=\"Sunmak\" \/>\n<\/p><div class=\"wpcf7-response-output\" aria-hidden=\"true\"><\/div>\n<\/form>\n<\/div>\n[\/vc_column][\/vc_row]<\/p>\n<\/div>","protected":false},"excerpt":{"rendered":"<p>[vc_row css=&#8221;.vc_custom_1542122107794{margin-bottom: 0px !important;padding-top: 80px !important;padding-bottom: 100px !important;}&#8221;][vc_column width=&#8221;1\/2&#8243; css=&#8221;.vc_custom_1623768243150{margin-top: 10px !important;margin-bottom: 50px !important;}&#8221; offset=&#8221;vc_col-xs-12&#8243;][vc_custom_heading text=&#8221;Ne yap\u0131yoruz?&#8221; font_container=&#8221;tag:h3|font_size:40px|text_align:left|line_height:40px&#8221; use_theme_fonts=&#8221;yes&#8221; css=&#8221;.vc_custom_1621935339299{margin-top: 15px !important;margin-bottom: 25px !important;}&#8221; el_class=&#8221;looking-for-heading&#8221;][vc_column_text css=&#8221;.vc_custom_1727712068558{margin-top: 50px !important;margin-bottom: 40px !important;}&#8221;] Sirplay, Sportsbook yaz\u0131l\u0131m sa\u011flay\u0131c\u0131s\u0131d\u0131r ve beyaz etiketli spor ve oyun \u00e7\u00f6z\u00fcm\u00fc ve on be\u015f y\u0131ldan fazla bir s\u00fcredir piyangolar &amp; d\u00fczenlenmi\u015f pazarlardaki bahis kurulu\u015flar\u0131. Kumar [&hellip;]<\/p>\n","protected":false},"author":1,"featured_media":18728,"parent":0,"menu_order":0,"comment_status":"closed","ping_status":"closed","template":"","meta":{"footnotes":""},"class_list":["post-19086","page","type-page","status-publish","has-post-thumbnail","hentry"],"yoast_head":"<!-- This site is optimized with the Yoast SEO Premium plugin v27.3 (Yoast SEO v27.3) - https:\/\/yoast.com\/product\/yoast-seo-premium-wordpress\/ -->\n<title>Spor bahisleri yaz\u0131l\u0131m sa\u011flay\u0131c\u0131s\u0131 - Sirplay<\/title>\n<meta name=\"description\" content=\"Sirplay, Sportsbook yaz\u0131l\u0131m sa\u011flay\u0131c\u0131s\u0131d\u0131r ve beyaz etiketli spor ve oyun \u00e7\u00f6z\u00fcm\u00fc ve on be\u015f y\u0131ldan fazla bir s\u00fcredir piyangolar &amp; d\u00fczenlenmi\u015f pazarlardak\" \/>\n<meta name=\"robots\" content=\"index, follow, max-snippet:-1, max-image-preview:large, max-video-preview:-1\" \/>\n<link rel=\"canonical\" href=\"https:\/\/sirplay.com\/tr\/spor-bahisleri-yazilim-saglayicisi\/\" \/>\n<meta property=\"og:locale\" content=\"tr_TR\" \/>\n<meta property=\"og:type\" content=\"article\" \/>\n<meta property=\"og:title\" content=\"Spor bahisleri yaz\u0131l\u0131m sa\u011flay\u0131c\u0131s\u0131\" \/>\n<meta property=\"og:description\" content=\"Spor bahisleri yaz\u0131l\u0131m sa\u011flay\u0131c\u0131s\u0131\" \/>\n<meta property=\"og:url\" content=\"https:\/\/sirplay.com\/tr\/spor-bahisleri-yazilim-saglayicisi\/\" \/>\n<meta property=\"og:site_name\" content=\"Sirplay\" \/>\n<meta property=\"article:modified_time\" content=\"2026-01-28T16:02:36+00:00\" \/>\n<meta property=\"og:image\" content=\"https:\/\/sirplay.com\/wp-content\/uploads\/2021\/05\/sportsbook-provider.png\" \/>\n\t<meta property=\"og:image:width\" content=\"378\" \/>\n\t<meta property=\"og:image:height\" content=\"504\" \/>\n\t<meta property=\"og:image:type\" content=\"image\/png\" \/>\n<meta name=\"twitter:card\" content=\"summary_large_image\" \/>\n<meta name=\"twitter:site\" content=\"@sirplay\" \/>\n<meta name=\"twitter:label1\" content=\"Tahmini okuma s\u00fcresi\" \/>\n\t<meta name=\"twitter:data1\" content=\"3 dakika\" \/>\n<script type=\"application\/ld+json\" class=\"yoast-schema-graph\">{\"@context\":\"https:\\\/\\\/schema.org\",\"@graph\":[{\"@type\":\"WebPage\",\"@id\":\"https:\\\/\\\/sirplay.com\\\/tr\\\/spor-bahisleri-yazilim-saglayicisi\\\/\",\"url\":\"https:\\\/\\\/sirplay.com\\\/tr\\\/spor-bahisleri-yazilim-saglayicisi\\\/\",\"name\":\"Spor bahisleri yaz\u0131l\u0131m sa\u011flay\u0131c\u0131s\u0131 - Sirplay\",\"isPartOf\":{\"@id\":\"https:\\\/\\\/sirplay.com\\\/tr\\\/#website\"},\"primaryImageOfPage\":{\"@id\":\"https:\\\/\\\/sirplay.com\\\/tr\\\/spor-bahisleri-yazilim-saglayicisi\\\/#primaryimage\"},\"image\":{\"@id\":\"https:\\\/\\\/sirplay.com\\\/tr\\\/spor-bahisleri-yazilim-saglayicisi\\\/#primaryimage\"},\"thumbnailUrl\":\"https:\\\/\\\/sirplay.com\\\/wp-content\\\/uploads\\\/2021\\\/05\\\/sportsbook-provider.png\",\"datePublished\":\"2021-06-15T15:59:27+00:00\",\"dateModified\":\"2026-01-28T16:02:36+00:00\",\"description\":\"Sirplay, Sportsbook yaz\u0131l\u0131m sa\u011flay\u0131c\u0131s\u0131d\u0131r ve beyaz etiketli spor ve oyun \u00e7\u00f6z\u00fcm\u00fc ve on be\u015f y\u0131ldan fazla bir s\u00fcredir piyangolar & d\u00fczenlenmi\u015f pazarlardak\",\"breadcrumb\":{\"@id\":\"https:\\\/\\\/sirplay.com\\\/tr\\\/spor-bahisleri-yazilim-saglayicisi\\\/#breadcrumb\"},\"inLanguage\":\"tr\",\"potentialAction\":[{\"@type\":\"ReadAction\",\"target\":[\"https:\\\/\\\/sirplay.com\\\/tr\\\/spor-bahisleri-yazilim-saglayicisi\\\/\"]}]},{\"@type\":\"ImageObject\",\"inLanguage\":\"tr\",\"@id\":\"https:\\\/\\\/sirplay.com\\\/tr\\\/spor-bahisleri-yazilim-saglayicisi\\\/#primaryimage\",\"url\":\"https:\\\/\\\/sirplay.com\\\/wp-content\\\/uploads\\\/2021\\\/05\\\/sportsbook-provider.png\",\"contentUrl\":\"https:\\\/\\\/sirplay.com\\\/wp-content\\\/uploads\\\/2021\\\/05\\\/sportsbook-provider.png\",\"width\":378,\"height\":504,\"caption\":\"spor kitab\u0131 sa\u011flay\u0131c\u0131s\u0131\"},{\"@type\":\"BreadcrumbList\",\"@id\":\"https:\\\/\\\/sirplay.com\\\/tr\\\/spor-bahisleri-yazilim-saglayicisi\\\/#breadcrumb\",\"itemListElement\":[{\"@type\":\"ListItem\",\"position\":1,\"name\":\"Home\",\"item\":\"https:\\\/\\\/sirplay.com\\\/tr\\\/\"},{\"@type\":\"ListItem\",\"position\":2,\"name\":\"Spor bahisleri yaz\u0131l\u0131m sa\u011flay\u0131c\u0131s\u0131\"}]},{\"@type\":\"WebSite\",\"@id\":\"https:\\\/\\\/sirplay.com\\\/tr\\\/#website\",\"url\":\"https:\\\/\\\/sirplay.com\\\/tr\\\/\",\"name\":\"Sportsbook software provider\",\"description\":\"Sports betting software online and Retail ssbts  - White label casino\",\"publisher\":{\"@id\":\"https:\\\/\\\/sirplay.com\\\/tr\\\/#organization\"},\"alternateName\":\"White label casino\",\"potentialAction\":[{\"@type\":\"SearchAction\",\"target\":{\"@type\":\"EntryPoint\",\"urlTemplate\":\"https:\\\/\\\/sirplay.com\\\/tr\\\/?s={search_term_string}\"},\"query-input\":{\"@type\":\"PropertyValueSpecification\",\"valueRequired\":true,\"valueName\":\"search_term_string\"}}],\"inLanguage\":\"tr\"},{\"@type\":\"Organization\",\"@id\":\"https:\\\/\\\/sirplay.com\\\/tr\\\/#organization\",\"name\":\"Sirplay\",\"alternateName\":\"Sirplay white label\",\"url\":\"https:\\\/\\\/sirplay.com\\\/tr\\\/\",\"logo\":{\"@type\":\"ImageObject\",\"inLanguage\":\"tr\",\"@id\":\"https:\\\/\\\/sirplay.com\\\/tr\\\/#\\\/schema\\\/logo\\\/image\\\/\",\"url\":\"https:\\\/\\\/sirplay.com\\\/wp-content\\\/uploads\\\/2021\\\/03\\\/cropped-sirplayICO.png\",\"contentUrl\":\"https:\\\/\\\/sirplay.com\\\/wp-content\\\/uploads\\\/2021\\\/03\\\/cropped-sirplayICO.png\",\"width\":512,\"height\":512,\"caption\":\"Sirplay\"},\"image\":{\"@id\":\"https:\\\/\\\/sirplay.com\\\/tr\\\/#\\\/schema\\\/logo\\\/image\\\/\"},\"sameAs\":[\"https:\\\/\\\/x.com\\\/sirplay\",\"https:\\\/\\\/www.linkedin.com\\\/company\\\/sirplay\",\"https:\\\/\\\/www.youtube.com\\\/user\\\/BookmakerSolutions\"]}]}<\/script>\n<!-- \/ Yoast SEO Premium plugin. -->","yoast_head_json":{"title":"Spor bahisleri yaz\u0131l\u0131m sa\u011flay\u0131c\u0131s\u0131 - Sirplay","description":"Sirplay, Sportsbook yaz\u0131l\u0131m sa\u011flay\u0131c\u0131s\u0131d\u0131r ve beyaz etiketli spor ve oyun \u00e7\u00f6z\u00fcm\u00fc ve on be\u015f y\u0131ldan fazla bir s\u00fcredir piyangolar & d\u00fczenlenmi\u015f pazarlardak","robots":{"index":"index","follow":"follow","max-snippet":"max-snippet:-1","max-image-preview":"max-image-preview:large","max-video-preview":"max-video-preview:-1"},"canonical":"https:\/\/sirplay.com\/tr\/spor-bahisleri-yazilim-saglayicisi\/","og_locale":"tr_TR","og_type":"article","og_title":"Spor bahisleri yaz\u0131l\u0131m sa\u011flay\u0131c\u0131s\u0131","og_description":"Spor bahisleri yaz\u0131l\u0131m sa\u011flay\u0131c\u0131s\u0131","og_url":"https:\/\/sirplay.com\/tr\/spor-bahisleri-yazilim-saglayicisi\/","og_site_name":"Sirplay","article_modified_time":"2026-01-28T16:02:36+00:00","og_image":[{"width":378,"height":504,"url":"https:\/\/sirplay.com\/wp-content\/uploads\/2021\/05\/sportsbook-provider.png","type":"image\/png"}],"twitter_card":"summary_large_image","twitter_site":"@sirplay","twitter_misc":{"Tahmini okuma s\u00fcresi":"3 dakika"},"schema":{"@context":"https:\/\/schema.org","@graph":[{"@type":"WebPage","@id":"https:\/\/sirplay.com\/tr\/spor-bahisleri-yazilim-saglayicisi\/","url":"https:\/\/sirplay.com\/tr\/spor-bahisleri-yazilim-saglayicisi\/","name":"Spor bahisleri yaz\u0131l\u0131m sa\u011flay\u0131c\u0131s\u0131 - Sirplay","isPartOf":{"@id":"https:\/\/sirplay.com\/tr\/#website"},"primaryImageOfPage":{"@id":"https:\/\/sirplay.com\/tr\/spor-bahisleri-yazilim-saglayicisi\/#primaryimage"},"image":{"@id":"https:\/\/sirplay.com\/tr\/spor-bahisleri-yazilim-saglayicisi\/#primaryimage"},"thumbnailUrl":"https:\/\/sirplay.com\/wp-content\/uploads\/2021\/05\/sportsbook-provider.png","datePublished":"2021-06-15T15:59:27+00:00","dateModified":"2026-01-28T16:02:36+00:00","description":"Sirplay, Sportsbook yaz\u0131l\u0131m sa\u011flay\u0131c\u0131s\u0131d\u0131r ve beyaz etiketli spor ve oyun \u00e7\u00f6z\u00fcm\u00fc ve on be\u015f y\u0131ldan fazla bir s\u00fcredir piyangolar & d\u00fczenlenmi\u015f pazarlardak","breadcrumb":{"@id":"https:\/\/sirplay.com\/tr\/spor-bahisleri-yazilim-saglayicisi\/#breadcrumb"},"inLanguage":"tr","potentialAction":[{"@type":"ReadAction","target":["https:\/\/sirplay.com\/tr\/spor-bahisleri-yazilim-saglayicisi\/"]}]},{"@type":"ImageObject","inLanguage":"tr","@id":"https:\/\/sirplay.com\/tr\/spor-bahisleri-yazilim-saglayicisi\/#primaryimage","url":"https:\/\/sirplay.com\/wp-content\/uploads\/2021\/05\/sportsbook-provider.png","contentUrl":"https:\/\/sirplay.com\/wp-content\/uploads\/2021\/05\/sportsbook-provider.png","width":378,"height":504,"caption":"spor kitab\u0131 sa\u011flay\u0131c\u0131s\u0131"},{"@type":"BreadcrumbList","@id":"https:\/\/sirplay.com\/tr\/spor-bahisleri-yazilim-saglayicisi\/#breadcrumb","itemListElement":[{"@type":"ListItem","position":1,"name":"Home","item":"https:\/\/sirplay.com\/tr\/"},{"@type":"ListItem","position":2,"name":"Spor bahisleri yaz\u0131l\u0131m sa\u011flay\u0131c\u0131s\u0131"}]},{"@type":"WebSite","@id":"https:\/\/sirplay.com\/tr\/#website","url":"https:\/\/sirplay.com\/tr\/","name":"Sportsbook software provider","description":"Sports betting software online and Retail ssbts  - White label casino","publisher":{"@id":"https:\/\/sirplay.com\/tr\/#organization"},"alternateName":"White label casino","potentialAction":[{"@type":"SearchAction","target":{"@type":"EntryPoint","urlTemplate":"https:\/\/sirplay.com\/tr\/?s={search_term_string}"},"query-input":{"@type":"PropertyValueSpecification","valueRequired":true,"valueName":"search_term_string"}}],"inLanguage":"tr"},{"@type":"Organization","@id":"https:\/\/sirplay.com\/tr\/#organization","name":"Sirplay","alternateName":"Sirplay white label","url":"https:\/\/sirplay.com\/tr\/","logo":{"@type":"ImageObject","inLanguage":"tr","@id":"https:\/\/sirplay.com\/tr\/#\/schema\/logo\/image\/","url":"https:\/\/sirplay.com\/wp-content\/uploads\/2021\/03\/cropped-sirplayICO.png","contentUrl":"https:\/\/sirplay.com\/wp-content\/uploads\/2021\/03\/cropped-sirplayICO.png","width":512,"height":512,"caption":"Sirplay"},"image":{"@id":"https:\/\/sirplay.com\/tr\/#\/schema\/logo\/image\/"},"sameAs":["https:\/\/x.com\/sirplay","https:\/\/www.linkedin.com\/company\/sirplay","https:\/\/www.youtube.com\/user\/BookmakerSolutions"]}]}},"_links":{"self":[{"href":"https:\/\/sirplay.com\/tr\/wp-json\/wp\/v2\/pages\/19086","targetHints":{"allow":["GET"]}}],"collection":[{"href":"https:\/\/sirplay.com\/tr\/wp-json\/wp\/v2\/pages"}],"about":[{"href":"https:\/\/sirplay.com\/tr\/wp-json\/wp\/v2\/types\/page"}],"author":[{"embeddable":true,"href":"https:\/\/sirplay.com\/tr\/wp-json\/wp\/v2\/users\/1"}],"replies":[{"embeddable":true,"href":"https:\/\/sirplay.com\/tr\/wp-json\/wp\/v2\/comments?post=19086"}],"version-history":[{"count":10,"href":"https:\/\/sirplay.com\/tr\/wp-json\/wp\/v2\/pages\/19086\/revisions"}],"predecessor-version":[{"id":22719,"href":"https:\/\/sirplay.com\/tr\/wp-json\/wp\/v2\/pages\/19086\/revisions\/22719"}],"wp:featuredmedia":[{"embeddable":true,"href":"https:\/\/sirplay.com\/tr\/wp-json\/wp\/v2\/media\/18728"}],"wp:attachment":[{"href":"https:\/\/sirplay.com\/tr\/wp-json\/wp\/v2\/media?parent=19086"}],"curies":[{"name":"wp","href":"https:\/\/api.w.org\/{rel}","templated":true}]}}