{"id":22100,"date":"2024-09-26T18:22:35","date_gmt":"2024-09-26T18:22:35","guid":{"rendered":"https:\/\/sirplay.com\/spor-bahisleri-yazilimi-2\/perakende-cozumleri\/"},"modified":"2026-01-29T16:24:19","modified_gmt":"2026-01-29T16:24:19","slug":"perakende-cozumleri","status":"publish","type":"page","link":"https:\/\/sirplay.com\/tr\/spor-bahisleri-yazilimi-2\/perakende-cozumleri\/","title":{"rendered":"Perakende \u00e7\u00f6z\u00fcmleri"},"content":{"rendered":"<div class=\"wpb-content-wrapper\"><p>[vc_row][vc_column width=&#8221;2\/3&#8243; offset=&#8221;vc_col-xs-12&#8243;][vc_custom_heading text=&#8221;Self Servis Bahis Terminalleri SSBT&apos;ler &#8211; Bahis ma\u011fazalar\u0131nda perakende sat\u0131\u015f i\u00e7in Sirplay&apos;in Temel Teklifleri&#8221; font_container=&#8221;tag:h2|font_size:36px|text_align:left|line_height:46px&#8221; use_theme_fonts=&#8221;yes&#8221; css=&#8221;.vc_custom_1727190144364{margin-top: 15px !important;margin-bottom: 25px !important;}&#8221; el_class=&#8221;looking-for-heading&#8221;][vc_column_text css=&#8221;.vc_custom_1727190052952{margin-bottom: 40px !important;}&#8221;]<\/p>\n<ol>\n<li><strong>Self Servis Bahis Terminalleri (SSBT&#8217;ler)<\/strong>:\n<ul>\n<li>Sirplay, m\u00fc\u015fterilerin ba\u011f\u0131ms\u0131z olarak bahis oynamas\u0131na olanak tan\u0131yan self-servis bahis terminalleri i\u00e7in teknoloji sunmaktad\u0131r.<br \/>\nBu kiosklar, bekleme s\u00fcrelerini en aza indirdikleri ve kendi kendine y\u00f6nlendirilen i\u015flemlere izin verdikleri i\u00e7in y\u00fcksek hacimli alanlarda operasyonel verimlili\u011fi art\u0131r\u0131r.<\/li>\n<\/ul>\n<\/li>\n<li><strong>Perakende Bahis Y\u00f6netimi<\/strong>:\n<ul>\n<li>Sirplay, bahis ma\u011fazalar\u0131n\u0131n y\u00f6netimini optimize etmek i\u00e7in tasarlanm\u0131\u015f yaz\u0131l\u0131mlar sunarak spor ve etkinlik bahislerinin kolayla\u015ft\u0131r\u0131lmas\u0131n\u0131 sa\u011flar.<br \/>\nBu, ger\u00e7ek zamanl\u0131 oran y\u00f6netimi ve ma\u011faza i\u00e7i m\u00fc\u015fteri kat\u0131l\u0131m\u0131 i\u00e7in ara\u00e7lar i\u00e7erir.<\/li>\n<\/ul>\n<\/li>\n<li><strong>Borsa D\u0131\u015f\u0131 Bahisler<\/strong>:\n<ul>\n<li>\u00c7\u00f6z\u00fcmler, bahis ma\u011fazalar\u0131n\u0131n geleneksel tezgah \u00fcst\u00fc bahisleri kolayla\u015ft\u0131rmas\u0131n\u0131 sa\u011flayarak, bizzat bahis oynayan m\u00fc\u015fteriler i\u00e7in sorunsuz ve h\u0131zl\u0131 bir s\u00fcre\u00e7 sa\u011fl\u0131yor.<\/li>\n<\/ul>\n<\/li>\n<li><strong>Kullan\u0131c\u0131 Dostu Aray\u00fcz<\/strong>:\n<ul>\n<li>\u015eirket, hem bahis d\u00fckkan\u0131 terminalleri hem de self-servis se\u00e7enekleri i\u00e7in sezgisel aray\u00fczler olu\u015fturmaya odaklanmaktad\u0131r.<br \/>\nBu tasar\u0131m yakla\u015f\u0131m\u0131, m\u00fc\u015fteri deneyimini geli\u015ftirerek kullan\u0131c\u0131lar\u0131n sistemde gezinmesini ve bahis oynamas\u0131n\u0131 kolayla\u015ft\u0131r\u0131r.<\/li>\n<\/ul>\n<\/li>\n<li><strong>Entegrasyon Yetenekleri<\/strong>:\n<ul>\n<li>Sirplay&#8217;in yaz\u0131l\u0131m\u0131, mevcut perakende sistemlerine kolayca entegre edilebilir ve yerel d\u00fczenlemelere uygunlu\u011fu sa\u011flarken operat\u00f6rlerin \u00f6zel ihtiya\u00e7lar\u0131na g\u00f6re \u00f6zelle\u015ftirilmi\u015f i\u015flevlere olanak tan\u0131r.<\/li>\n<\/ul>\n<\/li>\n<li><strong>Risk Y\u00f6netimi Ara\u00e7lar\u0131<\/strong>:\n<ul>\n<li>Yaz\u0131l\u0131m paketinde, operat\u00f6rlere bahis verilerini analiz etmede, y\u00fcksek riskli faaliyetleri izlemede ve ilgili yasalara uyumu sa\u011flamada yard\u0131mc\u0131 olan risk y\u00f6netimi ve raporlama ara\u00e7lar\u0131 bulunmaktad\u0131r.<\/li>\n<\/ul>\n<\/li>\n<li><strong>\u00d6deme \u0130\u015fleme \u00c7\u00f6z\u00fcmleri<\/strong>:\n<ul>\n<li>Sirplay, \u00e7e\u015fitli \u00f6deme y\u00f6ntemlerini destekleyerek hem para yat\u0131rma hem de \u00e7ekme i\u015flemlerinin sorunsuz bir \u015fekilde ger\u00e7ekle\u015ftirilmesini sa\u011flar; bu, m\u00fc\u015fteri memnuniyeti ve bahis ma\u011fazas\u0131 ortam\u0131na duyulan g\u00fcven i\u00e7in \u00e7ok \u00f6nemlidir.<\/li>\n<\/ul>\n<\/li>\n<li><strong>Pazarlama Mod\u00fcl\u00fc<\/strong>:\n<ul>\n<li>Yaz\u0131l\u0131m, perakende operat\u00f6rlerinin yeni m\u00fc\u015fteriler \u00e7ekmek ve mevcut m\u00fc\u015fterileri elde tutmak i\u00e7in promosyonlar, sadakat programlar\u0131 ve hedefli pazarlama kampanyalar\u0131 olu\u015fturmas\u0131na yard\u0131mc\u0131 olan pazarlama ara\u00e7lar\u0131n\u0131 i\u00e7erir.<\/li>\n<\/ul>\n<\/li>\n<li><strong>Gelece\u011fe Haz\u0131r \u00c7\u00f6z\u00fcmler<\/strong>:\n<ul>\n<li>Sirplay, m\u00fc\u015fterilerinin hem perakende hem de \u00e7evrimi\u00e7i pazarlarda rekabet\u00e7i kalmalar\u0131n\u0131 sa\u011flamak i\u00e7in teknolojilerini geli\u015fmi\u015f analitik ve oyunla\u015ft\u0131r\u0131lm\u0131\u015f deneyimler gibi yeni trendleri i\u00e7erecek \u015fekilde geli\u015ftirmeye kararl\u0131d\u0131r.<\/li>\n<\/ul>\n<\/li>\n<\/ol>\n<p>[\/vc_column_text][vc_empty_space height=&#8221;45px&#8221;][\/vc_column][vc_column width=&#8221;1\/3&#8243;][vc_empty_space height=&#8221;45px&#8221;][vc_single_image image=&#8221;21977&#8243; img_size=&#8221;full&#8221; add_caption=&#8221;yes&#8221; alignment=&#8221;center&#8221; css=&#8221;&#8221;][vc_empty_space height=&#8221;45px&#8221;][\/vc_column][\/vc_row][vc_row][vc_column offset=&#8221;vc_col-xs-12&#8243;][vc_empty_space height=&#8221;45px&#8221;][vc_custom_heading text=&#8221;Perakendeye online olarak ba\u011flanman\u0131z\u0131 kolayla\u015ft\u0131r\u0131yoruz&#8221; font_container=&#8221;tag:h2|font_size:32px|text_align:center|color:%23a0c528|line_height:42px&#8221; use_theme_fonts=&#8221;yes&#8221; css_animation=&#8221;none&#8221; css=&#8221;.vc_custom_1727189784539{margin-top: 3px !important;margin-bottom: 35px !important;}&#8221;]<style type=\"text\/css\">\n                .sweetthemes_button .btn_custom_69e83d3a0ff76 {\n                    background: rgba(255,255,255,0.99) !important;\n                }\n                .sweetthemes_button .btn_custom_69e83d3a0ff76:hover {                   \n                    color: rgba(255,255,255,0.99) !important;                     \n                }\n                .sweetthemes_button .btn_custom_69e83d3a0ff76:before {\n                    background: #a0c528 !important;\n                }\n                .sweetthemes_button .btn_custom_69e83d3a0ff76 {\n                    border-color: #e2e2e2 !important;\n                }\n                .sweetthemes_button .btn_custom_69e83d3a0ff76:hover {                   \n                    border-color:  !important;                     \n                }\n\n              <\/style><div class=\"text-center sweetthemes_button \"><a  href=\"#contact\" class=\"button-winona btn btn-sm btn_custom_69e83d3a0ff76\" style=\"color:rgba(10,10,10,0.99)\">\n        <i class=\"fa fa-phone\"><\/i>\n    GET QUOTE<\/a><\/div>[vc_empty_space height=&#8221;45px&#8221;][\/vc_column][\/vc_row][vc_row full_width=&#8221;stretch_row&#8221; css=&#8221;.vc_custom_1656008710904{margin-top: 100px !important;padding-bottom: 80px !important;}&#8221;][vc_column width=&#8221;1\/2&#8243; el_id=&#8221;contact&#8221;][vc_column_text css_animation=&#8221;none&#8221; css=&#8221;.vc_custom_1656024061759{margin-top: 0px !important;margin-bottom: 40px !important;}&#8221;]<\/p>\n<h3><strong>Bize Ula\u015f\u0131n<\/strong><\/h3>\n<p style=\"max-width: 650px;\">Hizmetlerimizin Bahis i\u015finize nas\u0131l fayda sa\u011flayabilece\u011fi hakk\u0131nda ayr\u0131nt\u0131l\u0131 bir tart\u0131\u015fma i\u00e7in bir Sirplay uzman\u0131yla ba\u011flant\u0131 kurun ve kendi stratejinizi olu\u015fturun.<\/p>\n<p>[\/vc_column_text][vc_column_text css=&#8221;&#8221;]<img loading=\"lazy\" class=\"size-full wp-image-22667 aligncenter\" src=\"https:\/\/sirplay.com\/wp-content\/uploads\/2025\/11\/telegram.png\" alt=\"Telegram\" width=\"64\" height=\"64\" \/><\/p>\n<div class=\"tgme_page_extra\" style=\"text-align: center;\"><a href=\"https:\/\/t.me\/SirplaySales\">@SirplaySales<\/a><\/div>\n<p>&nbsp;<\/p>\n<p><img loading=\"lazy\" class=\"size-full wp-image-16974 aligncenter\" src=\"https:\/\/sirplay.com\/gaming-experts\/wp-content\/uploads\/2022\/06\/Whatsapp.jpg\" alt=\"Whatsapp\" width=\"60\" height=\"60\" \/><\/p>\n<p style=\"text-align: center;\"><a href=\"https:\/\/api.whatsapp.com\/send?phone=3513960904&amp;text=More%20info\" target=\"_blank\" rel=\"noopener\">+39 3513960904<\/a><\/p>\n<p>[\/vc_column_text][\/vc_column][vc_column width=&#8221;1\/2&#8243;]\n<div class=\"wpcf7 no-js\" id=\"wpcf7-f19224-o1\" lang=\"tr-TR\" dir=\"ltr\" data-wpcf7-id=\"19224\">\n<div class=\"screen-reader-response\"><p role=\"status\" aria-live=\"polite\" aria-atomic=\"true\"><\/p> <ul><\/ul><\/div>\n<form action=\"\/tr\/wp-json\/wp\/v2\/pages\/22100#wpcf7-f19224-o1\" method=\"post\" class=\"wpcf7-form init\" aria-label=\"\u0130leti\u015fim Formu\" novalidate=\"novalidate\" data-status=\"init\">\n<fieldset class=\"hidden-fields-container\"><input type=\"hidden\" name=\"_wpcf7\" value=\"19224\" \/><input type=\"hidden\" name=\"_wpcf7_version\" value=\"6.1.5\" \/><input type=\"hidden\" name=\"_wpcf7_locale\" value=\"tr_TR\" \/><input type=\"hidden\" name=\"_wpcf7_unit_tag\" value=\"wpcf7-f19224-o1\" \/><input type=\"hidden\" name=\"_wpcf7_container_post\" value=\"0\" \/><input type=\"hidden\" name=\"_wpcf7_posted_data_hash\" value=\"\" \/>\n<\/fieldset>\n<p><label> Ad Soyad<br \/>\n<span class=\"wpcf7-form-control-wrap\" data-name=\"your-name\"><input size=\"40\" maxlength=\"400\" class=\"wpcf7-form-control wpcf7-text wpcf7-validates-as-required\" aria-required=\"true\" aria-invalid=\"false\" value=\"\" type=\"text\" name=\"your-name\" \/><\/span> <\/label>\n<\/p>\n<p><label> E-posta adresiniz<br \/>\n<span class=\"wpcf7-form-control-wrap\" data-name=\"your-email\"><input size=\"40\" maxlength=\"400\" class=\"wpcf7-form-control wpcf7-email wpcf7-validates-as-required wpcf7-text wpcf7-validates-as-email\" aria-required=\"true\" aria-invalid=\"false\" value=\"\" type=\"email\" name=\"your-email\" \/><\/span> <\/label>\n<\/p>\n<p><label> \u00fclke<br \/>\n<span class=\"wpcf7-form-control-wrap\" data-name=\"countrytext-54\"><input size=\"40\" class=\"wpcf7-form-control wpcf7-countrytext wpcf7-text wpcf7-validates-as-countrytext\" aria-invalid=\"false\" value=\"\" type=\"text\" name=\"countrytext-54\" \/><\/span> <\/label>\n<\/p>\n<p><label> Telefon numaras\u0131<br \/>\n<span class=\"wpcf7-form-control-wrap\" data-name=\"phonetext-462\"><input size=\"40\" class=\"wpcf7-form-control wpcf7-phonetext wpcf7-text wpcf7-validates-as-phonetext\" aria-invalid=\"false\" value=\"\" type=\"text\" name=\"phonetext-462\" \/><input type=\"hidden\" name=\"phonetext-462-country-code\" class=\"wpcf7-phonetext-country-code\" \/><\/span> <\/label>\n<\/p>\n<p><label> \u0130leti<br \/>\n<span class=\"wpcf7-form-control-wrap\" data-name=\"your-message\"><textarea cols=\"40\" rows=\"10\" maxlength=\"2000\" class=\"wpcf7-form-control wpcf7-textarea\" aria-invalid=\"false\" name=\"your-message\"><\/textarea><\/span> <\/label>\n<\/p>\n<p><input class=\"wpcf7-form-control wpcf7-submit has-spinner\" type=\"submit\" value=\"Sunmak\" \/>\n<\/p><div class=\"wpcf7-response-output\" aria-hidden=\"true\"><\/div>\n<\/form>\n<\/div>\n[vc_row_inner][vc_column_inner][vc_column_text]Ki\u015fisel bilgilerinizi kimseyle payla\u015fm\u0131yoruz.<br \/>\nDaha fazla bilgi i\u00e7in &#8220;gizlilik politikam\u0131za&#8221; g\u00f6z at\u0131n[\/vc_column_text][\/vc_column_inner][\/vc_row_inner][\/vc_column][\/vc_row][vc_row][vc_column][vc_column_text css=&#8221;&#8221;][\/vc_column_text][\/vc_column][\/vc_row]<\/p>\n<\/div>","protected":false},"excerpt":{"rendered":"<p>[vc_row][vc_column width=&#8221;2\/3&#8243; offset=&#8221;vc_col-xs-12&#8243;][vc_custom_heading text=&#8221;Self Servis Bahis Terminalleri SSBT&apos;ler &#8211; Bahis ma\u011fazalar\u0131nda perakende sat\u0131\u015f i\u00e7in Sirplay&apos;in Temel Teklifleri&#8221; font_container=&#8221;tag:h2|font_size:36px|text_align:left|line_height:46px&#8221; use_theme_fonts=&#8221;yes&#8221; css=&#8221;.vc_custom_1727190144364{margin-top: 15px !important;margin-bottom: 25px !important;}&#8221; el_class=&#8221;looking-for-heading&#8221;][vc_column_text css=&#8221;.vc_custom_1727190052952{margin-bottom: 40px !important;}&#8221;] Self Servis Bahis Terminalleri (SSBT&#8217;ler): Sirplay, m\u00fc\u015fterilerin ba\u011f\u0131ms\u0131z olarak bahis oynamas\u0131na olanak tan\u0131yan self-servis bahis terminalleri i\u00e7in teknoloji sunmaktad\u0131r. Bu kiosklar, bekleme s\u00fcrelerini en aza indirdikleri ve [&hellip;]<\/p>\n","protected":false},"author":3,"featured_media":21966,"parent":22073,"menu_order":0,"comment_status":"closed","ping_status":"closed","template":"","meta":{"footnotes":""},"class_list":["post-22100","page","type-page","status-publish","has-post-thumbnail","hentry"],"yoast_head":"<!-- This site is optimized with the Yoast SEO Premium plugin v27.3 (Yoast SEO v27.3) - https:\/\/yoast.com\/product\/yoast-seo-premium-wordpress\/ -->\n<title>Perakende \u00e7\u00f6z\u00fcmleri - Self Servis Bahis Terminalleri SSBT&#039;ler<\/title>\n<meta name=\"description\" content=\"Self Servis Bahis Terminalleri SSBT&#039;ler - Sirplay&#039;in bahis ma\u011fazalar\u0131nda perakende sat\u0131\u015f i\u00e7in sundu\u011fu temel teklifler mevcut perakende sistemine kolayca entegre edilebilir\" \/>\n<meta name=\"robots\" content=\"index, follow, max-snippet:-1, max-image-preview:large, max-video-preview:-1\" \/>\n<link rel=\"canonical\" href=\"https:\/\/sirplay.com\/tr\/spor-bahisleri-yazilimi-2\/perakende-cozumleri\/\" \/>\n<meta property=\"og:locale\" content=\"tr_TR\" \/>\n<meta property=\"og:type\" content=\"article\" \/>\n<meta property=\"og:title\" content=\"Perakende \u00e7\u00f6z\u00fcmleri\" \/>\n<meta property=\"og:description\" content=\"Perakende \u00e7\u00f6z\u00fcmleri\" \/>\n<meta property=\"og:url\" content=\"https:\/\/sirplay.com\/tr\/spor-bahisleri-yazilimi-2\/perakende-cozumleri\/\" \/>\n<meta property=\"og:site_name\" content=\"Sirplay\" \/>\n<meta property=\"article:modified_time\" content=\"2026-01-29T16:24:19+00:00\" \/>\n<meta property=\"og:image\" content=\"https:\/\/sirplay.com\/wp-content\/uploads\/2024\/09\/SSBTs.jpg\" \/>\n\t<meta property=\"og:image:width\" content=\"500\" \/>\n\t<meta property=\"og:image:height\" content=\"500\" \/>\n\t<meta property=\"og:image:type\" content=\"image\/jpeg\" \/>\n<meta name=\"twitter:card\" content=\"summary_large_image\" \/>\n<meta name=\"twitter:site\" content=\"@sirplay\" \/>\n<meta name=\"twitter:label1\" content=\"Tahmini okuma s\u00fcresi\" \/>\n\t<meta name=\"twitter:data1\" content=\"3 dakika\" \/>\n<script type=\"application\/ld+json\" class=\"yoast-schema-graph\">{\"@context\":\"https:\\\/\\\/schema.org\",\"@graph\":[{\"@type\":\"WebPage\",\"@id\":\"https:\\\/\\\/sirplay.com\\\/tr\\\/spor-bahisleri-yazilimi-2\\\/perakende-cozumleri\\\/\",\"url\":\"https:\\\/\\\/sirplay.com\\\/tr\\\/spor-bahisleri-yazilimi-2\\\/perakende-cozumleri\\\/\",\"name\":\"Perakende \u00e7\u00f6z\u00fcmleri - Self Servis Bahis Terminalleri SSBT'ler\",\"isPartOf\":{\"@id\":\"https:\\\/\\\/sirplay.com\\\/tr\\\/#website\"},\"primaryImageOfPage\":{\"@id\":\"https:\\\/\\\/sirplay.com\\\/tr\\\/spor-bahisleri-yazilimi-2\\\/perakende-cozumleri\\\/#primaryimage\"},\"image\":{\"@id\":\"https:\\\/\\\/sirplay.com\\\/tr\\\/spor-bahisleri-yazilimi-2\\\/perakende-cozumleri\\\/#primaryimage\"},\"thumbnailUrl\":\"https:\\\/\\\/sirplay.com\\\/wp-content\\\/uploads\\\/2024\\\/09\\\/SSBTs.jpg\",\"datePublished\":\"2024-09-26T18:22:35+00:00\",\"dateModified\":\"2026-01-29T16:24:19+00:00\",\"description\":\"Self Servis Bahis Terminalleri SSBT'ler - Sirplay'in bahis ma\u011fazalar\u0131nda perakende sat\u0131\u015f i\u00e7in sundu\u011fu temel teklifler mevcut perakende sistemine kolayca entegre edilebilir\",\"breadcrumb\":{\"@id\":\"https:\\\/\\\/sirplay.com\\\/tr\\\/spor-bahisleri-yazilimi-2\\\/perakende-cozumleri\\\/#breadcrumb\"},\"inLanguage\":\"tr\",\"potentialAction\":[{\"@type\":\"ReadAction\",\"target\":[\"https:\\\/\\\/sirplay.com\\\/tr\\\/spor-bahisleri-yazilimi-2\\\/perakende-cozumleri\\\/\"]}]},{\"@type\":\"ImageObject\",\"inLanguage\":\"tr\",\"@id\":\"https:\\\/\\\/sirplay.com\\\/tr\\\/spor-bahisleri-yazilimi-2\\\/perakende-cozumleri\\\/#primaryimage\",\"url\":\"https:\\\/\\\/sirplay.com\\\/wp-content\\\/uploads\\\/2024\\\/09\\\/SSBTs.jpg\",\"contentUrl\":\"https:\\\/\\\/sirplay.com\\\/wp-content\\\/uploads\\\/2024\\\/09\\\/SSBTs.jpg\",\"width\":500,\"height\":500,\"caption\":\"Self Servis Bahis Terminalleri SSBT'ler\"},{\"@type\":\"BreadcrumbList\",\"@id\":\"https:\\\/\\\/sirplay.com\\\/tr\\\/spor-bahisleri-yazilimi-2\\\/perakende-cozumleri\\\/#breadcrumb\",\"itemListElement\":[{\"@type\":\"ListItem\",\"position\":1,\"name\":\"Home\",\"item\":\"https:\\\/\\\/sirplay.com\\\/tr\\\/\"},{\"@type\":\"ListItem\",\"position\":2,\"name\":\"Spor bahisleri yaz\u0131l\u0131m\u0131\",\"item\":\"https:\\\/\\\/sirplay.com\\\/tr\\\/spor-bahisleri-yazilimi-2\\\/\"},{\"@type\":\"ListItem\",\"position\":3,\"name\":\"Perakende \u00e7\u00f6z\u00fcmleri\"}]},{\"@type\":\"WebSite\",\"@id\":\"https:\\\/\\\/sirplay.com\\\/tr\\\/#website\",\"url\":\"https:\\\/\\\/sirplay.com\\\/tr\\\/\",\"name\":\"Sportsbook software provider\",\"description\":\"Sports betting software online and Retail ssbts  - White label casino\",\"publisher\":{\"@id\":\"https:\\\/\\\/sirplay.com\\\/tr\\\/#organization\"},\"alternateName\":\"White label casino\",\"potentialAction\":[{\"@type\":\"SearchAction\",\"target\":{\"@type\":\"EntryPoint\",\"urlTemplate\":\"https:\\\/\\\/sirplay.com\\\/tr\\\/?s={search_term_string}\"},\"query-input\":{\"@type\":\"PropertyValueSpecification\",\"valueRequired\":true,\"valueName\":\"search_term_string\"}}],\"inLanguage\":\"tr\"},{\"@type\":\"Organization\",\"@id\":\"https:\\\/\\\/sirplay.com\\\/tr\\\/#organization\",\"name\":\"Sirplay\",\"alternateName\":\"Sirplay white label\",\"url\":\"https:\\\/\\\/sirplay.com\\\/tr\\\/\",\"logo\":{\"@type\":\"ImageObject\",\"inLanguage\":\"tr\",\"@id\":\"https:\\\/\\\/sirplay.com\\\/tr\\\/#\\\/schema\\\/logo\\\/image\\\/\",\"url\":\"https:\\\/\\\/sirplay.com\\\/wp-content\\\/uploads\\\/2021\\\/03\\\/cropped-sirplayICO.png\",\"contentUrl\":\"https:\\\/\\\/sirplay.com\\\/wp-content\\\/uploads\\\/2021\\\/03\\\/cropped-sirplayICO.png\",\"width\":512,\"height\":512,\"caption\":\"Sirplay\"},\"image\":{\"@id\":\"https:\\\/\\\/sirplay.com\\\/tr\\\/#\\\/schema\\\/logo\\\/image\\\/\"},\"sameAs\":[\"https:\\\/\\\/x.com\\\/sirplay\",\"https:\\\/\\\/www.linkedin.com\\\/company\\\/sirplay\",\"https:\\\/\\\/www.youtube.com\\\/user\\\/BookmakerSolutions\"]}]}<\/script>\n<!-- \/ Yoast SEO Premium plugin. -->","yoast_head_json":{"title":"Perakende \u00e7\u00f6z\u00fcmleri - Self Servis Bahis Terminalleri SSBT'ler","description":"Self Servis Bahis Terminalleri SSBT'ler - Sirplay'in bahis ma\u011fazalar\u0131nda perakende sat\u0131\u015f i\u00e7in sundu\u011fu temel teklifler mevcut perakende sistemine kolayca entegre edilebilir","robots":{"index":"index","follow":"follow","max-snippet":"max-snippet:-1","max-image-preview":"max-image-preview:large","max-video-preview":"max-video-preview:-1"},"canonical":"https:\/\/sirplay.com\/tr\/spor-bahisleri-yazilimi-2\/perakende-cozumleri\/","og_locale":"tr_TR","og_type":"article","og_title":"Perakende \u00e7\u00f6z\u00fcmleri","og_description":"Perakende \u00e7\u00f6z\u00fcmleri","og_url":"https:\/\/sirplay.com\/tr\/spor-bahisleri-yazilimi-2\/perakende-cozumleri\/","og_site_name":"Sirplay","article_modified_time":"2026-01-29T16:24:19+00:00","og_image":[{"width":500,"height":500,"url":"https:\/\/sirplay.com\/wp-content\/uploads\/2024\/09\/SSBTs.jpg","type":"image\/jpeg"}],"twitter_card":"summary_large_image","twitter_site":"@sirplay","twitter_misc":{"Tahmini okuma s\u00fcresi":"3 dakika"},"schema":{"@context":"https:\/\/schema.org","@graph":[{"@type":"WebPage","@id":"https:\/\/sirplay.com\/tr\/spor-bahisleri-yazilimi-2\/perakende-cozumleri\/","url":"https:\/\/sirplay.com\/tr\/spor-bahisleri-yazilimi-2\/perakende-cozumleri\/","name":"Perakende \u00e7\u00f6z\u00fcmleri - Self Servis Bahis Terminalleri SSBT'ler","isPartOf":{"@id":"https:\/\/sirplay.com\/tr\/#website"},"primaryImageOfPage":{"@id":"https:\/\/sirplay.com\/tr\/spor-bahisleri-yazilimi-2\/perakende-cozumleri\/#primaryimage"},"image":{"@id":"https:\/\/sirplay.com\/tr\/spor-bahisleri-yazilimi-2\/perakende-cozumleri\/#primaryimage"},"thumbnailUrl":"https:\/\/sirplay.com\/wp-content\/uploads\/2024\/09\/SSBTs.jpg","datePublished":"2024-09-26T18:22:35+00:00","dateModified":"2026-01-29T16:24:19+00:00","description":"Self Servis Bahis Terminalleri SSBT'ler - Sirplay'in bahis ma\u011fazalar\u0131nda perakende sat\u0131\u015f i\u00e7in sundu\u011fu temel teklifler mevcut perakende sistemine kolayca entegre edilebilir","breadcrumb":{"@id":"https:\/\/sirplay.com\/tr\/spor-bahisleri-yazilimi-2\/perakende-cozumleri\/#breadcrumb"},"inLanguage":"tr","potentialAction":[{"@type":"ReadAction","target":["https:\/\/sirplay.com\/tr\/spor-bahisleri-yazilimi-2\/perakende-cozumleri\/"]}]},{"@type":"ImageObject","inLanguage":"tr","@id":"https:\/\/sirplay.com\/tr\/spor-bahisleri-yazilimi-2\/perakende-cozumleri\/#primaryimage","url":"https:\/\/sirplay.com\/wp-content\/uploads\/2024\/09\/SSBTs.jpg","contentUrl":"https:\/\/sirplay.com\/wp-content\/uploads\/2024\/09\/SSBTs.jpg","width":500,"height":500,"caption":"Self Servis Bahis Terminalleri SSBT'ler"},{"@type":"BreadcrumbList","@id":"https:\/\/sirplay.com\/tr\/spor-bahisleri-yazilimi-2\/perakende-cozumleri\/#breadcrumb","itemListElement":[{"@type":"ListItem","position":1,"name":"Home","item":"https:\/\/sirplay.com\/tr\/"},{"@type":"ListItem","position":2,"name":"Spor bahisleri yaz\u0131l\u0131m\u0131","item":"https:\/\/sirplay.com\/tr\/spor-bahisleri-yazilimi-2\/"},{"@type":"ListItem","position":3,"name":"Perakende \u00e7\u00f6z\u00fcmleri"}]},{"@type":"WebSite","@id":"https:\/\/sirplay.com\/tr\/#website","url":"https:\/\/sirplay.com\/tr\/","name":"Sportsbook software provider","description":"Sports betting software online and Retail ssbts  - White label casino","publisher":{"@id":"https:\/\/sirplay.com\/tr\/#organization"},"alternateName":"White label casino","potentialAction":[{"@type":"SearchAction","target":{"@type":"EntryPoint","urlTemplate":"https:\/\/sirplay.com\/tr\/?s={search_term_string}"},"query-input":{"@type":"PropertyValueSpecification","valueRequired":true,"valueName":"search_term_string"}}],"inLanguage":"tr"},{"@type":"Organization","@id":"https:\/\/sirplay.com\/tr\/#organization","name":"Sirplay","alternateName":"Sirplay white label","url":"https:\/\/sirplay.com\/tr\/","logo":{"@type":"ImageObject","inLanguage":"tr","@id":"https:\/\/sirplay.com\/tr\/#\/schema\/logo\/image\/","url":"https:\/\/sirplay.com\/wp-content\/uploads\/2021\/03\/cropped-sirplayICO.png","contentUrl":"https:\/\/sirplay.com\/wp-content\/uploads\/2021\/03\/cropped-sirplayICO.png","width":512,"height":512,"caption":"Sirplay"},"image":{"@id":"https:\/\/sirplay.com\/tr\/#\/schema\/logo\/image\/"},"sameAs":["https:\/\/x.com\/sirplay","https:\/\/www.linkedin.com\/company\/sirplay","https:\/\/www.youtube.com\/user\/BookmakerSolutions"]}]}},"_links":{"self":[{"href":"https:\/\/sirplay.com\/tr\/wp-json\/wp\/v2\/pages\/22100","targetHints":{"allow":["GET"]}}],"collection":[{"href":"https:\/\/sirplay.com\/tr\/wp-json\/wp\/v2\/pages"}],"about":[{"href":"https:\/\/sirplay.com\/tr\/wp-json\/wp\/v2\/types\/page"}],"author":[{"embeddable":true,"href":"https:\/\/sirplay.com\/tr\/wp-json\/wp\/v2\/users\/3"}],"replies":[{"embeddable":true,"href":"https:\/\/sirplay.com\/tr\/wp-json\/wp\/v2\/comments?post=22100"}],"version-history":[{"count":4,"href":"https:\/\/sirplay.com\/tr\/wp-json\/wp\/v2\/pages\/22100\/revisions"}],"predecessor-version":[{"id":22886,"href":"https:\/\/sirplay.com\/tr\/wp-json\/wp\/v2\/pages\/22100\/revisions\/22886"}],"up":[{"embeddable":true,"href":"https:\/\/sirplay.com\/tr\/wp-json\/wp\/v2\/pages\/22073"}],"wp:featuredmedia":[{"embeddable":true,"href":"https:\/\/sirplay.com\/tr\/wp-json\/wp\/v2\/media\/21966"}],"wp:attachment":[{"href":"https:\/\/sirplay.com\/tr\/wp-json\/wp\/v2\/media?parent=22100"}],"curies":[{"name":"wp","href":"https:\/\/api.w.org\/{rel}","templated":true}]}}