{"id":22760,"date":"2026-01-29T16:06:33","date_gmt":"2026-01-29T16:06:33","guid":{"rendered":"https:\/\/sirplay.com\/spor-bahisleri-yazilimi-2\/espor-bahis-yazilimi\/"},"modified":"2026-01-29T16:06:39","modified_gmt":"2026-01-29T16:06:39","slug":"espor-bahis-yazilimi","status":"publish","type":"page","link":"https:\/\/sirplay.com\/tr\/spor-bahisleri-yazilimi-2\/espor-bahis-yazilimi\/","title":{"rendered":"eSpor Bahis Yaz\u0131l\u0131m\u0131"},"content":{"rendered":"<div class=\"wpb-content-wrapper\"><p>[vc_row][vc_column width=&#8221;1\/2&#8243; offset=&#8221;vc_col-xs-12&#8243;][vc_custom_heading text=&#8221;Espor Bahis Yaz\u0131l\u0131m\u0131: Yeni Bir Bahis D\u00fcnyas\u0131na A\u00e7\u0131lan Kap\u0131n\u0131z&#8221; font_container=&#8221;tag:h2|font_size:40px|text_align:left|line_height:46px&#8221; use_theme_fonts=&#8221;yes&#8221; css=&#8221;.vc_custom_1727196167003{margin-top: 15px !important;margin-bottom: 25px !important;}&#8221; el_class=&#8221;looking-for-heading&#8221;][vc_column_text css=&#8221;.vc_custom_1727197309437{margin-bottom: 40px !important;}&#8221;]Sirplay&#8217;in optimum performans ve \u00f6l\u00e7eklenebilirlik i\u00e7in tasarlanm\u0131\u015f geli\u015fmi\u015f espor bahis yaz\u0131l\u0131m\u0131n\u0131 ke\u015ffedin. B\u00fcy\u00fcyen bir e-spor bahis\u00e7ileri demografisine kat\u0131lmak ve operasyonel verimlili\u011fi art\u0131rmak i\u00e7in en son \u00f6zelliklerden yararlan\u0131n. <\/p>\n<p>&nbsp;<\/p>\n<p>Kapsaml\u0131 bir genel bak\u0131\u015f i\u00e7in l\u00fctfen:[\/vc_column_text]<style type=\"text\/css\">\n                .sweetthemes_button .btn_custom_69fcc85d78e17 {\n                    background: rgba(255,255,255,0.99) !important;\n                }\n                .sweetthemes_button .btn_custom_69fcc85d78e17:hover {                   \n                    color: rgba(255,255,255,0.99) !important;                     \n                }\n                .sweetthemes_button .btn_custom_69fcc85d78e17:before {\n                    background: #a0c528 !important;\n                }\n                .sweetthemes_button .btn_custom_69fcc85d78e17 {\n                    border-color: #e2e2e2 !important;\n                }\n                .sweetthemes_button .btn_custom_69fcc85d78e17:hover {                   \n                    border-color:  !important;                     \n                }\n\n              <\/style><div class=\"text-center sweetthemes_button \"><a  href=\"#contact\" class=\"button-winona btn btn-sm btn_custom_69fcc85d78e17\" style=\"color:rgba(10,10,10,0.99)\">\n        <i class=\"fa fa-phone\"><\/i>\n    REQUEST DEMO<\/a><\/div>[vc_empty_space height=&#8221;50px&#8221;][\/vc_column][vc_column width=&#8221;1\/2&#8243;][vc_empty_space height=&#8221;45px&#8221;][vc_single_image image=&#8221;21991&#8243; img_size=&#8221;full&#8221; add_caption=&#8221;yes&#8221; alignment=&#8221;center&#8221; css=&#8221;&#8221;][vc_empty_space height=&#8221;45px&#8221;][\/vc_column][\/vc_row][vc_row css=&#8221;.vc_custom_1664190139448{margin-top: 60px !important;margin-bottom: 120px !important;}&#8221;][vc_column width=&#8221;1\/2&#8243;][vc_single_image image=&#8221;22016&#8243; img_size=&#8221;full&#8221; alignment=&#8221;center&#8221; css=&#8221;&#8221;][vc_empty_space height=&#8221;52px&#8221;][\/vc_column][vc_column width=&#8221;1\/2&#8243;][vc_custom_heading text=&#8221;Geli\u015fen Espor Bahis Ekosistemi&#8221; font_container=&#8221;tag:h2|font_size:32px|text_align:left|color:%23a0c528|line_height:36px&#8221; use_theme_fonts=&#8221;yes&#8221; css_animation=&#8221;none&#8221; css=&#8221;.vc_custom_1727196691159{margin-top: 3px !important;margin-bottom: 35px !important;}&#8221;][vc_column_text css_animation=&#8221;none&#8221; css=&#8221;.vc_custom_1727196706115{margin-bottom: 45px !important;}&#8221;]360\u00b0 espor bahisleri yakla\u015f\u0131m\u0131m\u0131zla daha gen\u00e7 bir kitlenin ilgisini \u00e7ekin ve s\u00fcrekli bahis etkinli\u011fi sa\u011flay\u0131n. Geli\u015fmi\u015f \u00f6zelliklerimiz g\u00fcn\u00fcn her saati etkile\u015fim sa\u011flayarak platformunuzun dinamik e-spor ortam\u0131nda geli\u015fmesine olanak tan\u0131r.[\/vc_column_text][\/vc_column][\/vc_row][vc_row][vc_column offset=&#8221;vc_col-xs-12&#8243;][vc_empty_space height=&#8221;45px&#8221;][vc_custom_heading text=&#8221;Etkile\u015fimi Art\u0131rmak i\u00e7in Kapsaml\u0131 Canl\u0131 Espor Pazarlar\u0131&#8221; font_container=&#8221;tag:h2|font_size:32px|text_align:center|color:%23a0c528|line_height:42px&#8221; use_theme_fonts=&#8221;yes&#8221; css_animation=&#8221;none&#8221; css=&#8221;.vc_custom_1727196887365{margin-top: 3px !important;margin-bottom: 35px !important;}&#8221;][vc_column_text css=&#8221;&#8221;]Geni\u015f canl\u0131 pazar yelpazemizle hem yeni hem de mevcut espor bahis\u00e7ilerinin ilgisini \u00e7ekin. Platformumuz en y\u00fcksek say\u0131da ger\u00e7ek zamanl\u0131 bahis se\u00e7ene\u011fi sunarak kullan\u0131c\u0131lar\u0131n\u0131z\u0131n her zaman bahis oynamak i\u00e7in bir\u00e7ok f\u0131rsata sahip olmas\u0131n\u0131 sa\u011flar.[\/vc_column_text][vc_empty_space height=&#8221;45px&#8221;][vc_single_image image=&#8221;22027&#8243; img_size=&#8221;full&#8221; alignment=&#8221;center&#8221; css=&#8221;&#8221;][vc_empty_space height=&#8221;42px&#8221;][\/vc_column][\/vc_row][vc_row css=&#8221;.vc_custom_1664190139448{margin-top: 60px !important;margin-bottom: 120px !important;}&#8221;][vc_column width=&#8221;2\/3&#8243;][vc_custom_heading text=&#8221;Canl\u0131 Espor Etkinlikleri: Aksiyonu Ger\u00e7ek Zamanl\u0131 Olarak Deneyimleyin&#8221; font_container=&#8221;tag:h2|font_size:34px|text_align:center|color:%23a0c528|line_height:36px&#8221; use_theme_fonts=&#8221;yes&#8221; css_animation=&#8221;none&#8221; css=&#8221;.vc_custom_1727197112829{margin-top: 3px !important;margin-bottom: 35px !important;}&#8221;][vc_single_image image=&#8221;22038&#8243; img_size=&#8221;full&#8221; add_caption=&#8221;yes&#8221; css=&#8221;&#8221;][vc_column_text css=&#8221;&#8221;]Ger\u00e7ek zamanl\u0131 olarak yay\u0131nlanan canl\u0131 e-spor etkinlikleriyle g\u00fcncel kal\u0131n. League of Legends, Dota 2 ve CS:GO gibi pop\u00fcler oyunlar\u0131 kapsayan \u00e7ok \u00e7e\u015fitli m\u00fcsabakalara kat\u0131l\u0131n. Canl\u0131 espor kar\u015f\u0131la\u015fmalar\u0131na dair kapsaml\u0131 yay\u0131n\u0131m\u0131zla benzersiz heyecan ve bahis f\u0131rsatlar\u0131n\u0131 deneyimleyin.[\/vc_column_text][vc_empty_space height=&#8221;52px&#8221;][\/vc_column][vc_column width=&#8221;1\/3&#8243;][vc_custom_heading text=&#8221;Espor kapsam\u0131&#8221; font_container=&#8221;tag:h2|font_size:30px|text_align:left|line_height:36px&#8221; use_theme_fonts=&#8221;yes&#8221; css_animation=&#8221;none&#8221; css=&#8221;.vc_custom_1727197206816{margin-top: 3px !important;margin-bottom: 35px !important;}&#8221;][vc_column_text css=&#8221;&#8221;]Counter-Strike 2<\/p>\n<p>Dota 2<\/p>\n<p>League of Legends<\/p>\n<p>Valorant<\/p>\n<p>Counter-Strike 2 D\u00fcellolar\u0131<\/p>\n<p>G\u00f6kku\u015fa\u011f\u0131 Alt\u0131<\/p>\n<p>CoD<\/p>\n<p>Zaferin Krallar\u0131<\/p>\n<p>Warcraft<\/p>\n<p>Roket Ligi<\/p>\n<p>Mobil Efsaneler: Bang Bang<\/p>\n<p>Starcraft II<\/p>\n<p>Overwatch 2<\/p>\n<p>Hearthstone<\/p>\n<p>Cesaret Arenas\u0131<\/p>\n<p>\u0130mparatorluklar \u00c7a\u011f\u0131<\/p>\n<p>Vah\u015fi Yar\u0131k<\/p>\n<p>HALO<\/p>\n<p>eFutbol<\/p>\n<p>eBasketbol<\/p>\n<p>eCricket[\/vc_column_text][\/vc_column][\/vc_row][vc_row full_width=&#8221;stretch_row&#8221; css=&#8221;.vc_custom_1656008710904{margin-top: 100px !important;padding-bottom: 80px !important;}&#8221;][vc_column width=&#8221;1\/2&#8243; el_id=&#8221;contact&#8221;][vc_column_text css_animation=&#8221;none&#8221; css=&#8221;.vc_custom_1656024061759{margin-top: 0px !important;margin-bottom: 40px !important;}&#8221;]<\/p>\n<h3><strong>Bize Ula\u015f\u0131n<\/strong><\/h3>\n<p style=\"max-width: 650px;\">Hizmetlerimizin Bahis i\u015finize nas\u0131l fayda sa\u011flayabilece\u011fi hakk\u0131nda ayr\u0131nt\u0131l\u0131 bir tart\u0131\u015fma i\u00e7in bir Sirplay uzman\u0131yla ba\u011flant\u0131 kurun ve kendi stratejinizi olu\u015fturun.<\/p>\n<p>[\/vc_column_text][vc_column_text]<\/p>\n<p style=\"text-align: center;\"><img loading=\"lazy\" class=\"size-full wp-image-16975 aligncenter\" src=\"https:\/\/sirplay.com\/gaming-experts\/wp-content\/uploads\/2022\/06\/Skype_logo.png\" alt=\"Skype\" width=\"140\" height=\"63\"><\/p>\n<p style=\"text-align: center;\">  <a href=\"skype:manager.sirplay?chat\">\u0130ngilizce<\/a> <a href=\"skype:anna.sirplay?chat\">\u0130spanyolca<\/a><\/p>\n<p>&nbsp;<\/p>\n<p><img loading=\"lazy\" class=\"size-full wp-image-16974 aligncenter\" src=\"https:\/\/sirplay.com\/gaming-experts\/wp-content\/uploads\/2022\/06\/Whatsapp.jpg\" alt=\"Whatsapp\" width=\"60\" height=\"60\"><\/p>\n<p style=\"text-align: center;\"><a href=\"https:\/\/api.whatsapp.com\/send?phone=3513960904&amp;text=More%20info\" target=\"_blank\" rel=\"noopener\">+39 3513960904<\/a><\/p>\n<p>[\/vc_column_text][\/vc_column][vc_column width=&#8221;1\/2&#8243;]\n<div class=\"wpcf7 no-js\" id=\"wpcf7-f19224-o1\" lang=\"tr-TR\" dir=\"ltr\" data-wpcf7-id=\"19224\">\n<div class=\"screen-reader-response\"><p role=\"status\" aria-live=\"polite\" aria-atomic=\"true\"><\/p> <ul><\/ul><\/div>\n<form action=\"\/tr\/wp-json\/wp\/v2\/pages\/22760#wpcf7-f19224-o1\" method=\"post\" class=\"wpcf7-form init\" aria-label=\"\u0130leti\u015fim Formu\" novalidate=\"novalidate\" data-status=\"init\">\n<fieldset class=\"hidden-fields-container\"><input type=\"hidden\" name=\"_wpcf7\" value=\"19224\" \/><input type=\"hidden\" name=\"_wpcf7_version\" value=\"6.1.5\" \/><input type=\"hidden\" name=\"_wpcf7_locale\" value=\"tr_TR\" \/><input type=\"hidden\" name=\"_wpcf7_unit_tag\" value=\"wpcf7-f19224-o1\" \/><input type=\"hidden\" name=\"_wpcf7_container_post\" value=\"0\" \/><input type=\"hidden\" name=\"_wpcf7_posted_data_hash\" value=\"\" \/>\n<\/fieldset>\n<p><label> Ad Soyad<br \/>\n<span class=\"wpcf7-form-control-wrap\" data-name=\"your-name\"><input size=\"40\" maxlength=\"400\" class=\"wpcf7-form-control wpcf7-text wpcf7-validates-as-required\" aria-required=\"true\" aria-invalid=\"false\" value=\"\" type=\"text\" name=\"your-name\" \/><\/span> <\/label>\n<\/p>\n<p><label> E-posta adresiniz<br \/>\n<span class=\"wpcf7-form-control-wrap\" data-name=\"your-email\"><input size=\"40\" maxlength=\"400\" class=\"wpcf7-form-control wpcf7-email wpcf7-validates-as-required wpcf7-text wpcf7-validates-as-email\" aria-required=\"true\" aria-invalid=\"false\" value=\"\" type=\"email\" name=\"your-email\" \/><\/span> <\/label>\n<\/p>\n<p><label> \u00fclke<br \/>\n<span class=\"wpcf7-form-control-wrap\" data-name=\"countrytext-54\"><input size=\"40\" class=\"wpcf7-form-control wpcf7-countrytext wpcf7-text wpcf7-validates-as-countrytext\" aria-invalid=\"false\" value=\"\" type=\"text\" name=\"countrytext-54\" \/><\/span> <\/label>\n<\/p>\n<p><label> Telefon numaras\u0131<br \/>\n<span class=\"wpcf7-form-control-wrap\" data-name=\"phonetext-462\"><input size=\"40\" class=\"wpcf7-form-control wpcf7-phonetext wpcf7-text wpcf7-validates-as-phonetext\" aria-invalid=\"false\" value=\"\" type=\"text\" name=\"phonetext-462\" \/><input type=\"hidden\" name=\"phonetext-462-country-code\" class=\"wpcf7-phonetext-country-code\" \/><\/span> <\/label>\n<\/p>\n<p><label> \u0130leti<br \/>\n<span class=\"wpcf7-form-control-wrap\" data-name=\"your-message\"><textarea cols=\"40\" rows=\"10\" maxlength=\"2000\" class=\"wpcf7-form-control wpcf7-textarea\" aria-invalid=\"false\" name=\"your-message\"><\/textarea><\/span> <\/label>\n<\/p>\n<p><input class=\"wpcf7-form-control wpcf7-submit has-spinner\" type=\"submit\" value=\"Sunmak\" \/>\n<\/p><div class=\"wpcf7-response-output\" aria-hidden=\"true\"><\/div>\n<\/form>\n<\/div>\n[vc_row_inner][vc_column_inner][vc_column_text]Ki\u015fisel bilgilerinizi kimseyle payla\u015fm\u0131yoruz. Daha fazla bilgi i\u00e7in &#8220;gizlilik politikam\u0131za&#8221; g\u00f6z at\u0131n[\/vc_column_text][\/vc_column_inner][\/vc_row_inner][\/vc_column][\/vc_row][vc_row][vc_column][vc_column_text css=&#8221;&#8221;][\/vc_column_text][\/vc_column][\/vc_row]<\/p>\n<\/div>","protected":false},"excerpt":{"rendered":"<p>[vc_row][vc_column width=&#8221;1\/2&#8243; offset=&#8221;vc_col-xs-12&#8243;][vc_custom_heading text=&#8221;Espor Bahis Yaz\u0131l\u0131m\u0131: Yeni Bir Bahis D\u00fcnyas\u0131na A\u00e7\u0131lan Kap\u0131n\u0131z&#8221; font_container=&#8221;tag:h2|font_size:40px|text_align:left|line_height:46px&#8221; use_theme_fonts=&#8221;yes&#8221; css=&#8221;.vc_custom_1727196167003{margin-top: 15px !important;margin-bottom: 25px !important;}&#8221; el_class=&#8221;looking-for-heading&#8221;][vc_column_text css=&#8221;.vc_custom_1727197309437{margin-bottom: 40px !important;}&#8221;]Sirplay&#8217;in optimum performans ve \u00f6l\u00e7eklenebilirlik i\u00e7in tasarlanm\u0131\u015f geli\u015fmi\u015f espor bahis yaz\u0131l\u0131m\u0131n\u0131 ke\u015ffedin. B\u00fcy\u00fcyen bir e-spor bahis\u00e7ileri demografisine kat\u0131lmak ve operasyonel verimlili\u011fi art\u0131rmak i\u00e7in en son \u00f6zelliklerden yararlan\u0131n. &nbsp; Kapsaml\u0131 bir genel bak\u0131\u015f i\u00e7in [&hellip;]<\/p>\n","protected":false},"author":7,"featured_media":0,"parent":22073,"menu_order":0,"comment_status":"closed","ping_status":"closed","template":"","meta":{"footnotes":""},"class_list":["post-22760","page","type-page","status-publish","hentry"],"yoast_head":"<!-- This site is optimized with the Yoast SEO Premium plugin v27.3 (Yoast SEO v27.3) - https:\/\/yoast.com\/product\/yoast-seo-premium-wordpress\/ -->\n<title>eSpor Bahis Yaz\u0131l\u0131m\u0131 - Sirplay<\/title>\n<meta name=\"description\" content=\"eSpor Bahis Yaz\u0131l\u0131m\u0131\" \/>\n<meta name=\"robots\" content=\"index, follow, max-snippet:-1, max-image-preview:large, max-video-preview:-1\" \/>\n<link rel=\"canonical\" href=\"https:\/\/sirplay.com\/tr\/spor-bahisleri-yazilimi-2\/espor-bahis-yazilimi\/\" \/>\n<meta property=\"og:locale\" content=\"tr_TR\" \/>\n<meta property=\"og:type\" content=\"article\" \/>\n<meta property=\"og:title\" content=\"eSpor Bahis Yaz\u0131l\u0131m\u0131\" \/>\n<meta property=\"og:description\" content=\"eSpor Bahis Yaz\u0131l\u0131m\u0131\" \/>\n<meta property=\"og:url\" content=\"https:\/\/sirplay.com\/tr\/spor-bahisleri-yazilimi-2\/espor-bahis-yazilimi\/\" \/>\n<meta property=\"og:site_name\" content=\"Sirplay\" \/>\n<meta property=\"article:modified_time\" content=\"2026-01-29T16:06:39+00:00\" \/>\n<meta property=\"og:image\" content=\"https:\/\/sirplay.com\/gaming-experts\/wp-content\/uploads\/2022\/06\/Skype_logo.png\" \/>\n<meta name=\"twitter:card\" content=\"summary_large_image\" \/>\n<meta name=\"twitter:site\" content=\"@sirplay\" \/>\n<meta name=\"twitter:label1\" content=\"Tahmini okuma s\u00fcresi\" \/>\n\t<meta name=\"twitter:data1\" content=\"4 dakika\" \/>\n<script type=\"application\/ld+json\" class=\"yoast-schema-graph\">{\"@context\":\"https:\\\/\\\/schema.org\",\"@graph\":[{\"@type\":\"WebPage\",\"@id\":\"https:\\\/\\\/sirplay.com\\\/tr\\\/spor-bahisleri-yazilimi-2\\\/espor-bahis-yazilimi\\\/\",\"url\":\"https:\\\/\\\/sirplay.com\\\/tr\\\/spor-bahisleri-yazilimi-2\\\/espor-bahis-yazilimi\\\/\",\"name\":\"eSpor Bahis Yaz\u0131l\u0131m\u0131 - Sirplay\",\"isPartOf\":{\"@id\":\"https:\\\/\\\/sirplay.com\\\/tr\\\/#website\"},\"primaryImageOfPage\":{\"@id\":\"https:\\\/\\\/sirplay.com\\\/tr\\\/spor-bahisleri-yazilimi-2\\\/espor-bahis-yazilimi\\\/#primaryimage\"},\"image\":{\"@id\":\"https:\\\/\\\/sirplay.com\\\/tr\\\/spor-bahisleri-yazilimi-2\\\/espor-bahis-yazilimi\\\/#primaryimage\"},\"thumbnailUrl\":\"https:\\\/\\\/sirplay.com\\\/gaming-experts\\\/wp-content\\\/uploads\\\/2022\\\/06\\\/Skype_logo.png\",\"datePublished\":\"2026-01-29T16:06:33+00:00\",\"dateModified\":\"2026-01-29T16:06:39+00:00\",\"description\":\"eSpor Bahis Yaz\u0131l\u0131m\u0131\",\"breadcrumb\":{\"@id\":\"https:\\\/\\\/sirplay.com\\\/tr\\\/spor-bahisleri-yazilimi-2\\\/espor-bahis-yazilimi\\\/#breadcrumb\"},\"inLanguage\":\"tr\",\"potentialAction\":[{\"@type\":\"ReadAction\",\"target\":[\"https:\\\/\\\/sirplay.com\\\/tr\\\/spor-bahisleri-yazilimi-2\\\/espor-bahis-yazilimi\\\/\"]}]},{\"@type\":\"ImageObject\",\"inLanguage\":\"tr\",\"@id\":\"https:\\\/\\\/sirplay.com\\\/tr\\\/spor-bahisleri-yazilimi-2\\\/espor-bahis-yazilimi\\\/#primaryimage\",\"url\":\"https:\\\/\\\/sirplay.com\\\/gaming-experts\\\/wp-content\\\/uploads\\\/2022\\\/06\\\/Skype_logo.png\",\"contentUrl\":\"https:\\\/\\\/sirplay.com\\\/gaming-experts\\\/wp-content\\\/uploads\\\/2022\\\/06\\\/Skype_logo.png\"},{\"@type\":\"BreadcrumbList\",\"@id\":\"https:\\\/\\\/sirplay.com\\\/tr\\\/spor-bahisleri-yazilimi-2\\\/espor-bahis-yazilimi\\\/#breadcrumb\",\"itemListElement\":[{\"@type\":\"ListItem\",\"position\":1,\"name\":\"Home\",\"item\":\"https:\\\/\\\/sirplay.com\\\/tr\\\/\"},{\"@type\":\"ListItem\",\"position\":2,\"name\":\"Spor bahisleri yaz\u0131l\u0131m\u0131\",\"item\":\"https:\\\/\\\/sirplay.com\\\/tr\\\/spor-bahisleri-yazilimi-2\\\/\"},{\"@type\":\"ListItem\",\"position\":3,\"name\":\"eSpor Bahis Yaz\u0131l\u0131m\u0131\"}]},{\"@type\":\"WebSite\",\"@id\":\"https:\\\/\\\/sirplay.com\\\/tr\\\/#website\",\"url\":\"https:\\\/\\\/sirplay.com\\\/tr\\\/\",\"name\":\"Sportsbook software provider\",\"description\":\"Sports betting software online and Retail ssbts  - White label casino\",\"publisher\":{\"@id\":\"https:\\\/\\\/sirplay.com\\\/tr\\\/#organization\"},\"alternateName\":\"White label casino\",\"potentialAction\":[{\"@type\":\"SearchAction\",\"target\":{\"@type\":\"EntryPoint\",\"urlTemplate\":\"https:\\\/\\\/sirplay.com\\\/tr\\\/?s={search_term_string}\"},\"query-input\":{\"@type\":\"PropertyValueSpecification\",\"valueRequired\":true,\"valueName\":\"search_term_string\"}}],\"inLanguage\":\"tr\"},{\"@type\":\"Organization\",\"@id\":\"https:\\\/\\\/sirplay.com\\\/tr\\\/#organization\",\"name\":\"Sirplay\",\"alternateName\":\"Sirplay white label\",\"url\":\"https:\\\/\\\/sirplay.com\\\/tr\\\/\",\"logo\":{\"@type\":\"ImageObject\",\"inLanguage\":\"tr\",\"@id\":\"https:\\\/\\\/sirplay.com\\\/tr\\\/#\\\/schema\\\/logo\\\/image\\\/\",\"url\":\"https:\\\/\\\/sirplay.com\\\/wp-content\\\/uploads\\\/2021\\\/03\\\/cropped-sirplayICO.png\",\"contentUrl\":\"https:\\\/\\\/sirplay.com\\\/wp-content\\\/uploads\\\/2021\\\/03\\\/cropped-sirplayICO.png\",\"width\":512,\"height\":512,\"caption\":\"Sirplay\"},\"image\":{\"@id\":\"https:\\\/\\\/sirplay.com\\\/tr\\\/#\\\/schema\\\/logo\\\/image\\\/\"},\"sameAs\":[\"https:\\\/\\\/x.com\\\/sirplay\",\"https:\\\/\\\/www.linkedin.com\\\/company\\\/sirplay\",\"https:\\\/\\\/www.youtube.com\\\/user\\\/BookmakerSolutions\"]}]}<\/script>\n<!-- \/ Yoast SEO Premium plugin. -->","yoast_head_json":{"title":"eSpor Bahis Yaz\u0131l\u0131m\u0131 - Sirplay","description":"eSpor Bahis Yaz\u0131l\u0131m\u0131","robots":{"index":"index","follow":"follow","max-snippet":"max-snippet:-1","max-image-preview":"max-image-preview:large","max-video-preview":"max-video-preview:-1"},"canonical":"https:\/\/sirplay.com\/tr\/spor-bahisleri-yazilimi-2\/espor-bahis-yazilimi\/","og_locale":"tr_TR","og_type":"article","og_title":"eSpor Bahis Yaz\u0131l\u0131m\u0131","og_description":"eSpor Bahis Yaz\u0131l\u0131m\u0131","og_url":"https:\/\/sirplay.com\/tr\/spor-bahisleri-yazilimi-2\/espor-bahis-yazilimi\/","og_site_name":"Sirplay","article_modified_time":"2026-01-29T16:06:39+00:00","og_image":[{"url":"https:\/\/sirplay.com\/gaming-experts\/wp-content\/uploads\/2022\/06\/Skype_logo.png","type":"","width":"","height":""}],"twitter_card":"summary_large_image","twitter_site":"@sirplay","twitter_misc":{"Tahmini okuma s\u00fcresi":"4 dakika"},"schema":{"@context":"https:\/\/schema.org","@graph":[{"@type":"WebPage","@id":"https:\/\/sirplay.com\/tr\/spor-bahisleri-yazilimi-2\/espor-bahis-yazilimi\/","url":"https:\/\/sirplay.com\/tr\/spor-bahisleri-yazilimi-2\/espor-bahis-yazilimi\/","name":"eSpor Bahis Yaz\u0131l\u0131m\u0131 - Sirplay","isPartOf":{"@id":"https:\/\/sirplay.com\/tr\/#website"},"primaryImageOfPage":{"@id":"https:\/\/sirplay.com\/tr\/spor-bahisleri-yazilimi-2\/espor-bahis-yazilimi\/#primaryimage"},"image":{"@id":"https:\/\/sirplay.com\/tr\/spor-bahisleri-yazilimi-2\/espor-bahis-yazilimi\/#primaryimage"},"thumbnailUrl":"https:\/\/sirplay.com\/gaming-experts\/wp-content\/uploads\/2022\/06\/Skype_logo.png","datePublished":"2026-01-29T16:06:33+00:00","dateModified":"2026-01-29T16:06:39+00:00","description":"eSpor Bahis Yaz\u0131l\u0131m\u0131","breadcrumb":{"@id":"https:\/\/sirplay.com\/tr\/spor-bahisleri-yazilimi-2\/espor-bahis-yazilimi\/#breadcrumb"},"inLanguage":"tr","potentialAction":[{"@type":"ReadAction","target":["https:\/\/sirplay.com\/tr\/spor-bahisleri-yazilimi-2\/espor-bahis-yazilimi\/"]}]},{"@type":"ImageObject","inLanguage":"tr","@id":"https:\/\/sirplay.com\/tr\/spor-bahisleri-yazilimi-2\/espor-bahis-yazilimi\/#primaryimage","url":"https:\/\/sirplay.com\/gaming-experts\/wp-content\/uploads\/2022\/06\/Skype_logo.png","contentUrl":"https:\/\/sirplay.com\/gaming-experts\/wp-content\/uploads\/2022\/06\/Skype_logo.png"},{"@type":"BreadcrumbList","@id":"https:\/\/sirplay.com\/tr\/spor-bahisleri-yazilimi-2\/espor-bahis-yazilimi\/#breadcrumb","itemListElement":[{"@type":"ListItem","position":1,"name":"Home","item":"https:\/\/sirplay.com\/tr\/"},{"@type":"ListItem","position":2,"name":"Spor bahisleri yaz\u0131l\u0131m\u0131","item":"https:\/\/sirplay.com\/tr\/spor-bahisleri-yazilimi-2\/"},{"@type":"ListItem","position":3,"name":"eSpor Bahis Yaz\u0131l\u0131m\u0131"}]},{"@type":"WebSite","@id":"https:\/\/sirplay.com\/tr\/#website","url":"https:\/\/sirplay.com\/tr\/","name":"Sportsbook software provider","description":"Sports betting software online and Retail ssbts  - White label casino","publisher":{"@id":"https:\/\/sirplay.com\/tr\/#organization"},"alternateName":"White label casino","potentialAction":[{"@type":"SearchAction","target":{"@type":"EntryPoint","urlTemplate":"https:\/\/sirplay.com\/tr\/?s={search_term_string}"},"query-input":{"@type":"PropertyValueSpecification","valueRequired":true,"valueName":"search_term_string"}}],"inLanguage":"tr"},{"@type":"Organization","@id":"https:\/\/sirplay.com\/tr\/#organization","name":"Sirplay","alternateName":"Sirplay white label","url":"https:\/\/sirplay.com\/tr\/","logo":{"@type":"ImageObject","inLanguage":"tr","@id":"https:\/\/sirplay.com\/tr\/#\/schema\/logo\/image\/","url":"https:\/\/sirplay.com\/wp-content\/uploads\/2021\/03\/cropped-sirplayICO.png","contentUrl":"https:\/\/sirplay.com\/wp-content\/uploads\/2021\/03\/cropped-sirplayICO.png","width":512,"height":512,"caption":"Sirplay"},"image":{"@id":"https:\/\/sirplay.com\/tr\/#\/schema\/logo\/image\/"},"sameAs":["https:\/\/x.com\/sirplay","https:\/\/www.linkedin.com\/company\/sirplay","https:\/\/www.youtube.com\/user\/BookmakerSolutions"]}]}},"_links":{"self":[{"href":"https:\/\/sirplay.com\/tr\/wp-json\/wp\/v2\/pages\/22760","targetHints":{"allow":["GET"]}}],"collection":[{"href":"https:\/\/sirplay.com\/tr\/wp-json\/wp\/v2\/pages"}],"about":[{"href":"https:\/\/sirplay.com\/tr\/wp-json\/wp\/v2\/types\/page"}],"author":[{"embeddable":true,"href":"https:\/\/sirplay.com\/tr\/wp-json\/wp\/v2\/users\/7"}],"replies":[{"embeddable":true,"href":"https:\/\/sirplay.com\/tr\/wp-json\/wp\/v2\/comments?post=22760"}],"version-history":[{"count":7,"href":"https:\/\/sirplay.com\/tr\/wp-json\/wp\/v2\/pages\/22760\/revisions"}],"predecessor-version":[{"id":22784,"href":"https:\/\/sirplay.com\/tr\/wp-json\/wp\/v2\/pages\/22760\/revisions\/22784"}],"up":[{"embeddable":true,"href":"https:\/\/sirplay.com\/tr\/wp-json\/wp\/v2\/pages\/22073"}],"wp:attachment":[{"href":"https:\/\/sirplay.com\/tr\/wp-json\/wp\/v2\/media?parent=22760"}],"curies":[{"name":"wp","href":"https:\/\/api.w.org\/{rel}","templated":true}]}}